{"id":10387,"date":"2025-12-16T10:23:03","date_gmt":"2025-12-16T10:23:03","guid":{"rendered":"https:\/\/preprod.sts-education.com\/om-sts\/karriere\/"},"modified":"2026-04-15T09:38:13","modified_gmt":"2026-04-15T09:38:13","slug":"karriere","status":"publish","type":"page","link":"https:\/\/www.sts-education.com\/dk\/om-sts\/karriere\/","title":{"rendered":"Karriere"},"content":{"rendered":"\n<section class=\"wp-block-sts-hero sts-block-hero is-variant-full-background has-text-light has-background-media\" style=\"--sts-hero-padding-mobile:0px;--sts-hero-padding-desktop:0px;--sts-hero-text-color:var(--wp--preset--color--base-10, #fff);\" data-variant=\"full-background\"><div class=\"sts-block-hero__background\"><picture class=\"sts-responsive-image has-fit-cover is-skeleton\"><img src=\"https:\/\/cdn.sts-education.com\/3544_hero_lg_xl.jpg\" alt=\"Vi giver unge mulighed for at vokse\" loading=\"lazy\" decoding=\"async\" fetchpriority=\"low\" sizes=\"100vw\" \/><\/picture><span class=\"sts-block-hero__overlay\" aria-hidden=\"true\"><\/span><\/div><div class=\"sts-block-hero__inner\"><div class=\"sts-block-hero__content has-align-center\"><div class=\"sts-block-hero__content-inner\"><h1 class=\"sts-block-hero__heading\">Vi giver unge mulighed for at vokse<\/h1><\/div><\/div><\/div><\/section>\n\n\n\n<div class=\"wp-block-sts-text sts-text-editor has-max-width-md\"><div class=\"sts-text-editor__content\"><div class=\"sts-text-editor__content-inner\">\n<p>I STS Education Group arbejder vi med erfaringsbaseret l\u00e6ring gennem sprogrejser og high school-ophold. Vores hovedkvarter ligger i G\u00f6teborg i Sverige, og vi har bl.a. lokale kontorer i Tyskland, Holland, Polen, Schweiz, \u00d8strig og New Zealand.<\/p>\n\n<p>Vi er altid p\u00e5 udkig efter nye medarbejdere, der gerne vil arbejde i en dynamisk branche, s\u00e5 vi konstant kan v\u00e6re p\u00e5 forkant.<\/p>\n\n<p><a href=\"https:\/\/sts.teamtailor.com\/\" target=\"_blank\" rel=\"noopener noreferrer\">Se ledige jobs hos STS her<\/a><\/p>\n\n<h2>Bliv lokal koordinator hos STS<\/h2>\n\n<p>Er du interesseret i at arbejde som STS-repr\u00e6sentant i dit lokale omr\u00e5de? Som lokal koordinator har du regelm\u00e6ssig kontakt med \u00e9n eller flere udvekslingselever, deres v\u00e6rtsfamilier og skoler. Denne rolle er ideel for alle, der er interesseret i unge mennesker og international udveksling. Det er noget, der er nemt at g\u00f8re ved siden af studier eller et arbejde.<\/p>\n\n<p>L\u00e6s vores interviewer med <strong><a href=\"https:\/\/www.sts-education.com\/dk\/om-sts\/karriere\/intervju-lucas\/\">Lucas<\/a><\/strong>, <a href=\"https:\/\/www.sts-education.com\/about-sts\/career\/intervju-matilda\/\"><strong>Matilda<\/strong><\/a>, <a href=\"https:\/\/www.sts-education.com\/dk\/om-sts\/karriere\/interview-luisa\/\"><strong>Luisa<\/strong><\/a> og <a href=\"https:\/\/www.sts-education.com\/dk\/om-sts\/karriere\/interview-finja\/\"><strong>Finja<\/strong><\/a>, der har arbejdet som lokale koordinatorer for STS.<\/p>\n\n<p>Udfyld en ans\u00f8gning om at blive <a href=\"https:\/\/sts.teamtailor.com\/\" target=\"_blank\" rel=\"noopener noreferrer\">lokal koordinator for STS her<\/a><\/p>\n\n<h2>Bliv ambassad\u00f8r for STS<\/h2>\n\n<p>De bedste ambassad\u00f8rer for vores programmer er personer, der selv har v\u00e6ret i udlandet og har elsket hvert minut af det. Derfor opfordrer vi ofte hjemvendte elever til at arbejde for os som interviewere eller repr\u00e6sentanter p\u00e5 informationsm\u00f8der, handelsmesser og skoler. Vores ambassad\u00f8rer organiserer deres egne events, interviewer fremtidige udvekslingselever, deler brochurer ud eller er \u2013 sammen med deres familie \u2013 v\u00e6rtsfamilie for en udvekslingselev i dit land.<\/p>\n\n<p>Som tidligere eller nuv\u00e6rende STS-elev giver STS-ambassad\u00f8rprogrammet dig mulighed for at dele dine oplevelser med andre unge mennesker. Det betyder, at du kan hj\u00e6lpe andre med at tage skridtet, s\u00e5 de kan starte p\u00e5 deres eget eventyr. Forestil dig, at du kan dele dine fantastiske oplevelser med andre, samtidig med at det er et arbejde. Findes der noget bedre job?<\/p>\n\n<p>Det er op til dig, hvor aktiv du gerne vil v\u00e6re. Du vil udvikle dine sociale f\u00e6rdigheder, blive dygtigere til at tale foran andre mennesker og blive bedre til at organisere ting. Og du har det sjovt, samtidig med at du f\u00e5r vigtig erfaring, der vil se godt ud p\u00e5 dit CV.<\/p>\n\n<p>Hvis du er interesseret i at blive STS-ambassad\u00f8r, kan du sende en mail til <a href=\"mailto:welcome@sts.dk\">welcome@sts.dk<\/a><\/p>\n<\/div><\/div><\/div>\n","protected":false},"excerpt":{"rendered":"","protected":false},"author":20,"featured_media":0,"parent":10374,"menu_order":0,"comment_status":"closed","ping_status":"closed","template":"templates\/template-default-with-breadcrumbs.php","meta":{"_acf_changed":false,"sts_page_background_color":"","footnotes":""},"wpw_page_folders":[77],"class_list":["post-10387","page","type-page","status-publish","hentry"],"acf":[],"yoast_head":"<!-- This site is optimized with the Yoast SEO Premium plugin v27.2 (Yoast SEO v27.3) - https:\/\/yoast.com\/product\/yoast-seo-premium-wordpress\/ -->\n<title>Ledige stillinger hos STS<\/title>\n<meta name=\"description\" content=\"STS Education arbejder med oplevelses-baseret l\u00e6ring i form af ungdomsrejser ledet af STS ledere og high school udveksling. Som en del af en konstant skiftende og udviklende branche, leder vi altid efter nye stjerner, der sammen med os vil drive forretningen videre\" \/>\n<meta name=\"robots\" content=\"index, follow, max-snippet:-1, max-image-preview:large, max-video-preview:-1\" \/>\n<link rel=\"canonical\" href=\"https:\/\/www.sts-education.com\/dk\/om-sts\/karriere\/\" \/>\n<meta property=\"og:locale\" content=\"da_DK\" \/>\n<meta property=\"og:type\" content=\"article\" \/>\n<meta property=\"og:title\" content=\"Karriere\" \/>\n<meta property=\"og:description\" content=\"STS Education arbejder med oplevelses-baseret l\u00e6ring i form af ungdomsrejser ledet af STS ledere og high school udveksling. Som en del af en konstant skiftende og udviklende branche, leder vi altid efter nye stjerner, der sammen med os vil drive forretningen videre\" \/>\n<meta property=\"og:url\" content=\"https:\/\/www.sts-education.com\/dk\/om-sts\/karriere\/\" \/>\n<meta property=\"og:site_name\" content=\"STS Education\" \/>\n<meta property=\"article:modified_time\" content=\"2026-04-15T09:38:13+00:00\" \/>\n<meta property=\"og:image\" content=\"https:\/\/cdn.sts-education.com\/3544_hero_lg_xl.jpg\" \/>\n<meta name=\"twitter:card\" content=\"summary_large_image\" \/>\n<meta name=\"twitter:label1\" content=\"Estimeret l\u00e6setid\" \/>\n\t<meta name=\"twitter:data1\" content=\"2 minutter\" \/>\n<script type=\"application\/ld+json\" class=\"yoast-schema-graph\">{\"@context\":\"https:\\\/\\\/schema.org\",\"@graph\":[{\"@type\":\"WebPage\",\"@id\":\"https:\\\/\\\/www.sts-education.com\\\/dk\\\/om-sts\\\/karriere\\\/\",\"url\":\"https:\\\/\\\/www.sts-education.com\\\/dk\\\/om-sts\\\/karriere\\\/\",\"name\":\"Ledige stillinger hos STS\",\"isPartOf\":{\"@id\":\"https:\\\/\\\/www.sts-education.com\\\/dk\\\/#website\"},\"primaryImageOfPage\":{\"@id\":\"https:\\\/\\\/www.sts-education.com\\\/dk\\\/om-sts\\\/karriere\\\/#primaryimage\"},\"image\":{\"@id\":\"https:\\\/\\\/www.sts-education.com\\\/dk\\\/om-sts\\\/karriere\\\/#primaryimage\"},\"thumbnailUrl\":\"https:\\\/\\\/cdn.sts-education.com\\\/3544_hero_lg_xl.jpg\",\"datePublished\":\"2025-12-16T10:23:03+00:00\",\"dateModified\":\"2026-04-15T09:38:13+00:00\",\"description\":\"STS Education arbejder med oplevelses-baseret l\u00e6ring i form af ungdomsrejser ledet af STS ledere og high school udveksling. Som en del af en konstant skiftende og udviklende branche, leder vi altid efter nye stjerner, der sammen med os vil drive forretningen videre\",\"breadcrumb\":{\"@id\":\"https:\\\/\\\/www.sts-education.com\\\/dk\\\/om-sts\\\/karriere\\\/#breadcrumb\"},\"inLanguage\":\"da-DK\",\"potentialAction\":[{\"@type\":\"ReadAction\",\"target\":[\"https:\\\/\\\/www.sts-education.com\\\/dk\\\/om-sts\\\/karriere\\\/\"]}]},{\"@type\":\"ImageObject\",\"inLanguage\":\"da-DK\",\"@id\":\"https:\\\/\\\/www.sts-education.com\\\/dk\\\/om-sts\\\/karriere\\\/#primaryimage\",\"url\":\"https:\\\/\\\/cdn.sts-education.com\\\/3544_hero_lg_xl.jpg\",\"contentUrl\":\"https:\\\/\\\/cdn.sts-education.com\\\/3544_hero_lg_xl.jpg\"},{\"@type\":\"BreadcrumbList\",\"@id\":\"https:\\\/\\\/www.sts-education.com\\\/dk\\\/om-sts\\\/karriere\\\/#breadcrumb\",\"itemListElement\":[{\"@type\":\"ListItem\",\"position\":1,\"name\":\"Home\",\"item\":\"https:\\\/\\\/www.sts-education.com\\\/dk\\\/sample-page\\\/\"},{\"@type\":\"ListItem\",\"position\":2,\"name\":\"Om Sts\",\"item\":\"https:\\\/\\\/www.sts-education.com\\\/dk\\\/om-sts\\\/\"},{\"@type\":\"ListItem\",\"position\":3,\"name\":\"Karriere\"}]},{\"@type\":\"WebSite\",\"@id\":\"https:\\\/\\\/www.sts-education.com\\\/dk\\\/#website\",\"url\":\"https:\\\/\\\/www.sts-education.com\\\/dk\\\/\",\"name\":\"STS Education\",\"description\":\"\",\"potentialAction\":[{\"@type\":\"SearchAction\",\"target\":{\"@type\":\"EntryPoint\",\"urlTemplate\":\"https:\\\/\\\/www.sts-education.com\\\/dk\\\/?s={search_term_string}\"},\"query-input\":{\"@type\":\"PropertyValueSpecification\",\"valueRequired\":true,\"valueName\":\"search_term_string\"}}],\"inLanguage\":\"da-DK\"}]}<\/script>\n<!-- \/ Yoast SEO Premium plugin. -->","yoast_head_json":{"title":"Ledige stillinger hos STS","description":"STS Education arbejder med oplevelses-baseret l\u00e6ring i form af ungdomsrejser ledet af STS ledere og high school udveksling. Som en del af en konstant skiftende og udviklende branche, leder vi altid efter nye stjerner, der sammen med os vil drive forretningen videre","robots":{"index":"index","follow":"follow","max-snippet":"max-snippet:-1","max-image-preview":"max-image-preview:large","max-video-preview":"max-video-preview:-1"},"canonical":"https:\/\/www.sts-education.com\/dk\/om-sts\/karriere\/","og_locale":"da_DK","og_type":"article","og_title":"Karriere","og_description":"STS Education arbejder med oplevelses-baseret l\u00e6ring i form af ungdomsrejser ledet af STS ledere og high school udveksling. Som en del af en konstant skiftende og udviklende branche, leder vi altid efter nye stjerner, der sammen med os vil drive forretningen videre","og_url":"https:\/\/www.sts-education.com\/dk\/om-sts\/karriere\/","og_site_name":"STS Education","article_modified_time":"2026-04-15T09:38:13+00:00","og_image":[{"url":"https:\/\/cdn.sts-education.com\/3544_hero_lg_xl.jpg","type":"","width":"","height":""}],"twitter_card":"summary_large_image","twitter_misc":{"Estimeret l\u00e6setid":"2 minutter"},"schema":{"@context":"https:\/\/schema.org","@graph":[{"@type":"WebPage","@id":"https:\/\/www.sts-education.com\/dk\/om-sts\/karriere\/","url":"https:\/\/www.sts-education.com\/dk\/om-sts\/karriere\/","name":"Ledige stillinger hos STS","isPartOf":{"@id":"https:\/\/www.sts-education.com\/dk\/#website"},"primaryImageOfPage":{"@id":"https:\/\/www.sts-education.com\/dk\/om-sts\/karriere\/#primaryimage"},"image":{"@id":"https:\/\/www.sts-education.com\/dk\/om-sts\/karriere\/#primaryimage"},"thumbnailUrl":"https:\/\/cdn.sts-education.com\/3544_hero_lg_xl.jpg","datePublished":"2025-12-16T10:23:03+00:00","dateModified":"2026-04-15T09:38:13+00:00","description":"STS Education arbejder med oplevelses-baseret l\u00e6ring i form af ungdomsrejser ledet af STS ledere og high school udveksling. Som en del af en konstant skiftende og udviklende branche, leder vi altid efter nye stjerner, der sammen med os vil drive forretningen videre","breadcrumb":{"@id":"https:\/\/www.sts-education.com\/dk\/om-sts\/karriere\/#breadcrumb"},"inLanguage":"da-DK","potentialAction":[{"@type":"ReadAction","target":["https:\/\/www.sts-education.com\/dk\/om-sts\/karriere\/"]}]},{"@type":"ImageObject","inLanguage":"da-DK","@id":"https:\/\/www.sts-education.com\/dk\/om-sts\/karriere\/#primaryimage","url":"https:\/\/cdn.sts-education.com\/3544_hero_lg_xl.jpg","contentUrl":"https:\/\/cdn.sts-education.com\/3544_hero_lg_xl.jpg"},{"@type":"BreadcrumbList","@id":"https:\/\/www.sts-education.com\/dk\/om-sts\/karriere\/#breadcrumb","itemListElement":[{"@type":"ListItem","position":1,"name":"Home","item":"https:\/\/www.sts-education.com\/dk\/sample-page\/"},{"@type":"ListItem","position":2,"name":"Om Sts","item":"https:\/\/www.sts-education.com\/dk\/om-sts\/"},{"@type":"ListItem","position":3,"name":"Karriere"}]},{"@type":"WebSite","@id":"https:\/\/www.sts-education.com\/dk\/#website","url":"https:\/\/www.sts-education.com\/dk\/","name":"STS Education","description":"","potentialAction":[{"@type":"SearchAction","target":{"@type":"EntryPoint","urlTemplate":"https:\/\/www.sts-education.com\/dk\/?s={search_term_string}"},"query-input":{"@type":"PropertyValueSpecification","valueRequired":true,"valueName":"search_term_string"}}],"inLanguage":"da-DK"}]}},"_links":{"self":[{"href":"https:\/\/www.sts-education.com\/dk\/wp-json\/wp\/v2\/pages\/10387","targetHints":{"allow":["GET"]}}],"collection":[{"href":"https:\/\/www.sts-education.com\/dk\/wp-json\/wp\/v2\/pages"}],"about":[{"href":"https:\/\/www.sts-education.com\/dk\/wp-json\/wp\/v2\/types\/page"}],"author":[{"embeddable":true,"href":"https:\/\/www.sts-education.com\/dk\/wp-json\/wp\/v2\/users\/20"}],"replies":[{"embeddable":true,"href":"https:\/\/www.sts-education.com\/dk\/wp-json\/wp\/v2\/comments?post=10387"}],"version-history":[{"count":5,"href":"https:\/\/www.sts-education.com\/dk\/wp-json\/wp\/v2\/pages\/10387\/revisions"}],"predecessor-version":[{"id":35527,"href":"https:\/\/www.sts-education.com\/dk\/wp-json\/wp\/v2\/pages\/10387\/revisions\/35527"}],"up":[{"embeddable":true,"href":"https:\/\/www.sts-education.com\/dk\/wp-json\/wp\/v2\/pages\/10374"}],"wp:attachment":[{"href":"https:\/\/www.sts-education.com\/dk\/wp-json\/wp\/v2\/media?parent=10387"}],"wp:term":[{"taxonomy":"wpw_page_folders","embeddable":true,"href":"https:\/\/www.sts-education.com\/dk\/wp-json\/wp\/v2\/wpw_page_folders?post=10387"}],"curies":[{"name":"wp","href":"https:\/\/api.w.org\/{rel}","templated":true}]}}