{"id":10388,"date":"2025-12-16T10:25:18","date_gmt":"2025-12-16T10:25:18","guid":{"rendered":"https:\/\/preprod.sts-education.com\/om-sts\/kontakt-os\/"},"modified":"2026-04-01T01:36:46","modified_gmt":"2026-04-01T01:36:46","slug":"kontakt-os","status":"publish","type":"page","link":"https:\/\/www.sts-education.com\/dk\/om-sts\/kontakt-os\/","title":{"rendered":"Kontakt Os"},"content":{"rendered":"\n<div class=\"wp-block-sts-text sts-text-editor has-max-width-md\"><div class=\"sts-text-editor__content\"><div class=\"sts-text-editor__content-inner\">\n<h1>Kontakt os<\/h1>\n<\/div><\/div><\/div>\n\n\n\n<div class=\"wp-block-sts-text sts-text-editor has-max-width-md\"><div class=\"sts-text-editor__content\"><div class=\"sts-text-editor__content-inner\">\n<p>Hvis du har sp\u00f8rgsm\u00e5l om det at studere i udlandet, er du altid velkommen til at kontakte os. Du beh\u00f8ver ikke at have besluttet dig for at tage p\u00e5 udveksling eller p\u00e5 sprogrejse for at tale med os. Vi vil med gl\u00e6de hj\u00e6lpe, og vi er her for at svare p\u00e5 alle dine sp\u00f8rgsm\u00e5l. V\u00e6lg, hvordan du gerne vil kontakte os.<\/p>\n\n<h3>Ring til os<\/h3>\n\n<p>Telefonnummer: <a href=\"tel:0771-202010\">+45 44 40 44 47<\/a><br>\u00c5bningstider: Mandag-fredag 10:00-17:00<\/p>\n\n<h3>Send os en e-mail<\/h3>\n\n<p>E-mail: <a href=\"mailto:hello.dk@sts-education.com\">hello.dk@sts-education.com<\/a><\/p>\n\n<h3>Bes\u00f8g os<\/h3>\n\n<p>Vestergade 29, 1456 K\u00f8benhavn K<\/p>\n\n<h3>Our Social media:<\/h3>\n\n<p><a href=\"https:\/\/www.tiktok.com\/@stsworldwide\" target=\"_blank\" rel=\"noopener noreferrer\">TikTok<\/a><\/p>\n\n<p><a href=\"https:\/\/www.instagram.com\/stsworldwide\/\" target=\"_blank\" rel=\"noopener noreferrer\">Instagram<\/a><\/p>\n\n<p><a href=\"https:\/\/www.facebook.com\/stsworldwide\" target=\"_blank\" rel=\"noopener noreferrer\">Facebook<\/a><\/p>\n\n<p><a href=\"https:\/\/www.youtube.com\/@stsworldwide\" target=\"_blank\" rel=\"noopener noreferrer\">Youtube<\/a><\/p>\n<\/div><\/div><\/div>\n\n","protected":false},"excerpt":{"rendered":"","protected":false},"author":20,"featured_media":15148,"parent":10374,"menu_order":0,"comment_status":"closed","ping_status":"closed","template":"templates\/template-default-with-breadcrumbs.php","meta":{"_acf_changed":false,"sts_page_background_color":"","footnotes":""},"wpw_page_folders":[77],"class_list":["post-10388","page","type-page","status-publish","has-post-thumbnail","hentry"],"acf":[],"yoast_head":"<!-- This site is optimized with the Yoast SEO Premium plugin v27.2 (Yoast SEO v27.3) - https:\/\/yoast.com\/product\/yoast-seo-premium-wordpress\/ -->\n<title>Kontakt os her | STS<\/title>\n<meta name=\"description\" content=\"Hvis du har sp\u00f8rgsm\u00e5l om studier i udlandet, er du altid meget velkommen til at kontakte os. Vi hj\u00e6lper gerne og er her for at svare p\u00e5 alle dine sp\u00f8rgsm\u00e5l.\" \/>\n<meta name=\"robots\" content=\"index, follow, max-snippet:-1, max-image-preview:large, max-video-preview:-1\" \/>\n<link rel=\"canonical\" href=\"https:\/\/www.sts-education.com\/dk\/om-sts\/kontakt-os\/\" \/>\n<meta property=\"og:locale\" content=\"da_DK\" \/>\n<meta property=\"og:type\" content=\"article\" \/>\n<meta property=\"og:title\" content=\"Kontakt Os\" \/>\n<meta property=\"og:description\" content=\"Hvis du har sp\u00f8rgsm\u00e5l om studier i udlandet, er du altid meget velkommen til at kontakte os. Vi hj\u00e6lper gerne og er her for at svare p\u00e5 alle dine sp\u00f8rgsm\u00e5l.\" \/>\n<meta property=\"og:url\" content=\"https:\/\/www.sts-education.com\/dk\/om-sts\/kontakt-os\/\" \/>\n<meta property=\"og:site_name\" content=\"STS Education\" \/>\n<meta property=\"article:modified_time\" content=\"2026-04-01T01:36:46+00:00\" \/>\n<meta property=\"og:image\" content=\"https:\/\/powered-by.qbank.se\/educatius\/sts\/\/d892cfee412f049ca3da7ada13bcf9ff_1-1-thumb.webp\" \/>\n\t<meta property=\"og:image:width\" content=\"150\" \/>\n\t<meta property=\"og:image:height\" content=\"150\" \/>\n\t<meta property=\"og:image:type\" content=\"image\/jpeg\" \/>\n<meta name=\"twitter:card\" content=\"summary_large_image\" \/>\n<meta name=\"twitter:label1\" content=\"Estimeret l\u00e6setid\" \/>\n\t<meta name=\"twitter:data1\" content=\"1 minut\" \/>\n<script type=\"application\/ld+json\" class=\"yoast-schema-graph\">{\"@context\":\"https:\\\/\\\/schema.org\",\"@graph\":[{\"@type\":\"WebPage\",\"@id\":\"https:\\\/\\\/www.sts-education.com\\\/dk\\\/om-sts\\\/kontakt-os\\\/\",\"url\":\"https:\\\/\\\/www.sts-education.com\\\/dk\\\/om-sts\\\/kontakt-os\\\/\",\"name\":\"Kontakt os her | STS\",\"isPartOf\":{\"@id\":\"https:\\\/\\\/www.sts-education.com\\\/dk\\\/#website\"},\"primaryImageOfPage\":{\"@id\":\"https:\\\/\\\/www.sts-education.com\\\/dk\\\/om-sts\\\/kontakt-os\\\/#primaryimage\"},\"image\":{\"@id\":\"https:\\\/\\\/www.sts-education.com\\\/dk\\\/om-sts\\\/kontakt-os\\\/#primaryimage\"},\"thumbnailUrl\":\"https:\\\/\\\/powered-by.qbank.se\\\/educatius\\\/sts\\\/\\\/d892cfee412f049ca3da7ada13bcf9ff_1-1-thumb.webp\",\"datePublished\":\"2025-12-16T10:25:18+00:00\",\"dateModified\":\"2026-04-01T01:36:46+00:00\",\"description\":\"Hvis du har sp\u00f8rgsm\u00e5l om studier i udlandet, er du altid meget velkommen til at kontakte os. Vi hj\u00e6lper gerne og er her for at svare p\u00e5 alle dine sp\u00f8rgsm\u00e5l.\",\"breadcrumb\":{\"@id\":\"https:\\\/\\\/www.sts-education.com\\\/dk\\\/om-sts\\\/kontakt-os\\\/#breadcrumb\"},\"inLanguage\":\"da-DK\",\"potentialAction\":[{\"@type\":\"ReadAction\",\"target\":[\"https:\\\/\\\/www.sts-education.com\\\/dk\\\/om-sts\\\/kontakt-os\\\/\"]}]},{\"@type\":\"ImageObject\",\"inLanguage\":\"da-DK\",\"@id\":\"https:\\\/\\\/www.sts-education.com\\\/dk\\\/om-sts\\\/kontakt-os\\\/#primaryimage\",\"url\":\"https:\\\/\\\/powered-by.qbank.se\\\/educatius\\\/sts\\\/\\\/d892cfee412f049ca3da7ada13bcf9ff_1-1-thumb.webp\",\"contentUrl\":\"https:\\\/\\\/powered-by.qbank.se\\\/educatius\\\/sts\\\/\\\/d892cfee412f049ca3da7ada13bcf9ff_1-1-thumb.webp\",\"width\":150,\"height\":150},{\"@type\":\"BreadcrumbList\",\"@id\":\"https:\\\/\\\/www.sts-education.com\\\/dk\\\/om-sts\\\/kontakt-os\\\/#breadcrumb\",\"itemListElement\":[{\"@type\":\"ListItem\",\"position\":1,\"name\":\"Home\",\"item\":\"https:\\\/\\\/www.sts-education.com\\\/dk\\\/sample-page\\\/\"},{\"@type\":\"ListItem\",\"position\":2,\"name\":\"Om Sts\",\"item\":\"https:\\\/\\\/www.sts-education.com\\\/dk\\\/om-sts\\\/\"},{\"@type\":\"ListItem\",\"position\":3,\"name\":\"Kontakt Os\"}]},{\"@type\":\"WebSite\",\"@id\":\"https:\\\/\\\/www.sts-education.com\\\/dk\\\/#website\",\"url\":\"https:\\\/\\\/www.sts-education.com\\\/dk\\\/\",\"name\":\"STS Education\",\"description\":\"\",\"potentialAction\":[{\"@type\":\"SearchAction\",\"target\":{\"@type\":\"EntryPoint\",\"urlTemplate\":\"https:\\\/\\\/www.sts-education.com\\\/dk\\\/?s={search_term_string}\"},\"query-input\":{\"@type\":\"PropertyValueSpecification\",\"valueRequired\":true,\"valueName\":\"search_term_string\"}}],\"inLanguage\":\"da-DK\"}]}<\/script>\n<!-- \/ Yoast SEO Premium plugin. -->","yoast_head_json":{"title":"Kontakt os her | STS","description":"Hvis du har sp\u00f8rgsm\u00e5l om studier i udlandet, er du altid meget velkommen til at kontakte os. Vi hj\u00e6lper gerne og er her for at svare p\u00e5 alle dine sp\u00f8rgsm\u00e5l.","robots":{"index":"index","follow":"follow","max-snippet":"max-snippet:-1","max-image-preview":"max-image-preview:large","max-video-preview":"max-video-preview:-1"},"canonical":"https:\/\/www.sts-education.com\/dk\/om-sts\/kontakt-os\/","og_locale":"da_DK","og_type":"article","og_title":"Kontakt Os","og_description":"Hvis du har sp\u00f8rgsm\u00e5l om studier i udlandet, er du altid meget velkommen til at kontakte os. Vi hj\u00e6lper gerne og er her for at svare p\u00e5 alle dine sp\u00f8rgsm\u00e5l.","og_url":"https:\/\/www.sts-education.com\/dk\/om-sts\/kontakt-os\/","og_site_name":"STS Education","article_modified_time":"2026-04-01T01:36:46+00:00","og_image":[{"width":150,"height":150,"url":"https:\/\/powered-by.qbank.se\/educatius\/sts\/\/d892cfee412f049ca3da7ada13bcf9ff_1-1-thumb.webp","type":"image\/jpeg"}],"twitter_card":"summary_large_image","twitter_misc":{"Estimeret l\u00e6setid":"1 minut"},"schema":{"@context":"https:\/\/schema.org","@graph":[{"@type":"WebPage","@id":"https:\/\/www.sts-education.com\/dk\/om-sts\/kontakt-os\/","url":"https:\/\/www.sts-education.com\/dk\/om-sts\/kontakt-os\/","name":"Kontakt os her | STS","isPartOf":{"@id":"https:\/\/www.sts-education.com\/dk\/#website"},"primaryImageOfPage":{"@id":"https:\/\/www.sts-education.com\/dk\/om-sts\/kontakt-os\/#primaryimage"},"image":{"@id":"https:\/\/www.sts-education.com\/dk\/om-sts\/kontakt-os\/#primaryimage"},"thumbnailUrl":"https:\/\/powered-by.qbank.se\/educatius\/sts\/\/d892cfee412f049ca3da7ada13bcf9ff_1-1-thumb.webp","datePublished":"2025-12-16T10:25:18+00:00","dateModified":"2026-04-01T01:36:46+00:00","description":"Hvis du har sp\u00f8rgsm\u00e5l om studier i udlandet, er du altid meget velkommen til at kontakte os. Vi hj\u00e6lper gerne og er her for at svare p\u00e5 alle dine sp\u00f8rgsm\u00e5l.","breadcrumb":{"@id":"https:\/\/www.sts-education.com\/dk\/om-sts\/kontakt-os\/#breadcrumb"},"inLanguage":"da-DK","potentialAction":[{"@type":"ReadAction","target":["https:\/\/www.sts-education.com\/dk\/om-sts\/kontakt-os\/"]}]},{"@type":"ImageObject","inLanguage":"da-DK","@id":"https:\/\/www.sts-education.com\/dk\/om-sts\/kontakt-os\/#primaryimage","url":"https:\/\/powered-by.qbank.se\/educatius\/sts\/\/d892cfee412f049ca3da7ada13bcf9ff_1-1-thumb.webp","contentUrl":"https:\/\/powered-by.qbank.se\/educatius\/sts\/\/d892cfee412f049ca3da7ada13bcf9ff_1-1-thumb.webp","width":150,"height":150},{"@type":"BreadcrumbList","@id":"https:\/\/www.sts-education.com\/dk\/om-sts\/kontakt-os\/#breadcrumb","itemListElement":[{"@type":"ListItem","position":1,"name":"Home","item":"https:\/\/www.sts-education.com\/dk\/sample-page\/"},{"@type":"ListItem","position":2,"name":"Om Sts","item":"https:\/\/www.sts-education.com\/dk\/om-sts\/"},{"@type":"ListItem","position":3,"name":"Kontakt Os"}]},{"@type":"WebSite","@id":"https:\/\/www.sts-education.com\/dk\/#website","url":"https:\/\/www.sts-education.com\/dk\/","name":"STS Education","description":"","potentialAction":[{"@type":"SearchAction","target":{"@type":"EntryPoint","urlTemplate":"https:\/\/www.sts-education.com\/dk\/?s={search_term_string}"},"query-input":{"@type":"PropertyValueSpecification","valueRequired":true,"valueName":"search_term_string"}}],"inLanguage":"da-DK"}]}},"_links":{"self":[{"href":"https:\/\/www.sts-education.com\/dk\/wp-json\/wp\/v2\/pages\/10388","targetHints":{"allow":["GET"]}}],"collection":[{"href":"https:\/\/www.sts-education.com\/dk\/wp-json\/wp\/v2\/pages"}],"about":[{"href":"https:\/\/www.sts-education.com\/dk\/wp-json\/wp\/v2\/types\/page"}],"author":[{"embeddable":true,"href":"https:\/\/www.sts-education.com\/dk\/wp-json\/wp\/v2\/users\/20"}],"replies":[{"embeddable":true,"href":"https:\/\/www.sts-education.com\/dk\/wp-json\/wp\/v2\/comments?post=10388"}],"version-history":[{"count":4,"href":"https:\/\/www.sts-education.com\/dk\/wp-json\/wp\/v2\/pages\/10388\/revisions"}],"predecessor-version":[{"id":22004,"href":"https:\/\/www.sts-education.com\/dk\/wp-json\/wp\/v2\/pages\/10388\/revisions\/22004"}],"up":[{"embeddable":true,"href":"https:\/\/www.sts-education.com\/dk\/wp-json\/wp\/v2\/pages\/10374"}],"wp:featuredmedia":[{"embeddable":true,"href":"https:\/\/www.sts-education.com\/dk\/wp-json\/wp\/v2\/media\/15148"}],"wp:attachment":[{"href":"https:\/\/www.sts-education.com\/dk\/wp-json\/wp\/v2\/media?parent=10388"}],"wp:term":[{"taxonomy":"wpw_page_folders","embeddable":true,"href":"https:\/\/www.sts-education.com\/dk\/wp-json\/wp\/v2\/wpw_page_folders?post=10388"}],"curies":[{"name":"wp","href":"https:\/\/api.w.org\/{rel}","templated":true}]}}