{"id":10389,"date":"2023-01-20T08:34:50","date_gmt":"2023-01-20T08:34:50","guid":{"rendered":"https:\/\/preprod.sts-education.com\/vartsfamilie\/family-stories\/"},"modified":"2026-04-01T02:43:37","modified_gmt":"2026-04-01T02:43:37","slug":"family-stories","status":"publish","type":"page","link":"https:\/\/www.sts-education.com\/dk\/vartsfamilie\/family-stories\/","title":{"rendered":"Family Stories"},"content":{"rendered":"\n<section class=\"wp-block-sts-hero sts-block-hero is-variant-full-background has-text-light has-background-media\" style=\"--sts-hero-padding-mobile:0px;--sts-hero-padding-desktop:0px;--sts-hero-text-color:var(--wp--preset--color--base-10, #fff);\" data-variant=\"full-background\"><div class=\"sts-block-hero__background\"><picture class=\"sts-responsive-image has-fit-cover is-skeleton\"><img src=\"https:\/\/cdn.sts-education.com\/13128_hero_lg_xl.jpg\" alt=\"Familiehistorier\" loading=\"lazy\" decoding=\"async\" fetchpriority=\"low\" sizes=\"100vw\" \/><\/picture><span class=\"sts-block-hero__overlay\" aria-hidden=\"true\"><\/span><\/div><div class=\"sts-block-hero__inner\"><div class=\"sts-block-hero__content has-align-center\"><div class=\"sts-block-hero__content-inner\"><h1 class=\"sts-block-hero__heading\">Familiehistorier<\/h1><\/div><\/div><\/div><\/section>\n\n\n\n<div class=\"wp-block-sts-text sts-text-editor has-max-width-md\"><div class=\"sts-text-editor__content\"><div class=\"sts-text-editor__content-inner\">\n<p>At have en udvekslingselev boende i sit hjem er helt specielt. Du l\u00e6rer et nyt menneske at kende, som hurtigt vil f\u00f8les som et nyt medlem af familien. Du f\u00e5r mulighed for at pr\u00e6sentere din by, din kultur og dit sprog p\u00e5 en m\u00e5de, som du aldrig har gjort f\u00f8r.<\/p>\n\n<p>L\u00e6s historier fra andre familier om deres oplevelser som v\u00e6rtsfamilier og fra udvekslingselever om, hvordan det er at bo hos en v\u00e6rtsfamilie.<\/p>\n\n<h2>Vil du dele dine oplevelser som v\u00e6rtsfamilie med andre?<\/h2>\n\n<p>Vil du gerne dele dine oplevelser som v\u00e6rtsfamilie via vores kanaler? Send en e-mail til <a href=\"mailto:social.media@sts-education.com\">social.media@sts-education.com<\/a>, s\u00e5 kan du m\u00e5ske se dig selv og din familie p\u00e5 en af vores kanaler n\u00e6ste gang.<\/p>\n<\/div><\/div><\/div>\n\n","protected":false},"excerpt":{"rendered":"","protected":false},"author":20,"featured_media":0,"parent":9303,"menu_order":0,"comment_status":"closed","ping_status":"closed","template":"","meta":{"_acf_changed":false,"sts_page_background_color":"","footnotes":""},"wpw_page_folders":[528],"class_list":["post-10389","page","type-page","status-publish","hentry"],"acf":[],"yoast_head":"<!-- This site is optimized with the Yoast SEO Premium plugin v27.2 (Yoast SEO v27.3) - https:\/\/yoast.com\/product\/yoast-seo-premium-wordpress\/ -->\n<title>Family Stories<\/title>\n<meta name=\"robots\" content=\"index, follow, max-snippet:-1, max-image-preview:large, max-video-preview:-1\" \/>\n<link rel=\"canonical\" href=\"https:\/\/www.sts-education.com\/dk\/vartsfamilie\/family-stories\/\" \/>\n<meta property=\"og:locale\" content=\"da_DK\" \/>\n<meta property=\"og:type\" content=\"article\" \/>\n<meta property=\"og:title\" content=\"Family Stories\" \/>\n<meta property=\"og:url\" content=\"https:\/\/www.sts-education.com\/dk\/vartsfamilie\/family-stories\/\" \/>\n<meta property=\"og:site_name\" content=\"STS Education\" \/>\n<meta property=\"article:modified_time\" content=\"2026-04-01T02:43:37+00:00\" \/>\n<meta property=\"og:image\" content=\"https:\/\/cdn.sts-education.com\/13128_hero_lg_xl.jpg\" \/>\n<meta name=\"twitter:card\" content=\"summary_large_image\" \/>\n<meta name=\"twitter:label1\" content=\"Estimeret l\u00e6setid\" \/>\n\t<meta name=\"twitter:data1\" content=\"1 minut\" \/>\n<script type=\"application\/ld+json\" class=\"yoast-schema-graph\">{\"@context\":\"https:\\\/\\\/schema.org\",\"@graph\":[{\"@type\":\"WebPage\",\"@id\":\"https:\\\/\\\/www.sts-education.com\\\/dk\\\/vartsfamilie\\\/family-stories\\\/\",\"url\":\"https:\\\/\\\/www.sts-education.com\\\/dk\\\/vartsfamilie\\\/family-stories\\\/\",\"name\":\"Family Stories\",\"isPartOf\":{\"@id\":\"https:\\\/\\\/www.sts-education.com\\\/dk\\\/#website\"},\"primaryImageOfPage\":{\"@id\":\"https:\\\/\\\/www.sts-education.com\\\/dk\\\/vartsfamilie\\\/family-stories\\\/#primaryimage\"},\"image\":{\"@id\":\"https:\\\/\\\/www.sts-education.com\\\/dk\\\/vartsfamilie\\\/family-stories\\\/#primaryimage\"},\"thumbnailUrl\":\"https:\\\/\\\/cdn.sts-education.com\\\/13128_hero_lg_xl.jpg\",\"datePublished\":\"2023-01-20T08:34:50+00:00\",\"dateModified\":\"2026-04-01T02:43:37+00:00\",\"breadcrumb\":{\"@id\":\"https:\\\/\\\/www.sts-education.com\\\/dk\\\/vartsfamilie\\\/family-stories\\\/#breadcrumb\"},\"inLanguage\":\"da-DK\",\"potentialAction\":[{\"@type\":\"ReadAction\",\"target\":[\"https:\\\/\\\/www.sts-education.com\\\/dk\\\/vartsfamilie\\\/family-stories\\\/\"]}]},{\"@type\":\"ImageObject\",\"inLanguage\":\"da-DK\",\"@id\":\"https:\\\/\\\/www.sts-education.com\\\/dk\\\/vartsfamilie\\\/family-stories\\\/#primaryimage\",\"url\":\"https:\\\/\\\/cdn.sts-education.com\\\/13128_hero_lg_xl.jpg\",\"contentUrl\":\"https:\\\/\\\/cdn.sts-education.com\\\/13128_hero_lg_xl.jpg\"},{\"@type\":\"BreadcrumbList\",\"@id\":\"https:\\\/\\\/www.sts-education.com\\\/dk\\\/vartsfamilie\\\/family-stories\\\/#breadcrumb\",\"itemListElement\":[{\"@type\":\"ListItem\",\"position\":1,\"name\":\"Home\",\"item\":\"https:\\\/\\\/www.sts-education.com\\\/dk\\\/sample-page\\\/\"},{\"@type\":\"ListItem\",\"position\":2,\"name\":\"Vartsfamilie\",\"item\":\"https:\\\/\\\/www.sts-education.com\\\/dk\\\/vartsfamilie\\\/\"},{\"@type\":\"ListItem\",\"position\":3,\"name\":\"Family Stories\"}]},{\"@type\":\"WebSite\",\"@id\":\"https:\\\/\\\/www.sts-education.com\\\/dk\\\/#website\",\"url\":\"https:\\\/\\\/www.sts-education.com\\\/dk\\\/\",\"name\":\"STS Education\",\"description\":\"\",\"potentialAction\":[{\"@type\":\"SearchAction\",\"target\":{\"@type\":\"EntryPoint\",\"urlTemplate\":\"https:\\\/\\\/www.sts-education.com\\\/dk\\\/?s={search_term_string}\"},\"query-input\":{\"@type\":\"PropertyValueSpecification\",\"valueRequired\":true,\"valueName\":\"search_term_string\"}}],\"inLanguage\":\"da-DK\"}]}<\/script>\n<!-- \/ Yoast SEO Premium plugin. -->","yoast_head_json":{"title":"Family Stories","robots":{"index":"index","follow":"follow","max-snippet":"max-snippet:-1","max-image-preview":"max-image-preview:large","max-video-preview":"max-video-preview:-1"},"canonical":"https:\/\/www.sts-education.com\/dk\/vartsfamilie\/family-stories\/","og_locale":"da_DK","og_type":"article","og_title":"Family Stories","og_url":"https:\/\/www.sts-education.com\/dk\/vartsfamilie\/family-stories\/","og_site_name":"STS Education","article_modified_time":"2026-04-01T02:43:37+00:00","og_image":[{"url":"https:\/\/cdn.sts-education.com\/13128_hero_lg_xl.jpg","type":"","width":"","height":""}],"twitter_card":"summary_large_image","twitter_misc":{"Estimeret l\u00e6setid":"1 minut"},"schema":{"@context":"https:\/\/schema.org","@graph":[{"@type":"WebPage","@id":"https:\/\/www.sts-education.com\/dk\/vartsfamilie\/family-stories\/","url":"https:\/\/www.sts-education.com\/dk\/vartsfamilie\/family-stories\/","name":"Family Stories","isPartOf":{"@id":"https:\/\/www.sts-education.com\/dk\/#website"},"primaryImageOfPage":{"@id":"https:\/\/www.sts-education.com\/dk\/vartsfamilie\/family-stories\/#primaryimage"},"image":{"@id":"https:\/\/www.sts-education.com\/dk\/vartsfamilie\/family-stories\/#primaryimage"},"thumbnailUrl":"https:\/\/cdn.sts-education.com\/13128_hero_lg_xl.jpg","datePublished":"2023-01-20T08:34:50+00:00","dateModified":"2026-04-01T02:43:37+00:00","breadcrumb":{"@id":"https:\/\/www.sts-education.com\/dk\/vartsfamilie\/family-stories\/#breadcrumb"},"inLanguage":"da-DK","potentialAction":[{"@type":"ReadAction","target":["https:\/\/www.sts-education.com\/dk\/vartsfamilie\/family-stories\/"]}]},{"@type":"ImageObject","inLanguage":"da-DK","@id":"https:\/\/www.sts-education.com\/dk\/vartsfamilie\/family-stories\/#primaryimage","url":"https:\/\/cdn.sts-education.com\/13128_hero_lg_xl.jpg","contentUrl":"https:\/\/cdn.sts-education.com\/13128_hero_lg_xl.jpg"},{"@type":"BreadcrumbList","@id":"https:\/\/www.sts-education.com\/dk\/vartsfamilie\/family-stories\/#breadcrumb","itemListElement":[{"@type":"ListItem","position":1,"name":"Home","item":"https:\/\/www.sts-education.com\/dk\/sample-page\/"},{"@type":"ListItem","position":2,"name":"Vartsfamilie","item":"https:\/\/www.sts-education.com\/dk\/vartsfamilie\/"},{"@type":"ListItem","position":3,"name":"Family Stories"}]},{"@type":"WebSite","@id":"https:\/\/www.sts-education.com\/dk\/#website","url":"https:\/\/www.sts-education.com\/dk\/","name":"STS Education","description":"","potentialAction":[{"@type":"SearchAction","target":{"@type":"EntryPoint","urlTemplate":"https:\/\/www.sts-education.com\/dk\/?s={search_term_string}"},"query-input":{"@type":"PropertyValueSpecification","valueRequired":true,"valueName":"search_term_string"}}],"inLanguage":"da-DK"}]}},"_links":{"self":[{"href":"https:\/\/www.sts-education.com\/dk\/wp-json\/wp\/v2\/pages\/10389","targetHints":{"allow":["GET"]}}],"collection":[{"href":"https:\/\/www.sts-education.com\/dk\/wp-json\/wp\/v2\/pages"}],"about":[{"href":"https:\/\/www.sts-education.com\/dk\/wp-json\/wp\/v2\/types\/page"}],"author":[{"embeddable":true,"href":"https:\/\/www.sts-education.com\/dk\/wp-json\/wp\/v2\/users\/20"}],"replies":[{"embeddable":true,"href":"https:\/\/www.sts-education.com\/dk\/wp-json\/wp\/v2\/comments?post=10389"}],"version-history":[{"count":2,"href":"https:\/\/www.sts-education.com\/dk\/wp-json\/wp\/v2\/pages\/10389\/revisions"}],"predecessor-version":[{"id":20630,"href":"https:\/\/www.sts-education.com\/dk\/wp-json\/wp\/v2\/pages\/10389\/revisions\/20630"}],"up":[{"embeddable":true,"href":"https:\/\/www.sts-education.com\/dk\/wp-json\/wp\/v2\/pages\/9303"}],"wp:attachment":[{"href":"https:\/\/www.sts-education.com\/dk\/wp-json\/wp\/v2\/media?parent=10389"}],"wp:term":[{"taxonomy":"wpw_page_folders","embeddable":true,"href":"https:\/\/www.sts-education.com\/dk\/wp-json\/wp\/v2\/wpw_page_folders?post=10389"}],"curies":[{"name":"wp","href":"https:\/\/api.w.org\/{rel}","templated":true}]}}