{"id":10393,"date":"2025-12-16T10:41:16","date_gmt":"2025-12-16T10:41:16","guid":{"rendered":"https:\/\/preprod.sts-education.com\/high-school\/beretninger-fra-eleverne\/sts-tips\/"},"modified":"2026-04-01T01:49:27","modified_gmt":"2026-04-01T01:49:27","slug":"sts-tips","status":"publish","type":"page","link":"https:\/\/www.sts-education.com\/dk\/high-school\/beretninger-fra-eleverne\/sts-tips\/","title":{"rendered":"Sts Tips"},"content":{"rendered":"\n<div class=\"wp-block-sts-text sts-text-editor has-max-width-md\"><div class=\"sts-text-editor__content\"><div class=\"sts-text-editor__content-inner\">\n<h1>Tips og tricks til dit udvekslings\u00e5r<\/h1>\n<\/div><\/div><\/div>\n\n\n\n<div class=\"wp-block-sts-text sts-text-editor has-max-width-md\"><div class=\"sts-text-editor__content\"><div class=\"sts-text-editor__content-inner\">\n<p>Vil du have korte og smarte tips til dit udvekslings\u00e5r? G\u00e5 ikke glip af vores tidligere studerende Lovisa, som fort\u00e6ller om sin oplevelse af et udvekslings\u00e5r, og hvad man skal overveje f\u00f8r, under og efter et udlandsophold. Se alle klippene p\u00e5 vores <a href=\"https:\/\/www.youtube.com\/watch?v=P3Z7Jk_VUUo&amp;list=PLQq_98-JfbST5BeLUt0kbAyuWpIO1UcOG\" target=\"_blank\" rel=\"noopener noreferrer\">YouTube-kanal<\/a>.<\/p>\n<\/div><\/div><\/div>\n\n\n\n<figure class=\"wp-block-sts-image sts-block-image sts-block-image--count-1 has-max-width-md\" data-count=\"1\"><div class=\"sts-block-image__grid\"><div class=\"sts-block-image__item\"><picture class=\"sts-responsive-image has-fit-cover has-pos-top is-skeleton\"><img src=\"https:\/\/cdn.sts-education.com\/12700_hero_md.jpg\" alt=\"Tips og tricks til dit udvekslings\u00e5r\" loading=\"lazy\" decoding=\"async\" fetchpriority=\"low\" sizes=\"(max-width: 736px) 100vw, 736px\"\/><\/picture><\/div><\/div><\/figure>\n\n","protected":false},"excerpt":{"rendered":"","protected":false},"author":20,"featured_media":15154,"parent":10378,"menu_order":0,"comment_status":"closed","ping_status":"closed","template":"","meta":{"_acf_changed":false,"sts_page_background_color":"","footnotes":""},"wpw_page_folders":[93],"class_list":["post-10393","page","type-page","status-publish","has-post-thumbnail","hentry"],"acf":[],"yoast_head":"<!-- This site is optimized with the Yoast SEO Premium plugin v27.2 (Yoast SEO v27.3) - https:\/\/yoast.com\/product\/yoast-seo-premium-wordpress\/ -->\n<title>Tips og tricks til dit udvekslings\u00e5r<\/title>\n<meta name=\"description\" content=\"F\u00e5 korte og smarte tips til dit udvekslings\u00e5r. Se vores tidligere studerende Lovisa, som fort\u00e6ller om sin oplevelse af et udvekslings\u00e5r, og hvad man skal overveje f\u00f8r, under og efter et udlandsophold.\" \/>\n<meta name=\"robots\" content=\"index, follow, max-snippet:-1, max-image-preview:large, max-video-preview:-1\" \/>\n<link rel=\"canonical\" href=\"https:\/\/www.sts-education.com\/dk\/high-school\/beretninger-fra-eleverne\/sts-tips\/\" \/>\n<meta property=\"og:locale\" content=\"da_DK\" \/>\n<meta property=\"og:type\" content=\"article\" \/>\n<meta property=\"og:title\" content=\"Sts Tips\" \/>\n<meta property=\"og:description\" content=\"F\u00e5 korte og smarte tips til dit udvekslings\u00e5r. Se vores tidligere studerende Lovisa, som fort\u00e6ller om sin oplevelse af et udvekslings\u00e5r, og hvad man skal overveje f\u00f8r, under og efter et udlandsophold.\" \/>\n<meta property=\"og:url\" content=\"https:\/\/www.sts-education.com\/dk\/high-school\/beretninger-fra-eleverne\/sts-tips\/\" \/>\n<meta property=\"og:site_name\" content=\"STS Education\" \/>\n<meta property=\"article:modified_time\" content=\"2026-04-01T01:49:27+00:00\" \/>\n<meta property=\"og:image\" content=\"https:\/\/powered-by.qbank.se\/educatius\/sts\/\/7440107dd1103351e1c1ef647f404655_1-1-thumb.webp\" \/>\n\t<meta property=\"og:image:width\" content=\"150\" \/>\n\t<meta property=\"og:image:height\" content=\"150\" \/>\n\t<meta property=\"og:image:type\" content=\"image\/jpeg\" \/>\n<meta name=\"twitter:card\" content=\"summary_large_image\" \/>\n<script type=\"application\/ld+json\" class=\"yoast-schema-graph\">{\"@context\":\"https:\\\/\\\/schema.org\",\"@graph\":[{\"@type\":\"WebPage\",\"@id\":\"https:\\\/\\\/www.sts-education.com\\\/dk\\\/high-school\\\/beretninger-fra-eleverne\\\/sts-tips\\\/\",\"url\":\"https:\\\/\\\/www.sts-education.com\\\/dk\\\/high-school\\\/beretninger-fra-eleverne\\\/sts-tips\\\/\",\"name\":\"Tips og tricks til dit udvekslings\u00e5r\",\"isPartOf\":{\"@id\":\"https:\\\/\\\/www.sts-education.com\\\/dk\\\/#website\"},\"primaryImageOfPage\":{\"@id\":\"https:\\\/\\\/www.sts-education.com\\\/dk\\\/high-school\\\/beretninger-fra-eleverne\\\/sts-tips\\\/#primaryimage\"},\"image\":{\"@id\":\"https:\\\/\\\/www.sts-education.com\\\/dk\\\/high-school\\\/beretninger-fra-eleverne\\\/sts-tips\\\/#primaryimage\"},\"thumbnailUrl\":\"https:\\\/\\\/powered-by.qbank.se\\\/educatius\\\/sts\\\/\\\/7440107dd1103351e1c1ef647f404655_1-1-thumb.webp\",\"datePublished\":\"2025-12-16T10:41:16+00:00\",\"dateModified\":\"2026-04-01T01:49:27+00:00\",\"description\":\"F\u00e5 korte og smarte tips til dit udvekslings\u00e5r. Se vores tidligere studerende Lovisa, som fort\u00e6ller om sin oplevelse af et udvekslings\u00e5r, og hvad man skal overveje f\u00f8r, under og efter et udlandsophold.\",\"breadcrumb\":{\"@id\":\"https:\\\/\\\/www.sts-education.com\\\/dk\\\/high-school\\\/beretninger-fra-eleverne\\\/sts-tips\\\/#breadcrumb\"},\"inLanguage\":\"da-DK\",\"potentialAction\":[{\"@type\":\"ReadAction\",\"target\":[\"https:\\\/\\\/www.sts-education.com\\\/dk\\\/high-school\\\/beretninger-fra-eleverne\\\/sts-tips\\\/\"]}]},{\"@type\":\"ImageObject\",\"inLanguage\":\"da-DK\",\"@id\":\"https:\\\/\\\/www.sts-education.com\\\/dk\\\/high-school\\\/beretninger-fra-eleverne\\\/sts-tips\\\/#primaryimage\",\"url\":\"https:\\\/\\\/powered-by.qbank.se\\\/educatius\\\/sts\\\/\\\/7440107dd1103351e1c1ef647f404655_1-1-thumb.webp\",\"contentUrl\":\"https:\\\/\\\/powered-by.qbank.se\\\/educatius\\\/sts\\\/\\\/7440107dd1103351e1c1ef647f404655_1-1-thumb.webp\",\"width\":150,\"height\":150},{\"@type\":\"BreadcrumbList\",\"@id\":\"https:\\\/\\\/www.sts-education.com\\\/dk\\\/high-school\\\/beretninger-fra-eleverne\\\/sts-tips\\\/#breadcrumb\",\"itemListElement\":[{\"@type\":\"ListItem\",\"position\":1,\"name\":\"Home\",\"item\":\"https:\\\/\\\/www.sts-education.com\\\/dk\\\/sample-page\\\/\"},{\"@type\":\"ListItem\",\"position\":2,\"name\":\"High school udveksling\",\"item\":\"https:\\\/\\\/www.sts-education.com\\\/dk\\\/high-school\\\/\"},{\"@type\":\"ListItem\",\"position\":3,\"name\":\"Beretninger Fra Eleverne\",\"item\":\"https:\\\/\\\/www.sts-education.com\\\/dk\\\/high-school\\\/beretninger-fra-eleverne\\\/\"},{\"@type\":\"ListItem\",\"position\":4,\"name\":\"Sts Tips\"}]},{\"@type\":\"WebSite\",\"@id\":\"https:\\\/\\\/www.sts-education.com\\\/dk\\\/#website\",\"url\":\"https:\\\/\\\/www.sts-education.com\\\/dk\\\/\",\"name\":\"STS Education\",\"description\":\"\",\"potentialAction\":[{\"@type\":\"SearchAction\",\"target\":{\"@type\":\"EntryPoint\",\"urlTemplate\":\"https:\\\/\\\/www.sts-education.com\\\/dk\\\/?s={search_term_string}\"},\"query-input\":{\"@type\":\"PropertyValueSpecification\",\"valueRequired\":true,\"valueName\":\"search_term_string\"}}],\"inLanguage\":\"da-DK\"}]}<\/script>\n<!-- \/ Yoast SEO Premium plugin. -->","yoast_head_json":{"title":"Tips og tricks til dit udvekslings\u00e5r","description":"F\u00e5 korte og smarte tips til dit udvekslings\u00e5r. Se vores tidligere studerende Lovisa, som fort\u00e6ller om sin oplevelse af et udvekslings\u00e5r, og hvad man skal overveje f\u00f8r, under og efter et udlandsophold.","robots":{"index":"index","follow":"follow","max-snippet":"max-snippet:-1","max-image-preview":"max-image-preview:large","max-video-preview":"max-video-preview:-1"},"canonical":"https:\/\/www.sts-education.com\/dk\/high-school\/beretninger-fra-eleverne\/sts-tips\/","og_locale":"da_DK","og_type":"article","og_title":"Sts Tips","og_description":"F\u00e5 korte og smarte tips til dit udvekslings\u00e5r. Se vores tidligere studerende Lovisa, som fort\u00e6ller om sin oplevelse af et udvekslings\u00e5r, og hvad man skal overveje f\u00f8r, under og efter et udlandsophold.","og_url":"https:\/\/www.sts-education.com\/dk\/high-school\/beretninger-fra-eleverne\/sts-tips\/","og_site_name":"STS Education","article_modified_time":"2026-04-01T01:49:27+00:00","og_image":[{"width":150,"height":150,"url":"https:\/\/powered-by.qbank.se\/educatius\/sts\/\/7440107dd1103351e1c1ef647f404655_1-1-thumb.webp","type":"image\/jpeg"}],"twitter_card":"summary_large_image","schema":{"@context":"https:\/\/schema.org","@graph":[{"@type":"WebPage","@id":"https:\/\/www.sts-education.com\/dk\/high-school\/beretninger-fra-eleverne\/sts-tips\/","url":"https:\/\/www.sts-education.com\/dk\/high-school\/beretninger-fra-eleverne\/sts-tips\/","name":"Tips og tricks til dit udvekslings\u00e5r","isPartOf":{"@id":"https:\/\/www.sts-education.com\/dk\/#website"},"primaryImageOfPage":{"@id":"https:\/\/www.sts-education.com\/dk\/high-school\/beretninger-fra-eleverne\/sts-tips\/#primaryimage"},"image":{"@id":"https:\/\/www.sts-education.com\/dk\/high-school\/beretninger-fra-eleverne\/sts-tips\/#primaryimage"},"thumbnailUrl":"https:\/\/powered-by.qbank.se\/educatius\/sts\/\/7440107dd1103351e1c1ef647f404655_1-1-thumb.webp","datePublished":"2025-12-16T10:41:16+00:00","dateModified":"2026-04-01T01:49:27+00:00","description":"F\u00e5 korte og smarte tips til dit udvekslings\u00e5r. Se vores tidligere studerende Lovisa, som fort\u00e6ller om sin oplevelse af et udvekslings\u00e5r, og hvad man skal overveje f\u00f8r, under og efter et udlandsophold.","breadcrumb":{"@id":"https:\/\/www.sts-education.com\/dk\/high-school\/beretninger-fra-eleverne\/sts-tips\/#breadcrumb"},"inLanguage":"da-DK","potentialAction":[{"@type":"ReadAction","target":["https:\/\/www.sts-education.com\/dk\/high-school\/beretninger-fra-eleverne\/sts-tips\/"]}]},{"@type":"ImageObject","inLanguage":"da-DK","@id":"https:\/\/www.sts-education.com\/dk\/high-school\/beretninger-fra-eleverne\/sts-tips\/#primaryimage","url":"https:\/\/powered-by.qbank.se\/educatius\/sts\/\/7440107dd1103351e1c1ef647f404655_1-1-thumb.webp","contentUrl":"https:\/\/powered-by.qbank.se\/educatius\/sts\/\/7440107dd1103351e1c1ef647f404655_1-1-thumb.webp","width":150,"height":150},{"@type":"BreadcrumbList","@id":"https:\/\/www.sts-education.com\/dk\/high-school\/beretninger-fra-eleverne\/sts-tips\/#breadcrumb","itemListElement":[{"@type":"ListItem","position":1,"name":"Home","item":"https:\/\/www.sts-education.com\/dk\/sample-page\/"},{"@type":"ListItem","position":2,"name":"High school udveksling","item":"https:\/\/www.sts-education.com\/dk\/high-school\/"},{"@type":"ListItem","position":3,"name":"Beretninger Fra Eleverne","item":"https:\/\/www.sts-education.com\/dk\/high-school\/beretninger-fra-eleverne\/"},{"@type":"ListItem","position":4,"name":"Sts Tips"}]},{"@type":"WebSite","@id":"https:\/\/www.sts-education.com\/dk\/#website","url":"https:\/\/www.sts-education.com\/dk\/","name":"STS Education","description":"","potentialAction":[{"@type":"SearchAction","target":{"@type":"EntryPoint","urlTemplate":"https:\/\/www.sts-education.com\/dk\/?s={search_term_string}"},"query-input":{"@type":"PropertyValueSpecification","valueRequired":true,"valueName":"search_term_string"}}],"inLanguage":"da-DK"}]}},"_links":{"self":[{"href":"https:\/\/www.sts-education.com\/dk\/wp-json\/wp\/v2\/pages\/10393","targetHints":{"allow":["GET"]}}],"collection":[{"href":"https:\/\/www.sts-education.com\/dk\/wp-json\/wp\/v2\/pages"}],"about":[{"href":"https:\/\/www.sts-education.com\/dk\/wp-json\/wp\/v2\/types\/page"}],"author":[{"embeddable":true,"href":"https:\/\/www.sts-education.com\/dk\/wp-json\/wp\/v2\/users\/20"}],"replies":[{"embeddable":true,"href":"https:\/\/www.sts-education.com\/dk\/wp-json\/wp\/v2\/comments?post=10393"}],"version-history":[{"count":2,"href":"https:\/\/www.sts-education.com\/dk\/wp-json\/wp\/v2\/pages\/10393\/revisions"}],"predecessor-version":[{"id":20354,"href":"https:\/\/www.sts-education.com\/dk\/wp-json\/wp\/v2\/pages\/10393\/revisions\/20354"}],"up":[{"embeddable":true,"href":"https:\/\/www.sts-education.com\/dk\/wp-json\/wp\/v2\/pages\/10378"}],"wp:featuredmedia":[{"embeddable":true,"href":"https:\/\/www.sts-education.com\/dk\/wp-json\/wp\/v2\/media\/15154"}],"wp:attachment":[{"href":"https:\/\/www.sts-education.com\/dk\/wp-json\/wp\/v2\/media?parent=10393"}],"wp:term":[{"taxonomy":"wpw_page_folders","embeddable":true,"href":"https:\/\/www.sts-education.com\/dk\/wp-json\/wp\/v2\/wpw_page_folders?post=10393"}],"curies":[{"name":"wp","href":"https:\/\/api.w.org\/{rel}","templated":true}]}}