{"id":10395,"date":"2025-12-16T10:18:24","date_gmt":"2025-12-16T10:18:24","guid":{"rendered":"https:\/\/preprod.sts-education.com\/high-school\/fakta-og-priser\/alt-dette-er-inkluderet\/"},"modified":"2026-04-15T09:38:20","modified_gmt":"2026-04-15T09:38:20","slug":"alt-dette-er-inkluderet","status":"publish","type":"page","link":"https:\/\/www.sts-education.com\/dk\/high-school\/fakta-og-priser\/alt-dette-er-inkluderet\/","title":{"rendered":"Alt Dette Er Inkluderet"},"content":{"rendered":"\n<section class=\"wp-block-sts-hero sts-block-hero is-variant-full-background has-text-light has-background-media\" style=\"--sts-hero-padding-mobile:0px;--sts-hero-padding-desktop:0px;--sts-hero-text-color:var(--wp--preset--color--base-10, #fff);\" data-variant=\"full-background\"><div class=\"sts-block-hero__background\"><picture class=\"sts-responsive-image has-fit-cover is-skeleton\"><img src=\"https:\/\/cdn.sts-education.com\/12639_hero_lg_xl.jpg\" alt=\"Alt dette er inkluderet\" loading=\"lazy\" decoding=\"async\" fetchpriority=\"low\" sizes=\"100vw\" \/><\/picture><span class=\"sts-block-hero__overlay\" aria-hidden=\"true\"><\/span><\/div><div class=\"sts-block-hero__inner\"><div class=\"sts-block-hero__content has-align-center\"><div class=\"sts-block-hero__content-inner\"><h1 class=\"sts-block-hero__heading\">Alt dette er inkluderet<\/h1><\/div><\/div><\/div><\/section>\n\n\n\n<div class=\"wp-block-sts-text sts-text-editor has-max-width-md\"><div class=\"sts-text-editor__content\"><div class=\"sts-text-editor__content-inner\">\n<p>Et udvekslings\u00e5r er fyldt med uforglemmelige oplevelser \u2013 det vil du snart opdage. Du vil opleve mange vidunderlige \u00f8jeblikke, der bliver til livslange minder.<\/p>\n<p>N\u00e5r du rejser med STS, har du mulighed for at tr\u00e6kke p\u00e5 den viden, som vores dygtige udvekslingseksperter besidder. De kan guide dig, s\u00e5 du f\u00e5r det bedst mulige ophold.<\/p>\n<h2>Alt dette er inkluderet med STS<\/h2>\n<ul><li>Interview, m\u00f8der og materialer, s\u00e5 du og dine for\u00e6ldre kan forberede jer p\u00e5 dit udvekslings\u00e5r.<\/li>\n<li>STS Welcome Camp er inkluderet p\u00e5 n\u00e6sten alle destinationer, n\u00e5r du tager p\u00e5 udveksling med afrejse om efter\u00e5ret.<\/li>\n<li>Returbillet til dit v\u00e6rtsland<\/li>\n<li>Afrejsegaranti &#8211; Hvis du bliver optaget, og du af en eller anden grund ikke bliver placeret efter dit oprindelige valg, kan vi altid tilbyde et alternativ.<\/li>\n<li>STS-rygs\u00e6k.<\/li>\n<li>En lokal ansat eller v\u00e6rtsfamilien vil m\u00f8de dig i lufthavnen, n\u00e5r du ankommer.<\/li>\n<li>Placering hos en en v\u00e6rtsfamilie med fuld kost og logi.<\/li>\n<li>Kontakt til STS\u2019 omr\u00e5derepr\u00e6sentant, lokale kontor og hovedkvarter under hele opholdet.<\/li>\n<li>24-timers telefonservice. Du kan altid f\u00e5 fat p\u00e5 os.<\/li>\n<li>Informationsm\u00f8der i l\u00f8bet af skole\u00e5ret med omr\u00e5derepr\u00e6sentanter og andre udvekslingselever.<\/li>\n<li>Diplom efter at have fuldendt udvekslings- eller skole\u00e5ret.<\/li><\/ul>\n<h2>Ekstraudgifter<\/h2>\n<p>Der er ogs\u00e5 nogle f\u00e5 ting, du kan v\u00e6lge at tilf\u00f8je som <a href=\"https:\/\/www.sts-education.com\/dk\/high-school\/fakta-og-priser\/valgmuligheder\/\">ekstra tilvalg<\/a>, som koster ekstra i forbindelse med dit udvekslings\u00e5r.<\/p>\n<p><strong>Ekstraudgifter er bl.a. til:<\/strong><\/p>\n<ul><li>L\u00e6geerkl\u00e6ring<\/li>\n<li>Eventuelle vacciner<\/li>\n<li>Eventuelt visum (og relaterede gebyrer)<\/li>\n<li>Flyskatter, gebyrer og till\u00e6g<\/li>\n<li>Afbestillingsforsikring<\/li>\n<li>Lommepenge<\/li>\n<li>Toiletartikler<\/li>\n<li>Udgifter til rejser og andre aktiviteter i v\u00e6rtslandet<\/li>\n<li>Skoleuniform, hvis det er p\u00e5kr\u00e6vet p\u00e5 din skole<\/li>\n<li>Frokost p\u00e5 skolen<\/li>\n<li>Offentlig transport\/skolebus<\/li>\n<li>Forsikring<\/li>\n<li>Eventuelt vekselgebyr<\/li>\n<li>Der kan v\u00e6re ekstraudgifter, hvis du har brug for specialkost<\/li><\/ul>\n<\/div><\/div><\/div>\n","protected":false},"excerpt":{"rendered":"","protected":false},"author":20,"featured_media":0,"parent":10380,"menu_order":0,"comment_status":"closed","ping_status":"closed","template":"templates\/template-default-with-breadcrumbs.php","meta":{"_acf_changed":false,"sts_page_background_color":"","footnotes":""},"wpw_page_folders":[86],"class_list":["post-10395","page","type-page","status-publish","hentry"],"acf":[],"yoast_head":"<!-- This site is optimized with the Yoast SEO Premium plugin v27.2 (Yoast SEO v27.3) - https:\/\/yoast.com\/product\/yoast-seo-premium-wordpress\/ -->\n<title>Hvad er inkluderet i prisen for et udvekslings\u00e5r?<\/title>\n<meta name=\"description\" content=\"Alt dette er inkluderet i et udvekslings\u00e5r med STS. Interview, STS Welcome Camp, rejse, skole, logi, certifikat og meget mere.\" \/>\n<meta name=\"robots\" content=\"index, follow, max-snippet:-1, max-image-preview:large, max-video-preview:-1\" \/>\n<link rel=\"canonical\" href=\"https:\/\/www.sts-education.com\/dk\/high-school\/fakta-og-priser\/alt-dette-er-inkluderet\/\" \/>\n<meta property=\"og:locale\" content=\"da_DK\" \/>\n<meta property=\"og:type\" content=\"article\" \/>\n<meta property=\"og:title\" content=\"Alt Dette Er Inkluderet\" \/>\n<meta property=\"og:description\" content=\"Alt dette er inkluderet i et udvekslings\u00e5r med STS. Interview, STS Welcome Camp, rejse, skole, logi, certifikat og meget mere.\" \/>\n<meta property=\"og:url\" content=\"https:\/\/www.sts-education.com\/dk\/high-school\/fakta-og-priser\/alt-dette-er-inkluderet\/\" \/>\n<meta property=\"og:site_name\" content=\"STS Education\" \/>\n<meta property=\"article:modified_time\" content=\"2026-04-15T09:38:20+00:00\" \/>\n<meta property=\"og:image\" content=\"https:\/\/cdn.sts-education.com\/12639_hero_lg_xl.jpg\" \/>\n<meta name=\"twitter:card\" content=\"summary_large_image\" \/>\n<meta name=\"twitter:label1\" content=\"Estimeret l\u00e6setid\" \/>\n\t<meta name=\"twitter:data1\" content=\"2 minutter\" \/>\n<script type=\"application\/ld+json\" class=\"yoast-schema-graph\">{\"@context\":\"https:\\\/\\\/schema.org\",\"@graph\":[{\"@type\":\"WebPage\",\"@id\":\"https:\\\/\\\/www.sts-education.com\\\/dk\\\/high-school\\\/fakta-og-priser\\\/alt-dette-er-inkluderet\\\/\",\"url\":\"https:\\\/\\\/www.sts-education.com\\\/dk\\\/high-school\\\/fakta-og-priser\\\/alt-dette-er-inkluderet\\\/\",\"name\":\"Hvad er inkluderet i prisen for et udvekslings\u00e5r?\",\"isPartOf\":{\"@id\":\"https:\\\/\\\/www.sts-education.com\\\/dk\\\/#website\"},\"primaryImageOfPage\":{\"@id\":\"https:\\\/\\\/www.sts-education.com\\\/dk\\\/high-school\\\/fakta-og-priser\\\/alt-dette-er-inkluderet\\\/#primaryimage\"},\"image\":{\"@id\":\"https:\\\/\\\/www.sts-education.com\\\/dk\\\/high-school\\\/fakta-og-priser\\\/alt-dette-er-inkluderet\\\/#primaryimage\"},\"thumbnailUrl\":\"https:\\\/\\\/cdn.sts-education.com\\\/12639_hero_lg_xl.jpg\",\"datePublished\":\"2025-12-16T10:18:24+00:00\",\"dateModified\":\"2026-04-15T09:38:20+00:00\",\"description\":\"Alt dette er inkluderet i et udvekslings\u00e5r med STS. Interview, STS Welcome Camp, rejse, skole, logi, certifikat og meget mere.\",\"breadcrumb\":{\"@id\":\"https:\\\/\\\/www.sts-education.com\\\/dk\\\/high-school\\\/fakta-og-priser\\\/alt-dette-er-inkluderet\\\/#breadcrumb\"},\"inLanguage\":\"da-DK\",\"potentialAction\":[{\"@type\":\"ReadAction\",\"target\":[\"https:\\\/\\\/www.sts-education.com\\\/dk\\\/high-school\\\/fakta-og-priser\\\/alt-dette-er-inkluderet\\\/\"]}]},{\"@type\":\"ImageObject\",\"inLanguage\":\"da-DK\",\"@id\":\"https:\\\/\\\/www.sts-education.com\\\/dk\\\/high-school\\\/fakta-og-priser\\\/alt-dette-er-inkluderet\\\/#primaryimage\",\"url\":\"https:\\\/\\\/cdn.sts-education.com\\\/12639_hero_lg_xl.jpg\",\"contentUrl\":\"https:\\\/\\\/cdn.sts-education.com\\\/12639_hero_lg_xl.jpg\"},{\"@type\":\"BreadcrumbList\",\"@id\":\"https:\\\/\\\/www.sts-education.com\\\/dk\\\/high-school\\\/fakta-og-priser\\\/alt-dette-er-inkluderet\\\/#breadcrumb\",\"itemListElement\":[{\"@type\":\"ListItem\",\"position\":1,\"name\":\"Home\",\"item\":\"https:\\\/\\\/www.sts-education.com\\\/dk\\\/sample-page\\\/\"},{\"@type\":\"ListItem\",\"position\":2,\"name\":\"High school udveksling\",\"item\":\"https:\\\/\\\/www.sts-education.com\\\/dk\\\/high-school\\\/\"},{\"@type\":\"ListItem\",\"position\":3,\"name\":\"Fakta Og Priser\",\"item\":\"https:\\\/\\\/www.sts-education.com\\\/dk\\\/high-school\\\/fakta-og-priser\\\/\"},{\"@type\":\"ListItem\",\"position\":4,\"name\":\"Alt Dette Er Inkluderet\"}]},{\"@type\":\"WebSite\",\"@id\":\"https:\\\/\\\/www.sts-education.com\\\/dk\\\/#website\",\"url\":\"https:\\\/\\\/www.sts-education.com\\\/dk\\\/\",\"name\":\"STS Education\",\"description\":\"\",\"potentialAction\":[{\"@type\":\"SearchAction\",\"target\":{\"@type\":\"EntryPoint\",\"urlTemplate\":\"https:\\\/\\\/www.sts-education.com\\\/dk\\\/?s={search_term_string}\"},\"query-input\":{\"@type\":\"PropertyValueSpecification\",\"valueRequired\":true,\"valueName\":\"search_term_string\"}}],\"inLanguage\":\"da-DK\"}]}<\/script>\n<!-- \/ Yoast SEO Premium plugin. -->","yoast_head_json":{"title":"Hvad er inkluderet i prisen for et udvekslings\u00e5r?","description":"Alt dette er inkluderet i et udvekslings\u00e5r med STS. Interview, STS Welcome Camp, rejse, skole, logi, certifikat og meget mere.","robots":{"index":"index","follow":"follow","max-snippet":"max-snippet:-1","max-image-preview":"max-image-preview:large","max-video-preview":"max-video-preview:-1"},"canonical":"https:\/\/www.sts-education.com\/dk\/high-school\/fakta-og-priser\/alt-dette-er-inkluderet\/","og_locale":"da_DK","og_type":"article","og_title":"Alt Dette Er Inkluderet","og_description":"Alt dette er inkluderet i et udvekslings\u00e5r med STS. Interview, STS Welcome Camp, rejse, skole, logi, certifikat og meget mere.","og_url":"https:\/\/www.sts-education.com\/dk\/high-school\/fakta-og-priser\/alt-dette-er-inkluderet\/","og_site_name":"STS Education","article_modified_time":"2026-04-15T09:38:20+00:00","og_image":[{"url":"https:\/\/cdn.sts-education.com\/12639_hero_lg_xl.jpg","type":"","width":"","height":""}],"twitter_card":"summary_large_image","twitter_misc":{"Estimeret l\u00e6setid":"2 minutter"},"schema":{"@context":"https:\/\/schema.org","@graph":[{"@type":"WebPage","@id":"https:\/\/www.sts-education.com\/dk\/high-school\/fakta-og-priser\/alt-dette-er-inkluderet\/","url":"https:\/\/www.sts-education.com\/dk\/high-school\/fakta-og-priser\/alt-dette-er-inkluderet\/","name":"Hvad er inkluderet i prisen for et udvekslings\u00e5r?","isPartOf":{"@id":"https:\/\/www.sts-education.com\/dk\/#website"},"primaryImageOfPage":{"@id":"https:\/\/www.sts-education.com\/dk\/high-school\/fakta-og-priser\/alt-dette-er-inkluderet\/#primaryimage"},"image":{"@id":"https:\/\/www.sts-education.com\/dk\/high-school\/fakta-og-priser\/alt-dette-er-inkluderet\/#primaryimage"},"thumbnailUrl":"https:\/\/cdn.sts-education.com\/12639_hero_lg_xl.jpg","datePublished":"2025-12-16T10:18:24+00:00","dateModified":"2026-04-15T09:38:20+00:00","description":"Alt dette er inkluderet i et udvekslings\u00e5r med STS. Interview, STS Welcome Camp, rejse, skole, logi, certifikat og meget mere.","breadcrumb":{"@id":"https:\/\/www.sts-education.com\/dk\/high-school\/fakta-og-priser\/alt-dette-er-inkluderet\/#breadcrumb"},"inLanguage":"da-DK","potentialAction":[{"@type":"ReadAction","target":["https:\/\/www.sts-education.com\/dk\/high-school\/fakta-og-priser\/alt-dette-er-inkluderet\/"]}]},{"@type":"ImageObject","inLanguage":"da-DK","@id":"https:\/\/www.sts-education.com\/dk\/high-school\/fakta-og-priser\/alt-dette-er-inkluderet\/#primaryimage","url":"https:\/\/cdn.sts-education.com\/12639_hero_lg_xl.jpg","contentUrl":"https:\/\/cdn.sts-education.com\/12639_hero_lg_xl.jpg"},{"@type":"BreadcrumbList","@id":"https:\/\/www.sts-education.com\/dk\/high-school\/fakta-og-priser\/alt-dette-er-inkluderet\/#breadcrumb","itemListElement":[{"@type":"ListItem","position":1,"name":"Home","item":"https:\/\/www.sts-education.com\/dk\/sample-page\/"},{"@type":"ListItem","position":2,"name":"High school udveksling","item":"https:\/\/www.sts-education.com\/dk\/high-school\/"},{"@type":"ListItem","position":3,"name":"Fakta Og Priser","item":"https:\/\/www.sts-education.com\/dk\/high-school\/fakta-og-priser\/"},{"@type":"ListItem","position":4,"name":"Alt Dette Er Inkluderet"}]},{"@type":"WebSite","@id":"https:\/\/www.sts-education.com\/dk\/#website","url":"https:\/\/www.sts-education.com\/dk\/","name":"STS Education","description":"","potentialAction":[{"@type":"SearchAction","target":{"@type":"EntryPoint","urlTemplate":"https:\/\/www.sts-education.com\/dk\/?s={search_term_string}"},"query-input":{"@type":"PropertyValueSpecification","valueRequired":true,"valueName":"search_term_string"}}],"inLanguage":"da-DK"}]}},"_links":{"self":[{"href":"https:\/\/www.sts-education.com\/dk\/wp-json\/wp\/v2\/pages\/10395","targetHints":{"allow":["GET"]}}],"collection":[{"href":"https:\/\/www.sts-education.com\/dk\/wp-json\/wp\/v2\/pages"}],"about":[{"href":"https:\/\/www.sts-education.com\/dk\/wp-json\/wp\/v2\/types\/page"}],"author":[{"embeddable":true,"href":"https:\/\/www.sts-education.com\/dk\/wp-json\/wp\/v2\/users\/20"}],"replies":[{"embeddable":true,"href":"https:\/\/www.sts-education.com\/dk\/wp-json\/wp\/v2\/comments?post=10395"}],"version-history":[{"count":5,"href":"https:\/\/www.sts-education.com\/dk\/wp-json\/wp\/v2\/pages\/10395\/revisions"}],"predecessor-version":[{"id":35532,"href":"https:\/\/www.sts-education.com\/dk\/wp-json\/wp\/v2\/pages\/10395\/revisions\/35532"}],"up":[{"embeddable":true,"href":"https:\/\/www.sts-education.com\/dk\/wp-json\/wp\/v2\/pages\/10380"}],"wp:attachment":[{"href":"https:\/\/www.sts-education.com\/dk\/wp-json\/wp\/v2\/media?parent=10395"}],"wp:term":[{"taxonomy":"wpw_page_folders","embeddable":true,"href":"https:\/\/www.sts-education.com\/dk\/wp-json\/wp\/v2\/wpw_page_folders?post=10395"}],"curies":[{"name":"wp","href":"https:\/\/api.w.org\/{rel}","templated":true}]}}