{"id":10396,"date":"2025-12-16T10:19:15","date_gmt":"2025-12-16T10:19:15","guid":{"rendered":"https:\/\/preprod.sts-education.com\/high-school\/fakta-og-priser\/booking-og-betaling\/"},"modified":"2026-04-15T09:38:18","modified_gmt":"2026-04-15T09:38:18","slug":"booking-og-betaling","status":"publish","type":"page","link":"https:\/\/www.sts-education.com\/dk\/high-school\/fakta-og-priser\/booking-og-betaling\/","title":{"rendered":"Booking Og Betaling"},"content":{"rendered":"\n<section class=\"wp-block-sts-hero sts-block-hero is-variant-full-background has-text-light has-background-media\" style=\"--sts-hero-padding-mobile:0px;--sts-hero-padding-desktop:0px;--sts-hero-text-color:var(--wp--preset--color--base-10, #fff);\" data-variant=\"full-background\"><div class=\"sts-block-hero__background\"><picture class=\"sts-responsive-image has-fit-cover is-skeleton\"><img src=\"https:\/\/cdn.sts-education.com\/12578_hero_lg_xl.jpg\" alt=\"Booking og betaling\" loading=\"lazy\" decoding=\"async\" fetchpriority=\"low\" sizes=\"100vw\" \/><\/picture><span class=\"sts-block-hero__overlay\" aria-hidden=\"true\"><\/span><\/div><div class=\"sts-block-hero__inner\"><div class=\"sts-block-hero__content has-align-center\"><div class=\"sts-block-hero__content-inner\"><h1 class=\"sts-block-hero__heading\">Booking og betaling<\/h1><\/div><\/div><\/div><\/section>\n\n\n\n<div class=\"wp-block-sts-text sts-text-editor has-max-width-md\"><div class=\"sts-text-editor__content\"><div class=\"sts-text-editor__content-inner\">\n<h2>Registreringsgebyr og programgebyr<\/h2>\n\n<h3>High School Classic<\/h3>\n\n<p>Programgebyret for <strong>Classic<\/strong> skal betales af dig eller din(e) v\u00e6rge(r) i henhold til f\u00f8lgende specifikationer:<\/p>\n\n<ul><li><strong>1. rate<\/strong> \u2013 et registreringsgebyr i henhold til oplysningerne i programtilbuddet skal betales inden for ti (10) dage fra fakturadatoen.<\/li>\n<li><strong>2. rate<\/strong> \u2013 25\u202f% af programgebyret skal betales senest den 1. juni (for for\u00e5rsafrejser) eller den 1. september (for efter\u00e5rsafrejser).<\/li>\n<li><strong>3. rate<\/strong> \u2013 25\u202f% af programgebyret skal betales senest den 1. august (for for\u00e5rsafrejser) eller den 1. december (for efter\u00e5rsafrejser).<\/li>\n<li><strong>4. rate<\/strong> \u2013 25\u202f% af programgebyret skal betales senest den 1. oktober (for for\u00e5rsafrejser) eller den 1. februar (for efter\u00e5rsafrejser).<\/li>\n<li><strong>5. rate<\/strong> \u2013 det resterende bel\u00f8b af programgebyret skal betales senest den 1. november (for for\u00e5rsafrejser) eller den 1. april (for efter\u00e5rsafrejser).<\/li>\n<li><strong>6. rate<\/strong> \u2013 valutagebyrer, forsikring og eventuelle tilk\u00f8b skal betales senest den 15. december (for for\u00e5rsafrejser) eller den 1. juni (for efter\u00e5rsafrejser).<\/li><\/ul>\n\n<h3>High School Select<\/h3>\n\n<p>Programgebyret for <strong>Select<\/strong> skal betales af dig eller din(e) v\u00e6rge(r) i henhold til f\u00f8lgende specifikationer:<\/p>\n\n<ul><li><strong>1. rate<\/strong> \u2013 et registreringsgebyr i henhold til oplysningerne i programtilbuddet skal betales inden for ti (10) dage fra fakturadatoen.<\/li>\n<li><strong>2. rate<\/strong> \u2013 25\u202f% af programgebyret skal betales senest den 1. juli (for for\u00e5rsafrejser) eller den 1. november (for efter\u00e5rsafrejser).<\/li>\n<li><strong>3. rate<\/strong> \u2013 25\u202f% af programgebyret skal betales senest den 1. november (for for\u00e5rsafrejser) eller den 1. februar (for efter\u00e5rsafrejser).<\/li>\n<li><strong>4. rate<\/strong> \u2013 det resterende bel\u00f8b af programgebyret, valutagebyrer, forsikring og eventuelle tilk\u00f8b skal betales senest den 15. december (for for\u00e5rsafrejser) eller den 1. juni (for efter\u00e5rsafrejser).<\/li><\/ul>\n\n<h2>Forsikring<\/h2>\n\n<p>Det er obligatorisk for alle STS-elever at have en gyldig forsikring under hele opholdet i v\u00e6rtslandet. Vi tilbyder en skr\u00e6ddersyet forsikring, der d\u00e6kker sygdom, ulykke, erstatningsansvar og bagage, og den er godkendt af de offentlige myndigheder i det land, du skal rejse til.<\/p>\n\n<p>Hvis du gerne vil have en anden forsikring, skal den v\u00e6re godkendt af myndighederne i v\u00e6rtslandet (fx en statslig myndighed eller skole). Tag en snak med os p\u00e5 STS \u2013 s\u00e5 kan vi guide dig mht. forsikring.<\/p>\n\n<h2>Afbestilling og afbestillingsforsikring<\/h2>\n\n<h3>Afbestilling af din rejse<\/h3>\n\n<p>Vi beholder 15% af programgebyret, hvis du afbestiller med mere end 5 m\u00e5neder tilbage f\u00f8r afrejse. Hvis du k\u00f8ber en afbestillingsforsikring, n\u00e5r du booker, s\u00e5 g\u00e6lder der selvf\u00f8lgelig andre regler.<\/p>\n\n<h3>Afbestillingsforsikring<\/h3>\n\n<p>Vi tilbyder to slags afbestillingsforsikring som tilvalg, n\u00e5r du booker dit udvekslings\u00e5r gennem os:<\/p>\n\n<p><strong>Standard cancellation protection<\/strong>:  Pris:4.950 DKK.<\/p>\n\n<p><strong>Extended cancellation protection<\/strong>: Pris: 12.950 DKK.<\/p>\n\n<h2>Sp\u00f8rgsm\u00e5l om din betaling<\/h2>\n\n<p>Hvis du har sp\u00f8rgsm\u00e5l om din betaling, finansiering, forsikring, v\u00e6rtsfamilie, ekstra tilvalg osv., s\u00e5 <a href=\"https:\/\/www.sts-education.com\/dk\/om-sts\/kontakt-os\/\">kontakt os<\/a>!<\/p>\n<\/div><\/div><\/div>\n","protected":false},"excerpt":{"rendered":"","protected":false},"author":20,"featured_media":0,"parent":10380,"menu_order":0,"comment_status":"closed","ping_status":"closed","template":"templates\/template-default-with-breadcrumbs.php","meta":{"_acf_changed":false,"sts_page_background_color":"","footnotes":""},"wpw_page_folders":[86],"class_list":["post-10396","page","type-page","status-publish","hentry"],"acf":[],"yoast_head":"<!-- This site is optimized with the Yoast SEO Premium plugin v27.2 (Yoast SEO v27.3) - https:\/\/yoast.com\/product\/yoast-seo-premium-wordpress\/ -->\n<title>Booking og sikker betaling for dit udvekslings\u00e5r | STS<\/title>\n<meta name=\"description\" content=\"N\u00e5r du har ans\u00f8gt og er blevet godkendt til et af vores udvekslingsprogrammer, betaler du et ans\u00f8gningsgebyr. Derefter opdeles resten af betalingen i flere delbetalinger.\" \/>\n<meta name=\"robots\" content=\"index, follow, max-snippet:-1, max-image-preview:large, max-video-preview:-1\" \/>\n<link rel=\"canonical\" href=\"https:\/\/www.sts-education.com\/dk\/high-school\/fakta-og-priser\/booking-og-betaling\/\" \/>\n<meta property=\"og:locale\" content=\"da_DK\" \/>\n<meta property=\"og:type\" content=\"article\" \/>\n<meta property=\"og:title\" content=\"Booking Og Betaling\" \/>\n<meta property=\"og:description\" content=\"N\u00e5r du har ans\u00f8gt og er blevet godkendt til et af vores udvekslingsprogrammer, betaler du et ans\u00f8gningsgebyr. Derefter opdeles resten af betalingen i flere delbetalinger.\" \/>\n<meta property=\"og:url\" content=\"https:\/\/www.sts-education.com\/dk\/high-school\/fakta-og-priser\/booking-og-betaling\/\" \/>\n<meta property=\"og:site_name\" content=\"STS Education\" \/>\n<meta property=\"article:modified_time\" content=\"2026-04-15T09:38:18+00:00\" \/>\n<meta property=\"og:image\" content=\"https:\/\/cdn.sts-education.com\/12578_hero_lg_xl.jpg\" \/>\n<meta name=\"twitter:card\" content=\"summary_large_image\" \/>\n<meta name=\"twitter:label1\" content=\"Estimeret l\u00e6setid\" \/>\n\t<meta name=\"twitter:data1\" content=\"2 minutter\" \/>\n<script type=\"application\/ld+json\" class=\"yoast-schema-graph\">{\"@context\":\"https:\\\/\\\/schema.org\",\"@graph\":[{\"@type\":\"WebPage\",\"@id\":\"https:\\\/\\\/www.sts-education.com\\\/dk\\\/high-school\\\/fakta-og-priser\\\/booking-og-betaling\\\/\",\"url\":\"https:\\\/\\\/www.sts-education.com\\\/dk\\\/high-school\\\/fakta-og-priser\\\/booking-og-betaling\\\/\",\"name\":\"Booking og sikker betaling for dit udvekslings\u00e5r | STS\",\"isPartOf\":{\"@id\":\"https:\\\/\\\/www.sts-education.com\\\/dk\\\/#website\"},\"primaryImageOfPage\":{\"@id\":\"https:\\\/\\\/www.sts-education.com\\\/dk\\\/high-school\\\/fakta-og-priser\\\/booking-og-betaling\\\/#primaryimage\"},\"image\":{\"@id\":\"https:\\\/\\\/www.sts-education.com\\\/dk\\\/high-school\\\/fakta-og-priser\\\/booking-og-betaling\\\/#primaryimage\"},\"thumbnailUrl\":\"https:\\\/\\\/cdn.sts-education.com\\\/12578_hero_lg_xl.jpg\",\"datePublished\":\"2025-12-16T10:19:15+00:00\",\"dateModified\":\"2026-04-15T09:38:18+00:00\",\"description\":\"N\u00e5r du har ans\u00f8gt og er blevet godkendt til et af vores udvekslingsprogrammer, betaler du et ans\u00f8gningsgebyr. Derefter opdeles resten af betalingen i flere delbetalinger.\",\"breadcrumb\":{\"@id\":\"https:\\\/\\\/www.sts-education.com\\\/dk\\\/high-school\\\/fakta-og-priser\\\/booking-og-betaling\\\/#breadcrumb\"},\"inLanguage\":\"da-DK\",\"potentialAction\":[{\"@type\":\"ReadAction\",\"target\":[\"https:\\\/\\\/www.sts-education.com\\\/dk\\\/high-school\\\/fakta-og-priser\\\/booking-og-betaling\\\/\"]}]},{\"@type\":\"ImageObject\",\"inLanguage\":\"da-DK\",\"@id\":\"https:\\\/\\\/www.sts-education.com\\\/dk\\\/high-school\\\/fakta-og-priser\\\/booking-og-betaling\\\/#primaryimage\",\"url\":\"https:\\\/\\\/cdn.sts-education.com\\\/12578_hero_lg_xl.jpg\",\"contentUrl\":\"https:\\\/\\\/cdn.sts-education.com\\\/12578_hero_lg_xl.jpg\"},{\"@type\":\"BreadcrumbList\",\"@id\":\"https:\\\/\\\/www.sts-education.com\\\/dk\\\/high-school\\\/fakta-og-priser\\\/booking-og-betaling\\\/#breadcrumb\",\"itemListElement\":[{\"@type\":\"ListItem\",\"position\":1,\"name\":\"Home\",\"item\":\"https:\\\/\\\/www.sts-education.com\\\/dk\\\/sample-page\\\/\"},{\"@type\":\"ListItem\",\"position\":2,\"name\":\"High school udveksling\",\"item\":\"https:\\\/\\\/www.sts-education.com\\\/dk\\\/high-school\\\/\"},{\"@type\":\"ListItem\",\"position\":3,\"name\":\"Fakta Og Priser\",\"item\":\"https:\\\/\\\/www.sts-education.com\\\/dk\\\/high-school\\\/fakta-og-priser\\\/\"},{\"@type\":\"ListItem\",\"position\":4,\"name\":\"Booking Og Betaling\"}]},{\"@type\":\"WebSite\",\"@id\":\"https:\\\/\\\/www.sts-education.com\\\/dk\\\/#website\",\"url\":\"https:\\\/\\\/www.sts-education.com\\\/dk\\\/\",\"name\":\"STS Education\",\"description\":\"\",\"potentialAction\":[{\"@type\":\"SearchAction\",\"target\":{\"@type\":\"EntryPoint\",\"urlTemplate\":\"https:\\\/\\\/www.sts-education.com\\\/dk\\\/?s={search_term_string}\"},\"query-input\":{\"@type\":\"PropertyValueSpecification\",\"valueRequired\":true,\"valueName\":\"search_term_string\"}}],\"inLanguage\":\"da-DK\"}]}<\/script>\n<!-- \/ Yoast SEO Premium plugin. -->","yoast_head_json":{"title":"Booking og sikker betaling for dit udvekslings\u00e5r | STS","description":"N\u00e5r du har ans\u00f8gt og er blevet godkendt til et af vores udvekslingsprogrammer, betaler du et ans\u00f8gningsgebyr. Derefter opdeles resten af betalingen i flere delbetalinger.","robots":{"index":"index","follow":"follow","max-snippet":"max-snippet:-1","max-image-preview":"max-image-preview:large","max-video-preview":"max-video-preview:-1"},"canonical":"https:\/\/www.sts-education.com\/dk\/high-school\/fakta-og-priser\/booking-og-betaling\/","og_locale":"da_DK","og_type":"article","og_title":"Booking Og Betaling","og_description":"N\u00e5r du har ans\u00f8gt og er blevet godkendt til et af vores udvekslingsprogrammer, betaler du et ans\u00f8gningsgebyr. Derefter opdeles resten af betalingen i flere delbetalinger.","og_url":"https:\/\/www.sts-education.com\/dk\/high-school\/fakta-og-priser\/booking-og-betaling\/","og_site_name":"STS Education","article_modified_time":"2026-04-15T09:38:18+00:00","og_image":[{"url":"https:\/\/cdn.sts-education.com\/12578_hero_lg_xl.jpg","type":"","width":"","height":""}],"twitter_card":"summary_large_image","twitter_misc":{"Estimeret l\u00e6setid":"2 minutter"},"schema":{"@context":"https:\/\/schema.org","@graph":[{"@type":"WebPage","@id":"https:\/\/www.sts-education.com\/dk\/high-school\/fakta-og-priser\/booking-og-betaling\/","url":"https:\/\/www.sts-education.com\/dk\/high-school\/fakta-og-priser\/booking-og-betaling\/","name":"Booking og sikker betaling for dit udvekslings\u00e5r | STS","isPartOf":{"@id":"https:\/\/www.sts-education.com\/dk\/#website"},"primaryImageOfPage":{"@id":"https:\/\/www.sts-education.com\/dk\/high-school\/fakta-og-priser\/booking-og-betaling\/#primaryimage"},"image":{"@id":"https:\/\/www.sts-education.com\/dk\/high-school\/fakta-og-priser\/booking-og-betaling\/#primaryimage"},"thumbnailUrl":"https:\/\/cdn.sts-education.com\/12578_hero_lg_xl.jpg","datePublished":"2025-12-16T10:19:15+00:00","dateModified":"2026-04-15T09:38:18+00:00","description":"N\u00e5r du har ans\u00f8gt og er blevet godkendt til et af vores udvekslingsprogrammer, betaler du et ans\u00f8gningsgebyr. Derefter opdeles resten af betalingen i flere delbetalinger.","breadcrumb":{"@id":"https:\/\/www.sts-education.com\/dk\/high-school\/fakta-og-priser\/booking-og-betaling\/#breadcrumb"},"inLanguage":"da-DK","potentialAction":[{"@type":"ReadAction","target":["https:\/\/www.sts-education.com\/dk\/high-school\/fakta-og-priser\/booking-og-betaling\/"]}]},{"@type":"ImageObject","inLanguage":"da-DK","@id":"https:\/\/www.sts-education.com\/dk\/high-school\/fakta-og-priser\/booking-og-betaling\/#primaryimage","url":"https:\/\/cdn.sts-education.com\/12578_hero_lg_xl.jpg","contentUrl":"https:\/\/cdn.sts-education.com\/12578_hero_lg_xl.jpg"},{"@type":"BreadcrumbList","@id":"https:\/\/www.sts-education.com\/dk\/high-school\/fakta-og-priser\/booking-og-betaling\/#breadcrumb","itemListElement":[{"@type":"ListItem","position":1,"name":"Home","item":"https:\/\/www.sts-education.com\/dk\/sample-page\/"},{"@type":"ListItem","position":2,"name":"High school udveksling","item":"https:\/\/www.sts-education.com\/dk\/high-school\/"},{"@type":"ListItem","position":3,"name":"Fakta Og Priser","item":"https:\/\/www.sts-education.com\/dk\/high-school\/fakta-og-priser\/"},{"@type":"ListItem","position":4,"name":"Booking Og Betaling"}]},{"@type":"WebSite","@id":"https:\/\/www.sts-education.com\/dk\/#website","url":"https:\/\/www.sts-education.com\/dk\/","name":"STS Education","description":"","potentialAction":[{"@type":"SearchAction","target":{"@type":"EntryPoint","urlTemplate":"https:\/\/www.sts-education.com\/dk\/?s={search_term_string}"},"query-input":{"@type":"PropertyValueSpecification","valueRequired":true,"valueName":"search_term_string"}}],"inLanguage":"da-DK"}]}},"_links":{"self":[{"href":"https:\/\/www.sts-education.com\/dk\/wp-json\/wp\/v2\/pages\/10396","targetHints":{"allow":["GET"]}}],"collection":[{"href":"https:\/\/www.sts-education.com\/dk\/wp-json\/wp\/v2\/pages"}],"about":[{"href":"https:\/\/www.sts-education.com\/dk\/wp-json\/wp\/v2\/types\/page"}],"author":[{"embeddable":true,"href":"https:\/\/www.sts-education.com\/dk\/wp-json\/wp\/v2\/users\/20"}],"replies":[{"embeddable":true,"href":"https:\/\/www.sts-education.com\/dk\/wp-json\/wp\/v2\/comments?post=10396"}],"version-history":[{"count":7,"href":"https:\/\/www.sts-education.com\/dk\/wp-json\/wp\/v2\/pages\/10396\/revisions"}],"predecessor-version":[{"id":35530,"href":"https:\/\/www.sts-education.com\/dk\/wp-json\/wp\/v2\/pages\/10396\/revisions\/35530"}],"up":[{"embeddable":true,"href":"https:\/\/www.sts-education.com\/dk\/wp-json\/wp\/v2\/pages\/10380"}],"wp:attachment":[{"href":"https:\/\/www.sts-education.com\/dk\/wp-json\/wp\/v2\/media?parent=10396"}],"wp:term":[{"taxonomy":"wpw_page_folders","embeddable":true,"href":"https:\/\/www.sts-education.com\/dk\/wp-json\/wp\/v2\/wpw_page_folders?post=10396"}],"curies":[{"name":"wp","href":"https:\/\/api.w.org\/{rel}","templated":true}]}}