{"id":10397,"date":"2023-06-01T12:32:11","date_gmt":"2023-06-01T12:32:11","guid":{"rendered":"https:\/\/preprod.sts-education.com\/high-school\/fakta-og-priser\/tilbud\/"},"modified":"2026-04-15T09:39:11","modified_gmt":"2026-04-15T09:39:11","slug":"tilbud","status":"publish","type":"page","link":"https:\/\/www.sts-education.com\/dk\/high-school\/fakta-og-priser\/tilbud\/","title":{"rendered":"Tilbud"},"content":{"rendered":"\n<section class=\"wp-block-sts-hero sts-block-hero is-variant-full-background has-text-light has-background-media\" style=\"--sts-hero-padding-mobile:0px;--sts-hero-padding-desktop:0px;--sts-hero-text-color:var(--wp--preset--color--base-10, #fff);\" data-variant=\"full-background\"><div class=\"sts-block-hero__background\"><picture class=\"sts-responsive-image has-fit-cover is-skeleton\"><img src=\"https:\/\/cdn.sts-education.com\/12640_hero_lg_xl.jpg\" alt=\"Benyt vores tilbud, og spar penge\" loading=\"lazy\" decoding=\"async\" fetchpriority=\"low\" sizes=\"100vw\" \/><\/picture><span class=\"sts-block-hero__overlay\" aria-hidden=\"true\"><\/span><\/div><div class=\"sts-block-hero__inner\"><div class=\"sts-block-hero__content has-align-center\"><div class=\"sts-block-hero__content-inner\"><h1 class=\"sts-block-hero__heading\">Benyt vores tilbud, og spar penge<\/h1><\/div><\/div><\/div><\/section>\n\n\n\n<div class=\"wp-block-sts-text sts-text-editor has-max-width-md\"><div class=\"sts-text-editor__content\"><div class=\"sts-text-editor__content-inner\">\n<p>Skal du p\u00e5 udveksling med STS High School? Hvis du skal, kan du se, om du kan spare penge med vores s\u00e6rlige tilbud. Her er de aktuelle tilbud. <a href=\"https:\/\/www.sts-education.com\/dk\/om-sts\/kontakt-os\/\">Kontakt os<\/a> for at f\u00e5 mere information.<\/p>\n\n<h2>G\u00f8r din dr\u00f8m til virkelighed<\/h2>\n\n<p>Nu er det perfekte tidspunkt at planl\u00e6gge dit gymnasieudvekslingsophold. Alle programmer for 2027 er \u00e5bne, s\u00e5 du har frihed til at v\u00e6lge pr\u00e6cis det, du dr\u00f8mmer om \u2013 USA, Australien, Storbritannien, Irland eller et helt andet sted. Ans\u00f8g senest <strong>30. april<\/strong> for at f\u00e5 vores <a href=\"\/dk\/high-school\/first-choice-2026\/\">First Choice-tilbud<\/a>.<\/p>\n\n<p>\u2714 Book nu \u2013 f\u00e5 2026-priser samt en ekstra rabat p\u00e5 3.500 DKK<br>\u2714 Sikr dig din dr\u00f8mmedestination<br>\u2714 Gratis velkomstcamp<br>\u2714 Gratis afbestilling indtil 15. oktober (v\u00e6rdi 3.500 DKK)<\/p>\n\n<h2>Returnees kan spare penge<\/h2>\n\n<p>Har du tidligere v\u00e6ret p\u00e5 sprogrejse med STS? Fedt! S\u00e5 kan du spare <strong>5.000 kr<\/strong>, hvis du v\u00e6lger at tage p\u00e5 high school et \u00e5r i udlandet med os.<\/p>\n\n<p>Indtast koden <strong>STSRETURNEE<\/strong>, n\u00e5r du booker for at f\u00e5 besparelsen. Dette tilbud kan ikke kombineres med andre fordele.<\/p>\n\n<p><a href=\"\/dk\/high-school\/tripfinder\/\">Find din destination<\/a><\/p>\n\n<h2>S\u00f8skenderabat<\/h2>\n\n<p>Har du en s\u00f8skende, der har v\u00e6ret p\u00e5 high school i udlandet med os? Fantastisk! S\u00e5 kan du spare <strong>5.000 kr<\/strong>, n\u00e5 du booker dit eget high school-eventyr med STS.<\/p>\n\n<p>Indtast koden <strong>STSSIBLINGS<\/strong>, n\u00e5r du booker for at f\u00e5 besparelsen. Dette tilbud kan ikke kombineres med andre fordele.<\/p>\n\n<p><a href=\"\/dk\/high-school\/tripfinder\/\">Find din destination<\/a><\/p>\n\n<h2>Host &amp; Go<\/h2>\n\n<p>Hvis du er v\u00e6rt for en international udvekslingselev, mens dit barn rejser med STS, kan du spare penge med vores Host &amp; Go-tilbud. Du kan spare op til <strong>4000 kr<\/strong>, hvis du er v\u00e6rtsfamilie i et \u00e5r, og <strong>2500 kr<\/strong>, hvis du er v\u00e6rtsfamilie i seks m\u00e5neder. Har du sp\u00f8rgsm\u00e5l om, hvad det vil sige at v\u00e6re v\u00e6rtsfamilie? L\u00e6s mere om, hvordan det fungerer og om vores udvekslingselever, og send en ans\u00f8gning til <a href=\"https:\/\/www.sts-education.com\/dk\/fordele-ved-at-vaere-vaertsfamilie\/kompensation-host-and-go\/\">Host &amp; Go!<\/a><\/p>\n<\/div><\/div><\/div>\n","protected":false},"excerpt":{"rendered":"","protected":false},"author":20,"featured_media":0,"parent":10380,"menu_order":0,"comment_status":"closed","ping_status":"closed","template":"","meta":{"_acf_changed":false,"sts_page_background_color":"","footnotes":""},"wpw_page_folders":[86],"class_list":["post-10397","page","type-page","status-publish","hentry"],"acf":[],"yoast_head":"<!-- This site is optimized with the Yoast SEO Premium plugin v27.2 (Yoast SEO v27.3) - https:\/\/yoast.com\/product\/yoast-seo-premium-wordpress\/ -->\n<title>Benyt vores tilbud, og spar penge med STS<\/title>\n<meta name=\"description\" content=\"Vi har forskellige tilbud til dig, mens du er p\u00e5 udveksling med STS. Er der andre i din familie, der har rejst med STS f\u00f8r?\" \/>\n<meta name=\"robots\" content=\"index, follow, max-snippet:-1, max-image-preview:large, max-video-preview:-1\" \/>\n<link rel=\"canonical\" href=\"https:\/\/www.sts-education.com\/dk\/high-school\/fakta-og-priser\/tilbud\/\" \/>\n<meta property=\"og:locale\" content=\"da_DK\" \/>\n<meta property=\"og:type\" content=\"article\" \/>\n<meta property=\"og:title\" content=\"Tilbud\" \/>\n<meta property=\"og:description\" content=\"Vi har forskellige tilbud til dig, mens du er p\u00e5 udveksling med STS. Er der andre i din familie, der har rejst med STS f\u00f8r?\" \/>\n<meta property=\"og:url\" content=\"https:\/\/www.sts-education.com\/dk\/high-school\/fakta-og-priser\/tilbud\/\" \/>\n<meta property=\"og:site_name\" content=\"STS Education\" \/>\n<meta property=\"article:modified_time\" content=\"2026-04-15T09:39:11+00:00\" \/>\n<meta property=\"og:image\" content=\"https:\/\/cdn.sts-education.com\/12640_hero_lg_xl.jpg\" \/>\n<meta name=\"twitter:card\" content=\"summary_large_image\" \/>\n<meta name=\"twitter:label1\" content=\"Estimeret l\u00e6setid\" \/>\n\t<meta name=\"twitter:data1\" content=\"2 minutter\" \/>\n<script type=\"application\/ld+json\" class=\"yoast-schema-graph\">{\"@context\":\"https:\\\/\\\/schema.org\",\"@graph\":[{\"@type\":\"WebPage\",\"@id\":\"https:\\\/\\\/www.sts-education.com\\\/dk\\\/high-school\\\/fakta-og-priser\\\/tilbud\\\/\",\"url\":\"https:\\\/\\\/www.sts-education.com\\\/dk\\\/high-school\\\/fakta-og-priser\\\/tilbud\\\/\",\"name\":\"Benyt vores tilbud, og spar penge med STS\",\"isPartOf\":{\"@id\":\"https:\\\/\\\/www.sts-education.com\\\/dk\\\/#website\"},\"primaryImageOfPage\":{\"@id\":\"https:\\\/\\\/www.sts-education.com\\\/dk\\\/high-school\\\/fakta-og-priser\\\/tilbud\\\/#primaryimage\"},\"image\":{\"@id\":\"https:\\\/\\\/www.sts-education.com\\\/dk\\\/high-school\\\/fakta-og-priser\\\/tilbud\\\/#primaryimage\"},\"thumbnailUrl\":\"https:\\\/\\\/cdn.sts-education.com\\\/12640_hero_lg_xl.jpg\",\"datePublished\":\"2023-06-01T12:32:11+00:00\",\"dateModified\":\"2026-04-15T09:39:11+00:00\",\"description\":\"Vi har forskellige tilbud til dig, mens du er p\u00e5 udveksling med STS. Er der andre i din familie, der har rejst med STS f\u00f8r?\",\"breadcrumb\":{\"@id\":\"https:\\\/\\\/www.sts-education.com\\\/dk\\\/high-school\\\/fakta-og-priser\\\/tilbud\\\/#breadcrumb\"},\"inLanguage\":\"da-DK\",\"potentialAction\":[{\"@type\":\"ReadAction\",\"target\":[\"https:\\\/\\\/www.sts-education.com\\\/dk\\\/high-school\\\/fakta-og-priser\\\/tilbud\\\/\"]}]},{\"@type\":\"ImageObject\",\"inLanguage\":\"da-DK\",\"@id\":\"https:\\\/\\\/www.sts-education.com\\\/dk\\\/high-school\\\/fakta-og-priser\\\/tilbud\\\/#primaryimage\",\"url\":\"https:\\\/\\\/cdn.sts-education.com\\\/12640_hero_lg_xl.jpg\",\"contentUrl\":\"https:\\\/\\\/cdn.sts-education.com\\\/12640_hero_lg_xl.jpg\"},{\"@type\":\"BreadcrumbList\",\"@id\":\"https:\\\/\\\/www.sts-education.com\\\/dk\\\/high-school\\\/fakta-og-priser\\\/tilbud\\\/#breadcrumb\",\"itemListElement\":[{\"@type\":\"ListItem\",\"position\":1,\"name\":\"Home\",\"item\":\"https:\\\/\\\/www.sts-education.com\\\/dk\\\/sample-page\\\/\"},{\"@type\":\"ListItem\",\"position\":2,\"name\":\"High school udveksling\",\"item\":\"https:\\\/\\\/www.sts-education.com\\\/dk\\\/high-school\\\/\"},{\"@type\":\"ListItem\",\"position\":3,\"name\":\"Fakta Og Priser\",\"item\":\"https:\\\/\\\/www.sts-education.com\\\/dk\\\/high-school\\\/fakta-og-priser\\\/\"},{\"@type\":\"ListItem\",\"position\":4,\"name\":\"Tilbud\"}]},{\"@type\":\"WebSite\",\"@id\":\"https:\\\/\\\/www.sts-education.com\\\/dk\\\/#website\",\"url\":\"https:\\\/\\\/www.sts-education.com\\\/dk\\\/\",\"name\":\"STS Education\",\"description\":\"\",\"potentialAction\":[{\"@type\":\"SearchAction\",\"target\":{\"@type\":\"EntryPoint\",\"urlTemplate\":\"https:\\\/\\\/www.sts-education.com\\\/dk\\\/?s={search_term_string}\"},\"query-input\":{\"@type\":\"PropertyValueSpecification\",\"valueRequired\":true,\"valueName\":\"search_term_string\"}}],\"inLanguage\":\"da-DK\"}]}<\/script>\n<!-- \/ Yoast SEO Premium plugin. -->","yoast_head_json":{"title":"Benyt vores tilbud, og spar penge med STS","description":"Vi har forskellige tilbud til dig, mens du er p\u00e5 udveksling med STS. Er der andre i din familie, der har rejst med STS f\u00f8r?","robots":{"index":"index","follow":"follow","max-snippet":"max-snippet:-1","max-image-preview":"max-image-preview:large","max-video-preview":"max-video-preview:-1"},"canonical":"https:\/\/www.sts-education.com\/dk\/high-school\/fakta-og-priser\/tilbud\/","og_locale":"da_DK","og_type":"article","og_title":"Tilbud","og_description":"Vi har forskellige tilbud til dig, mens du er p\u00e5 udveksling med STS. Er der andre i din familie, der har rejst med STS f\u00f8r?","og_url":"https:\/\/www.sts-education.com\/dk\/high-school\/fakta-og-priser\/tilbud\/","og_site_name":"STS Education","article_modified_time":"2026-04-15T09:39:11+00:00","og_image":[{"url":"https:\/\/cdn.sts-education.com\/12640_hero_lg_xl.jpg","type":"","width":"","height":""}],"twitter_card":"summary_large_image","twitter_misc":{"Estimeret l\u00e6setid":"2 minutter"},"schema":{"@context":"https:\/\/schema.org","@graph":[{"@type":"WebPage","@id":"https:\/\/www.sts-education.com\/dk\/high-school\/fakta-og-priser\/tilbud\/","url":"https:\/\/www.sts-education.com\/dk\/high-school\/fakta-og-priser\/tilbud\/","name":"Benyt vores tilbud, og spar penge med STS","isPartOf":{"@id":"https:\/\/www.sts-education.com\/dk\/#website"},"primaryImageOfPage":{"@id":"https:\/\/www.sts-education.com\/dk\/high-school\/fakta-og-priser\/tilbud\/#primaryimage"},"image":{"@id":"https:\/\/www.sts-education.com\/dk\/high-school\/fakta-og-priser\/tilbud\/#primaryimage"},"thumbnailUrl":"https:\/\/cdn.sts-education.com\/12640_hero_lg_xl.jpg","datePublished":"2023-06-01T12:32:11+00:00","dateModified":"2026-04-15T09:39:11+00:00","description":"Vi har forskellige tilbud til dig, mens du er p\u00e5 udveksling med STS. Er der andre i din familie, der har rejst med STS f\u00f8r?","breadcrumb":{"@id":"https:\/\/www.sts-education.com\/dk\/high-school\/fakta-og-priser\/tilbud\/#breadcrumb"},"inLanguage":"da-DK","potentialAction":[{"@type":"ReadAction","target":["https:\/\/www.sts-education.com\/dk\/high-school\/fakta-og-priser\/tilbud\/"]}]},{"@type":"ImageObject","inLanguage":"da-DK","@id":"https:\/\/www.sts-education.com\/dk\/high-school\/fakta-og-priser\/tilbud\/#primaryimage","url":"https:\/\/cdn.sts-education.com\/12640_hero_lg_xl.jpg","contentUrl":"https:\/\/cdn.sts-education.com\/12640_hero_lg_xl.jpg"},{"@type":"BreadcrumbList","@id":"https:\/\/www.sts-education.com\/dk\/high-school\/fakta-og-priser\/tilbud\/#breadcrumb","itemListElement":[{"@type":"ListItem","position":1,"name":"Home","item":"https:\/\/www.sts-education.com\/dk\/sample-page\/"},{"@type":"ListItem","position":2,"name":"High school udveksling","item":"https:\/\/www.sts-education.com\/dk\/high-school\/"},{"@type":"ListItem","position":3,"name":"Fakta Og Priser","item":"https:\/\/www.sts-education.com\/dk\/high-school\/fakta-og-priser\/"},{"@type":"ListItem","position":4,"name":"Tilbud"}]},{"@type":"WebSite","@id":"https:\/\/www.sts-education.com\/dk\/#website","url":"https:\/\/www.sts-education.com\/dk\/","name":"STS Education","description":"","potentialAction":[{"@type":"SearchAction","target":{"@type":"EntryPoint","urlTemplate":"https:\/\/www.sts-education.com\/dk\/?s={search_term_string}"},"query-input":{"@type":"PropertyValueSpecification","valueRequired":true,"valueName":"search_term_string"}}],"inLanguage":"da-DK"}]}},"_links":{"self":[{"href":"https:\/\/www.sts-education.com\/dk\/wp-json\/wp\/v2\/pages\/10397","targetHints":{"allow":["GET"]}}],"collection":[{"href":"https:\/\/www.sts-education.com\/dk\/wp-json\/wp\/v2\/pages"}],"about":[{"href":"https:\/\/www.sts-education.com\/dk\/wp-json\/wp\/v2\/types\/page"}],"author":[{"embeddable":true,"href":"https:\/\/www.sts-education.com\/dk\/wp-json\/wp\/v2\/users\/20"}],"replies":[{"embeddable":true,"href":"https:\/\/www.sts-education.com\/dk\/wp-json\/wp\/v2\/comments?post=10397"}],"version-history":[{"count":7,"href":"https:\/\/www.sts-education.com\/dk\/wp-json\/wp\/v2\/pages\/10397\/revisions"}],"predecessor-version":[{"id":35563,"href":"https:\/\/www.sts-education.com\/dk\/wp-json\/wp\/v2\/pages\/10397\/revisions\/35563"}],"up":[{"embeddable":true,"href":"https:\/\/www.sts-education.com\/dk\/wp-json\/wp\/v2\/pages\/10380"}],"wp:attachment":[{"href":"https:\/\/www.sts-education.com\/dk\/wp-json\/wp\/v2\/media?parent=10397"}],"wp:term":[{"taxonomy":"wpw_page_folders","embeddable":true,"href":"https:\/\/www.sts-education.com\/dk\/wp-json\/wp\/v2\/wpw_page_folders?post=10397"}],"curies":[{"name":"wp","href":"https:\/\/api.w.org\/{rel}","templated":true}]}}