{"id":10398,"date":"2025-12-16T10:18:50","date_gmt":"2025-12-16T10:18:50","guid":{"rendered":"https:\/\/preprod.sts-education.com\/high-school\/fakta-og-priser\/valgmuligheder\/"},"modified":"2026-04-15T09:38:19","modified_gmt":"2026-04-15T09:38:19","slug":"valgmuligheder","status":"publish","type":"page","link":"https:\/\/www.sts-education.com\/dk\/high-school\/fakta-og-priser\/valgmuligheder\/","title":{"rendered":"Valgmuligheder"},"content":{"rendered":"\n<section class=\"wp-block-sts-hero sts-block-hero is-variant-full-background has-text-light has-background-media\" style=\"--sts-hero-padding-mobile:0px;--sts-hero-padding-desktop:0px;--sts-hero-text-color:var(--wp--preset--color--base-10, #fff);\" data-variant=\"full-background\"><div class=\"sts-block-hero__background\"><picture class=\"sts-responsive-image has-fit-cover is-skeleton\"><img src=\"https:\/\/cdn.sts-education.com\/12838_hero_lg_xl.jpg\" alt=\"Valgmuligheder\" loading=\"lazy\" decoding=\"async\" fetchpriority=\"low\" sizes=\"100vw\" \/><\/picture><span class=\"sts-block-hero__overlay\" aria-hidden=\"true\"><\/span><\/div><div class=\"sts-block-hero__inner\"><div class=\"sts-block-hero__content has-align-center\"><div class=\"sts-block-hero__content-inner\"><h1 class=\"sts-block-hero__heading\">Valgmuligheder<\/h1><\/div><\/div><\/div><\/section>\n\n\n\n<div class=\"wp-block-sts-text sts-text-editor has-max-width-md\"><div class=\"sts-text-editor__content\"><div class=\"sts-text-editor__content-inner\">\n<p>Et udvekslings\u00e5r kan se ud p\u00e5 mange m\u00e5der. Hvis du har s\u00e6rlige \u00f8nsker eller valgmuligheder, du gerne vil v\u00e6re sikker p\u00e5 at f\u00e5, er du altid velkommen til at kontakte os. Efter 65 \u00e5r i uddannelsesbranchen har vi svar og l\u00f8sninger p\u00e5 det meste.<\/p>\n<h2>\u00d8nsk dit omr\u00e5de<\/h2>\n<p>Har du et klart billede af, hvor du gerne vil bo i et bestemt land? P\u00e5 nogle af vores destinationer kan du anmode om at komme til at bo i en bestemt stat, region eller by. Muligheden for at \u00f8nske en bestemt placering afh\u00e6nger af, hvilket v\u00e6rtsland du gerne vil rejse til, og det faktum, at der er begr\u00e6nsede pladser, fordi det kr\u00e6ver en helt anden administrativ proces, n\u00e5r der skal findes skole og en passende v\u00e6rtsfamilie.<\/p>\n<p>Hvis du v\u00e6lger en stat, region eller by, g\u00f8r du opm\u00e6rksom p\u00e5 det i forbindelse med din ans\u00f8gning. Vi vil g\u00f8re vores bedste for at opfylde dit \u00f8nske. Hvis det lykkes at opfylde dit \u00f8nske, vil der blive opkr\u00e6vet et ekstragebyr for placeringen.<\/p>\n<p>Du kan l\u00e6se mere om dette under <a href=\"\/dk\/high-school\/tripfinder\/\">de forskellige lande<\/a>.<\/p>\n<h2>Mulighed for skolevalg<\/h2>\n<p>For nogle udvekslingsstudenter kan det v\u00e6re vigtigt at f\u00e5 et bestemt fag eller dyrke en bestemt sport i en bestemt by, mens de er p\u00e5 udveksling. Til dem har vi et program, der hedder STS High School Select. Dette er et helt andet program med betydeligt h\u00f8jere priser, fordi du skr\u00e6ddersyr dit ophold og kommer til at g\u00e5 p\u00e5 en privatskole, hvilket er dyrere.<\/p>\n<p>Hvis du er interesseret, kan du l\u00e6se mere om <a href=\"https:\/\/www.sts-education.com\/dk\/high-school\/for-du-tager-pa-udveksling\/valg-hvordan-du-gerne-vil-studere\/\">High School Select her<\/a>.<\/p>\n<h2>Ekstra ture under dit ophold<\/h2>\n<p>P\u00e5 de fleste af vores destinationer arrangeres der ekstra ture for vores udvekslingselever i det p\u00e5g\u00e6ldende v\u00e6rtsland. N\u00e5r du er ankommet, beslutter vi pr\u00e6cis, hvilke ture der skal arrangeres, og det bliver en fantastisk mulighed for at udforske andre steder og byer i dit v\u00e6rtsland. Samtidig f\u00e5r du mulighed for at m\u00f8de andre udvekslingselever, der er p\u00e5 samme type rejse som du selv. Tilmelding og betaling for de ekstra ture sker, n\u00e5r du er i dit v\u00e6rtsland.<\/p>\n<\/div><\/div><\/div>\n","protected":false},"excerpt":{"rendered":"","protected":false},"author":20,"featured_media":0,"parent":10380,"menu_order":0,"comment_status":"closed","ping_status":"closed","template":"templates\/template-default-with-breadcrumbs.php","meta":{"_acf_changed":false,"sts_page_background_color":"","footnotes":""},"wpw_page_folders":[86],"class_list":["post-10398","page","type-page","status-publish","hentry"],"acf":[],"yoast_head":"<!-- This site is optimized with the Yoast SEO Premium plugin v27.2 (Yoast SEO v27.3) - https:\/\/yoast.com\/product\/yoast-seo-premium-wordpress\/ -->\n<title>Specifikke \u00f8nsker og tilvalg til dit udvekslings\u00e5r | STS<\/title>\n<meta name=\"description\" content=\"Et udvekslings\u00e5r kan se ud p\u00e5mange forskelligem\u00e5der. Har du specielle \u00f8nsker eller tilvalg du s\u00f8ger er du altid velkommen til at kontakte os.\" \/>\n<meta name=\"robots\" content=\"index, follow, max-snippet:-1, max-image-preview:large, max-video-preview:-1\" \/>\n<link rel=\"canonical\" href=\"https:\/\/www.sts-education.com\/dk\/high-school\/fakta-og-priser\/valgmuligheder\/\" \/>\n<meta property=\"og:locale\" content=\"da_DK\" \/>\n<meta property=\"og:type\" content=\"article\" \/>\n<meta property=\"og:title\" content=\"Valgmuligheder\" \/>\n<meta property=\"og:description\" content=\"Et udvekslings\u00e5r kan se ud p\u00e5mange forskelligem\u00e5der. Har du specielle \u00f8nsker eller tilvalg du s\u00f8ger er du altid velkommen til at kontakte os.\" \/>\n<meta property=\"og:url\" content=\"https:\/\/www.sts-education.com\/dk\/high-school\/fakta-og-priser\/valgmuligheder\/\" \/>\n<meta property=\"og:site_name\" content=\"STS Education\" \/>\n<meta property=\"article:modified_time\" content=\"2026-04-15T09:38:19+00:00\" \/>\n<meta property=\"og:image\" content=\"https:\/\/cdn.sts-education.com\/12838_hero_lg_xl.jpg\" \/>\n<meta name=\"twitter:card\" content=\"summary_large_image\" \/>\n<meta name=\"twitter:label1\" content=\"Estimeret l\u00e6setid\" \/>\n\t<meta name=\"twitter:data1\" content=\"2 minutter\" \/>\n<script type=\"application\/ld+json\" class=\"yoast-schema-graph\">{\"@context\":\"https:\\\/\\\/schema.org\",\"@graph\":[{\"@type\":\"WebPage\",\"@id\":\"https:\\\/\\\/www.sts-education.com\\\/dk\\\/high-school\\\/fakta-og-priser\\\/valgmuligheder\\\/\",\"url\":\"https:\\\/\\\/www.sts-education.com\\\/dk\\\/high-school\\\/fakta-og-priser\\\/valgmuligheder\\\/\",\"name\":\"Specifikke \u00f8nsker og tilvalg til dit udvekslings\u00e5r | STS\",\"isPartOf\":{\"@id\":\"https:\\\/\\\/www.sts-education.com\\\/dk\\\/#website\"},\"primaryImageOfPage\":{\"@id\":\"https:\\\/\\\/www.sts-education.com\\\/dk\\\/high-school\\\/fakta-og-priser\\\/valgmuligheder\\\/#primaryimage\"},\"image\":{\"@id\":\"https:\\\/\\\/www.sts-education.com\\\/dk\\\/high-school\\\/fakta-og-priser\\\/valgmuligheder\\\/#primaryimage\"},\"thumbnailUrl\":\"https:\\\/\\\/cdn.sts-education.com\\\/12838_hero_lg_xl.jpg\",\"datePublished\":\"2025-12-16T10:18:50+00:00\",\"dateModified\":\"2026-04-15T09:38:19+00:00\",\"description\":\"Et udvekslings\u00e5r kan se ud p\u00e5mange forskelligem\u00e5der. Har du specielle \u00f8nsker eller tilvalg du s\u00f8ger er du altid velkommen til at kontakte os.\",\"breadcrumb\":{\"@id\":\"https:\\\/\\\/www.sts-education.com\\\/dk\\\/high-school\\\/fakta-og-priser\\\/valgmuligheder\\\/#breadcrumb\"},\"inLanguage\":\"da-DK\",\"potentialAction\":[{\"@type\":\"ReadAction\",\"target\":[\"https:\\\/\\\/www.sts-education.com\\\/dk\\\/high-school\\\/fakta-og-priser\\\/valgmuligheder\\\/\"]}]},{\"@type\":\"ImageObject\",\"inLanguage\":\"da-DK\",\"@id\":\"https:\\\/\\\/www.sts-education.com\\\/dk\\\/high-school\\\/fakta-og-priser\\\/valgmuligheder\\\/#primaryimage\",\"url\":\"https:\\\/\\\/cdn.sts-education.com\\\/12838_hero_lg_xl.jpg\",\"contentUrl\":\"https:\\\/\\\/cdn.sts-education.com\\\/12838_hero_lg_xl.jpg\"},{\"@type\":\"BreadcrumbList\",\"@id\":\"https:\\\/\\\/www.sts-education.com\\\/dk\\\/high-school\\\/fakta-og-priser\\\/valgmuligheder\\\/#breadcrumb\",\"itemListElement\":[{\"@type\":\"ListItem\",\"position\":1,\"name\":\"Home\",\"item\":\"https:\\\/\\\/www.sts-education.com\\\/dk\\\/sample-page\\\/\"},{\"@type\":\"ListItem\",\"position\":2,\"name\":\"High school udveksling\",\"item\":\"https:\\\/\\\/www.sts-education.com\\\/dk\\\/high-school\\\/\"},{\"@type\":\"ListItem\",\"position\":3,\"name\":\"Fakta Og Priser\",\"item\":\"https:\\\/\\\/www.sts-education.com\\\/dk\\\/high-school\\\/fakta-og-priser\\\/\"},{\"@type\":\"ListItem\",\"position\":4,\"name\":\"Valgmuligheder\"}]},{\"@type\":\"WebSite\",\"@id\":\"https:\\\/\\\/www.sts-education.com\\\/dk\\\/#website\",\"url\":\"https:\\\/\\\/www.sts-education.com\\\/dk\\\/\",\"name\":\"STS Education\",\"description\":\"\",\"potentialAction\":[{\"@type\":\"SearchAction\",\"target\":{\"@type\":\"EntryPoint\",\"urlTemplate\":\"https:\\\/\\\/www.sts-education.com\\\/dk\\\/?s={search_term_string}\"},\"query-input\":{\"@type\":\"PropertyValueSpecification\",\"valueRequired\":true,\"valueName\":\"search_term_string\"}}],\"inLanguage\":\"da-DK\"}]}<\/script>\n<!-- \/ Yoast SEO Premium plugin. -->","yoast_head_json":{"title":"Specifikke \u00f8nsker og tilvalg til dit udvekslings\u00e5r | STS","description":"Et udvekslings\u00e5r kan se ud p\u00e5mange forskelligem\u00e5der. Har du specielle \u00f8nsker eller tilvalg du s\u00f8ger er du altid velkommen til at kontakte os.","robots":{"index":"index","follow":"follow","max-snippet":"max-snippet:-1","max-image-preview":"max-image-preview:large","max-video-preview":"max-video-preview:-1"},"canonical":"https:\/\/www.sts-education.com\/dk\/high-school\/fakta-og-priser\/valgmuligheder\/","og_locale":"da_DK","og_type":"article","og_title":"Valgmuligheder","og_description":"Et udvekslings\u00e5r kan se ud p\u00e5mange forskelligem\u00e5der. Har du specielle \u00f8nsker eller tilvalg du s\u00f8ger er du altid velkommen til at kontakte os.","og_url":"https:\/\/www.sts-education.com\/dk\/high-school\/fakta-og-priser\/valgmuligheder\/","og_site_name":"STS Education","article_modified_time":"2026-04-15T09:38:19+00:00","og_image":[{"url":"https:\/\/cdn.sts-education.com\/12838_hero_lg_xl.jpg","type":"","width":"","height":""}],"twitter_card":"summary_large_image","twitter_misc":{"Estimeret l\u00e6setid":"2 minutter"},"schema":{"@context":"https:\/\/schema.org","@graph":[{"@type":"WebPage","@id":"https:\/\/www.sts-education.com\/dk\/high-school\/fakta-og-priser\/valgmuligheder\/","url":"https:\/\/www.sts-education.com\/dk\/high-school\/fakta-og-priser\/valgmuligheder\/","name":"Specifikke \u00f8nsker og tilvalg til dit udvekslings\u00e5r | STS","isPartOf":{"@id":"https:\/\/www.sts-education.com\/dk\/#website"},"primaryImageOfPage":{"@id":"https:\/\/www.sts-education.com\/dk\/high-school\/fakta-og-priser\/valgmuligheder\/#primaryimage"},"image":{"@id":"https:\/\/www.sts-education.com\/dk\/high-school\/fakta-og-priser\/valgmuligheder\/#primaryimage"},"thumbnailUrl":"https:\/\/cdn.sts-education.com\/12838_hero_lg_xl.jpg","datePublished":"2025-12-16T10:18:50+00:00","dateModified":"2026-04-15T09:38:19+00:00","description":"Et udvekslings\u00e5r kan se ud p\u00e5mange forskelligem\u00e5der. Har du specielle \u00f8nsker eller tilvalg du s\u00f8ger er du altid velkommen til at kontakte os.","breadcrumb":{"@id":"https:\/\/www.sts-education.com\/dk\/high-school\/fakta-og-priser\/valgmuligheder\/#breadcrumb"},"inLanguage":"da-DK","potentialAction":[{"@type":"ReadAction","target":["https:\/\/www.sts-education.com\/dk\/high-school\/fakta-og-priser\/valgmuligheder\/"]}]},{"@type":"ImageObject","inLanguage":"da-DK","@id":"https:\/\/www.sts-education.com\/dk\/high-school\/fakta-og-priser\/valgmuligheder\/#primaryimage","url":"https:\/\/cdn.sts-education.com\/12838_hero_lg_xl.jpg","contentUrl":"https:\/\/cdn.sts-education.com\/12838_hero_lg_xl.jpg"},{"@type":"BreadcrumbList","@id":"https:\/\/www.sts-education.com\/dk\/high-school\/fakta-og-priser\/valgmuligheder\/#breadcrumb","itemListElement":[{"@type":"ListItem","position":1,"name":"Home","item":"https:\/\/www.sts-education.com\/dk\/sample-page\/"},{"@type":"ListItem","position":2,"name":"High school udveksling","item":"https:\/\/www.sts-education.com\/dk\/high-school\/"},{"@type":"ListItem","position":3,"name":"Fakta Og Priser","item":"https:\/\/www.sts-education.com\/dk\/high-school\/fakta-og-priser\/"},{"@type":"ListItem","position":4,"name":"Valgmuligheder"}]},{"@type":"WebSite","@id":"https:\/\/www.sts-education.com\/dk\/#website","url":"https:\/\/www.sts-education.com\/dk\/","name":"STS Education","description":"","potentialAction":[{"@type":"SearchAction","target":{"@type":"EntryPoint","urlTemplate":"https:\/\/www.sts-education.com\/dk\/?s={search_term_string}"},"query-input":{"@type":"PropertyValueSpecification","valueRequired":true,"valueName":"search_term_string"}}],"inLanguage":"da-DK"}]}},"_links":{"self":[{"href":"https:\/\/www.sts-education.com\/dk\/wp-json\/wp\/v2\/pages\/10398","targetHints":{"allow":["GET"]}}],"collection":[{"href":"https:\/\/www.sts-education.com\/dk\/wp-json\/wp\/v2\/pages"}],"about":[{"href":"https:\/\/www.sts-education.com\/dk\/wp-json\/wp\/v2\/types\/page"}],"author":[{"embeddable":true,"href":"https:\/\/www.sts-education.com\/dk\/wp-json\/wp\/v2\/users\/20"}],"replies":[{"embeddable":true,"href":"https:\/\/www.sts-education.com\/dk\/wp-json\/wp\/v2\/comments?post=10398"}],"version-history":[{"count":5,"href":"https:\/\/www.sts-education.com\/dk\/wp-json\/wp\/v2\/pages\/10398\/revisions"}],"predecessor-version":[{"id":35531,"href":"https:\/\/www.sts-education.com\/dk\/wp-json\/wp\/v2\/pages\/10398\/revisions\/35531"}],"up":[{"embeddable":true,"href":"https:\/\/www.sts-education.com\/dk\/wp-json\/wp\/v2\/pages\/10380"}],"wp:attachment":[{"href":"https:\/\/www.sts-education.com\/dk\/wp-json\/wp\/v2\/media?parent=10398"}],"wp:term":[{"taxonomy":"wpw_page_folders","embeddable":true,"href":"https:\/\/www.sts-education.com\/dk\/wp-json\/wp\/v2\/wpw_page_folders?post=10398"}],"curies":[{"name":"wp","href":"https:\/\/api.w.org\/{rel}","templated":true}]}}