{"id":10399,"date":"2025-12-16T10:09:44","date_gmt":"2025-12-16T10:09:44","guid":{"rendered":"https:\/\/preprod.sts-education.com\/high-school\/for-du-tager-pa-udveksling\/10-ting-du-skal-medbringe-pa-dit-udvekslingsar\/"},"modified":"2026-04-01T01:26:22","modified_gmt":"2026-04-01T01:26:22","slug":"10-ting-du-skal-medbringe-pa-dit-udvekslingsar","status":"publish","type":"page","link":"https:\/\/www.sts-education.com\/dk\/high-school\/for-du-tager-pa-udveksling\/10-ting-du-skal-medbringe-pa-dit-udvekslingsar\/","title":{"rendered":"10 Ting Du Skal Medbringe Pa Dit Udvekslingsar"},"content":{"rendered":"\n<section class=\"wp-block-sts-hero sts-block-hero is-variant-full-background has-text-light has-background-media\" style=\"--sts-hero-padding-mobile:0px;--sts-hero-padding-desktop:0px;--sts-hero-text-color:var(--wp--preset--color--base-10, #fff);\" data-variant=\"full-background\"><div class=\"sts-block-hero__background\"><picture class=\"sts-responsive-image has-fit-cover is-skeleton\"><img src=\"https:\/\/cdn.sts-education.com\/11090_hero_lg_xl.jpg\" alt=\"10 ting, du skal medbringe p\u00e5 dit udvekslings\u00e5r\" loading=\"lazy\" decoding=\"async\" fetchpriority=\"low\" sizes=\"100vw\" \/><\/picture><span class=\"sts-block-hero__overlay\" aria-hidden=\"true\"><\/span><\/div><div class=\"sts-block-hero__inner\"><div class=\"sts-block-hero__content has-align-center\"><div class=\"sts-block-hero__content-inner\"><h1 class=\"sts-block-hero__heading\">10 ting, du skal medbringe p\u00e5 dit udvekslings\u00e5r<\/h1><\/div><\/div><\/div><\/section>\n\n\n\n<div class=\"wp-block-sts-text sts-text-editor has-max-width-md\"><div class=\"sts-text-editor__content\"><div class=\"sts-text-editor__content-inner\">\n<p>Husk at pakke s\u00e5 let som muligt. I l\u00f8bet af et helt \u00e5r vil du f\u00e5 en masse nye ting, som du sikkert gerne vil tage med hjem. Men nogle f\u00e5 ting, der er gode at have med, er:<\/p>\n\n<ol><li>Pas, eventuelle vaccinationsattester og visa<\/li>\n<li>Telefon, hovedtelefoner og eventuelt kamera<\/li>\n<li>Computer<\/li>\n<li>Oplader og adapter, hvis dit v\u00e6rtsland har andre stikkontakter end dem, du har derhjemme.<\/li>\n<li>Receptpligtig medicin<\/li>\n<li>Hygiejneartikler til den f\u00f8rste tid i landet<\/li>\n<li>Hvis du har briller, bedes du medbringe et ekstra par.&#8217;<\/li>\n<li>T\u00f8j, skal du have uniform p\u00e5 i skolen, eller er der andre dresscodes, du skal overveje? Husk ogs\u00e5, at du kommer til at k\u00f8be en masse t\u00f8j p\u00e5 stedet.<\/li>\n<li>Din yndlingsting, som du ikke vil undv\u00e6re<\/li>\n<li>En lille gave til din v\u00e6rtsfamilie. Det beh\u00f8ver ikke at v\u00e6re noget stort eller overd\u00e5digt. Dit yndlingsslik eller en kogebog med opskrifter fra dit land er en god gave!<\/li><\/ol>\n\n<p>N\u00e5r du har f\u00e5et kontakt med din v\u00e6rtsfamilie, kan du ogs\u00e5 bede dem om tips!<\/p>\n<\/div><\/div><\/div>\n\n","protected":false},"excerpt":{"rendered":"","protected":false},"author":20,"featured_media":15161,"parent":10382,"menu_order":0,"comment_status":"closed","ping_status":"closed","template":"","meta":{"_acf_changed":false,"sts_page_background_color":"","footnotes":""},"wpw_page_folders":[80],"class_list":["post-10399","page","type-page","status-publish","has-post-thumbnail","hentry"],"acf":[],"yoast_head":"<!-- This site is optimized with the Yoast SEO Premium plugin v27.2 (Yoast SEO v27.3) - https:\/\/yoast.com\/product\/yoast-seo-premium-wordpress\/ -->\n<title>10 ting at tage med p\u00e5 dit udvekslings\u00e5r<\/title>\n<meta name=\"description\" content=\"Der er meget at t\u00e6nke p\u00e5 inden rejsen til dit udvekslings\u00e5r. Her har vi lavet en liste med 10 ting som er gode at tage med.\" \/>\n<meta name=\"robots\" content=\"index, follow, max-snippet:-1, max-image-preview:large, max-video-preview:-1\" \/>\n<link rel=\"canonical\" href=\"https:\/\/www.sts-education.com\/dk\/high-school\/for-du-tager-pa-udveksling\/10-ting-du-skal-medbringe-pa-dit-udvekslingsar\/\" \/>\n<meta property=\"og:locale\" content=\"da_DK\" \/>\n<meta property=\"og:type\" content=\"article\" \/>\n<meta property=\"og:title\" content=\"10 Ting Du Skal Medbringe Pa Dit Udvekslingsar\" \/>\n<meta property=\"og:description\" content=\"Der er meget at t\u00e6nke p\u00e5 inden rejsen til dit udvekslings\u00e5r. Her har vi lavet en liste med 10 ting som er gode at tage med.\" \/>\n<meta property=\"og:url\" content=\"https:\/\/www.sts-education.com\/dk\/high-school\/for-du-tager-pa-udveksling\/10-ting-du-skal-medbringe-pa-dit-udvekslingsar\/\" \/>\n<meta property=\"og:site_name\" content=\"STS Education\" \/>\n<meta property=\"article:modified_time\" content=\"2026-04-01T01:26:22+00:00\" \/>\n<meta property=\"og:image\" content=\"https:\/\/powered-by.qbank.se\/educatius\/sts\/\/85617c1aa79c47e1a5a41ee38a7b25bd_1-1-thumb.webp\" \/>\n\t<meta property=\"og:image:width\" content=\"150\" \/>\n\t<meta property=\"og:image:height\" content=\"150\" \/>\n\t<meta property=\"og:image:type\" content=\"image\/jpeg\" \/>\n<meta name=\"twitter:card\" content=\"summary_large_image\" \/>\n<meta name=\"twitter:label1\" content=\"Estimeret l\u00e6setid\" \/>\n\t<meta name=\"twitter:data1\" content=\"1 minut\" \/>\n<script type=\"application\/ld+json\" class=\"yoast-schema-graph\">{\"@context\":\"https:\\\/\\\/schema.org\",\"@graph\":[{\"@type\":\"WebPage\",\"@id\":\"https:\\\/\\\/www.sts-education.com\\\/dk\\\/high-school\\\/for-du-tager-pa-udveksling\\\/10-ting-du-skal-medbringe-pa-dit-udvekslingsar\\\/\",\"url\":\"https:\\\/\\\/www.sts-education.com\\\/dk\\\/high-school\\\/for-du-tager-pa-udveksling\\\/10-ting-du-skal-medbringe-pa-dit-udvekslingsar\\\/\",\"name\":\"10 ting at tage med p\u00e5 dit udvekslings\u00e5r\",\"isPartOf\":{\"@id\":\"https:\\\/\\\/www.sts-education.com\\\/dk\\\/#website\"},\"primaryImageOfPage\":{\"@id\":\"https:\\\/\\\/www.sts-education.com\\\/dk\\\/high-school\\\/for-du-tager-pa-udveksling\\\/10-ting-du-skal-medbringe-pa-dit-udvekslingsar\\\/#primaryimage\"},\"image\":{\"@id\":\"https:\\\/\\\/www.sts-education.com\\\/dk\\\/high-school\\\/for-du-tager-pa-udveksling\\\/10-ting-du-skal-medbringe-pa-dit-udvekslingsar\\\/#primaryimage\"},\"thumbnailUrl\":\"https:\\\/\\\/powered-by.qbank.se\\\/educatius\\\/sts\\\/\\\/85617c1aa79c47e1a5a41ee38a7b25bd_1-1-thumb.webp\",\"datePublished\":\"2025-12-16T10:09:44+00:00\",\"dateModified\":\"2026-04-01T01:26:22+00:00\",\"description\":\"Der er meget at t\u00e6nke p\u00e5 inden rejsen til dit udvekslings\u00e5r. Her har vi lavet en liste med 10 ting som er gode at tage med.\",\"breadcrumb\":{\"@id\":\"https:\\\/\\\/www.sts-education.com\\\/dk\\\/high-school\\\/for-du-tager-pa-udveksling\\\/10-ting-du-skal-medbringe-pa-dit-udvekslingsar\\\/#breadcrumb\"},\"inLanguage\":\"da-DK\",\"potentialAction\":[{\"@type\":\"ReadAction\",\"target\":[\"https:\\\/\\\/www.sts-education.com\\\/dk\\\/high-school\\\/for-du-tager-pa-udveksling\\\/10-ting-du-skal-medbringe-pa-dit-udvekslingsar\\\/\"]}]},{\"@type\":\"ImageObject\",\"inLanguage\":\"da-DK\",\"@id\":\"https:\\\/\\\/www.sts-education.com\\\/dk\\\/high-school\\\/for-du-tager-pa-udveksling\\\/10-ting-du-skal-medbringe-pa-dit-udvekslingsar\\\/#primaryimage\",\"url\":\"https:\\\/\\\/powered-by.qbank.se\\\/educatius\\\/sts\\\/\\\/85617c1aa79c47e1a5a41ee38a7b25bd_1-1-thumb.webp\",\"contentUrl\":\"https:\\\/\\\/powered-by.qbank.se\\\/educatius\\\/sts\\\/\\\/85617c1aa79c47e1a5a41ee38a7b25bd_1-1-thumb.webp\",\"width\":150,\"height\":150},{\"@type\":\"BreadcrumbList\",\"@id\":\"https:\\\/\\\/www.sts-education.com\\\/dk\\\/high-school\\\/for-du-tager-pa-udveksling\\\/10-ting-du-skal-medbringe-pa-dit-udvekslingsar\\\/#breadcrumb\",\"itemListElement\":[{\"@type\":\"ListItem\",\"position\":1,\"name\":\"Home\",\"item\":\"https:\\\/\\\/www.sts-education.com\\\/dk\\\/sample-page\\\/\"},{\"@type\":\"ListItem\",\"position\":2,\"name\":\"High school udveksling\",\"item\":\"https:\\\/\\\/www.sts-education.com\\\/dk\\\/high-school\\\/\"},{\"@type\":\"ListItem\",\"position\":3,\"name\":\"For Du Tager Pa Udveksling\",\"item\":\"https:\\\/\\\/www.sts-education.com\\\/dk\\\/high-school\\\/for-du-tager-pa-udveksling\\\/\"},{\"@type\":\"ListItem\",\"position\":4,\"name\":\"10 Ting Du Skal Medbringe Pa Dit Udvekslingsar\"}]},{\"@type\":\"WebSite\",\"@id\":\"https:\\\/\\\/www.sts-education.com\\\/dk\\\/#website\",\"url\":\"https:\\\/\\\/www.sts-education.com\\\/dk\\\/\",\"name\":\"STS Education\",\"description\":\"\",\"potentialAction\":[{\"@type\":\"SearchAction\",\"target\":{\"@type\":\"EntryPoint\",\"urlTemplate\":\"https:\\\/\\\/www.sts-education.com\\\/dk\\\/?s={search_term_string}\"},\"query-input\":{\"@type\":\"PropertyValueSpecification\",\"valueRequired\":true,\"valueName\":\"search_term_string\"}}],\"inLanguage\":\"da-DK\"}]}<\/script>\n<!-- \/ Yoast SEO Premium plugin. -->","yoast_head_json":{"title":"10 ting at tage med p\u00e5 dit udvekslings\u00e5r","description":"Der er meget at t\u00e6nke p\u00e5 inden rejsen til dit udvekslings\u00e5r. Her har vi lavet en liste med 10 ting som er gode at tage med.","robots":{"index":"index","follow":"follow","max-snippet":"max-snippet:-1","max-image-preview":"max-image-preview:large","max-video-preview":"max-video-preview:-1"},"canonical":"https:\/\/www.sts-education.com\/dk\/high-school\/for-du-tager-pa-udveksling\/10-ting-du-skal-medbringe-pa-dit-udvekslingsar\/","og_locale":"da_DK","og_type":"article","og_title":"10 Ting Du Skal Medbringe Pa Dit Udvekslingsar","og_description":"Der er meget at t\u00e6nke p\u00e5 inden rejsen til dit udvekslings\u00e5r. Her har vi lavet en liste med 10 ting som er gode at tage med.","og_url":"https:\/\/www.sts-education.com\/dk\/high-school\/for-du-tager-pa-udveksling\/10-ting-du-skal-medbringe-pa-dit-udvekslingsar\/","og_site_name":"STS Education","article_modified_time":"2026-04-01T01:26:22+00:00","og_image":[{"width":150,"height":150,"url":"https:\/\/powered-by.qbank.se\/educatius\/sts\/\/85617c1aa79c47e1a5a41ee38a7b25bd_1-1-thumb.webp","type":"image\/jpeg"}],"twitter_card":"summary_large_image","twitter_misc":{"Estimeret l\u00e6setid":"1 minut"},"schema":{"@context":"https:\/\/schema.org","@graph":[{"@type":"WebPage","@id":"https:\/\/www.sts-education.com\/dk\/high-school\/for-du-tager-pa-udveksling\/10-ting-du-skal-medbringe-pa-dit-udvekslingsar\/","url":"https:\/\/www.sts-education.com\/dk\/high-school\/for-du-tager-pa-udveksling\/10-ting-du-skal-medbringe-pa-dit-udvekslingsar\/","name":"10 ting at tage med p\u00e5 dit udvekslings\u00e5r","isPartOf":{"@id":"https:\/\/www.sts-education.com\/dk\/#website"},"primaryImageOfPage":{"@id":"https:\/\/www.sts-education.com\/dk\/high-school\/for-du-tager-pa-udveksling\/10-ting-du-skal-medbringe-pa-dit-udvekslingsar\/#primaryimage"},"image":{"@id":"https:\/\/www.sts-education.com\/dk\/high-school\/for-du-tager-pa-udveksling\/10-ting-du-skal-medbringe-pa-dit-udvekslingsar\/#primaryimage"},"thumbnailUrl":"https:\/\/powered-by.qbank.se\/educatius\/sts\/\/85617c1aa79c47e1a5a41ee38a7b25bd_1-1-thumb.webp","datePublished":"2025-12-16T10:09:44+00:00","dateModified":"2026-04-01T01:26:22+00:00","description":"Der er meget at t\u00e6nke p\u00e5 inden rejsen til dit udvekslings\u00e5r. Her har vi lavet en liste med 10 ting som er gode at tage med.","breadcrumb":{"@id":"https:\/\/www.sts-education.com\/dk\/high-school\/for-du-tager-pa-udveksling\/10-ting-du-skal-medbringe-pa-dit-udvekslingsar\/#breadcrumb"},"inLanguage":"da-DK","potentialAction":[{"@type":"ReadAction","target":["https:\/\/www.sts-education.com\/dk\/high-school\/for-du-tager-pa-udveksling\/10-ting-du-skal-medbringe-pa-dit-udvekslingsar\/"]}]},{"@type":"ImageObject","inLanguage":"da-DK","@id":"https:\/\/www.sts-education.com\/dk\/high-school\/for-du-tager-pa-udveksling\/10-ting-du-skal-medbringe-pa-dit-udvekslingsar\/#primaryimage","url":"https:\/\/powered-by.qbank.se\/educatius\/sts\/\/85617c1aa79c47e1a5a41ee38a7b25bd_1-1-thumb.webp","contentUrl":"https:\/\/powered-by.qbank.se\/educatius\/sts\/\/85617c1aa79c47e1a5a41ee38a7b25bd_1-1-thumb.webp","width":150,"height":150},{"@type":"BreadcrumbList","@id":"https:\/\/www.sts-education.com\/dk\/high-school\/for-du-tager-pa-udveksling\/10-ting-du-skal-medbringe-pa-dit-udvekslingsar\/#breadcrumb","itemListElement":[{"@type":"ListItem","position":1,"name":"Home","item":"https:\/\/www.sts-education.com\/dk\/sample-page\/"},{"@type":"ListItem","position":2,"name":"High school udveksling","item":"https:\/\/www.sts-education.com\/dk\/high-school\/"},{"@type":"ListItem","position":3,"name":"For Du Tager Pa Udveksling","item":"https:\/\/www.sts-education.com\/dk\/high-school\/for-du-tager-pa-udveksling\/"},{"@type":"ListItem","position":4,"name":"10 Ting Du Skal Medbringe Pa Dit Udvekslingsar"}]},{"@type":"WebSite","@id":"https:\/\/www.sts-education.com\/dk\/#website","url":"https:\/\/www.sts-education.com\/dk\/","name":"STS Education","description":"","potentialAction":[{"@type":"SearchAction","target":{"@type":"EntryPoint","urlTemplate":"https:\/\/www.sts-education.com\/dk\/?s={search_term_string}"},"query-input":{"@type":"PropertyValueSpecification","valueRequired":true,"valueName":"search_term_string"}}],"inLanguage":"da-DK"}]}},"_links":{"self":[{"href":"https:\/\/www.sts-education.com\/dk\/wp-json\/wp\/v2\/pages\/10399","targetHints":{"allow":["GET"]}}],"collection":[{"href":"https:\/\/www.sts-education.com\/dk\/wp-json\/wp\/v2\/pages"}],"about":[{"href":"https:\/\/www.sts-education.com\/dk\/wp-json\/wp\/v2\/types\/page"}],"author":[{"embeddable":true,"href":"https:\/\/www.sts-education.com\/dk\/wp-json\/wp\/v2\/users\/20"}],"replies":[{"embeddable":true,"href":"https:\/\/www.sts-education.com\/dk\/wp-json\/wp\/v2\/comments?post=10399"}],"version-history":[{"count":2,"href":"https:\/\/www.sts-education.com\/dk\/wp-json\/wp\/v2\/pages\/10399\/revisions"}],"predecessor-version":[{"id":20084,"href":"https:\/\/www.sts-education.com\/dk\/wp-json\/wp\/v2\/pages\/10399\/revisions\/20084"}],"up":[{"embeddable":true,"href":"https:\/\/www.sts-education.com\/dk\/wp-json\/wp\/v2\/pages\/10382"}],"wp:featuredmedia":[{"embeddable":true,"href":"https:\/\/www.sts-education.com\/dk\/wp-json\/wp\/v2\/media\/15161"}],"wp:attachment":[{"href":"https:\/\/www.sts-education.com\/dk\/wp-json\/wp\/v2\/media?parent=10399"}],"wp:term":[{"taxonomy":"wpw_page_folders","embeddable":true,"href":"https:\/\/www.sts-education.com\/dk\/wp-json\/wp\/v2\/wpw_page_folders?post=10399"}],"curies":[{"name":"wp","href":"https:\/\/api.w.org\/{rel}","templated":true}]}}