{"id":10400,"date":"2025-12-16T10:08:36","date_gmt":"2025-12-16T10:08:36","guid":{"rendered":"https:\/\/preprod.sts-education.com\/high-school\/for-du-tager-pa-udveksling\/forbered-dig-med-vores-sprogkurser\/"},"modified":"2026-04-15T09:38:30","modified_gmt":"2026-04-15T09:38:30","slug":"forbered-dig-med-vores-sprogkurser","status":"publish","type":"page","link":"https:\/\/www.sts-education.com\/dk\/high-school\/for-du-tager-pa-udveksling\/forbered-dig-med-vores-sprogkurser\/","title":{"rendered":"Forbered Dig Med Vores Sprogkurser"},"content":{"rendered":"\n<section class=\"wp-block-sts-hero sts-block-hero is-variant-full-background has-text-light has-background-media\" style=\"--sts-hero-padding-mobile:0px;--sts-hero-padding-desktop:0px;--sts-hero-text-color:var(--wp--preset--color--base-10, #fff);\" data-variant=\"full-background\"><div class=\"sts-block-hero__background\"><picture class=\"sts-responsive-image has-fit-cover is-skeleton\"><img src=\"https:\/\/cdn.sts-education.com\/13655_hero_lg_xl.jpg\" alt=\"Forbered dig med et sprogkursus!\" loading=\"lazy\" decoding=\"async\" fetchpriority=\"low\" sizes=\"100vw\" \/><\/picture><span class=\"sts-block-hero__overlay\" aria-hidden=\"true\"><\/span><\/div><div class=\"sts-block-hero__inner\"><div class=\"sts-block-hero__content has-align-center\"><div class=\"sts-block-hero__content-inner\"><h1 class=\"sts-block-hero__heading\">Forbered dig med et sprogkursus!<\/h1><\/div><\/div><\/div><\/section>\n\n\n\n<div class=\"wp-block-sts-text sts-text-editor has-max-width-md\"><div class=\"sts-text-editor__content\"><div class=\"sts-text-editor__content-inner\">\n<p>Skal du p\u00e5 udvekslings\u00e5r til et engelsk-, spansk-, tysk- eller italiensktalende land? Forbered dig med vores digitale sprogkursus! Det vil hj\u00e6lpe dig med at mestre sproget, n\u00e5r du er der, og g\u00f8re det lettere at forst\u00e5, hvad dine nye venner, v\u00e6rtsfamilie og l\u00e6rere siger lige fra starten.<\/p>\n\n<h2>I disse kurser l\u00e6rer du<\/h2>\n\n<ul><li>I sm\u00e5 online-klasser. Du vil have de samme klassekammerater og l\u00e6rere gennem hele kurset.<\/li>\n<li>Funktionelt sprog til hverdagssituationer, du vil m\u00f8de under dit \u00e5r i udlandet.<\/li>\n<li>Culture Corners \u2014 interaktive sessioner, hvor du udforsker traditionerne og dagligdagen i det land, du skal rejse til.<\/li><\/ul>\n\n<p>Sessionerne giver dig en dybere forst\u00e5else af det lokale liv, s\u00e5 dit \u00e5r i udlandet bliver b\u00e5de sprogligt berigende og kulturelt meningsfuldt.<\/p>\n\n<p>Du vil ogs\u00e5 modtage et kursusbevis ved kursets afslutning!<\/p>\n\n<h2>Startdato og timer<\/h2>\n\n<p><strong>Engelsk<\/strong> (se <a href=\"https:\/\/www.sts-education.com\/dk\/high-school\/programlande\/nordamerika\/usa\/#tilvalg\">pris<\/a>)<\/p>\n\n<p>Kurset findes p\u00e5 flere forskellige niveauer, omfatter 35 timers undervisning og starter flere gange i l\u00f8bet af \u00e5ret.<\/p>\n\n<p><strong>Spansk, tysk, italiensk, fransk<\/strong><\/p>\n\n<p>Kurserne tilbydes p\u00e5 forskellige niveauer, omfatter 15 timers undervisning og starter normalt i april.<\/p>\n\n<p><a href=\"https:\/\/www.sts-education.com\/dk\/high-school\/programlande\/europa\/spanien\/#tilvalg\">Pris for spansk kursus<\/a><\/p>\n\n<p><a href=\"https:\/\/www.sts-education.com\/dk\/high-school\/programlande\/europa\/tyskland\/#tilvalg\">Pris for tysk kursus<\/a><\/p>\n\n<p><a href=\"https:\/\/www.sts-education.com\/dk\/high-school\/programlande\/europa\/italien\/#tilvalg\">Pris for italiensk kursus<\/a><\/p>\n\n<p><a href=\"https:\/\/www.sts-education.com\/dk\/high-school\/programlande\/europa\/frankrig\/#tilvalg\">Pris for fransk kursus<\/a><\/p>\n\n<p><a href=\"https:\/\/www.sts-education.com\/dk\/om-sts\/kontakt-os\/\">Kontakt os<\/a> for at f\u00e5 mere at vide.<\/p>\n<\/div><\/div><\/div>\n","protected":false},"excerpt":{"rendered":"","protected":false},"author":20,"featured_media":0,"parent":10382,"menu_order":0,"comment_status":"closed","ping_status":"closed","template":"templates\/template-default-with-breadcrumbs.php","meta":{"_acf_changed":false,"sts_page_background_color":"","footnotes":""},"wpw_page_folders":[80],"class_list":["post-10400","page","type-page","status-publish","hentry"],"acf":[],"yoast_head":"<!-- This site is optimized with the Yoast SEO Premium plugin v27.2 (Yoast SEO v27.3) - https:\/\/yoast.com\/product\/yoast-seo-premium-wordpress\/ -->\n<title>Forbered dig med et sprogkursus!<\/title>\n<meta name=\"description\" content=\"Skal du p\u00e5 udvekslings\u00e5r til et engelsk-, spansk-, tysk- eller italiensktalende land? Forbered dig med vores digitale sprogkursus!\" \/>\n<meta name=\"robots\" content=\"index, follow, max-snippet:-1, max-image-preview:large, max-video-preview:-1\" \/>\n<link rel=\"canonical\" href=\"https:\/\/www.sts-education.com\/dk\/high-school\/for-du-tager-pa-udveksling\/forbered-dig-med-vores-sprogkurser\/\" \/>\n<meta property=\"og:locale\" content=\"da_DK\" \/>\n<meta property=\"og:type\" content=\"article\" \/>\n<meta property=\"og:title\" content=\"Forbered Dig Med Vores Sprogkurser\" \/>\n<meta property=\"og:description\" content=\"Skal du p\u00e5 udvekslings\u00e5r til et engelsk-, spansk-, tysk- eller italiensktalende land? Forbered dig med vores digitale sprogkursus!\" \/>\n<meta property=\"og:url\" content=\"https:\/\/www.sts-education.com\/dk\/high-school\/for-du-tager-pa-udveksling\/forbered-dig-med-vores-sprogkurser\/\" \/>\n<meta property=\"og:site_name\" content=\"STS Education\" \/>\n<meta property=\"article:modified_time\" content=\"2026-04-15T09:38:30+00:00\" \/>\n<meta property=\"og:image\" content=\"https:\/\/cdn.sts-education.com\/13655_hero_lg_xl.jpg\" \/>\n<meta name=\"twitter:card\" content=\"summary_large_image\" \/>\n<meta name=\"twitter:label1\" content=\"Estimeret l\u00e6setid\" \/>\n\t<meta name=\"twitter:data1\" content=\"1 minut\" \/>\n<script type=\"application\/ld+json\" class=\"yoast-schema-graph\">{\"@context\":\"https:\\\/\\\/schema.org\",\"@graph\":[{\"@type\":\"WebPage\",\"@id\":\"https:\\\/\\\/www.sts-education.com\\\/dk\\\/high-school\\\/for-du-tager-pa-udveksling\\\/forbered-dig-med-vores-sprogkurser\\\/\",\"url\":\"https:\\\/\\\/www.sts-education.com\\\/dk\\\/high-school\\\/for-du-tager-pa-udveksling\\\/forbered-dig-med-vores-sprogkurser\\\/\",\"name\":\"Forbered dig med et sprogkursus!\",\"isPartOf\":{\"@id\":\"https:\\\/\\\/www.sts-education.com\\\/dk\\\/#website\"},\"primaryImageOfPage\":{\"@id\":\"https:\\\/\\\/www.sts-education.com\\\/dk\\\/high-school\\\/for-du-tager-pa-udveksling\\\/forbered-dig-med-vores-sprogkurser\\\/#primaryimage\"},\"image\":{\"@id\":\"https:\\\/\\\/www.sts-education.com\\\/dk\\\/high-school\\\/for-du-tager-pa-udveksling\\\/forbered-dig-med-vores-sprogkurser\\\/#primaryimage\"},\"thumbnailUrl\":\"https:\\\/\\\/cdn.sts-education.com\\\/13655_hero_lg_xl.jpg\",\"datePublished\":\"2025-12-16T10:08:36+00:00\",\"dateModified\":\"2026-04-15T09:38:30+00:00\",\"description\":\"Skal du p\u00e5 udvekslings\u00e5r til et engelsk-, spansk-, tysk- eller italiensktalende land? Forbered dig med vores digitale sprogkursus!\",\"breadcrumb\":{\"@id\":\"https:\\\/\\\/www.sts-education.com\\\/dk\\\/high-school\\\/for-du-tager-pa-udveksling\\\/forbered-dig-med-vores-sprogkurser\\\/#breadcrumb\"},\"inLanguage\":\"da-DK\",\"potentialAction\":[{\"@type\":\"ReadAction\",\"target\":[\"https:\\\/\\\/www.sts-education.com\\\/dk\\\/high-school\\\/for-du-tager-pa-udveksling\\\/forbered-dig-med-vores-sprogkurser\\\/\"]}]},{\"@type\":\"ImageObject\",\"inLanguage\":\"da-DK\",\"@id\":\"https:\\\/\\\/www.sts-education.com\\\/dk\\\/high-school\\\/for-du-tager-pa-udveksling\\\/forbered-dig-med-vores-sprogkurser\\\/#primaryimage\",\"url\":\"https:\\\/\\\/cdn.sts-education.com\\\/13655_hero_lg_xl.jpg\",\"contentUrl\":\"https:\\\/\\\/cdn.sts-education.com\\\/13655_hero_lg_xl.jpg\"},{\"@type\":\"BreadcrumbList\",\"@id\":\"https:\\\/\\\/www.sts-education.com\\\/dk\\\/high-school\\\/for-du-tager-pa-udveksling\\\/forbered-dig-med-vores-sprogkurser\\\/#breadcrumb\",\"itemListElement\":[{\"@type\":\"ListItem\",\"position\":1,\"name\":\"Home\",\"item\":\"https:\\\/\\\/www.sts-education.com\\\/dk\\\/sample-page\\\/\"},{\"@type\":\"ListItem\",\"position\":2,\"name\":\"High school udveksling\",\"item\":\"https:\\\/\\\/www.sts-education.com\\\/dk\\\/high-school\\\/\"},{\"@type\":\"ListItem\",\"position\":3,\"name\":\"For Du Tager Pa Udveksling\",\"item\":\"https:\\\/\\\/www.sts-education.com\\\/dk\\\/high-school\\\/for-du-tager-pa-udveksling\\\/\"},{\"@type\":\"ListItem\",\"position\":4,\"name\":\"Forbered Dig Med Vores Sprogkurser\"}]},{\"@type\":\"WebSite\",\"@id\":\"https:\\\/\\\/www.sts-education.com\\\/dk\\\/#website\",\"url\":\"https:\\\/\\\/www.sts-education.com\\\/dk\\\/\",\"name\":\"STS Education\",\"description\":\"\",\"potentialAction\":[{\"@type\":\"SearchAction\",\"target\":{\"@type\":\"EntryPoint\",\"urlTemplate\":\"https:\\\/\\\/www.sts-education.com\\\/dk\\\/?s={search_term_string}\"},\"query-input\":{\"@type\":\"PropertyValueSpecification\",\"valueRequired\":true,\"valueName\":\"search_term_string\"}}],\"inLanguage\":\"da-DK\"}]}<\/script>\n<!-- \/ Yoast SEO Premium plugin. -->","yoast_head_json":{"title":"Forbered dig med et sprogkursus!","description":"Skal du p\u00e5 udvekslings\u00e5r til et engelsk-, spansk-, tysk- eller italiensktalende land? Forbered dig med vores digitale sprogkursus!","robots":{"index":"index","follow":"follow","max-snippet":"max-snippet:-1","max-image-preview":"max-image-preview:large","max-video-preview":"max-video-preview:-1"},"canonical":"https:\/\/www.sts-education.com\/dk\/high-school\/for-du-tager-pa-udveksling\/forbered-dig-med-vores-sprogkurser\/","og_locale":"da_DK","og_type":"article","og_title":"Forbered Dig Med Vores Sprogkurser","og_description":"Skal du p\u00e5 udvekslings\u00e5r til et engelsk-, spansk-, tysk- eller italiensktalende land? Forbered dig med vores digitale sprogkursus!","og_url":"https:\/\/www.sts-education.com\/dk\/high-school\/for-du-tager-pa-udveksling\/forbered-dig-med-vores-sprogkurser\/","og_site_name":"STS Education","article_modified_time":"2026-04-15T09:38:30+00:00","og_image":[{"url":"https:\/\/cdn.sts-education.com\/13655_hero_lg_xl.jpg","type":"","width":"","height":""}],"twitter_card":"summary_large_image","twitter_misc":{"Estimeret l\u00e6setid":"1 minut"},"schema":{"@context":"https:\/\/schema.org","@graph":[{"@type":"WebPage","@id":"https:\/\/www.sts-education.com\/dk\/high-school\/for-du-tager-pa-udveksling\/forbered-dig-med-vores-sprogkurser\/","url":"https:\/\/www.sts-education.com\/dk\/high-school\/for-du-tager-pa-udveksling\/forbered-dig-med-vores-sprogkurser\/","name":"Forbered dig med et sprogkursus!","isPartOf":{"@id":"https:\/\/www.sts-education.com\/dk\/#website"},"primaryImageOfPage":{"@id":"https:\/\/www.sts-education.com\/dk\/high-school\/for-du-tager-pa-udveksling\/forbered-dig-med-vores-sprogkurser\/#primaryimage"},"image":{"@id":"https:\/\/www.sts-education.com\/dk\/high-school\/for-du-tager-pa-udveksling\/forbered-dig-med-vores-sprogkurser\/#primaryimage"},"thumbnailUrl":"https:\/\/cdn.sts-education.com\/13655_hero_lg_xl.jpg","datePublished":"2025-12-16T10:08:36+00:00","dateModified":"2026-04-15T09:38:30+00:00","description":"Skal du p\u00e5 udvekslings\u00e5r til et engelsk-, spansk-, tysk- eller italiensktalende land? Forbered dig med vores digitale sprogkursus!","breadcrumb":{"@id":"https:\/\/www.sts-education.com\/dk\/high-school\/for-du-tager-pa-udveksling\/forbered-dig-med-vores-sprogkurser\/#breadcrumb"},"inLanguage":"da-DK","potentialAction":[{"@type":"ReadAction","target":["https:\/\/www.sts-education.com\/dk\/high-school\/for-du-tager-pa-udveksling\/forbered-dig-med-vores-sprogkurser\/"]}]},{"@type":"ImageObject","inLanguage":"da-DK","@id":"https:\/\/www.sts-education.com\/dk\/high-school\/for-du-tager-pa-udveksling\/forbered-dig-med-vores-sprogkurser\/#primaryimage","url":"https:\/\/cdn.sts-education.com\/13655_hero_lg_xl.jpg","contentUrl":"https:\/\/cdn.sts-education.com\/13655_hero_lg_xl.jpg"},{"@type":"BreadcrumbList","@id":"https:\/\/www.sts-education.com\/dk\/high-school\/for-du-tager-pa-udveksling\/forbered-dig-med-vores-sprogkurser\/#breadcrumb","itemListElement":[{"@type":"ListItem","position":1,"name":"Home","item":"https:\/\/www.sts-education.com\/dk\/sample-page\/"},{"@type":"ListItem","position":2,"name":"High school udveksling","item":"https:\/\/www.sts-education.com\/dk\/high-school\/"},{"@type":"ListItem","position":3,"name":"For Du Tager Pa Udveksling","item":"https:\/\/www.sts-education.com\/dk\/high-school\/for-du-tager-pa-udveksling\/"},{"@type":"ListItem","position":4,"name":"Forbered Dig Med Vores Sprogkurser"}]},{"@type":"WebSite","@id":"https:\/\/www.sts-education.com\/dk\/#website","url":"https:\/\/www.sts-education.com\/dk\/","name":"STS Education","description":"","potentialAction":[{"@type":"SearchAction","target":{"@type":"EntryPoint","urlTemplate":"https:\/\/www.sts-education.com\/dk\/?s={search_term_string}"},"query-input":{"@type":"PropertyValueSpecification","valueRequired":true,"valueName":"search_term_string"}}],"inLanguage":"da-DK"}]}},"_links":{"self":[{"href":"https:\/\/www.sts-education.com\/dk\/wp-json\/wp\/v2\/pages\/10400","targetHints":{"allow":["GET"]}}],"collection":[{"href":"https:\/\/www.sts-education.com\/dk\/wp-json\/wp\/v2\/pages"}],"about":[{"href":"https:\/\/www.sts-education.com\/dk\/wp-json\/wp\/v2\/types\/page"}],"author":[{"embeddable":true,"href":"https:\/\/www.sts-education.com\/dk\/wp-json\/wp\/v2\/users\/20"}],"replies":[{"embeddable":true,"href":"https:\/\/www.sts-education.com\/dk\/wp-json\/wp\/v2\/comments?post=10400"}],"version-history":[{"count":5,"href":"https:\/\/www.sts-education.com\/dk\/wp-json\/wp\/v2\/pages\/10400\/revisions"}],"predecessor-version":[{"id":35540,"href":"https:\/\/www.sts-education.com\/dk\/wp-json\/wp\/v2\/pages\/10400\/revisions\/35540"}],"up":[{"embeddable":true,"href":"https:\/\/www.sts-education.com\/dk\/wp-json\/wp\/v2\/pages\/10382"}],"wp:attachment":[{"href":"https:\/\/www.sts-education.com\/dk\/wp-json\/wp\/v2\/media?parent=10400"}],"wp:term":[{"taxonomy":"wpw_page_folders","embeddable":true,"href":"https:\/\/www.sts-education.com\/dk\/wp-json\/wp\/v2\/wpw_page_folders?post=10400"}],"curies":[{"name":"wp","href":"https:\/\/api.w.org\/{rel}","templated":true}]}}