{"id":10401,"date":"2025-12-16T10:09:09","date_gmt":"2025-12-16T10:09:09","guid":{"rendered":"https:\/\/preprod.sts-education.com\/high-school\/for-du-tager-pa-udveksling\/fordele-ved-et-udvekslingsar\/"},"modified":"2026-04-14T09:37:15","modified_gmt":"2026-04-14T09:37:15","slug":"fordele-ved-et-udvekslingsar","status":"publish","type":"page","link":"https:\/\/www.sts-education.com\/dk\/high-school\/for-du-tager-pa-udveksling\/fordele-ved-et-udvekslingsar\/","title":{"rendered":"Fordele Ved Et Udvekslingsar"},"content":{"rendered":"\n<section class=\"wp-block-sts-hero sts-block-hero is-variant-full-background has-text-light has-background-media\" style=\"--sts-hero-padding-mobile:0px;--sts-hero-padding-desktop:0px;--sts-hero-text-color:var(--wp--preset--color--base-10, #fff);\" data-variant=\"full-background\"><div class=\"sts-block-hero__background\"><picture class=\"sts-responsive-image has-fit-cover is-skeleton\"><img src=\"https:\/\/cdn.sts-education.com\/13427_hero_lg_xl.jpg\" alt=\"Hvad f\u00e5r jeg ud af et udvekslings\u00e5r?\" loading=\"lazy\" decoding=\"async\" fetchpriority=\"low\" sizes=\"100vw\" \/><\/picture><span class=\"sts-block-hero__overlay\" aria-hidden=\"true\"><\/span><\/div><div class=\"sts-block-hero__inner\"><div class=\"sts-block-hero__content has-align-center\"><div class=\"sts-block-hero__content-inner\"><h1 class=\"sts-block-hero__heading\">Hvad f\u00e5r jeg ud af et udvekslings\u00e5r?<\/h1><\/div><\/div><\/div><\/section>\n\n\n\n<div class=\"wp-block-sts-text sts-text-editor has-max-width-md\"><div class=\"sts-text-editor__content\"><div class=\"sts-text-editor__content-inner\">\n<p>N\u00e5r du kommer tilbage fra dit \u00e5r p\u00e5 high school, vil du opdage, hvor meget det at bo og studere i udlandet har givet dig: nye venner, nye sprogkundskaber, kulturoplevelser, mere selvtillid, masser af sjove oplevelser og dejlige minder. Du kan ogs\u00e5 f\u00f8je en fantastisk international oplevelse til dit CV \u2013 og det er virkelig en fordel for dig i fremtiden.<\/p>\n\n<h2>Hvorfor et udvekslings\u00e5r er en investering i din fremtid:<\/h2>\n\n<ul><li><strong>Et forspring.<\/strong> Oplevelsen af at bo og studere i udlandet og tale et andet sprog flydende giver mange fordele. Det er noget, der bliver v\u00e6gtet h\u00f8jt, n\u00e5r du skal s\u00f8ge ind p\u00e5 en videreg\u00e5ende uddannelse og s\u00f8ge jobs i fremtiden!<\/li>\n<li><strong>Personlig udvikling.<\/strong> At v\u00e6re nysgerrig og udfordre dig selv kan v\u00e6re med til at berige dit liv. Det vil give dig mange kvaliteter, der er efterspurgt i erhvervslivet, som fx uafh\u00e6ngighed, sociale kompetencer og det at kunne tage initiativ.<\/li>\n<li><strong>Et internationalt netv\u00e6rk af venner.<\/strong> Du f\u00e5r en ekstra familie og nye bedste venner i et andet land. S\u00f8rg for at holde forbindelsen \u2013 det er nemlig et fantastisk aktiv at have venner over hele verden. Et internationalt netv\u00e6rk er uvurderligt, b\u00e5de for dig som privatperson og i din fremtidige karriere.<\/li>\n<li><strong>Et nyt syn p\u00e5 din egen kultur.<\/strong> N\u00e5r du studerer i et andet land, udvider du din horisont. Du vil se din egen kultur med nye \u00f8jne og l\u00e6re en masse om dig selv. Hvad kan du godt lide ved dit nye land? Hvad er anderledes? Det er ogs\u00e5 sjovt at kunne dele dit lands traditioner og v\u00e6rdier med andre, n\u00e5r du er p\u00e5 udveksling.<\/li><\/ul>\n<\/div><\/div><\/div>\n\n\n\n<section class=\"wp-block-sts-video sts-block-video sts-block-video--landscape has-max-width-lg\"><div class=\"sts-video sts-video--landscape\"><div class=\"sts-video__handler\"><button type=\"button\" class=\"sts-video__play-button\" aria-label=\"Play video\" aria-pressed=\"false\" data-playing=\"false\"><span class=\"sts-video__play-icon\"><img decoding=\"async\" class=\"play-icon\" src=\"data:image\/svg+xml,%3csvg%20width='32'%20height='32'%20viewBox='0%200%2032%2032'%20fill='none'%20xmlns='http:\/\/www.w3.org\/2000\/svg'%3e%3cmask%20id='mask0_2459_8201'%20style='mask-type:alpha'%20maskUnits='userSpaceOnUse'%20x='0'%20y='0'%20width='32'%20height='32'%3e%3crect%20width='32'%20height='32'%20fill='%23D9D9D9'\/%3e%3c\/mask%3e%3cg%20mask='url(%23mask0_2459_8201)'%3e%3cpath%20d='M10.667%2022.8999V9.09993C10.667%208.72216%2010.8003%208.40549%2011.067%208.14993C11.3337%207.89438%2011.6448%207.7666%2012.0003%207.7666C12.1114%207.7666%2012.2281%207.78327%2012.3503%207.8166C12.4725%207.84993%2012.5892%207.89993%2012.7003%207.9666L23.567%2014.8666C23.767%2014.9999%2023.917%2015.1666%2024.017%2015.3666C24.117%2015.5666%2024.167%2015.7777%2024.167%2015.9999C24.167%2016.2222%2024.117%2016.4333%2024.017%2016.6333C23.917%2016.8333%2023.767%2016.9999%2023.567%2017.1333L12.7003%2024.0333C12.5892%2024.0999%2012.4725%2024.1499%2012.3503%2024.1833C12.2281%2024.2166%2012.1114%2024.2333%2012.0003%2024.2333C11.6448%2024.2333%2011.3337%2024.1055%2011.067%2023.8499C10.8003%2023.5944%2010.667%2023.2777%2010.667%2022.8999Z'%20fill='black'\/%3e%3c\/g%3e%3c\/svg%3e\" alt=\"\" aria-hidden=\"true\"\/><img decoding=\"async\" class=\"pause-icon\" src=\"data:image\/svg+xml,%3csvg%20width='32'%20height='32'%20viewBox='0%200%2032%2032'%20fill='none'%20xmlns='http:\/\/www.w3.org\/2000\/svg'%3e%3cmask%20id='mask0_pause'%20style='mask-type:alpha'%20maskUnits='userSpaceOnUse'%20x='0'%20y='0'%20width='32'%20height='32'%3e%3crect%20width='32'%20height='32'%20fill='%23D9D9D9'\/%3e%3c\/mask%3e%3cg%20mask='url(%23mask0_pause)'%3e%3c!--%20Left%20bar%20--%3e%3crect%20x='10'%20y='8'%20width='4'%20height='16'%20rx='1'%20fill='black'\/%3e%3c!--%20Right%20bar%20--%3e%3crect%20x='18'%20y='8'%20width='4'%20height='16'%20rx='1'%20fill='black'\/%3e%3c\/g%3e%3c\/svg%3e\" alt=\"\" aria-hidden=\"true\"\/><\/span><\/button><strong class=\"sts-video__duration\" data-duration-prefix=\"Video duration:\" data-unit-second=\"second\" data-unit-seconds=\"seconds\" data-unit-minute=\"minute\" data-unit-minutes=\"minutes\" aria-label=\"Video duration: 20.0 seconds\">20.0 secs<\/strong><\/div><div class=\"sts-video__media\" data-video-source=\"youtube\" data-video-url=\"\"><div class=\"sts-video__external-shell\" data-embed-url=\"https:\/\/www.youtube.com\/embed\/no_DmrTXMrs?rel=0&amp;controls=1&amp;modestbranding=1&amp;playsinline=1&amp;enablejsapi=1&amp;autoplay=0&amp;origin=https%3A%2F%2Fwww.sts-education.com\"><iframe class=\"sts-video__iframe\" src=\"https:\/\/www.youtube.com\/embed\/no_DmrTXMrs?rel=0&amp;controls=1&amp;modestbranding=1&amp;playsinline=1&amp;enablejsapi=1&amp;autoplay=0&amp;origin=https%3A%2F%2Fwww.sts-education.com\" title=\"Video poster\nheading\" allow=\"autoplay; fullscreen\" allowfullscreen loading=\"lazy\" data-provider=\"youtube\" data-embed-url=\"https:\/\/www.youtube.com\/embed\/no_DmrTXMrs?rel=0&amp;controls=1&amp;modestbranding=1&amp;playsinline=1&amp;enablejsapi=1&amp;autoplay=0&amp;origin=https%3A%2F%2Fwww.sts-education.com\"><\/iframe><\/div><\/div><\/div><\/section>\n","protected":false},"excerpt":{"rendered":"","protected":false},"author":20,"featured_media":15166,"parent":10382,"menu_order":0,"comment_status":"closed","ping_status":"closed","template":"templates\/template-default-with-breadcrumbs.php","meta":{"_acf_changed":false,"sts_page_background_color":"","footnotes":""},"wpw_page_folders":[80],"class_list":["post-10401","page","type-page","status-publish","has-post-thumbnail","hentry"],"acf":[],"yoast_head":"<!-- This site is optimized with the Yoast SEO Premium plugin v27.2 (Yoast SEO v27.3) - https:\/\/yoast.com\/product\/yoast-seo-premium-wordpress\/ -->\n<title>Se alle fordelene ved et udvekslings\u00e5r<\/title>\n<meta name=\"description\" content=\"F\u00e5 mest muligt ud af dit udvekslings\u00e5r. L\u00e6r et nyt sprog og en ny kultur at kende, og f\u00e5 nye venner. Du vil ogs\u00e5 udvikle dig som person og f\u00e5 et internationalt netv\u00e6rk.\" \/>\n<meta name=\"robots\" content=\"index, follow, max-snippet:-1, max-image-preview:large, max-video-preview:-1\" \/>\n<link rel=\"canonical\" href=\"https:\/\/www.sts-education.com\/dk\/high-school\/for-du-tager-pa-udveksling\/fordele-ved-et-udvekslingsar\/\" \/>\n<meta property=\"og:locale\" content=\"da_DK\" \/>\n<meta property=\"og:type\" content=\"article\" \/>\n<meta property=\"og:title\" content=\"Fordele Ved Et Udvekslingsar\" \/>\n<meta property=\"og:description\" content=\"F\u00e5 mest muligt ud af dit udvekslings\u00e5r. L\u00e6r et nyt sprog og en ny kultur at kende, og f\u00e5 nye venner. Du vil ogs\u00e5 udvikle dig som person og f\u00e5 et internationalt netv\u00e6rk.\" \/>\n<meta property=\"og:url\" content=\"https:\/\/www.sts-education.com\/dk\/high-school\/for-du-tager-pa-udveksling\/fordele-ved-et-udvekslingsar\/\" \/>\n<meta property=\"og:site_name\" content=\"STS Education\" \/>\n<meta property=\"article:modified_time\" content=\"2026-04-14T09:37:15+00:00\" \/>\n<meta property=\"og:image\" content=\"https:\/\/powered-by.qbank.se\/educatius\/sts\/\/afc0e6e9172f867413f78160008e6f92_1-1-xsmall.webp\" \/>\n\t<meta property=\"og:image:width\" content=\"500\" \/>\n\t<meta property=\"og:image:height\" content=\"500\" \/>\n\t<meta property=\"og:image:type\" content=\"image\/jpeg\" \/>\n<meta name=\"twitter:card\" content=\"summary_large_image\" \/>\n<meta name=\"twitter:label1\" content=\"Estimeret l\u00e6setid\" \/>\n\t<meta name=\"twitter:data1\" content=\"1 minut\" \/>\n<script type=\"application\/ld+json\" class=\"yoast-schema-graph\">{\"@context\":\"https:\\\/\\\/schema.org\",\"@graph\":[{\"@type\":\"WebPage\",\"@id\":\"https:\\\/\\\/www.sts-education.com\\\/dk\\\/high-school\\\/for-du-tager-pa-udveksling\\\/fordele-ved-et-udvekslingsar\\\/\",\"url\":\"https:\\\/\\\/www.sts-education.com\\\/dk\\\/high-school\\\/for-du-tager-pa-udveksling\\\/fordele-ved-et-udvekslingsar\\\/\",\"name\":\"Se alle fordelene ved et udvekslings\u00e5r\",\"isPartOf\":{\"@id\":\"https:\\\/\\\/www.sts-education.com\\\/dk\\\/#website\"},\"primaryImageOfPage\":{\"@id\":\"https:\\\/\\\/www.sts-education.com\\\/dk\\\/high-school\\\/for-du-tager-pa-udveksling\\\/fordele-ved-et-udvekslingsar\\\/#primaryimage\"},\"image\":{\"@id\":\"https:\\\/\\\/www.sts-education.com\\\/dk\\\/high-school\\\/for-du-tager-pa-udveksling\\\/fordele-ved-et-udvekslingsar\\\/#primaryimage\"},\"thumbnailUrl\":\"https:\\\/\\\/powered-by.qbank.se\\\/educatius\\\/sts\\\/\\\/afc0e6e9172f867413f78160008e6f92_1-1-xsmall.webp\",\"datePublished\":\"2025-12-16T10:09:09+00:00\",\"dateModified\":\"2026-04-14T09:37:15+00:00\",\"description\":\"F\u00e5 mest muligt ud af dit udvekslings\u00e5r. L\u00e6r et nyt sprog og en ny kultur at kende, og f\u00e5 nye venner. Du vil ogs\u00e5 udvikle dig som person og f\u00e5 et internationalt netv\u00e6rk.\",\"breadcrumb\":{\"@id\":\"https:\\\/\\\/www.sts-education.com\\\/dk\\\/high-school\\\/for-du-tager-pa-udveksling\\\/fordele-ved-et-udvekslingsar\\\/#breadcrumb\"},\"inLanguage\":\"da-DK\",\"potentialAction\":[{\"@type\":\"ReadAction\",\"target\":[\"https:\\\/\\\/www.sts-education.com\\\/dk\\\/high-school\\\/for-du-tager-pa-udveksling\\\/fordele-ved-et-udvekslingsar\\\/\"]}]},{\"@type\":\"ImageObject\",\"inLanguage\":\"da-DK\",\"@id\":\"https:\\\/\\\/www.sts-education.com\\\/dk\\\/high-school\\\/for-du-tager-pa-udveksling\\\/fordele-ved-et-udvekslingsar\\\/#primaryimage\",\"url\":\"https:\\\/\\\/powered-by.qbank.se\\\/educatius\\\/sts\\\/\\\/afc0e6e9172f867413f78160008e6f92_1-1-xsmall.webp\",\"contentUrl\":\"https:\\\/\\\/powered-by.qbank.se\\\/educatius\\\/sts\\\/\\\/afc0e6e9172f867413f78160008e6f92_1-1-xsmall.webp\",\"width\":500,\"height\":500},{\"@type\":\"BreadcrumbList\",\"@id\":\"https:\\\/\\\/www.sts-education.com\\\/dk\\\/high-school\\\/for-du-tager-pa-udveksling\\\/fordele-ved-et-udvekslingsar\\\/#breadcrumb\",\"itemListElement\":[{\"@type\":\"ListItem\",\"position\":1,\"name\":\"Home\",\"item\":\"https:\\\/\\\/www.sts-education.com\\\/dk\\\/sample-page\\\/\"},{\"@type\":\"ListItem\",\"position\":2,\"name\":\"High school udveksling\",\"item\":\"https:\\\/\\\/www.sts-education.com\\\/dk\\\/high-school\\\/\"},{\"@type\":\"ListItem\",\"position\":3,\"name\":\"For Du Tager Pa Udveksling\",\"item\":\"https:\\\/\\\/www.sts-education.com\\\/dk\\\/high-school\\\/for-du-tager-pa-udveksling\\\/\"},{\"@type\":\"ListItem\",\"position\":4,\"name\":\"Fordele Ved Et Udvekslingsar\"}]},{\"@type\":\"WebSite\",\"@id\":\"https:\\\/\\\/www.sts-education.com\\\/dk\\\/#website\",\"url\":\"https:\\\/\\\/www.sts-education.com\\\/dk\\\/\",\"name\":\"STS Education\",\"description\":\"\",\"potentialAction\":[{\"@type\":\"SearchAction\",\"target\":{\"@type\":\"EntryPoint\",\"urlTemplate\":\"https:\\\/\\\/www.sts-education.com\\\/dk\\\/?s={search_term_string}\"},\"query-input\":{\"@type\":\"PropertyValueSpecification\",\"valueRequired\":true,\"valueName\":\"search_term_string\"}}],\"inLanguage\":\"da-DK\"}]}<\/script>\n<!-- \/ Yoast SEO Premium plugin. -->","yoast_head_json":{"title":"Se alle fordelene ved et udvekslings\u00e5r","description":"F\u00e5 mest muligt ud af dit udvekslings\u00e5r. L\u00e6r et nyt sprog og en ny kultur at kende, og f\u00e5 nye venner. Du vil ogs\u00e5 udvikle dig som person og f\u00e5 et internationalt netv\u00e6rk.","robots":{"index":"index","follow":"follow","max-snippet":"max-snippet:-1","max-image-preview":"max-image-preview:large","max-video-preview":"max-video-preview:-1"},"canonical":"https:\/\/www.sts-education.com\/dk\/high-school\/for-du-tager-pa-udveksling\/fordele-ved-et-udvekslingsar\/","og_locale":"da_DK","og_type":"article","og_title":"Fordele Ved Et Udvekslingsar","og_description":"F\u00e5 mest muligt ud af dit udvekslings\u00e5r. L\u00e6r et nyt sprog og en ny kultur at kende, og f\u00e5 nye venner. Du vil ogs\u00e5 udvikle dig som person og f\u00e5 et internationalt netv\u00e6rk.","og_url":"https:\/\/www.sts-education.com\/dk\/high-school\/for-du-tager-pa-udveksling\/fordele-ved-et-udvekslingsar\/","og_site_name":"STS Education","article_modified_time":"2026-04-14T09:37:15+00:00","og_image":[{"width":500,"height":500,"url":"https:\/\/powered-by.qbank.se\/educatius\/sts\/\/afc0e6e9172f867413f78160008e6f92_1-1-xsmall.webp","type":"image\/jpeg"}],"twitter_card":"summary_large_image","twitter_misc":{"Estimeret l\u00e6setid":"1 minut"},"schema":{"@context":"https:\/\/schema.org","@graph":[{"@type":"WebPage","@id":"https:\/\/www.sts-education.com\/dk\/high-school\/for-du-tager-pa-udveksling\/fordele-ved-et-udvekslingsar\/","url":"https:\/\/www.sts-education.com\/dk\/high-school\/for-du-tager-pa-udveksling\/fordele-ved-et-udvekslingsar\/","name":"Se alle fordelene ved et udvekslings\u00e5r","isPartOf":{"@id":"https:\/\/www.sts-education.com\/dk\/#website"},"primaryImageOfPage":{"@id":"https:\/\/www.sts-education.com\/dk\/high-school\/for-du-tager-pa-udveksling\/fordele-ved-et-udvekslingsar\/#primaryimage"},"image":{"@id":"https:\/\/www.sts-education.com\/dk\/high-school\/for-du-tager-pa-udveksling\/fordele-ved-et-udvekslingsar\/#primaryimage"},"thumbnailUrl":"https:\/\/powered-by.qbank.se\/educatius\/sts\/\/afc0e6e9172f867413f78160008e6f92_1-1-xsmall.webp","datePublished":"2025-12-16T10:09:09+00:00","dateModified":"2026-04-14T09:37:15+00:00","description":"F\u00e5 mest muligt ud af dit udvekslings\u00e5r. L\u00e6r et nyt sprog og en ny kultur at kende, og f\u00e5 nye venner. Du vil ogs\u00e5 udvikle dig som person og f\u00e5 et internationalt netv\u00e6rk.","breadcrumb":{"@id":"https:\/\/www.sts-education.com\/dk\/high-school\/for-du-tager-pa-udveksling\/fordele-ved-et-udvekslingsar\/#breadcrumb"},"inLanguage":"da-DK","potentialAction":[{"@type":"ReadAction","target":["https:\/\/www.sts-education.com\/dk\/high-school\/for-du-tager-pa-udveksling\/fordele-ved-et-udvekslingsar\/"]}]},{"@type":"ImageObject","inLanguage":"da-DK","@id":"https:\/\/www.sts-education.com\/dk\/high-school\/for-du-tager-pa-udveksling\/fordele-ved-et-udvekslingsar\/#primaryimage","url":"https:\/\/powered-by.qbank.se\/educatius\/sts\/\/afc0e6e9172f867413f78160008e6f92_1-1-xsmall.webp","contentUrl":"https:\/\/powered-by.qbank.se\/educatius\/sts\/\/afc0e6e9172f867413f78160008e6f92_1-1-xsmall.webp","width":500,"height":500},{"@type":"BreadcrumbList","@id":"https:\/\/www.sts-education.com\/dk\/high-school\/for-du-tager-pa-udveksling\/fordele-ved-et-udvekslingsar\/#breadcrumb","itemListElement":[{"@type":"ListItem","position":1,"name":"Home","item":"https:\/\/www.sts-education.com\/dk\/sample-page\/"},{"@type":"ListItem","position":2,"name":"High school udveksling","item":"https:\/\/www.sts-education.com\/dk\/high-school\/"},{"@type":"ListItem","position":3,"name":"For Du Tager Pa Udveksling","item":"https:\/\/www.sts-education.com\/dk\/high-school\/for-du-tager-pa-udveksling\/"},{"@type":"ListItem","position":4,"name":"Fordele Ved Et Udvekslingsar"}]},{"@type":"WebSite","@id":"https:\/\/www.sts-education.com\/dk\/#website","url":"https:\/\/www.sts-education.com\/dk\/","name":"STS Education","description":"","potentialAction":[{"@type":"SearchAction","target":{"@type":"EntryPoint","urlTemplate":"https:\/\/www.sts-education.com\/dk\/?s={search_term_string}"},"query-input":{"@type":"PropertyValueSpecification","valueRequired":true,"valueName":"search_term_string"}}],"inLanguage":"da-DK"}]}},"_links":{"self":[{"href":"https:\/\/www.sts-education.com\/dk\/wp-json\/wp\/v2\/pages\/10401","targetHints":{"allow":["GET"]}}],"collection":[{"href":"https:\/\/www.sts-education.com\/dk\/wp-json\/wp\/v2\/pages"}],"about":[{"href":"https:\/\/www.sts-education.com\/dk\/wp-json\/wp\/v2\/types\/page"}],"author":[{"embeddable":true,"href":"https:\/\/www.sts-education.com\/dk\/wp-json\/wp\/v2\/users\/20"}],"replies":[{"embeddable":true,"href":"https:\/\/www.sts-education.com\/dk\/wp-json\/wp\/v2\/comments?post=10401"}],"version-history":[{"count":4,"href":"https:\/\/www.sts-education.com\/dk\/wp-json\/wp\/v2\/pages\/10401\/revisions"}],"predecessor-version":[{"id":32915,"href":"https:\/\/www.sts-education.com\/dk\/wp-json\/wp\/v2\/pages\/10401\/revisions\/32915"}],"up":[{"embeddable":true,"href":"https:\/\/www.sts-education.com\/dk\/wp-json\/wp\/v2\/pages\/10382"}],"wp:featuredmedia":[{"embeddable":true,"href":"https:\/\/www.sts-education.com\/dk\/wp-json\/wp\/v2\/media\/15166"}],"wp:attachment":[{"href":"https:\/\/www.sts-education.com\/dk\/wp-json\/wp\/v2\/media?parent=10401"}],"wp:term":[{"taxonomy":"wpw_page_folders","embeddable":true,"href":"https:\/\/www.sts-education.com\/dk\/wp-json\/wp\/v2\/wpw_page_folders?post=10401"}],"curies":[{"name":"wp","href":"https:\/\/api.w.org\/{rel}","templated":true}]}}