{"id":10402,"date":"2025-12-16T10:06:08","date_gmt":"2025-12-16T10:06:08","guid":{"rendered":"https:\/\/preprod.sts-education.com\/high-school\/for-du-tager-pa-udveksling\/hvem-kan-ansoge\/"},"modified":"2026-04-15T09:38:33","modified_gmt":"2026-04-15T09:38:33","slug":"hvem-kan-ansoge","status":"publish","type":"page","link":"https:\/\/www.sts-education.com\/dk\/high-school\/for-du-tager-pa-udveksling\/hvem-kan-ansoge\/","title":{"rendered":"Hvem Kan Ansoge"},"content":{"rendered":"\n<section class=\"wp-block-sts-hero sts-block-hero is-variant-full-background has-text-light has-background-media\" style=\"--sts-hero-padding-mobile:0px;--sts-hero-padding-desktop:0px;--sts-hero-text-color:var(--wp--preset--color--base-10, #fff);\" data-variant=\"full-background\"><div class=\"sts-block-hero__background\"><picture class=\"sts-responsive-image has-fit-cover is-skeleton\"><img src=\"https:\/\/cdn.sts-education.com\/12638_hero_lg_xl.jpg\" alt=\"Hvem kan tage p\u00e5 udvekslings\u00e5r?\" loading=\"lazy\" decoding=\"async\" fetchpriority=\"low\" sizes=\"100vw\" \/><\/picture><span class=\"sts-block-hero__overlay\" aria-hidden=\"true\"><\/span><\/div><div class=\"sts-block-hero__inner\"><div class=\"sts-block-hero__content has-align-center\"><div class=\"sts-block-hero__content-inner\"><h1 class=\"sts-block-hero__heading\">Hvem kan tage p\u00e5 udvekslings\u00e5r?<\/h1><\/div><\/div><\/div><\/section>\n\n\n\n<div class=\"wp-block-sts-text sts-text-editor has-max-width-md\"><div class=\"sts-text-editor__content\"><div class=\"sts-text-editor__content-inner\">\n<p>Et \u00e5r som udvekslingselev byder p\u00e5 et v\u00e6ld af muligheder. Det vigtigste er, at du er nysgerrig og har et \u00e5bent sind. Det er en m\u00e5de at opleve en masse nye ting, som du ellers aldrig ville have oplevet derhjemme.<\/p>\n\n<p>Allergier eller sygdomme beh\u00f8ver ikke v\u00e6re en hindring, men det er vigtigt, at du fort\u00e6ller os om det, s\u00e5 vi kan finde en familie og en skole, der kan opfylde dine behov. Husk ogs\u00e5, at nogle lande kr\u00e6ver vacciner f\u00f8r indrejse.<\/p>\n\n<h2>Hvad er aldersgr\u00e6nserne for et udvekslings\u00e5r?<\/h2>\n\n<p>For at tage et udvekslings\u00e5r i l\u00f8bet af din gymnasiale uddannelse skal du v\u00e6re mellem 14 og 18 \u00e5r, n\u00e5r du begynder udvekslings\u00e5ret, men det kan variere afh\u00e6ngigt af skolesystemet i de respektive lande. Du kan l\u00e6se mere om det under det land, du er interesseret i. Husk, at der kan v\u00e6re et ekstragebyr, hvis du allerede er fyldt 18.<\/p>\n\n<h2>Hvilke sprogkundskaber skal jeg have for at tage p\u00e5 et udvekslings\u00e5r?<\/h2>\n\n<p>Til alle vores destinationer kr\u00e6ves det, at du kan grundl\u00e6ggende engelsk. Det betyder, at du skal kunne tale, l\u00e6se og skrive basal engelsk. For ikke-engelsktalende lande kan kravene variere. Du kan l\u00e6se mere om det p\u00e5 de sider, der omhandler det land, du er interesseret i.<\/p>\n\n<p>Du skal ogs\u00e5 igennem et interview med os, og nogle destinationer kr\u00e6ver desuden en onlinetest eller et Skype-interview.<\/p>\n\n<p>Skal du p\u00e5 udvekslings\u00e5r til et engelsk-, spansk-, tysk- eller italiensktalende land og vil gerne tr\u00e6ne dine sprogkundskaber lidt ekstra, inden du tager af sted? Forbered dig med vores digitale <a href=\"https:\/\/www.sts-education.com\/dk\/high-school\/for-du-tager-pa-udveksling\/forbered-dig-med-vores-sprogkurser\/\">sprogkursus<\/a>!<\/p>\n\n<h2>Hvilke karakterer skal jeg have for at tage et udvekslings\u00e5r p\u00e5 high school?<\/h2>\n\n<p>For at blive godkendt skal du mindst have best\u00e5et alle fag, og du skal have g\u00e5et i skole fuld tid hele \u00e5ret inden din afrejse. Hvis du ikke har best\u00e5et et fag, s\u00e5 kontakt os, s\u00e5 vi kan lave en individuel vurdering. Vi vil altid g\u00f8re, hvad vi kan for at hj\u00e6lpe s\u00e5 mange som muligt med at f\u00e5 muligheden for at studere i udlandet et \u00e5r.<\/p>\n\n<p><a href=\"https:\/\/www.sts-education.com\/dk\/om-sts\/kontakt-os\/\">Har du sp\u00f8rgsm\u00e5l? S\u00e5 kontakt os!!<\/a><\/p>\n<\/div><\/div><\/div>\n","protected":false},"excerpt":{"rendered":"","protected":false},"author":20,"featured_media":15164,"parent":10382,"menu_order":0,"comment_status":"closed","ping_status":"closed","template":"templates\/template-default-with-breadcrumbs.php","meta":{"_acf_changed":false,"sts_page_background_color":"","footnotes":""},"wpw_page_folders":[80],"class_list":["post-10402","page","type-page","status-publish","has-post-thumbnail","hentry"],"acf":[],"yoast_head":"<!-- This site is optimized with the Yoast SEO Premium plugin v27.2 (Yoast SEO v27.3) - https:\/\/yoast.com\/product\/yoast-seo-premium-wordpress\/ -->\n<title>Hvem kan komme p\u00e5 udveksling?<\/title>\n<meta name=\"description\" content=\"De fleste kan komme p\u00e5 udveksling et \u00e5r. Allergier eller sygdomme beh\u00f8ver ikke v\u00e6re en hindring. Det vigtigste er, at du er nysgerrig og har et \u00e5bent sind.\" \/>\n<meta name=\"robots\" content=\"index, follow, max-snippet:-1, max-image-preview:large, max-video-preview:-1\" \/>\n<link rel=\"canonical\" href=\"https:\/\/www.sts-education.com\/dk\/high-school\/for-du-tager-pa-udveksling\/hvem-kan-ansoge\/\" \/>\n<meta property=\"og:locale\" content=\"da_DK\" \/>\n<meta property=\"og:type\" content=\"article\" \/>\n<meta property=\"og:title\" content=\"Hvem Kan Ansoge\" \/>\n<meta property=\"og:description\" content=\"De fleste kan komme p\u00e5 udveksling et \u00e5r. Allergier eller sygdomme beh\u00f8ver ikke v\u00e6re en hindring. Det vigtigste er, at du er nysgerrig og har et \u00e5bent sind.\" \/>\n<meta property=\"og:url\" content=\"https:\/\/www.sts-education.com\/dk\/high-school\/for-du-tager-pa-udveksling\/hvem-kan-ansoge\/\" \/>\n<meta property=\"og:site_name\" content=\"STS Education\" \/>\n<meta property=\"article:modified_time\" content=\"2026-04-15T09:38:33+00:00\" \/>\n<meta property=\"og:image\" content=\"https:\/\/powered-by.qbank.se\/educatius\/sts\/\/654adcd0696a9cfff110373a8858629b_1-1-thumb.webp\" \/>\n\t<meta property=\"og:image:width\" content=\"150\" \/>\n\t<meta property=\"og:image:height\" content=\"150\" \/>\n\t<meta property=\"og:image:type\" content=\"image\/jpeg\" \/>\n<meta name=\"twitter:card\" content=\"summary_large_image\" \/>\n<meta name=\"twitter:label1\" content=\"Estimeret l\u00e6setid\" \/>\n\t<meta name=\"twitter:data1\" content=\"2 minutter\" \/>\n<script type=\"application\/ld+json\" class=\"yoast-schema-graph\">{\"@context\":\"https:\\\/\\\/schema.org\",\"@graph\":[{\"@type\":\"WebPage\",\"@id\":\"https:\\\/\\\/www.sts-education.com\\\/dk\\\/high-school\\\/for-du-tager-pa-udveksling\\\/hvem-kan-ansoge\\\/\",\"url\":\"https:\\\/\\\/www.sts-education.com\\\/dk\\\/high-school\\\/for-du-tager-pa-udveksling\\\/hvem-kan-ansoge\\\/\",\"name\":\"Hvem kan komme p\u00e5 udveksling?\",\"isPartOf\":{\"@id\":\"https:\\\/\\\/www.sts-education.com\\\/dk\\\/#website\"},\"primaryImageOfPage\":{\"@id\":\"https:\\\/\\\/www.sts-education.com\\\/dk\\\/high-school\\\/for-du-tager-pa-udveksling\\\/hvem-kan-ansoge\\\/#primaryimage\"},\"image\":{\"@id\":\"https:\\\/\\\/www.sts-education.com\\\/dk\\\/high-school\\\/for-du-tager-pa-udveksling\\\/hvem-kan-ansoge\\\/#primaryimage\"},\"thumbnailUrl\":\"https:\\\/\\\/powered-by.qbank.se\\\/educatius\\\/sts\\\/\\\/654adcd0696a9cfff110373a8858629b_1-1-thumb.webp\",\"datePublished\":\"2025-12-16T10:06:08+00:00\",\"dateModified\":\"2026-04-15T09:38:33+00:00\",\"description\":\"De fleste kan komme p\u00e5 udveksling et \u00e5r. Allergier eller sygdomme beh\u00f8ver ikke v\u00e6re en hindring. Det vigtigste er, at du er nysgerrig og har et \u00e5bent sind.\",\"breadcrumb\":{\"@id\":\"https:\\\/\\\/www.sts-education.com\\\/dk\\\/high-school\\\/for-du-tager-pa-udveksling\\\/hvem-kan-ansoge\\\/#breadcrumb\"},\"inLanguage\":\"da-DK\",\"potentialAction\":[{\"@type\":\"ReadAction\",\"target\":[\"https:\\\/\\\/www.sts-education.com\\\/dk\\\/high-school\\\/for-du-tager-pa-udveksling\\\/hvem-kan-ansoge\\\/\"]}]},{\"@type\":\"ImageObject\",\"inLanguage\":\"da-DK\",\"@id\":\"https:\\\/\\\/www.sts-education.com\\\/dk\\\/high-school\\\/for-du-tager-pa-udveksling\\\/hvem-kan-ansoge\\\/#primaryimage\",\"url\":\"https:\\\/\\\/powered-by.qbank.se\\\/educatius\\\/sts\\\/\\\/654adcd0696a9cfff110373a8858629b_1-1-thumb.webp\",\"contentUrl\":\"https:\\\/\\\/powered-by.qbank.se\\\/educatius\\\/sts\\\/\\\/654adcd0696a9cfff110373a8858629b_1-1-thumb.webp\",\"width\":150,\"height\":150},{\"@type\":\"BreadcrumbList\",\"@id\":\"https:\\\/\\\/www.sts-education.com\\\/dk\\\/high-school\\\/for-du-tager-pa-udveksling\\\/hvem-kan-ansoge\\\/#breadcrumb\",\"itemListElement\":[{\"@type\":\"ListItem\",\"position\":1,\"name\":\"Home\",\"item\":\"https:\\\/\\\/www.sts-education.com\\\/dk\\\/sample-page\\\/\"},{\"@type\":\"ListItem\",\"position\":2,\"name\":\"High school udveksling\",\"item\":\"https:\\\/\\\/www.sts-education.com\\\/dk\\\/high-school\\\/\"},{\"@type\":\"ListItem\",\"position\":3,\"name\":\"For Du Tager Pa Udveksling\",\"item\":\"https:\\\/\\\/www.sts-education.com\\\/dk\\\/high-school\\\/for-du-tager-pa-udveksling\\\/\"},{\"@type\":\"ListItem\",\"position\":4,\"name\":\"Hvem Kan Ansoge\"}]},{\"@type\":\"WebSite\",\"@id\":\"https:\\\/\\\/www.sts-education.com\\\/dk\\\/#website\",\"url\":\"https:\\\/\\\/www.sts-education.com\\\/dk\\\/\",\"name\":\"STS Education\",\"description\":\"\",\"potentialAction\":[{\"@type\":\"SearchAction\",\"target\":{\"@type\":\"EntryPoint\",\"urlTemplate\":\"https:\\\/\\\/www.sts-education.com\\\/dk\\\/?s={search_term_string}\"},\"query-input\":{\"@type\":\"PropertyValueSpecification\",\"valueRequired\":true,\"valueName\":\"search_term_string\"}}],\"inLanguage\":\"da-DK\"}]}<\/script>\n<!-- \/ Yoast SEO Premium plugin. -->","yoast_head_json":{"title":"Hvem kan komme p\u00e5 udveksling?","description":"De fleste kan komme p\u00e5 udveksling et \u00e5r. Allergier eller sygdomme beh\u00f8ver ikke v\u00e6re en hindring. Det vigtigste er, at du er nysgerrig og har et \u00e5bent sind.","robots":{"index":"index","follow":"follow","max-snippet":"max-snippet:-1","max-image-preview":"max-image-preview:large","max-video-preview":"max-video-preview:-1"},"canonical":"https:\/\/www.sts-education.com\/dk\/high-school\/for-du-tager-pa-udveksling\/hvem-kan-ansoge\/","og_locale":"da_DK","og_type":"article","og_title":"Hvem Kan Ansoge","og_description":"De fleste kan komme p\u00e5 udveksling et \u00e5r. Allergier eller sygdomme beh\u00f8ver ikke v\u00e6re en hindring. Det vigtigste er, at du er nysgerrig og har et \u00e5bent sind.","og_url":"https:\/\/www.sts-education.com\/dk\/high-school\/for-du-tager-pa-udveksling\/hvem-kan-ansoge\/","og_site_name":"STS Education","article_modified_time":"2026-04-15T09:38:33+00:00","og_image":[{"width":150,"height":150,"url":"https:\/\/powered-by.qbank.se\/educatius\/sts\/\/654adcd0696a9cfff110373a8858629b_1-1-thumb.webp","type":"image\/jpeg"}],"twitter_card":"summary_large_image","twitter_misc":{"Estimeret l\u00e6setid":"2 minutter"},"schema":{"@context":"https:\/\/schema.org","@graph":[{"@type":"WebPage","@id":"https:\/\/www.sts-education.com\/dk\/high-school\/for-du-tager-pa-udveksling\/hvem-kan-ansoge\/","url":"https:\/\/www.sts-education.com\/dk\/high-school\/for-du-tager-pa-udveksling\/hvem-kan-ansoge\/","name":"Hvem kan komme p\u00e5 udveksling?","isPartOf":{"@id":"https:\/\/www.sts-education.com\/dk\/#website"},"primaryImageOfPage":{"@id":"https:\/\/www.sts-education.com\/dk\/high-school\/for-du-tager-pa-udveksling\/hvem-kan-ansoge\/#primaryimage"},"image":{"@id":"https:\/\/www.sts-education.com\/dk\/high-school\/for-du-tager-pa-udveksling\/hvem-kan-ansoge\/#primaryimage"},"thumbnailUrl":"https:\/\/powered-by.qbank.se\/educatius\/sts\/\/654adcd0696a9cfff110373a8858629b_1-1-thumb.webp","datePublished":"2025-12-16T10:06:08+00:00","dateModified":"2026-04-15T09:38:33+00:00","description":"De fleste kan komme p\u00e5 udveksling et \u00e5r. Allergier eller sygdomme beh\u00f8ver ikke v\u00e6re en hindring. Det vigtigste er, at du er nysgerrig og har et \u00e5bent sind.","breadcrumb":{"@id":"https:\/\/www.sts-education.com\/dk\/high-school\/for-du-tager-pa-udveksling\/hvem-kan-ansoge\/#breadcrumb"},"inLanguage":"da-DK","potentialAction":[{"@type":"ReadAction","target":["https:\/\/www.sts-education.com\/dk\/high-school\/for-du-tager-pa-udveksling\/hvem-kan-ansoge\/"]}]},{"@type":"ImageObject","inLanguage":"da-DK","@id":"https:\/\/www.sts-education.com\/dk\/high-school\/for-du-tager-pa-udveksling\/hvem-kan-ansoge\/#primaryimage","url":"https:\/\/powered-by.qbank.se\/educatius\/sts\/\/654adcd0696a9cfff110373a8858629b_1-1-thumb.webp","contentUrl":"https:\/\/powered-by.qbank.se\/educatius\/sts\/\/654adcd0696a9cfff110373a8858629b_1-1-thumb.webp","width":150,"height":150},{"@type":"BreadcrumbList","@id":"https:\/\/www.sts-education.com\/dk\/high-school\/for-du-tager-pa-udveksling\/hvem-kan-ansoge\/#breadcrumb","itemListElement":[{"@type":"ListItem","position":1,"name":"Home","item":"https:\/\/www.sts-education.com\/dk\/sample-page\/"},{"@type":"ListItem","position":2,"name":"High school udveksling","item":"https:\/\/www.sts-education.com\/dk\/high-school\/"},{"@type":"ListItem","position":3,"name":"For Du Tager Pa Udveksling","item":"https:\/\/www.sts-education.com\/dk\/high-school\/for-du-tager-pa-udveksling\/"},{"@type":"ListItem","position":4,"name":"Hvem Kan Ansoge"}]},{"@type":"WebSite","@id":"https:\/\/www.sts-education.com\/dk\/#website","url":"https:\/\/www.sts-education.com\/dk\/","name":"STS Education","description":"","potentialAction":[{"@type":"SearchAction","target":{"@type":"EntryPoint","urlTemplate":"https:\/\/www.sts-education.com\/dk\/?s={search_term_string}"},"query-input":{"@type":"PropertyValueSpecification","valueRequired":true,"valueName":"search_term_string"}}],"inLanguage":"da-DK"}]}},"_links":{"self":[{"href":"https:\/\/www.sts-education.com\/dk\/wp-json\/wp\/v2\/pages\/10402","targetHints":{"allow":["GET"]}}],"collection":[{"href":"https:\/\/www.sts-education.com\/dk\/wp-json\/wp\/v2\/pages"}],"about":[{"href":"https:\/\/www.sts-education.com\/dk\/wp-json\/wp\/v2\/types\/page"}],"author":[{"embeddable":true,"href":"https:\/\/www.sts-education.com\/dk\/wp-json\/wp\/v2\/users\/20"}],"replies":[{"embeddable":true,"href":"https:\/\/www.sts-education.com\/dk\/wp-json\/wp\/v2\/comments?post=10402"}],"version-history":[{"count":5,"href":"https:\/\/www.sts-education.com\/dk\/wp-json\/wp\/v2\/pages\/10402\/revisions"}],"predecessor-version":[{"id":35542,"href":"https:\/\/www.sts-education.com\/dk\/wp-json\/wp\/v2\/pages\/10402\/revisions\/35542"}],"up":[{"embeddable":true,"href":"https:\/\/www.sts-education.com\/dk\/wp-json\/wp\/v2\/pages\/10382"}],"wp:featuredmedia":[{"embeddable":true,"href":"https:\/\/www.sts-education.com\/dk\/wp-json\/wp\/v2\/media\/15164"}],"wp:attachment":[{"href":"https:\/\/www.sts-education.com\/dk\/wp-json\/wp\/v2\/media?parent=10402"}],"wp:term":[{"taxonomy":"wpw_page_folders","embeddable":true,"href":"https:\/\/www.sts-education.com\/dk\/wp-json\/wp\/v2\/wpw_page_folders?post=10402"}],"curies":[{"name":"wp","href":"https:\/\/api.w.org\/{rel}","templated":true}]}}