{"id":10404,"date":"2025-12-16T10:07:58","date_gmt":"2025-12-16T10:07:58","guid":{"rendered":"https:\/\/preprod.sts-education.com\/high-school\/for-du-tager-pa-udveksling\/valg-hvordan-du-gerne-vil-studere\/"},"modified":"2026-04-15T09:38:31","modified_gmt":"2026-04-15T09:38:31","slug":"valg-hvordan-du-gerne-vil-studere","status":"publish","type":"page","link":"https:\/\/www.sts-education.com\/dk\/high-school\/for-du-tager-pa-udveksling\/valg-hvordan-du-gerne-vil-studere\/","title":{"rendered":"Valg Hvordan Du Gerne Vil Studere"},"content":{"rendered":"\n<section class=\"wp-block-sts-hero sts-block-hero is-variant-full-background has-text-light has-background-media\" style=\"--sts-hero-padding-mobile:0px;--sts-hero-padding-desktop:0px;--sts-hero-text-color:var(--wp--preset--color--base-10, #fff);\" data-variant=\"full-background\"><div class=\"sts-block-hero__background\"><picture class=\"sts-responsive-image has-fit-cover is-skeleton\"><img src=\"https:\/\/cdn.sts-education.com\/12561_hero_lg_xl.jpg\" alt=\"V\u00e6lg mellem Classic og Select\" loading=\"lazy\" decoding=\"async\" fetchpriority=\"low\" sizes=\"100vw\" \/><\/picture><span class=\"sts-block-hero__overlay\" aria-hidden=\"true\"><\/span><\/div><div class=\"sts-block-hero__inner\"><div class=\"sts-block-hero__content has-align-center\"><div class=\"sts-block-hero__content-inner\"><h1 class=\"sts-block-hero__heading\">V\u00e6lg mellem Classic og Select<\/h1><\/div><\/div><\/div><\/section>\n\n\n\n<div class=\"wp-block-sts-text sts-text-editor has-max-width-md\"><div class=\"sts-text-editor__content\"><div class=\"sts-text-editor__content-inner\">\n<p>Et udvekslings\u00e5r er et springbr\u00e6t til at n\u00e5 dit fulde potentiale, og din fremtid ligger i dine h\u00e6nder. At v\u00e6re et \u00e5r p\u00e5 high school er utroligt berigende, og folk omtaler tit dette \u00e5r som det bedste i deres liv.<\/p>\n\n<p><strong>STS High School Classic<\/strong> er det traditionelle udvekslingsprogram p\u00e5 high school-niveau, som de fleste af vores elever v\u00e6lger. Det er det perfekte program, hvis du gerne vil have en autentisk high school-oplevelse i udlandet. Du vil komme til at bo hos en v\u00e6rtsfamilie i det land, du har valgt, og du bliver straks en del af familien og vil hurtigt t\u00e6nke p\u00e5 dem som \u201dmin familie\u201d. Du kommer til at g\u00e5 p\u00e5 en lokal high school, hvor du f\u00e5r nye venner, der bor i omr\u00e5det. Skolerne er gode til at tage imod vores udvekslingselever, og du vil hurtigt f\u00f8le dig hjemme p\u00e5 din skole. P\u00e5 nogle af vores destinationer kan du \u00f8nske at komme til at bo i et specifikt omr\u00e5de eller en specifik stat mod et ekstragebyr. L\u00e6s mere om, hvad der g\u00e6lder for hver destination.<\/p>\n\n<p>For nogle udvekslingselever er det vigtigt at f\u00e5 et bestemt fag eller dyrke en bestemt sport. Til dem har vi et program, der hedder <strong>STS High School Select<\/strong>. Det betyder ofte, at du kommer til at g\u00e5 p\u00e5 en privatskole og betaler ekstra for det. Du kan v\u00e6lge, hvilken by du gerne vil bo i, og i de fleste tilf\u00e6lde kan du ogs\u00e5 v\u00e6lge pr\u00e6cis, hvilken skole du gerne vil g\u00e5 p\u00e5. Det er vigtigt, hvis du gerne vil have et bestemt fag, dyrke en bestemt sport eller spille et instrument under udvekslingsopholdet. Denne type program er tilg\u00e6ngeligt i <a href=\"https:\/\/www.sts-education.com\/dk\/high-school\/programlande\/nordamerika\/usa\/\">USA<\/a>, <a href=\"https:\/\/www.sts-education.com\/dk\/high-school\/programlande\/nordamerika\/canada\/\">Canada<\/a>, <a href=\"https:\/\/www.sts-education.com\/dk\/high-school\/programlande\/oceanien\/australien\/\">Australien<\/a>, <a href=\"https:\/\/www.sts-education.com\/dk\/high-school\/programlande\/oceanien\/new-zealand\/\">New Zealand<\/a> og <a href=\"https:\/\/www.sts-education.com\/dk\/high-school\/programlande\/europa\/storbritannien\/\">Storbritannien<\/a>. L\u00e6s mere om vores Select-program under de respektive destinationer, og kontakt os, hvis du vil have mere information.<\/p>\n\n<p>Vi er til for at hj\u00e6lpe dig. Ved at l\u00e6re dig at kende kan vi sammen finde den helt rigtige by og skole til dig. Og husk: Uanset hvad du v\u00e6lger, s\u00e5 bliver det den bedste tid i dit liv!<\/p>\n<\/div><\/div><\/div>\n","protected":false},"excerpt":{"rendered":"","protected":false},"author":20,"featured_media":15170,"parent":10382,"menu_order":0,"comment_status":"closed","ping_status":"closed","template":"templates\/template-default-with-breadcrumbs.php","meta":{"_acf_changed":false,"sts_page_background_color":"","footnotes":""},"wpw_page_folders":[80],"class_list":["post-10404","page","type-page","status-publish","has-post-thumbnail","hentry"],"acf":[],"yoast_head":"<!-- This site is optimized with the Yoast SEO Premium plugin v27.2 (Yoast SEO v27.3) - https:\/\/yoast.com\/product\/yoast-seo-premium-wordpress\/ -->\n<title>Skr\u00e6ddersy dit udvekslingsophold efter dine \u00f8nsker<\/title>\n<meta name=\"description\" content=\"De fleste af vores elever v\u00e6lger vores traditionelle udvekslingsprogram. Men hvis du gerne vil studere et bestemt fag eller dyrke en bestemt sport, har vi vores Select-program.\" \/>\n<meta name=\"robots\" content=\"index, follow, max-snippet:-1, max-image-preview:large, max-video-preview:-1\" \/>\n<link rel=\"canonical\" href=\"https:\/\/www.sts-education.com\/dk\/high-school\/for-du-tager-pa-udveksling\/valg-hvordan-du-gerne-vil-studere\/\" \/>\n<meta property=\"og:locale\" content=\"da_DK\" \/>\n<meta property=\"og:type\" content=\"article\" \/>\n<meta property=\"og:title\" content=\"Valg Hvordan Du Gerne Vil Studere\" \/>\n<meta property=\"og:description\" content=\"De fleste af vores elever v\u00e6lger vores traditionelle udvekslingsprogram. Men hvis du gerne vil studere et bestemt fag eller dyrke en bestemt sport, har vi vores Select-program.\" \/>\n<meta property=\"og:url\" content=\"https:\/\/www.sts-education.com\/dk\/high-school\/for-du-tager-pa-udveksling\/valg-hvordan-du-gerne-vil-studere\/\" \/>\n<meta property=\"og:site_name\" content=\"STS Education\" \/>\n<meta property=\"article:modified_time\" content=\"2026-04-15T09:38:31+00:00\" \/>\n<meta property=\"og:image\" content=\"https:\/\/powered-by.qbank.se\/educatius\/sts\/\/1f2700e23e28608434f21942f3298107_1-1-thumb.webp\" \/>\n\t<meta property=\"og:image:width\" content=\"150\" \/>\n\t<meta property=\"og:image:height\" content=\"150\" \/>\n\t<meta property=\"og:image:type\" content=\"image\/jpeg\" \/>\n<meta name=\"twitter:card\" content=\"summary_large_image\" \/>\n<meta name=\"twitter:label1\" content=\"Estimeret l\u00e6setid\" \/>\n\t<meta name=\"twitter:data1\" content=\"2 minutter\" \/>\n<script type=\"application\/ld+json\" class=\"yoast-schema-graph\">{\"@context\":\"https:\\\/\\\/schema.org\",\"@graph\":[{\"@type\":\"WebPage\",\"@id\":\"https:\\\/\\\/www.sts-education.com\\\/dk\\\/high-school\\\/for-du-tager-pa-udveksling\\\/valg-hvordan-du-gerne-vil-studere\\\/\",\"url\":\"https:\\\/\\\/www.sts-education.com\\\/dk\\\/high-school\\\/for-du-tager-pa-udveksling\\\/valg-hvordan-du-gerne-vil-studere\\\/\",\"name\":\"Skr\u00e6ddersy dit udvekslingsophold efter dine \u00f8nsker\",\"isPartOf\":{\"@id\":\"https:\\\/\\\/www.sts-education.com\\\/dk\\\/#website\"},\"primaryImageOfPage\":{\"@id\":\"https:\\\/\\\/www.sts-education.com\\\/dk\\\/high-school\\\/for-du-tager-pa-udveksling\\\/valg-hvordan-du-gerne-vil-studere\\\/#primaryimage\"},\"image\":{\"@id\":\"https:\\\/\\\/www.sts-education.com\\\/dk\\\/high-school\\\/for-du-tager-pa-udveksling\\\/valg-hvordan-du-gerne-vil-studere\\\/#primaryimage\"},\"thumbnailUrl\":\"https:\\\/\\\/powered-by.qbank.se\\\/educatius\\\/sts\\\/\\\/1f2700e23e28608434f21942f3298107_1-1-thumb.webp\",\"datePublished\":\"2025-12-16T10:07:58+00:00\",\"dateModified\":\"2026-04-15T09:38:31+00:00\",\"description\":\"De fleste af vores elever v\u00e6lger vores traditionelle udvekslingsprogram. Men hvis du gerne vil studere et bestemt fag eller dyrke en bestemt sport, har vi vores Select-program.\",\"breadcrumb\":{\"@id\":\"https:\\\/\\\/www.sts-education.com\\\/dk\\\/high-school\\\/for-du-tager-pa-udveksling\\\/valg-hvordan-du-gerne-vil-studere\\\/#breadcrumb\"},\"inLanguage\":\"da-DK\",\"potentialAction\":[{\"@type\":\"ReadAction\",\"target\":[\"https:\\\/\\\/www.sts-education.com\\\/dk\\\/high-school\\\/for-du-tager-pa-udveksling\\\/valg-hvordan-du-gerne-vil-studere\\\/\"]}]},{\"@type\":\"ImageObject\",\"inLanguage\":\"da-DK\",\"@id\":\"https:\\\/\\\/www.sts-education.com\\\/dk\\\/high-school\\\/for-du-tager-pa-udveksling\\\/valg-hvordan-du-gerne-vil-studere\\\/#primaryimage\",\"url\":\"https:\\\/\\\/powered-by.qbank.se\\\/educatius\\\/sts\\\/\\\/1f2700e23e28608434f21942f3298107_1-1-thumb.webp\",\"contentUrl\":\"https:\\\/\\\/powered-by.qbank.se\\\/educatius\\\/sts\\\/\\\/1f2700e23e28608434f21942f3298107_1-1-thumb.webp\",\"width\":150,\"height\":150},{\"@type\":\"BreadcrumbList\",\"@id\":\"https:\\\/\\\/www.sts-education.com\\\/dk\\\/high-school\\\/for-du-tager-pa-udveksling\\\/valg-hvordan-du-gerne-vil-studere\\\/#breadcrumb\",\"itemListElement\":[{\"@type\":\"ListItem\",\"position\":1,\"name\":\"Home\",\"item\":\"https:\\\/\\\/www.sts-education.com\\\/dk\\\/sample-page\\\/\"},{\"@type\":\"ListItem\",\"position\":2,\"name\":\"High school udveksling\",\"item\":\"https:\\\/\\\/www.sts-education.com\\\/dk\\\/high-school\\\/\"},{\"@type\":\"ListItem\",\"position\":3,\"name\":\"For Du Tager Pa Udveksling\",\"item\":\"https:\\\/\\\/www.sts-education.com\\\/dk\\\/high-school\\\/for-du-tager-pa-udveksling\\\/\"},{\"@type\":\"ListItem\",\"position\":4,\"name\":\"Valg Hvordan Du Gerne Vil Studere\"}]},{\"@type\":\"WebSite\",\"@id\":\"https:\\\/\\\/www.sts-education.com\\\/dk\\\/#website\",\"url\":\"https:\\\/\\\/www.sts-education.com\\\/dk\\\/\",\"name\":\"STS Education\",\"description\":\"\",\"potentialAction\":[{\"@type\":\"SearchAction\",\"target\":{\"@type\":\"EntryPoint\",\"urlTemplate\":\"https:\\\/\\\/www.sts-education.com\\\/dk\\\/?s={search_term_string}\"},\"query-input\":{\"@type\":\"PropertyValueSpecification\",\"valueRequired\":true,\"valueName\":\"search_term_string\"}}],\"inLanguage\":\"da-DK\"}]}<\/script>\n<!-- \/ Yoast SEO Premium plugin. -->","yoast_head_json":{"title":"Skr\u00e6ddersy dit udvekslingsophold efter dine \u00f8nsker","description":"De fleste af vores elever v\u00e6lger vores traditionelle udvekslingsprogram. Men hvis du gerne vil studere et bestemt fag eller dyrke en bestemt sport, har vi vores Select-program.","robots":{"index":"index","follow":"follow","max-snippet":"max-snippet:-1","max-image-preview":"max-image-preview:large","max-video-preview":"max-video-preview:-1"},"canonical":"https:\/\/www.sts-education.com\/dk\/high-school\/for-du-tager-pa-udveksling\/valg-hvordan-du-gerne-vil-studere\/","og_locale":"da_DK","og_type":"article","og_title":"Valg Hvordan Du Gerne Vil Studere","og_description":"De fleste af vores elever v\u00e6lger vores traditionelle udvekslingsprogram. Men hvis du gerne vil studere et bestemt fag eller dyrke en bestemt sport, har vi vores Select-program.","og_url":"https:\/\/www.sts-education.com\/dk\/high-school\/for-du-tager-pa-udveksling\/valg-hvordan-du-gerne-vil-studere\/","og_site_name":"STS Education","article_modified_time":"2026-04-15T09:38:31+00:00","og_image":[{"width":150,"height":150,"url":"https:\/\/powered-by.qbank.se\/educatius\/sts\/\/1f2700e23e28608434f21942f3298107_1-1-thumb.webp","type":"image\/jpeg"}],"twitter_card":"summary_large_image","twitter_misc":{"Estimeret l\u00e6setid":"2 minutter"},"schema":{"@context":"https:\/\/schema.org","@graph":[{"@type":"WebPage","@id":"https:\/\/www.sts-education.com\/dk\/high-school\/for-du-tager-pa-udveksling\/valg-hvordan-du-gerne-vil-studere\/","url":"https:\/\/www.sts-education.com\/dk\/high-school\/for-du-tager-pa-udveksling\/valg-hvordan-du-gerne-vil-studere\/","name":"Skr\u00e6ddersy dit udvekslingsophold efter dine \u00f8nsker","isPartOf":{"@id":"https:\/\/www.sts-education.com\/dk\/#website"},"primaryImageOfPage":{"@id":"https:\/\/www.sts-education.com\/dk\/high-school\/for-du-tager-pa-udveksling\/valg-hvordan-du-gerne-vil-studere\/#primaryimage"},"image":{"@id":"https:\/\/www.sts-education.com\/dk\/high-school\/for-du-tager-pa-udveksling\/valg-hvordan-du-gerne-vil-studere\/#primaryimage"},"thumbnailUrl":"https:\/\/powered-by.qbank.se\/educatius\/sts\/\/1f2700e23e28608434f21942f3298107_1-1-thumb.webp","datePublished":"2025-12-16T10:07:58+00:00","dateModified":"2026-04-15T09:38:31+00:00","description":"De fleste af vores elever v\u00e6lger vores traditionelle udvekslingsprogram. Men hvis du gerne vil studere et bestemt fag eller dyrke en bestemt sport, har vi vores Select-program.","breadcrumb":{"@id":"https:\/\/www.sts-education.com\/dk\/high-school\/for-du-tager-pa-udveksling\/valg-hvordan-du-gerne-vil-studere\/#breadcrumb"},"inLanguage":"da-DK","potentialAction":[{"@type":"ReadAction","target":["https:\/\/www.sts-education.com\/dk\/high-school\/for-du-tager-pa-udveksling\/valg-hvordan-du-gerne-vil-studere\/"]}]},{"@type":"ImageObject","inLanguage":"da-DK","@id":"https:\/\/www.sts-education.com\/dk\/high-school\/for-du-tager-pa-udveksling\/valg-hvordan-du-gerne-vil-studere\/#primaryimage","url":"https:\/\/powered-by.qbank.se\/educatius\/sts\/\/1f2700e23e28608434f21942f3298107_1-1-thumb.webp","contentUrl":"https:\/\/powered-by.qbank.se\/educatius\/sts\/\/1f2700e23e28608434f21942f3298107_1-1-thumb.webp","width":150,"height":150},{"@type":"BreadcrumbList","@id":"https:\/\/www.sts-education.com\/dk\/high-school\/for-du-tager-pa-udveksling\/valg-hvordan-du-gerne-vil-studere\/#breadcrumb","itemListElement":[{"@type":"ListItem","position":1,"name":"Home","item":"https:\/\/www.sts-education.com\/dk\/sample-page\/"},{"@type":"ListItem","position":2,"name":"High school udveksling","item":"https:\/\/www.sts-education.com\/dk\/high-school\/"},{"@type":"ListItem","position":3,"name":"For Du Tager Pa Udveksling","item":"https:\/\/www.sts-education.com\/dk\/high-school\/for-du-tager-pa-udveksling\/"},{"@type":"ListItem","position":4,"name":"Valg Hvordan Du Gerne Vil Studere"}]},{"@type":"WebSite","@id":"https:\/\/www.sts-education.com\/dk\/#website","url":"https:\/\/www.sts-education.com\/dk\/","name":"STS Education","description":"","potentialAction":[{"@type":"SearchAction","target":{"@type":"EntryPoint","urlTemplate":"https:\/\/www.sts-education.com\/dk\/?s={search_term_string}"},"query-input":{"@type":"PropertyValueSpecification","valueRequired":true,"valueName":"search_term_string"}}],"inLanguage":"da-DK"}]}},"_links":{"self":[{"href":"https:\/\/www.sts-education.com\/dk\/wp-json\/wp\/v2\/pages\/10404","targetHints":{"allow":["GET"]}}],"collection":[{"href":"https:\/\/www.sts-education.com\/dk\/wp-json\/wp\/v2\/pages"}],"about":[{"href":"https:\/\/www.sts-education.com\/dk\/wp-json\/wp\/v2\/types\/page"}],"author":[{"embeddable":true,"href":"https:\/\/www.sts-education.com\/dk\/wp-json\/wp\/v2\/users\/20"}],"replies":[{"embeddable":true,"href":"https:\/\/www.sts-education.com\/dk\/wp-json\/wp\/v2\/comments?post=10404"}],"version-history":[{"count":5,"href":"https:\/\/www.sts-education.com\/dk\/wp-json\/wp\/v2\/pages\/10404\/revisions"}],"predecessor-version":[{"id":35541,"href":"https:\/\/www.sts-education.com\/dk\/wp-json\/wp\/v2\/pages\/10404\/revisions\/35541"}],"up":[{"embeddable":true,"href":"https:\/\/www.sts-education.com\/dk\/wp-json\/wp\/v2\/pages\/10382"}],"wp:featuredmedia":[{"embeddable":true,"href":"https:\/\/www.sts-education.com\/dk\/wp-json\/wp\/v2\/media\/15170"}],"wp:attachment":[{"href":"https:\/\/www.sts-education.com\/dk\/wp-json\/wp\/v2\/media?parent=10404"}],"wp:term":[{"taxonomy":"wpw_page_folders","embeddable":true,"href":"https:\/\/www.sts-education.com\/dk\/wp-json\/wp\/v2\/wpw_page_folders?post=10404"}],"curies":[{"name":"wp","href":"https:\/\/api.w.org\/{rel}","templated":true}]}}