{"id":10406,"date":"2025-12-16T10:14:43","date_gmt":"2025-12-16T10:14:43","guid":{"rendered":"https:\/\/preprod.sts-education.com\/high-school\/mens-du-er-pa-udveksling-i-udlandet\/at-bo-i-et-andet-land\/"},"modified":"2026-04-15T12:50:51","modified_gmt":"2026-04-15T12:50:51","slug":"at-bo-i-et-andet-land","status":"publish","type":"page","link":"https:\/\/www.sts-education.com\/dk\/high-school\/mens-du-er-pa-udveksling-i-udlandet\/at-bo-i-et-andet-land\/","title":{"rendered":"At Bo I Et Andet Land"},"content":{"rendered":"\n<section class=\"wp-block-sts-hero sts-block-hero sts-block-hero is-variant-full-background has-text-light has-background-media\" style=\"--sts-hero-padding-mobile:0px;--sts-hero-padding-desktop:0px;--sts-hero-text-color:var(--wp--preset--color--base-10, #fff)\" data-variant=\"full-background\"><div class=\"sts-block-hero__background\"><picture class=\"sts-responsive-image has-pos-center is-skeleton\"><img src=\"https:\/\/cdn.sts-education.com\/12613_hero_lg_xl.jpg\" alt=\"At bo i et andet land\" loading=\"lazy\" decoding=\"async\" fetchpriority=\"low\" sizes=\"(max-width: 640px) max(100vw, calc(clamp(320px, 100vh, 720px) * 9 \/ 16)), (max-width: 840px) max(100vw, calc(clamp(320px, 100vh, 720px) * 1 \/ 1)), max(100vw, calc(clamp(320px, 100vh, 720px) * 16 \/ 9))\" style=\"object-position:center\"\/><\/picture><span class=\"sts-block-hero__overlay\" aria-hidden=\"true\"><\/span><\/div><div class=\"sts-block-hero__inner\"><div class=\"sts-block-hero__content has-align-center\"><div class=\"sts-block-hero__content-inner\"><h1 class=\"sts-block-hero__heading\">At bo i et andet land<\/h1><\/div><\/div><\/div><\/section>\n\n\n\n<div class=\"wp-block-sts-text sts-text-editor has-max-width-md\"><div class=\"sts-text-editor__content\"><div class=\"sts-text-editor__content-inner\">\n<p>Der er masser af fordele ved at bo i udlandet i en periode. Du f\u00e5r en masse sjove oplevelser, masser af gode minder og l\u00e6rer et nyt sprog. Og derudover l\u00e6rer du ogs\u00e5 nye mennesker og en ny kultur at kende.<\/p>\n<p>Du vil ogs\u00e5 kunne st\u00f8de p\u00e5 ting, du ikke er vant til hjemmefra. Det kan v\u00e6re, at du skal hj\u00e6lpe mere til i din v\u00e6rtsfamilie, end du er vant til derhjemme, eller det kan v\u00e6re, du skal v\u00e6re tidligere hjemme om aftenen, end du er vant til. Maden kan v\u00e6re anderledes, og m\u00e5ske skal du bede om lov til at deltage i aktiviteter. Men det er ogs\u00e5 en del af charmen: Hvert land har sin kultur, og det er pr\u00e6cis det, du vil opleve p\u00e5 dit \u00e5r som udvekslingselev.<\/p>\n<p>Ved at have en \u00e5ben dialog med din v\u00e6rtsfamilie og forst\u00e5, hvad der forventes af dig, vil der v\u00e6re f\u00e6rre misforst\u00e5elser og kultursammenst\u00f8d. Din v\u00e6rtsfamilie er der for dig og er ansvarlige for dig under hele dit ophold. Ved at have en tydelig dialog vil I forst\u00e5 hinanden. Sammen finder I en god vej frem \u2013 ogs\u00e5 selvom reglerne m\u00e5ske er anderledes end reglerne derhjemme.<\/p>\n<h2>At bo hos en v\u00e6rtsfamilie<\/h2>\n<p>Uanset hvor i verden du tager p\u00e5 udveksling, kommer du til at bo hos en lokal v\u00e6rtsfamilie. Du kan m\u00e5ske godt v\u00e6re lidt nerv\u00f8s over at skulle rejse til et andet land og bo sammen med mennesker, du aldrig har m\u00f8dt f\u00f8r, men faktum er, at din v\u00e6rtsfamilie ofte bliver den mest mindev\u00e6rdige og betydningsfulde del af din oplevelse som udvekslingselev. Derfor v\u00e6lger vi vores v\u00e6rtsfamilier med omhu, og vi g\u00f8r vores bedste for at finde den helt rigtige familie til dig, ofte i samarbejde med lokale organisationer og medarbejdere i omr\u00e5det.<\/p>\n<p>Alle v\u00e6rtsfamilier er forskellige \u2013 ligesom alle familier herhjemme. Der er sporty familier og familier, der tilbringer megen tid i deres hus og i haven. Der er familier, der laver frivilligt arbejde eller er tilknyttet den lokale kirke, og der er v\u00e6rtsfamilier med og uden b\u00f8rn. Men de vil altid have en \u00e6gte interesse i dig, og din ankomst kan meget vel blive begyndelsen p\u00e5 et livslangt venskab.<\/p>\n<p>F\u00f8l dig hjemme. Kommuniker. Hj\u00e6lp til i hjemmet, og respekter husreglerne, ligesom du ville g\u00f8re det derhjemme. Til geng\u00e6ld vil du f\u00e5 et enest\u00e5ende indblik i en ny livsstil og kultur, der er helt anderledes end det, du normalt ville opleve, hvis du var turist. M\u00e5ske vil du gerne opleve Thanksgiving i USA, drikke \u201dafternoon tea\u201d i Storbritannien eller se en fodboldkamp i Italien? Hvert land har sin egen charme, og vi ved, at du f\u00e5r masser af fantastiske minder, uanset hvor du rejser hen!<\/p>\n<p>V\u00e6rtsfamilien er ansvarlige for dig og for kost og logi under hele dit ophold. Andre udgifter som toiletartikler, buskort, fritidsaktiviteter, rejser, t\u00f8j m.m. st\u00e5r du selv for. Din v\u00e6rtsfamilie bestemmer ting som fx, hvorn\u00e5r du skal v\u00e6re hjemme, og hvad der forventes, at du hj\u00e6lper til med derhjemme. De vil s\u00e6tte pris p\u00e5, at du deltager i forskellige aktiviteter og familietraditioner, men du f\u00e5r selvf\u00f8lgelig ogs\u00e5 tid til dine egne fritidsaktiviteter. Fort\u00e6l altid din v\u00e6rtsfamilie, hvor du skal hen, og husk, at din v\u00e6rtsfamilie meget gerne vil m\u00f8de dine nye venner.<\/p>\n<p><a href=\"https:\/\/www.sts-education.com\/dk\/vartsfamilie\/family-stories\/forhenvarende-elever-fortaller\/\">L\u00e6s mere om, hvad vores tidligere elever siger om det at bo hos en v\u00e6rtsfamilie<\/a><\/p>\n<\/div><\/div><\/div>\n","protected":false},"excerpt":{"rendered":"","protected":false},"author":20,"featured_media":0,"parent":10383,"menu_order":0,"comment_status":"closed","ping_status":"closed","template":"templates\/template-default-with-breadcrumbs.php","meta":{"_acf_changed":false,"sts_page_background_color":"","footnotes":""},"wpw_page_folders":[83],"class_list":["post-10406","page","type-page","status-publish","hentry"],"acf":[],"yoast_head":"<!-- This site is optimized with the Yoast SEO Premium plugin v27.2 (Yoast SEO v27.3) - https:\/\/yoast.com\/product\/yoast-seo-premium-wordpress\/ -->\n<title>At bo i et andet land som udvekslingselev<\/title>\n<meta name=\"description\" content=\"At bo i et andet land er anderledes end at bo derhjemme, men det er ogs\u00e5 en del af charmen. Der er masser af fordele ved at bo i udlandet i en periode.\" \/>\n<meta name=\"robots\" content=\"index, follow, max-snippet:-1, max-image-preview:large, max-video-preview:-1\" \/>\n<link rel=\"canonical\" href=\"https:\/\/www.sts-education.com\/dk\/high-school\/mens-du-er-pa-udveksling-i-udlandet\/at-bo-i-et-andet-land\/\" \/>\n<meta property=\"og:locale\" content=\"da_DK\" \/>\n<meta property=\"og:type\" content=\"article\" \/>\n<meta property=\"og:title\" content=\"At Bo I Et Andet Land\" \/>\n<meta property=\"og:description\" content=\"At bo i et andet land er anderledes end at bo derhjemme, men det er ogs\u00e5 en del af charmen. Der er masser af fordele ved at bo i udlandet i en periode.\" \/>\n<meta property=\"og:url\" content=\"https:\/\/www.sts-education.com\/dk\/high-school\/mens-du-er-pa-udveksling-i-udlandet\/at-bo-i-et-andet-land\/\" \/>\n<meta property=\"og:site_name\" content=\"STS Education\" \/>\n<meta property=\"article:modified_time\" content=\"2026-04-15T12:50:51+00:00\" \/>\n<meta property=\"og:image\" content=\"https:\/\/cdn.sts-education.com\/12613_hero_lg_xl.jpg\" \/>\n<meta name=\"twitter:card\" content=\"summary_large_image\" \/>\n<meta name=\"twitter:label1\" content=\"Estimeret l\u00e6setid\" \/>\n\t<meta name=\"twitter:data1\" content=\"3 minutter\" \/>\n<script type=\"application\/ld+json\" class=\"yoast-schema-graph\">{\"@context\":\"https:\\\/\\\/schema.org\",\"@graph\":[{\"@type\":\"WebPage\",\"@id\":\"https:\\\/\\\/www.sts-education.com\\\/dk\\\/high-school\\\/mens-du-er-pa-udveksling-i-udlandet\\\/at-bo-i-et-andet-land\\\/\",\"url\":\"https:\\\/\\\/www.sts-education.com\\\/dk\\\/high-school\\\/mens-du-er-pa-udveksling-i-udlandet\\\/at-bo-i-et-andet-land\\\/\",\"name\":\"At bo i et andet land som udvekslingselev\",\"isPartOf\":{\"@id\":\"https:\\\/\\\/www.sts-education.com\\\/dk\\\/#website\"},\"primaryImageOfPage\":{\"@id\":\"https:\\\/\\\/www.sts-education.com\\\/dk\\\/high-school\\\/mens-du-er-pa-udveksling-i-udlandet\\\/at-bo-i-et-andet-land\\\/#primaryimage\"},\"image\":{\"@id\":\"https:\\\/\\\/www.sts-education.com\\\/dk\\\/high-school\\\/mens-du-er-pa-udveksling-i-udlandet\\\/at-bo-i-et-andet-land\\\/#primaryimage\"},\"thumbnailUrl\":\"https:\\\/\\\/cdn.sts-education.com\\\/12613_hero_lg_xl.jpg\",\"datePublished\":\"2025-12-16T10:14:43+00:00\",\"dateModified\":\"2026-04-15T12:50:51+00:00\",\"description\":\"At bo i et andet land er anderledes end at bo derhjemme, men det er ogs\u00e5 en del af charmen. Der er masser af fordele ved at bo i udlandet i en periode.\",\"breadcrumb\":{\"@id\":\"https:\\\/\\\/www.sts-education.com\\\/dk\\\/high-school\\\/mens-du-er-pa-udveksling-i-udlandet\\\/at-bo-i-et-andet-land\\\/#breadcrumb\"},\"inLanguage\":\"da-DK\",\"potentialAction\":[{\"@type\":\"ReadAction\",\"target\":[\"https:\\\/\\\/www.sts-education.com\\\/dk\\\/high-school\\\/mens-du-er-pa-udveksling-i-udlandet\\\/at-bo-i-et-andet-land\\\/\"]}]},{\"@type\":\"ImageObject\",\"inLanguage\":\"da-DK\",\"@id\":\"https:\\\/\\\/www.sts-education.com\\\/dk\\\/high-school\\\/mens-du-er-pa-udveksling-i-udlandet\\\/at-bo-i-et-andet-land\\\/#primaryimage\",\"url\":\"https:\\\/\\\/cdn.sts-education.com\\\/12613_hero_lg_xl.jpg\",\"contentUrl\":\"https:\\\/\\\/cdn.sts-education.com\\\/12613_hero_lg_xl.jpg\"},{\"@type\":\"BreadcrumbList\",\"@id\":\"https:\\\/\\\/www.sts-education.com\\\/dk\\\/high-school\\\/mens-du-er-pa-udveksling-i-udlandet\\\/at-bo-i-et-andet-land\\\/#breadcrumb\",\"itemListElement\":[{\"@type\":\"ListItem\",\"position\":1,\"name\":\"Home\",\"item\":\"https:\\\/\\\/www.sts-education.com\\\/dk\\\/sample-page\\\/\"},{\"@type\":\"ListItem\",\"position\":2,\"name\":\"High school udveksling\",\"item\":\"https:\\\/\\\/www.sts-education.com\\\/dk\\\/high-school\\\/\"},{\"@type\":\"ListItem\",\"position\":3,\"name\":\"Mens Du Er Pa Udveksling I Udlandet\",\"item\":\"https:\\\/\\\/www.sts-education.com\\\/dk\\\/high-school\\\/mens-du-er-pa-udveksling-i-udlandet\\\/\"},{\"@type\":\"ListItem\",\"position\":4,\"name\":\"At Bo I Et Andet Land\"}]},{\"@type\":\"WebSite\",\"@id\":\"https:\\\/\\\/www.sts-education.com\\\/dk\\\/#website\",\"url\":\"https:\\\/\\\/www.sts-education.com\\\/dk\\\/\",\"name\":\"STS Education\",\"description\":\"\",\"potentialAction\":[{\"@type\":\"SearchAction\",\"target\":{\"@type\":\"EntryPoint\",\"urlTemplate\":\"https:\\\/\\\/www.sts-education.com\\\/dk\\\/?s={search_term_string}\"},\"query-input\":{\"@type\":\"PropertyValueSpecification\",\"valueRequired\":true,\"valueName\":\"search_term_string\"}}],\"inLanguage\":\"da-DK\"}]}<\/script>\n<!-- \/ Yoast SEO Premium plugin. -->","yoast_head_json":{"title":"At bo i et andet land som udvekslingselev","description":"At bo i et andet land er anderledes end at bo derhjemme, men det er ogs\u00e5 en del af charmen. Der er masser af fordele ved at bo i udlandet i en periode.","robots":{"index":"index","follow":"follow","max-snippet":"max-snippet:-1","max-image-preview":"max-image-preview:large","max-video-preview":"max-video-preview:-1"},"canonical":"https:\/\/www.sts-education.com\/dk\/high-school\/mens-du-er-pa-udveksling-i-udlandet\/at-bo-i-et-andet-land\/","og_locale":"da_DK","og_type":"article","og_title":"At Bo I Et Andet Land","og_description":"At bo i et andet land er anderledes end at bo derhjemme, men det er ogs\u00e5 en del af charmen. Der er masser af fordele ved at bo i udlandet i en periode.","og_url":"https:\/\/www.sts-education.com\/dk\/high-school\/mens-du-er-pa-udveksling-i-udlandet\/at-bo-i-et-andet-land\/","og_site_name":"STS Education","article_modified_time":"2026-04-15T12:50:51+00:00","og_image":[{"url":"https:\/\/cdn.sts-education.com\/12613_hero_lg_xl.jpg","type":"","width":"","height":""}],"twitter_card":"summary_large_image","twitter_misc":{"Estimeret l\u00e6setid":"3 minutter"},"schema":{"@context":"https:\/\/schema.org","@graph":[{"@type":"WebPage","@id":"https:\/\/www.sts-education.com\/dk\/high-school\/mens-du-er-pa-udveksling-i-udlandet\/at-bo-i-et-andet-land\/","url":"https:\/\/www.sts-education.com\/dk\/high-school\/mens-du-er-pa-udveksling-i-udlandet\/at-bo-i-et-andet-land\/","name":"At bo i et andet land som udvekslingselev","isPartOf":{"@id":"https:\/\/www.sts-education.com\/dk\/#website"},"primaryImageOfPage":{"@id":"https:\/\/www.sts-education.com\/dk\/high-school\/mens-du-er-pa-udveksling-i-udlandet\/at-bo-i-et-andet-land\/#primaryimage"},"image":{"@id":"https:\/\/www.sts-education.com\/dk\/high-school\/mens-du-er-pa-udveksling-i-udlandet\/at-bo-i-et-andet-land\/#primaryimage"},"thumbnailUrl":"https:\/\/cdn.sts-education.com\/12613_hero_lg_xl.jpg","datePublished":"2025-12-16T10:14:43+00:00","dateModified":"2026-04-15T12:50:51+00:00","description":"At bo i et andet land er anderledes end at bo derhjemme, men det er ogs\u00e5 en del af charmen. Der er masser af fordele ved at bo i udlandet i en periode.","breadcrumb":{"@id":"https:\/\/www.sts-education.com\/dk\/high-school\/mens-du-er-pa-udveksling-i-udlandet\/at-bo-i-et-andet-land\/#breadcrumb"},"inLanguage":"da-DK","potentialAction":[{"@type":"ReadAction","target":["https:\/\/www.sts-education.com\/dk\/high-school\/mens-du-er-pa-udveksling-i-udlandet\/at-bo-i-et-andet-land\/"]}]},{"@type":"ImageObject","inLanguage":"da-DK","@id":"https:\/\/www.sts-education.com\/dk\/high-school\/mens-du-er-pa-udveksling-i-udlandet\/at-bo-i-et-andet-land\/#primaryimage","url":"https:\/\/cdn.sts-education.com\/12613_hero_lg_xl.jpg","contentUrl":"https:\/\/cdn.sts-education.com\/12613_hero_lg_xl.jpg"},{"@type":"BreadcrumbList","@id":"https:\/\/www.sts-education.com\/dk\/high-school\/mens-du-er-pa-udveksling-i-udlandet\/at-bo-i-et-andet-land\/#breadcrumb","itemListElement":[{"@type":"ListItem","position":1,"name":"Home","item":"https:\/\/www.sts-education.com\/dk\/sample-page\/"},{"@type":"ListItem","position":2,"name":"High school udveksling","item":"https:\/\/www.sts-education.com\/dk\/high-school\/"},{"@type":"ListItem","position":3,"name":"Mens Du Er Pa Udveksling I Udlandet","item":"https:\/\/www.sts-education.com\/dk\/high-school\/mens-du-er-pa-udveksling-i-udlandet\/"},{"@type":"ListItem","position":4,"name":"At Bo I Et Andet Land"}]},{"@type":"WebSite","@id":"https:\/\/www.sts-education.com\/dk\/#website","url":"https:\/\/www.sts-education.com\/dk\/","name":"STS Education","description":"","potentialAction":[{"@type":"SearchAction","target":{"@type":"EntryPoint","urlTemplate":"https:\/\/www.sts-education.com\/dk\/?s={search_term_string}"},"query-input":{"@type":"PropertyValueSpecification","valueRequired":true,"valueName":"search_term_string"}}],"inLanguage":"da-DK"}]}},"_links":{"self":[{"href":"https:\/\/www.sts-education.com\/dk\/wp-json\/wp\/v2\/pages\/10406","targetHints":{"allow":["GET"]}}],"collection":[{"href":"https:\/\/www.sts-education.com\/dk\/wp-json\/wp\/v2\/pages"}],"about":[{"href":"https:\/\/www.sts-education.com\/dk\/wp-json\/wp\/v2\/types\/page"}],"author":[{"embeddable":true,"href":"https:\/\/www.sts-education.com\/dk\/wp-json\/wp\/v2\/users\/20"}],"replies":[{"embeddable":true,"href":"https:\/\/www.sts-education.com\/dk\/wp-json\/wp\/v2\/comments?post=10406"}],"version-history":[{"count":4,"href":"https:\/\/www.sts-education.com\/dk\/wp-json\/wp\/v2\/pages\/10406\/revisions"}],"predecessor-version":[{"id":36978,"href":"https:\/\/www.sts-education.com\/dk\/wp-json\/wp\/v2\/pages\/10406\/revisions\/36978"}],"up":[{"embeddable":true,"href":"https:\/\/www.sts-education.com\/dk\/wp-json\/wp\/v2\/pages\/10383"}],"wp:attachment":[{"href":"https:\/\/www.sts-education.com\/dk\/wp-json\/wp\/v2\/media?parent=10406"}],"wp:term":[{"taxonomy":"wpw_page_folders","embeddable":true,"href":"https:\/\/www.sts-education.com\/dk\/wp-json\/wp\/v2\/wpw_page_folders?post=10406"}],"curies":[{"name":"wp","href":"https:\/\/api.w.org\/{rel}","templated":true}]}}