{"id":10408,"date":"2025-12-16T10:12:41","date_gmt":"2025-12-16T10:12:41","guid":{"rendered":"https:\/\/preprod.sts-education.com\/high-school\/mens-du-er-pa-udveksling-i-udlandet\/rejsen-til-din-destination\/"},"modified":"2026-04-01T01:28:02","modified_gmt":"2026-04-01T01:28:02","slug":"rejsen-til-din-destination","status":"publish","type":"page","link":"https:\/\/www.sts-education.com\/dk\/high-school\/mens-du-er-pa-udveksling-i-udlandet\/rejsen-til-din-destination\/","title":{"rendered":"Rejsen Til Din Destination"},"content":{"rendered":"\n<section class=\"wp-block-sts-hero sts-block-hero is-variant-full-background has-text-light has-background-media\" style=\"--sts-hero-padding-mobile:0px;--sts-hero-padding-desktop:0px;--sts-hero-text-color:var(--wp--preset--color--base-10, #fff);\" data-variant=\"full-background\"><div class=\"sts-block-hero__background\"><picture class=\"sts-responsive-image has-fit-cover is-skeleton\"><img src=\"https:\/\/cdn.sts-education.com\/12568_hero_lg_xl.jpg\" alt=\"Rejsen til din destination\" loading=\"lazy\" decoding=\"async\" fetchpriority=\"low\" sizes=\"100vw\" \/><\/picture><span class=\"sts-block-hero__overlay\" aria-hidden=\"true\"><\/span><\/div><div class=\"sts-block-hero__inner\"><div class=\"sts-block-hero__content has-align-center\"><div class=\"sts-block-hero__content-inner\"><h1 class=\"sts-block-hero__heading\">Rejsen til din destination<\/h1><\/div><\/div><\/div><\/section>\n\n\n\n<div class=\"wp-block-sts-text sts-text-editor has-max-width-md\"><div class=\"sts-text-editor__content\"><div class=\"sts-text-editor__content-inner\">\n<p>De fleste udvekslingselever rejser selv til deres destination, fordi alle eleverne kommer fra forskellige steder i landet. Men alt efter, hvor du skal hen, og hvor mange der skal samme sted hen, s\u00e5 kan der v\u00e6re flere elever, der skal samme vej.<\/p>\n\n<p>Din afrejse afh\u00e6nger af, hvorn\u00e5r skolen starter, og hvorn\u00e5r din v\u00e6rtsfamilie kan tage imod dig. Husk: Mange skoler starter i september. Hvis Welcome Camp er en del af din rejse, skal du f\u00f8rst tage dertil og derefter videre til din endelige destination.<\/p>\n\n<p>STS booker din rejse og sender dig dine billetter, n\u00e5r afrejsen n\u00e6rmer sig. Rejsedokumenterne er digitale, og du kan have dem p\u00e5 din telefon. Husk at have pas, visum og andre rejsedokumenter nemt ved h\u00e5nden i din h\u00e5ndbagage. Det er ogs\u00e5 en god id\u00e9 at have adresse og telefonnummer til din v\u00e6rtsfamilie og koordinator ved h\u00e5nden, hvis du skulle f\u00e5 brug for det.<\/p>\n\n<h2>N\u00e5r du ankommer til dit v\u00e6rtsland<\/h2>\n\n<p>N\u00e5r du ankommer til din destination, vil vi m\u00f8de dig p\u00e5 togstationen eller i lufthavnen. S\u00e5 tager vi sammen hen og m\u00f8der din v\u00e6rtsfamilie. S\u00e5 snart du er kommet til din v\u00e6rtsfamilie, er det en god id\u00e9 at tale om, hvilke regler de har, og hvordan familien fungerer. P\u00e5 den m\u00e5de kan du undg\u00e5 en masse misforst\u00e5elser helt fra starten.<\/p>\n\n<p>Det er ogs\u00e5 godt at vide, at vi nogle gange tager billeder af vores elever p\u00e5 STS Welcome Camp. Disse billeder kan blive delt p\u00e5 STS\u2019 sociale kanaler, som fx <a href=\"https:\/\/www.tiktok.com\/@stsworldwide\" target=\"_blank\" rel=\"noopener noreferrer\">TikTok<\/a>, <a href=\"https:\/\/www.instagram.com\/stsworldwide\/\" target=\"_blank\" rel=\"noopener noreferrer\">Instagram<\/a> og <a href=\"https:\/\/www.facebook.com\/stsworldwide\" target=\"_blank\" rel=\"noopener noreferrer\">Facebook<\/a>. Hvis du eller dine for\u00e6ldre ikke har lyst til, at du skal v\u00e6re med p\u00e5 billederne, er det vigtigt, at I giver os besked om det inden din afrejse.<\/p>\n<\/div><\/div><\/div>\n\n","protected":false},"excerpt":{"rendered":"","protected":false},"author":20,"featured_media":0,"parent":10383,"menu_order":0,"comment_status":"closed","ping_status":"closed","template":"templates\/template-default-with-breadcrumbs.php","meta":{"_acf_changed":false,"sts_page_background_color":"","footnotes":""},"wpw_page_folders":[83],"class_list":["post-10408","page","type-page","status-publish","hentry"],"acf":[],"yoast_head":"<!-- This site is optimized with the Yoast SEO Premium plugin v27.2 (Yoast SEO v27.3) - https:\/\/yoast.com\/product\/yoast-seo-premium-wordpress\/ -->\n<title>S\u00e5dan rejser du til dit udvekslings\u00e5r | STS<\/title>\n<meta name=\"description\" content=\"De fleste udvekslingselever rejser selv til sin destination eftersom alle rejser fra forskellige steder. Dato for afrejse afh\u00e6ngig af hvorn\u00e5r skolen begynder.\" \/>\n<meta name=\"robots\" content=\"index, follow, max-snippet:-1, max-image-preview:large, max-video-preview:-1\" \/>\n<link rel=\"canonical\" href=\"https:\/\/www.sts-education.com\/dk\/high-school\/mens-du-er-pa-udveksling-i-udlandet\/rejsen-til-din-destination\/\" \/>\n<meta property=\"og:locale\" content=\"da_DK\" \/>\n<meta property=\"og:type\" content=\"article\" \/>\n<meta property=\"og:title\" content=\"Rejsen Til Din Destination\" \/>\n<meta property=\"og:description\" content=\"De fleste udvekslingselever rejser selv til sin destination eftersom alle rejser fra forskellige steder. Dato for afrejse afh\u00e6ngig af hvorn\u00e5r skolen begynder.\" \/>\n<meta property=\"og:url\" content=\"https:\/\/www.sts-education.com\/dk\/high-school\/mens-du-er-pa-udveksling-i-udlandet\/rejsen-til-din-destination\/\" \/>\n<meta property=\"og:site_name\" content=\"STS Education\" \/>\n<meta property=\"article:modified_time\" content=\"2026-04-01T01:28:02+00:00\" \/>\n<meta property=\"og:image\" content=\"https:\/\/cdn.sts-education.com\/12568_hero_lg_xl.jpg\" \/>\n<meta name=\"twitter:card\" content=\"summary_large_image\" \/>\n<meta name=\"twitter:label1\" content=\"Estimeret l\u00e6setid\" \/>\n\t<meta name=\"twitter:data1\" content=\"2 minutter\" \/>\n<script type=\"application\/ld+json\" class=\"yoast-schema-graph\">{\"@context\":\"https:\\\/\\\/schema.org\",\"@graph\":[{\"@type\":\"WebPage\",\"@id\":\"https:\\\/\\\/www.sts-education.com\\\/dk\\\/high-school\\\/mens-du-er-pa-udveksling-i-udlandet\\\/rejsen-til-din-destination\\\/\",\"url\":\"https:\\\/\\\/www.sts-education.com\\\/dk\\\/high-school\\\/mens-du-er-pa-udveksling-i-udlandet\\\/rejsen-til-din-destination\\\/\",\"name\":\"S\u00e5dan rejser du til dit udvekslings\u00e5r | STS\",\"isPartOf\":{\"@id\":\"https:\\\/\\\/www.sts-education.com\\\/dk\\\/#website\"},\"primaryImageOfPage\":{\"@id\":\"https:\\\/\\\/www.sts-education.com\\\/dk\\\/high-school\\\/mens-du-er-pa-udveksling-i-udlandet\\\/rejsen-til-din-destination\\\/#primaryimage\"},\"image\":{\"@id\":\"https:\\\/\\\/www.sts-education.com\\\/dk\\\/high-school\\\/mens-du-er-pa-udveksling-i-udlandet\\\/rejsen-til-din-destination\\\/#primaryimage\"},\"thumbnailUrl\":\"https:\\\/\\\/cdn.sts-education.com\\\/12568_hero_lg_xl.jpg\",\"datePublished\":\"2025-12-16T10:12:41+00:00\",\"dateModified\":\"2026-04-01T01:28:02+00:00\",\"description\":\"De fleste udvekslingselever rejser selv til sin destination eftersom alle rejser fra forskellige steder. Dato for afrejse afh\u00e6ngig af hvorn\u00e5r skolen begynder.\",\"breadcrumb\":{\"@id\":\"https:\\\/\\\/www.sts-education.com\\\/dk\\\/high-school\\\/mens-du-er-pa-udveksling-i-udlandet\\\/rejsen-til-din-destination\\\/#breadcrumb\"},\"inLanguage\":\"da-DK\",\"potentialAction\":[{\"@type\":\"ReadAction\",\"target\":[\"https:\\\/\\\/www.sts-education.com\\\/dk\\\/high-school\\\/mens-du-er-pa-udveksling-i-udlandet\\\/rejsen-til-din-destination\\\/\"]}]},{\"@type\":\"ImageObject\",\"inLanguage\":\"da-DK\",\"@id\":\"https:\\\/\\\/www.sts-education.com\\\/dk\\\/high-school\\\/mens-du-er-pa-udveksling-i-udlandet\\\/rejsen-til-din-destination\\\/#primaryimage\",\"url\":\"https:\\\/\\\/cdn.sts-education.com\\\/12568_hero_lg_xl.jpg\",\"contentUrl\":\"https:\\\/\\\/cdn.sts-education.com\\\/12568_hero_lg_xl.jpg\"},{\"@type\":\"BreadcrumbList\",\"@id\":\"https:\\\/\\\/www.sts-education.com\\\/dk\\\/high-school\\\/mens-du-er-pa-udveksling-i-udlandet\\\/rejsen-til-din-destination\\\/#breadcrumb\",\"itemListElement\":[{\"@type\":\"ListItem\",\"position\":1,\"name\":\"Home\",\"item\":\"https:\\\/\\\/www.sts-education.com\\\/dk\\\/sample-page\\\/\"},{\"@type\":\"ListItem\",\"position\":2,\"name\":\"High school udveksling\",\"item\":\"https:\\\/\\\/www.sts-education.com\\\/dk\\\/high-school\\\/\"},{\"@type\":\"ListItem\",\"position\":3,\"name\":\"Mens Du Er Pa Udveksling I Udlandet\",\"item\":\"https:\\\/\\\/www.sts-education.com\\\/dk\\\/high-school\\\/mens-du-er-pa-udveksling-i-udlandet\\\/\"},{\"@type\":\"ListItem\",\"position\":4,\"name\":\"Rejsen Til Din Destination\"}]},{\"@type\":\"WebSite\",\"@id\":\"https:\\\/\\\/www.sts-education.com\\\/dk\\\/#website\",\"url\":\"https:\\\/\\\/www.sts-education.com\\\/dk\\\/\",\"name\":\"STS Education\",\"description\":\"\",\"potentialAction\":[{\"@type\":\"SearchAction\",\"target\":{\"@type\":\"EntryPoint\",\"urlTemplate\":\"https:\\\/\\\/www.sts-education.com\\\/dk\\\/?s={search_term_string}\"},\"query-input\":{\"@type\":\"PropertyValueSpecification\",\"valueRequired\":true,\"valueName\":\"search_term_string\"}}],\"inLanguage\":\"da-DK\"}]}<\/script>\n<!-- \/ Yoast SEO Premium plugin. -->","yoast_head_json":{"title":"S\u00e5dan rejser du til dit udvekslings\u00e5r | STS","description":"De fleste udvekslingselever rejser selv til sin destination eftersom alle rejser fra forskellige steder. Dato for afrejse afh\u00e6ngig af hvorn\u00e5r skolen begynder.","robots":{"index":"index","follow":"follow","max-snippet":"max-snippet:-1","max-image-preview":"max-image-preview:large","max-video-preview":"max-video-preview:-1"},"canonical":"https:\/\/www.sts-education.com\/dk\/high-school\/mens-du-er-pa-udveksling-i-udlandet\/rejsen-til-din-destination\/","og_locale":"da_DK","og_type":"article","og_title":"Rejsen Til Din Destination","og_description":"De fleste udvekslingselever rejser selv til sin destination eftersom alle rejser fra forskellige steder. Dato for afrejse afh\u00e6ngig af hvorn\u00e5r skolen begynder.","og_url":"https:\/\/www.sts-education.com\/dk\/high-school\/mens-du-er-pa-udveksling-i-udlandet\/rejsen-til-din-destination\/","og_site_name":"STS Education","article_modified_time":"2026-04-01T01:28:02+00:00","og_image":[{"url":"https:\/\/cdn.sts-education.com\/12568_hero_lg_xl.jpg","type":"","width":"","height":""}],"twitter_card":"summary_large_image","twitter_misc":{"Estimeret l\u00e6setid":"2 minutter"},"schema":{"@context":"https:\/\/schema.org","@graph":[{"@type":"WebPage","@id":"https:\/\/www.sts-education.com\/dk\/high-school\/mens-du-er-pa-udveksling-i-udlandet\/rejsen-til-din-destination\/","url":"https:\/\/www.sts-education.com\/dk\/high-school\/mens-du-er-pa-udveksling-i-udlandet\/rejsen-til-din-destination\/","name":"S\u00e5dan rejser du til dit udvekslings\u00e5r | STS","isPartOf":{"@id":"https:\/\/www.sts-education.com\/dk\/#website"},"primaryImageOfPage":{"@id":"https:\/\/www.sts-education.com\/dk\/high-school\/mens-du-er-pa-udveksling-i-udlandet\/rejsen-til-din-destination\/#primaryimage"},"image":{"@id":"https:\/\/www.sts-education.com\/dk\/high-school\/mens-du-er-pa-udveksling-i-udlandet\/rejsen-til-din-destination\/#primaryimage"},"thumbnailUrl":"https:\/\/cdn.sts-education.com\/12568_hero_lg_xl.jpg","datePublished":"2025-12-16T10:12:41+00:00","dateModified":"2026-04-01T01:28:02+00:00","description":"De fleste udvekslingselever rejser selv til sin destination eftersom alle rejser fra forskellige steder. Dato for afrejse afh\u00e6ngig af hvorn\u00e5r skolen begynder.","breadcrumb":{"@id":"https:\/\/www.sts-education.com\/dk\/high-school\/mens-du-er-pa-udveksling-i-udlandet\/rejsen-til-din-destination\/#breadcrumb"},"inLanguage":"da-DK","potentialAction":[{"@type":"ReadAction","target":["https:\/\/www.sts-education.com\/dk\/high-school\/mens-du-er-pa-udveksling-i-udlandet\/rejsen-til-din-destination\/"]}]},{"@type":"ImageObject","inLanguage":"da-DK","@id":"https:\/\/www.sts-education.com\/dk\/high-school\/mens-du-er-pa-udveksling-i-udlandet\/rejsen-til-din-destination\/#primaryimage","url":"https:\/\/cdn.sts-education.com\/12568_hero_lg_xl.jpg","contentUrl":"https:\/\/cdn.sts-education.com\/12568_hero_lg_xl.jpg"},{"@type":"BreadcrumbList","@id":"https:\/\/www.sts-education.com\/dk\/high-school\/mens-du-er-pa-udveksling-i-udlandet\/rejsen-til-din-destination\/#breadcrumb","itemListElement":[{"@type":"ListItem","position":1,"name":"Home","item":"https:\/\/www.sts-education.com\/dk\/sample-page\/"},{"@type":"ListItem","position":2,"name":"High school udveksling","item":"https:\/\/www.sts-education.com\/dk\/high-school\/"},{"@type":"ListItem","position":3,"name":"Mens Du Er Pa Udveksling I Udlandet","item":"https:\/\/www.sts-education.com\/dk\/high-school\/mens-du-er-pa-udveksling-i-udlandet\/"},{"@type":"ListItem","position":4,"name":"Rejsen Til Din Destination"}]},{"@type":"WebSite","@id":"https:\/\/www.sts-education.com\/dk\/#website","url":"https:\/\/www.sts-education.com\/dk\/","name":"STS Education","description":"","potentialAction":[{"@type":"SearchAction","target":{"@type":"EntryPoint","urlTemplate":"https:\/\/www.sts-education.com\/dk\/?s={search_term_string}"},"query-input":{"@type":"PropertyValueSpecification","valueRequired":true,"valueName":"search_term_string"}}],"inLanguage":"da-DK"}]}},"_links":{"self":[{"href":"https:\/\/www.sts-education.com\/dk\/wp-json\/wp\/v2\/pages\/10408","targetHints":{"allow":["GET"]}}],"collection":[{"href":"https:\/\/www.sts-education.com\/dk\/wp-json\/wp\/v2\/pages"}],"about":[{"href":"https:\/\/www.sts-education.com\/dk\/wp-json\/wp\/v2\/types\/page"}],"author":[{"embeddable":true,"href":"https:\/\/www.sts-education.com\/dk\/wp-json\/wp\/v2\/users\/20"}],"replies":[{"embeddable":true,"href":"https:\/\/www.sts-education.com\/dk\/wp-json\/wp\/v2\/comments?post=10408"}],"version-history":[{"count":2,"href":"https:\/\/www.sts-education.com\/dk\/wp-json\/wp\/v2\/pages\/10408\/revisions"}],"predecessor-version":[{"id":20120,"href":"https:\/\/www.sts-education.com\/dk\/wp-json\/wp\/v2\/pages\/10408\/revisions\/20120"}],"up":[{"embeddable":true,"href":"https:\/\/www.sts-education.com\/dk\/wp-json\/wp\/v2\/pages\/10383"}],"wp:attachment":[{"href":"https:\/\/www.sts-education.com\/dk\/wp-json\/wp\/v2\/media?parent=10408"}],"wp:term":[{"taxonomy":"wpw_page_folders","embeddable":true,"href":"https:\/\/www.sts-education.com\/dk\/wp-json\/wp\/v2\/wpw_page_folders?post=10408"}],"curies":[{"name":"wp","href":"https:\/\/api.w.org\/{rel}","templated":true}]}}