{"id":10409,"date":"2025-12-16T10:15:33","date_gmt":"2025-12-16T10:15:33","guid":{"rendered":"https:\/\/preprod.sts-education.com\/high-school\/mens-du-er-pa-udveksling-i-udlandet\/skole-og-fritid\/"},"modified":"2026-04-01T01:29:39","modified_gmt":"2026-04-01T01:29:39","slug":"skole-og-fritid","status":"publish","type":"page","link":"https:\/\/www.sts-education.com\/dk\/high-school\/mens-du-er-pa-udveksling-i-udlandet\/skole-og-fritid\/","title":{"rendered":"Skole Og Fritid"},"content":{"rendered":"\n<section class=\"wp-block-sts-hero sts-block-hero is-variant-full-background has-text-light has-background-media\" style=\"--sts-hero-padding-mobile:0px;--sts-hero-padding-desktop:0px;--sts-hero-text-color:var(--wp--preset--color--base-10, #fff);\" data-variant=\"full-background\"><div class=\"sts-block-hero__background\"><picture class=\"sts-responsive-image has-fit-cover is-skeleton\"><img src=\"https:\/\/cdn.sts-education.com\/12572_hero_lg_xl.jpg\" alt=\"Skole og fritid\" loading=\"lazy\" decoding=\"async\" fetchpriority=\"low\" sizes=\"100vw\" \/><\/picture><span class=\"sts-block-hero__overlay\" aria-hidden=\"true\"><\/span><\/div><div class=\"sts-block-hero__inner\"><div class=\"sts-block-hero__content has-align-center\"><div class=\"sts-block-hero__content-inner\"><h1 class=\"sts-block-hero__heading\">Skole og fritid<\/h1><\/div><\/div><\/div><\/section>\n\n\n\n<div class=\"wp-block-sts-text sts-text-editor has-max-width-md\"><div class=\"sts-text-editor__content\"><div class=\"sts-text-editor__content-inner\">\n<h2>Din nye skole<\/h2>\n\n<p>Oplev forskellen! Din nye skole vil helt sikkert v\u00e6re anderledes, end hvad du har v\u00e6ret vant til tidligere. Og det er supersp\u00e6ndende at blive en del af et skolesystemet i et andet land. Du bliver hurtigt vant til de nye rutiner, som fx hvordan du tiltaler din l\u00e6rer, og hvordan du finder rundt p\u00e5 skolen. Det er vigtigt at respektere skolens regler og at komme til tiden. P\u00e5 de fleste skoler g\u00e5r man i almindeligt t\u00f8j, men nogle steder bruger man skoleuniform. Det afh\u00e6nger helt af, hvilken skole du skal g\u00e5 p\u00e5. Som udvekslingselev er det sjovt at fort\u00e6lle om dit hjemland. Dine l\u00e6rere og klassekammerater vil v\u00e6re nysgerrige.<\/p>\n\n<p>Det er sjovt og sp\u00e6ndende at l\u00e6re et nyt sprog i et nyt milj\u00f8, og ofte taler du sproget helt flydende, n\u00e5r du skal hjem igen. Denne viden vil v\u00e6re v\u00e6rdifuld for dig igennem hele dit liv.<\/p>\n\n<p>Men livet som udvekslingselev er meget mere end bare skole. Du vil have masser af tid til aktiviteter, motion og udflugter, s\u00e5 du kan udvikle dig endnu mere p\u00e5 dit udvekslings\u00e5r. Dit udvekslings\u00e5r vil \u00e5bne en masse nye d\u00f8re \u2013 det er der ingen tvivl om.<\/p>\n\n<h2>Din fritid<\/h2>\n\n<p>I din fritid har du mulighed for at udforske dit nye v\u00e6rtsland. Du kan tage p\u00e5 udflugter, g\u00e5 ture eller v\u00e6re sammen med dine nye venner. Meld dig ind i en fodboldklub, pr\u00f8v en ny sportsgren, spil et instrument i et band, g\u00e5 til dans, lav frivilligt arbejde, eller h\u00e6ng ud med dine venner p\u00e5 en caf\u00e9. Det vigtigste er, at du er sammen med mennesker, er \u00e5ben og f\u00e5r mest muligt ud af din fritid.<\/p>\n\n<p>I mange lande tilbyder skolerne aktiviteter, s\u00e5 du har mulighed for at pr\u00f8ve en ny sportsgren eller en ny hobby. Selvf\u00f8lgelig f\u00e5r du ogs\u00e5 hj\u00e6lp fra din v\u00e6rtsfamilie, klassekammerater og omr\u00e5derepr\u00e6sentant, der kan vise dig de gode steder i omr\u00e5det, hvor du bor.<\/p>\n\n<p>Der er ofte ogs\u00e5 mulighed for at tage p\u00e5 ture og udflugter, der er tilrettelagt specifikt for udvekslingselever. F\u00e5 mere information af din lokale omr\u00e5derepr\u00e6sentant, n\u00e5r du er derovre.<\/p>\n\n<h3>Lommepenge, mens du er p\u00e5 udveksling<\/h3>\n\n<p>STS anbefaler, at du har 400 dollars\/300 euro til r\u00e5dighed i lommepenge om m\u00e5neden, mens du er af sted. Husk, at udgifterne kan v\u00e6re lidt h\u00f8jere i starten, hvor du f\u00e5r brug for at k\u00f8be skoleb\u00f8ger, betale medlemskaber og m\u00e5ske k\u00f8be et buskort og andre ting. (I USA er det gratis at k\u00f8re med skolebus). Din v\u00e6rtsfamilie er ikke ansvarlig for at betale for dine fritidsaktiviteter, rejser, t\u00f8j, toiletartikler for eksempel.<\/p>\n\n<p>Husk aldrig at l\u00e5ne penge af nogen eller til nogen under dit ophold, ikke til venner og ikke til din v\u00e6rtsfamilie. Det kan nemt f\u00f8re til misforst\u00e5elser.<\/p>\n<\/div><\/div><\/div>\n\n","protected":false},"excerpt":{"rendered":"","protected":false},"author":20,"featured_media":0,"parent":10383,"menu_order":0,"comment_status":"closed","ping_status":"closed","template":"","meta":{"_acf_changed":false,"sts_page_background_color":"","footnotes":""},"wpw_page_folders":[83],"class_list":["post-10409","page","type-page","status-publish","hentry"],"acf":[],"yoast_head":"<!-- This site is optimized with the Yoast SEO Premium plugin v27.2 (Yoast SEO v27.3) - https:\/\/yoast.com\/product\/yoast-seo-premium-wordpress\/ -->\n<title>Sp\u00e6ndende udvekslings\u00e5r med fokus p\u00e5 skole og fritid<\/title>\n<meta name=\"description\" content=\"Du vil have meget tid til aktiviteter, tr\u00e6ning og udflugter som g\u00f8r at du udvikles yderligere under dit udvekslings\u00e5r.\" \/>\n<meta name=\"robots\" content=\"index, follow, max-snippet:-1, max-image-preview:large, max-video-preview:-1\" \/>\n<link rel=\"canonical\" href=\"https:\/\/www.sts-education.com\/dk\/high-school\/mens-du-er-pa-udveksling-i-udlandet\/skole-og-fritid\/\" \/>\n<meta property=\"og:locale\" content=\"da_DK\" \/>\n<meta property=\"og:type\" content=\"article\" \/>\n<meta property=\"og:title\" content=\"Skole Og Fritid\" \/>\n<meta property=\"og:description\" content=\"Du vil have meget tid til aktiviteter, tr\u00e6ning og udflugter som g\u00f8r at du udvikles yderligere under dit udvekslings\u00e5r.\" \/>\n<meta property=\"og:url\" content=\"https:\/\/www.sts-education.com\/dk\/high-school\/mens-du-er-pa-udveksling-i-udlandet\/skole-og-fritid\/\" \/>\n<meta property=\"og:site_name\" content=\"STS Education\" \/>\n<meta property=\"article:modified_time\" content=\"2026-04-01T01:29:39+00:00\" \/>\n<meta property=\"og:image\" content=\"https:\/\/cdn.sts-education.com\/12572_hero_lg_xl.jpg\" \/>\n<meta name=\"twitter:card\" content=\"summary_large_image\" \/>\n<meta name=\"twitter:label1\" content=\"Estimeret l\u00e6setid\" \/>\n\t<meta name=\"twitter:data1\" content=\"3 minutter\" \/>\n<script type=\"application\/ld+json\" class=\"yoast-schema-graph\">{\"@context\":\"https:\\\/\\\/schema.org\",\"@graph\":[{\"@type\":\"WebPage\",\"@id\":\"https:\\\/\\\/www.sts-education.com\\\/dk\\\/high-school\\\/mens-du-er-pa-udveksling-i-udlandet\\\/skole-og-fritid\\\/\",\"url\":\"https:\\\/\\\/www.sts-education.com\\\/dk\\\/high-school\\\/mens-du-er-pa-udveksling-i-udlandet\\\/skole-og-fritid\\\/\",\"name\":\"Sp\u00e6ndende udvekslings\u00e5r med fokus p\u00e5 skole og fritid\",\"isPartOf\":{\"@id\":\"https:\\\/\\\/www.sts-education.com\\\/dk\\\/#website\"},\"primaryImageOfPage\":{\"@id\":\"https:\\\/\\\/www.sts-education.com\\\/dk\\\/high-school\\\/mens-du-er-pa-udveksling-i-udlandet\\\/skole-og-fritid\\\/#primaryimage\"},\"image\":{\"@id\":\"https:\\\/\\\/www.sts-education.com\\\/dk\\\/high-school\\\/mens-du-er-pa-udveksling-i-udlandet\\\/skole-og-fritid\\\/#primaryimage\"},\"thumbnailUrl\":\"https:\\\/\\\/cdn.sts-education.com\\\/12572_hero_lg_xl.jpg\",\"datePublished\":\"2025-12-16T10:15:33+00:00\",\"dateModified\":\"2026-04-01T01:29:39+00:00\",\"description\":\"Du vil have meget tid til aktiviteter, tr\u00e6ning og udflugter som g\u00f8r at du udvikles yderligere under dit udvekslings\u00e5r.\",\"breadcrumb\":{\"@id\":\"https:\\\/\\\/www.sts-education.com\\\/dk\\\/high-school\\\/mens-du-er-pa-udveksling-i-udlandet\\\/skole-og-fritid\\\/#breadcrumb\"},\"inLanguage\":\"da-DK\",\"potentialAction\":[{\"@type\":\"ReadAction\",\"target\":[\"https:\\\/\\\/www.sts-education.com\\\/dk\\\/high-school\\\/mens-du-er-pa-udveksling-i-udlandet\\\/skole-og-fritid\\\/\"]}]},{\"@type\":\"ImageObject\",\"inLanguage\":\"da-DK\",\"@id\":\"https:\\\/\\\/www.sts-education.com\\\/dk\\\/high-school\\\/mens-du-er-pa-udveksling-i-udlandet\\\/skole-og-fritid\\\/#primaryimage\",\"url\":\"https:\\\/\\\/cdn.sts-education.com\\\/12572_hero_lg_xl.jpg\",\"contentUrl\":\"https:\\\/\\\/cdn.sts-education.com\\\/12572_hero_lg_xl.jpg\"},{\"@type\":\"BreadcrumbList\",\"@id\":\"https:\\\/\\\/www.sts-education.com\\\/dk\\\/high-school\\\/mens-du-er-pa-udveksling-i-udlandet\\\/skole-og-fritid\\\/#breadcrumb\",\"itemListElement\":[{\"@type\":\"ListItem\",\"position\":1,\"name\":\"Home\",\"item\":\"https:\\\/\\\/www.sts-education.com\\\/dk\\\/sample-page\\\/\"},{\"@type\":\"ListItem\",\"position\":2,\"name\":\"High school udveksling\",\"item\":\"https:\\\/\\\/www.sts-education.com\\\/dk\\\/high-school\\\/\"},{\"@type\":\"ListItem\",\"position\":3,\"name\":\"Mens Du Er Pa Udveksling I Udlandet\",\"item\":\"https:\\\/\\\/www.sts-education.com\\\/dk\\\/high-school\\\/mens-du-er-pa-udveksling-i-udlandet\\\/\"},{\"@type\":\"ListItem\",\"position\":4,\"name\":\"Skole Og Fritid\"}]},{\"@type\":\"WebSite\",\"@id\":\"https:\\\/\\\/www.sts-education.com\\\/dk\\\/#website\",\"url\":\"https:\\\/\\\/www.sts-education.com\\\/dk\\\/\",\"name\":\"STS Education\",\"description\":\"\",\"potentialAction\":[{\"@type\":\"SearchAction\",\"target\":{\"@type\":\"EntryPoint\",\"urlTemplate\":\"https:\\\/\\\/www.sts-education.com\\\/dk\\\/?s={search_term_string}\"},\"query-input\":{\"@type\":\"PropertyValueSpecification\",\"valueRequired\":true,\"valueName\":\"search_term_string\"}}],\"inLanguage\":\"da-DK\"}]}<\/script>\n<!-- \/ Yoast SEO Premium plugin. -->","yoast_head_json":{"title":"Sp\u00e6ndende udvekslings\u00e5r med fokus p\u00e5 skole og fritid","description":"Du vil have meget tid til aktiviteter, tr\u00e6ning og udflugter som g\u00f8r at du udvikles yderligere under dit udvekslings\u00e5r.","robots":{"index":"index","follow":"follow","max-snippet":"max-snippet:-1","max-image-preview":"max-image-preview:large","max-video-preview":"max-video-preview:-1"},"canonical":"https:\/\/www.sts-education.com\/dk\/high-school\/mens-du-er-pa-udveksling-i-udlandet\/skole-og-fritid\/","og_locale":"da_DK","og_type":"article","og_title":"Skole Og Fritid","og_description":"Du vil have meget tid til aktiviteter, tr\u00e6ning og udflugter som g\u00f8r at du udvikles yderligere under dit udvekslings\u00e5r.","og_url":"https:\/\/www.sts-education.com\/dk\/high-school\/mens-du-er-pa-udveksling-i-udlandet\/skole-og-fritid\/","og_site_name":"STS Education","article_modified_time":"2026-04-01T01:29:39+00:00","og_image":[{"url":"https:\/\/cdn.sts-education.com\/12572_hero_lg_xl.jpg","type":"","width":"","height":""}],"twitter_card":"summary_large_image","twitter_misc":{"Estimeret l\u00e6setid":"3 minutter"},"schema":{"@context":"https:\/\/schema.org","@graph":[{"@type":"WebPage","@id":"https:\/\/www.sts-education.com\/dk\/high-school\/mens-du-er-pa-udveksling-i-udlandet\/skole-og-fritid\/","url":"https:\/\/www.sts-education.com\/dk\/high-school\/mens-du-er-pa-udveksling-i-udlandet\/skole-og-fritid\/","name":"Sp\u00e6ndende udvekslings\u00e5r med fokus p\u00e5 skole og fritid","isPartOf":{"@id":"https:\/\/www.sts-education.com\/dk\/#website"},"primaryImageOfPage":{"@id":"https:\/\/www.sts-education.com\/dk\/high-school\/mens-du-er-pa-udveksling-i-udlandet\/skole-og-fritid\/#primaryimage"},"image":{"@id":"https:\/\/www.sts-education.com\/dk\/high-school\/mens-du-er-pa-udveksling-i-udlandet\/skole-og-fritid\/#primaryimage"},"thumbnailUrl":"https:\/\/cdn.sts-education.com\/12572_hero_lg_xl.jpg","datePublished":"2025-12-16T10:15:33+00:00","dateModified":"2026-04-01T01:29:39+00:00","description":"Du vil have meget tid til aktiviteter, tr\u00e6ning og udflugter som g\u00f8r at du udvikles yderligere under dit udvekslings\u00e5r.","breadcrumb":{"@id":"https:\/\/www.sts-education.com\/dk\/high-school\/mens-du-er-pa-udveksling-i-udlandet\/skole-og-fritid\/#breadcrumb"},"inLanguage":"da-DK","potentialAction":[{"@type":"ReadAction","target":["https:\/\/www.sts-education.com\/dk\/high-school\/mens-du-er-pa-udveksling-i-udlandet\/skole-og-fritid\/"]}]},{"@type":"ImageObject","inLanguage":"da-DK","@id":"https:\/\/www.sts-education.com\/dk\/high-school\/mens-du-er-pa-udveksling-i-udlandet\/skole-og-fritid\/#primaryimage","url":"https:\/\/cdn.sts-education.com\/12572_hero_lg_xl.jpg","contentUrl":"https:\/\/cdn.sts-education.com\/12572_hero_lg_xl.jpg"},{"@type":"BreadcrumbList","@id":"https:\/\/www.sts-education.com\/dk\/high-school\/mens-du-er-pa-udveksling-i-udlandet\/skole-og-fritid\/#breadcrumb","itemListElement":[{"@type":"ListItem","position":1,"name":"Home","item":"https:\/\/www.sts-education.com\/dk\/sample-page\/"},{"@type":"ListItem","position":2,"name":"High school udveksling","item":"https:\/\/www.sts-education.com\/dk\/high-school\/"},{"@type":"ListItem","position":3,"name":"Mens Du Er Pa Udveksling I Udlandet","item":"https:\/\/www.sts-education.com\/dk\/high-school\/mens-du-er-pa-udveksling-i-udlandet\/"},{"@type":"ListItem","position":4,"name":"Skole Og Fritid"}]},{"@type":"WebSite","@id":"https:\/\/www.sts-education.com\/dk\/#website","url":"https:\/\/www.sts-education.com\/dk\/","name":"STS Education","description":"","potentialAction":[{"@type":"SearchAction","target":{"@type":"EntryPoint","urlTemplate":"https:\/\/www.sts-education.com\/dk\/?s={search_term_string}"},"query-input":{"@type":"PropertyValueSpecification","valueRequired":true,"valueName":"search_term_string"}}],"inLanguage":"da-DK"}]}},"_links":{"self":[{"href":"https:\/\/www.sts-education.com\/dk\/wp-json\/wp\/v2\/pages\/10409","targetHints":{"allow":["GET"]}}],"collection":[{"href":"https:\/\/www.sts-education.com\/dk\/wp-json\/wp\/v2\/pages"}],"about":[{"href":"https:\/\/www.sts-education.com\/dk\/wp-json\/wp\/v2\/types\/page"}],"author":[{"embeddable":true,"href":"https:\/\/www.sts-education.com\/dk\/wp-json\/wp\/v2\/users\/20"}],"replies":[{"embeddable":true,"href":"https:\/\/www.sts-education.com\/dk\/wp-json\/wp\/v2\/comments?post=10409"}],"version-history":[{"count":2,"href":"https:\/\/www.sts-education.com\/dk\/wp-json\/wp\/v2\/pages\/10409\/revisions"}],"predecessor-version":[{"id":20156,"href":"https:\/\/www.sts-education.com\/dk\/wp-json\/wp\/v2\/pages\/10409\/revisions\/20156"}],"up":[{"embeddable":true,"href":"https:\/\/www.sts-education.com\/dk\/wp-json\/wp\/v2\/pages\/10383"}],"wp:attachment":[{"href":"https:\/\/www.sts-education.com\/dk\/wp-json\/wp\/v2\/media?parent=10409"}],"wp:term":[{"taxonomy":"wpw_page_folders","embeddable":true,"href":"https:\/\/www.sts-education.com\/dk\/wp-json\/wp\/v2\/wpw_page_folders?post=10409"}],"curies":[{"name":"wp","href":"https:\/\/api.w.org\/{rel}","templated":true}]}}