{"id":10410,"date":"2025-12-16T10:12:07","date_gmt":"2025-12-16T10:12:07","guid":{"rendered":"https:\/\/preprod.sts-education.com\/high-school\/mens-du-er-pa-udveksling-i-udlandet\/vi-er-her-for-dig\/"},"modified":"2026-04-15T09:38:27","modified_gmt":"2026-04-15T09:38:27","slug":"vi-er-her-for-dig","status":"publish","type":"page","link":"https:\/\/www.sts-education.com\/dk\/high-school\/mens-du-er-pa-udveksling-i-udlandet\/vi-er-her-for-dig\/","title":{"rendered":"Vi Er Her For Dig"},"content":{"rendered":"\n<section class=\"wp-block-sts-hero sts-block-hero sts-block-hero is-variant-full-background has-text-light has-background-media\" style=\"--sts-hero-padding-mobile:0px;--sts-hero-padding-desktop:0px;--sts-hero-text-color:var(--wp--preset--color--base-10, #fff)\" data-variant=\"full-background\"><div class=\"sts-block-hero__background\"><picture class=\"sts-responsive-image has-pos-center is-skeleton\"><img src=\"https:\/\/cdn.sts-education.com\/12567_hero_lg_xl.jpg\" alt=\"Vi er her for dig\" loading=\"lazy\" decoding=\"async\" fetchpriority=\"low\" sizes=\"(max-width: 640px) max(100vw, calc(clamp(320px, 100vh, 720px) * 9 \/ 16)), (max-width: 840px) max(100vw, calc(clamp(320px, 100vh, 720px) * 1 \/ 1)), max(100vw, calc(clamp(320px, 100vh, 720px) * 16 \/ 9))\" style=\"object-position:center\"\/><\/picture><span class=\"sts-block-hero__overlay\" aria-hidden=\"true\"><\/span><\/div><div class=\"sts-block-hero__inner\"><div class=\"sts-block-hero__content has-align-center\"><div class=\"sts-block-hero__content-inner\"><h1 class=\"sts-block-hero__heading\">Vi er her for dig<\/h1><\/div><\/div><\/div><\/section>\n\n\n\n<div class=\"wp-block-sts-text sts-text-editor has-max-width-md\"><div class=\"sts-text-editor__content\"><div class=\"sts-text-editor__content-inner\">\n<p>Uanset hvor du rejser hen, er vi der for dig igennem hele dit udvekslings\u00e5r. Vi tager os af booking af din rejse og s\u00f8rger for, at du er godt forberedt, n\u00e5r afrejsen n\u00e6rmer sig. N\u00e5r du er kommet frem, er vi der ogs\u00e5 for dig \u2013 b\u00e5de igennem din v\u00e6rtsfamilie, vores lokale koordinatorer og selvf\u00f8lgelig via telefon.<\/p>\n<h2>Omr\u00e5derepr\u00e6sentant<\/h2>\n<p>N\u00e5r du kommer til din endelige destination, vil der altid v\u00e6re en lokal kontaktperson, en \u201comr\u00e5derepr\u00e6sentant\u201d, eller lokal koordinator i omr\u00e5det. Denne person kender omr\u00e5det og er der, hvis du har brug for hj\u00e6lp, og I vil m\u00f8des regelm\u00e6ssigt i l\u00f8bet af \u00e5ret.<\/p>\n<p>Din v\u00e6rtsfamilie kan hj\u00e6lpe dig med at introducere dig til din skole og hj\u00e6lpe dig med at f\u00e5 kontakt til andre udvekslingselever. Hvis dine for\u00e6ldre har sp\u00f8rgsm\u00e5l, mens du er af sted, er det nemmeste for dem at ringe direkte til STS.<\/p>\n<h2>Ring til os n\u00e5r som helst<\/h2>\n<p>Det er vigtigt for os, at du har det godt og er glad. Du skal vide, at du altid kan kontakte os. F\u00f8r din afrejse f\u00e5r du et telefonnummer, som du kan kontakte os p\u00e5 uden for vores \u00e5bningstider \u2013 d\u00f8gnet rundt. Det giver tryghed.<\/p>\n<h2>Oplev mere \u2013 vi tager p\u00e5 ture sammen<\/h2>\n<p>Af os til har vi alle brug for en lille pause fra skole og lektier. Derfor arrangerer vi ture for alle vores udvekslingselever i mange af vores v\u00e6rtslande, s\u00e5 du f\u00e5r mulighed for at se mere af dit nye land. Du f\u00e5r al den n\u00f8dvendige information fra din omr\u00e5derepr\u00e6sentant. Udgiften til disse ture er ikke inkluderet i prisen for dit ophold og kan variere fra land til land.<\/p>\n<p><a href=\"https:\/\/www.sts-education.com\/dk\/high-school\/programlande\/\">L\u00e6s om de forskellige lande her.<\/a><\/p>\n<\/div><\/div><\/div>\n","protected":false},"excerpt":{"rendered":"","protected":false},"author":20,"featured_media":0,"parent":10383,"menu_order":0,"comment_status":"closed","ping_status":"closed","template":"templates\/template-default-with-breadcrumbs.php","meta":{"_acf_changed":false,"sts_page_background_color":"","footnotes":""},"wpw_page_folders":[83],"class_list":["post-10410","page","type-page","status-publish","hentry"],"acf":[],"yoast_head":"<!-- This site is optimized with the Yoast SEO Premium plugin v27.2 (Yoast SEO v27.3) - https:\/\/yoast.com\/product\/yoast-seo-premium-wordpress\/ -->\n<title>Vi er her for at hj\u00e6lpe dig under dit udvekslings\u00e5r | STS<\/title>\n<meta name=\"description\" content=\"N\u00e5r du tager p\u00e5 et udvekslings\u00e5r er vi der for at hj\u00e6lpe dig, d\u00f8gnet rundt. Trygt og bekvemt.\" \/>\n<meta name=\"robots\" content=\"index, follow, max-snippet:-1, max-image-preview:large, max-video-preview:-1\" \/>\n<link rel=\"canonical\" href=\"https:\/\/www.sts-education.com\/dk\/high-school\/mens-du-er-pa-udveksling-i-udlandet\/vi-er-her-for-dig\/\" \/>\n<meta property=\"og:locale\" content=\"da_DK\" \/>\n<meta property=\"og:type\" content=\"article\" \/>\n<meta property=\"og:title\" content=\"Vi Er Her For Dig\" \/>\n<meta property=\"og:description\" content=\"N\u00e5r du tager p\u00e5 et udvekslings\u00e5r er vi der for at hj\u00e6lpe dig, d\u00f8gnet rundt. Trygt og bekvemt.\" \/>\n<meta property=\"og:url\" content=\"https:\/\/www.sts-education.com\/dk\/high-school\/mens-du-er-pa-udveksling-i-udlandet\/vi-er-her-for-dig\/\" \/>\n<meta property=\"og:site_name\" content=\"STS Education\" \/>\n<meta property=\"article:modified_time\" content=\"2026-04-15T09:38:27+00:00\" \/>\n<meta property=\"og:image\" content=\"https:\/\/cdn.sts-education.com\/12567_hero_lg_xl.jpg\" \/>\n<meta name=\"twitter:card\" content=\"summary_large_image\" \/>\n<meta name=\"twitter:label1\" content=\"Estimeret l\u00e6setid\" \/>\n\t<meta name=\"twitter:data1\" content=\"2 minutter\" \/>\n<script type=\"application\/ld+json\" class=\"yoast-schema-graph\">{\"@context\":\"https:\\\/\\\/schema.org\",\"@graph\":[{\"@type\":\"WebPage\",\"@id\":\"https:\\\/\\\/www.sts-education.com\\\/dk\\\/high-school\\\/mens-du-er-pa-udveksling-i-udlandet\\\/vi-er-her-for-dig\\\/\",\"url\":\"https:\\\/\\\/www.sts-education.com\\\/dk\\\/high-school\\\/mens-du-er-pa-udveksling-i-udlandet\\\/vi-er-her-for-dig\\\/\",\"name\":\"Vi er her for at hj\u00e6lpe dig under dit udvekslings\u00e5r | STS\",\"isPartOf\":{\"@id\":\"https:\\\/\\\/www.sts-education.com\\\/dk\\\/#website\"},\"primaryImageOfPage\":{\"@id\":\"https:\\\/\\\/www.sts-education.com\\\/dk\\\/high-school\\\/mens-du-er-pa-udveksling-i-udlandet\\\/vi-er-her-for-dig\\\/#primaryimage\"},\"image\":{\"@id\":\"https:\\\/\\\/www.sts-education.com\\\/dk\\\/high-school\\\/mens-du-er-pa-udveksling-i-udlandet\\\/vi-er-her-for-dig\\\/#primaryimage\"},\"thumbnailUrl\":\"https:\\\/\\\/cdn.sts-education.com\\\/12567_hero_lg_xl.jpg\",\"datePublished\":\"2025-12-16T10:12:07+00:00\",\"dateModified\":\"2026-04-15T09:38:27+00:00\",\"description\":\"N\u00e5r du tager p\u00e5 et udvekslings\u00e5r er vi der for at hj\u00e6lpe dig, d\u00f8gnet rundt. Trygt og bekvemt.\",\"breadcrumb\":{\"@id\":\"https:\\\/\\\/www.sts-education.com\\\/dk\\\/high-school\\\/mens-du-er-pa-udveksling-i-udlandet\\\/vi-er-her-for-dig\\\/#breadcrumb\"},\"inLanguage\":\"da-DK\",\"potentialAction\":[{\"@type\":\"ReadAction\",\"target\":[\"https:\\\/\\\/www.sts-education.com\\\/dk\\\/high-school\\\/mens-du-er-pa-udveksling-i-udlandet\\\/vi-er-her-for-dig\\\/\"]}]},{\"@type\":\"ImageObject\",\"inLanguage\":\"da-DK\",\"@id\":\"https:\\\/\\\/www.sts-education.com\\\/dk\\\/high-school\\\/mens-du-er-pa-udveksling-i-udlandet\\\/vi-er-her-for-dig\\\/#primaryimage\",\"url\":\"https:\\\/\\\/cdn.sts-education.com\\\/12567_hero_lg_xl.jpg\",\"contentUrl\":\"https:\\\/\\\/cdn.sts-education.com\\\/12567_hero_lg_xl.jpg\"},{\"@type\":\"BreadcrumbList\",\"@id\":\"https:\\\/\\\/www.sts-education.com\\\/dk\\\/high-school\\\/mens-du-er-pa-udveksling-i-udlandet\\\/vi-er-her-for-dig\\\/#breadcrumb\",\"itemListElement\":[{\"@type\":\"ListItem\",\"position\":1,\"name\":\"Home\",\"item\":\"https:\\\/\\\/www.sts-education.com\\\/dk\\\/sample-page\\\/\"},{\"@type\":\"ListItem\",\"position\":2,\"name\":\"High school udveksling\",\"item\":\"https:\\\/\\\/www.sts-education.com\\\/dk\\\/high-school\\\/\"},{\"@type\":\"ListItem\",\"position\":3,\"name\":\"Mens Du Er Pa Udveksling I Udlandet\",\"item\":\"https:\\\/\\\/www.sts-education.com\\\/dk\\\/high-school\\\/mens-du-er-pa-udveksling-i-udlandet\\\/\"},{\"@type\":\"ListItem\",\"position\":4,\"name\":\"Vi Er Her For Dig\"}]},{\"@type\":\"WebSite\",\"@id\":\"https:\\\/\\\/www.sts-education.com\\\/dk\\\/#website\",\"url\":\"https:\\\/\\\/www.sts-education.com\\\/dk\\\/\",\"name\":\"STS Education\",\"description\":\"\",\"potentialAction\":[{\"@type\":\"SearchAction\",\"target\":{\"@type\":\"EntryPoint\",\"urlTemplate\":\"https:\\\/\\\/www.sts-education.com\\\/dk\\\/?s={search_term_string}\"},\"query-input\":{\"@type\":\"PropertyValueSpecification\",\"valueRequired\":true,\"valueName\":\"search_term_string\"}}],\"inLanguage\":\"da-DK\"}]}<\/script>\n<!-- \/ Yoast SEO Premium plugin. -->","yoast_head_json":{"title":"Vi er her for at hj\u00e6lpe dig under dit udvekslings\u00e5r | STS","description":"N\u00e5r du tager p\u00e5 et udvekslings\u00e5r er vi der for at hj\u00e6lpe dig, d\u00f8gnet rundt. Trygt og bekvemt.","robots":{"index":"index","follow":"follow","max-snippet":"max-snippet:-1","max-image-preview":"max-image-preview:large","max-video-preview":"max-video-preview:-1"},"canonical":"https:\/\/www.sts-education.com\/dk\/high-school\/mens-du-er-pa-udveksling-i-udlandet\/vi-er-her-for-dig\/","og_locale":"da_DK","og_type":"article","og_title":"Vi Er Her For Dig","og_description":"N\u00e5r du tager p\u00e5 et udvekslings\u00e5r er vi der for at hj\u00e6lpe dig, d\u00f8gnet rundt. Trygt og bekvemt.","og_url":"https:\/\/www.sts-education.com\/dk\/high-school\/mens-du-er-pa-udveksling-i-udlandet\/vi-er-her-for-dig\/","og_site_name":"STS Education","article_modified_time":"2026-04-15T09:38:27+00:00","og_image":[{"url":"https:\/\/cdn.sts-education.com\/12567_hero_lg_xl.jpg","type":"","width":"","height":""}],"twitter_card":"summary_large_image","twitter_misc":{"Estimeret l\u00e6setid":"2 minutter"},"schema":{"@context":"https:\/\/schema.org","@graph":[{"@type":"WebPage","@id":"https:\/\/www.sts-education.com\/dk\/high-school\/mens-du-er-pa-udveksling-i-udlandet\/vi-er-her-for-dig\/","url":"https:\/\/www.sts-education.com\/dk\/high-school\/mens-du-er-pa-udveksling-i-udlandet\/vi-er-her-for-dig\/","name":"Vi er her for at hj\u00e6lpe dig under dit udvekslings\u00e5r | STS","isPartOf":{"@id":"https:\/\/www.sts-education.com\/dk\/#website"},"primaryImageOfPage":{"@id":"https:\/\/www.sts-education.com\/dk\/high-school\/mens-du-er-pa-udveksling-i-udlandet\/vi-er-her-for-dig\/#primaryimage"},"image":{"@id":"https:\/\/www.sts-education.com\/dk\/high-school\/mens-du-er-pa-udveksling-i-udlandet\/vi-er-her-for-dig\/#primaryimage"},"thumbnailUrl":"https:\/\/cdn.sts-education.com\/12567_hero_lg_xl.jpg","datePublished":"2025-12-16T10:12:07+00:00","dateModified":"2026-04-15T09:38:27+00:00","description":"N\u00e5r du tager p\u00e5 et udvekslings\u00e5r er vi der for at hj\u00e6lpe dig, d\u00f8gnet rundt. Trygt og bekvemt.","breadcrumb":{"@id":"https:\/\/www.sts-education.com\/dk\/high-school\/mens-du-er-pa-udveksling-i-udlandet\/vi-er-her-for-dig\/#breadcrumb"},"inLanguage":"da-DK","potentialAction":[{"@type":"ReadAction","target":["https:\/\/www.sts-education.com\/dk\/high-school\/mens-du-er-pa-udveksling-i-udlandet\/vi-er-her-for-dig\/"]}]},{"@type":"ImageObject","inLanguage":"da-DK","@id":"https:\/\/www.sts-education.com\/dk\/high-school\/mens-du-er-pa-udveksling-i-udlandet\/vi-er-her-for-dig\/#primaryimage","url":"https:\/\/cdn.sts-education.com\/12567_hero_lg_xl.jpg","contentUrl":"https:\/\/cdn.sts-education.com\/12567_hero_lg_xl.jpg"},{"@type":"BreadcrumbList","@id":"https:\/\/www.sts-education.com\/dk\/high-school\/mens-du-er-pa-udveksling-i-udlandet\/vi-er-her-for-dig\/#breadcrumb","itemListElement":[{"@type":"ListItem","position":1,"name":"Home","item":"https:\/\/www.sts-education.com\/dk\/sample-page\/"},{"@type":"ListItem","position":2,"name":"High school udveksling","item":"https:\/\/www.sts-education.com\/dk\/high-school\/"},{"@type":"ListItem","position":3,"name":"Mens Du Er Pa Udveksling I Udlandet","item":"https:\/\/www.sts-education.com\/dk\/high-school\/mens-du-er-pa-udveksling-i-udlandet\/"},{"@type":"ListItem","position":4,"name":"Vi Er Her For Dig"}]},{"@type":"WebSite","@id":"https:\/\/www.sts-education.com\/dk\/#website","url":"https:\/\/www.sts-education.com\/dk\/","name":"STS Education","description":"","potentialAction":[{"@type":"SearchAction","target":{"@type":"EntryPoint","urlTemplate":"https:\/\/www.sts-education.com\/dk\/?s={search_term_string}"},"query-input":{"@type":"PropertyValueSpecification","valueRequired":true,"valueName":"search_term_string"}}],"inLanguage":"da-DK"}]}},"_links":{"self":[{"href":"https:\/\/www.sts-education.com\/dk\/wp-json\/wp\/v2\/pages\/10410","targetHints":{"allow":["GET"]}}],"collection":[{"href":"https:\/\/www.sts-education.com\/dk\/wp-json\/wp\/v2\/pages"}],"about":[{"href":"https:\/\/www.sts-education.com\/dk\/wp-json\/wp\/v2\/types\/page"}],"author":[{"embeddable":true,"href":"https:\/\/www.sts-education.com\/dk\/wp-json\/wp\/v2\/users\/20"}],"replies":[{"embeddable":true,"href":"https:\/\/www.sts-education.com\/dk\/wp-json\/wp\/v2\/comments?post=10410"}],"version-history":[{"count":6,"href":"https:\/\/www.sts-education.com\/dk\/wp-json\/wp\/v2\/pages\/10410\/revisions"}],"predecessor-version":[{"id":35538,"href":"https:\/\/www.sts-education.com\/dk\/wp-json\/wp\/v2\/pages\/10410\/revisions\/35538"}],"up":[{"embeddable":true,"href":"https:\/\/www.sts-education.com\/dk\/wp-json\/wp\/v2\/pages\/10383"}],"wp:attachment":[{"href":"https:\/\/www.sts-education.com\/dk\/wp-json\/wp\/v2\/media?parent=10410"}],"wp:term":[{"taxonomy":"wpw_page_folders","embeddable":true,"href":"https:\/\/www.sts-education.com\/dk\/wp-json\/wp\/v2\/wpw_page_folders?post=10410"}],"curies":[{"name":"wp","href":"https:\/\/api.w.org\/{rel}","templated":true}]}}