{"id":10411,"date":"2025-12-16T10:13:17","date_gmt":"2025-12-16T10:13:17","guid":{"rendered":"https:\/\/preprod.sts-education.com\/high-school\/mens-du-er-pa-udveksling-i-udlandet\/welcome-camp\/"},"modified":"2026-04-15T09:38:26","modified_gmt":"2026-04-15T09:38:26","slug":"welcome-camp","status":"publish","type":"page","link":"https:\/\/www.sts-education.com\/dk\/high-school\/mens-du-er-pa-udveksling-i-udlandet\/welcome-camp\/","title":{"rendered":"Welcome Camp"},"content":{"rendered":"\n<section class=\"wp-block-sts-hero sts-block-hero is-variant-full-background has-text-light has-background-media\" style=\"--sts-hero-padding-mobile:0px;--sts-hero-padding-desktop:0px;--sts-hero-text-color:var(--wp--preset--color--base-10, #fff);\" data-variant=\"full-background\"><div class=\"sts-block-hero__background\"><picture class=\"sts-responsive-image has-fit-cover is-skeleton\"><img src=\"https:\/\/cdn.sts-education.com\/12570_hero_lg_xl.jpg\" alt=\"STS Welcome Camp er inkluderet\" loading=\"lazy\" decoding=\"async\" fetchpriority=\"low\" sizes=\"100vw\" \/><\/picture><span class=\"sts-block-hero__overlay\" aria-hidden=\"true\"><\/span><\/div><div class=\"sts-block-hero__inner\"><div class=\"sts-block-hero__content has-align-center\"><div class=\"sts-block-hero__content-inner\"><h1 class=\"sts-block-hero__heading\">STS Welcome Camp er inkluderet<\/h1><\/div><\/div><\/div><\/section>\n\n\n\n<div class=\"wp-block-sts-text sts-text-editor has-max-width-md\"><div class=\"sts-text-editor__content\"><div class=\"sts-text-editor__content-inner\">\n<p>For at give dig den perfekte introduktion starter dit udvekslings\u00e5r p\u00e5 n\u00e6sten alle destinationer med STS Welcome Camp, som er inkluderet i prisen. Det er en slags \u201cbl\u00f8d landing,\u201d hvor du l\u00e6rer andre STS-elever at kende og l\u00e6rer om, hvad du kan forvente dig af det eventyr, der lige er startet. Det giver dig den bedst mulige start p\u00e5 dit nye eventyr, og du f\u00e5r chancen for at l\u00e6re en masse andre elever fra hele verden at kende, der ogs\u00e5 skal i gang med deres \u00e5r i udlandet.<\/p>\n\n<p>STS Welcome Camps afholdes i kendte, st\u00f8rre byer og varer i flere dage. Byen og landet, som campen afholdes i, afh\u00e6nger af, hvor du skal tilbringe dit udvekslings\u00e5r. Men du kan v\u00e6re sikker p\u00e5, at du kommer til at tage del i sp\u00e6ndende workshops og sjove aktiviteter inden for forskellige emner, som kan v\u00e6re en hj\u00e6lp, mens du er p\u00e5 udveksling. Fx l\u00e6rer du, hvordan du tackler hjemve, hvordan det er at skulle falde til i et nyt hjem, hvad du skal g\u00f8re, hvis du har brug for hj\u00e6lp eller st\u00f8tte og mange flere praktiske ting.<\/p>\n\n<p>Du f\u00e5r mulighed for at udforske den by, campen afholdes i, ved at tage p\u00e5 sightseeing og se nogle af de ber\u00f8mte steder. Og du g\u00f8r det sammen med andre STS-elever, der ogs\u00e5 lige er startet p\u00e5 deres eventyr. Det bliver et dejligt minde for livet og er den perfekte m\u00e5de at starte dit udvekslings\u00e5r p\u00e5. Efter STS Welcome Camp er du klar til at rejse til din endelige destination, m\u00f8de din v\u00e6rtsfamilie og f\u00f8le dig hjemme.<\/p>\n\n<p><a href=\"\/dk\/high-school\/tripfinder\/\">L\u00e6s mere om vores STS Welcome Camps i de enkelte lande<\/a><\/p>\n<\/div><\/div><\/div>\n\n\n\n<figure class=\"wp-block-sts-image sts-block-image sts-block-image--count-1 has-max-width-md\" data-count=\"1\"><div class=\"sts-block-image__grid\"><div class=\"sts-block-image__item\"><picture class=\"sts-responsive-image has-fit-cover has-pos-top is-skeleton\"><img src=\"https:\/\/cdn.sts-education.com\/13063_hero_md.jpg\" alt=\"STS Welcome Camp er inkluderet\" loading=\"lazy\" decoding=\"async\" fetchpriority=\"low\" sizes=\"(max-width: 736px) 100vw, 736px\"\/><\/picture><\/div><\/div><\/figure>\n\n\n\n<div class=\"wp-block-sts-text sts-text-editor has-max-width-md\"><div class=\"sts-text-editor__content\"><div class=\"sts-text-editor__content-inner\">\n<p><em>\u201cSTS Welcome Camp var absolut et af h\u00f8jdepunkterne og en fantastisk start p\u00e5 mit \u00e5r som udvekslingselev. Jeg har stadig kontakt til mange af dem, jeg m\u00f8dte p\u00e5 campen. Alle de forskellige aktiviteter hjalp mig til at f\u00f8le mig meget bedre forberedt p\u00e5 \u00e5ret. Hvis jeg kunne, ville jeg virkelig gerne genopleve de dage!\u201d<\/em><\/p>\n<p><em>Jessica fra Schweiz, deltog i STS Welcome Camp i New York.<\/em><\/p>\n<\/div><\/div><\/div>\n\n","protected":false},"excerpt":{"rendered":"","protected":false},"author":20,"featured_media":15181,"parent":10383,"menu_order":0,"comment_status":"closed","ping_status":"closed","template":"templates\/template-default-with-breadcrumbs.php","meta":{"_acf_changed":false,"sts_page_background_color":"","footnotes":""},"wpw_page_folders":[83],"class_list":["post-10411","page","type-page","status-publish","has-post-thumbnail","hentry"],"acf":[],"yoast_head":"<!-- This site is optimized with the Yoast SEO Premium plugin v27.2 (Yoast SEO v27.3) - https:\/\/yoast.com\/product\/yoast-seo-premium-wordpress\/ -->\n<title>Start dit udvekslings\u00e5r med en Welcome Camp | STS<\/title>\n<meta name=\"description\" content=\"Start dit udvekslings\u00e5r med vores Welcome Camp og f\u00e5 den bedste start! M\u00f8d andre som er p\u00e5 samme rejse og f\u00e5 mere information om hvad du kan forvente.\" \/>\n<meta name=\"robots\" content=\"index, follow, max-snippet:-1, max-image-preview:large, max-video-preview:-1\" \/>\n<link rel=\"canonical\" href=\"https:\/\/www.sts-education.com\/dk\/high-school\/mens-du-er-pa-udveksling-i-udlandet\/welcome-camp\/\" \/>\n<meta property=\"og:locale\" content=\"da_DK\" \/>\n<meta property=\"og:type\" content=\"article\" \/>\n<meta property=\"og:title\" content=\"Welcome Camp\" \/>\n<meta property=\"og:description\" content=\"Start dit udvekslings\u00e5r med vores Welcome Camp og f\u00e5 den bedste start! M\u00f8d andre som er p\u00e5 samme rejse og f\u00e5 mere information om hvad du kan forvente.\" \/>\n<meta property=\"og:url\" content=\"https:\/\/www.sts-education.com\/dk\/high-school\/mens-du-er-pa-udveksling-i-udlandet\/welcome-camp\/\" \/>\n<meta property=\"og:site_name\" content=\"STS Education\" \/>\n<meta property=\"article:modified_time\" content=\"2026-04-15T09:38:26+00:00\" \/>\n<meta property=\"og:image\" content=\"https:\/\/powered-by.qbank.se\/educatius\/sts\/\/97cdc9382a1d068b806b8d3eacbd0cae_1-1-thumb.webp\" \/>\n\t<meta property=\"og:image:width\" content=\"150\" \/>\n\t<meta property=\"og:image:height\" content=\"150\" \/>\n\t<meta property=\"og:image:type\" content=\"image\/jpeg\" \/>\n<meta name=\"twitter:card\" content=\"summary_large_image\" \/>\n<meta name=\"twitter:label1\" content=\"Estimeret l\u00e6setid\" \/>\n\t<meta name=\"twitter:data1\" content=\"2 minutter\" \/>\n<script type=\"application\/ld+json\" class=\"yoast-schema-graph\">{\"@context\":\"https:\\\/\\\/schema.org\",\"@graph\":[{\"@type\":\"WebPage\",\"@id\":\"https:\\\/\\\/www.sts-education.com\\\/dk\\\/high-school\\\/mens-du-er-pa-udveksling-i-udlandet\\\/welcome-camp\\\/\",\"url\":\"https:\\\/\\\/www.sts-education.com\\\/dk\\\/high-school\\\/mens-du-er-pa-udveksling-i-udlandet\\\/welcome-camp\\\/\",\"name\":\"Start dit udvekslings\u00e5r med en Welcome Camp | STS\",\"isPartOf\":{\"@id\":\"https:\\\/\\\/www.sts-education.com\\\/dk\\\/#website\"},\"primaryImageOfPage\":{\"@id\":\"https:\\\/\\\/www.sts-education.com\\\/dk\\\/high-school\\\/mens-du-er-pa-udveksling-i-udlandet\\\/welcome-camp\\\/#primaryimage\"},\"image\":{\"@id\":\"https:\\\/\\\/www.sts-education.com\\\/dk\\\/high-school\\\/mens-du-er-pa-udveksling-i-udlandet\\\/welcome-camp\\\/#primaryimage\"},\"thumbnailUrl\":\"https:\\\/\\\/powered-by.qbank.se\\\/educatius\\\/sts\\\/\\\/97cdc9382a1d068b806b8d3eacbd0cae_1-1-thumb.webp\",\"datePublished\":\"2025-12-16T10:13:17+00:00\",\"dateModified\":\"2026-04-15T09:38:26+00:00\",\"description\":\"Start dit udvekslings\u00e5r med vores Welcome Camp og f\u00e5 den bedste start! M\u00f8d andre som er p\u00e5 samme rejse og f\u00e5 mere information om hvad du kan forvente.\",\"breadcrumb\":{\"@id\":\"https:\\\/\\\/www.sts-education.com\\\/dk\\\/high-school\\\/mens-du-er-pa-udveksling-i-udlandet\\\/welcome-camp\\\/#breadcrumb\"},\"inLanguage\":\"da-DK\",\"potentialAction\":[{\"@type\":\"ReadAction\",\"target\":[\"https:\\\/\\\/www.sts-education.com\\\/dk\\\/high-school\\\/mens-du-er-pa-udveksling-i-udlandet\\\/welcome-camp\\\/\"]}]},{\"@type\":\"ImageObject\",\"inLanguage\":\"da-DK\",\"@id\":\"https:\\\/\\\/www.sts-education.com\\\/dk\\\/high-school\\\/mens-du-er-pa-udveksling-i-udlandet\\\/welcome-camp\\\/#primaryimage\",\"url\":\"https:\\\/\\\/powered-by.qbank.se\\\/educatius\\\/sts\\\/\\\/97cdc9382a1d068b806b8d3eacbd0cae_1-1-thumb.webp\",\"contentUrl\":\"https:\\\/\\\/powered-by.qbank.se\\\/educatius\\\/sts\\\/\\\/97cdc9382a1d068b806b8d3eacbd0cae_1-1-thumb.webp\",\"width\":150,\"height\":150},{\"@type\":\"BreadcrumbList\",\"@id\":\"https:\\\/\\\/www.sts-education.com\\\/dk\\\/high-school\\\/mens-du-er-pa-udveksling-i-udlandet\\\/welcome-camp\\\/#breadcrumb\",\"itemListElement\":[{\"@type\":\"ListItem\",\"position\":1,\"name\":\"Home\",\"item\":\"https:\\\/\\\/www.sts-education.com\\\/dk\\\/sample-page\\\/\"},{\"@type\":\"ListItem\",\"position\":2,\"name\":\"High school udveksling\",\"item\":\"https:\\\/\\\/www.sts-education.com\\\/dk\\\/high-school\\\/\"},{\"@type\":\"ListItem\",\"position\":3,\"name\":\"Mens Du Er Pa Udveksling I Udlandet\",\"item\":\"https:\\\/\\\/www.sts-education.com\\\/dk\\\/high-school\\\/mens-du-er-pa-udveksling-i-udlandet\\\/\"},{\"@type\":\"ListItem\",\"position\":4,\"name\":\"Welcome Camp\"}]},{\"@type\":\"WebSite\",\"@id\":\"https:\\\/\\\/www.sts-education.com\\\/dk\\\/#website\",\"url\":\"https:\\\/\\\/www.sts-education.com\\\/dk\\\/\",\"name\":\"STS Education\",\"description\":\"\",\"potentialAction\":[{\"@type\":\"SearchAction\",\"target\":{\"@type\":\"EntryPoint\",\"urlTemplate\":\"https:\\\/\\\/www.sts-education.com\\\/dk\\\/?s={search_term_string}\"},\"query-input\":{\"@type\":\"PropertyValueSpecification\",\"valueRequired\":true,\"valueName\":\"search_term_string\"}}],\"inLanguage\":\"da-DK\"}]}<\/script>\n<!-- \/ Yoast SEO Premium plugin. -->","yoast_head_json":{"title":"Start dit udvekslings\u00e5r med en Welcome Camp | STS","description":"Start dit udvekslings\u00e5r med vores Welcome Camp og f\u00e5 den bedste start! M\u00f8d andre som er p\u00e5 samme rejse og f\u00e5 mere information om hvad du kan forvente.","robots":{"index":"index","follow":"follow","max-snippet":"max-snippet:-1","max-image-preview":"max-image-preview:large","max-video-preview":"max-video-preview:-1"},"canonical":"https:\/\/www.sts-education.com\/dk\/high-school\/mens-du-er-pa-udveksling-i-udlandet\/welcome-camp\/","og_locale":"da_DK","og_type":"article","og_title":"Welcome Camp","og_description":"Start dit udvekslings\u00e5r med vores Welcome Camp og f\u00e5 den bedste start! M\u00f8d andre som er p\u00e5 samme rejse og f\u00e5 mere information om hvad du kan forvente.","og_url":"https:\/\/www.sts-education.com\/dk\/high-school\/mens-du-er-pa-udveksling-i-udlandet\/welcome-camp\/","og_site_name":"STS Education","article_modified_time":"2026-04-15T09:38:26+00:00","og_image":[{"width":150,"height":150,"url":"https:\/\/powered-by.qbank.se\/educatius\/sts\/\/97cdc9382a1d068b806b8d3eacbd0cae_1-1-thumb.webp","type":"image\/jpeg"}],"twitter_card":"summary_large_image","twitter_misc":{"Estimeret l\u00e6setid":"2 minutter"},"schema":{"@context":"https:\/\/schema.org","@graph":[{"@type":"WebPage","@id":"https:\/\/www.sts-education.com\/dk\/high-school\/mens-du-er-pa-udveksling-i-udlandet\/welcome-camp\/","url":"https:\/\/www.sts-education.com\/dk\/high-school\/mens-du-er-pa-udveksling-i-udlandet\/welcome-camp\/","name":"Start dit udvekslings\u00e5r med en Welcome Camp | STS","isPartOf":{"@id":"https:\/\/www.sts-education.com\/dk\/#website"},"primaryImageOfPage":{"@id":"https:\/\/www.sts-education.com\/dk\/high-school\/mens-du-er-pa-udveksling-i-udlandet\/welcome-camp\/#primaryimage"},"image":{"@id":"https:\/\/www.sts-education.com\/dk\/high-school\/mens-du-er-pa-udveksling-i-udlandet\/welcome-camp\/#primaryimage"},"thumbnailUrl":"https:\/\/powered-by.qbank.se\/educatius\/sts\/\/97cdc9382a1d068b806b8d3eacbd0cae_1-1-thumb.webp","datePublished":"2025-12-16T10:13:17+00:00","dateModified":"2026-04-15T09:38:26+00:00","description":"Start dit udvekslings\u00e5r med vores Welcome Camp og f\u00e5 den bedste start! M\u00f8d andre som er p\u00e5 samme rejse og f\u00e5 mere information om hvad du kan forvente.","breadcrumb":{"@id":"https:\/\/www.sts-education.com\/dk\/high-school\/mens-du-er-pa-udveksling-i-udlandet\/welcome-camp\/#breadcrumb"},"inLanguage":"da-DK","potentialAction":[{"@type":"ReadAction","target":["https:\/\/www.sts-education.com\/dk\/high-school\/mens-du-er-pa-udveksling-i-udlandet\/welcome-camp\/"]}]},{"@type":"ImageObject","inLanguage":"da-DK","@id":"https:\/\/www.sts-education.com\/dk\/high-school\/mens-du-er-pa-udveksling-i-udlandet\/welcome-camp\/#primaryimage","url":"https:\/\/powered-by.qbank.se\/educatius\/sts\/\/97cdc9382a1d068b806b8d3eacbd0cae_1-1-thumb.webp","contentUrl":"https:\/\/powered-by.qbank.se\/educatius\/sts\/\/97cdc9382a1d068b806b8d3eacbd0cae_1-1-thumb.webp","width":150,"height":150},{"@type":"BreadcrumbList","@id":"https:\/\/www.sts-education.com\/dk\/high-school\/mens-du-er-pa-udveksling-i-udlandet\/welcome-camp\/#breadcrumb","itemListElement":[{"@type":"ListItem","position":1,"name":"Home","item":"https:\/\/www.sts-education.com\/dk\/sample-page\/"},{"@type":"ListItem","position":2,"name":"High school udveksling","item":"https:\/\/www.sts-education.com\/dk\/high-school\/"},{"@type":"ListItem","position":3,"name":"Mens Du Er Pa Udveksling I Udlandet","item":"https:\/\/www.sts-education.com\/dk\/high-school\/mens-du-er-pa-udveksling-i-udlandet\/"},{"@type":"ListItem","position":4,"name":"Welcome Camp"}]},{"@type":"WebSite","@id":"https:\/\/www.sts-education.com\/dk\/#website","url":"https:\/\/www.sts-education.com\/dk\/","name":"STS Education","description":"","potentialAction":[{"@type":"SearchAction","target":{"@type":"EntryPoint","urlTemplate":"https:\/\/www.sts-education.com\/dk\/?s={search_term_string}"},"query-input":{"@type":"PropertyValueSpecification","valueRequired":true,"valueName":"search_term_string"}}],"inLanguage":"da-DK"}]}},"_links":{"self":[{"href":"https:\/\/www.sts-education.com\/dk\/wp-json\/wp\/v2\/pages\/10411","targetHints":{"allow":["GET"]}}],"collection":[{"href":"https:\/\/www.sts-education.com\/dk\/wp-json\/wp\/v2\/pages"}],"about":[{"href":"https:\/\/www.sts-education.com\/dk\/wp-json\/wp\/v2\/types\/page"}],"author":[{"embeddable":true,"href":"https:\/\/www.sts-education.com\/dk\/wp-json\/wp\/v2\/users\/20"}],"replies":[{"embeddable":true,"href":"https:\/\/www.sts-education.com\/dk\/wp-json\/wp\/v2\/comments?post=10411"}],"version-history":[{"count":3,"href":"https:\/\/www.sts-education.com\/dk\/wp-json\/wp\/v2\/pages\/10411\/revisions"}],"predecessor-version":[{"id":35537,"href":"https:\/\/www.sts-education.com\/dk\/wp-json\/wp\/v2\/pages\/10411\/revisions\/35537"}],"up":[{"embeddable":true,"href":"https:\/\/www.sts-education.com\/dk\/wp-json\/wp\/v2\/pages\/10383"}],"wp:featuredmedia":[{"embeddable":true,"href":"https:\/\/www.sts-education.com\/dk\/wp-json\/wp\/v2\/media\/15181"}],"wp:attachment":[{"href":"https:\/\/www.sts-education.com\/dk\/wp-json\/wp\/v2\/media?parent=10411"}],"wp:term":[{"taxonomy":"wpw_page_folders","embeddable":true,"href":"https:\/\/www.sts-education.com\/dk\/wp-json\/wp\/v2\/wpw_page_folders?post=10411"}],"curies":[{"name":"wp","href":"https:\/\/api.w.org\/{rel}","templated":true}]}}