{"id":10421,"date":"2025-12-16T10:24:56","date_gmt":"2025-12-16T10:24:56","guid":{"rendered":"https:\/\/preprod.sts-education.com\/om-sts\/karriere\/intervju-lucas\/"},"modified":"2026-04-01T02:41:17","modified_gmt":"2026-04-01T02:41:17","slug":"intervju-lucas","status":"publish","type":"page","link":"https:\/\/www.sts-education.com\/dk\/om-sts\/karriere\/intervju-lucas\/","title":{"rendered":"Intervju Lucas"},"content":{"rendered":"\n<div class=\"wp-block-sts-text sts-text-editor has-max-width-md\"><div class=\"sts-text-editor__content\"><div class=\"sts-text-editor__content-inner\">\n<h1>Lucas Kehrein, lokal koordinator for STS<\/h1>\n<\/div><\/div><\/div>\n\n\n\n<div class=\"wp-block-sts-text sts-text-editor has-max-width-md\"><div class=\"sts-text-editor__content\"><div class=\"sts-text-editor__content-inner\">\n<p><em>Lucas var p\u00e5 udveksling med STS i Minnesota i USA i 2015\/16. Hans egen familie i Sverige har v\u00e6ret v\u00e6rtsfamilie tre gange. Lucas har arbejdet som lokal koordinator for STS i 2022 og 2023.<\/em><\/p>\n<\/div><\/div><\/div>\n\n\n\n<figure class=\"wp-block-sts-image sts-block-image sts-block-image--count-1 has-max-width-md\" data-count=\"1\"><div class=\"sts-block-image__grid\"><div class=\"sts-block-image__item\"><picture class=\"sts-responsive-image has-fit-cover has-pos-top is-skeleton\"><img src=\"https:\/\/cdn.sts-education.com\/13363_hero_md.jpg\" alt=\"Lucas Kehrein, lokal koordinator for STS\" loading=\"lazy\" decoding=\"async\" fetchpriority=\"low\" sizes=\"(max-width: 736px) 100vw, 736px\"\/><\/picture><\/div><\/div><\/figure>\n\n\n\n<div class=\"wp-block-sts-text sts-text-editor has-max-width-md\"><div class=\"sts-text-editor__content\"><div class=\"sts-text-editor__content-inner\">\n<p><strong>Hvor mange elever har du v\u00e6ret lokal koordinator for?<\/strong><br\/>Jeg har v\u00e6ret lokal koordinator for fire elever: en fra USA, to fra Tyskland og en fra Brasilien. Allesammen superdejlige mennesker!<\/p>\n<p><strong>Hvad vil det sige at v\u00e6re lokal koordinator?<\/strong><br\/>N\u00e5r du er lokal koordinator, er du en form for st\u00f8tte for udvekslingseleven og v\u00e6rtsfamilien. Forpligtelserne varierer, men det vigtigste er at sikre, at udvekslingseleven og v\u00e6rtsfamilien har det godt og er tilfredse. Det er bestemt ikke let at v\u00e6re p\u00e5 udveksling, men som lokal koordinator kan du v\u00e6re med til at g\u00f8re oplevelsen helt fantastisk. Og det kan g\u00f8res ved fx at drikke en kop kaffe sammen, tage ud at bowle eller lave andre ting, du synes er sjovt. Jeg tog ogs\u00e5 alle mine udvekslingselever med ud at spille paintball sammen med min lillebror, der ogs\u00e5 var udvekslingselev. Jobbet indbefatter ogs\u00e5 at finde nye v\u00e6rtsfamilier. Medarbejderne hos STS er meget st\u00f8ttende. Jeg har altid f\u00e5et hj\u00e6lp, hvis jeg havde sp\u00f8rgsm\u00e5l eller var i tvivl om noget.<\/p>\n<p><strong>Hvorfor besluttede du at blive lokal koordinator?<\/strong><br\/>Jeg kan b\u00e5de relatere til det at v\u00e6re udvekslingselev og v\u00e6rtsfamilie, og jeg t\u00e6nkte, at jeg kunne bidrage til at g\u00f8re det til en god oplevelse. Jeg har selv v\u00e6ret p\u00e5 udveksling, min familie har v\u00e6ret v\u00e6rtsfamilie, og jeg har ogs\u00e5 arbejdet i udlandet. Jeg t\u00e6nkte ogs\u00e5, at det ville v\u00e6re sjovt at lave ting sammen med udvekslingseleverne. Det har klart v\u00e6ret en fordel, at jeg har den baggrund, jeg har, men det er p\u00e5 ingen m\u00e5de et must at have den samme erfaring.<\/p>\n<p><strong>Hvordan har jobbet p\u00e5virket dig?<\/strong><br\/>Jeg har f\u00e5et nye venner \u2013 mine udvekslingselever og jeg holder kontakten, selvom jeg ikke l\u00e6ngere er deres lokale koordinator. Det er ogs\u00e5 sjovt og sp\u00e6ndende at h\u00f8re om udvekslingselevernes kultur og h\u00f8re, hvordan de oplever Sverige. Det har givet mig et nyt billede af b\u00e5de Sverige og udvekslingselevernes hjemlande.<\/p>\n<p><strong>Har der v\u00e6ret store udfordringer?<\/strong><br\/>Den st\u00f8rste udfordring er at finde gode v\u00e6rtsfamilier.<\/p>\n<p><strong>Har du nogle gode minder, du har lyst til at dele med os?<\/strong><br\/>Jeg var aktivitetsleder p\u00e5 den sidste aktivitet, inden udvekslingseleverne skulle rejse tilbage til deres hjemlande. Det var supersjovt at h\u00f8re, hvor gode mange af dem var blevet til svensk. Jeg var totalt imponeret over en af eleverne, der talte svensk helt flydende. Og s\u00e5 synes jeg, at alle caf\u00e9bes\u00f8gene, hvor jeg har talt med mine udvekslingselever om livet, har v\u00e6ret virkelig sk\u00f8nne.<\/p>\n<p><strong>Kan du anbefale at blive lokal koordinator?<\/strong><br\/>Helt sikkert! Det er et fantastisk bijob, og det har helt sikkert v\u00e6ret en god oplevelse.<\/p>\n<p><strong>Har du nogle gode r\u00e5d til fremtidige lokale koordinatorer?<\/strong><br\/>Det vigtigste er at v\u00e6re der for udvekslingseleven og v\u00e6rtsfamilien. Pr\u00f8v at lave noget med udvekslingseleven ca. hver anden m\u00e5ned. Det g\u00f8r s\u00e5dan en forskel for, hvordan eleven oplever opholdet, og det er med til at skabe en god relation mellem jer.<\/p>\n<p><strong>Er du stadig i kontakt med nogle af dine gamle udvekslingselever?<\/strong><br\/>Jeg holder kontakten med alle mine gamle elever.<\/p>\n<\/div><\/div><\/div>\n\n","protected":false},"excerpt":{"rendered":"","protected":false},"author":20,"featured_media":15193,"parent":10387,"menu_order":0,"comment_status":"closed","ping_status":"closed","template":"","meta":{"_acf_changed":false,"sts_page_background_color":"","footnotes":""},"wpw_page_folders":[77],"class_list":["post-10421","page","type-page","status-publish","has-post-thumbnail","hentry"],"acf":[],"yoast_head":"<!-- This site is optimized with the Yoast SEO Premium plugin v27.2 (Yoast SEO v27.3) - https:\/\/yoast.com\/product\/yoast-seo-premium-wordpress\/ -->\n<title>Intervju Lucas<\/title>\n<meta name=\"robots\" content=\"index, follow, max-snippet:-1, max-image-preview:large, max-video-preview:-1\" \/>\n<link rel=\"canonical\" href=\"https:\/\/www.sts-education.com\/dk\/om-sts\/karriere\/intervju-lucas\/\" \/>\n<meta property=\"og:locale\" content=\"da_DK\" \/>\n<meta property=\"og:type\" content=\"article\" \/>\n<meta property=\"og:title\" content=\"Intervju Lucas\" \/>\n<meta property=\"og:url\" content=\"https:\/\/www.sts-education.com\/dk\/om-sts\/karriere\/intervju-lucas\/\" \/>\n<meta property=\"og:site_name\" content=\"STS Education\" \/>\n<meta property=\"article:modified_time\" content=\"2026-04-01T02:41:17+00:00\" \/>\n<meta property=\"og:image\" content=\"https:\/\/powered-by.qbank.se\/educatius\/sts\/\/40772d79fcee172a2a2eec9de43b95c2_1-1-thumb.webp\" \/>\n\t<meta property=\"og:image:width\" content=\"150\" \/>\n\t<meta property=\"og:image:height\" content=\"150\" \/>\n\t<meta property=\"og:image:type\" content=\"image\/jpeg\" \/>\n<meta name=\"twitter:card\" content=\"summary_large_image\" \/>\n<meta name=\"twitter:label1\" content=\"Estimeret l\u00e6setid\" \/>\n\t<meta name=\"twitter:data1\" content=\"3 minutter\" \/>\n<script type=\"application\/ld+json\" class=\"yoast-schema-graph\">{\"@context\":\"https:\\\/\\\/schema.org\",\"@graph\":[{\"@type\":\"WebPage\",\"@id\":\"https:\\\/\\\/www.sts-education.com\\\/dk\\\/om-sts\\\/karriere\\\/intervju-lucas\\\/\",\"url\":\"https:\\\/\\\/www.sts-education.com\\\/dk\\\/om-sts\\\/karriere\\\/intervju-lucas\\\/\",\"name\":\"Intervju Lucas\",\"isPartOf\":{\"@id\":\"https:\\\/\\\/www.sts-education.com\\\/dk\\\/#website\"},\"primaryImageOfPage\":{\"@id\":\"https:\\\/\\\/www.sts-education.com\\\/dk\\\/om-sts\\\/karriere\\\/intervju-lucas\\\/#primaryimage\"},\"image\":{\"@id\":\"https:\\\/\\\/www.sts-education.com\\\/dk\\\/om-sts\\\/karriere\\\/intervju-lucas\\\/#primaryimage\"},\"thumbnailUrl\":\"https:\\\/\\\/powered-by.qbank.se\\\/educatius\\\/sts\\\/\\\/40772d79fcee172a2a2eec9de43b95c2_1-1-thumb.webp\",\"datePublished\":\"2025-12-16T10:24:56+00:00\",\"dateModified\":\"2026-04-01T02:41:17+00:00\",\"breadcrumb\":{\"@id\":\"https:\\\/\\\/www.sts-education.com\\\/dk\\\/om-sts\\\/karriere\\\/intervju-lucas\\\/#breadcrumb\"},\"inLanguage\":\"da-DK\",\"potentialAction\":[{\"@type\":\"ReadAction\",\"target\":[\"https:\\\/\\\/www.sts-education.com\\\/dk\\\/om-sts\\\/karriere\\\/intervju-lucas\\\/\"]}]},{\"@type\":\"ImageObject\",\"inLanguage\":\"da-DK\",\"@id\":\"https:\\\/\\\/www.sts-education.com\\\/dk\\\/om-sts\\\/karriere\\\/intervju-lucas\\\/#primaryimage\",\"url\":\"https:\\\/\\\/powered-by.qbank.se\\\/educatius\\\/sts\\\/\\\/40772d79fcee172a2a2eec9de43b95c2_1-1-thumb.webp\",\"contentUrl\":\"https:\\\/\\\/powered-by.qbank.se\\\/educatius\\\/sts\\\/\\\/40772d79fcee172a2a2eec9de43b95c2_1-1-thumb.webp\",\"width\":150,\"height\":150},{\"@type\":\"BreadcrumbList\",\"@id\":\"https:\\\/\\\/www.sts-education.com\\\/dk\\\/om-sts\\\/karriere\\\/intervju-lucas\\\/#breadcrumb\",\"itemListElement\":[{\"@type\":\"ListItem\",\"position\":1,\"name\":\"Home\",\"item\":\"https:\\\/\\\/www.sts-education.com\\\/dk\\\/sample-page\\\/\"},{\"@type\":\"ListItem\",\"position\":2,\"name\":\"Om Sts\",\"item\":\"https:\\\/\\\/www.sts-education.com\\\/dk\\\/om-sts\\\/\"},{\"@type\":\"ListItem\",\"position\":3,\"name\":\"Karriere\",\"item\":\"https:\\\/\\\/www.sts-education.com\\\/dk\\\/om-sts\\\/karriere\\\/\"},{\"@type\":\"ListItem\",\"position\":4,\"name\":\"Intervju Lucas\"}]},{\"@type\":\"WebSite\",\"@id\":\"https:\\\/\\\/www.sts-education.com\\\/dk\\\/#website\",\"url\":\"https:\\\/\\\/www.sts-education.com\\\/dk\\\/\",\"name\":\"STS Education\",\"description\":\"\",\"potentialAction\":[{\"@type\":\"SearchAction\",\"target\":{\"@type\":\"EntryPoint\",\"urlTemplate\":\"https:\\\/\\\/www.sts-education.com\\\/dk\\\/?s={search_term_string}\"},\"query-input\":{\"@type\":\"PropertyValueSpecification\",\"valueRequired\":true,\"valueName\":\"search_term_string\"}}],\"inLanguage\":\"da-DK\"}]}<\/script>\n<!-- \/ Yoast SEO Premium plugin. -->","yoast_head_json":{"title":"Intervju Lucas","robots":{"index":"index","follow":"follow","max-snippet":"max-snippet:-1","max-image-preview":"max-image-preview:large","max-video-preview":"max-video-preview:-1"},"canonical":"https:\/\/www.sts-education.com\/dk\/om-sts\/karriere\/intervju-lucas\/","og_locale":"da_DK","og_type":"article","og_title":"Intervju Lucas","og_url":"https:\/\/www.sts-education.com\/dk\/om-sts\/karriere\/intervju-lucas\/","og_site_name":"STS Education","article_modified_time":"2026-04-01T02:41:17+00:00","og_image":[{"width":150,"height":150,"url":"https:\/\/powered-by.qbank.se\/educatius\/sts\/\/40772d79fcee172a2a2eec9de43b95c2_1-1-thumb.webp","type":"image\/jpeg"}],"twitter_card":"summary_large_image","twitter_misc":{"Estimeret l\u00e6setid":"3 minutter"},"schema":{"@context":"https:\/\/schema.org","@graph":[{"@type":"WebPage","@id":"https:\/\/www.sts-education.com\/dk\/om-sts\/karriere\/intervju-lucas\/","url":"https:\/\/www.sts-education.com\/dk\/om-sts\/karriere\/intervju-lucas\/","name":"Intervju Lucas","isPartOf":{"@id":"https:\/\/www.sts-education.com\/dk\/#website"},"primaryImageOfPage":{"@id":"https:\/\/www.sts-education.com\/dk\/om-sts\/karriere\/intervju-lucas\/#primaryimage"},"image":{"@id":"https:\/\/www.sts-education.com\/dk\/om-sts\/karriere\/intervju-lucas\/#primaryimage"},"thumbnailUrl":"https:\/\/powered-by.qbank.se\/educatius\/sts\/\/40772d79fcee172a2a2eec9de43b95c2_1-1-thumb.webp","datePublished":"2025-12-16T10:24:56+00:00","dateModified":"2026-04-01T02:41:17+00:00","breadcrumb":{"@id":"https:\/\/www.sts-education.com\/dk\/om-sts\/karriere\/intervju-lucas\/#breadcrumb"},"inLanguage":"da-DK","potentialAction":[{"@type":"ReadAction","target":["https:\/\/www.sts-education.com\/dk\/om-sts\/karriere\/intervju-lucas\/"]}]},{"@type":"ImageObject","inLanguage":"da-DK","@id":"https:\/\/www.sts-education.com\/dk\/om-sts\/karriere\/intervju-lucas\/#primaryimage","url":"https:\/\/powered-by.qbank.se\/educatius\/sts\/\/40772d79fcee172a2a2eec9de43b95c2_1-1-thumb.webp","contentUrl":"https:\/\/powered-by.qbank.se\/educatius\/sts\/\/40772d79fcee172a2a2eec9de43b95c2_1-1-thumb.webp","width":150,"height":150},{"@type":"BreadcrumbList","@id":"https:\/\/www.sts-education.com\/dk\/om-sts\/karriere\/intervju-lucas\/#breadcrumb","itemListElement":[{"@type":"ListItem","position":1,"name":"Home","item":"https:\/\/www.sts-education.com\/dk\/sample-page\/"},{"@type":"ListItem","position":2,"name":"Om Sts","item":"https:\/\/www.sts-education.com\/dk\/om-sts\/"},{"@type":"ListItem","position":3,"name":"Karriere","item":"https:\/\/www.sts-education.com\/dk\/om-sts\/karriere\/"},{"@type":"ListItem","position":4,"name":"Intervju Lucas"}]},{"@type":"WebSite","@id":"https:\/\/www.sts-education.com\/dk\/#website","url":"https:\/\/www.sts-education.com\/dk\/","name":"STS Education","description":"","potentialAction":[{"@type":"SearchAction","target":{"@type":"EntryPoint","urlTemplate":"https:\/\/www.sts-education.com\/dk\/?s={search_term_string}"},"query-input":{"@type":"PropertyValueSpecification","valueRequired":true,"valueName":"search_term_string"}}],"inLanguage":"da-DK"}]}},"_links":{"self":[{"href":"https:\/\/www.sts-education.com\/dk\/wp-json\/wp\/v2\/pages\/10421","targetHints":{"allow":["GET"]}}],"collection":[{"href":"https:\/\/www.sts-education.com\/dk\/wp-json\/wp\/v2\/pages"}],"about":[{"href":"https:\/\/www.sts-education.com\/dk\/wp-json\/wp\/v2\/types\/page"}],"author":[{"embeddable":true,"href":"https:\/\/www.sts-education.com\/dk\/wp-json\/wp\/v2\/users\/20"}],"replies":[{"embeddable":true,"href":"https:\/\/www.sts-education.com\/dk\/wp-json\/wp\/v2\/comments?post=10421"}],"version-history":[{"count":2,"href":"https:\/\/www.sts-education.com\/dk\/wp-json\/wp\/v2\/pages\/10421\/revisions"}],"predecessor-version":[{"id":20570,"href":"https:\/\/www.sts-education.com\/dk\/wp-json\/wp\/v2\/pages\/10421\/revisions\/20570"}],"up":[{"embeddable":true,"href":"https:\/\/www.sts-education.com\/dk\/wp-json\/wp\/v2\/pages\/10387"}],"wp:featuredmedia":[{"embeddable":true,"href":"https:\/\/www.sts-education.com\/dk\/wp-json\/wp\/v2\/media\/15193"}],"wp:attachment":[{"href":"https:\/\/www.sts-education.com\/dk\/wp-json\/wp\/v2\/media?parent=10421"}],"wp:term":[{"taxonomy":"wpw_page_folders","embeddable":true,"href":"https:\/\/www.sts-education.com\/dk\/wp-json\/wp\/v2\/wpw_page_folders?post=10421"}],"curies":[{"name":"wp","href":"https:\/\/api.w.org\/{rel}","templated":true}]}}