{"id":10423,"date":"2019-03-12T11:16:57","date_gmt":"2019-03-12T11:16:57","guid":{"rendered":"https:\/\/preprod.sts-education.com\/vartsfamilie\/elever\/kommende-sts-udvekslingselever\/"},"modified":"2026-04-15T09:39:17","modified_gmt":"2026-04-15T09:39:17","slug":"kommende-sts-udvekslingselever","status":"publish","type":"page","link":"https:\/\/www.sts-education.com\/dk\/vartsfamilie\/elever\/kommende-sts-udvekslingselever\/","title":{"rendered":"Kommende Sts Udvekslingselever"},"content":{"rendered":"\n<section class=\"wp-block-sts-hero sts-block-hero is-variant-full-background has-text-light has-background-media\" style=\"--sts-hero-padding-mobile:0px;--sts-hero-padding-desktop:0px;--sts-hero-text-color:var(--wp--preset--color--base-10, #fff);\" data-variant=\"full-background\"><div class=\"sts-block-hero__background\"><picture class=\"sts-responsive-image has-fit-cover is-skeleton\"><img src=\"https:\/\/cdn.sts-education.com\/11167_hero_lg_xl.jpg\" alt=\"Kommende STS udvekslingselever\" loading=\"lazy\" decoding=\"async\" fetchpriority=\"low\" sizes=\"100vw\" \/><\/picture><span class=\"sts-block-hero__overlay\" aria-hidden=\"true\"><\/span><\/div><div class=\"sts-block-hero__inner\"><div class=\"sts-block-hero__content has-align-center\"><div class=\"sts-block-hero__content-inner\"><h1 class=\"sts-block-hero__heading\">Kommende STS udvekslingselever<\/h1><\/div><\/div><\/div><\/section>\n\n\n\n<div class=\"wp-block-sts-text sts-text-editor has-max-width-md\"><div class=\"sts-text-editor__content\"><div class=\"sts-text-editor__content-inner\">\n<p>Har du hjertet p\u00e5 rette sted og har lyst til at byde en udvekslingselev indenfor i dit hjem? Eller kender du nogen, der kunne have lyst til det? Vil du gerne l\u00e6re mere om en anden kultur og f\u00e5 en ven for livet? Vi s\u00f8ger dedikerede familier til vores udvekslingselever, der kommer til Danmark fra hele verden. Fort\u00e6l os her, at du er interesseret i at blive v\u00e6rtsfamilie. Din henvendelse er selvf\u00f8lgelig helt uforpligtende.<\/p>\n\n<p>Til efter\u00e5ret kommer vores nye udvekslingselever til Danmark fra USA, New Zealand, Sverige, Italien og andre lande. Selvf\u00f8lgelig f\u00e5r du som v\u00e6rtsfamilie lov til at v\u00e6lge, hvilken udvekslingselev du gerne vil invitere ind i dit hjem, s\u00e5 grib chancen, l\u00e6s mere, og l\u00e6r vores udvekslingselever at kende for at se, om en af dem kunne passe ind i din familie!<\/p>\n\n<p>Og tilmeld dig et af vores <a href=\"https:\/\/www.sts-education.com\/dk\/fordele-ved-at-vaere-vaertsfamilie\/mod-sts\/\">webinar<\/a>, hvor vi fort\u00e6ller mere om, hvordan det er at v\u00e6re v\u00e6rtsfamilie. Du kan ogs\u00e5 l\u00e6se vores <a href=\"https:\/\/www.sts-education.com\/dk\/vartsfamilie\/faq\/\">ofte stillede sp\u00f8rgsm\u00e5l<\/a> og om vores <a href=\"https:\/\/www.sts-education.com\/dk\/vartsfamilie\/family-stories\/tidligere-vartsfamilier-fortaller\/\">tidligere v\u00e6rtsfamiliers oplevelser<\/a>.<\/p>\n<\/div><\/div><\/div>\n","protected":false},"excerpt":{"rendered":"","protected":false},"author":20,"featured_media":0,"parent":10422,"menu_order":0,"comment_status":"closed","ping_status":"closed","template":"","meta":{"_acf_changed":false,"sts_page_background_color":"","footnotes":""},"wpw_page_folders":[89],"class_list":["post-10423","page","type-page","status-publish","hentry"],"acf":[],"yoast_head":"<!-- This site is optimized with the Yoast SEO Premium plugin v27.2 (Yoast SEO v27.3) - https:\/\/yoast.com\/product\/yoast-seo-premium-wordpress\/ -->\n<title>L\u00e6r vores elever fra hele verden at kende<\/title>\n<meta name=\"description\" content=\"Er du interesseret i at blive v\u00e6rtsfamilie for en udvekslingselev? L\u00e6s mere om vores elever og opdag deres personlige hilsner her.\" \/>\n<meta name=\"robots\" content=\"index, follow, max-snippet:-1, max-image-preview:large, max-video-preview:-1\" \/>\n<link rel=\"canonical\" href=\"https:\/\/www.sts-education.com\/dk\/vartsfamilie\/elever\/kommende-sts-udvekslingselever\/\" \/>\n<meta property=\"og:locale\" content=\"da_DK\" \/>\n<meta property=\"og:type\" content=\"article\" \/>\n<meta property=\"og:title\" content=\"Kommende Sts Udvekslingselever\" \/>\n<meta property=\"og:description\" content=\"Er du interesseret i at blive v\u00e6rtsfamilie for en udvekslingselev? L\u00e6s mere om vores elever og opdag deres personlige hilsner her.\" \/>\n<meta property=\"og:url\" content=\"https:\/\/www.sts-education.com\/dk\/vartsfamilie\/elever\/kommende-sts-udvekslingselever\/\" \/>\n<meta property=\"og:site_name\" content=\"STS Education\" \/>\n<meta property=\"article:modified_time\" content=\"2026-04-15T09:39:17+00:00\" \/>\n<meta property=\"og:image\" content=\"https:\/\/cdn.sts-education.com\/11167_hero_lg_xl.jpg\" \/>\n<meta name=\"twitter:card\" content=\"summary_large_image\" \/>\n<meta name=\"twitter:label1\" content=\"Estimeret l\u00e6setid\" \/>\n\t<meta name=\"twitter:data1\" content=\"1 minut\" \/>\n<script type=\"application\/ld+json\" class=\"yoast-schema-graph\">{\"@context\":\"https:\\\/\\\/schema.org\",\"@graph\":[{\"@type\":\"WebPage\",\"@id\":\"https:\\\/\\\/www.sts-education.com\\\/dk\\\/vartsfamilie\\\/elever\\\/kommende-sts-udvekslingselever\\\/\",\"url\":\"https:\\\/\\\/www.sts-education.com\\\/dk\\\/vartsfamilie\\\/elever\\\/kommende-sts-udvekslingselever\\\/\",\"name\":\"L\u00e6r vores elever fra hele verden at kende\",\"isPartOf\":{\"@id\":\"https:\\\/\\\/www.sts-education.com\\\/dk\\\/#website\"},\"primaryImageOfPage\":{\"@id\":\"https:\\\/\\\/www.sts-education.com\\\/dk\\\/vartsfamilie\\\/elever\\\/kommende-sts-udvekslingselever\\\/#primaryimage\"},\"image\":{\"@id\":\"https:\\\/\\\/www.sts-education.com\\\/dk\\\/vartsfamilie\\\/elever\\\/kommende-sts-udvekslingselever\\\/#primaryimage\"},\"thumbnailUrl\":\"https:\\\/\\\/cdn.sts-education.com\\\/11167_hero_lg_xl.jpg\",\"datePublished\":\"2019-03-12T11:16:57+00:00\",\"dateModified\":\"2026-04-15T09:39:17+00:00\",\"description\":\"Er du interesseret i at blive v\u00e6rtsfamilie for en udvekslingselev? L\u00e6s mere om vores elever og opdag deres personlige hilsner her.\",\"breadcrumb\":{\"@id\":\"https:\\\/\\\/www.sts-education.com\\\/dk\\\/vartsfamilie\\\/elever\\\/kommende-sts-udvekslingselever\\\/#breadcrumb\"},\"inLanguage\":\"da-DK\",\"potentialAction\":[{\"@type\":\"ReadAction\",\"target\":[\"https:\\\/\\\/www.sts-education.com\\\/dk\\\/vartsfamilie\\\/elever\\\/kommende-sts-udvekslingselever\\\/\"]}]},{\"@type\":\"ImageObject\",\"inLanguage\":\"da-DK\",\"@id\":\"https:\\\/\\\/www.sts-education.com\\\/dk\\\/vartsfamilie\\\/elever\\\/kommende-sts-udvekslingselever\\\/#primaryimage\",\"url\":\"https:\\\/\\\/cdn.sts-education.com\\\/11167_hero_lg_xl.jpg\",\"contentUrl\":\"https:\\\/\\\/cdn.sts-education.com\\\/11167_hero_lg_xl.jpg\"},{\"@type\":\"BreadcrumbList\",\"@id\":\"https:\\\/\\\/www.sts-education.com\\\/dk\\\/vartsfamilie\\\/elever\\\/kommende-sts-udvekslingselever\\\/#breadcrumb\",\"itemListElement\":[{\"@type\":\"ListItem\",\"position\":1,\"name\":\"Home\",\"item\":\"https:\\\/\\\/www.sts-education.com\\\/dk\\\/sample-page\\\/\"},{\"@type\":\"ListItem\",\"position\":2,\"name\":\"Vartsfamilie\",\"item\":\"https:\\\/\\\/www.sts-education.com\\\/dk\\\/vartsfamilie\\\/\"},{\"@type\":\"ListItem\",\"position\":3,\"name\":\"Elever\",\"item\":\"https:\\\/\\\/www.sts-education.com\\\/dk\\\/vartsfamilie\\\/elever\\\/\"},{\"@type\":\"ListItem\",\"position\":4,\"name\":\"Kommende Sts Udvekslingselever\"}]},{\"@type\":\"WebSite\",\"@id\":\"https:\\\/\\\/www.sts-education.com\\\/dk\\\/#website\",\"url\":\"https:\\\/\\\/www.sts-education.com\\\/dk\\\/\",\"name\":\"STS Education\",\"description\":\"\",\"potentialAction\":[{\"@type\":\"SearchAction\",\"target\":{\"@type\":\"EntryPoint\",\"urlTemplate\":\"https:\\\/\\\/www.sts-education.com\\\/dk\\\/?s={search_term_string}\"},\"query-input\":{\"@type\":\"PropertyValueSpecification\",\"valueRequired\":true,\"valueName\":\"search_term_string\"}}],\"inLanguage\":\"da-DK\"}]}<\/script>\n<!-- \/ Yoast SEO Premium plugin. -->","yoast_head_json":{"title":"L\u00e6r vores elever fra hele verden at kende","description":"Er du interesseret i at blive v\u00e6rtsfamilie for en udvekslingselev? L\u00e6s mere om vores elever og opdag deres personlige hilsner her.","robots":{"index":"index","follow":"follow","max-snippet":"max-snippet:-1","max-image-preview":"max-image-preview:large","max-video-preview":"max-video-preview:-1"},"canonical":"https:\/\/www.sts-education.com\/dk\/vartsfamilie\/elever\/kommende-sts-udvekslingselever\/","og_locale":"da_DK","og_type":"article","og_title":"Kommende Sts Udvekslingselever","og_description":"Er du interesseret i at blive v\u00e6rtsfamilie for en udvekslingselev? L\u00e6s mere om vores elever og opdag deres personlige hilsner her.","og_url":"https:\/\/www.sts-education.com\/dk\/vartsfamilie\/elever\/kommende-sts-udvekslingselever\/","og_site_name":"STS Education","article_modified_time":"2026-04-15T09:39:17+00:00","og_image":[{"url":"https:\/\/cdn.sts-education.com\/11167_hero_lg_xl.jpg","type":"","width":"","height":""}],"twitter_card":"summary_large_image","twitter_misc":{"Estimeret l\u00e6setid":"1 minut"},"schema":{"@context":"https:\/\/schema.org","@graph":[{"@type":"WebPage","@id":"https:\/\/www.sts-education.com\/dk\/vartsfamilie\/elever\/kommende-sts-udvekslingselever\/","url":"https:\/\/www.sts-education.com\/dk\/vartsfamilie\/elever\/kommende-sts-udvekslingselever\/","name":"L\u00e6r vores elever fra hele verden at kende","isPartOf":{"@id":"https:\/\/www.sts-education.com\/dk\/#website"},"primaryImageOfPage":{"@id":"https:\/\/www.sts-education.com\/dk\/vartsfamilie\/elever\/kommende-sts-udvekslingselever\/#primaryimage"},"image":{"@id":"https:\/\/www.sts-education.com\/dk\/vartsfamilie\/elever\/kommende-sts-udvekslingselever\/#primaryimage"},"thumbnailUrl":"https:\/\/cdn.sts-education.com\/11167_hero_lg_xl.jpg","datePublished":"2019-03-12T11:16:57+00:00","dateModified":"2026-04-15T09:39:17+00:00","description":"Er du interesseret i at blive v\u00e6rtsfamilie for en udvekslingselev? L\u00e6s mere om vores elever og opdag deres personlige hilsner her.","breadcrumb":{"@id":"https:\/\/www.sts-education.com\/dk\/vartsfamilie\/elever\/kommende-sts-udvekslingselever\/#breadcrumb"},"inLanguage":"da-DK","potentialAction":[{"@type":"ReadAction","target":["https:\/\/www.sts-education.com\/dk\/vartsfamilie\/elever\/kommende-sts-udvekslingselever\/"]}]},{"@type":"ImageObject","inLanguage":"da-DK","@id":"https:\/\/www.sts-education.com\/dk\/vartsfamilie\/elever\/kommende-sts-udvekslingselever\/#primaryimage","url":"https:\/\/cdn.sts-education.com\/11167_hero_lg_xl.jpg","contentUrl":"https:\/\/cdn.sts-education.com\/11167_hero_lg_xl.jpg"},{"@type":"BreadcrumbList","@id":"https:\/\/www.sts-education.com\/dk\/vartsfamilie\/elever\/kommende-sts-udvekslingselever\/#breadcrumb","itemListElement":[{"@type":"ListItem","position":1,"name":"Home","item":"https:\/\/www.sts-education.com\/dk\/sample-page\/"},{"@type":"ListItem","position":2,"name":"Vartsfamilie","item":"https:\/\/www.sts-education.com\/dk\/vartsfamilie\/"},{"@type":"ListItem","position":3,"name":"Elever","item":"https:\/\/www.sts-education.com\/dk\/vartsfamilie\/elever\/"},{"@type":"ListItem","position":4,"name":"Kommende Sts Udvekslingselever"}]},{"@type":"WebSite","@id":"https:\/\/www.sts-education.com\/dk\/#website","url":"https:\/\/www.sts-education.com\/dk\/","name":"STS Education","description":"","potentialAction":[{"@type":"SearchAction","target":{"@type":"EntryPoint","urlTemplate":"https:\/\/www.sts-education.com\/dk\/?s={search_term_string}"},"query-input":{"@type":"PropertyValueSpecification","valueRequired":true,"valueName":"search_term_string"}}],"inLanguage":"da-DK"}]}},"_links":{"self":[{"href":"https:\/\/www.sts-education.com\/dk\/wp-json\/wp\/v2\/pages\/10423","targetHints":{"allow":["GET"]}}],"collection":[{"href":"https:\/\/www.sts-education.com\/dk\/wp-json\/wp\/v2\/pages"}],"about":[{"href":"https:\/\/www.sts-education.com\/dk\/wp-json\/wp\/v2\/types\/page"}],"author":[{"embeddable":true,"href":"https:\/\/www.sts-education.com\/dk\/wp-json\/wp\/v2\/users\/20"}],"replies":[{"embeddable":true,"href":"https:\/\/www.sts-education.com\/dk\/wp-json\/wp\/v2\/comments?post=10423"}],"version-history":[{"count":5,"href":"https:\/\/www.sts-education.com\/dk\/wp-json\/wp\/v2\/pages\/10423\/revisions"}],"predecessor-version":[{"id":35568,"href":"https:\/\/www.sts-education.com\/dk\/wp-json\/wp\/v2\/pages\/10423\/revisions\/35568"}],"up":[{"embeddable":true,"href":"https:\/\/www.sts-education.com\/dk\/wp-json\/wp\/v2\/pages\/10422"}],"wp:attachment":[{"href":"https:\/\/www.sts-education.com\/dk\/wp-json\/wp\/v2\/media?parent=10423"}],"wp:term":[{"taxonomy":"wpw_page_folders","embeddable":true,"href":"https:\/\/www.sts-education.com\/dk\/wp-json\/wp\/v2\/wpw_page_folders?post=10423"}],"curies":[{"name":"wp","href":"https:\/\/api.w.org\/{rel}","templated":true}]}}