{"id":10426,"date":"2019-03-12T10:34:46","date_gmt":"2019-03-12T10:34:46","guid":{"rendered":"https:\/\/preprod.sts-education.com\/vartsfamilie\/fordele-ved-at-vaere-vaertsfamilie\/kompensation-host-and-go\/"},"modified":"2026-04-03T13:10:55","modified_gmt":"2026-04-03T13:10:55","slug":"kompensation-host-and-go","status":"publish","type":"page","link":"https:\/\/www.sts-education.com\/dk\/vartsfamilie\/fordele-ved-at-vaere-vaertsfamilie\/kompensation-host-and-go\/","title":{"rendered":"Kompensation Host And Go"},"content":{"rendered":"\n<section class=\"wp-block-sts-hero sts-block-hero is-variant-full-background has-text-light has-background-media\" style=\"--sts-hero-padding-mobile:0px;--sts-hero-padding-desktop:0px;--sts-hero-text-color:var(--wp--preset--color--base-10, #fff);\" data-variant=\"full-background\"><div class=\"sts-block-hero__background\"><picture class=\"sts-responsive-image has-fit-cover is-skeleton\"><img src=\"https:\/\/cdn.sts-education.com\/12231_hero_lg_xl.jpg\" alt=\"Bliv v\u00e6rtsfamilie med Host &amp; Go\" loading=\"lazy\" decoding=\"async\" fetchpriority=\"low\" sizes=\"100vw\" \/><\/picture><span class=\"sts-block-hero__overlay\" aria-hidden=\"true\"><\/span><\/div><div class=\"sts-block-hero__inner\"><div class=\"sts-block-hero__content has-align-center\"><div class=\"sts-block-hero__content-inner\"><h1 class=\"sts-block-hero__heading\">Bliv v\u00e6rtsfamilie med Host &amp; Go<\/h1><\/div><\/div><\/div><\/section>\n\n\n\n<div class=\"wp-block-sts-text sts-text-editor has-max-width-md\"><div class=\"sts-text-editor__content\"><div class=\"sts-text-editor__content-inner\">\n<p>Vil dit barn gerne p\u00e5 udveksling med STS, og kunne du forestille dig at byde verden indenfor i dit hjem samtidigt? Perfekt! Lige nu tilbyder vi med Host &amp; Go en besparelse p\u00e5 op til <strong>4000 kr<\/strong> til familier, der er v\u00e6rt for en udvekslingselev i ti m\u00e5neder, og <strong>2500 kr<\/strong> til familier, der er v\u00e6rt i fem m\u00e5neder, mens deres barn selv er p\u00e5 udveksling med STS. Derudover vil du ogs\u00e5 modtage en m\u00e5nedlig kompensation som tak for din g\u00e6stfrihed, mens den studerende bor hos dig.<\/p>\n\n<p>Som v\u00e6rtsfamilie er du en stor del af elevens oplevelse i dit land, hvor du f\u00e5r mulighed for at at se eleven udvikle sig og l\u00e6re dit sprog. Ved at v\u00e6re v\u00e6rtsfamilie, mens dit barn g\u00e5r p\u00e5 high school i udlandet, f\u00e5r hele familien en kulturel oplevelse. Denne uvurderlige oplevelse byder p\u00e5 nye perspektiver og livslange venskaber.<\/p>\n\n<h2>Benyt Host &amp; Go b\u00e5de f\u00f8r og efter<\/h2>\n\n<p>Vil du gerne v\u00e6re v\u00e6rtsfamilie, inden dit barn tager p\u00e5 udveksling, og vil du gerne forberede dig og l\u00e6re mere om, hvad det involverer? Intet problem! Du kan benytte Host &amp; Go op til tre \u00e5r efter, du har v\u00e6ret v\u00e6rtsfamilie i mindst fem m\u00e5neder. Hvis du gerne vil v\u00e6re v\u00e6rtsfamilie, efter dit barn har v\u00e6ret p\u00e5 udveksling et \u00e5r, kan du ogs\u00e5 benytte Host &amp; Go op til tre \u00e5r efter, at dit barn er kommet hjem.<\/p>\n\n<p>Den udvekslingselev, du er v\u00e6rt for, er selv ansvarlig for udgifter til fx buskort, toiletartikler, t\u00f8j og fritidsaktiviteter. Du er kun ansvarlig for kost og logi.<\/p>\n\n<p>Kontakt os, hvis du vil vide mere om Host &amp; Go. Du kan kontakte os ved at ringe p\u00e5 tlf. 44 40 44 47, sende en e-mail til <a href=\"mailto:host.nordics@sts-education.com\">host.nordics@sts-education.com<\/a> eller udfylde formularen nedenfor.<\/p>\n<\/div><\/div><\/div>\n\n","protected":false},"excerpt":{"rendered":"","protected":false},"author":20,"featured_media":0,"parent":27795,"menu_order":0,"comment_status":"closed","ping_status":"closed","template":"","meta":{"_acf_changed":false,"sts_page_background_color":"","footnotes":""},"wpw_page_folders":[89],"class_list":["post-10426","page","type-page","status-publish","hentry"],"acf":[],"yoast_head":"<!-- This site is optimized with the Yoast SEO Premium plugin v27.2 (Yoast SEO v27.3) - https:\/\/yoast.com\/product\/yoast-seo-premium-wordpress\/ -->\n<title>Kompensation \u2013 host and go<\/title>\n<meta name=\"description\" content=\"Hvis du har b\u00f8rn, som gerne vil p\u00e5 high school i udlandet, giver vi dig op til 10.000 kr. i rabat som en \u201dHost &amp; Go\u201d rabat, hvis du bliver v\u00e6rtsfamilie for en udvekslingselev i dit hjemland.\" \/>\n<meta name=\"robots\" content=\"index, follow, max-snippet:-1, max-image-preview:large, max-video-preview:-1\" \/>\n<link rel=\"canonical\" href=\"https:\/\/www.sts-education.com\/dk\/vartsfamilie\/fordele-ved-at-vaere-vaertsfamilie\/kompensation-host-and-go\/\" \/>\n<meta property=\"og:locale\" content=\"da_DK\" \/>\n<meta property=\"og:type\" content=\"article\" \/>\n<meta property=\"og:title\" content=\"Kompensation Host And Go\" \/>\n<meta property=\"og:description\" content=\"Hvis du har b\u00f8rn, som gerne vil p\u00e5 high school i udlandet, giver vi dig op til 10.000 kr. i rabat som en \u201dHost &amp; Go\u201d rabat, hvis du bliver v\u00e6rtsfamilie for en udvekslingselev i dit hjemland.\" \/>\n<meta property=\"og:url\" content=\"https:\/\/www.sts-education.com\/dk\/vartsfamilie\/fordele-ved-at-vaere-vaertsfamilie\/kompensation-host-and-go\/\" \/>\n<meta property=\"og:site_name\" content=\"STS Education\" \/>\n<meta property=\"article:modified_time\" content=\"2026-04-03T13:10:55+00:00\" \/>\n<meta property=\"og:image\" content=\"https:\/\/cdn.sts-education.com\/12231_hero_lg_xl.jpg\" \/>\n<meta name=\"twitter:card\" content=\"summary_large_image\" \/>\n<meta name=\"twitter:label1\" content=\"Estimeret l\u00e6setid\" \/>\n\t<meta name=\"twitter:data1\" content=\"2 minutter\" \/>\n<script type=\"application\/ld+json\" class=\"yoast-schema-graph\">{\"@context\":\"https:\\\/\\\/schema.org\",\"@graph\":[{\"@type\":\"WebPage\",\"@id\":\"https:\\\/\\\/www.sts-education.com\\\/dk\\\/vartsfamilie\\\/fordele-ved-at-vaere-vaertsfamilie\\\/kompensation-host-and-go\\\/\",\"url\":\"https:\\\/\\\/www.sts-education.com\\\/dk\\\/vartsfamilie\\\/fordele-ved-at-vaere-vaertsfamilie\\\/kompensation-host-and-go\\\/\",\"name\":\"Kompensation \u2013 host and go\",\"isPartOf\":{\"@id\":\"https:\\\/\\\/www.sts-education.com\\\/dk\\\/#website\"},\"primaryImageOfPage\":{\"@id\":\"https:\\\/\\\/www.sts-education.com\\\/dk\\\/vartsfamilie\\\/fordele-ved-at-vaere-vaertsfamilie\\\/kompensation-host-and-go\\\/#primaryimage\"},\"image\":{\"@id\":\"https:\\\/\\\/www.sts-education.com\\\/dk\\\/vartsfamilie\\\/fordele-ved-at-vaere-vaertsfamilie\\\/kompensation-host-and-go\\\/#primaryimage\"},\"thumbnailUrl\":\"https:\\\/\\\/cdn.sts-education.com\\\/12231_hero_lg_xl.jpg\",\"datePublished\":\"2019-03-12T10:34:46+00:00\",\"dateModified\":\"2026-04-03T13:10:55+00:00\",\"description\":\"Hvis du har b\u00f8rn, som gerne vil p\u00e5 high school i udlandet, giver vi dig op til 10.000 kr. i rabat som en \u201dHost & Go\u201d rabat, hvis du bliver v\u00e6rtsfamilie for en udvekslingselev i dit hjemland.\",\"breadcrumb\":{\"@id\":\"https:\\\/\\\/www.sts-education.com\\\/dk\\\/vartsfamilie\\\/fordele-ved-at-vaere-vaertsfamilie\\\/kompensation-host-and-go\\\/#breadcrumb\"},\"inLanguage\":\"da-DK\",\"potentialAction\":[{\"@type\":\"ReadAction\",\"target\":[\"https:\\\/\\\/www.sts-education.com\\\/dk\\\/vartsfamilie\\\/fordele-ved-at-vaere-vaertsfamilie\\\/kompensation-host-and-go\\\/\"]}]},{\"@type\":\"ImageObject\",\"inLanguage\":\"da-DK\",\"@id\":\"https:\\\/\\\/www.sts-education.com\\\/dk\\\/vartsfamilie\\\/fordele-ved-at-vaere-vaertsfamilie\\\/kompensation-host-and-go\\\/#primaryimage\",\"url\":\"https:\\\/\\\/cdn.sts-education.com\\\/12231_hero_lg_xl.jpg\",\"contentUrl\":\"https:\\\/\\\/cdn.sts-education.com\\\/12231_hero_lg_xl.jpg\"},{\"@type\":\"BreadcrumbList\",\"@id\":\"https:\\\/\\\/www.sts-education.com\\\/dk\\\/vartsfamilie\\\/fordele-ved-at-vaere-vaertsfamilie\\\/kompensation-host-and-go\\\/#breadcrumb\",\"itemListElement\":[{\"@type\":\"ListItem\",\"position\":1,\"name\":\"Home\",\"item\":\"https:\\\/\\\/www.sts-education.com\\\/dk\\\/sample-page\\\/\"},{\"@type\":\"ListItem\",\"position\":2,\"name\":\"Bliv v\u00e6rtsfamilie\",\"item\":\"https:\\\/\\\/www.sts-education.com\\\/dk\\\/vartsfamilie\\\/\"},{\"@type\":\"ListItem\",\"position\":3,\"name\":\"Fordele Ved At V\u00e6re V\u00e6rtsfamilie\",\"item\":\"https:\\\/\\\/www.sts-education.com\\\/dk\\\/vartsfamilie\\\/fordele-ved-at-vaere-vaertsfamilie\\\/\"},{\"@type\":\"ListItem\",\"position\":4,\"name\":\"Kompensation Host And Go\"}]},{\"@type\":\"WebSite\",\"@id\":\"https:\\\/\\\/www.sts-education.com\\\/dk\\\/#website\",\"url\":\"https:\\\/\\\/www.sts-education.com\\\/dk\\\/\",\"name\":\"STS Education\",\"description\":\"\",\"potentialAction\":[{\"@type\":\"SearchAction\",\"target\":{\"@type\":\"EntryPoint\",\"urlTemplate\":\"https:\\\/\\\/www.sts-education.com\\\/dk\\\/?s={search_term_string}\"},\"query-input\":{\"@type\":\"PropertyValueSpecification\",\"valueRequired\":true,\"valueName\":\"search_term_string\"}}],\"inLanguage\":\"da-DK\"}]}<\/script>\n<!-- \/ Yoast SEO Premium plugin. -->","yoast_head_json":{"title":"Kompensation \u2013 host and go","description":"Hvis du har b\u00f8rn, som gerne vil p\u00e5 high school i udlandet, giver vi dig op til 10.000 kr. i rabat som en \u201dHost & Go\u201d rabat, hvis du bliver v\u00e6rtsfamilie for en udvekslingselev i dit hjemland.","robots":{"index":"index","follow":"follow","max-snippet":"max-snippet:-1","max-image-preview":"max-image-preview:large","max-video-preview":"max-video-preview:-1"},"canonical":"https:\/\/www.sts-education.com\/dk\/vartsfamilie\/fordele-ved-at-vaere-vaertsfamilie\/kompensation-host-and-go\/","og_locale":"da_DK","og_type":"article","og_title":"Kompensation Host And Go","og_description":"Hvis du har b\u00f8rn, som gerne vil p\u00e5 high school i udlandet, giver vi dig op til 10.000 kr. i rabat som en \u201dHost & Go\u201d rabat, hvis du bliver v\u00e6rtsfamilie for en udvekslingselev i dit hjemland.","og_url":"https:\/\/www.sts-education.com\/dk\/vartsfamilie\/fordele-ved-at-vaere-vaertsfamilie\/kompensation-host-and-go\/","og_site_name":"STS Education","article_modified_time":"2026-04-03T13:10:55+00:00","og_image":[{"url":"https:\/\/cdn.sts-education.com\/12231_hero_lg_xl.jpg","type":"","width":"","height":""}],"twitter_card":"summary_large_image","twitter_misc":{"Estimeret l\u00e6setid":"2 minutter"},"schema":{"@context":"https:\/\/schema.org","@graph":[{"@type":"WebPage","@id":"https:\/\/www.sts-education.com\/dk\/vartsfamilie\/fordele-ved-at-vaere-vaertsfamilie\/kompensation-host-and-go\/","url":"https:\/\/www.sts-education.com\/dk\/vartsfamilie\/fordele-ved-at-vaere-vaertsfamilie\/kompensation-host-and-go\/","name":"Kompensation \u2013 host and go","isPartOf":{"@id":"https:\/\/www.sts-education.com\/dk\/#website"},"primaryImageOfPage":{"@id":"https:\/\/www.sts-education.com\/dk\/vartsfamilie\/fordele-ved-at-vaere-vaertsfamilie\/kompensation-host-and-go\/#primaryimage"},"image":{"@id":"https:\/\/www.sts-education.com\/dk\/vartsfamilie\/fordele-ved-at-vaere-vaertsfamilie\/kompensation-host-and-go\/#primaryimage"},"thumbnailUrl":"https:\/\/cdn.sts-education.com\/12231_hero_lg_xl.jpg","datePublished":"2019-03-12T10:34:46+00:00","dateModified":"2026-04-03T13:10:55+00:00","description":"Hvis du har b\u00f8rn, som gerne vil p\u00e5 high school i udlandet, giver vi dig op til 10.000 kr. i rabat som en \u201dHost & Go\u201d rabat, hvis du bliver v\u00e6rtsfamilie for en udvekslingselev i dit hjemland.","breadcrumb":{"@id":"https:\/\/www.sts-education.com\/dk\/vartsfamilie\/fordele-ved-at-vaere-vaertsfamilie\/kompensation-host-and-go\/#breadcrumb"},"inLanguage":"da-DK","potentialAction":[{"@type":"ReadAction","target":["https:\/\/www.sts-education.com\/dk\/vartsfamilie\/fordele-ved-at-vaere-vaertsfamilie\/kompensation-host-and-go\/"]}]},{"@type":"ImageObject","inLanguage":"da-DK","@id":"https:\/\/www.sts-education.com\/dk\/vartsfamilie\/fordele-ved-at-vaere-vaertsfamilie\/kompensation-host-and-go\/#primaryimage","url":"https:\/\/cdn.sts-education.com\/12231_hero_lg_xl.jpg","contentUrl":"https:\/\/cdn.sts-education.com\/12231_hero_lg_xl.jpg"},{"@type":"BreadcrumbList","@id":"https:\/\/www.sts-education.com\/dk\/vartsfamilie\/fordele-ved-at-vaere-vaertsfamilie\/kompensation-host-and-go\/#breadcrumb","itemListElement":[{"@type":"ListItem","position":1,"name":"Home","item":"https:\/\/www.sts-education.com\/dk\/sample-page\/"},{"@type":"ListItem","position":2,"name":"Bliv v\u00e6rtsfamilie","item":"https:\/\/www.sts-education.com\/dk\/vartsfamilie\/"},{"@type":"ListItem","position":3,"name":"Fordele Ved At V\u00e6re V\u00e6rtsfamilie","item":"https:\/\/www.sts-education.com\/dk\/vartsfamilie\/fordele-ved-at-vaere-vaertsfamilie\/"},{"@type":"ListItem","position":4,"name":"Kompensation Host And Go"}]},{"@type":"WebSite","@id":"https:\/\/www.sts-education.com\/dk\/#website","url":"https:\/\/www.sts-education.com\/dk\/","name":"STS Education","description":"","potentialAction":[{"@type":"SearchAction","target":{"@type":"EntryPoint","urlTemplate":"https:\/\/www.sts-education.com\/dk\/?s={search_term_string}"},"query-input":{"@type":"PropertyValueSpecification","valueRequired":true,"valueName":"search_term_string"}}],"inLanguage":"da-DK"}]}},"_links":{"self":[{"href":"https:\/\/www.sts-education.com\/dk\/wp-json\/wp\/v2\/pages\/10426","targetHints":{"allow":["GET"]}}],"collection":[{"href":"https:\/\/www.sts-education.com\/dk\/wp-json\/wp\/v2\/pages"}],"about":[{"href":"https:\/\/www.sts-education.com\/dk\/wp-json\/wp\/v2\/types\/page"}],"author":[{"embeddable":true,"href":"https:\/\/www.sts-education.com\/dk\/wp-json\/wp\/v2\/users\/20"}],"replies":[{"embeddable":true,"href":"https:\/\/www.sts-education.com\/dk\/wp-json\/wp\/v2\/comments?post=10426"}],"version-history":[{"count":2,"href":"https:\/\/www.sts-education.com\/dk\/wp-json\/wp\/v2\/pages\/10426\/revisions"}],"predecessor-version":[{"id":20603,"href":"https:\/\/www.sts-education.com\/dk\/wp-json\/wp\/v2\/pages\/10426\/revisions\/20603"}],"up":[{"embeddable":true,"href":"https:\/\/www.sts-education.com\/dk\/wp-json\/wp\/v2\/pages\/27795"}],"wp:attachment":[{"href":"https:\/\/www.sts-education.com\/dk\/wp-json\/wp\/v2\/media?parent=10426"}],"wp:term":[{"taxonomy":"wpw_page_folders","embeddable":true,"href":"https:\/\/www.sts-education.com\/dk\/wp-json\/wp\/v2\/wpw_page_folders?post=10426"}],"curies":[{"name":"wp","href":"https:\/\/api.w.org\/{rel}","templated":true}]}}