{"id":10427,"date":"2022-05-04T09:43:40","date_gmt":"2022-05-04T09:43:40","guid":{"rendered":"https:\/\/preprod.sts-education.com\/vartsfamilie\/fordele-ved-at-vaere-vaertsfamilie\/mod-sts\/"},"modified":"2026-04-03T13:11:48","modified_gmt":"2026-04-03T13:11:48","slug":"mod-sts","status":"publish","type":"page","link":"https:\/\/www.sts-education.com\/dk\/vartsfamilie\/fordele-ved-at-vaere-vaertsfamilie\/mod-sts\/","title":{"rendered":"Mod Sts"},"content":{"rendered":"\n<div class=\"wp-block-sts-text sts-text-editor has-max-width-md\"><div class=\"sts-text-editor__content\"><div class=\"sts-text-editor__content-inner\">\n<h1>Deltag i et webinar<\/h1>\n<\/div><\/div><\/div>\n\n\n\n<div class=\"wp-block-sts-text sts-text-editor has-max-width-md\"><div class=\"sts-text-editor__content\"><div class=\"sts-text-editor__content-inner\">\n<p>Overvejer du at blive v\u00e6rtsfamilie for en udvekslingsstudent? Har du sp\u00f8rgsm\u00e5l? S\u00e5 deltag i et webinar, og f\u00e5 alt at vide om det at v\u00e6re v\u00e6rtsfamilie.<\/p>\n<p>P\u00e5 webinaret fort\u00e6ller vi alt om STS, vores v\u00e6rtsfamilieprogram, og hvorfor det at v\u00e6re v\u00e6rtsfamilie kan v\u00e6re det bedste, din familie nogensinde har gjort!<\/p>\n<h2>M\u00f8d os \u2013 og en nuv\u00e6rende v\u00e6rtsfor\u00e6lder<\/h2>\n<p>P\u00e5 webinaret har vi som regel en nuv\u00e6rende v\u00e6rtsfor\u00e6lder og deres udvekslingselev med. De fort\u00e6ller om deres oplevelser, og sammen med os besvarer de alle de sp\u00f8rgsm\u00e5l, du m\u00e5tte have. Nogle gange pr\u00e6senterer vi ogs\u00e5 udvekslingselever, som vi s\u00f8ger v\u00e6rtsfamilier til.<\/p>\n<p>Tag din familie med. Webinarerne er gratis og helt uforpligtende.<\/p>\n<h2>Har du sp\u00f8rgsm\u00e5l, der ikke kan vente?<\/h2>\n<p>Ring til os p\u00e5 tel:44 40 44 47, eller send os en e-mail p\u00e5 <a href=\"mailto:host.nordics@sts-education.com\">host.nordics@sts-education.com<\/a><\/p>\n<p>Og husk \u2013 det her kan v\u00e6re begyndelsen p\u00e5 en vidunderlig tid i dit liv!<\/p>\n<h3>Kommende datoer:<\/h3>\n<\/div><\/div><\/div>\n\n\n<div class=\"sts-block-cards sts-block-cards--listing is-empty has-max-width-md wp-block-sts-cards\"><\/div>","protected":false},"excerpt":{"rendered":"","protected":false},"author":20,"featured_media":0,"parent":27795,"menu_order":0,"comment_status":"closed","ping_status":"closed","template":"","meta":{"_acf_changed":false,"sts_page_background_color":"","footnotes":""},"wpw_page_folders":[89],"class_list":["post-10427","page","type-page","status-publish","hentry"],"acf":[],"yoast_head":"<!-- This site is optimized with the Yoast SEO Premium plugin v27.2 (Yoast SEO v27.3) - https:\/\/yoast.com\/product\/yoast-seo-premium-wordpress\/ -->\n<title>Webinar<\/title>\n<meta name=\"robots\" content=\"index, follow, max-snippet:-1, max-image-preview:large, max-video-preview:-1\" \/>\n<link rel=\"canonical\" href=\"https:\/\/www.sts-education.com\/dk\/vartsfamilie\/fordele-ved-at-vaere-vaertsfamilie\/mod-sts\/\" \/>\n<meta property=\"og:locale\" content=\"da_DK\" \/>\n<meta property=\"og:type\" content=\"article\" \/>\n<meta property=\"og:title\" content=\"Mod Sts\" \/>\n<meta property=\"og:url\" content=\"https:\/\/www.sts-education.com\/dk\/vartsfamilie\/fordele-ved-at-vaere-vaertsfamilie\/mod-sts\/\" \/>\n<meta property=\"og:site_name\" content=\"STS Education\" \/>\n<meta property=\"article:modified_time\" content=\"2026-04-03T13:11:48+00:00\" \/>\n<meta name=\"twitter:card\" content=\"summary_large_image\" \/>\n<meta name=\"twitter:label1\" content=\"Estimeret l\u00e6setid\" \/>\n\t<meta name=\"twitter:data1\" content=\"1 minut\" \/>\n<script type=\"application\/ld+json\" class=\"yoast-schema-graph\">{\"@context\":\"https:\\\/\\\/schema.org\",\"@graph\":[{\"@type\":\"WebPage\",\"@id\":\"https:\\\/\\\/www.sts-education.com\\\/dk\\\/vartsfamilie\\\/fordele-ved-at-vaere-vaertsfamilie\\\/mod-sts\\\/\",\"url\":\"https:\\\/\\\/www.sts-education.com\\\/dk\\\/vartsfamilie\\\/fordele-ved-at-vaere-vaertsfamilie\\\/mod-sts\\\/\",\"name\":\"Webinar\",\"isPartOf\":{\"@id\":\"https:\\\/\\\/www.sts-education.com\\\/dk\\\/#website\"},\"datePublished\":\"2022-05-04T09:43:40+00:00\",\"dateModified\":\"2026-04-03T13:11:48+00:00\",\"breadcrumb\":{\"@id\":\"https:\\\/\\\/www.sts-education.com\\\/dk\\\/vartsfamilie\\\/fordele-ved-at-vaere-vaertsfamilie\\\/mod-sts\\\/#breadcrumb\"},\"inLanguage\":\"da-DK\",\"potentialAction\":[{\"@type\":\"ReadAction\",\"target\":[\"https:\\\/\\\/www.sts-education.com\\\/dk\\\/vartsfamilie\\\/fordele-ved-at-vaere-vaertsfamilie\\\/mod-sts\\\/\"]}]},{\"@type\":\"BreadcrumbList\",\"@id\":\"https:\\\/\\\/www.sts-education.com\\\/dk\\\/vartsfamilie\\\/fordele-ved-at-vaere-vaertsfamilie\\\/mod-sts\\\/#breadcrumb\",\"itemListElement\":[{\"@type\":\"ListItem\",\"position\":1,\"name\":\"Home\",\"item\":\"https:\\\/\\\/www.sts-education.com\\\/dk\\\/sample-page\\\/\"},{\"@type\":\"ListItem\",\"position\":2,\"name\":\"Bliv v\u00e6rtsfamilie\",\"item\":\"https:\\\/\\\/www.sts-education.com\\\/dk\\\/vartsfamilie\\\/\"},{\"@type\":\"ListItem\",\"position\":3,\"name\":\"Fordele Ved At V\u00e6re V\u00e6rtsfamilie\",\"item\":\"https:\\\/\\\/www.sts-education.com\\\/dk\\\/vartsfamilie\\\/fordele-ved-at-vaere-vaertsfamilie\\\/\"},{\"@type\":\"ListItem\",\"position\":4,\"name\":\"Mod Sts\"}]},{\"@type\":\"WebSite\",\"@id\":\"https:\\\/\\\/www.sts-education.com\\\/dk\\\/#website\",\"url\":\"https:\\\/\\\/www.sts-education.com\\\/dk\\\/\",\"name\":\"STS Education\",\"description\":\"\",\"potentialAction\":[{\"@type\":\"SearchAction\",\"target\":{\"@type\":\"EntryPoint\",\"urlTemplate\":\"https:\\\/\\\/www.sts-education.com\\\/dk\\\/?s={search_term_string}\"},\"query-input\":{\"@type\":\"PropertyValueSpecification\",\"valueRequired\":true,\"valueName\":\"search_term_string\"}}],\"inLanguage\":\"da-DK\"}]}<\/script>\n<!-- \/ Yoast SEO Premium plugin. -->","yoast_head_json":{"title":"Webinar","robots":{"index":"index","follow":"follow","max-snippet":"max-snippet:-1","max-image-preview":"max-image-preview:large","max-video-preview":"max-video-preview:-1"},"canonical":"https:\/\/www.sts-education.com\/dk\/vartsfamilie\/fordele-ved-at-vaere-vaertsfamilie\/mod-sts\/","og_locale":"da_DK","og_type":"article","og_title":"Mod Sts","og_url":"https:\/\/www.sts-education.com\/dk\/vartsfamilie\/fordele-ved-at-vaere-vaertsfamilie\/mod-sts\/","og_site_name":"STS Education","article_modified_time":"2026-04-03T13:11:48+00:00","twitter_card":"summary_large_image","twitter_misc":{"Estimeret l\u00e6setid":"1 minut"},"schema":{"@context":"https:\/\/schema.org","@graph":[{"@type":"WebPage","@id":"https:\/\/www.sts-education.com\/dk\/vartsfamilie\/fordele-ved-at-vaere-vaertsfamilie\/mod-sts\/","url":"https:\/\/www.sts-education.com\/dk\/vartsfamilie\/fordele-ved-at-vaere-vaertsfamilie\/mod-sts\/","name":"Webinar","isPartOf":{"@id":"https:\/\/www.sts-education.com\/dk\/#website"},"datePublished":"2022-05-04T09:43:40+00:00","dateModified":"2026-04-03T13:11:48+00:00","breadcrumb":{"@id":"https:\/\/www.sts-education.com\/dk\/vartsfamilie\/fordele-ved-at-vaere-vaertsfamilie\/mod-sts\/#breadcrumb"},"inLanguage":"da-DK","potentialAction":[{"@type":"ReadAction","target":["https:\/\/www.sts-education.com\/dk\/vartsfamilie\/fordele-ved-at-vaere-vaertsfamilie\/mod-sts\/"]}]},{"@type":"BreadcrumbList","@id":"https:\/\/www.sts-education.com\/dk\/vartsfamilie\/fordele-ved-at-vaere-vaertsfamilie\/mod-sts\/#breadcrumb","itemListElement":[{"@type":"ListItem","position":1,"name":"Home","item":"https:\/\/www.sts-education.com\/dk\/sample-page\/"},{"@type":"ListItem","position":2,"name":"Bliv v\u00e6rtsfamilie","item":"https:\/\/www.sts-education.com\/dk\/vartsfamilie\/"},{"@type":"ListItem","position":3,"name":"Fordele Ved At V\u00e6re V\u00e6rtsfamilie","item":"https:\/\/www.sts-education.com\/dk\/vartsfamilie\/fordele-ved-at-vaere-vaertsfamilie\/"},{"@type":"ListItem","position":4,"name":"Mod Sts"}]},{"@type":"WebSite","@id":"https:\/\/www.sts-education.com\/dk\/#website","url":"https:\/\/www.sts-education.com\/dk\/","name":"STS Education","description":"","potentialAction":[{"@type":"SearchAction","target":{"@type":"EntryPoint","urlTemplate":"https:\/\/www.sts-education.com\/dk\/?s={search_term_string}"},"query-input":{"@type":"PropertyValueSpecification","valueRequired":true,"valueName":"search_term_string"}}],"inLanguage":"da-DK"}]}},"_links":{"self":[{"href":"https:\/\/www.sts-education.com\/dk\/wp-json\/wp\/v2\/pages\/10427","targetHints":{"allow":["GET"]}}],"collection":[{"href":"https:\/\/www.sts-education.com\/dk\/wp-json\/wp\/v2\/pages"}],"about":[{"href":"https:\/\/www.sts-education.com\/dk\/wp-json\/wp\/v2\/types\/page"}],"author":[{"embeddable":true,"href":"https:\/\/www.sts-education.com\/dk\/wp-json\/wp\/v2\/users\/20"}],"replies":[{"embeddable":true,"href":"https:\/\/www.sts-education.com\/dk\/wp-json\/wp\/v2\/comments?post=10427"}],"version-history":[{"count":3,"href":"https:\/\/www.sts-education.com\/dk\/wp-json\/wp\/v2\/pages\/10427\/revisions"}],"predecessor-version":[{"id":27828,"href":"https:\/\/www.sts-education.com\/dk\/wp-json\/wp\/v2\/pages\/10427\/revisions\/27828"}],"up":[{"embeddable":true,"href":"https:\/\/www.sts-education.com\/dk\/wp-json\/wp\/v2\/pages\/27795"}],"wp:attachment":[{"href":"https:\/\/www.sts-education.com\/dk\/wp-json\/wp\/v2\/media?parent=10427"}],"wp:term":[{"taxonomy":"wpw_page_folders","embeddable":true,"href":"https:\/\/www.sts-education.com\/dk\/wp-json\/wp\/v2\/wpw_page_folders?post=10427"}],"curies":[{"name":"wp","href":"https:\/\/api.w.org\/{rel}","templated":true}]}}