{"id":10429,"date":"2019-03-12T10:29:24","date_gmt":"2019-03-12T10:29:24","guid":{"rendered":"https:\/\/preprod.sts-education.com\/vartsfamilie\/fordele-ved-at-vaere-vaertsfamilie\/trin-for-trin-at-blive-en-vartsfamilie\/"},"modified":"2026-04-15T09:39:18","modified_gmt":"2026-04-15T09:39:18","slug":"trin-for-trin-at-blive-en-vartsfamilie","status":"publish","type":"page","link":"https:\/\/www.sts-education.com\/dk\/vartsfamilie\/fordele-ved-at-vaere-vaertsfamilie\/trin-for-trin-at-blive-en-vartsfamilie\/","title":{"rendered":"Trin For Trin At Blive En Vartsfamilie"},"content":{"rendered":"\n<section class=\"wp-block-sts-hero sts-block-hero is-variant-full-background has-text-light has-background-media\" style=\"--sts-hero-padding-mobile:0px;--sts-hero-padding-desktop:0px;--sts-hero-text-color:var(--wp--preset--color--base-10, #fff);\" data-variant=\"full-background\"><div class=\"sts-block-hero__background\"><picture class=\"sts-responsive-image has-fit-cover is-skeleton\"><img src=\"https:\/\/cdn.sts-education.com\/12665_hero_lg_xl.jpg\" alt=\"S\u00e5dan bliver du v\u00e6rtsfamilie\" loading=\"lazy\" decoding=\"async\" fetchpriority=\"low\" sizes=\"100vw\" \/><\/picture><span class=\"sts-block-hero__overlay\" aria-hidden=\"true\"><\/span><\/div><div class=\"sts-block-hero__inner\"><div class=\"sts-block-hero__content has-align-center\"><div class=\"sts-block-hero__content-inner\"><h1 class=\"sts-block-hero__heading\">S\u00e5dan bliver du v\u00e6rtsfamilie<\/h1><\/div><\/div><\/div><\/section>\n\n\n\n<div class=\"wp-block-sts-text sts-text-editor has-max-width-md\"><div class=\"sts-text-editor__content\"><div class=\"sts-text-editor__content-inner\">\n<ol><li><strong>Fort\u00e6l os, at du er interesseret<\/strong><br>Udfyld formularen \u2013 det er helt uforpligtende!<\/li>\n<li><strong>Vi kontakter dig<\/strong><br>Vi kontakter dig og forklarer dig mere om, hvad det vil sige at v\u00e6re v\u00e6rtsfamilie. Vi besvarer dine sp\u00f8rgsm\u00e5l og laver et kort interview med dig. Vi matcher dig s\u00e5 med nogle af vores udvekslingselever ud fra dine interesser og pr\u00e6ferencer. Du modtager information om vores elever og f\u00e5r mulighed for at v\u00e6lge, hvilken en af dem du gerne vil v\u00e6re v\u00e6rt for.<\/li>\n<li><strong>Hjemmebes\u00f8g<\/strong><br>N\u00e5r du har valgt en udvekslingselev, kommer din lokale repr\u00e6sentant p\u00e5 bes\u00f8g hjemme hos dig for at fort\u00e6lle dig mere om det at v\u00e6re v\u00e6rtsfamilie, og her kan du selvf\u00f8lgelig stille sp\u00f8rgsm\u00e5l om udvekslingseleven, og hvordan det er at v\u00e6re v\u00e6rtsfamilie. Din lokale repr\u00e6sentant er der for b\u00e5de dig og udvekslingseleven under hele udvekslingsperioden.<\/li>\n<li><strong>L\u00e6r din udvekslingselev at kende<\/strong><br>N\u00e5r du har valgt, hvilken elev du gerne vil v\u00e6re v\u00e6rt for, udfylder du en v\u00e6rtsfamilieans\u00f8gning og bliver sat i kontakt med eleven. N\u00e5r ans\u00f8gningen er godkendt, modtager I hinandens kontaktoplysninger og kan begynde at l\u00e6re hinanden at kende, f\u00f8r udvekslingsprogrammet starter.<\/li>\n<li><strong>Nu begynder eventyret<\/strong><br>Nu kan du begynde at forberede dig og gl\u00e6de dig til den sp\u00e6ndende tid, der ligger forude. STS arrangerer alt, hvad der har med udvekslingselevens rejse at g\u00f8re og udvekslingen generelt, som fx flybilletter, plads p\u00e5 skolen og forsikring.<\/li><\/ol>\n\n<p>Har du et barn derhjemme, der gerne vil p\u00e5 udveksling et \u00e5r? S\u00e5 kan du benytte <a href=\"https:\/\/www.sts-education.com\/dk\/fordele-ved-at-vaere-vaertsfamilie\/kompensation-host-and-go\/\">Host &amp; Go<\/a> og spare op til 15.000 kr p\u00e5 dit barns udvekslings\u00e5r, hvis du samtidig selv er v\u00e6rtsfamilie for en anden udvekslingselev!<\/p>\n<\/div><\/div><\/div>\n","protected":false},"excerpt":{"rendered":"","protected":false},"author":20,"featured_media":0,"parent":27795,"menu_order":0,"comment_status":"closed","ping_status":"closed","template":"","meta":{"_acf_changed":false,"sts_page_background_color":"","footnotes":""},"wpw_page_folders":[89],"class_list":["post-10429","page","type-page","status-publish","hentry"],"acf":[],"yoast_head":"<!-- This site is optimized with the Yoast SEO Premium plugin v27.2 (Yoast SEO v27.3) - https:\/\/yoast.com\/product\/yoast-seo-premium-wordpress\/ -->\n<title>Trin for trin \u2013 at blive en v\u00e6rtsfamilie<\/title>\n<meta name=\"description\" content=\"Udfyld en formular \u2013 den er ikke bindende! Vi kontakter dig, og fort\u00e6ller dig mere om, hvordan det er at v\u00e6re v\u00e6rtsfamilie, svarer p\u00e5 dine sp\u00f8rgsm\u00e5l, og laver korte interviews. Senere vil vi matche dig med en af vores sk\u00f8nne elever alt efter dine interesser og pr\u00e6ferencer. Du vil f\u00e5 information om vores elever og f\u00e5 chancen for at v\u00e6lge, hvilken elev du vil byde velkommen i dit hjem.\" \/>\n<meta name=\"robots\" content=\"index, follow, max-snippet:-1, max-image-preview:large, max-video-preview:-1\" \/>\n<link rel=\"canonical\" href=\"https:\/\/www.sts-education.com\/dk\/vartsfamilie\/fordele-ved-at-vaere-vaertsfamilie\/trin-for-trin-at-blive-en-vartsfamilie\/\" \/>\n<meta property=\"og:locale\" content=\"da_DK\" \/>\n<meta property=\"og:type\" content=\"article\" \/>\n<meta property=\"og:title\" content=\"Trin For Trin At Blive En Vartsfamilie\" \/>\n<meta property=\"og:description\" content=\"Udfyld en formular \u2013 den er ikke bindende! Vi kontakter dig, og fort\u00e6ller dig mere om, hvordan det er at v\u00e6re v\u00e6rtsfamilie, svarer p\u00e5 dine sp\u00f8rgsm\u00e5l, og laver korte interviews. Senere vil vi matche dig med en af vores sk\u00f8nne elever alt efter dine interesser og pr\u00e6ferencer. Du vil f\u00e5 information om vores elever og f\u00e5 chancen for at v\u00e6lge, hvilken elev du vil byde velkommen i dit hjem.\" \/>\n<meta property=\"og:url\" content=\"https:\/\/www.sts-education.com\/dk\/vartsfamilie\/fordele-ved-at-vaere-vaertsfamilie\/trin-for-trin-at-blive-en-vartsfamilie\/\" \/>\n<meta property=\"og:site_name\" content=\"STS Education\" \/>\n<meta property=\"article:modified_time\" content=\"2026-04-15T09:39:18+00:00\" \/>\n<meta property=\"og:image\" content=\"https:\/\/cdn.sts-education.com\/12665_hero_lg_xl.jpg\" \/>\n<meta name=\"twitter:card\" content=\"summary_large_image\" \/>\n<meta name=\"twitter:label1\" content=\"Estimeret l\u00e6setid\" \/>\n\t<meta name=\"twitter:data1\" content=\"2 minutter\" \/>\n<script type=\"application\/ld+json\" class=\"yoast-schema-graph\">{\"@context\":\"https:\\\/\\\/schema.org\",\"@graph\":[{\"@type\":\"WebPage\",\"@id\":\"https:\\\/\\\/www.sts-education.com\\\/dk\\\/vartsfamilie\\\/fordele-ved-at-vaere-vaertsfamilie\\\/trin-for-trin-at-blive-en-vartsfamilie\\\/\",\"url\":\"https:\\\/\\\/www.sts-education.com\\\/dk\\\/vartsfamilie\\\/fordele-ved-at-vaere-vaertsfamilie\\\/trin-for-trin-at-blive-en-vartsfamilie\\\/\",\"name\":\"Trin for trin \u2013 at blive en v\u00e6rtsfamilie\",\"isPartOf\":{\"@id\":\"https:\\\/\\\/www.sts-education.com\\\/dk\\\/#website\"},\"primaryImageOfPage\":{\"@id\":\"https:\\\/\\\/www.sts-education.com\\\/dk\\\/vartsfamilie\\\/fordele-ved-at-vaere-vaertsfamilie\\\/trin-for-trin-at-blive-en-vartsfamilie\\\/#primaryimage\"},\"image\":{\"@id\":\"https:\\\/\\\/www.sts-education.com\\\/dk\\\/vartsfamilie\\\/fordele-ved-at-vaere-vaertsfamilie\\\/trin-for-trin-at-blive-en-vartsfamilie\\\/#primaryimage\"},\"thumbnailUrl\":\"https:\\\/\\\/cdn.sts-education.com\\\/12665_hero_lg_xl.jpg\",\"datePublished\":\"2019-03-12T10:29:24+00:00\",\"dateModified\":\"2026-04-15T09:39:18+00:00\",\"description\":\"Udfyld en formular \u2013 den er ikke bindende! Vi kontakter dig, og fort\u00e6ller dig mere om, hvordan det er at v\u00e6re v\u00e6rtsfamilie, svarer p\u00e5 dine sp\u00f8rgsm\u00e5l, og laver korte interviews. Senere vil vi matche dig med en af vores sk\u00f8nne elever alt efter dine interesser og pr\u00e6ferencer. Du vil f\u00e5 information om vores elever og f\u00e5 chancen for at v\u00e6lge, hvilken elev du vil byde velkommen i dit hjem.\",\"breadcrumb\":{\"@id\":\"https:\\\/\\\/www.sts-education.com\\\/dk\\\/vartsfamilie\\\/fordele-ved-at-vaere-vaertsfamilie\\\/trin-for-trin-at-blive-en-vartsfamilie\\\/#breadcrumb\"},\"inLanguage\":\"da-DK\",\"potentialAction\":[{\"@type\":\"ReadAction\",\"target\":[\"https:\\\/\\\/www.sts-education.com\\\/dk\\\/vartsfamilie\\\/fordele-ved-at-vaere-vaertsfamilie\\\/trin-for-trin-at-blive-en-vartsfamilie\\\/\"]}]},{\"@type\":\"ImageObject\",\"inLanguage\":\"da-DK\",\"@id\":\"https:\\\/\\\/www.sts-education.com\\\/dk\\\/vartsfamilie\\\/fordele-ved-at-vaere-vaertsfamilie\\\/trin-for-trin-at-blive-en-vartsfamilie\\\/#primaryimage\",\"url\":\"https:\\\/\\\/cdn.sts-education.com\\\/12665_hero_lg_xl.jpg\",\"contentUrl\":\"https:\\\/\\\/cdn.sts-education.com\\\/12665_hero_lg_xl.jpg\"},{\"@type\":\"BreadcrumbList\",\"@id\":\"https:\\\/\\\/www.sts-education.com\\\/dk\\\/vartsfamilie\\\/fordele-ved-at-vaere-vaertsfamilie\\\/trin-for-trin-at-blive-en-vartsfamilie\\\/#breadcrumb\",\"itemListElement\":[{\"@type\":\"ListItem\",\"position\":1,\"name\":\"Home\",\"item\":\"https:\\\/\\\/www.sts-education.com\\\/dk\\\/sample-page\\\/\"},{\"@type\":\"ListItem\",\"position\":2,\"name\":\"Bliv v\u00e6rtsfamilie\",\"item\":\"https:\\\/\\\/www.sts-education.com\\\/dk\\\/vartsfamilie\\\/\"},{\"@type\":\"ListItem\",\"position\":3,\"name\":\"Fordele Ved At V\u00e6re V\u00e6rtsfamilie\",\"item\":\"https:\\\/\\\/www.sts-education.com\\\/dk\\\/vartsfamilie\\\/fordele-ved-at-vaere-vaertsfamilie\\\/\"},{\"@type\":\"ListItem\",\"position\":4,\"name\":\"Trin For Trin At Blive En Vartsfamilie\"}]},{\"@type\":\"WebSite\",\"@id\":\"https:\\\/\\\/www.sts-education.com\\\/dk\\\/#website\",\"url\":\"https:\\\/\\\/www.sts-education.com\\\/dk\\\/\",\"name\":\"STS Education\",\"description\":\"\",\"potentialAction\":[{\"@type\":\"SearchAction\",\"target\":{\"@type\":\"EntryPoint\",\"urlTemplate\":\"https:\\\/\\\/www.sts-education.com\\\/dk\\\/?s={search_term_string}\"},\"query-input\":{\"@type\":\"PropertyValueSpecification\",\"valueRequired\":true,\"valueName\":\"search_term_string\"}}],\"inLanguage\":\"da-DK\"}]}<\/script>\n<!-- \/ Yoast SEO Premium plugin. -->","yoast_head_json":{"title":"Trin for trin \u2013 at blive en v\u00e6rtsfamilie","description":"Udfyld en formular \u2013 den er ikke bindende! Vi kontakter dig, og fort\u00e6ller dig mere om, hvordan det er at v\u00e6re v\u00e6rtsfamilie, svarer p\u00e5 dine sp\u00f8rgsm\u00e5l, og laver korte interviews. Senere vil vi matche dig med en af vores sk\u00f8nne elever alt efter dine interesser og pr\u00e6ferencer. Du vil f\u00e5 information om vores elever og f\u00e5 chancen for at v\u00e6lge, hvilken elev du vil byde velkommen i dit hjem.","robots":{"index":"index","follow":"follow","max-snippet":"max-snippet:-1","max-image-preview":"max-image-preview:large","max-video-preview":"max-video-preview:-1"},"canonical":"https:\/\/www.sts-education.com\/dk\/vartsfamilie\/fordele-ved-at-vaere-vaertsfamilie\/trin-for-trin-at-blive-en-vartsfamilie\/","og_locale":"da_DK","og_type":"article","og_title":"Trin For Trin At Blive En Vartsfamilie","og_description":"Udfyld en formular \u2013 den er ikke bindende! Vi kontakter dig, og fort\u00e6ller dig mere om, hvordan det er at v\u00e6re v\u00e6rtsfamilie, svarer p\u00e5 dine sp\u00f8rgsm\u00e5l, og laver korte interviews. Senere vil vi matche dig med en af vores sk\u00f8nne elever alt efter dine interesser og pr\u00e6ferencer. Du vil f\u00e5 information om vores elever og f\u00e5 chancen for at v\u00e6lge, hvilken elev du vil byde velkommen i dit hjem.","og_url":"https:\/\/www.sts-education.com\/dk\/vartsfamilie\/fordele-ved-at-vaere-vaertsfamilie\/trin-for-trin-at-blive-en-vartsfamilie\/","og_site_name":"STS Education","article_modified_time":"2026-04-15T09:39:18+00:00","og_image":[{"url":"https:\/\/cdn.sts-education.com\/12665_hero_lg_xl.jpg","type":"","width":"","height":""}],"twitter_card":"summary_large_image","twitter_misc":{"Estimeret l\u00e6setid":"2 minutter"},"schema":{"@context":"https:\/\/schema.org","@graph":[{"@type":"WebPage","@id":"https:\/\/www.sts-education.com\/dk\/vartsfamilie\/fordele-ved-at-vaere-vaertsfamilie\/trin-for-trin-at-blive-en-vartsfamilie\/","url":"https:\/\/www.sts-education.com\/dk\/vartsfamilie\/fordele-ved-at-vaere-vaertsfamilie\/trin-for-trin-at-blive-en-vartsfamilie\/","name":"Trin for trin \u2013 at blive en v\u00e6rtsfamilie","isPartOf":{"@id":"https:\/\/www.sts-education.com\/dk\/#website"},"primaryImageOfPage":{"@id":"https:\/\/www.sts-education.com\/dk\/vartsfamilie\/fordele-ved-at-vaere-vaertsfamilie\/trin-for-trin-at-blive-en-vartsfamilie\/#primaryimage"},"image":{"@id":"https:\/\/www.sts-education.com\/dk\/vartsfamilie\/fordele-ved-at-vaere-vaertsfamilie\/trin-for-trin-at-blive-en-vartsfamilie\/#primaryimage"},"thumbnailUrl":"https:\/\/cdn.sts-education.com\/12665_hero_lg_xl.jpg","datePublished":"2019-03-12T10:29:24+00:00","dateModified":"2026-04-15T09:39:18+00:00","description":"Udfyld en formular \u2013 den er ikke bindende! Vi kontakter dig, og fort\u00e6ller dig mere om, hvordan det er at v\u00e6re v\u00e6rtsfamilie, svarer p\u00e5 dine sp\u00f8rgsm\u00e5l, og laver korte interviews. Senere vil vi matche dig med en af vores sk\u00f8nne elever alt efter dine interesser og pr\u00e6ferencer. Du vil f\u00e5 information om vores elever og f\u00e5 chancen for at v\u00e6lge, hvilken elev du vil byde velkommen i dit hjem.","breadcrumb":{"@id":"https:\/\/www.sts-education.com\/dk\/vartsfamilie\/fordele-ved-at-vaere-vaertsfamilie\/trin-for-trin-at-blive-en-vartsfamilie\/#breadcrumb"},"inLanguage":"da-DK","potentialAction":[{"@type":"ReadAction","target":["https:\/\/www.sts-education.com\/dk\/vartsfamilie\/fordele-ved-at-vaere-vaertsfamilie\/trin-for-trin-at-blive-en-vartsfamilie\/"]}]},{"@type":"ImageObject","inLanguage":"da-DK","@id":"https:\/\/www.sts-education.com\/dk\/vartsfamilie\/fordele-ved-at-vaere-vaertsfamilie\/trin-for-trin-at-blive-en-vartsfamilie\/#primaryimage","url":"https:\/\/cdn.sts-education.com\/12665_hero_lg_xl.jpg","contentUrl":"https:\/\/cdn.sts-education.com\/12665_hero_lg_xl.jpg"},{"@type":"BreadcrumbList","@id":"https:\/\/www.sts-education.com\/dk\/vartsfamilie\/fordele-ved-at-vaere-vaertsfamilie\/trin-for-trin-at-blive-en-vartsfamilie\/#breadcrumb","itemListElement":[{"@type":"ListItem","position":1,"name":"Home","item":"https:\/\/www.sts-education.com\/dk\/sample-page\/"},{"@type":"ListItem","position":2,"name":"Bliv v\u00e6rtsfamilie","item":"https:\/\/www.sts-education.com\/dk\/vartsfamilie\/"},{"@type":"ListItem","position":3,"name":"Fordele Ved At V\u00e6re V\u00e6rtsfamilie","item":"https:\/\/www.sts-education.com\/dk\/vartsfamilie\/fordele-ved-at-vaere-vaertsfamilie\/"},{"@type":"ListItem","position":4,"name":"Trin For Trin At Blive En Vartsfamilie"}]},{"@type":"WebSite","@id":"https:\/\/www.sts-education.com\/dk\/#website","url":"https:\/\/www.sts-education.com\/dk\/","name":"STS Education","description":"","potentialAction":[{"@type":"SearchAction","target":{"@type":"EntryPoint","urlTemplate":"https:\/\/www.sts-education.com\/dk\/?s={search_term_string}"},"query-input":{"@type":"PropertyValueSpecification","valueRequired":true,"valueName":"search_term_string"}}],"inLanguage":"da-DK"}]}},"_links":{"self":[{"href":"https:\/\/www.sts-education.com\/dk\/wp-json\/wp\/v2\/pages\/10429","targetHints":{"allow":["GET"]}}],"collection":[{"href":"https:\/\/www.sts-education.com\/dk\/wp-json\/wp\/v2\/pages"}],"about":[{"href":"https:\/\/www.sts-education.com\/dk\/wp-json\/wp\/v2\/types\/page"}],"author":[{"embeddable":true,"href":"https:\/\/www.sts-education.com\/dk\/wp-json\/wp\/v2\/users\/20"}],"replies":[{"embeddable":true,"href":"https:\/\/www.sts-education.com\/dk\/wp-json\/wp\/v2\/comments?post=10429"}],"version-history":[{"count":5,"href":"https:\/\/www.sts-education.com\/dk\/wp-json\/wp\/v2\/pages\/10429\/revisions"}],"predecessor-version":[{"id":35569,"href":"https:\/\/www.sts-education.com\/dk\/wp-json\/wp\/v2\/pages\/10429\/revisions\/35569"}],"up":[{"embeddable":true,"href":"https:\/\/www.sts-education.com\/dk\/wp-json\/wp\/v2\/pages\/27795"}],"wp:attachment":[{"href":"https:\/\/www.sts-education.com\/dk\/wp-json\/wp\/v2\/media?parent=10429"}],"wp:term":[{"taxonomy":"wpw_page_folders","embeddable":true,"href":"https:\/\/www.sts-education.com\/dk\/wp-json\/wp\/v2\/wpw_page_folders?post=10429"}],"curies":[{"name":"wp","href":"https:\/\/api.w.org\/{rel}","templated":true}]}}