{"id":10430,"date":"2023-03-30T11:07:36","date_gmt":"2023-03-30T11:07:36","guid":{"rendered":"https:\/\/preprod.sts-education.com\/vartsfamilie\/fordele-ved-at-vaere-vaertsfamilie\/velkomstfamilie-eller-lokal-koordinator\/"},"modified":"2026-04-15T09:39:13","modified_gmt":"2026-04-15T09:39:13","slug":"velkomstfamilie-eller-lokal-koordinator","status":"publish","type":"page","link":"https:\/\/www.sts-education.com\/dk\/vartsfamilie\/fordele-ved-at-vaere-vaertsfamilie\/velkomstfamilie-eller-lokal-koordinator\/","title":{"rendered":"Velkomstfamilie Eller Lokal Koordinator"},"content":{"rendered":"\n<section class=\"wp-block-sts-hero sts-block-hero is-variant-full-background has-text-light has-background-media\" style=\"--sts-hero-padding-mobile:0px;--sts-hero-padding-desktop:0px;--sts-hero-text-color:var(--wp--preset--color--base-10, #fff);\" data-variant=\"full-background\"><div class=\"sts-block-hero__background\"><picture class=\"sts-responsive-image has-fit-cover is-skeleton\"><img src=\"https:\/\/cdn.sts-education.com\/12667_hero_lg_xl.jpg\" alt=\"Velkomstfamilie eller lokal koordinator\" loading=\"lazy\" decoding=\"async\" fetchpriority=\"low\" sizes=\"100vw\" \/><\/picture><span class=\"sts-block-hero__overlay\" aria-hidden=\"true\"><\/span><\/div><div class=\"sts-block-hero__inner\"><div class=\"sts-block-hero__content has-align-center\"><div class=\"sts-block-hero__content-inner\"><h1 class=\"sts-block-hero__heading\">Velkomstfamilie eller lokal koordinator<\/h1><\/div><\/div><\/div><\/section>\n\n\n\n<div class=\"wp-block-sts-text sts-text-editor has-max-width-md\"><div class=\"sts-text-editor__content\"><div class=\"sts-text-editor__content-inner\">\n<p>Har du ikke v\u00e6ret v\u00e6rtsfamilie f\u00f8r, eller er du nysgerrig efter at se, hvordan det er? S\u00e5 kan du blive velkomstfamilie! Som velkomstfamilie tager du imod en udvekslingsstudent, n\u00e5r han eller hun ankommer til landet, i mindst tre m\u00e5neder. Herefter flytter eleven til en anden v\u00e6rtsfamilie. Er du interesseret, s\u00e5 <a href=\"\/dk\/vartsfamilie\/fordele-ved-at-vaere-vaertsfamilie\/registrer-din-interesse\/\">udfyld formularen<\/a> \u2013 s\u00e5 kontakter vi dig med mere information. Din henvendelse er selvf\u00f8lgelig helt uforpligtende.<\/p>\n\n<p>Er du interesseret i at arbejde som vores forl\u00e6ngede arm og v\u00e6re STS-repr\u00e6sentant i dit omr\u00e5de? <a href=\"\/dk\/om-sts\/karriere\/\">L\u00e6s mere om at blive lokal koordinator her.<\/a><\/p>\n<\/div><\/div><\/div>\n\n","protected":false},"excerpt":{"rendered":"","protected":false},"author":20,"featured_media":0,"parent":27795,"menu_order":0,"comment_status":"closed","ping_status":"closed","template":"","meta":{"_acf_changed":false,"sts_page_background_color":"","footnotes":""},"wpw_page_folders":[89],"class_list":["post-10430","page","type-page","status-publish","hentry"],"acf":[],"yoast_head":"<!-- This site is optimized with the Yoast SEO Premium plugin v27.2 (Yoast SEO v27.3) - https:\/\/yoast.com\/product\/yoast-seo-premium-wordpress\/ -->\n<title>Velkomstfamilie<\/title>\n<meta name=\"robots\" content=\"index, follow, max-snippet:-1, max-image-preview:large, max-video-preview:-1\" \/>\n<link rel=\"canonical\" href=\"https:\/\/www.sts-education.com\/dk\/vartsfamilie\/fordele-ved-at-vaere-vaertsfamilie\/velkomstfamilie-eller-lokal-koordinator\/\" \/>\n<meta property=\"og:locale\" content=\"da_DK\" \/>\n<meta property=\"og:type\" content=\"article\" \/>\n<meta property=\"og:title\" content=\"Velkomstfamilie Eller Lokal Koordinator\" \/>\n<meta property=\"og:url\" content=\"https:\/\/www.sts-education.com\/dk\/vartsfamilie\/fordele-ved-at-vaere-vaertsfamilie\/velkomstfamilie-eller-lokal-koordinator\/\" \/>\n<meta property=\"og:site_name\" content=\"STS Education\" \/>\n<meta property=\"article:modified_time\" content=\"2026-04-15T09:39:13+00:00\" \/>\n<meta property=\"og:image\" content=\"https:\/\/cdn.sts-education.com\/12667_hero_lg_xl.jpg\" \/>\n<meta name=\"twitter:card\" content=\"summary_large_image\" \/>\n<meta name=\"twitter:label1\" content=\"Estimeret l\u00e6setid\" \/>\n\t<meta name=\"twitter:data1\" content=\"1 minut\" \/>\n<script type=\"application\/ld+json\" class=\"yoast-schema-graph\">{\"@context\":\"https:\\\/\\\/schema.org\",\"@graph\":[{\"@type\":\"WebPage\",\"@id\":\"https:\\\/\\\/www.sts-education.com\\\/dk\\\/vartsfamilie\\\/fordele-ved-at-vaere-vaertsfamilie\\\/velkomstfamilie-eller-lokal-koordinator\\\/\",\"url\":\"https:\\\/\\\/www.sts-education.com\\\/dk\\\/vartsfamilie\\\/fordele-ved-at-vaere-vaertsfamilie\\\/velkomstfamilie-eller-lokal-koordinator\\\/\",\"name\":\"Velkomstfamilie\",\"isPartOf\":{\"@id\":\"https:\\\/\\\/www.sts-education.com\\\/dk\\\/#website\"},\"primaryImageOfPage\":{\"@id\":\"https:\\\/\\\/www.sts-education.com\\\/dk\\\/vartsfamilie\\\/fordele-ved-at-vaere-vaertsfamilie\\\/velkomstfamilie-eller-lokal-koordinator\\\/#primaryimage\"},\"image\":{\"@id\":\"https:\\\/\\\/www.sts-education.com\\\/dk\\\/vartsfamilie\\\/fordele-ved-at-vaere-vaertsfamilie\\\/velkomstfamilie-eller-lokal-koordinator\\\/#primaryimage\"},\"thumbnailUrl\":\"https:\\\/\\\/cdn.sts-education.com\\\/12667_hero_lg_xl.jpg\",\"datePublished\":\"2023-03-30T11:07:36+00:00\",\"dateModified\":\"2026-04-15T09:39:13+00:00\",\"breadcrumb\":{\"@id\":\"https:\\\/\\\/www.sts-education.com\\\/dk\\\/vartsfamilie\\\/fordele-ved-at-vaere-vaertsfamilie\\\/velkomstfamilie-eller-lokal-koordinator\\\/#breadcrumb\"},\"inLanguage\":\"da-DK\",\"potentialAction\":[{\"@type\":\"ReadAction\",\"target\":[\"https:\\\/\\\/www.sts-education.com\\\/dk\\\/vartsfamilie\\\/fordele-ved-at-vaere-vaertsfamilie\\\/velkomstfamilie-eller-lokal-koordinator\\\/\"]}]},{\"@type\":\"ImageObject\",\"inLanguage\":\"da-DK\",\"@id\":\"https:\\\/\\\/www.sts-education.com\\\/dk\\\/vartsfamilie\\\/fordele-ved-at-vaere-vaertsfamilie\\\/velkomstfamilie-eller-lokal-koordinator\\\/#primaryimage\",\"url\":\"https:\\\/\\\/cdn.sts-education.com\\\/12667_hero_lg_xl.jpg\",\"contentUrl\":\"https:\\\/\\\/cdn.sts-education.com\\\/12667_hero_lg_xl.jpg\"},{\"@type\":\"BreadcrumbList\",\"@id\":\"https:\\\/\\\/www.sts-education.com\\\/dk\\\/vartsfamilie\\\/fordele-ved-at-vaere-vaertsfamilie\\\/velkomstfamilie-eller-lokal-koordinator\\\/#breadcrumb\",\"itemListElement\":[{\"@type\":\"ListItem\",\"position\":1,\"name\":\"Home\",\"item\":\"https:\\\/\\\/www.sts-education.com\\\/dk\\\/sample-page\\\/\"},{\"@type\":\"ListItem\",\"position\":2,\"name\":\"Bliv v\u00e6rtsfamilie\",\"item\":\"https:\\\/\\\/www.sts-education.com\\\/dk\\\/vartsfamilie\\\/\"},{\"@type\":\"ListItem\",\"position\":3,\"name\":\"Fordele Ved At V\u00e6re V\u00e6rtsfamilie\",\"item\":\"https:\\\/\\\/www.sts-education.com\\\/dk\\\/vartsfamilie\\\/fordele-ved-at-vaere-vaertsfamilie\\\/\"},{\"@type\":\"ListItem\",\"position\":4,\"name\":\"Velkomstfamilie Eller Lokal Koordinator\"}]},{\"@type\":\"WebSite\",\"@id\":\"https:\\\/\\\/www.sts-education.com\\\/dk\\\/#website\",\"url\":\"https:\\\/\\\/www.sts-education.com\\\/dk\\\/\",\"name\":\"STS Education\",\"description\":\"\",\"potentialAction\":[{\"@type\":\"SearchAction\",\"target\":{\"@type\":\"EntryPoint\",\"urlTemplate\":\"https:\\\/\\\/www.sts-education.com\\\/dk\\\/?s={search_term_string}\"},\"query-input\":{\"@type\":\"PropertyValueSpecification\",\"valueRequired\":true,\"valueName\":\"search_term_string\"}}],\"inLanguage\":\"da-DK\"}]}<\/script>\n<!-- \/ Yoast SEO Premium plugin. -->","yoast_head_json":{"title":"Velkomstfamilie","robots":{"index":"index","follow":"follow","max-snippet":"max-snippet:-1","max-image-preview":"max-image-preview:large","max-video-preview":"max-video-preview:-1"},"canonical":"https:\/\/www.sts-education.com\/dk\/vartsfamilie\/fordele-ved-at-vaere-vaertsfamilie\/velkomstfamilie-eller-lokal-koordinator\/","og_locale":"da_DK","og_type":"article","og_title":"Velkomstfamilie Eller Lokal Koordinator","og_url":"https:\/\/www.sts-education.com\/dk\/vartsfamilie\/fordele-ved-at-vaere-vaertsfamilie\/velkomstfamilie-eller-lokal-koordinator\/","og_site_name":"STS Education","article_modified_time":"2026-04-15T09:39:13+00:00","og_image":[{"url":"https:\/\/cdn.sts-education.com\/12667_hero_lg_xl.jpg","type":"","width":"","height":""}],"twitter_card":"summary_large_image","twitter_misc":{"Estimeret l\u00e6setid":"1 minut"},"schema":{"@context":"https:\/\/schema.org","@graph":[{"@type":"WebPage","@id":"https:\/\/www.sts-education.com\/dk\/vartsfamilie\/fordele-ved-at-vaere-vaertsfamilie\/velkomstfamilie-eller-lokal-koordinator\/","url":"https:\/\/www.sts-education.com\/dk\/vartsfamilie\/fordele-ved-at-vaere-vaertsfamilie\/velkomstfamilie-eller-lokal-koordinator\/","name":"Velkomstfamilie","isPartOf":{"@id":"https:\/\/www.sts-education.com\/dk\/#website"},"primaryImageOfPage":{"@id":"https:\/\/www.sts-education.com\/dk\/vartsfamilie\/fordele-ved-at-vaere-vaertsfamilie\/velkomstfamilie-eller-lokal-koordinator\/#primaryimage"},"image":{"@id":"https:\/\/www.sts-education.com\/dk\/vartsfamilie\/fordele-ved-at-vaere-vaertsfamilie\/velkomstfamilie-eller-lokal-koordinator\/#primaryimage"},"thumbnailUrl":"https:\/\/cdn.sts-education.com\/12667_hero_lg_xl.jpg","datePublished":"2023-03-30T11:07:36+00:00","dateModified":"2026-04-15T09:39:13+00:00","breadcrumb":{"@id":"https:\/\/www.sts-education.com\/dk\/vartsfamilie\/fordele-ved-at-vaere-vaertsfamilie\/velkomstfamilie-eller-lokal-koordinator\/#breadcrumb"},"inLanguage":"da-DK","potentialAction":[{"@type":"ReadAction","target":["https:\/\/www.sts-education.com\/dk\/vartsfamilie\/fordele-ved-at-vaere-vaertsfamilie\/velkomstfamilie-eller-lokal-koordinator\/"]}]},{"@type":"ImageObject","inLanguage":"da-DK","@id":"https:\/\/www.sts-education.com\/dk\/vartsfamilie\/fordele-ved-at-vaere-vaertsfamilie\/velkomstfamilie-eller-lokal-koordinator\/#primaryimage","url":"https:\/\/cdn.sts-education.com\/12667_hero_lg_xl.jpg","contentUrl":"https:\/\/cdn.sts-education.com\/12667_hero_lg_xl.jpg"},{"@type":"BreadcrumbList","@id":"https:\/\/www.sts-education.com\/dk\/vartsfamilie\/fordele-ved-at-vaere-vaertsfamilie\/velkomstfamilie-eller-lokal-koordinator\/#breadcrumb","itemListElement":[{"@type":"ListItem","position":1,"name":"Home","item":"https:\/\/www.sts-education.com\/dk\/sample-page\/"},{"@type":"ListItem","position":2,"name":"Bliv v\u00e6rtsfamilie","item":"https:\/\/www.sts-education.com\/dk\/vartsfamilie\/"},{"@type":"ListItem","position":3,"name":"Fordele Ved At V\u00e6re V\u00e6rtsfamilie","item":"https:\/\/www.sts-education.com\/dk\/vartsfamilie\/fordele-ved-at-vaere-vaertsfamilie\/"},{"@type":"ListItem","position":4,"name":"Velkomstfamilie Eller Lokal Koordinator"}]},{"@type":"WebSite","@id":"https:\/\/www.sts-education.com\/dk\/#website","url":"https:\/\/www.sts-education.com\/dk\/","name":"STS Education","description":"","potentialAction":[{"@type":"SearchAction","target":{"@type":"EntryPoint","urlTemplate":"https:\/\/www.sts-education.com\/dk\/?s={search_term_string}"},"query-input":{"@type":"PropertyValueSpecification","valueRequired":true,"valueName":"search_term_string"}}],"inLanguage":"da-DK"}]}},"_links":{"self":[{"href":"https:\/\/www.sts-education.com\/dk\/wp-json\/wp\/v2\/pages\/10430","targetHints":{"allow":["GET"]}}],"collection":[{"href":"https:\/\/www.sts-education.com\/dk\/wp-json\/wp\/v2\/pages"}],"about":[{"href":"https:\/\/www.sts-education.com\/dk\/wp-json\/wp\/v2\/types\/page"}],"author":[{"embeddable":true,"href":"https:\/\/www.sts-education.com\/dk\/wp-json\/wp\/v2\/users\/20"}],"replies":[{"embeddable":true,"href":"https:\/\/www.sts-education.com\/dk\/wp-json\/wp\/v2\/comments?post=10430"}],"version-history":[{"count":3,"href":"https:\/\/www.sts-education.com\/dk\/wp-json\/wp\/v2\/pages\/10430\/revisions"}],"predecessor-version":[{"id":35564,"href":"https:\/\/www.sts-education.com\/dk\/wp-json\/wp\/v2\/pages\/10430\/revisions\/35564"}],"up":[{"embeddable":true,"href":"https:\/\/www.sts-education.com\/dk\/wp-json\/wp\/v2\/pages\/27795"}],"wp:attachment":[{"href":"https:\/\/www.sts-education.com\/dk\/wp-json\/wp\/v2\/media?parent=10430"}],"wp:term":[{"taxonomy":"wpw_page_folders","embeddable":true,"href":"https:\/\/www.sts-education.com\/dk\/wp-json\/wp\/v2\/wpw_page_folders?post=10430"}],"curies":[{"name":"wp","href":"https:\/\/api.w.org\/{rel}","templated":true}]}}