{"id":10446,"date":"2023-06-19T12:31:28","date_gmt":"2023-06-19T12:31:28","guid":{"rendered":"https:\/\/preprod.sts-education.com\/vartsfamilie\/family-stories\/tidligere-vartsfamilier-fortaller\/familien-ahlqwist\/"},"modified":"2026-04-01T02:45:21","modified_gmt":"2026-04-01T02:45:21","slug":"familien-ahlqwist","status":"publish","type":"page","link":"https:\/\/www.sts-education.com\/dk\/vartsfamilie\/family-stories\/tidligere-vartsfamilier-fortaller\/familien-ahlqwist\/","title":{"rendered":"Familien Ahlqwist"},"content":{"rendered":"\n<div class=\"wp-block-sts-text sts-text-editor has-max-width-md\"><div class=\"sts-text-editor__content\"><div class=\"sts-text-editor__content-inner\">\n<h1>Det er inspirerende at vinde en anden families tillid<\/h1>\n<\/div><\/div><\/div>\n\n\n\n<div class=\"wp-block-sts-text sts-text-editor has-max-width-md\"><div class=\"sts-text-editor__content\"><div class=\"sts-text-editor__content-inner\">\n<p><em>Familien Ahlqwist fra Sverige har v\u00e6ret v\u00e6rt for fire studerende fra Italien, USA og Japan.<\/em><\/p>\n<\/div><\/div><\/div>\n\n\n\n<figure class=\"wp-block-sts-image sts-block-image sts-block-image--count-1 has-max-width-md\" data-count=\"1\"><div class=\"sts-block-image__grid\"><div class=\"sts-block-image__item\"><picture class=\"sts-responsive-image has-fit-cover has-pos-top is-skeleton\"><img src=\"https:\/\/cdn.sts-education.com\/12790_hero_md.jpg\" alt=\"Det er inspirerende at vinde en anden families tillid\" loading=\"lazy\" decoding=\"async\" fetchpriority=\"low\" sizes=\"(max-width: 736px) 100vw, 736px\"\/><\/picture><\/div><\/div><\/figure>\n\n\n\n<div class=\"wp-block-sts-text sts-text-editor has-max-width-md\"><div class=\"sts-text-editor__content\"><div class=\"sts-text-editor__content-inner\">\n<p>&quot;At v\u00e6re v\u00e6rtsfamilie er inspirerende og g\u00f8r et varigt indtryk. Det er sp\u00e6ndende og l\u00e6rerigt for hele familien. Alle i familien f\u00e5r nye perspektiver og en ven for livet. Vi har v\u00e6ret v\u00e6rter fire gange: Matteo fra Italien og tre piger fra USA, Italien og Japan.<\/p>\n<p>Det har v\u00e6ret fantastisk at opleve, hvordan de udvikler sig sprogligt, livsm\u00e6ssigt, skolem\u00e6ssigt og socialt, og hvordan de absorberer vores kultur. Vi har ofte diskuteret forskelle og ligheder, politik og sociale strukturer, og alle i familien har l\u00e6rt af det.<\/p>\n<p>At f\u00e5 et nyt familiemedlem er en stor forandring i sig selv, men vi fors\u00f8gte ikke at \u00e6ndre vores m\u00e5de at leve p\u00e5. Det kan til tider f\u00f8les udfordrende for en ung studerende at komme ind i et nyt milj\u00f8, men det er en del af charmen: at tage udfordringen op og vokse i processen.<\/p>\n<p>Det er ogs\u00e5 utroligt inspirerende at f\u00e5 tillid fra en anden familie, som har betroet os deres barn.&quot;<\/p>\n<\/div><\/div><\/div>\n\n","protected":false},"excerpt":{"rendered":"","protected":false},"author":20,"featured_media":0,"parent":10425,"menu_order":0,"comment_status":"closed","ping_status":"closed","template":"","meta":{"_acf_changed":false,"sts_page_background_color":"","footnotes":""},"wpw_page_folders":[528],"class_list":["post-10446","page","type-page","status-publish","hentry"],"acf":[],"yoast_head":"<!-- This site is optimized with the Yoast SEO Premium plugin v27.2 (Yoast SEO v27.2) - https:\/\/yoast.com\/product\/yoast-seo-premium-wordpress\/ -->\n<title>Familien Ahlqwist<\/title>\n<meta name=\"robots\" content=\"index, follow, max-snippet:-1, max-image-preview:large, max-video-preview:-1\" \/>\n<link rel=\"canonical\" href=\"https:\/\/www.sts-education.com\/dk\/vartsfamilie\/family-stories\/tidligere-vartsfamilier-fortaller\/familien-ahlqwist\/\" \/>\n<meta property=\"og:locale\" content=\"da_DK\" \/>\n<meta property=\"og:type\" content=\"article\" \/>\n<meta property=\"og:title\" content=\"Familien Ahlqwist\" \/>\n<meta property=\"og:url\" content=\"https:\/\/www.sts-education.com\/dk\/vartsfamilie\/family-stories\/tidligere-vartsfamilier-fortaller\/familien-ahlqwist\/\" \/>\n<meta property=\"og:site_name\" content=\"STS Education\" \/>\n<meta property=\"article:modified_time\" content=\"2026-04-01T02:45:21+00:00\" \/>\n<meta property=\"og:image\" content=\"https:\/\/cdn.sts-education.com\/12790_hero_md.jpg\" \/>\n<meta name=\"twitter:card\" content=\"summary_large_image\" \/>\n<meta name=\"twitter:label1\" content=\"Estimeret l\u00e6setid\" \/>\n\t<meta name=\"twitter:data1\" content=\"1 minut\" \/>\n<script type=\"application\/ld+json\" class=\"yoast-schema-graph\">{\"@context\":\"https:\/\/schema.org\",\"@graph\":[{\"@type\":\"WebPage\",\"@id\":\"https:\/\/www.sts-education.com\/dk\/vartsfamilie\/family-stories\/tidligere-vartsfamilier-fortaller\/familien-ahlqwist\/\",\"url\":\"https:\/\/www.sts-education.com\/dk\/vartsfamilie\/family-stories\/tidligere-vartsfamilier-fortaller\/familien-ahlqwist\/\",\"name\":\"Familien Ahlqwist\",\"isPartOf\":{\"@id\":\"https:\/\/www.sts-education.com\/dk\/#website\"},\"primaryImageOfPage\":{\"@id\":\"https:\/\/www.sts-education.com\/dk\/vartsfamilie\/family-stories\/tidligere-vartsfamilier-fortaller\/familien-ahlqwist\/#primaryimage\"},\"image\":{\"@id\":\"https:\/\/www.sts-education.com\/dk\/vartsfamilie\/family-stories\/tidligere-vartsfamilier-fortaller\/familien-ahlqwist\/#primaryimage\"},\"thumbnailUrl\":\"https:\/\/cdn.sts-education.com\/12790_hero_md.jpg\",\"datePublished\":\"2023-06-19T12:31:28+00:00\",\"dateModified\":\"2026-04-01T02:45:21+00:00\",\"breadcrumb\":{\"@id\":\"https:\/\/www.sts-education.com\/dk\/vartsfamilie\/family-stories\/tidligere-vartsfamilier-fortaller\/familien-ahlqwist\/#breadcrumb\"},\"inLanguage\":\"da-DK\",\"potentialAction\":[{\"@type\":\"ReadAction\",\"target\":[\"https:\/\/www.sts-education.com\/dk\/vartsfamilie\/family-stories\/tidligere-vartsfamilier-fortaller\/familien-ahlqwist\/\"]}]},{\"@type\":\"ImageObject\",\"inLanguage\":\"da-DK\",\"@id\":\"https:\/\/www.sts-education.com\/dk\/vartsfamilie\/family-stories\/tidligere-vartsfamilier-fortaller\/familien-ahlqwist\/#primaryimage\",\"url\":\"https:\/\/cdn.sts-education.com\/12790_hero_md.jpg\",\"contentUrl\":\"https:\/\/cdn.sts-education.com\/12790_hero_md.jpg\"},{\"@type\":\"BreadcrumbList\",\"@id\":\"https:\/\/www.sts-education.com\/dk\/vartsfamilie\/family-stories\/tidligere-vartsfamilier-fortaller\/familien-ahlqwist\/#breadcrumb\",\"itemListElement\":[{\"@type\":\"ListItem\",\"position\":1,\"name\":\"Home\",\"item\":\"https:\/\/www.sts-education.com\/dk\/sample-page\/\"},{\"@type\":\"ListItem\",\"position\":2,\"name\":\"Vartsfamilie\",\"item\":\"https:\/\/www.sts-education.com\/dk\/vartsfamilie\/\"},{\"@type\":\"ListItem\",\"position\":3,\"name\":\"Family Stories\",\"item\":\"https:\/\/www.sts-education.com\/dk\/vartsfamilie\/family-stories\/\"},{\"@type\":\"ListItem\",\"position\":4,\"name\":\"Tidligere v\u00e6rtsfamilier fort\u00e6ller\",\"item\":\"https:\/\/www.sts-education.com\/dk\/vartsfamilie\/family-stories\/tidligere-vartsfamilier-fortaller\/\"},{\"@type\":\"ListItem\",\"position\":5,\"name\":\"Familien Ahlqwist\"}]},{\"@type\":\"WebSite\",\"@id\":\"https:\/\/www.sts-education.com\/dk\/#website\",\"url\":\"https:\/\/www.sts-education.com\/dk\/\",\"name\":\"STS Education\",\"description\":\"\",\"potentialAction\":[{\"@type\":\"SearchAction\",\"target\":{\"@type\":\"EntryPoint\",\"urlTemplate\":\"https:\/\/www.sts-education.com\/dk\/?s={search_term_string}\"},\"query-input\":{\"@type\":\"PropertyValueSpecification\",\"valueRequired\":true,\"valueName\":\"search_term_string\"}}],\"inLanguage\":\"da-DK\"}]}<\/script>\n<!-- \/ Yoast SEO Premium plugin. -->","yoast_head_json":{"title":"Familien Ahlqwist","robots":{"index":"index","follow":"follow","max-snippet":"max-snippet:-1","max-image-preview":"max-image-preview:large","max-video-preview":"max-video-preview:-1"},"canonical":"https:\/\/www.sts-education.com\/dk\/vartsfamilie\/family-stories\/tidligere-vartsfamilier-fortaller\/familien-ahlqwist\/","og_locale":"da_DK","og_type":"article","og_title":"Familien Ahlqwist","og_url":"https:\/\/www.sts-education.com\/dk\/vartsfamilie\/family-stories\/tidligere-vartsfamilier-fortaller\/familien-ahlqwist\/","og_site_name":"STS Education","article_modified_time":"2026-04-01T02:45:21+00:00","og_image":[{"url":"https:\/\/cdn.sts-education.com\/12790_hero_md.jpg","type":"","width":"","height":""}],"twitter_card":"summary_large_image","twitter_misc":{"Estimeret l\u00e6setid":"1 minut"},"schema":{"@context":"https:\/\/schema.org","@graph":[{"@type":"WebPage","@id":"https:\/\/www.sts-education.com\/dk\/vartsfamilie\/family-stories\/tidligere-vartsfamilier-fortaller\/familien-ahlqwist\/","url":"https:\/\/www.sts-education.com\/dk\/vartsfamilie\/family-stories\/tidligere-vartsfamilier-fortaller\/familien-ahlqwist\/","name":"Familien Ahlqwist","isPartOf":{"@id":"https:\/\/www.sts-education.com\/dk\/#website"},"primaryImageOfPage":{"@id":"https:\/\/www.sts-education.com\/dk\/vartsfamilie\/family-stories\/tidligere-vartsfamilier-fortaller\/familien-ahlqwist\/#primaryimage"},"image":{"@id":"https:\/\/www.sts-education.com\/dk\/vartsfamilie\/family-stories\/tidligere-vartsfamilier-fortaller\/familien-ahlqwist\/#primaryimage"},"thumbnailUrl":"https:\/\/cdn.sts-education.com\/12790_hero_md.jpg","datePublished":"2023-06-19T12:31:28+00:00","dateModified":"2026-04-01T02:45:21+00:00","breadcrumb":{"@id":"https:\/\/www.sts-education.com\/dk\/vartsfamilie\/family-stories\/tidligere-vartsfamilier-fortaller\/familien-ahlqwist\/#breadcrumb"},"inLanguage":"da-DK","potentialAction":[{"@type":"ReadAction","target":["https:\/\/www.sts-education.com\/dk\/vartsfamilie\/family-stories\/tidligere-vartsfamilier-fortaller\/familien-ahlqwist\/"]}]},{"@type":"ImageObject","inLanguage":"da-DK","@id":"https:\/\/www.sts-education.com\/dk\/vartsfamilie\/family-stories\/tidligere-vartsfamilier-fortaller\/familien-ahlqwist\/#primaryimage","url":"https:\/\/cdn.sts-education.com\/12790_hero_md.jpg","contentUrl":"https:\/\/cdn.sts-education.com\/12790_hero_md.jpg"},{"@type":"BreadcrumbList","@id":"https:\/\/www.sts-education.com\/dk\/vartsfamilie\/family-stories\/tidligere-vartsfamilier-fortaller\/familien-ahlqwist\/#breadcrumb","itemListElement":[{"@type":"ListItem","position":1,"name":"Home","item":"https:\/\/www.sts-education.com\/dk\/sample-page\/"},{"@type":"ListItem","position":2,"name":"Vartsfamilie","item":"https:\/\/www.sts-education.com\/dk\/vartsfamilie\/"},{"@type":"ListItem","position":3,"name":"Family Stories","item":"https:\/\/www.sts-education.com\/dk\/vartsfamilie\/family-stories\/"},{"@type":"ListItem","position":4,"name":"Tidligere v\u00e6rtsfamilier fort\u00e6ller","item":"https:\/\/www.sts-education.com\/dk\/vartsfamilie\/family-stories\/tidligere-vartsfamilier-fortaller\/"},{"@type":"ListItem","position":5,"name":"Familien Ahlqwist"}]},{"@type":"WebSite","@id":"https:\/\/www.sts-education.com\/dk\/#website","url":"https:\/\/www.sts-education.com\/dk\/","name":"STS Education","description":"","potentialAction":[{"@type":"SearchAction","target":{"@type":"EntryPoint","urlTemplate":"https:\/\/www.sts-education.com\/dk\/?s={search_term_string}"},"query-input":{"@type":"PropertyValueSpecification","valueRequired":true,"valueName":"search_term_string"}}],"inLanguage":"da-DK"}]}},"_links":{"self":[{"href":"https:\/\/www.sts-education.com\/dk\/wp-json\/wp\/v2\/pages\/10446","targetHints":{"allow":["GET"]}}],"collection":[{"href":"https:\/\/www.sts-education.com\/dk\/wp-json\/wp\/v2\/pages"}],"about":[{"href":"https:\/\/www.sts-education.com\/dk\/wp-json\/wp\/v2\/types\/page"}],"author":[{"embeddable":true,"href":"https:\/\/www.sts-education.com\/dk\/wp-json\/wp\/v2\/users\/20"}],"replies":[{"embeddable":true,"href":"https:\/\/www.sts-education.com\/dk\/wp-json\/wp\/v2\/comments?post=10446"}],"version-history":[{"count":2,"href":"https:\/\/www.sts-education.com\/dk\/wp-json\/wp\/v2\/pages\/10446\/revisions"}],"predecessor-version":[{"id":20681,"href":"https:\/\/www.sts-education.com\/dk\/wp-json\/wp\/v2\/pages\/10446\/revisions\/20681"}],"up":[{"embeddable":true,"href":"https:\/\/www.sts-education.com\/dk\/wp-json\/wp\/v2\/pages\/10425"}],"wp:attachment":[{"href":"https:\/\/www.sts-education.com\/dk\/wp-json\/wp\/v2\/media?parent=10446"}],"wp:term":[{"taxonomy":"wpw_page_folders","embeddable":true,"href":"https:\/\/www.sts-education.com\/dk\/wp-json\/wp\/v2\/wpw_page_folders?post=10446"}],"curies":[{"name":"wp","href":"https:\/\/api.w.org\/{rel}","templated":true}]}}