{"id":10450,"date":"2021-02-11T11:59:32","date_gmt":"2021-02-11T11:59:32","guid":{"rendered":"https:\/\/preprod.sts-education.com\/vartsfamilie\/family-stories\/tidligere-vartsfamilier-fortaller\/kristiansson-sweden\/"},"modified":"2026-04-01T02:44:40","modified_gmt":"2026-04-01T02:44:40","slug":"kristiansson-sweden","status":"publish","type":"page","link":"https:\/\/www.sts-education.com\/dk\/vartsfamilie\/family-stories\/tidligere-vartsfamilier-fortaller\/kristiansson-sweden\/","title":{"rendered":"Kristiansson Sweden"},"content":{"rendered":"\n<div class=\"wp-block-sts-text sts-text-editor has-max-width-md\"><div class=\"sts-text-editor__content\"><div class=\"sts-text-editor__content-inner\">\n<h1>Familien Kristiansson ville v\u00e6re vertsfamilie igjen<\/h1>\n<\/div><\/div><\/div>\n\n\n\n<div class=\"wp-block-sts-text sts-text-editor has-max-width-md\"><div class=\"sts-text-editor__content\"><div class=\"sts-text-editor__content-inner\">\n<p>Vi er en familie som synes det er spennende, morsomt og berikende \u00e5 m\u00f8te nye mennesker og kulturer. Dette gj\u00f8r vi gjerne p\u00e5 sommeren gjennom reiser til ulike verdensdeler. Men n\u00e5 har vi oppdaget at det kan v\u00e6re like spennende \u00e5 la en ny kultur kommer hjem til deg.<\/p>\n<\/div><\/div><\/div>\n\n\n\n<figure class=\"wp-block-sts-image sts-block-image sts-block-image--count-1 has-max-width-md\" data-count=\"1\"><div class=\"sts-block-image__grid\"><div class=\"sts-block-image__item\"><picture class=\"sts-responsive-image has-fit-cover has-pos-top is-skeleton\"><img src=\"https:\/\/cdn.sts-education.com\/12524_hero_md.jpg\" alt=\"Familien Kristiansson ville v\u00e6re vertsfamilie igjen\" loading=\"lazy\" decoding=\"async\" fetchpriority=\"low\" sizes=\"(max-width: 736px) 100vw, 736px\"\/><\/picture><\/div><\/div><\/figure>\n\n\n\n<div class=\"wp-block-sts-text sts-text-editor has-max-width-md\"><div class=\"sts-text-editor__content\"><div class=\"sts-text-editor__content-inner\">\n<p>I l\u00f8pet av h\u00f8stsemesteret er vi hatt gleden av \u00e5 f\u00e5 \u00f8nske to tyske utvekslingselever velkommen, Jonas og Felix. Erfaringene vi har hatt gj\u00f8r at vi kan anbefale p\u00e5 det varmeste \u00e5 v\u00e5ge og ta steget det er \u00e5 f\u00e5 en annen kultur hjem og et nytt familiemedlem.<\/p>\n<p><strong>Familien Kristiansson<\/strong><\/p>\n<\/div><\/div><\/div>\n\n","protected":false},"excerpt":{"rendered":"","protected":false},"author":20,"featured_media":0,"parent":10425,"menu_order":0,"comment_status":"closed","ping_status":"closed","template":"","meta":{"_acf_changed":false,"sts_page_background_color":"","footnotes":""},"wpw_page_folders":[528],"class_list":["post-10450","page","type-page","status-publish","hentry"],"acf":[],"yoast_head":"<!-- This site is optimized with the Yoast SEO Premium plugin v27.2 (Yoast SEO v27.2) - https:\/\/yoast.com\/product\/yoast-seo-premium-wordpress\/ -->\n<title>Kristiansson, Sweden<\/title>\n<meta name=\"robots\" content=\"index, follow, max-snippet:-1, max-image-preview:large, max-video-preview:-1\" \/>\n<link rel=\"canonical\" href=\"https:\/\/www.sts-education.com\/dk\/vartsfamilie\/family-stories\/tidligere-vartsfamilier-fortaller\/kristiansson-sweden\/\" \/>\n<meta property=\"og:locale\" content=\"da_DK\" \/>\n<meta property=\"og:type\" content=\"article\" \/>\n<meta property=\"og:title\" content=\"Kristiansson Sweden\" \/>\n<meta property=\"og:url\" content=\"https:\/\/www.sts-education.com\/dk\/vartsfamilie\/family-stories\/tidligere-vartsfamilier-fortaller\/kristiansson-sweden\/\" \/>\n<meta property=\"og:site_name\" content=\"STS Education\" \/>\n<meta property=\"article:modified_time\" content=\"2026-04-01T02:44:40+00:00\" \/>\n<meta property=\"og:image\" content=\"https:\/\/cdn.sts-education.com\/12524_hero_md.jpg\" \/>\n<meta name=\"twitter:card\" content=\"summary_large_image\" \/>\n<meta name=\"twitter:label1\" content=\"Estimeret l\u00e6setid\" \/>\n\t<meta name=\"twitter:data1\" content=\"1 minut\" \/>\n<script type=\"application\/ld+json\" class=\"yoast-schema-graph\">{\"@context\":\"https:\/\/schema.org\",\"@graph\":[{\"@type\":\"WebPage\",\"@id\":\"https:\/\/www.sts-education.com\/dk\/vartsfamilie\/family-stories\/tidligere-vartsfamilier-fortaller\/kristiansson-sweden\/\",\"url\":\"https:\/\/www.sts-education.com\/dk\/vartsfamilie\/family-stories\/tidligere-vartsfamilier-fortaller\/kristiansson-sweden\/\",\"name\":\"Kristiansson, Sweden\",\"isPartOf\":{\"@id\":\"https:\/\/www.sts-education.com\/dk\/#website\"},\"primaryImageOfPage\":{\"@id\":\"https:\/\/www.sts-education.com\/dk\/vartsfamilie\/family-stories\/tidligere-vartsfamilier-fortaller\/kristiansson-sweden\/#primaryimage\"},\"image\":{\"@id\":\"https:\/\/www.sts-education.com\/dk\/vartsfamilie\/family-stories\/tidligere-vartsfamilier-fortaller\/kristiansson-sweden\/#primaryimage\"},\"thumbnailUrl\":\"https:\/\/cdn.sts-education.com\/12524_hero_md.jpg\",\"datePublished\":\"2021-02-11T11:59:32+00:00\",\"dateModified\":\"2026-04-01T02:44:40+00:00\",\"breadcrumb\":{\"@id\":\"https:\/\/www.sts-education.com\/dk\/vartsfamilie\/family-stories\/tidligere-vartsfamilier-fortaller\/kristiansson-sweden\/#breadcrumb\"},\"inLanguage\":\"da-DK\",\"potentialAction\":[{\"@type\":\"ReadAction\",\"target\":[\"https:\/\/www.sts-education.com\/dk\/vartsfamilie\/family-stories\/tidligere-vartsfamilier-fortaller\/kristiansson-sweden\/\"]}]},{\"@type\":\"ImageObject\",\"inLanguage\":\"da-DK\",\"@id\":\"https:\/\/www.sts-education.com\/dk\/vartsfamilie\/family-stories\/tidligere-vartsfamilier-fortaller\/kristiansson-sweden\/#primaryimage\",\"url\":\"https:\/\/cdn.sts-education.com\/12524_hero_md.jpg\",\"contentUrl\":\"https:\/\/cdn.sts-education.com\/12524_hero_md.jpg\"},{\"@type\":\"BreadcrumbList\",\"@id\":\"https:\/\/www.sts-education.com\/dk\/vartsfamilie\/family-stories\/tidligere-vartsfamilier-fortaller\/kristiansson-sweden\/#breadcrumb\",\"itemListElement\":[{\"@type\":\"ListItem\",\"position\":1,\"name\":\"Home\",\"item\":\"https:\/\/www.sts-education.com\/dk\/sample-page\/\"},{\"@type\":\"ListItem\",\"position\":2,\"name\":\"Vartsfamilie\",\"item\":\"https:\/\/www.sts-education.com\/dk\/vartsfamilie\/\"},{\"@type\":\"ListItem\",\"position\":3,\"name\":\"Family Stories\",\"item\":\"https:\/\/www.sts-education.com\/dk\/vartsfamilie\/family-stories\/\"},{\"@type\":\"ListItem\",\"position\":4,\"name\":\"Tidligere v\u00e6rtsfamilier fort\u00e6ller\",\"item\":\"https:\/\/www.sts-education.com\/dk\/vartsfamilie\/family-stories\/tidligere-vartsfamilier-fortaller\/\"},{\"@type\":\"ListItem\",\"position\":5,\"name\":\"Kristiansson Sweden\"}]},{\"@type\":\"WebSite\",\"@id\":\"https:\/\/www.sts-education.com\/dk\/#website\",\"url\":\"https:\/\/www.sts-education.com\/dk\/\",\"name\":\"STS Education\",\"description\":\"\",\"potentialAction\":[{\"@type\":\"SearchAction\",\"target\":{\"@type\":\"EntryPoint\",\"urlTemplate\":\"https:\/\/www.sts-education.com\/dk\/?s={search_term_string}\"},\"query-input\":{\"@type\":\"PropertyValueSpecification\",\"valueRequired\":true,\"valueName\":\"search_term_string\"}}],\"inLanguage\":\"da-DK\"}]}<\/script>\n<!-- \/ Yoast SEO Premium plugin. -->","yoast_head_json":{"title":"Kristiansson, Sweden","robots":{"index":"index","follow":"follow","max-snippet":"max-snippet:-1","max-image-preview":"max-image-preview:large","max-video-preview":"max-video-preview:-1"},"canonical":"https:\/\/www.sts-education.com\/dk\/vartsfamilie\/family-stories\/tidligere-vartsfamilier-fortaller\/kristiansson-sweden\/","og_locale":"da_DK","og_type":"article","og_title":"Kristiansson Sweden","og_url":"https:\/\/www.sts-education.com\/dk\/vartsfamilie\/family-stories\/tidligere-vartsfamilier-fortaller\/kristiansson-sweden\/","og_site_name":"STS Education","article_modified_time":"2026-04-01T02:44:40+00:00","og_image":[{"url":"https:\/\/cdn.sts-education.com\/12524_hero_md.jpg","type":"","width":"","height":""}],"twitter_card":"summary_large_image","twitter_misc":{"Estimeret l\u00e6setid":"1 minut"},"schema":{"@context":"https:\/\/schema.org","@graph":[{"@type":"WebPage","@id":"https:\/\/www.sts-education.com\/dk\/vartsfamilie\/family-stories\/tidligere-vartsfamilier-fortaller\/kristiansson-sweden\/","url":"https:\/\/www.sts-education.com\/dk\/vartsfamilie\/family-stories\/tidligere-vartsfamilier-fortaller\/kristiansson-sweden\/","name":"Kristiansson, Sweden","isPartOf":{"@id":"https:\/\/www.sts-education.com\/dk\/#website"},"primaryImageOfPage":{"@id":"https:\/\/www.sts-education.com\/dk\/vartsfamilie\/family-stories\/tidligere-vartsfamilier-fortaller\/kristiansson-sweden\/#primaryimage"},"image":{"@id":"https:\/\/www.sts-education.com\/dk\/vartsfamilie\/family-stories\/tidligere-vartsfamilier-fortaller\/kristiansson-sweden\/#primaryimage"},"thumbnailUrl":"https:\/\/cdn.sts-education.com\/12524_hero_md.jpg","datePublished":"2021-02-11T11:59:32+00:00","dateModified":"2026-04-01T02:44:40+00:00","breadcrumb":{"@id":"https:\/\/www.sts-education.com\/dk\/vartsfamilie\/family-stories\/tidligere-vartsfamilier-fortaller\/kristiansson-sweden\/#breadcrumb"},"inLanguage":"da-DK","potentialAction":[{"@type":"ReadAction","target":["https:\/\/www.sts-education.com\/dk\/vartsfamilie\/family-stories\/tidligere-vartsfamilier-fortaller\/kristiansson-sweden\/"]}]},{"@type":"ImageObject","inLanguage":"da-DK","@id":"https:\/\/www.sts-education.com\/dk\/vartsfamilie\/family-stories\/tidligere-vartsfamilier-fortaller\/kristiansson-sweden\/#primaryimage","url":"https:\/\/cdn.sts-education.com\/12524_hero_md.jpg","contentUrl":"https:\/\/cdn.sts-education.com\/12524_hero_md.jpg"},{"@type":"BreadcrumbList","@id":"https:\/\/www.sts-education.com\/dk\/vartsfamilie\/family-stories\/tidligere-vartsfamilier-fortaller\/kristiansson-sweden\/#breadcrumb","itemListElement":[{"@type":"ListItem","position":1,"name":"Home","item":"https:\/\/www.sts-education.com\/dk\/sample-page\/"},{"@type":"ListItem","position":2,"name":"Vartsfamilie","item":"https:\/\/www.sts-education.com\/dk\/vartsfamilie\/"},{"@type":"ListItem","position":3,"name":"Family Stories","item":"https:\/\/www.sts-education.com\/dk\/vartsfamilie\/family-stories\/"},{"@type":"ListItem","position":4,"name":"Tidligere v\u00e6rtsfamilier fort\u00e6ller","item":"https:\/\/www.sts-education.com\/dk\/vartsfamilie\/family-stories\/tidligere-vartsfamilier-fortaller\/"},{"@type":"ListItem","position":5,"name":"Kristiansson Sweden"}]},{"@type":"WebSite","@id":"https:\/\/www.sts-education.com\/dk\/#website","url":"https:\/\/www.sts-education.com\/dk\/","name":"STS Education","description":"","potentialAction":[{"@type":"SearchAction","target":{"@type":"EntryPoint","urlTemplate":"https:\/\/www.sts-education.com\/dk\/?s={search_term_string}"},"query-input":{"@type":"PropertyValueSpecification","valueRequired":true,"valueName":"search_term_string"}}],"inLanguage":"da-DK"}]}},"_links":{"self":[{"href":"https:\/\/www.sts-education.com\/dk\/wp-json\/wp\/v2\/pages\/10450","targetHints":{"allow":["GET"]}}],"collection":[{"href":"https:\/\/www.sts-education.com\/dk\/wp-json\/wp\/v2\/pages"}],"about":[{"href":"https:\/\/www.sts-education.com\/dk\/wp-json\/wp\/v2\/types\/page"}],"author":[{"embeddable":true,"href":"https:\/\/www.sts-education.com\/dk\/wp-json\/wp\/v2\/users\/20"}],"replies":[{"embeddable":true,"href":"https:\/\/www.sts-education.com\/dk\/wp-json\/wp\/v2\/comments?post=10450"}],"version-history":[{"count":2,"href":"https:\/\/www.sts-education.com\/dk\/wp-json\/wp\/v2\/pages\/10450\/revisions"}],"predecessor-version":[{"id":20657,"href":"https:\/\/www.sts-education.com\/dk\/wp-json\/wp\/v2\/pages\/10450\/revisions\/20657"}],"up":[{"embeddable":true,"href":"https:\/\/www.sts-education.com\/dk\/wp-json\/wp\/v2\/pages\/10425"}],"wp:attachment":[{"href":"https:\/\/www.sts-education.com\/dk\/wp-json\/wp\/v2\/media?parent=10450"}],"wp:term":[{"taxonomy":"wpw_page_folders","embeddable":true,"href":"https:\/\/www.sts-education.com\/dk\/wp-json\/wp\/v2\/wpw_page_folders?post=10450"}],"curies":[{"name":"wp","href":"https:\/\/api.w.org\/{rel}","templated":true}]}}