{"id":10451,"date":"2021-02-22T13:05:25","date_gmt":"2021-02-22T13:05:25","guid":{"rendered":"https:\/\/preprod.sts-education.com\/vartsfamilie\/family-stories\/tidligere-vartsfamilier-fortaller\/larsson\/"},"modified":"2026-04-01T02:44:47","modified_gmt":"2026-04-01T02:44:47","slug":"larsson","status":"publish","type":"page","link":"https:\/\/www.sts-education.com\/dk\/vartsfamilie\/family-stories\/tidligere-vartsfamilier-fortaller\/larsson\/","title":{"rendered":"Larsson"},"content":{"rendered":"\n<div class=\"wp-block-sts-text sts-text-editor has-max-width-md\"><div class=\"sts-text-editor__content\"><div class=\"sts-text-editor__content-inner\">\n<h1>&quot;Det er en fantastisk ting at g\u00f8re, og man l\u00e6rer virkelig meget!&quot;<\/h1>\n<\/div><\/div><\/div>\n\n\n\n<div class=\"wp-block-sts-text sts-text-editor has-max-width-md\"><div class=\"sts-text-editor__content\"><div class=\"sts-text-editor__content-inner\">\n<p>Hver v\u00e6rtsfamilie og udvekslingsstudent opbygger deres egne rutiner, minder og finder f\u00e6lles interesser i l\u00f8bet af udvekslingsperioden sammen. For Tine, \u00c5sa, Stefan og Tella, som bor i Arjeplog, betyder det rensdyrhyrder, nordlys og floorball. Tine, en tysk gymnasieelev fra M\u00fcnchen, har fundet sit nye hjem sammen med sine v\u00e6rtsfor\u00e6ldre \u00c5sa og Stefan og deres datter Tella, der bor i Norrbotten, den geografiske region, der ligger i den nordligste del af Sverige.<\/p>\n\n<p>Til sp\u00f8rgsm\u00e5let om, hvordan det f\u00f8les at bo p\u00e5 s\u00e5dan et lille sted s\u00e5 h\u00f8jt oppe nordp\u00e5 i landet, svarer Tine, hvor venlige folk er i Arjeplog, og hvordan det m\u00e5ske h\u00e6nger sammen med, at det er et lille samfund, hvor de fleste kender hinanden p\u00e5 den ene eller anden m\u00e5de. Hun blev ogs\u00e5 s\u00e5 glad for at se, at alle i skolen er venlige, og det helt anderledes forhold mellem l\u00e6rere og elever, som viser, at der faktisk er en m\u00e5de at g\u00f8re det sjovt at g\u00e5 i skole p\u00e5! &#8220;N\u00e5r nogen her sp\u00f8rger, hvordan du har det, vil de faktisk gerne vide det!&#8221;.<\/p>\n<\/div><\/div><\/div>\n\n\n\n<figure class=\"wp-block-sts-image sts-block-image sts-block-image--count-1 has-max-width-md\" data-count=\"1\"><div class=\"sts-block-image__grid\"><div class=\"sts-block-image__item\"><picture class=\"sts-responsive-image has-fit-cover has-pos-top is-skeleton\"><img src=\"https:\/\/cdn.sts-education.com\/11809_hero_md.jpg\" alt=\"&quot;Det er en fantastisk ting at g\u00f8re, og man l\u00e6rer virkelig meget!&quot;\" loading=\"lazy\" decoding=\"async\" fetchpriority=\"low\" sizes=\"(max-width: 736px) 100vw, 736px\"\/><\/picture><\/div><\/div><\/figure>\n\n\n\n<div class=\"wp-block-sts-text sts-text-editor has-max-width-md\"><div class=\"sts-text-editor__content\"><div class=\"sts-text-editor__content-inner\">\n<h2>Naturen som f\u00e6lles interesse<\/h2>\n<p>Naturen er en af de hovedinteresser, som b\u00e5de Tine og hendes v\u00e6rtsfor\u00e6ldre har til f\u00e6lles. De kan alle lide vinter og udend\u00f8rs aktiviteter. M\u00f8rket er ikke et problem for Tine, da der stadig er mange aktiviteter at lave, selv n\u00e5r det er m\u00f8rkt og koldt. &quot;For eksempel er der et skisportssted lige uden for Arjeplog, som vi gerne tager til i weekenden, en gang om ugen g\u00e5r jeg til ridning, og jeg har ogs\u00e5 meldt mig ind p\u00e5 et floorballhold&quot;. Naturen var ogs\u00e5 en af grundene til, at Tine besluttede sig for at flytte midlertidigt til Sverige. &quot;For et par \u00e5r siden tog jeg p\u00e5 en cykeltur fra Oslo til G\u00f6teborg med min tyske familie, og jeg blev forelsket i den svenske natur.&quot;<\/p>\n<p>Stefan tilf\u00f8jer, at de har nogle rensdyr. Rensdyrene bliver passet af venner af familien, som er rensdyravlere, og nogle gange bes\u00f8ger de dem for at hj\u00e6lpe med dyrene. Da Tine er en del af familien, hj\u00e6lper hun ogs\u00e5 til med rensdyrene. Det er en chance for hende til at l\u00e6re den samiske kultur at kende, noget helt nyt for hende.<\/p>\n<p>N\u00e5r det kommer til hjemve og at holde kontakten med venner og familie i Tyskland, siger Tine, at &quot;det var ret sv\u00e6rt at have kontakt med min familie og mine venner uden at f\u00f8le sig hjemve, og derfor valgte jeg i starten ikke at holde kontakten s\u00e5 meget. Og nu kan jeg slet ikke forestille mig at tage hjem igen, det er helt vildt, at jeg kun har fem m\u00e5neder tilbage her!&quot;<\/p>\n<\/div><\/div><\/div>\n\n\n\n<figure class=\"wp-block-sts-image sts-block-image sts-block-image--count-1 has-max-width-md\" data-count=\"1\"><div class=\"sts-block-image__grid\"><div class=\"sts-block-image__item\"><picture class=\"sts-responsive-image has-fit-cover has-pos-top is-skeleton\"><img src=\"https:\/\/cdn.sts-education.com\/11810_hero_md.jpg\" alt=\"&quot;Det er en fantastisk ting at g\u00f8re, og man l\u00e6rer virkelig meget!&quot;\" loading=\"lazy\" decoding=\"async\" fetchpriority=\"low\" sizes=\"(max-width: 736px) 100vw, 736px\"\/><\/picture><\/div><\/div><\/figure>\n\n\n\n<div class=\"wp-block-sts-text sts-text-editor has-max-width-md\"><div class=\"sts-text-editor__content\"><div class=\"sts-text-editor__content-inner\">\n<h2>V\u00e6rtsfamilie for anden gang<\/h2>\n<p>\u00c5sa og Stefan har allerede v\u00e6ret v\u00e6rter for en udvekslingsstudent tidligere, og det er stadig sp\u00e6ndende at v\u00e6re v\u00e6rtsfamilie for anden gang. Tingene er blevet nemmere anden gang. &quot;Der er ting, vi er lidt mere forberedte p\u00e5, alt er meget mere afslappet&quot;, siger \u00c5sa og tilf\u00f8jer, at de f\u00f8lte, at de kunne v\u00e6re lidt strengere med det svenske sprog, da de ved, hvor vigtigt det er for skolearbejdet. &quot;En anden ting, vi inds\u00e5 efter at have v\u00e6ret v\u00e6rter for vores f\u00f8rste udvekslingsstudent, var vigtigheden af den studerendes alder, og hvordan det p\u00e5virker den studerendes sociale liv generelt. Da vi for eksempel vidste, at eleven skulle g\u00e5 i gymnasiet det f\u00f8rste \u00e5r, og mange lande starter i skole et \u00e5r tidligere, besluttede vi at v\u00e6lge en, der var 16 \u00e5r. P\u00e5 den m\u00e5de ville klassekammeraterne v\u00e6re p\u00e5 samme alder.<\/p>\n<\/div><\/div><\/div>\n\n\n\n<figure class=\"wp-block-sts-image sts-block-image sts-block-image--count-1 has-max-width-md\" data-count=\"1\"><div class=\"sts-block-image__grid\"><div class=\"sts-block-image__item\"><picture class=\"sts-responsive-image has-fit-cover has-pos-top is-skeleton\"><img src=\"https:\/\/cdn.sts-education.com\/11811_hero_md.jpg\" alt=\"&quot;Det er en fantastisk ting at g\u00f8re, og man l\u00e6rer virkelig meget!&quot;\" loading=\"lazy\" decoding=\"async\" fetchpriority=\"low\" sizes=\"(max-width: 736px) 100vw, 736px\"\/><\/picture><\/div><\/div><\/figure>\n\n\n\n<div class=\"wp-block-sts-text sts-text-editor has-max-width-md\"><div class=\"sts-text-editor__content\"><div class=\"sts-text-editor__content-inner\">\n<h2>Ans\u00f8gningen er vigtig for et godt match<\/h2>\n<p>At v\u00e6re v\u00e6rt for en ukendt person er allerede en udfordring, s\u00e5 det er vigtigt at indsamle s\u00e5 mange oplysninger som muligt fra starten. Jeg vil r\u00e5de alle udvekslingsstuderende til at udfylde deres pr\u00e6ferencer og interesser s\u00e5 godt som muligt, s\u00e5 deres oplevelse som udvekslingsstuderende kan blive en succes. &quot;<\/p>\n<p>\u00c5sa og Stefan opfordrer alle til at overveje at blive v\u00e6rtsfamilie, &quot;det er en fantastisk ting at g\u00f8re, og man l\u00e6rer virkelig meget. Man f\u00e5r venner for livet,&quot; siger \u00c5sa mod slutningen af samtalen.<\/p>\n<p>At ans\u00f8ge om et udvekslingsprogram vil h\u00f8jst sandsynligt starte en sp\u00e6nding, og det vil sandsynligvis v\u00e6re noget, du t\u00e6nker meget p\u00e5. Du er nysgerrig efter at vide, hvem din fremtidige v\u00e6rtsfamilie vil v\u00e6re, ankomme til v\u00e6rtslandet og begynde at m\u00f8de de daglige oplevelser. Men husk, at det f\u00f8rste skridt mod en udvekslingsoplevelse allerede starter med ans\u00f8gningsprocessen. Som \u00c5sa understreger, var det vigtigt for dem, at deres v\u00e6rtsfamilieans\u00f8gning og elevans\u00f8gning gav et realistisk billede af dem begge for virkelig at s\u00e6tte forventningerne, lige f\u00f8r udvekslingen startede.<\/p>\n<p>Sverige er s\u00e5 stort og mangfoldigt et land, som i de forskellige regioner viser en r\u00e6kke kulturelle forskelle og milj\u00f8er. Tines oplevelse bekr\u00e6fter, hvor tilfredsstillende og givende et udvekslings\u00e5r kan v\u00e6re, selv &#8211; eller is\u00e6r &#8211; n\u00e5r man kommer fra en storby, man er tryg ved, til en mindre landsby isoleret fra st\u00f8rre samfund og med nye muligheder og aktiviteter, man ikke er vant til. N\u00e5r man sp\u00f8rger udvekslingsstuderende i Sverige, hvorfor de valgte at komme hertil, svarer mange; p\u00e5 grund af den smukke natur, skolesystemet eller skandinavernes venlighed i almindelighed. Tine synes, at hun fik lov til at opleve alle disse grunde.<\/p>\n<p><strong>Familien Larsson, Sverige<\/strong><\/p>\n<\/div><\/div><\/div>\n\n","protected":false},"excerpt":{"rendered":"","protected":false},"author":20,"featured_media":0,"parent":10425,"menu_order":0,"comment_status":"closed","ping_status":"closed","template":"","meta":{"_acf_changed":false,"sts_page_background_color":"","footnotes":""},"wpw_page_folders":[528],"class_list":["post-10451","page","type-page","status-publish","hentry"],"acf":[],"yoast_head":"<!-- This site is optimized with the Yoast SEO Premium plugin v27.2 (Yoast SEO v27.2) - https:\/\/yoast.com\/product\/yoast-seo-premium-wordpress\/ -->\n<title>Familien Larsson, Sverige<\/title>\n<meta name=\"robots\" content=\"index, follow, max-snippet:-1, max-image-preview:large, max-video-preview:-1\" \/>\n<link rel=\"canonical\" href=\"https:\/\/www.sts-education.com\/dk\/vartsfamilie\/family-stories\/tidligere-vartsfamilier-fortaller\/larsson\/\" \/>\n<meta property=\"og:locale\" content=\"da_DK\" \/>\n<meta property=\"og:type\" content=\"article\" \/>\n<meta property=\"og:title\" content=\"Larsson\" \/>\n<meta property=\"og:url\" content=\"https:\/\/www.sts-education.com\/dk\/vartsfamilie\/family-stories\/tidligere-vartsfamilier-fortaller\/larsson\/\" \/>\n<meta property=\"og:site_name\" content=\"STS Education\" \/>\n<meta property=\"article:modified_time\" content=\"2026-04-01T02:44:47+00:00\" \/>\n<meta property=\"og:image\" content=\"https:\/\/cdn.sts-education.com\/11809_hero_md.jpg\" \/>\n<meta name=\"twitter:card\" content=\"summary_large_image\" \/>\n<meta name=\"twitter:label1\" content=\"Estimeret l\u00e6setid\" \/>\n\t<meta name=\"twitter:data1\" content=\"5 minutter\" \/>\n<script type=\"application\/ld+json\" class=\"yoast-schema-graph\">{\"@context\":\"https:\/\/schema.org\",\"@graph\":[{\"@type\":\"WebPage\",\"@id\":\"https:\/\/www.sts-education.com\/dk\/vartsfamilie\/family-stories\/tidligere-vartsfamilier-fortaller\/larsson\/\",\"url\":\"https:\/\/www.sts-education.com\/dk\/vartsfamilie\/family-stories\/tidligere-vartsfamilier-fortaller\/larsson\/\",\"name\":\"Familien Larsson, Sverige\",\"isPartOf\":{\"@id\":\"https:\/\/www.sts-education.com\/dk\/#website\"},\"primaryImageOfPage\":{\"@id\":\"https:\/\/www.sts-education.com\/dk\/vartsfamilie\/family-stories\/tidligere-vartsfamilier-fortaller\/larsson\/#primaryimage\"},\"image\":{\"@id\":\"https:\/\/www.sts-education.com\/dk\/vartsfamilie\/family-stories\/tidligere-vartsfamilier-fortaller\/larsson\/#primaryimage\"},\"thumbnailUrl\":\"https:\/\/cdn.sts-education.com\/11809_hero_md.jpg\",\"datePublished\":\"2021-02-22T13:05:25+00:00\",\"dateModified\":\"2026-04-01T02:44:47+00:00\",\"breadcrumb\":{\"@id\":\"https:\/\/www.sts-education.com\/dk\/vartsfamilie\/family-stories\/tidligere-vartsfamilier-fortaller\/larsson\/#breadcrumb\"},\"inLanguage\":\"da-DK\",\"potentialAction\":[{\"@type\":\"ReadAction\",\"target\":[\"https:\/\/www.sts-education.com\/dk\/vartsfamilie\/family-stories\/tidligere-vartsfamilier-fortaller\/larsson\/\"]}]},{\"@type\":\"ImageObject\",\"inLanguage\":\"da-DK\",\"@id\":\"https:\/\/www.sts-education.com\/dk\/vartsfamilie\/family-stories\/tidligere-vartsfamilier-fortaller\/larsson\/#primaryimage\",\"url\":\"https:\/\/cdn.sts-education.com\/11809_hero_md.jpg\",\"contentUrl\":\"https:\/\/cdn.sts-education.com\/11809_hero_md.jpg\"},{\"@type\":\"BreadcrumbList\",\"@id\":\"https:\/\/www.sts-education.com\/dk\/vartsfamilie\/family-stories\/tidligere-vartsfamilier-fortaller\/larsson\/#breadcrumb\",\"itemListElement\":[{\"@type\":\"ListItem\",\"position\":1,\"name\":\"Home\",\"item\":\"https:\/\/www.sts-education.com\/dk\/sample-page\/\"},{\"@type\":\"ListItem\",\"position\":2,\"name\":\"Vartsfamilie\",\"item\":\"https:\/\/www.sts-education.com\/dk\/vartsfamilie\/\"},{\"@type\":\"ListItem\",\"position\":3,\"name\":\"Family Stories\",\"item\":\"https:\/\/www.sts-education.com\/dk\/vartsfamilie\/family-stories\/\"},{\"@type\":\"ListItem\",\"position\":4,\"name\":\"Tidligere v\u00e6rtsfamilier fort\u00e6ller\",\"item\":\"https:\/\/www.sts-education.com\/dk\/vartsfamilie\/family-stories\/tidligere-vartsfamilier-fortaller\/\"},{\"@type\":\"ListItem\",\"position\":5,\"name\":\"Larsson\"}]},{\"@type\":\"WebSite\",\"@id\":\"https:\/\/www.sts-education.com\/dk\/#website\",\"url\":\"https:\/\/www.sts-education.com\/dk\/\",\"name\":\"STS Education\",\"description\":\"\",\"potentialAction\":[{\"@type\":\"SearchAction\",\"target\":{\"@type\":\"EntryPoint\",\"urlTemplate\":\"https:\/\/www.sts-education.com\/dk\/?s={search_term_string}\"},\"query-input\":{\"@type\":\"PropertyValueSpecification\",\"valueRequired\":true,\"valueName\":\"search_term_string\"}}],\"inLanguage\":\"da-DK\"}]}<\/script>\n<!-- \/ Yoast SEO Premium plugin. -->","yoast_head_json":{"title":"Familien Larsson, Sverige","robots":{"index":"index","follow":"follow","max-snippet":"max-snippet:-1","max-image-preview":"max-image-preview:large","max-video-preview":"max-video-preview:-1"},"canonical":"https:\/\/www.sts-education.com\/dk\/vartsfamilie\/family-stories\/tidligere-vartsfamilier-fortaller\/larsson\/","og_locale":"da_DK","og_type":"article","og_title":"Larsson","og_url":"https:\/\/www.sts-education.com\/dk\/vartsfamilie\/family-stories\/tidligere-vartsfamilier-fortaller\/larsson\/","og_site_name":"STS Education","article_modified_time":"2026-04-01T02:44:47+00:00","og_image":[{"url":"https:\/\/cdn.sts-education.com\/11809_hero_md.jpg","type":"","width":"","height":""}],"twitter_card":"summary_large_image","twitter_misc":{"Estimeret l\u00e6setid":"5 minutter"},"schema":{"@context":"https:\/\/schema.org","@graph":[{"@type":"WebPage","@id":"https:\/\/www.sts-education.com\/dk\/vartsfamilie\/family-stories\/tidligere-vartsfamilier-fortaller\/larsson\/","url":"https:\/\/www.sts-education.com\/dk\/vartsfamilie\/family-stories\/tidligere-vartsfamilier-fortaller\/larsson\/","name":"Familien Larsson, Sverige","isPartOf":{"@id":"https:\/\/www.sts-education.com\/dk\/#website"},"primaryImageOfPage":{"@id":"https:\/\/www.sts-education.com\/dk\/vartsfamilie\/family-stories\/tidligere-vartsfamilier-fortaller\/larsson\/#primaryimage"},"image":{"@id":"https:\/\/www.sts-education.com\/dk\/vartsfamilie\/family-stories\/tidligere-vartsfamilier-fortaller\/larsson\/#primaryimage"},"thumbnailUrl":"https:\/\/cdn.sts-education.com\/11809_hero_md.jpg","datePublished":"2021-02-22T13:05:25+00:00","dateModified":"2026-04-01T02:44:47+00:00","breadcrumb":{"@id":"https:\/\/www.sts-education.com\/dk\/vartsfamilie\/family-stories\/tidligere-vartsfamilier-fortaller\/larsson\/#breadcrumb"},"inLanguage":"da-DK","potentialAction":[{"@type":"ReadAction","target":["https:\/\/www.sts-education.com\/dk\/vartsfamilie\/family-stories\/tidligere-vartsfamilier-fortaller\/larsson\/"]}]},{"@type":"ImageObject","inLanguage":"da-DK","@id":"https:\/\/www.sts-education.com\/dk\/vartsfamilie\/family-stories\/tidligere-vartsfamilier-fortaller\/larsson\/#primaryimage","url":"https:\/\/cdn.sts-education.com\/11809_hero_md.jpg","contentUrl":"https:\/\/cdn.sts-education.com\/11809_hero_md.jpg"},{"@type":"BreadcrumbList","@id":"https:\/\/www.sts-education.com\/dk\/vartsfamilie\/family-stories\/tidligere-vartsfamilier-fortaller\/larsson\/#breadcrumb","itemListElement":[{"@type":"ListItem","position":1,"name":"Home","item":"https:\/\/www.sts-education.com\/dk\/sample-page\/"},{"@type":"ListItem","position":2,"name":"Vartsfamilie","item":"https:\/\/www.sts-education.com\/dk\/vartsfamilie\/"},{"@type":"ListItem","position":3,"name":"Family Stories","item":"https:\/\/www.sts-education.com\/dk\/vartsfamilie\/family-stories\/"},{"@type":"ListItem","position":4,"name":"Tidligere v\u00e6rtsfamilier fort\u00e6ller","item":"https:\/\/www.sts-education.com\/dk\/vartsfamilie\/family-stories\/tidligere-vartsfamilier-fortaller\/"},{"@type":"ListItem","position":5,"name":"Larsson"}]},{"@type":"WebSite","@id":"https:\/\/www.sts-education.com\/dk\/#website","url":"https:\/\/www.sts-education.com\/dk\/","name":"STS Education","description":"","potentialAction":[{"@type":"SearchAction","target":{"@type":"EntryPoint","urlTemplate":"https:\/\/www.sts-education.com\/dk\/?s={search_term_string}"},"query-input":{"@type":"PropertyValueSpecification","valueRequired":true,"valueName":"search_term_string"}}],"inLanguage":"da-DK"}]}},"_links":{"self":[{"href":"https:\/\/www.sts-education.com\/dk\/wp-json\/wp\/v2\/pages\/10451","targetHints":{"allow":["GET"]}}],"collection":[{"href":"https:\/\/www.sts-education.com\/dk\/wp-json\/wp\/v2\/pages"}],"about":[{"href":"https:\/\/www.sts-education.com\/dk\/wp-json\/wp\/v2\/types\/page"}],"author":[{"embeddable":true,"href":"https:\/\/www.sts-education.com\/dk\/wp-json\/wp\/v2\/users\/20"}],"replies":[{"embeddable":true,"href":"https:\/\/www.sts-education.com\/dk\/wp-json\/wp\/v2\/comments?post=10451"}],"version-history":[{"count":2,"href":"https:\/\/www.sts-education.com\/dk\/wp-json\/wp\/v2\/pages\/10451\/revisions"}],"predecessor-version":[{"id":20660,"href":"https:\/\/www.sts-education.com\/dk\/wp-json\/wp\/v2\/pages\/10451\/revisions\/20660"}],"up":[{"embeddable":true,"href":"https:\/\/www.sts-education.com\/dk\/wp-json\/wp\/v2\/pages\/10425"}],"wp:attachment":[{"href":"https:\/\/www.sts-education.com\/dk\/wp-json\/wp\/v2\/media?parent=10451"}],"wp:term":[{"taxonomy":"wpw_page_folders","embeddable":true,"href":"https:\/\/www.sts-education.com\/dk\/wp-json\/wp\/v2\/wpw_page_folders?post=10451"}],"curies":[{"name":"wp","href":"https:\/\/api.w.org\/{rel}","templated":true}]}}