{"id":10452,"date":"2022-12-19T15:21:53","date_gmt":"2022-12-19T15:21:53","guid":{"rendered":"https:\/\/preprod.sts-education.com\/vartsfamilie\/family-stories\/tidligere-vartsfamilier-fortaller\/leanne-roger\/"},"modified":"2026-03-25T14:23:45","modified_gmt":"2026-03-25T14:23:45","slug":"leanne-roger","status":"publish","type":"page","link":"https:\/\/www.sts-education.com\/dk\/vartsfamilie\/family-stories\/tidligere-vartsfamilier-fortaller\/leanne-roger\/","title":{"rendered":"Leanne Roger"},"content":{"rendered":"\n<div class=\"wp-block-sts-text sts-text-editor has-max-width-md\"><div class=\"sts-text-editor__content\"><div class=\"sts-text-editor__content-inner\">\n<h1>Vores store globale familie<\/h1>\n<\/div><\/div><\/div>\n\n\n\n<div class=\"wp-block-sts-text sts-text-editor has-max-width-md\"><div class=\"sts-text-editor__content\"><div class=\"sts-text-editor__content-inner\">\n<p>Leanne &amp; Roger Rouse fra New Zealand er en af vores superv\u00e6rtsfamilier. I alt har de v\u00e6ret v\u00e6rter for 12 studerende fra Europa og Sydamerika! De fort\u00e6ller os:<\/p>\n\n<p>&#8220;V\u00e6rtskabet har virkelig givet os en stor, verdensomsp\u00e6ndende familie. At have alle de unge mennesker g\u00e5ende gennem vores d\u00f8r har v\u00e6ret den bedste beslutning, vi nogensinde har truffet. Den dag i dag siger vores egne b\u00f8rn, som nu er i tyverne og trediverne, at deres bedste venner er de udvekslingsstuderende, vi har haft i vores hjem.<\/p>\n<\/div><\/div><\/div>\n\n\n\n<figure class=\"wp-block-sts-image sts-block-image sts-block-image--count-1 has-max-width-md\" data-count=\"1\"><div class=\"sts-block-image__grid\"><div class=\"sts-block-image__item\"><picture class=\"sts-responsive-image has-fit-cover has-pos-top is-skeleton\"><img src=\"https:\/\/cdn.sts-education.com\/12559_hero_md.jpg\" alt=\"Vores store globale familie\" loading=\"lazy\" decoding=\"async\" fetchpriority=\"low\" sizes=\"(max-width: 736px) 100vw, 736px\"\/><\/picture><\/div><\/div><\/figure>\n\n\n\n<div class=\"wp-block-sts-text sts-text-editor has-max-width-md\"><div class=\"sts-text-editor__content\"><div class=\"sts-text-editor__content-inner\">\n<p>Julen er noget helt s\u00e6rligt for os. Efter at have v\u00e6ret v\u00e6rter i alle de \u00e5r er der ikke en eneste jul uden tidligere udvekslingsstudenter, der vender tilbage for at bes\u00f8ge os og tilf\u00f8je sjov og latter til vores hjem. Nogen sagde engang, at hvis alle verdens ledere kom p\u00e5 bes\u00f8g og s\u00e5 alle de forskellige kulturer grine og lave sjov sammen, ville der ikke v\u00e6re flere krige.<\/p>\n<p>At bringe verden til vores familie er grunden til, at vi begyndte at v\u00e6re v\u00e6rter for mange \u00e5r siden. Og sikke en smuk oplevelse det har v\u00e6ret!&quot;<\/p>\n<p><strong>Leanne &amp; Roger Rouse, New Zealand<\/strong><\/p>\n<\/div><\/div><\/div>\n\n","protected":false},"excerpt":{"rendered":"","protected":false},"author":20,"featured_media":0,"parent":10425,"menu_order":0,"comment_status":"closed","ping_status":"closed","template":"","meta":{"_acf_changed":false,"sts_page_background_color":"","footnotes":""},"wpw_page_folders":[528],"class_list":["post-10452","page","type-page","status-publish","hentry"],"acf":[],"yoast_head":"<!-- This site is optimized with the Yoast SEO Premium plugin v27.2 (Yoast SEO v27.2) - https:\/\/yoast.com\/product\/yoast-seo-premium-wordpress\/ -->\n<title>Leanne Roger - STS Education<\/title>\n<meta name=\"robots\" content=\"index, follow, max-snippet:-1, max-image-preview:large, max-video-preview:-1\" \/>\n<link rel=\"canonical\" href=\"https:\/\/www.sts-education.com\/dk\/vartsfamilie\/family-stories\/tidligere-vartsfamilier-fortaller\/leanne-roger\/\" \/>\n<meta property=\"og:locale\" content=\"da_DK\" \/>\n<meta property=\"og:type\" content=\"article\" \/>\n<meta property=\"og:title\" content=\"Leanne Roger\" \/>\n<meta property=\"og:url\" content=\"https:\/\/www.sts-education.com\/dk\/vartsfamilie\/family-stories\/tidligere-vartsfamilier-fortaller\/leanne-roger\/\" \/>\n<meta property=\"og:site_name\" content=\"STS Education\" \/>\n<meta property=\"article:modified_time\" content=\"2026-03-25T14:23:45+00:00\" \/>\n<meta property=\"og:image\" content=\"https:\/\/cdn.sts-education.com\/12559_hero_md.jpg\" \/>\n<meta name=\"twitter:card\" content=\"summary_large_image\" \/>\n<meta name=\"twitter:label1\" content=\"Estimeret l\u00e6setid\" \/>\n\t<meta name=\"twitter:data1\" content=\"1 minut\" \/>\n<script type=\"application\/ld+json\" class=\"yoast-schema-graph\">{\"@context\":\"https:\/\/schema.org\",\"@graph\":[{\"@type\":\"WebPage\",\"@id\":\"https:\/\/www.sts-education.com\/dk\/vartsfamilie\/family-stories\/tidligere-vartsfamilier-fortaller\/leanne-roger\/\",\"url\":\"https:\/\/www.sts-education.com\/dk\/vartsfamilie\/family-stories\/tidligere-vartsfamilier-fortaller\/leanne-roger\/\",\"name\":\"Leanne Roger - STS Education\",\"isPartOf\":{\"@id\":\"https:\/\/www.sts-education.com\/dk\/#website\"},\"primaryImageOfPage\":{\"@id\":\"https:\/\/www.sts-education.com\/dk\/vartsfamilie\/family-stories\/tidligere-vartsfamilier-fortaller\/leanne-roger\/#primaryimage\"},\"image\":{\"@id\":\"https:\/\/www.sts-education.com\/dk\/vartsfamilie\/family-stories\/tidligere-vartsfamilier-fortaller\/leanne-roger\/#primaryimage\"},\"thumbnailUrl\":\"https:\/\/cdn.sts-education.com\/12559_hero_md.jpg\",\"datePublished\":\"2022-12-19T15:21:53+00:00\",\"dateModified\":\"2026-03-25T14:23:45+00:00\",\"breadcrumb\":{\"@id\":\"https:\/\/www.sts-education.com\/dk\/vartsfamilie\/family-stories\/tidligere-vartsfamilier-fortaller\/leanne-roger\/#breadcrumb\"},\"inLanguage\":\"da-DK\",\"potentialAction\":[{\"@type\":\"ReadAction\",\"target\":[\"https:\/\/www.sts-education.com\/dk\/vartsfamilie\/family-stories\/tidligere-vartsfamilier-fortaller\/leanne-roger\/\"]}]},{\"@type\":\"ImageObject\",\"inLanguage\":\"da-DK\",\"@id\":\"https:\/\/www.sts-education.com\/dk\/vartsfamilie\/family-stories\/tidligere-vartsfamilier-fortaller\/leanne-roger\/#primaryimage\",\"url\":\"https:\/\/cdn.sts-education.com\/12559_hero_md.jpg\",\"contentUrl\":\"https:\/\/cdn.sts-education.com\/12559_hero_md.jpg\"},{\"@type\":\"BreadcrumbList\",\"@id\":\"https:\/\/www.sts-education.com\/dk\/vartsfamilie\/family-stories\/tidligere-vartsfamilier-fortaller\/leanne-roger\/#breadcrumb\",\"itemListElement\":[{\"@type\":\"ListItem\",\"position\":1,\"name\":\"Home\",\"item\":\"https:\/\/www.sts-education.com\/dk\/sample-page\/\"},{\"@type\":\"ListItem\",\"position\":2,\"name\":\"Vartsfamilie\",\"item\":\"https:\/\/www.sts-education.com\/dk\/vartsfamilie\/\"},{\"@type\":\"ListItem\",\"position\":3,\"name\":\"Family Stories\",\"item\":\"https:\/\/www.sts-education.com\/dk\/vartsfamilie\/family-stories\/\"},{\"@type\":\"ListItem\",\"position\":4,\"name\":\"Tidligere v\u00e6rtsfamilier fort\u00e6ller\",\"item\":\"https:\/\/www.sts-education.com\/dk\/vartsfamilie\/family-stories\/tidligere-vartsfamilier-fortaller\/\"},{\"@type\":\"ListItem\",\"position\":5,\"name\":\"Leanne Roger\"}]},{\"@type\":\"WebSite\",\"@id\":\"https:\/\/www.sts-education.com\/dk\/#website\",\"url\":\"https:\/\/www.sts-education.com\/dk\/\",\"name\":\"STS Education\",\"description\":\"\",\"potentialAction\":[{\"@type\":\"SearchAction\",\"target\":{\"@type\":\"EntryPoint\",\"urlTemplate\":\"https:\/\/www.sts-education.com\/dk\/?s={search_term_string}\"},\"query-input\":{\"@type\":\"PropertyValueSpecification\",\"valueRequired\":true,\"valueName\":\"search_term_string\"}}],\"inLanguage\":\"da-DK\"}]}<\/script>\n<!-- \/ Yoast SEO Premium plugin. -->","yoast_head_json":{"title":"Leanne Roger - STS Education","robots":{"index":"index","follow":"follow","max-snippet":"max-snippet:-1","max-image-preview":"max-image-preview:large","max-video-preview":"max-video-preview:-1"},"canonical":"https:\/\/www.sts-education.com\/dk\/vartsfamilie\/family-stories\/tidligere-vartsfamilier-fortaller\/leanne-roger\/","og_locale":"da_DK","og_type":"article","og_title":"Leanne Roger","og_url":"https:\/\/www.sts-education.com\/dk\/vartsfamilie\/family-stories\/tidligere-vartsfamilier-fortaller\/leanne-roger\/","og_site_name":"STS Education","article_modified_time":"2026-03-25T14:23:45+00:00","og_image":[{"url":"https:\/\/cdn.sts-education.com\/12559_hero_md.jpg","type":"","width":"","height":""}],"twitter_card":"summary_large_image","twitter_misc":{"Estimeret l\u00e6setid":"1 minut"},"schema":{"@context":"https:\/\/schema.org","@graph":[{"@type":"WebPage","@id":"https:\/\/www.sts-education.com\/dk\/vartsfamilie\/family-stories\/tidligere-vartsfamilier-fortaller\/leanne-roger\/","url":"https:\/\/www.sts-education.com\/dk\/vartsfamilie\/family-stories\/tidligere-vartsfamilier-fortaller\/leanne-roger\/","name":"Leanne Roger - STS Education","isPartOf":{"@id":"https:\/\/www.sts-education.com\/dk\/#website"},"primaryImageOfPage":{"@id":"https:\/\/www.sts-education.com\/dk\/vartsfamilie\/family-stories\/tidligere-vartsfamilier-fortaller\/leanne-roger\/#primaryimage"},"image":{"@id":"https:\/\/www.sts-education.com\/dk\/vartsfamilie\/family-stories\/tidligere-vartsfamilier-fortaller\/leanne-roger\/#primaryimage"},"thumbnailUrl":"https:\/\/cdn.sts-education.com\/12559_hero_md.jpg","datePublished":"2022-12-19T15:21:53+00:00","dateModified":"2026-03-25T14:23:45+00:00","breadcrumb":{"@id":"https:\/\/www.sts-education.com\/dk\/vartsfamilie\/family-stories\/tidligere-vartsfamilier-fortaller\/leanne-roger\/#breadcrumb"},"inLanguage":"da-DK","potentialAction":[{"@type":"ReadAction","target":["https:\/\/www.sts-education.com\/dk\/vartsfamilie\/family-stories\/tidligere-vartsfamilier-fortaller\/leanne-roger\/"]}]},{"@type":"ImageObject","inLanguage":"da-DK","@id":"https:\/\/www.sts-education.com\/dk\/vartsfamilie\/family-stories\/tidligere-vartsfamilier-fortaller\/leanne-roger\/#primaryimage","url":"https:\/\/cdn.sts-education.com\/12559_hero_md.jpg","contentUrl":"https:\/\/cdn.sts-education.com\/12559_hero_md.jpg"},{"@type":"BreadcrumbList","@id":"https:\/\/www.sts-education.com\/dk\/vartsfamilie\/family-stories\/tidligere-vartsfamilier-fortaller\/leanne-roger\/#breadcrumb","itemListElement":[{"@type":"ListItem","position":1,"name":"Home","item":"https:\/\/www.sts-education.com\/dk\/sample-page\/"},{"@type":"ListItem","position":2,"name":"Vartsfamilie","item":"https:\/\/www.sts-education.com\/dk\/vartsfamilie\/"},{"@type":"ListItem","position":3,"name":"Family Stories","item":"https:\/\/www.sts-education.com\/dk\/vartsfamilie\/family-stories\/"},{"@type":"ListItem","position":4,"name":"Tidligere v\u00e6rtsfamilier fort\u00e6ller","item":"https:\/\/www.sts-education.com\/dk\/vartsfamilie\/family-stories\/tidligere-vartsfamilier-fortaller\/"},{"@type":"ListItem","position":5,"name":"Leanne Roger"}]},{"@type":"WebSite","@id":"https:\/\/www.sts-education.com\/dk\/#website","url":"https:\/\/www.sts-education.com\/dk\/","name":"STS Education","description":"","potentialAction":[{"@type":"SearchAction","target":{"@type":"EntryPoint","urlTemplate":"https:\/\/www.sts-education.com\/dk\/?s={search_term_string}"},"query-input":{"@type":"PropertyValueSpecification","valueRequired":true,"valueName":"search_term_string"}}],"inLanguage":"da-DK"}]}},"_links":{"self":[{"href":"https:\/\/www.sts-education.com\/dk\/wp-json\/wp\/v2\/pages\/10452","targetHints":{"allow":["GET"]}}],"collection":[{"href":"https:\/\/www.sts-education.com\/dk\/wp-json\/wp\/v2\/pages"}],"about":[{"href":"https:\/\/www.sts-education.com\/dk\/wp-json\/wp\/v2\/types\/page"}],"author":[{"embeddable":true,"href":"https:\/\/www.sts-education.com\/dk\/wp-json\/wp\/v2\/users\/20"}],"replies":[{"embeddable":true,"href":"https:\/\/www.sts-education.com\/dk\/wp-json\/wp\/v2\/comments?post=10452"}],"version-history":[{"count":2,"href":"https:\/\/www.sts-education.com\/dk\/wp-json\/wp\/v2\/pages\/10452\/revisions"}],"predecessor-version":[{"id":20665,"href":"https:\/\/www.sts-education.com\/dk\/wp-json\/wp\/v2\/pages\/10452\/revisions\/20665"}],"up":[{"embeddable":true,"href":"https:\/\/www.sts-education.com\/dk\/wp-json\/wp\/v2\/pages\/10425"}],"wp:attachment":[{"href":"https:\/\/www.sts-education.com\/dk\/wp-json\/wp\/v2\/media?parent=10452"}],"wp:term":[{"taxonomy":"wpw_page_folders","embeddable":true,"href":"https:\/\/www.sts-education.com\/dk\/wp-json\/wp\/v2\/wpw_page_folders?post=10452"}],"curies":[{"name":"wp","href":"https:\/\/api.w.org\/{rel}","templated":true}]}}