{"id":27795,"date":"2026-04-03T12:23:42","date_gmt":"2026-04-03T12:23:42","guid":{"rendered":"https:\/\/preprod.sts-education.com\/host-family\/why-you-should-be-a-host-family\/"},"modified":"2026-04-15T09:37:41","modified_gmt":"2026-04-15T09:37:41","slug":"fordele-ved-at-vaere-vaertsfamilie","status":"publish","type":"page","link":"https:\/\/www.sts-education.com\/dk\/vartsfamilie\/fordele-ved-at-vaere-vaertsfamilie\/","title":{"rendered":"Fordele Ved At V\u00e6re V\u00e6rtsfamilie"},"content":{"rendered":"\n<section class=\"wp-block-sts-hero sts-block-hero sts-block-hero is-variant-full-background has-text-light has-background-media\" style=\"--sts-hero-padding-mobile:0px;--sts-hero-padding-desktop:0px;--sts-hero-text-color:var(--wp--preset--color--base-10, #fff)\" data-variant=\"full-background\"><div class=\"sts-block-hero__background\"><picture class=\"sts-responsive-image has-pos-center is-skeleton\"><img src=\"https:\/\/cdn.sts-education.com\/10824_hero_lg_xl.jpg\" alt=\"Hvorfor blive v\u00e6rtsfamilie?\" loading=\"lazy\" decoding=\"async\" fetchpriority=\"low\" sizes=\"(max-width: 640px) max(100vw, calc(clamp(320px, 100vh, 720px) * 9 \/ 16)), (max-width: 840px) max(100vw, calc(clamp(320px, 100vh, 720px) * 1 \/ 1)), max(100vw, calc(clamp(320px, 100vh, 720px) * 16 \/ 9))\" style=\"object-position:center\"\/><\/picture><span class=\"sts-block-hero__overlay\" aria-hidden=\"true\"><\/span><\/div><div class=\"sts-block-hero__inner\"><div class=\"sts-block-hero__content has-align-center\"><div class=\"sts-block-hero__content-inner\"><h1 class=\"sts-block-hero__heading\">Hvorfor blive v\u00e6rtsfamilie?<\/h1><\/div><\/div><\/div><\/section>\n\n\n\n<div class=\"wp-block-sts-text sts-text-editor has-max-width-md\"><div class=\"sts-text-editor__content\"><div class=\"sts-text-editor__content-inner\">\n<p>At tage imod en udvekslingselev giver dig ikke alene et nyt familiemedlem. Du vil ogs\u00e5 l\u00e6re om en anden kultur og se din by, din livsstil og dine v\u00e6rdier med nye \u00f8jne. Ved at blive v\u00e6rtsfor\u00e6lder eller v\u00e6rtsfamilie i 3\u201310 m\u00e5neder for en international udvekslingselev i alderen 14\u201318 \u00e5r, f\u00e5r din familie ikke alene en ny ven og en bonuss\u00f8skende fra udlandet \u2013 I f\u00e5r ogs\u00e5 en masse sk\u00f8nne minder sammen. For udvekslingseleven vil det at bo i Danmark byde p\u00e5 mange nye oplevelser hver dag, og som v\u00e6rtsfamilie vil du v\u00e6re en stor del af disse oplevelser.<\/p>\n<p>For mange familier er det ogs\u00e5 en god mulighed for at forberede sig p\u00e5 deres eget barns udvekslings\u00e5r, og du har ogs\u00e5 mulighed for at benytte vores <a href=\"https:\/\/www.sts-education.com\/dk\/fordele-ved-at-vaere-vaertsfamilie\/kompensation-host-and-go\/\">Host &amp; Go<\/a>. Berig din hverdag, og \u00e5bn dit hjem for en af vores internationale udvekslingselever!<\/p>\n<h2>Seks grunde til at blive v\u00e6rtsfamilie<\/h2>\n<ul>\n<li>Du vil gerne l\u00e6re et ungt menneske fra et andet land at kende<\/li>\n<li>Du vil gerne l\u00e6re mere om andre kulturer<\/li>\n<li>Du vil gerne l\u00e6re mere om verden og f\u00e5 et nyt perspektiv<\/li>\n<li>Du er interesseret i andre sprog<\/li>\n<li>Du vil gerne vide mere om, hvad et \u00e5r i udlandet indeb\u00e6rer<\/li>\n<li>Du vil gerne hj\u00e6lpe og se, hvordan en anden person udvikler sig personligt p\u00e5 et \u00e5r i udlandet<\/li>\n<\/ul>\n<p>B\u00e5de om for\u00e5ret og efter\u00e5ret kommer der nye udvekslingselever til Danmark fra USA, Brasilien, Japan, Tyskland, Sverige, Italien og andre lande. Selvf\u00f8lgelig f\u00e5r du som v\u00e6rtsfamilie lov til at v\u00e6lge, hvilken udvekslingselev du gerne vil invitere ind i dit hjem, s\u00e5 grib chancen, <a href=\"https:\/\/www.sts-education.com\/dk\/vartsfamilie\/elever\/kommende-sts-udvekslingselever\/\">l\u00e6s mere, og l\u00e6r vores udvekslingselever at kende<\/a> for at se, om en af dem kunne passe ind i din familie!<\/p>\n<p>Og tilmeld dig et af vores <a href=\"https:\/\/www.sts-education.com\/dk\/fordele-ved-at-vaere-vaertsfamilie\/mod-sts\/\">webinar<\/a>, hvor vi fort\u00e6ller mere om, hvordan det er at v\u00e6re v\u00e6rtsfamilie. Du kan ogs\u00e5 l\u00e6se vores <a href=\"https:\/\/www.sts-education.com\/dk\/vartsfamilie\/faq\/\">ofte stillede sp\u00f8rgsm\u00e5l<\/a> og om vores <a href=\"https:\/\/www.sts-education.com\/dk\/vartsfamilie\/family-stories\/tidligere-vartsfamilier-fortaller\/\">tidligere v\u00e6rtsfamiliers oplevelser<\/a>.<\/p>\n<\/div><\/div><\/div>\n\n\n\n<section class=\"wp-block-sts-video sts-block-video sts-block-video--landscape has-max-width-lg\"><div class=\"sts-video sts-video--landscape\"><div class=\"sts-video__handler\"><button type=\"button\" class=\"sts-video__play-button\" aria-label=\"Play video\" aria-pressed=\"false\" data-playing=\"false\"><span class=\"sts-video__play-icon\"><img decoding=\"async\" class=\"play-icon\" src=\"data:image\/svg+xml,%3csvg%20width='32'%20height='32'%20viewBox='0%200%2032%2032'%20fill='none'%20xmlns='http:\/\/www.w3.org\/2000\/svg'%3e%3cmask%20id='mask0_2459_8201'%20style='mask-type:alpha'%20maskUnits='userSpaceOnUse'%20x='0'%20y='0'%20width='32'%20height='32'%3e%3crect%20width='32'%20height='32'%20fill='%23D9D9D9'\/%3e%3c\/mask%3e%3cg%20mask='url(%23mask0_2459_8201)'%3e%3cpath%20d='M10.667%2022.8999V9.09993C10.667%208.72216%2010.8003%208.40549%2011.067%208.14993C11.3337%207.89438%2011.6448%207.7666%2012.0003%207.7666C12.1114%207.7666%2012.2281%207.78327%2012.3503%207.8166C12.4725%207.84993%2012.5892%207.89993%2012.7003%207.9666L23.567%2014.8666C23.767%2014.9999%2023.917%2015.1666%2024.017%2015.3666C24.117%2015.5666%2024.167%2015.7777%2024.167%2015.9999C24.167%2016.2222%2024.117%2016.4333%2024.017%2016.6333C23.917%2016.8333%2023.767%2016.9999%2023.567%2017.1333L12.7003%2024.0333C12.5892%2024.0999%2012.4725%2024.1499%2012.3503%2024.1833C12.2281%2024.2166%2012.1114%2024.2333%2012.0003%2024.2333C11.6448%2024.2333%2011.3337%2024.1055%2011.067%2023.8499C10.8003%2023.5944%2010.667%2023.2777%2010.667%2022.8999Z'%20fill='black'\/%3e%3c\/g%3e%3c\/svg%3e\" alt=\"\" aria-hidden=\"true\"\/><img decoding=\"async\" class=\"pause-icon\" src=\"data:image\/svg+xml,%3csvg%20width='32'%20height='32'%20viewBox='0%200%2032%2032'%20fill='none'%20xmlns='http:\/\/www.w3.org\/2000\/svg'%3e%3cmask%20id='mask0_pause'%20style='mask-type:alpha'%20maskUnits='userSpaceOnUse'%20x='0'%20y='0'%20width='32'%20height='32'%3e%3crect%20width='32'%20height='32'%20fill='%23D9D9D9'\/%3e%3c\/mask%3e%3cg%20mask='url(%23mask0_pause)'%3e%3c!--%20Left%20bar%20--%3e%3crect%20x='10'%20y='8'%20width='4'%20height='16'%20rx='1'%20fill='black'\/%3e%3c!--%20Right%20bar%20--%3e%3crect%20x='18'%20y='8'%20width='4'%20height='16'%20rx='1'%20fill='black'\/%3e%3c\/g%3e%3c\/svg%3e\" alt=\"\" aria-hidden=\"true\"\/><\/span><\/button><strong class=\"sts-video__duration\" data-duration-prefix=\"Video duration:\" data-unit-second=\"second\" data-unit-seconds=\"seconds\" data-unit-minute=\"minute\" data-unit-minutes=\"minutes\" aria-label=\"Video duration: 40 seconds\">40 secs<\/strong><\/div><div class=\"sts-video__media\" data-video-source=\"youtube\" data-video-url=\"\"><div class=\"sts-video__external-shell\" data-embed-url=\"https:\/\/www.youtube.com\/embed\/5rsRyoT-Cgs?rel=0&amp;controls=1&amp;modestbranding=1&amp;playsinline=1&amp;enablejsapi=1&amp;autoplay=0&amp;origin=https%3A%2F%2Fwww.sts-education.com\"><iframe class=\"sts-video__iframe\" src=\"https:\/\/www.youtube.com\/embed\/5rsRyoT-Cgs?rel=0&amp;controls=1&amp;modestbranding=1&amp;playsinline=1&amp;enablejsapi=1&amp;autoplay=0&amp;origin=https%3A%2F%2Fwww.sts-education.com\" title=\"Video poster\nheading\" allow=\"autoplay; fullscreen\" allowfullscreen loading=\"lazy\" data-provider=\"youtube\" data-embed-url=\"https:\/\/www.youtube.com\/embed\/5rsRyoT-Cgs?rel=0&amp;controls=1&amp;modestbranding=1&amp;playsinline=1&amp;enablejsapi=1&amp;autoplay=0&amp;origin=https%3A%2F%2Fwww.sts-education.com\"><\/iframe><\/div><\/div><\/div><\/section>\n","protected":false},"excerpt":{"rendered":"","protected":false},"author":9,"featured_media":9304,"parent":27771,"menu_order":0,"comment_status":"closed","ping_status":"closed","template":"","meta":{"_acf_changed":false,"sts_page_background_color":"","footnotes":""},"wpw_page_folders":[89],"class_list":["post-27795","page","type-page","status-publish","has-post-thumbnail","hentry"],"acf":[],"yoast_head":"<!-- This site is optimized with the Yoast SEO Premium plugin v27.2 (Yoast SEO v27.3) - https:\/\/yoast.com\/product\/yoast-seo-premium-wordpress\/ -->\n<title>Seks grunde til at blive v\u00e6rtsfamilie<\/title>\n<meta name=\"description\" content=\"Du f\u00e5r ikke alene et nyt familiemedlem. Du l\u00e6rer ogs\u00e5 en person fra et fremmed land at kende, l\u00e6rer om deres kultur og ser din by igennem deres \u00f8jne.\" \/>\n<meta name=\"robots\" content=\"index, follow, max-snippet:-1, max-image-preview:large, max-video-preview:-1\" \/>\n<link rel=\"canonical\" href=\"https:\/\/www.sts-education.com\/dk\/vartsfamilie\/fordele-ved-at-vaere-vaertsfamilie\/\" \/>\n<meta property=\"og:locale\" content=\"da_DK\" \/>\n<meta property=\"og:type\" content=\"article\" \/>\n<meta property=\"og:title\" content=\"Fordele Ved At V\u00e6re V\u00e6rtsfamilie\" \/>\n<meta property=\"og:description\" content=\"Du f\u00e5r ikke alene et nyt familiemedlem. Du l\u00e6rer ogs\u00e5 en person fra et fremmed land at kende, l\u00e6rer om deres kultur og ser din by igennem deres \u00f8jne.\" \/>\n<meta property=\"og:url\" content=\"https:\/\/www.sts-education.com\/dk\/vartsfamilie\/fordele-ved-at-vaere-vaertsfamilie\/\" \/>\n<meta property=\"og:site_name\" content=\"STS Education\" \/>\n<meta property=\"article:modified_time\" content=\"2026-04-15T09:37:41+00:00\" \/>\n<meta property=\"og:image\" content=\"https:\/\/powered-by.qbank.se\/educatius\/sts\/\/6458ed5e1bb03b8da47c065c2f647b26_1-1-thumb.webp\" \/>\n\t<meta property=\"og:image:width\" content=\"150\" \/>\n\t<meta property=\"og:image:height\" content=\"150\" \/>\n\t<meta property=\"og:image:type\" content=\"image\/jpeg\" \/>\n<meta name=\"twitter:card\" content=\"summary_large_image\" \/>\n<meta name=\"twitter:label1\" content=\"Estimeret l\u00e6setid\" \/>\n\t<meta name=\"twitter:data1\" content=\"3 minutter\" \/>\n<script type=\"application\/ld+json\" class=\"yoast-schema-graph\">{\"@context\":\"https:\\\/\\\/schema.org\",\"@graph\":[{\"@type\":\"WebPage\",\"@id\":\"https:\\\/\\\/www.sts-education.com\\\/dk\\\/vartsfamilie\\\/fordele-ved-at-vaere-vaertsfamilie\\\/\",\"url\":\"https:\\\/\\\/www.sts-education.com\\\/dk\\\/vartsfamilie\\\/fordele-ved-at-vaere-vaertsfamilie\\\/\",\"name\":\"Seks grunde til at blive v\u00e6rtsfamilie\",\"isPartOf\":{\"@id\":\"https:\\\/\\\/www.sts-education.com\\\/dk\\\/#website\"},\"primaryImageOfPage\":{\"@id\":\"https:\\\/\\\/www.sts-education.com\\\/dk\\\/vartsfamilie\\\/fordele-ved-at-vaere-vaertsfamilie\\\/#primaryimage\"},\"image\":{\"@id\":\"https:\\\/\\\/www.sts-education.com\\\/dk\\\/vartsfamilie\\\/fordele-ved-at-vaere-vaertsfamilie\\\/#primaryimage\"},\"thumbnailUrl\":\"https:\\\/\\\/powered-by.qbank.se\\\/educatius\\\/sts\\\/\\\/6458ed5e1bb03b8da47c065c2f647b26_1-1-thumb.webp\",\"datePublished\":\"2026-04-03T12:23:42+00:00\",\"dateModified\":\"2026-04-15T09:37:41+00:00\",\"description\":\"Du f\u00e5r ikke alene et nyt familiemedlem. Du l\u00e6rer ogs\u00e5 en person fra et fremmed land at kende, l\u00e6rer om deres kultur og ser din by igennem deres \u00f8jne.\",\"breadcrumb\":{\"@id\":\"https:\\\/\\\/www.sts-education.com\\\/dk\\\/vartsfamilie\\\/fordele-ved-at-vaere-vaertsfamilie\\\/#breadcrumb\"},\"inLanguage\":\"da-DK\",\"potentialAction\":[{\"@type\":\"ReadAction\",\"target\":[\"https:\\\/\\\/www.sts-education.com\\\/dk\\\/vartsfamilie\\\/fordele-ved-at-vaere-vaertsfamilie\\\/\"]}]},{\"@type\":\"ImageObject\",\"inLanguage\":\"da-DK\",\"@id\":\"https:\\\/\\\/www.sts-education.com\\\/dk\\\/vartsfamilie\\\/fordele-ved-at-vaere-vaertsfamilie\\\/#primaryimage\",\"url\":\"https:\\\/\\\/powered-by.qbank.se\\\/educatius\\\/sts\\\/\\\/6458ed5e1bb03b8da47c065c2f647b26_1-1-thumb.webp\",\"contentUrl\":\"https:\\\/\\\/powered-by.qbank.se\\\/educatius\\\/sts\\\/\\\/6458ed5e1bb03b8da47c065c2f647b26_1-1-thumb.webp\",\"width\":150,\"height\":150},{\"@type\":\"BreadcrumbList\",\"@id\":\"https:\\\/\\\/www.sts-education.com\\\/dk\\\/vartsfamilie\\\/fordele-ved-at-vaere-vaertsfamilie\\\/#breadcrumb\",\"itemListElement\":[{\"@type\":\"ListItem\",\"position\":1,\"name\":\"Home\",\"item\":\"https:\\\/\\\/www.sts-education.com\\\/dk\\\/sample-page\\\/\"},{\"@type\":\"ListItem\",\"position\":2,\"name\":\"Bliv v\u00e6rtsfamilie\",\"item\":\"https:\\\/\\\/www.sts-education.com\\\/dk\\\/vartsfamilie\\\/\"},{\"@type\":\"ListItem\",\"position\":3,\"name\":\"Fordele Ved At V\u00e6re V\u00e6rtsfamilie\"}]},{\"@type\":\"WebSite\",\"@id\":\"https:\\\/\\\/www.sts-education.com\\\/dk\\\/#website\",\"url\":\"https:\\\/\\\/www.sts-education.com\\\/dk\\\/\",\"name\":\"STS Education\",\"description\":\"\",\"potentialAction\":[{\"@type\":\"SearchAction\",\"target\":{\"@type\":\"EntryPoint\",\"urlTemplate\":\"https:\\\/\\\/www.sts-education.com\\\/dk\\\/?s={search_term_string}\"},\"query-input\":{\"@type\":\"PropertyValueSpecification\",\"valueRequired\":true,\"valueName\":\"search_term_string\"}}],\"inLanguage\":\"da-DK\"}]}<\/script>\n<!-- \/ Yoast SEO Premium plugin. -->","yoast_head_json":{"title":"Seks grunde til at blive v\u00e6rtsfamilie","description":"Du f\u00e5r ikke alene et nyt familiemedlem. Du l\u00e6rer ogs\u00e5 en person fra et fremmed land at kende, l\u00e6rer om deres kultur og ser din by igennem deres \u00f8jne.","robots":{"index":"index","follow":"follow","max-snippet":"max-snippet:-1","max-image-preview":"max-image-preview:large","max-video-preview":"max-video-preview:-1"},"canonical":"https:\/\/www.sts-education.com\/dk\/vartsfamilie\/fordele-ved-at-vaere-vaertsfamilie\/","og_locale":"da_DK","og_type":"article","og_title":"Fordele Ved At V\u00e6re V\u00e6rtsfamilie","og_description":"Du f\u00e5r ikke alene et nyt familiemedlem. Du l\u00e6rer ogs\u00e5 en person fra et fremmed land at kende, l\u00e6rer om deres kultur og ser din by igennem deres \u00f8jne.","og_url":"https:\/\/www.sts-education.com\/dk\/vartsfamilie\/fordele-ved-at-vaere-vaertsfamilie\/","og_site_name":"STS Education","article_modified_time":"2026-04-15T09:37:41+00:00","og_image":[{"width":150,"height":150,"url":"https:\/\/powered-by.qbank.se\/educatius\/sts\/\/6458ed5e1bb03b8da47c065c2f647b26_1-1-thumb.webp","type":"image\/jpeg"}],"twitter_card":"summary_large_image","twitter_misc":{"Estimeret l\u00e6setid":"3 minutter"},"schema":{"@context":"https:\/\/schema.org","@graph":[{"@type":"WebPage","@id":"https:\/\/www.sts-education.com\/dk\/vartsfamilie\/fordele-ved-at-vaere-vaertsfamilie\/","url":"https:\/\/www.sts-education.com\/dk\/vartsfamilie\/fordele-ved-at-vaere-vaertsfamilie\/","name":"Seks grunde til at blive v\u00e6rtsfamilie","isPartOf":{"@id":"https:\/\/www.sts-education.com\/dk\/#website"},"primaryImageOfPage":{"@id":"https:\/\/www.sts-education.com\/dk\/vartsfamilie\/fordele-ved-at-vaere-vaertsfamilie\/#primaryimage"},"image":{"@id":"https:\/\/www.sts-education.com\/dk\/vartsfamilie\/fordele-ved-at-vaere-vaertsfamilie\/#primaryimage"},"thumbnailUrl":"https:\/\/powered-by.qbank.se\/educatius\/sts\/\/6458ed5e1bb03b8da47c065c2f647b26_1-1-thumb.webp","datePublished":"2026-04-03T12:23:42+00:00","dateModified":"2026-04-15T09:37:41+00:00","description":"Du f\u00e5r ikke alene et nyt familiemedlem. Du l\u00e6rer ogs\u00e5 en person fra et fremmed land at kende, l\u00e6rer om deres kultur og ser din by igennem deres \u00f8jne.","breadcrumb":{"@id":"https:\/\/www.sts-education.com\/dk\/vartsfamilie\/fordele-ved-at-vaere-vaertsfamilie\/#breadcrumb"},"inLanguage":"da-DK","potentialAction":[{"@type":"ReadAction","target":["https:\/\/www.sts-education.com\/dk\/vartsfamilie\/fordele-ved-at-vaere-vaertsfamilie\/"]}]},{"@type":"ImageObject","inLanguage":"da-DK","@id":"https:\/\/www.sts-education.com\/dk\/vartsfamilie\/fordele-ved-at-vaere-vaertsfamilie\/#primaryimage","url":"https:\/\/powered-by.qbank.se\/educatius\/sts\/\/6458ed5e1bb03b8da47c065c2f647b26_1-1-thumb.webp","contentUrl":"https:\/\/powered-by.qbank.se\/educatius\/sts\/\/6458ed5e1bb03b8da47c065c2f647b26_1-1-thumb.webp","width":150,"height":150},{"@type":"BreadcrumbList","@id":"https:\/\/www.sts-education.com\/dk\/vartsfamilie\/fordele-ved-at-vaere-vaertsfamilie\/#breadcrumb","itemListElement":[{"@type":"ListItem","position":1,"name":"Home","item":"https:\/\/www.sts-education.com\/dk\/sample-page\/"},{"@type":"ListItem","position":2,"name":"Bliv v\u00e6rtsfamilie","item":"https:\/\/www.sts-education.com\/dk\/vartsfamilie\/"},{"@type":"ListItem","position":3,"name":"Fordele Ved At V\u00e6re V\u00e6rtsfamilie"}]},{"@type":"WebSite","@id":"https:\/\/www.sts-education.com\/dk\/#website","url":"https:\/\/www.sts-education.com\/dk\/","name":"STS Education","description":"","potentialAction":[{"@type":"SearchAction","target":{"@type":"EntryPoint","urlTemplate":"https:\/\/www.sts-education.com\/dk\/?s={search_term_string}"},"query-input":{"@type":"PropertyValueSpecification","valueRequired":true,"valueName":"search_term_string"}}],"inLanguage":"da-DK"}]}},"_links":{"self":[{"href":"https:\/\/www.sts-education.com\/dk\/wp-json\/wp\/v2\/pages\/27795","targetHints":{"allow":["GET"]}}],"collection":[{"href":"https:\/\/www.sts-education.com\/dk\/wp-json\/wp\/v2\/pages"}],"about":[{"href":"https:\/\/www.sts-education.com\/dk\/wp-json\/wp\/v2\/types\/page"}],"author":[{"embeddable":true,"href":"https:\/\/www.sts-education.com\/dk\/wp-json\/wp\/v2\/users\/9"}],"replies":[{"embeddable":true,"href":"https:\/\/www.sts-education.com\/dk\/wp-json\/wp\/v2\/comments?post=27795"}],"version-history":[{"count":3,"href":"https:\/\/www.sts-education.com\/dk\/wp-json\/wp\/v2\/pages\/27795\/revisions"}],"predecessor-version":[{"id":35514,"href":"https:\/\/www.sts-education.com\/dk\/wp-json\/wp\/v2\/pages\/27795\/revisions\/35514"}],"up":[{"embeddable":true,"href":"https:\/\/www.sts-education.com\/dk\/wp-json\/wp\/v2\/pages\/27771"}],"wp:featuredmedia":[{"embeddable":true,"href":"https:\/\/www.sts-education.com\/dk\/wp-json\/wp\/v2\/media\/9304"}],"wp:attachment":[{"href":"https:\/\/www.sts-education.com\/dk\/wp-json\/wp\/v2\/media?parent=27795"}],"wp:term":[{"taxonomy":"wpw_page_folders","embeddable":true,"href":"https:\/\/www.sts-education.com\/dk\/wp-json\/wp\/v2\/wpw_page_folders?post=27795"}],"curies":[{"name":"wp","href":"https:\/\/api.w.org\/{rel}","templated":true}]}}