{"id":10458,"date":"2025-12-16T10:21:48","date_gmt":"2025-12-16T10:21:48","guid":{"rendered":"https:\/\/preprod.sts-education.com\/meista\/"},"modified":"2026-04-15T14:14:16","modified_gmt":"2026-04-15T14:14:16","slug":"meista","status":"publish","type":"page","link":"https:\/\/www.sts-education.com\/fi\/meista\/","title":{"rendered":"Meista"},"content":{"rendered":"\n<section class=\"wp-block-sts-hero sts-block-hero sts-block-hero is-variant-full-background has-text-light has-background-media\" style=\"--sts-hero-padding-mobile:0px;--sts-hero-padding-desktop:0px;--sts-hero-text-color:var(--wp--preset--color--base-10, #fff)\" data-variant=\"full-background\"><div class=\"sts-block-hero__background\"><picture class=\"sts-responsive-image has-pos-center is-skeleton\"><img src=\"https:\/\/cdn.sts-education.com\/11482_hero_lg_xl.jpg\" alt=\"T\u00e4m\u00e4 on STS Education\" loading=\"lazy\" decoding=\"async\" fetchpriority=\"low\" sizes=\"(max-width: 640px) max(100vw, calc(clamp(320px, 100vh, 720px) * 9 \/ 16)), (max-width: 840px) max(100vw, calc(clamp(320px, 100vh, 720px) * 1 \/ 1)), max(100vw, calc(clamp(320px, 100vh, 720px) * 16 \/ 9))\" style=\"object-position:center\"\/><\/picture><span class=\"sts-block-hero__overlay\" aria-hidden=\"true\"><\/span><\/div><div class=\"sts-block-hero__inner\"><div class=\"sts-block-hero__content has-align-center\"><div class=\"sts-block-hero__content-inner\"><h1 class=\"sts-block-hero__heading\">T\u00e4m\u00e4 on STS Education<\/h1><\/div><\/div><\/div><\/section>\n\n\n\n<div class=\"wp-block-sts-text sts-text-editor has-max-width-md\"><div class=\"sts-text-editor__content\"><div class=\"sts-text-editor__content-inner\">\n<p>Vuonna 1958 j\u00e4rjestimme ensimm\u00e4isen kielimatkamme, ja upouusi matkailukonsepti nuorille oli syntynyt! Siit\u00e4 l\u00e4htien yli 1,2 miljoonaa nuorta on kokenut uuden kielen oppimisen ilot, ja henkil\u00f6kohtaisen kasvun ja kehityksen uusien kulttuurien ymm\u00e4rryksen ohessa. STS Educationin laaja valikoima kielimatkoja ja vaihto-ohjelmia auttaa nuoria n\u00e4kem\u00e4\u00e4n maailmaa. Ammattitaitoinen henkil\u00f6kuntamme on mukana alusta loppuun.<\/p>\n<p>STS on lyhenne sanoista Student Travel Schools. STS on yksi maailman johtavista koulutusalan yrityksist\u00e4, joka tarjoaa nuorten vaihto-ohjelmia. Meill\u00e4 on toimipisteit\u00e4 useissa maissa eri puolilla maailmaa ja verkosto, johon kuuluu loistavia kouluja, mukavia is\u00e4nt\u00e4perheit\u00e4 sek\u00e4 upeita kansainv\u00e4lisi\u00e4 kollegoita ja yhteisty\u00f6kumppaneita. Mietimme jatkuvasti uusia keinoja, jotta nuorten asiakkaidemme kokemuksista tulisi entist\u00e4kin ikimuistoisempia!<\/p>\n<p>Pyrimme jatkuvasti kehitt\u00e4m\u00e4\u00e4n ohjelmatarjontaamme, jotta p\u00e4rj\u00e4isimme alati muuttuvassa maailmassa tarjoten nuorille mahdollisuuden kasvaa koulutuksen ja kulttuurivaihdon kautta. Ohjelmamme rohkaisevat nuoria laajentamaan kansainv\u00e4list\u00e4 perspektiivi\u00e4\u00e4n ja vahvistamaan ymm\u00e4rryst\u00e4\u00e4n eri kulttuureista.<\/p>\n<p>STS Education on vuodesta 2024 l\u00e4htien ollut Education Groupin omistuksessa.<\/p>\n<h2>Visio ja tavoite<\/h2>\n<p>STS Educationissa tarjoamme nuorille mahdollisuuden saavuttaa koko potentiaalinsa. Luomme perustan ajatusten ja arvojen vaihdolle, rakennamme suhteita yli rajojen ja edist\u00e4mme henkil\u00f6kohtaista, sosiaalista ja kulttuurista kehityst\u00e4.<\/p>\n<p><strong>STS vision:<\/strong><br \/>To empower young people to reach their full potential through international education and cultural exchange while contributing to global understanding.<\/p>\n<p><strong>STS mission:<\/strong><br \/>Through high-quality programs, personalized service, and extensive experience, STS Education aims to be the top choice for young people and their parents seeking international education and cultural exchange.<\/p>\n<\/div><\/div><\/div>\n\n\n\n<section class=\"wp-block-sts-video sts-block-video sts-block-video--landscape has-max-width-lg\"><div class=\"sts-video sts-video--landscape\"><div class=\"sts-video__handler\"><button type=\"button\" class=\"sts-video__play-button\" aria-label=\"Play video\" aria-pressed=\"false\" data-playing=\"false\"><span class=\"sts-video__play-icon\"><img decoding=\"async\" class=\"play-icon\" src=\"data:image\/svg+xml,%3csvg%20width='32'%20height='32'%20viewBox='0%200%2032%2032'%20fill='none'%20xmlns='http:\/\/www.w3.org\/2000\/svg'%3e%3cmask%20id='mask0_2459_8201'%20style='mask-type:alpha'%20maskUnits='userSpaceOnUse'%20x='0'%20y='0'%20width='32'%20height='32'%3e%3crect%20width='32'%20height='32'%20fill='%23D9D9D9'\/%3e%3c\/mask%3e%3cg%20mask='url(%23mask0_2459_8201)'%3e%3cpath%20d='M10.667%2022.8999V9.09993C10.667%208.72216%2010.8003%208.40549%2011.067%208.14993C11.3337%207.89438%2011.6448%207.7666%2012.0003%207.7666C12.1114%207.7666%2012.2281%207.78327%2012.3503%207.8166C12.4725%207.84993%2012.5892%207.89993%2012.7003%207.9666L23.567%2014.8666C23.767%2014.9999%2023.917%2015.1666%2024.017%2015.3666C24.117%2015.5666%2024.167%2015.7777%2024.167%2015.9999C24.167%2016.2222%2024.117%2016.4333%2024.017%2016.6333C23.917%2016.8333%2023.767%2016.9999%2023.567%2017.1333L12.7003%2024.0333C12.5892%2024.0999%2012.4725%2024.1499%2012.3503%2024.1833C12.2281%2024.2166%2012.1114%2024.2333%2012.0003%2024.2333C11.6448%2024.2333%2011.3337%2024.1055%2011.067%2023.8499C10.8003%2023.5944%2010.667%2023.2777%2010.667%2022.8999Z'%20fill='black'\/%3e%3c\/g%3e%3c\/svg%3e\" alt=\"\" aria-hidden=\"true\"\/><img decoding=\"async\" class=\"pause-icon\" src=\"data:image\/svg+xml,%3csvg%20width='32'%20height='32'%20viewBox='0%200%2032%2032'%20fill='none'%20xmlns='http:\/\/www.w3.org\/2000\/svg'%3e%3cmask%20id='mask0_pause'%20style='mask-type:alpha'%20maskUnits='userSpaceOnUse'%20x='0'%20y='0'%20width='32'%20height='32'%3e%3crect%20width='32'%20height='32'%20fill='%23D9D9D9'\/%3e%3c\/mask%3e%3cg%20mask='url(%23mask0_pause)'%3e%3c!--%20Left%20bar%20--%3e%3crect%20x='10'%20y='8'%20width='4'%20height='16'%20rx='1'%20fill='black'\/%3e%3c!--%20Right%20bar%20--%3e%3crect%20x='18'%20y='8'%20width='4'%20height='16'%20rx='1'%20fill='black'\/%3e%3c\/g%3e%3c\/svg%3e\" alt=\"\" aria-hidden=\"true\"\/><\/span><\/button><strong class=\"sts-video__duration\" data-duration-prefix=\"Video duration:\" data-unit-second=\"second\" data-unit-seconds=\"seconds\" data-unit-minute=\"minute\" data-unit-minutes=\"minutes\" aria-label=\"Video duration: 1 minute\">1 min<\/strong><\/div><div class=\"sts-video__media\" data-video-source=\"youtube\" data-video-url=\"\"><div class=\"sts-video__external-shell\" data-embed-url=\"https:\/\/www.youtube.com\/embed\/APzP1l6I8Bs?rel=0&amp;controls=1&amp;modestbranding=1&amp;playsinline=1&amp;enablejsapi=1&amp;autoplay=0&amp;origin=https%3A%2F%2Fwww.sts-education.com\"><iframe class=\"sts-video__iframe\" src=\"https:\/\/www.youtube.com\/embed\/APzP1l6I8Bs?rel=0&amp;controls=1&amp;modestbranding=1&amp;playsinline=1&amp;enablejsapi=1&amp;autoplay=0&amp;origin=https%3A%2F%2Fwww.sts-education.com\" title=\"Video poster\nheading\" allow=\"autoplay; fullscreen\" allowfullscreen loading=\"lazy\" data-provider=\"youtube\" data-embed-url=\"https:\/\/www.youtube.com\/embed\/APzP1l6I8Bs?rel=0&amp;controls=1&amp;modestbranding=1&amp;playsinline=1&amp;enablejsapi=1&amp;autoplay=0&amp;origin=https%3A%2F%2Fwww.sts-education.com\"><\/iframe><\/div><\/div><\/div><\/section>\n\n\n\n<div class=\"wp-block-sts-text sts-text-editor has-max-width-md\"><div class=\"sts-text-editor__content\"><div class=\"sts-text-editor__content-inner\">\n<h2>STS:n saamat akkreditointitodistukset ja liittoj\u00e4senyydet<\/h2>\n<p>STS:n koulut ja ohjelmat ovat saaneet useita akkreditointitodistuksia monilta kansainv\u00e4lisesti tunnustetuilta organisaatioilta. N\u00e4m\u00e4 p\u00e4tevyystodistukset osoittavat, ett\u00e4 ohjelmamme t\u00e4ytt\u00e4v\u00e4t laatustandardit johtamisen, resurssien, ymp\u00e4rist\u00f6asioiden, opetuksen tason, hyvinvoinnin ja huolenpidon osalta. STS on j\u00e4sen useissa matkailualan ja opiskelijavaihtoj\u00e4rjest\u00f6jen liitoissa, mik\u00e4 on takuu siit\u00e4, ett\u00e4 meill\u00e4 on tukena suuri ja luotettava alan yritysten verkosto.<\/p>\n<\/div><\/div><\/div>\n\n\n\n<figure class=\"wp-block-sts-image sts-block-image sts-block-image--count-1 has-max-width-md\" data-count=\"1\"><div class=\"sts-block-image__grid\"><div class=\"sts-block-image__item\"><picture class=\"sts-responsive-image has-fit-cover has-pos-top is-skeleton\"><source media=\"(max-width: 834.98px)\" srcset=\"https:\/\/powered-by.qbank.se\/educatius\/sts\/84907537aa411c5ffcc37be1d18f2a7b_1-1-thumb.webp 150w, https:\/\/powered-by.qbank.se\/educatius\/sts\/84907537aa411c5ffcc37be1d18f2a7b_1-1-xsmall.webp 500w, https:\/\/powered-by.qbank.se\/educatius\/sts\/84907537aa411c5ffcc37be1d18f2a7b_1-1-small.webp 800w, https:\/\/powered-by.qbank.se\/educatius\/sts\/84907537aa411c5ffcc37be1d18f2a7b_1-1-medium.webp 1024w, https:\/\/powered-by.qbank.se\/educatius\/sts\/84907537aa411c5ffcc37be1d18f2a7b_1-1-large.webp 1536w\" sizes=\"(max-width: 736px) 100vw, 736px\" type=\"image\/webp\"\/><source media=\"(min-width: 835px)\" srcset=\"https:\/\/powered-by.qbank.se\/educatius\/sts\/84907537aa411c5ffcc37be1d18f2a7b_1-1-thumb.webp 150w, https:\/\/powered-by.qbank.se\/educatius\/sts\/84907537aa411c5ffcc37be1d18f2a7b_1-1-xsmall.webp 500w, https:\/\/powered-by.qbank.se\/educatius\/sts\/84907537aa411c5ffcc37be1d18f2a7b_1-1-small.webp 800w, https:\/\/powered-by.qbank.se\/educatius\/sts\/84907537aa411c5ffcc37be1d18f2a7b_1-1-medium.webp 1024w, https:\/\/powered-by.qbank.se\/educatius\/sts\/84907537aa411c5ffcc37be1d18f2a7b_1-1-large.webp 1536w\" sizes=\"(max-width: 736px) 100vw, 736px\" type=\"image\/webp\"\/><img src=\"https:\/\/powered-by.qbank.se\/educatius\/sts\/84907537aa411c5ffcc37be1d18f2a7b_1-1-thumb.webp\" alt=\"Alliance\" loading=\"lazy\" decoding=\"async\" fetchpriority=\"low\" style=\"object-position:top\"\/><\/picture><\/div><\/div><\/figure>\n\n\n\n<div class=\"wp-block-sts-text sts-text-editor has-max-width-md\"><div class=\"sts-text-editor__content\"><div class=\"sts-text-editor__content-inner\">\n<h3>Alliance<\/h3>\n<p>Alliance on kansainv\u00e4listen koulutus- ja kulttuurivaihtojen yhdistys, joka toimii kollektiivisena julkisen politiikan \u00e4\u00e4nen\u00e4 USA:n kansainv\u00e4liselle koulutus- ja kulttuurivaihtoyhteis\u00f6lle.<br \/><a href=\"http:\/\/www.alliance-exchange.org\" target=\"_blank\" rel=\"noopener noreferrer\">www.alliance-exchange.org<\/a><\/p>\n<\/div><\/div><\/div>\n\n\n\n<figure class=\"wp-block-sts-image sts-block-image sts-block-image--count-1 has-max-width-md\" data-count=\"1\"><div class=\"sts-block-image__grid\"><div class=\"sts-block-image__item\"><picture class=\"sts-responsive-image has-fit-cover has-pos-top is-skeleton\"><source media=\"(max-width: 834.98px)\" srcset=\"https:\/\/powered-by.qbank.se\/educatius\/sts\/26c853b77628776cfc7fef95d38a7bbd_1-1-thumb.webp 150w, https:\/\/powered-by.qbank.se\/educatius\/sts\/26c853b77628776cfc7fef95d38a7bbd_1-1-xsmall.webp 500w, https:\/\/powered-by.qbank.se\/educatius\/sts\/26c853b77628776cfc7fef95d38a7bbd_1-1-small.webp 800w, https:\/\/powered-by.qbank.se\/educatius\/sts\/26c853b77628776cfc7fef95d38a7bbd_1-1-medium.webp 1024w, https:\/\/powered-by.qbank.se\/educatius\/sts\/26c853b77628776cfc7fef95d38a7bbd_1-1-large.webp 1536w\" sizes=\"(max-width: 736px) 100vw, 736px\" type=\"image\/webp\"\/><source media=\"(min-width: 835px)\" srcset=\"https:\/\/powered-by.qbank.se\/educatius\/sts\/26c853b77628776cfc7fef95d38a7bbd_1-1-thumb.webp 150w, https:\/\/powered-by.qbank.se\/educatius\/sts\/26c853b77628776cfc7fef95d38a7bbd_1-1-xsmall.webp 500w, https:\/\/powered-by.qbank.se\/educatius\/sts\/26c853b77628776cfc7fef95d38a7bbd_1-1-small.webp 800w, https:\/\/powered-by.qbank.se\/educatius\/sts\/26c853b77628776cfc7fef95d38a7bbd_1-1-medium.webp 1024w, https:\/\/powered-by.qbank.se\/educatius\/sts\/26c853b77628776cfc7fef95d38a7bbd_1-1-large.webp 1536w\" sizes=\"(max-width: 736px) 100vw, 736px\" type=\"image\/webp\"\/><img src=\"https:\/\/powered-by.qbank.se\/educatius\/sts\/26c853b77628776cfc7fef95d38a7bbd_1-1-thumb.webp\" alt=\"CSIET\" loading=\"lazy\" decoding=\"async\" fetchpriority=\"low\" style=\"object-position:top\"\/><\/picture><\/div><\/div><\/figure>\n\n\n\n<div class=\"wp-block-sts-text sts-text-editor has-max-width-md\"><div class=\"sts-text-editor__content\"><div class=\"sts-text-editor__content-inner\">\n<h3>CSIET<\/h3>\n<p>The Council on Standards for International Educational Travel (CSIET) on voittoa tavoittelematon j\u00e4rjest\u00f6, joka on sitoutunut toisen asteen kansainv\u00e4lisen koulutuksen laadun tarkkailuun ja parantamiseen. STS:ll\u00e4 on ollut kunnia olla CSIET:n j\u00e4sen jo useamman vuoden ajan.<br \/><a href=\"http:\/\/www.csiet.org\" target=\"_blank\" rel=\"noopener noreferrer\">www.csiet.org<\/a><\/p>\n<\/div><\/div><\/div>\n\n\n\n<figure class=\"wp-block-sts-image sts-block-image sts-block-image--count-1 has-max-width-md\" data-count=\"1\"><div class=\"sts-block-image__grid\"><div class=\"sts-block-image__item\"><picture class=\"sts-responsive-image has-fit-cover has-pos-top is-skeleton\"><source media=\"(max-width: 834.98px)\" srcset=\"https:\/\/powered-by.qbank.se\/educatius\/sts\/209ed5567b7de8d810127caad4f2eeb9_1-1-thumb.webp 150w, https:\/\/powered-by.qbank.se\/educatius\/sts\/209ed5567b7de8d810127caad4f2eeb9_1-1-xsmall.webp 500w, https:\/\/powered-by.qbank.se\/educatius\/sts\/209ed5567b7de8d810127caad4f2eeb9_1-1-small.webp 800w, https:\/\/powered-by.qbank.se\/educatius\/sts\/209ed5567b7de8d810127caad4f2eeb9_1-1-medium.webp 1024w, https:\/\/powered-by.qbank.se\/educatius\/sts\/209ed5567b7de8d810127caad4f2eeb9_1-1-large.webp 1536w\" sizes=\"(max-width: 736px) 100vw, 736px\" type=\"image\/webp\"\/><source media=\"(min-width: 835px)\" srcset=\"https:\/\/powered-by.qbank.se\/educatius\/sts\/209ed5567b7de8d810127caad4f2eeb9_1-1-thumb.webp 150w, https:\/\/powered-by.qbank.se\/educatius\/sts\/209ed5567b7de8d810127caad4f2eeb9_1-1-xsmall.webp 500w, https:\/\/powered-by.qbank.se\/educatius\/sts\/209ed5567b7de8d810127caad4f2eeb9_1-1-small.webp 800w, https:\/\/powered-by.qbank.se\/educatius\/sts\/209ed5567b7de8d810127caad4f2eeb9_1-1-medium.webp 1024w, https:\/\/powered-by.qbank.se\/educatius\/sts\/209ed5567b7de8d810127caad4f2eeb9_1-1-large.webp 1536w\" sizes=\"(max-width: 736px) 100vw, 736px\" type=\"image\/webp\"\/><img src=\"https:\/\/powered-by.qbank.se\/educatius\/sts\/209ed5567b7de8d810127caad4f2eeb9_1-1-thumb.webp\" alt=\"NZCIE\" loading=\"lazy\" decoding=\"async\" fetchpriority=\"low\" style=\"object-position:top\"\/><\/picture><\/div><\/div><\/figure>\n\n\n\n<div class=\"wp-block-sts-text sts-text-editor has-max-width-md\"><div class=\"sts-text-editor__content\"><div class=\"sts-text-editor__content-inner\">\n<h3>NZCIE<\/h3>\n<p>STS on my\u00f6s NZCIE:n, the New Zealand Council for Intercultural Educationin virallinen j\u00e4sen. NZCIE:n tavoitteena on edist\u00e4\u00e4 maailman kansainv\u00e4lisyytt\u00e4 auttamalla ihmisi\u00e4 kehittym\u00e4\u00e4n kohti maailman kansalaisuutta ja ymm\u00e4rt\u00e4m\u00e4\u00e4n vieraita kulttuureja ja elintapoja. NZCIE:n j\u00e4senyyden edellytyksen\u00e4 on mm. j\u00e4rjest\u00f6n kulttuurienv\u00e4lisen koulutuksen hyvien k\u00e4yt\u00e4nt\u00f6jen periaatteiden ja s\u00e4\u00e4nt\u00f6jen hyv\u00e4ksyminen ja niiden mukaisesti toimiminen. <br \/><a href=\"http:\/\/www.nzcie.org.nz\" target=\"_blank\" rel=\"noopener noreferrer\">www.nzcie.org.nz<\/a><\/p>\n<\/div><\/div><\/div>\n","protected":false},"excerpt":{"rendered":"","protected":false},"author":20,"featured_media":0,"parent":0,"menu_order":0,"comment_status":"closed","ping_status":"closed","template":"templates\/template-default-with-breadcrumbs.php","meta":{"_acf_changed":false,"sts_page_background_color":"","footnotes":""},"wpw_page_folders":[77],"class_list":["post-10458","page","type-page","status-publish","hentry"],"acf":[],"yoast_head":"<!-- This site is optimized with the Yoast SEO Premium plugin v27.2 (Yoast SEO v27.3) - https:\/\/yoast.com\/product\/yoast-seo-premium-wordpress\/ -->\n<title>Meist\u00e4 STS:ll\u00e4 | STS<\/title>\n<meta name=\"robots\" content=\"index, follow, max-snippet:-1, max-image-preview:large, max-video-preview:-1\" \/>\n<link rel=\"canonical\" href=\"https:\/\/www.sts-education.com\/fi\/meista\/\" \/>\n<meta property=\"og:locale\" content=\"fi_FI\" \/>\n<meta property=\"og:type\" content=\"article\" \/>\n<meta property=\"og:title\" content=\"Meista\" \/>\n<meta property=\"og:url\" content=\"https:\/\/www.sts-education.com\/fi\/meista\/\" \/>\n<meta property=\"og:site_name\" content=\"STS Education\" \/>\n<meta property=\"article:modified_time\" content=\"2026-04-15T14:14:16+00:00\" \/>\n<meta property=\"og:image\" content=\"https:\/\/cdn.sts-education.com\/11482_hero_lg_xl.jpg\" \/>\n<meta name=\"twitter:card\" content=\"summary_large_image\" \/>\n<meta name=\"twitter:label1\" content=\"Arvioitu lukuaika\" \/>\n\t<meta name=\"twitter:data1\" content=\"3 minuuttia\" \/>\n<script type=\"application\/ld+json\" class=\"yoast-schema-graph\">{\"@context\":\"https:\\\/\\\/schema.org\",\"@graph\":[{\"@type\":\"WebPage\",\"@id\":\"https:\\\/\\\/www.sts-education.com\\\/fi\\\/meista\\\/\",\"url\":\"https:\\\/\\\/www.sts-education.com\\\/fi\\\/meista\\\/\",\"name\":\"Meist\u00e4 STS:ll\u00e4 | STS\",\"isPartOf\":{\"@id\":\"https:\\\/\\\/www.sts-education.com\\\/fi\\\/#website\"},\"primaryImageOfPage\":{\"@id\":\"https:\\\/\\\/www.sts-education.com\\\/fi\\\/meista\\\/#primaryimage\"},\"image\":{\"@id\":\"https:\\\/\\\/www.sts-education.com\\\/fi\\\/meista\\\/#primaryimage\"},\"thumbnailUrl\":\"https:\\\/\\\/cdn.sts-education.com\\\/11482_hero_lg_xl.jpg\",\"datePublished\":\"2025-12-16T10:21:48+00:00\",\"dateModified\":\"2026-04-15T14:14:16+00:00\",\"breadcrumb\":{\"@id\":\"https:\\\/\\\/www.sts-education.com\\\/fi\\\/meista\\\/#breadcrumb\"},\"inLanguage\":\"fi\",\"potentialAction\":[{\"@type\":\"ReadAction\",\"target\":[\"https:\\\/\\\/www.sts-education.com\\\/fi\\\/meista\\\/\"]}]},{\"@type\":\"ImageObject\",\"inLanguage\":\"fi\",\"@id\":\"https:\\\/\\\/www.sts-education.com\\\/fi\\\/meista\\\/#primaryimage\",\"url\":\"https:\\\/\\\/cdn.sts-education.com\\\/11482_hero_lg_xl.jpg\",\"contentUrl\":\"https:\\\/\\\/cdn.sts-education.com\\\/11482_hero_lg_xl.jpg\"},{\"@type\":\"BreadcrumbList\",\"@id\":\"https:\\\/\\\/www.sts-education.com\\\/fi\\\/meista\\\/#breadcrumb\",\"itemListElement\":[{\"@type\":\"ListItem\",\"position\":1,\"name\":\"Home\",\"item\":\"https:\\\/\\\/www.sts-education.com\\\/fi\\\/\"},{\"@type\":\"ListItem\",\"position\":2,\"name\":\"Meista\"}]},{\"@type\":\"WebSite\",\"@id\":\"https:\\\/\\\/www.sts-education.com\\\/fi\\\/#website\",\"url\":\"https:\\\/\\\/www.sts-education.com\\\/fi\\\/\",\"name\":\"STS Education\",\"description\":\"\",\"potentialAction\":[{\"@type\":\"SearchAction\",\"target\":{\"@type\":\"EntryPoint\",\"urlTemplate\":\"https:\\\/\\\/www.sts-education.com\\\/fi\\\/?s={search_term_string}\"},\"query-input\":{\"@type\":\"PropertyValueSpecification\",\"valueRequired\":true,\"valueName\":\"search_term_string\"}}],\"inLanguage\":\"fi\"}]}<\/script>\n<!-- \/ Yoast SEO Premium plugin. -->","yoast_head_json":{"title":"Meist\u00e4 STS:ll\u00e4 | STS","robots":{"index":"index","follow":"follow","max-snippet":"max-snippet:-1","max-image-preview":"max-image-preview:large","max-video-preview":"max-video-preview:-1"},"canonical":"https:\/\/www.sts-education.com\/fi\/meista\/","og_locale":"fi_FI","og_type":"article","og_title":"Meista","og_url":"https:\/\/www.sts-education.com\/fi\/meista\/","og_site_name":"STS Education","article_modified_time":"2026-04-15T14:14:16+00:00","og_image":[{"url":"https:\/\/cdn.sts-education.com\/11482_hero_lg_xl.jpg","type":"","width":"","height":""}],"twitter_card":"summary_large_image","twitter_misc":{"Arvioitu lukuaika":"3 minuuttia"},"schema":{"@context":"https:\/\/schema.org","@graph":[{"@type":"WebPage","@id":"https:\/\/www.sts-education.com\/fi\/meista\/","url":"https:\/\/www.sts-education.com\/fi\/meista\/","name":"Meist\u00e4 STS:ll\u00e4 | STS","isPartOf":{"@id":"https:\/\/www.sts-education.com\/fi\/#website"},"primaryImageOfPage":{"@id":"https:\/\/www.sts-education.com\/fi\/meista\/#primaryimage"},"image":{"@id":"https:\/\/www.sts-education.com\/fi\/meista\/#primaryimage"},"thumbnailUrl":"https:\/\/cdn.sts-education.com\/11482_hero_lg_xl.jpg","datePublished":"2025-12-16T10:21:48+00:00","dateModified":"2026-04-15T14:14:16+00:00","breadcrumb":{"@id":"https:\/\/www.sts-education.com\/fi\/meista\/#breadcrumb"},"inLanguage":"fi","potentialAction":[{"@type":"ReadAction","target":["https:\/\/www.sts-education.com\/fi\/meista\/"]}]},{"@type":"ImageObject","inLanguage":"fi","@id":"https:\/\/www.sts-education.com\/fi\/meista\/#primaryimage","url":"https:\/\/cdn.sts-education.com\/11482_hero_lg_xl.jpg","contentUrl":"https:\/\/cdn.sts-education.com\/11482_hero_lg_xl.jpg"},{"@type":"BreadcrumbList","@id":"https:\/\/www.sts-education.com\/fi\/meista\/#breadcrumb","itemListElement":[{"@type":"ListItem","position":1,"name":"Home","item":"https:\/\/www.sts-education.com\/fi\/"},{"@type":"ListItem","position":2,"name":"Meista"}]},{"@type":"WebSite","@id":"https:\/\/www.sts-education.com\/fi\/#website","url":"https:\/\/www.sts-education.com\/fi\/","name":"STS Education","description":"","potentialAction":[{"@type":"SearchAction","target":{"@type":"EntryPoint","urlTemplate":"https:\/\/www.sts-education.com\/fi\/?s={search_term_string}"},"query-input":{"@type":"PropertyValueSpecification","valueRequired":true,"valueName":"search_term_string"}}],"inLanguage":"fi"}]}},"_links":{"self":[{"href":"https:\/\/www.sts-education.com\/fi\/wp-json\/wp\/v2\/pages\/10458","targetHints":{"allow":["GET"]}}],"collection":[{"href":"https:\/\/www.sts-education.com\/fi\/wp-json\/wp\/v2\/pages"}],"about":[{"href":"https:\/\/www.sts-education.com\/fi\/wp-json\/wp\/v2\/types\/page"}],"author":[{"embeddable":true,"href":"https:\/\/www.sts-education.com\/fi\/wp-json\/wp\/v2\/users\/20"}],"replies":[{"embeddable":true,"href":"https:\/\/www.sts-education.com\/fi\/wp-json\/wp\/v2\/comments?post=10458"}],"version-history":[{"count":5,"href":"https:\/\/www.sts-education.com\/fi\/wp-json\/wp\/v2\/pages\/10458\/revisions"}],"predecessor-version":[{"id":37060,"href":"https:\/\/www.sts-education.com\/fi\/wp-json\/wp\/v2\/pages\/10458\/revisions\/37060"}],"wp:attachment":[{"href":"https:\/\/www.sts-education.com\/fi\/wp-json\/wp\/v2\/media?parent=10458"}],"wp:term":[{"taxonomy":"wpw_page_folders","embeddable":true,"href":"https:\/\/www.sts-education.com\/fi\/wp-json\/wp\/v2\/wpw_page_folders?post=10458"}],"curies":[{"name":"wp","href":"https:\/\/api.w.org\/{rel}","templated":true}]}}