{"id":10462,"date":"2025-12-15T15:48:25","date_gmt":"2025-12-15T15:48:25","guid":{"rendered":"https:\/\/preprod.sts-education.com\/kayttoehdot\/evasteista\/"},"modified":"2026-04-14T09:49:14","modified_gmt":"2026-04-14T09:49:14","slug":"evasteista","status":"publish","type":"page","link":"https:\/\/www.sts-education.com\/fi\/kayttoehdot\/evasteista\/","title":{"rendered":"Evasteista"},"content":{"rendered":"\n<div class=\"wp-block-sts-text sts-text-editor has-max-width-md\"><div class=\"sts-text-editor__content\"><div class=\"sts-text-editor__content-inner\">\n<h1>Tietoa ev\u00e4steist\u00e4 (cookies) osoitteessa www.sts.fi<\/h1>\n<\/div><\/div><\/div>\n\n\n\n<div class=\"wp-block-sts-text sts-text-editor has-max-width-md\"><div class=\"sts-text-editor__content\"><div class=\"sts-text-editor__content-inner\">\n<p>Kun vierailet verkkosivustollamme, selaimeesi asetetaan ev\u00e4steit\u00e4 seuraaviin tarkoituksiin:<\/p>\n\n<ul><li>Kieliasetustesi muistaminen<\/li>\n<li>Verkkosivuston toimiminen<\/li><\/ul>\n\n<p>Suostumuksellasi selaimeesi asetetaan ev\u00e4steit\u00e4 my\u00f6s seuraaviin tarkoituksiin:<\/p>\n\n<ul><li>Verkkosivuston k\u00e4yt\u00f6n analysointi<\/li><\/ul>\n\n<p>Jotta me, STS Education Group AB, organisaationumero 559251-3112 (\u201dSTS\u201d), voisimme tarjota sinulle olennaisia tarjouksia ja markkinointia, haluamme kertoa ev\u00e4steiden k\u00e4yt\u00f6st\u00e4 avoimesti ja yksityiskohtaisesti.<\/p>\n\n<p>Sivustolla ei k\u00e4ytet\u00e4 edistyneit\u00e4 ev\u00e4steit\u00e4, vaan ainoastaan tavallisia ev\u00e4steit\u00e4, eli niin kutsuttuja HTTP-ev\u00e4steit\u00e4 ja komentosarjoja. Vaikka kyseiset ev\u00e4steet eiv\u00e4t ole edistyneit\u00e4, osa niist\u00e4 ker\u00e4\u00e4 henkil\u00f6tietoja, kuten IP-osoitteesi. Tietoa henkil\u00f6tietojen k\u00e4sittelyst\u00e4 STS:ll\u00e4, my\u00f6s tietojen siirt\u00e4misest\u00e4 EU:n\/ETA:n ulkopuolelle ja niiden k\u00e4sittelyyn liittyvist\u00e4 oikeuksistasi, on <a href=\"https:\/\/www.sts-education.com\/fi\/kayttoehdot\/tietosuojakaytanto\/\">tietosuojak\u00e4yt\u00e4nn\u00f6ss\u00e4mme<\/a>.<\/p>\n\n<h2>Ev\u00e4steisiin liittyv\u00e4t yhteydenotot<\/h2>\n\n<p>Jos sinulla on kysytt\u00e4v\u00e4\u00e4 ev\u00e4steiden k\u00e4yt\u00f6st\u00e4 tai haluat sit\u00e4 koskevia lis\u00e4tietoja, ole yhteydess\u00e4 meihin:<\/p>\n\n<p>Osoite: Norra Hamngatan 36, SE-411 06 G\u00f6teborg, Ruotsi<\/p>\n\n<p>S\u00e4hk\u00f6posti: dataprotection@sts.se<\/p>\n\n<p>Puhelin: +46 771 202 040<\/p>\n\n<p>Ev\u00e4steit\u00e4 koskevissa kysymyksiss\u00e4 voit k\u00e4\u00e4nty\u00e4 my\u00f6s asianmukaisen valvontaviranomaisen puoleen.<\/p>\n\n<h2>Ev\u00e4steiden v\u00e4ltt\u00e4minen<\/h2>\n\n<p>Kun vierailet verkkosivustollamme, selaimeesi asetetaan automaattisesti tietyt ev\u00e4steet, jotka tallennetaan vain vierailusi ajaksi (istuntoev\u00e4steet). Istuntoev\u00e4steiden lis\u00e4ksi k\u00e4yt\u00e4mme my\u00f6s pysyv\u00e4mpi\u00e4 ev\u00e4steit\u00e4, jotka tallentuvat selaimeesi pidemm\u00e4ksi ajaksi.<\/p>\n\n<p>Ellet halua hyv\u00e4ksy\u00e4 ev\u00e4steit\u00e4, voit joko asettaa selaimesi kielt\u00e4m\u00e4\u00e4n ev\u00e4steet automaattisesti tai hyl\u00e4t\u00e4 ne ev\u00e4steiden hallintaratkaisussamme. Selaimesta voit my\u00f6s tarkistaa, mit\u00e4 pysyvi\u00e4 ev\u00e4steit\u00e4 sinne on asetettu, ja poistaa niit\u00e4. Voit peruuttaa suostumuksesi milloin tahansa. Napsauta sivun vasemmassa alakulmassa olevaa asetuspainiketta, niin n\u00e4et kaikki k\u00e4ytt\u00e4m\u00e4mme ev\u00e4steet ja voit p\u00e4\u00e4tt\u00e4\u00e4, sallitko ne vai et. Ev\u00e4steiden hylk\u00e4\u00e4minen voi kuitenkin est\u00e4\u00e4 verkkosivustoa toimimasta kunnolla<\/p>\n\n<h2>Suostumuksesi perusteella asetetut ev\u00e4steet<\/h2>\n\n<p>Ev\u00e4steet, jotka sijoitamme verkkosivustomme k\u00e4yt\u00f6n analysoimiseksi ja olennaisten tarjousten ja markkinoinnin n\u00e4ytt\u00e4miseksi, eiv\u00e4t ole ehdottoman v\u00e4ltt\u00e4m\u00e4tt\u00f6mi\u00e4 verkkosivuston ja sen toimivuuden kannalta. Siksi asetamme niit\u00e4 selaimeesi vain suostumuksesi pohjalta.<\/p>\n\n<p>Jos p\u00e4\u00e4t\u00e4t olla sallimatta ev\u00e4steit\u00e4 tai olet asettanut selaimesi kielt\u00e4m\u00e4\u00e4n ne automaattisesti, saamme v\u00e4hemm\u00e4n tietoa verkkosivustomme k\u00e4yt\u00f6n analysointiin. T\u00e4ll\u00f6in emme my\u00f6sk\u00e4\u00e4n voi n\u00e4ytt\u00e4\u00e4 tarjouksia ja markkinointia, jotka on mukautettu juuri sinulle.<\/p>\n\n<h2>Kuvaus erityyppisten ev\u00e4steiden k\u00e4yt\u00f6st\u00e4<\/h2>\n\n<h3>Verkkosivuston toimivuus<\/h3>\n\n<p>Asetamme selaimeesi ev\u00e4steit\u00e4 verkkosivustomme teknisen toimivuuden mahdollistamiseksi. Ev\u00e4steiden avulla mm. tunnistamme selaimesi suorittamat toiminnot ja seuraamme istuntoasi luomalla selaimellesi satunnaisen tunnisteen.<\/p>\n\n<p>Varmistaaksemme verkkosivustomme ja sen toimintojen, kuten chatin, mahdollisimman hyv\u00e4n toimivuuden, asetamme selaimeesi Microsoftin ev\u00e4steit\u00e4, joiden avulla muun muassa jaamme liikennett\u00e4 useammalle palvelimelle.<\/p>\n\n<h3>Valintojesi muistaminen<\/h3>\n\n<p>Selaimeesi tallennettuja v\u00e4ltt\u00e4m\u00e4tt\u00f6mi\u00e4 ev\u00e4steit\u00e4 tarvitaan, jotta sinulle voidaan tarjota haluamaasi verkkopalvelua. Ev\u00e4steit\u00e4 vaaditaan verkkosivuston toimivuuden varmistamiseksi ja ensimm\u00e4isell\u00e4 vierailukerralla tekemiesi valintojen muistamiseksi. Niit\u00e4 ovat muun muassa kieliasetus.<br>Jos olet asettanut selaimesi est\u00e4m\u00e4\u00e4n ev\u00e4steet automaattisesti, verkkosivusto ei toimi tarkoitetulla tavalla. T\u00e4ll\u00f6in my\u00f6s sivuston mahdollisuudet muistaa haluamasi kieliasetukset ovat rajoitetut.<\/p>\n\n<h3>Verkkosivuston k\u00e4yt\u00f6n analysointi<\/h3>\n\n<p>Analysoidaksemme sivustomme k\u00e4ytt\u00f6\u00e4 asetamme selaimeesi ev\u00e4steit\u00e4, jotka ker\u00e4\u00e4v\u00e4t esimerkiksi IP-osoitteesi ja maantieteellisen sijaintisi (vain yleisell\u00e4 tasolla, ei tarkkaa osoitettasi) sek\u00e4 tietoa siit\u00e4, miten k\u00e4yt\u00e4t sivustoamme, esimerkiksi mit\u00e4 klikkaat. Lis\u00e4ksi ev\u00e4steet ker\u00e4\u00e4v\u00e4t tietoa liikkeist\u00e4si verkkosivustolla ja sivuista, joilla vieraillaan eniten. Saamme my\u00f6s tilastoja esimerkiksi verkkosivustomme k\u00e4vij\u00e4m\u00e4\u00e4rist\u00e4. Kaikki n\u00e4iden ev\u00e4steiden ker\u00e4\u00e4m\u00e4 tieto on yhdistelty\u00e4 eli anonyymia. Ellet salli n\u00e4it\u00e4 ev\u00e4steit\u00e4, emme pysty tarjoamaan sinulle yksil\u00f6llist\u00e4 k\u00e4ytt\u00f6kokemusta.<\/p>\n\n<h3>Olennaisten tarjousten ja markkinoinnin n\u00e4ytt\u00e4minen<\/h3>\n\n<p>Saadaksemme tietoa markkinointimme vaikuttavuudesta asetamme selaimeesi ev\u00e4steen, joka ker\u00e4\u00e4 tilastotietoa tavastasi k\u00e4ytt\u00e4\u00e4 sivustoamme.<\/p>\n\n<p>Ev\u00e4ste antaa selaimellesi yksil\u00f6llisen tunnisteen, jonka ansiosta saamme tiet\u00e4\u00e4, mit\u00e4 banneria tai mainosta klikkaamalla p\u00e4\u00e4dyit sivustollemme esimerkiksi sosiaalisesta mediasta ja miten olet sen j\u00e4lkeen kanssamme vuorovaikutuksessa.<\/p>\n\n<p>Toimitamme yksil\u00f6llisen tunnisteesi kolmannelle osapuolelle, joka n\u00e4ytt\u00e4\u00e4 sinun kaltaisillesi potentiaalisille verkkosivustomme k\u00e4vij\u00f6ille yksil\u00f6llist\u00e4 mainontaa digitaalisissa kanavissa, sosiaalisessa mediassa ja\/tai kolmannen osapuolen verkkosivustoilla.<\/p>\n\n<p>T\u00e4m\u00e4 tarkoittaa my\u00f6s sit\u00e4, ett\u00e4 k\u00e4ydess\u00e4si muilla sivustoilla n\u00e4et STS:n hakutuloksia ja bannereita sill\u00e4 perusteella, ett\u00e4 olet aiemmin k\u00e4ytt\u00e4nyt verkkosivustoamme. Ellet salli n\u00e4it\u00e4 ev\u00e4steit\u00e4, sinulle n\u00e4ytet\u00e4\u00e4n v\u00e4hemm\u00e4n kohdennettua mainontaa.<\/p>\n<\/div><\/div><\/div>\n","protected":false},"excerpt":{"rendered":"","protected":false},"author":20,"featured_media":0,"parent":10457,"menu_order":0,"comment_status":"closed","ping_status":"closed","template":"templates\/template-default-with-breadcrumbs.php","meta":{"_acf_changed":false,"sts_page_background_color":"","footnotes":""},"wpw_page_folders":[95],"class_list":["post-10462","page","type-page","status-publish","hentry"],"acf":[],"yoast_head":"<!-- This site is optimized with the Yoast SEO Premium plugin v27.2 (Yoast SEO v27.3) - https:\/\/yoast.com\/product\/yoast-seo-premium-wordpress\/ -->\n<title>Ev\u00e4steist\u00e4<\/title>\n<meta name=\"robots\" content=\"index, follow, max-snippet:-1, max-image-preview:large, max-video-preview:-1\" \/>\n<link rel=\"canonical\" href=\"https:\/\/www.sts-education.com\/fi\/kayttoehdot\/evasteista\/\" \/>\n<meta property=\"og:locale\" content=\"fi_FI\" \/>\n<meta property=\"og:type\" content=\"article\" \/>\n<meta property=\"og:title\" content=\"Evasteista\" \/>\n<meta property=\"og:url\" content=\"https:\/\/www.sts-education.com\/fi\/kayttoehdot\/evasteista\/\" \/>\n<meta property=\"og:site_name\" content=\"STS Education\" \/>\n<meta property=\"article:modified_time\" content=\"2026-04-14T09:49:14+00:00\" \/>\n<meta name=\"twitter:card\" content=\"summary_large_image\" \/>\n<meta name=\"twitter:label1\" content=\"Arvioitu lukuaika\" \/>\n\t<meta name=\"twitter:data1\" content=\"4 minuuttia\" \/>\n<script type=\"application\/ld+json\" class=\"yoast-schema-graph\">{\"@context\":\"https:\\\/\\\/schema.org\",\"@graph\":[{\"@type\":\"WebPage\",\"@id\":\"https:\\\/\\\/www.sts-education.com\\\/fi\\\/kayttoehdot\\\/evasteista\\\/\",\"url\":\"https:\\\/\\\/www.sts-education.com\\\/fi\\\/kayttoehdot\\\/evasteista\\\/\",\"name\":\"Ev\u00e4steist\u00e4\",\"isPartOf\":{\"@id\":\"https:\\\/\\\/www.sts-education.com\\\/fi\\\/#website\"},\"datePublished\":\"2025-12-15T15:48:25+00:00\",\"dateModified\":\"2026-04-14T09:49:14+00:00\",\"breadcrumb\":{\"@id\":\"https:\\\/\\\/www.sts-education.com\\\/fi\\\/kayttoehdot\\\/evasteista\\\/#breadcrumb\"},\"inLanguage\":\"fi\",\"potentialAction\":[{\"@type\":\"ReadAction\",\"target\":[\"https:\\\/\\\/www.sts-education.com\\\/fi\\\/kayttoehdot\\\/evasteista\\\/\"]}]},{\"@type\":\"BreadcrumbList\",\"@id\":\"https:\\\/\\\/www.sts-education.com\\\/fi\\\/kayttoehdot\\\/evasteista\\\/#breadcrumb\",\"itemListElement\":[{\"@type\":\"ListItem\",\"position\":1,\"name\":\"Home\",\"item\":\"https:\\\/\\\/www.sts-education.com\\\/fi\\\/\"},{\"@type\":\"ListItem\",\"position\":2,\"name\":\"Kayttoehdot\",\"item\":\"https:\\\/\\\/www.sts-education.com\\\/fi\\\/kayttoehdot\\\/\"},{\"@type\":\"ListItem\",\"position\":3,\"name\":\"Evasteista\"}]},{\"@type\":\"WebSite\",\"@id\":\"https:\\\/\\\/www.sts-education.com\\\/fi\\\/#website\",\"url\":\"https:\\\/\\\/www.sts-education.com\\\/fi\\\/\",\"name\":\"STS Education\",\"description\":\"\",\"potentialAction\":[{\"@type\":\"SearchAction\",\"target\":{\"@type\":\"EntryPoint\",\"urlTemplate\":\"https:\\\/\\\/www.sts-education.com\\\/fi\\\/?s={search_term_string}\"},\"query-input\":{\"@type\":\"PropertyValueSpecification\",\"valueRequired\":true,\"valueName\":\"search_term_string\"}}],\"inLanguage\":\"fi\"}]}<\/script>\n<!-- \/ Yoast SEO Premium plugin. -->","yoast_head_json":{"title":"Ev\u00e4steist\u00e4","robots":{"index":"index","follow":"follow","max-snippet":"max-snippet:-1","max-image-preview":"max-image-preview:large","max-video-preview":"max-video-preview:-1"},"canonical":"https:\/\/www.sts-education.com\/fi\/kayttoehdot\/evasteista\/","og_locale":"fi_FI","og_type":"article","og_title":"Evasteista","og_url":"https:\/\/www.sts-education.com\/fi\/kayttoehdot\/evasteista\/","og_site_name":"STS Education","article_modified_time":"2026-04-14T09:49:14+00:00","twitter_card":"summary_large_image","twitter_misc":{"Arvioitu lukuaika":"4 minuuttia"},"schema":{"@context":"https:\/\/schema.org","@graph":[{"@type":"WebPage","@id":"https:\/\/www.sts-education.com\/fi\/kayttoehdot\/evasteista\/","url":"https:\/\/www.sts-education.com\/fi\/kayttoehdot\/evasteista\/","name":"Ev\u00e4steist\u00e4","isPartOf":{"@id":"https:\/\/www.sts-education.com\/fi\/#website"},"datePublished":"2025-12-15T15:48:25+00:00","dateModified":"2026-04-14T09:49:14+00:00","breadcrumb":{"@id":"https:\/\/www.sts-education.com\/fi\/kayttoehdot\/evasteista\/#breadcrumb"},"inLanguage":"fi","potentialAction":[{"@type":"ReadAction","target":["https:\/\/www.sts-education.com\/fi\/kayttoehdot\/evasteista\/"]}]},{"@type":"BreadcrumbList","@id":"https:\/\/www.sts-education.com\/fi\/kayttoehdot\/evasteista\/#breadcrumb","itemListElement":[{"@type":"ListItem","position":1,"name":"Home","item":"https:\/\/www.sts-education.com\/fi\/"},{"@type":"ListItem","position":2,"name":"Kayttoehdot","item":"https:\/\/www.sts-education.com\/fi\/kayttoehdot\/"},{"@type":"ListItem","position":3,"name":"Evasteista"}]},{"@type":"WebSite","@id":"https:\/\/www.sts-education.com\/fi\/#website","url":"https:\/\/www.sts-education.com\/fi\/","name":"STS Education","description":"","potentialAction":[{"@type":"SearchAction","target":{"@type":"EntryPoint","urlTemplate":"https:\/\/www.sts-education.com\/fi\/?s={search_term_string}"},"query-input":{"@type":"PropertyValueSpecification","valueRequired":true,"valueName":"search_term_string"}}],"inLanguage":"fi"}]}},"_links":{"self":[{"href":"https:\/\/www.sts-education.com\/fi\/wp-json\/wp\/v2\/pages\/10462","targetHints":{"allow":["GET"]}}],"collection":[{"href":"https:\/\/www.sts-education.com\/fi\/wp-json\/wp\/v2\/pages"}],"about":[{"href":"https:\/\/www.sts-education.com\/fi\/wp-json\/wp\/v2\/types\/page"}],"author":[{"embeddable":true,"href":"https:\/\/www.sts-education.com\/fi\/wp-json\/wp\/v2\/users\/20"}],"replies":[{"embeddable":true,"href":"https:\/\/www.sts-education.com\/fi\/wp-json\/wp\/v2\/comments?post=10462"}],"version-history":[{"count":4,"href":"https:\/\/www.sts-education.com\/fi\/wp-json\/wp\/v2\/pages\/10462\/revisions"}],"predecessor-version":[{"id":33134,"href":"https:\/\/www.sts-education.com\/fi\/wp-json\/wp\/v2\/pages\/10462\/revisions\/33134"}],"up":[{"embeddable":true,"href":"https:\/\/www.sts-education.com\/fi\/wp-json\/wp\/v2\/pages\/10457"}],"wp:attachment":[{"href":"https:\/\/www.sts-education.com\/fi\/wp-json\/wp\/v2\/media?parent=10462"}],"wp:term":[{"taxonomy":"wpw_page_folders","embeddable":true,"href":"https:\/\/www.sts-education.com\/fi\/wp-json\/wp\/v2\/wpw_page_folders?post=10462"}],"curies":[{"name":"wp","href":"https:\/\/api.w.org\/{rel}","templated":true}]}}