{"id":10463,"date":"2025-10-27T09:40:19","date_gmt":"2025-10-27T09:40:19","guid":{"rendered":"https:\/\/preprod.sts-education.com\/kayttoehdot\/tietosuojakaytanto\/"},"modified":"2026-04-09T13:45:48","modified_gmt":"2026-04-09T13:45:48","slug":"tietosuojakaytanto","status":"publish","type":"page","link":"https:\/\/www.sts-education.com\/fi\/kayttoehdot\/tietosuojakaytanto\/","title":{"rendered":"Tietosuojak\u00e4yt\u00e4nt\u00f6"},"content":{"rendered":"\n<div class=\"wp-block-sts-text sts-text-editor has-max-width-md\"><div class=\"sts-text-editor__content\"><div class=\"sts-text-editor__content-inner\">\n<h1>Tietosuojak\u00e4yt\u00e4nt\u00f6<\/h1>\n<\/div><\/div><\/div>\n\n\n\n<div class=\"wp-block-sts-text sts-text-editor has-max-width-md\"><div class=\"sts-text-editor__content\"><div class=\"sts-text-editor__content-inner\">\n<h2>STS Kielimatkojen tietosuojaseloste \u2013 Sis\u00e4lt\u00f6 ja yhteenveto<\/h2>\n<p>Yksityisyytesi suojaaminen on meille t\u00e4rke\u00e4\u00e4. T\u00e4ss\u00e4 tietosuojaselosteessa haluamme kertoa, kuinka k\u00e4sittelemme henkil\u00f6kohtaisia tietojasi ja mit\u00e4 oikeuksia sinulla on kotisivujemme k\u00e4ytt\u00e4j\u00e4n\u00e4. Henkil\u00f6tiedoilla tarkoitetaan kaikkea tietoa, joka liittyy sinuun, esimerkiksi nimi- ja yhteystietoja.<\/p>\n<p>Lue lis\u00e4\u00e4 tietosuojak\u00e4yt\u00e4nn\u00f6st\u00e4mme alla olevasta asiakirjasta.<\/p>\n<p><a href=\"https:\/\/powered-by.qbank.se\/educatius\/sts\/2f032fac7b2d385e7f0ab68d02ec5759_pdf.pdf?v=20260409153337\" target=\"_blank\" rel=\"noopener noreferrer\">STS Privat Policy<\/a><\/p>\n<\/div><\/div><\/div>\n","protected":false},"excerpt":{"rendered":"","protected":false},"author":20,"featured_media":0,"parent":10457,"menu_order":0,"comment_status":"closed","ping_status":"open","template":"","meta":{"_acf_changed":false,"sts_page_background_color":"","footnotes":""},"wpw_page_folders":[95],"class_list":["post-10463","page","type-page","status-publish","hentry"],"acf":[],"yoast_head":"<!-- This site is optimized with the Yoast SEO Premium plugin v27.2 (Yoast SEO v27.3) - https:\/\/yoast.com\/product\/yoast-seo-premium-wordpress\/ -->\n<title>Tietosuojak\u00e4yt\u00e4nt\u00f6<\/title>\n<meta name=\"robots\" content=\"index, follow, max-snippet:-1, max-image-preview:large, max-video-preview:-1\" \/>\n<link rel=\"canonical\" href=\"https:\/\/www.sts-education.com\/fi\/kayttoehdot\/tietosuojakaytanto\/\" \/>\n<meta property=\"og:locale\" content=\"fi_FI\" \/>\n<meta property=\"og:type\" content=\"article\" \/>\n<meta property=\"og:title\" content=\"Tietosuojak\u00e4yt\u00e4nt\u00f6\" \/>\n<meta property=\"og:url\" content=\"https:\/\/www.sts-education.com\/fi\/kayttoehdot\/tietosuojakaytanto\/\" \/>\n<meta property=\"og:site_name\" content=\"STS Education\" \/>\n<meta property=\"article:modified_time\" content=\"2026-04-09T13:45:48+00:00\" \/>\n<meta name=\"twitter:card\" content=\"summary_large_image\" \/>\n<meta name=\"twitter:label1\" content=\"Arvioitu lukuaika\" \/>\n\t<meta name=\"twitter:data1\" content=\"1 minuutti\" \/>\n<script type=\"application\/ld+json\" class=\"yoast-schema-graph\">{\"@context\":\"https:\\\/\\\/schema.org\",\"@graph\":[{\"@type\":\"WebPage\",\"@id\":\"https:\\\/\\\/www.sts-education.com\\\/fi\\\/kayttoehdot\\\/tietosuojakaytanto\\\/\",\"url\":\"https:\\\/\\\/www.sts-education.com\\\/fi\\\/kayttoehdot\\\/tietosuojakaytanto\\\/\",\"name\":\"Tietosuojak\u00e4yt\u00e4nt\u00f6\",\"isPartOf\":{\"@id\":\"https:\\\/\\\/www.sts-education.com\\\/fi\\\/#website\"},\"datePublished\":\"2025-10-27T09:40:19+00:00\",\"dateModified\":\"2026-04-09T13:45:48+00:00\",\"breadcrumb\":{\"@id\":\"https:\\\/\\\/www.sts-education.com\\\/fi\\\/kayttoehdot\\\/tietosuojakaytanto\\\/#breadcrumb\"},\"inLanguage\":\"fi\",\"potentialAction\":[{\"@type\":\"ReadAction\",\"target\":[\"https:\\\/\\\/www.sts-education.com\\\/fi\\\/kayttoehdot\\\/tietosuojakaytanto\\\/\"]}]},{\"@type\":\"BreadcrumbList\",\"@id\":\"https:\\\/\\\/www.sts-education.com\\\/fi\\\/kayttoehdot\\\/tietosuojakaytanto\\\/#breadcrumb\",\"itemListElement\":[{\"@type\":\"ListItem\",\"position\":1,\"name\":\"Home\",\"item\":\"https:\\\/\\\/www.sts-education.com\\\/fi\\\/\"},{\"@type\":\"ListItem\",\"position\":2,\"name\":\"Kayttoehdot\",\"item\":\"https:\\\/\\\/www.sts-education.com\\\/fi\\\/kayttoehdot\\\/\"},{\"@type\":\"ListItem\",\"position\":3,\"name\":\"Tietosuojak\u00e4yt\u00e4nt\u00f6\"}]},{\"@type\":\"WebSite\",\"@id\":\"https:\\\/\\\/www.sts-education.com\\\/fi\\\/#website\",\"url\":\"https:\\\/\\\/www.sts-education.com\\\/fi\\\/\",\"name\":\"STS Education\",\"description\":\"\",\"potentialAction\":[{\"@type\":\"SearchAction\",\"target\":{\"@type\":\"EntryPoint\",\"urlTemplate\":\"https:\\\/\\\/www.sts-education.com\\\/fi\\\/?s={search_term_string}\"},\"query-input\":{\"@type\":\"PropertyValueSpecification\",\"valueRequired\":true,\"valueName\":\"search_term_string\"}}],\"inLanguage\":\"fi\"}]}<\/script>\n<!-- \/ Yoast SEO Premium plugin. -->","yoast_head_json":{"title":"Tietosuojak\u00e4yt\u00e4nt\u00f6","robots":{"index":"index","follow":"follow","max-snippet":"max-snippet:-1","max-image-preview":"max-image-preview:large","max-video-preview":"max-video-preview:-1"},"canonical":"https:\/\/www.sts-education.com\/fi\/kayttoehdot\/tietosuojakaytanto\/","og_locale":"fi_FI","og_type":"article","og_title":"Tietosuojak\u00e4yt\u00e4nt\u00f6","og_url":"https:\/\/www.sts-education.com\/fi\/kayttoehdot\/tietosuojakaytanto\/","og_site_name":"STS Education","article_modified_time":"2026-04-09T13:45:48+00:00","twitter_card":"summary_large_image","twitter_misc":{"Arvioitu lukuaika":"1 minuutti"},"schema":{"@context":"https:\/\/schema.org","@graph":[{"@type":"WebPage","@id":"https:\/\/www.sts-education.com\/fi\/kayttoehdot\/tietosuojakaytanto\/","url":"https:\/\/www.sts-education.com\/fi\/kayttoehdot\/tietosuojakaytanto\/","name":"Tietosuojak\u00e4yt\u00e4nt\u00f6","isPartOf":{"@id":"https:\/\/www.sts-education.com\/fi\/#website"},"datePublished":"2025-10-27T09:40:19+00:00","dateModified":"2026-04-09T13:45:48+00:00","breadcrumb":{"@id":"https:\/\/www.sts-education.com\/fi\/kayttoehdot\/tietosuojakaytanto\/#breadcrumb"},"inLanguage":"fi","potentialAction":[{"@type":"ReadAction","target":["https:\/\/www.sts-education.com\/fi\/kayttoehdot\/tietosuojakaytanto\/"]}]},{"@type":"BreadcrumbList","@id":"https:\/\/www.sts-education.com\/fi\/kayttoehdot\/tietosuojakaytanto\/#breadcrumb","itemListElement":[{"@type":"ListItem","position":1,"name":"Home","item":"https:\/\/www.sts-education.com\/fi\/"},{"@type":"ListItem","position":2,"name":"Kayttoehdot","item":"https:\/\/www.sts-education.com\/fi\/kayttoehdot\/"},{"@type":"ListItem","position":3,"name":"Tietosuojak\u00e4yt\u00e4nt\u00f6"}]},{"@type":"WebSite","@id":"https:\/\/www.sts-education.com\/fi\/#website","url":"https:\/\/www.sts-education.com\/fi\/","name":"STS Education","description":"","potentialAction":[{"@type":"SearchAction","target":{"@type":"EntryPoint","urlTemplate":"https:\/\/www.sts-education.com\/fi\/?s={search_term_string}"},"query-input":{"@type":"PropertyValueSpecification","valueRequired":true,"valueName":"search_term_string"}}],"inLanguage":"fi"}]}},"_links":{"self":[{"href":"https:\/\/www.sts-education.com\/fi\/wp-json\/wp\/v2\/pages\/10463","targetHints":{"allow":["GET"]}}],"collection":[{"href":"https:\/\/www.sts-education.com\/fi\/wp-json\/wp\/v2\/pages"}],"about":[{"href":"https:\/\/www.sts-education.com\/fi\/wp-json\/wp\/v2\/types\/page"}],"author":[{"embeddable":true,"href":"https:\/\/www.sts-education.com\/fi\/wp-json\/wp\/v2\/users\/20"}],"replies":[{"embeddable":true,"href":"https:\/\/www.sts-education.com\/fi\/wp-json\/wp\/v2\/comments?post=10463"}],"version-history":[{"count":4,"href":"https:\/\/www.sts-education.com\/fi\/wp-json\/wp\/v2\/pages\/10463\/revisions"}],"predecessor-version":[{"id":31745,"href":"https:\/\/www.sts-education.com\/fi\/wp-json\/wp\/v2\/pages\/10463\/revisions\/31745"}],"up":[{"embeddable":true,"href":"https:\/\/www.sts-education.com\/fi\/wp-json\/wp\/v2\/pages\/10457"}],"wp:attachment":[{"href":"https:\/\/www.sts-education.com\/fi\/wp-json\/wp\/v2\/media?parent=10463"}],"wp:term":[{"taxonomy":"wpw_page_folders","embeddable":true,"href":"https:\/\/www.sts-education.com\/fi\/wp-json\/wp\/v2\/wpw_page_folders?post=10463"}],"curies":[{"name":"wp","href":"https:\/\/api.w.org\/{rel}","templated":true}]}}