{"id":10465,"date":"2025-12-16T10:22:28","date_gmt":"2025-12-16T10:22:28","guid":{"rendered":"https:\/\/preprod.sts-education.com\/meista\/kestavaa-matkailua\/"},"modified":"2026-04-01T01:35:11","modified_gmt":"2026-04-01T01:35:11","slug":"kestavaa-matkailua","status":"publish","type":"page","link":"https:\/\/www.sts-education.com\/fi\/meista\/kestavaa-matkailua\/","title":{"rendered":"Kestavaa Matkailua"},"content":{"rendered":"\n<section class=\"wp-block-sts-hero sts-block-hero is-variant-full-background has-text-light has-background-media\" style=\"--sts-hero-padding-mobile:0px;--sts-hero-padding-desktop:0px;--sts-hero-text-color:var(--wp--preset--color--base-10, #fff);\" data-variant=\"full-background\"><div class=\"sts-block-hero__background\"><picture class=\"sts-responsive-image has-fit-cover is-skeleton\"><img src=\"https:\/\/cdn.sts-education.com\/13746_hero_lg_xl.jpg\" alt=\"Globaali vaikutus\" loading=\"lazy\" decoding=\"async\" fetchpriority=\"low\" sizes=\"100vw\" \/><\/picture><span class=\"sts-block-hero__overlay\" aria-hidden=\"true\"><\/span><\/div><div class=\"sts-block-hero__inner\"><div class=\"sts-block-hero__content has-align-center\"><div class=\"sts-block-hero__content-inner\"><h1 class=\"sts-block-hero__heading\">Globaali vaikutus<\/h1><\/div><\/div><\/div><\/section>\n\n\n\n<div class=\"wp-block-sts-text sts-text-editor has-max-width-md\"><div class=\"sts-text-editor__content\"><div class=\"sts-text-editor__content-inner\">\n<h2>STS &amp; Aiducatius<\/h2>\n\n<p>Sinun vaihtokokemuksesi voi todella vaikuttaa! Kun matkustat STS:n kanssa, et vain l\u00e4hde vaihtoon ulkomaille. P\u00e4\u00e4set osaksi toimintaa, joka auttaa lapsia, joilla ei muuten olisi mahdollisuutta koulutukseen, ja tukee paikallisia yhteis\u00f6j\u00e4 ja ymp\u00e4rist\u00f6\u00e4. Osana Educatius-ryhm\u00e4\u00e4 STS tukee Aiducatius-aloitetta, voittoa tavoittelematonta hanketta, joka rahoittaa merkityksellisi\u00e4 projekteja Gambiassa ja Tansaniassa. Jokainen STS:n vaihto-oppilas osallistuu n\u00e4iden hankkeiden tukemiseen. Olitpa siit\u00e4 tietoinen tai et, olet osa jotain suurempaa, joka auttaa luomaan mahdollisuuksia ja toivoa muille.<\/p>\n\n<h2>St. Martin\u2019s School, Gambia<\/h2>\n\n<p>Kartongin maaseutukyl\u00e4ss\u00e4 sijaitseva St. Martin\u2019s School tarjoaa opetusta yli 1 500 oppilaalle ymp\u00e4r\u00f6iv\u00e4lt\u00e4 alueelta. Opetus on maksutonta, mutta monilla perheill\u00e4 on silti vaikeuksia kattaa perustarpeet, kuten kirjat, koulupuvut, tarvikkeet ja jopa keng\u00e4t. Aiducatius auttaa v\u00e4hent\u00e4m\u00e4\u00e4n taloudellisia esteit\u00e4. Joka vuosi sadat oppilaat saavat tarvitsemansa tarvikkeet, jotta he voivat jatkaa koulunk\u00e4ynti\u00e4, eiv\u00e4tk\u00e4 heid\u00e4n tarvitse j\u00e4\u00e4d\u00e4 kotiin. Vanhemmat voivat my\u00f6s s\u00e4\u00e4st\u00e4\u00e4 lapsen yliopisto-opintoja varten sen sijaan, ett\u00e4 joutuisivat huolehtimaan nykyisest\u00e4 tilanteesta.<\/p>\n\n<h2>Gabriella Children Rehabilitation Centre, Tansania<\/h2>\n\n<p>Kilimanjaro-vuoren juurella sijaitseva Gabriella Children Rehabilitation Centre tarjoaa kehitysvammaisille lapsille mahdollisuuden oppia, osallistua ja l\u00f6yt\u00e4\u00e4 itsen\u00e4isyytt\u00e4. Ilman t\u00e4t\u00e4 koulua monet j\u00e4isiv\u00e4t t\u00e4ysin syrj\u00e4\u00e4n yhteiskunnasta ja olisivat alttiina hyv\u00e4ksik\u00e4yt\u00f6lle ja laiminly\u00f6nnille. Oppilaita ohjataan yksil\u00f6llisill\u00e4 poluilla \u2013 toiset akateemisella, toiset ammatillisella. He oppivat leipomaan, puutarhanhoitoa, rakentamista, el\u00e4inten kasvatusta ja jopa tuotteiden valmistusta, jotka auttavat rahoittamaan keskuksen toimintaa. Aiducatius tukee opettajien palkkoja ja auttaa laajentamaan ohjelmia, joita Tansanian valtion oppilaitokset nyt tutkivat ja jakavat.<\/p>\n\n<h2>Puiden istuttaminen ja niiden suojelu, Tansania<\/h2>\n\n<p>Vaihtovuosi ulkomailla tarkoittaa matkustamista, ja matkustaminen merkitsee hiilijalanj\u00e4lke\u00e4. Vuodesta 2009 l\u00e4htien Aiducatius on tukenut paikallisia luonnonsuojeluryhmi\u00e4 Biharamulossa, Luoteis-Tansaniassa, istuttamaan satoja tuhansia puita. T\u00e4m\u00e4 elvytt\u00e4\u00e4 metsi\u00e4, suojelee vesist\u00f6j\u00e4 ja kouluttaa nuoria rakentamaan elinkeinoja kest\u00e4v\u00e4n mets\u00e4talouden parissa. N\u00e4m\u00e4 aloitteet parantavat my\u00f6s terveytt\u00e4 ja v\u00e4hent\u00e4v\u00e4t metsien tuhoutumista ottamalla k\u00e4ytt\u00f6\u00f6n polttoainetehokkaita liesi\u00e4, joita k\u00e4ytet\u00e4\u00e4n nyt kodeissa ja kouluissa koko alueella. T\u00e4m\u00e4 aloite suojelee ekosysteemej\u00e4 ja luo taloudellisia mahdollisuuksia paikallisille yhteis\u00f6ille.<\/p>\n\n<h2>The Aiducatius Creativity Internship<\/h2>\n\n<p>Joka vuosi Educatius j\u00e4rjest\u00e4\u00e4 maailmanlaajuisen kilpailun oppilaille, alumneille, is\u00e4nt\u00e4perheille, opettajille ja henkil\u00f6kunnalle, jossa voi hakea kahden viikon luovaa ty\u00f6harjoittelua St. Martin\u2019s Schoolissa Gambiassa. Voittajat suunnittelevat ja johtavat taide-, tarinankerronta- tai musiikkity\u00f6pajoja ja ty\u00f6skentelev\u00e4t paikallisten opettajien kanssa projekteissa, jotka tukevat t\u00e4t\u00e4 ainutlaatuista oppimisen vaihtoa. He auttavat my\u00f6s ker\u00e4\u00e4m\u00e4\u00e4n lahjoituksia, kuten kirjoja, hygieniatuotteita ja koulutarvikkeita.<\/p>\n<\/div><\/div><\/div>\n\n","protected":false},"excerpt":{"rendered":"","protected":false},"author":20,"featured_media":15457,"parent":10458,"menu_order":0,"comment_status":"closed","ping_status":"closed","template":"templates\/template-default-with-breadcrumbs.php","meta":{"_acf_changed":false,"sts_page_background_color":"","footnotes":""},"wpw_page_folders":[77],"class_list":["post-10465","page","type-page","status-publish","has-post-thumbnail","hentry"],"acf":[],"yoast_head":"<!-- This site is optimized with the Yoast SEO Premium plugin v27.2 (Yoast SEO v27.3) - https:\/\/yoast.com\/product\/yoast-seo-premium-wordpress\/ -->\n<title>Globaali vaikutus<\/title>\n<meta name=\"description\" content=\"Kun matkustat STS:n kanssa, et vain l\u00e4hde vaihtoon ulkomaille. P\u00e4\u00e4set osaksi toimintaa, joka auttaa lapsia, joilla ei muuten olisi mahdollisuutta koulutukseen, ja tukee paikallisia yhteis\u00f6j\u00e4 ja ymp\u00e4rist\u00f6\u00e4.\" \/>\n<meta name=\"robots\" content=\"index, follow, max-snippet:-1, max-image-preview:large, max-video-preview:-1\" \/>\n<link rel=\"canonical\" href=\"https:\/\/www.sts-education.com\/fi\/meista\/kestavaa-matkailua\/\" \/>\n<meta property=\"og:locale\" content=\"fi_FI\" \/>\n<meta property=\"og:type\" content=\"article\" \/>\n<meta property=\"og:title\" content=\"Kestavaa Matkailua\" \/>\n<meta property=\"og:description\" content=\"Kun matkustat STS:n kanssa, et vain l\u00e4hde vaihtoon ulkomaille. P\u00e4\u00e4set osaksi toimintaa, joka auttaa lapsia, joilla ei muuten olisi mahdollisuutta koulutukseen, ja tukee paikallisia yhteis\u00f6j\u00e4 ja ymp\u00e4rist\u00f6\u00e4.\" \/>\n<meta property=\"og:url\" content=\"https:\/\/www.sts-education.com\/fi\/meista\/kestavaa-matkailua\/\" \/>\n<meta property=\"og:site_name\" content=\"STS Education\" \/>\n<meta property=\"article:modified_time\" content=\"2026-04-01T01:35:11+00:00\" \/>\n<meta property=\"og:image\" content=\"https:\/\/powered-by.qbank.se\/educatius\/sts\/\/3d1ea4feabe1e0e42df6e0c9e599fe93_1-1-thumb.webp\" \/>\n\t<meta property=\"og:image:width\" content=\"150\" \/>\n\t<meta property=\"og:image:height\" content=\"150\" \/>\n\t<meta property=\"og:image:type\" content=\"image\/jpeg\" \/>\n<meta name=\"twitter:card\" content=\"summary_large_image\" \/>\n<meta name=\"twitter:label1\" content=\"Arvioitu lukuaika\" \/>\n\t<meta name=\"twitter:data1\" content=\"2 minuuttia\" \/>\n<script type=\"application\/ld+json\" class=\"yoast-schema-graph\">{\"@context\":\"https:\\\/\\\/schema.org\",\"@graph\":[{\"@type\":\"WebPage\",\"@id\":\"https:\\\/\\\/www.sts-education.com\\\/fi\\\/meista\\\/kestavaa-matkailua\\\/\",\"url\":\"https:\\\/\\\/www.sts-education.com\\\/fi\\\/meista\\\/kestavaa-matkailua\\\/\",\"name\":\"Globaali vaikutus\",\"isPartOf\":{\"@id\":\"https:\\\/\\\/www.sts-education.com\\\/fi\\\/#website\"},\"primaryImageOfPage\":{\"@id\":\"https:\\\/\\\/www.sts-education.com\\\/fi\\\/meista\\\/kestavaa-matkailua\\\/#primaryimage\"},\"image\":{\"@id\":\"https:\\\/\\\/www.sts-education.com\\\/fi\\\/meista\\\/kestavaa-matkailua\\\/#primaryimage\"},\"thumbnailUrl\":\"https:\\\/\\\/powered-by.qbank.se\\\/educatius\\\/sts\\\/\\\/3d1ea4feabe1e0e42df6e0c9e599fe93_1-1-thumb.webp\",\"datePublished\":\"2025-12-16T10:22:28+00:00\",\"dateModified\":\"2026-04-01T01:35:11+00:00\",\"description\":\"Kun matkustat STS:n kanssa, et vain l\u00e4hde vaihtoon ulkomaille. P\u00e4\u00e4set osaksi toimintaa, joka auttaa lapsia, joilla ei muuten olisi mahdollisuutta koulutukseen, ja tukee paikallisia yhteis\u00f6j\u00e4 ja ymp\u00e4rist\u00f6\u00e4.\",\"breadcrumb\":{\"@id\":\"https:\\\/\\\/www.sts-education.com\\\/fi\\\/meista\\\/kestavaa-matkailua\\\/#breadcrumb\"},\"inLanguage\":\"fi\",\"potentialAction\":[{\"@type\":\"ReadAction\",\"target\":[\"https:\\\/\\\/www.sts-education.com\\\/fi\\\/meista\\\/kestavaa-matkailua\\\/\"]}]},{\"@type\":\"ImageObject\",\"inLanguage\":\"fi\",\"@id\":\"https:\\\/\\\/www.sts-education.com\\\/fi\\\/meista\\\/kestavaa-matkailua\\\/#primaryimage\",\"url\":\"https:\\\/\\\/powered-by.qbank.se\\\/educatius\\\/sts\\\/\\\/3d1ea4feabe1e0e42df6e0c9e599fe93_1-1-thumb.webp\",\"contentUrl\":\"https:\\\/\\\/powered-by.qbank.se\\\/educatius\\\/sts\\\/\\\/3d1ea4feabe1e0e42df6e0c9e599fe93_1-1-thumb.webp\",\"width\":150,\"height\":150},{\"@type\":\"BreadcrumbList\",\"@id\":\"https:\\\/\\\/www.sts-education.com\\\/fi\\\/meista\\\/kestavaa-matkailua\\\/#breadcrumb\",\"itemListElement\":[{\"@type\":\"ListItem\",\"position\":1,\"name\":\"Home\",\"item\":\"https:\\\/\\\/www.sts-education.com\\\/fi\\\/\"},{\"@type\":\"ListItem\",\"position\":2,\"name\":\"Meista\",\"item\":\"https:\\\/\\\/www.sts-education.com\\\/fi\\\/meista\\\/\"},{\"@type\":\"ListItem\",\"position\":3,\"name\":\"Kestavaa Matkailua\"}]},{\"@type\":\"WebSite\",\"@id\":\"https:\\\/\\\/www.sts-education.com\\\/fi\\\/#website\",\"url\":\"https:\\\/\\\/www.sts-education.com\\\/fi\\\/\",\"name\":\"STS Education\",\"description\":\"\",\"potentialAction\":[{\"@type\":\"SearchAction\",\"target\":{\"@type\":\"EntryPoint\",\"urlTemplate\":\"https:\\\/\\\/www.sts-education.com\\\/fi\\\/?s={search_term_string}\"},\"query-input\":{\"@type\":\"PropertyValueSpecification\",\"valueRequired\":true,\"valueName\":\"search_term_string\"}}],\"inLanguage\":\"fi\"}]}<\/script>\n<!-- \/ Yoast SEO Premium plugin. -->","yoast_head_json":{"title":"Globaali vaikutus","description":"Kun matkustat STS:n kanssa, et vain l\u00e4hde vaihtoon ulkomaille. P\u00e4\u00e4set osaksi toimintaa, joka auttaa lapsia, joilla ei muuten olisi mahdollisuutta koulutukseen, ja tukee paikallisia yhteis\u00f6j\u00e4 ja ymp\u00e4rist\u00f6\u00e4.","robots":{"index":"index","follow":"follow","max-snippet":"max-snippet:-1","max-image-preview":"max-image-preview:large","max-video-preview":"max-video-preview:-1"},"canonical":"https:\/\/www.sts-education.com\/fi\/meista\/kestavaa-matkailua\/","og_locale":"fi_FI","og_type":"article","og_title":"Kestavaa Matkailua","og_description":"Kun matkustat STS:n kanssa, et vain l\u00e4hde vaihtoon ulkomaille. P\u00e4\u00e4set osaksi toimintaa, joka auttaa lapsia, joilla ei muuten olisi mahdollisuutta koulutukseen, ja tukee paikallisia yhteis\u00f6j\u00e4 ja ymp\u00e4rist\u00f6\u00e4.","og_url":"https:\/\/www.sts-education.com\/fi\/meista\/kestavaa-matkailua\/","og_site_name":"STS Education","article_modified_time":"2026-04-01T01:35:11+00:00","og_image":[{"width":150,"height":150,"url":"https:\/\/powered-by.qbank.se\/educatius\/sts\/\/3d1ea4feabe1e0e42df6e0c9e599fe93_1-1-thumb.webp","type":"image\/jpeg"}],"twitter_card":"summary_large_image","twitter_misc":{"Arvioitu lukuaika":"2 minuuttia"},"schema":{"@context":"https:\/\/schema.org","@graph":[{"@type":"WebPage","@id":"https:\/\/www.sts-education.com\/fi\/meista\/kestavaa-matkailua\/","url":"https:\/\/www.sts-education.com\/fi\/meista\/kestavaa-matkailua\/","name":"Globaali vaikutus","isPartOf":{"@id":"https:\/\/www.sts-education.com\/fi\/#website"},"primaryImageOfPage":{"@id":"https:\/\/www.sts-education.com\/fi\/meista\/kestavaa-matkailua\/#primaryimage"},"image":{"@id":"https:\/\/www.sts-education.com\/fi\/meista\/kestavaa-matkailua\/#primaryimage"},"thumbnailUrl":"https:\/\/powered-by.qbank.se\/educatius\/sts\/\/3d1ea4feabe1e0e42df6e0c9e599fe93_1-1-thumb.webp","datePublished":"2025-12-16T10:22:28+00:00","dateModified":"2026-04-01T01:35:11+00:00","description":"Kun matkustat STS:n kanssa, et vain l\u00e4hde vaihtoon ulkomaille. P\u00e4\u00e4set osaksi toimintaa, joka auttaa lapsia, joilla ei muuten olisi mahdollisuutta koulutukseen, ja tukee paikallisia yhteis\u00f6j\u00e4 ja ymp\u00e4rist\u00f6\u00e4.","breadcrumb":{"@id":"https:\/\/www.sts-education.com\/fi\/meista\/kestavaa-matkailua\/#breadcrumb"},"inLanguage":"fi","potentialAction":[{"@type":"ReadAction","target":["https:\/\/www.sts-education.com\/fi\/meista\/kestavaa-matkailua\/"]}]},{"@type":"ImageObject","inLanguage":"fi","@id":"https:\/\/www.sts-education.com\/fi\/meista\/kestavaa-matkailua\/#primaryimage","url":"https:\/\/powered-by.qbank.se\/educatius\/sts\/\/3d1ea4feabe1e0e42df6e0c9e599fe93_1-1-thumb.webp","contentUrl":"https:\/\/powered-by.qbank.se\/educatius\/sts\/\/3d1ea4feabe1e0e42df6e0c9e599fe93_1-1-thumb.webp","width":150,"height":150},{"@type":"BreadcrumbList","@id":"https:\/\/www.sts-education.com\/fi\/meista\/kestavaa-matkailua\/#breadcrumb","itemListElement":[{"@type":"ListItem","position":1,"name":"Home","item":"https:\/\/www.sts-education.com\/fi\/"},{"@type":"ListItem","position":2,"name":"Meista","item":"https:\/\/www.sts-education.com\/fi\/meista\/"},{"@type":"ListItem","position":3,"name":"Kestavaa Matkailua"}]},{"@type":"WebSite","@id":"https:\/\/www.sts-education.com\/fi\/#website","url":"https:\/\/www.sts-education.com\/fi\/","name":"STS Education","description":"","potentialAction":[{"@type":"SearchAction","target":{"@type":"EntryPoint","urlTemplate":"https:\/\/www.sts-education.com\/fi\/?s={search_term_string}"},"query-input":{"@type":"PropertyValueSpecification","valueRequired":true,"valueName":"search_term_string"}}],"inLanguage":"fi"}]}},"_links":{"self":[{"href":"https:\/\/www.sts-education.com\/fi\/wp-json\/wp\/v2\/pages\/10465","targetHints":{"allow":["GET"]}}],"collection":[{"href":"https:\/\/www.sts-education.com\/fi\/wp-json\/wp\/v2\/pages"}],"about":[{"href":"https:\/\/www.sts-education.com\/fi\/wp-json\/wp\/v2\/types\/page"}],"author":[{"embeddable":true,"href":"https:\/\/www.sts-education.com\/fi\/wp-json\/wp\/v2\/users\/20"}],"replies":[{"embeddable":true,"href":"https:\/\/www.sts-education.com\/fi\/wp-json\/wp\/v2\/comments?post=10465"}],"version-history":[{"count":2,"href":"https:\/\/www.sts-education.com\/fi\/wp-json\/wp\/v2\/pages\/10465\/revisions"}],"predecessor-version":[{"id":20279,"href":"https:\/\/www.sts-education.com\/fi\/wp-json\/wp\/v2\/pages\/10465\/revisions\/20279"}],"up":[{"embeddable":true,"href":"https:\/\/www.sts-education.com\/fi\/wp-json\/wp\/v2\/pages\/10458"}],"wp:featuredmedia":[{"embeddable":true,"href":"https:\/\/www.sts-education.com\/fi\/wp-json\/wp\/v2\/media\/15457"}],"wp:attachment":[{"href":"https:\/\/www.sts-education.com\/fi\/wp-json\/wp\/v2\/media?parent=10465"}],"wp:term":[{"taxonomy":"wpw_page_folders","embeddable":true,"href":"https:\/\/www.sts-education.com\/fi\/wp-json\/wp\/v2\/wpw_page_folders?post=10465"}],"curies":[{"name":"wp","href":"https:\/\/api.w.org\/{rel}","templated":true}]}}