{"id":10466,"date":"2025-12-16T10:22:10","date_gmt":"2025-12-16T10:22:10","guid":{"rendered":"https:\/\/preprod.sts-education.com\/meista\/miksi-juuri-sts\/"},"modified":"2026-04-14T09:48:48","modified_gmt":"2026-04-14T09:48:48","slug":"miksi-juuri-sts","status":"publish","type":"page","link":"https:\/\/www.sts-education.com\/fi\/meista\/miksi-juuri-sts\/","title":{"rendered":"Miksi Juuri Sts"},"content":{"rendered":"\n<section class=\"wp-block-sts-hero sts-block-hero is-variant-full-background has-text-light has-background-media\" style=\"--sts-hero-padding-mobile:0px;--sts-hero-padding-desktop:0px;--sts-hero-text-color:var(--wp--preset--color--base-10, #fff);\" data-variant=\"full-background\"><div class=\"sts-block-hero__background\"><picture class=\"sts-responsive-image has-fit-cover is-skeleton\"><img src=\"https:\/\/cdn.sts-education.com\/12800_hero_lg_xl.jpg\" alt=\"Miksi juuri STS?\" loading=\"lazy\" decoding=\"async\" fetchpriority=\"low\" sizes=\"100vw\" \/><\/picture><span class=\"sts-block-hero__overlay\" aria-hidden=\"true\"><\/span><\/div><div class=\"sts-block-hero__inner\"><div class=\"sts-block-hero__content has-align-center\"><div class=\"sts-block-hero__content-inner\"><h1 class=\"sts-block-hero__heading\">Miksi juuri STS?<\/h1><\/div><\/div><\/div><\/section>\n\n\n\n<section class=\"wp-block-sts-video sts-block-video sts-block-video--landscape has-max-width-lg\"><div class=\"sts-video sts-video--landscape\"><div class=\"sts-video__handler\"><button type=\"button\" class=\"sts-video__play-button\" aria-label=\"Play video\" aria-pressed=\"false\" data-playing=\"false\"><span class=\"sts-video__play-icon\"><img decoding=\"async\" class=\"play-icon\" src=\"data:image\/svg+xml,%3csvg%20width='32'%20height='32'%20viewBox='0%200%2032%2032'%20fill='none'%20xmlns='http:\/\/www.w3.org\/2000\/svg'%3e%3cmask%20id='mask0_2459_8201'%20style='mask-type:alpha'%20maskUnits='userSpaceOnUse'%20x='0'%20y='0'%20width='32'%20height='32'%3e%3crect%20width='32'%20height='32'%20fill='%23D9D9D9'\/%3e%3c\/mask%3e%3cg%20mask='url(%23mask0_2459_8201)'%3e%3cpath%20d='M10.667%2022.8999V9.09993C10.667%208.72216%2010.8003%208.40549%2011.067%208.14993C11.3337%207.89438%2011.6448%207.7666%2012.0003%207.7666C12.1114%207.7666%2012.2281%207.78327%2012.3503%207.8166C12.4725%207.84993%2012.5892%207.89993%2012.7003%207.9666L23.567%2014.8666C23.767%2014.9999%2023.917%2015.1666%2024.017%2015.3666C24.117%2015.5666%2024.167%2015.7777%2024.167%2015.9999C24.167%2016.2222%2024.117%2016.4333%2024.017%2016.6333C23.917%2016.8333%2023.767%2016.9999%2023.567%2017.1333L12.7003%2024.0333C12.5892%2024.0999%2012.4725%2024.1499%2012.3503%2024.1833C12.2281%2024.2166%2012.1114%2024.2333%2012.0003%2024.2333C11.6448%2024.2333%2011.3337%2024.1055%2011.067%2023.8499C10.8003%2023.5944%2010.667%2023.2777%2010.667%2022.8999Z'%20fill='black'\/%3e%3c\/g%3e%3c\/svg%3e\" alt=\"\" aria-hidden=\"true\"\/><img decoding=\"async\" class=\"pause-icon\" src=\"data:image\/svg+xml,%3csvg%20width='32'%20height='32'%20viewBox='0%200%2032%2032'%20fill='none'%20xmlns='http:\/\/www.w3.org\/2000\/svg'%3e%3cmask%20id='mask0_pause'%20style='mask-type:alpha'%20maskUnits='userSpaceOnUse'%20x='0'%20y='0'%20width='32'%20height='32'%3e%3crect%20width='32'%20height='32'%20fill='%23D9D9D9'\/%3e%3c\/mask%3e%3cg%20mask='url(%23mask0_pause)'%3e%3c!--%20Left%20bar%20--%3e%3crect%20x='10'%20y='8'%20width='4'%20height='16'%20rx='1'%20fill='black'\/%3e%3c!--%20Right%20bar%20--%3e%3crect%20x='18'%20y='8'%20width='4'%20height='16'%20rx='1'%20fill='black'\/%3e%3c\/g%3e%3c\/svg%3e\" alt=\"\" aria-hidden=\"true\"\/><\/span><\/button><strong class=\"sts-video__duration\" data-duration-prefix=\"Video duration:\" data-unit-second=\"second\" data-unit-seconds=\"seconds\" data-unit-minute=\"minute\" data-unit-minutes=\"minutes\" aria-label=\"Video duration: 40.0 seconds\">40.0 secs<\/strong><\/div><div class=\"sts-video__media\" data-video-source=\"youtube\" data-video-url=\"\"><div class=\"sts-video__external-shell\" data-embed-url=\"https:\/\/www.youtube.com\/embed\/p2pHGDDrEkc?rel=0&amp;controls=1&amp;modestbranding=1&amp;playsinline=1&amp;enablejsapi=1&amp;autoplay=0&amp;origin=https%3A%2F%2Fwww.sts-education.com\"><iframe class=\"sts-video__iframe\" src=\"https:\/\/www.youtube.com\/embed\/p2pHGDDrEkc?rel=0&amp;controls=1&amp;modestbranding=1&amp;playsinline=1&amp;enablejsapi=1&amp;autoplay=0&amp;origin=https%3A%2F%2Fwww.sts-education.com\" title=\"Video poster\nheading\" allow=\"autoplay; fullscreen\" allowfullscreen loading=\"lazy\" data-provider=\"youtube\" data-embed-url=\"https:\/\/www.youtube.com\/embed\/p2pHGDDrEkc?rel=0&amp;controls=1&amp;modestbranding=1&amp;playsinline=1&amp;enablejsapi=1&amp;autoplay=0&amp;origin=https%3A%2F%2Fwww.sts-education.com\"><\/iframe><\/div><\/div><\/div><\/section>\n\n\n\n<div class=\"wp-block-sts-text sts-text-editor has-max-width-md\"><div class=\"sts-text-editor__content\"><div class=\"sts-text-editor__content-inner\">\n<h2>Olet meille prioriteetti numero yksi<\/h2>\n\n<p>Meille on t\u00e4rke\u00e4\u00e4 kohdella jokaista oppilastamme yksil\u00f6n\u00e4.\u202fTunnemme nuoret oppilaamme nimelt\u00e4 ja seuraamme heid\u00e4n matkaansa alusta loppuun. Olemme sitoutuneita kokemukseesi, hyvinvointiisi ja tulevaisuudensuunnitelmiisi \u2013 ja vannomme tekev\u00e4mme kaikkemme sen eteen, ett\u00e4 saavuttaisit t\u00e4yden potentiaalisi!<\/p>\n\n<h2>Matkasi onnistuminen on meid\u00e4n intohimomme<\/h2>\n\n<p>T\u00e4m\u00e4 ei ole meille vain ty\u00f6t\u00e4, vaan ennen kaikkea intohimo ja el\u00e4m\u00e4ntyyli. Melkein jokainen ty\u00f6ntekij\u00e4 STS:ll\u00e4 on jossain vaiheessa el\u00e4m\u00e4\u00e4ns\u00e4 opiskellut ja ty\u00f6skennellyt ulkomailla. Teemme t\u00e4t\u00e4 ty\u00f6t\u00e4, koska rakastamme n\u00e4it\u00e4 asioita. Nautimme suuresti, kun n\u00e4emme, miten vaihtoon tai kielimatkalle l\u00e4ht\u00f6 kasvattaa ja kehitt\u00e4\u00e4 sinua merkitt\u00e4v\u00e4sti, miten se vahvistaa ymm\u00e4rryst\u00e4si toisista kulttuureista, ja koet niin paljon ihania asioita matkan aikana. Nautimme t\u00e4m\u00e4n kokemuksen mahdollistamisesta sinulle!<\/p>\n\n<h2>Voit luottaa siihen, ett\u00e4 olet aina turvassa<\/h2>\n\n<p>Turvallisuutesi on elint\u00e4rke\u00e4\u00e4 meille. Saat tukea koko matkasi ajan ja sinusta pidet\u00e4\u00e4n aina huolta. Verkostomme, johon kuuluu yhteisty\u00f6koulujamme, is\u00e4nt\u00e4perheit\u00e4, paikallista henkil\u00f6kuntaa, ja yhteisty\u00f6kumppaneita sek\u00e4 muita sidosryhmi\u00e4, pit\u00e4v\u00e4t huolen, ett\u00e4 sin\u00e4 voit hyvin. Huolehdimme my\u00f6s k\u00e4yt\u00e4nn\u00f6n yksityiskohdista, jotta sinun ei tarvitse n\u00e4hd\u00e4 vaivaa sellaiseen.<\/p>\n\n<h2>Voit nauttia ammattitaidostamme ja luottaa pitk\u00e4\u00e4n kokemukseemme<\/h2>\n\n<p>Olemme toimineet vuodesta 1958 asti ja yli 1,2 miljoonaa nuorta on osallistunut matkoillemme. Olemme mahdollistaneet nuorten unelmien toteutumisen jo 65 vuoden ajan, tied\u00e4mme mit\u00e4 teemme.<\/p>\n\n<h2>Opiskelijoiden kertomuksia<\/h2>\n\n<p>Lue <a href=\"https:\/\/www.sts-education.com\/fi\/vaihto-oppilas\/vaihto-oppilaamme\/oppilaskertomukset\/\">opiskelijoidemme kertomuksia<\/a> vaihdoista ja kielimatkoilta oheisesta linkist\u00e4. Voit seurata meit\u00e4 my\u00f6s <a href=\"https:\/\/www.instagram.com\/stsworldwide\/\" target=\"_blank\" rel=\"noopener noreferrer\">Instagramin<\/a> ja <a href=\"https:\/\/www.tiktok.com\/@stsworldwide\" target=\"_blank\" rel=\"noopener noreferrer\">TiK Tokin<\/a> kautta, mist\u00e4 l\u00f6yd\u00e4t opiskelijoidemme p\u00e4ivityksi\u00e4 joka p\u00e4iv\u00e4.<\/p>\n<\/div><\/div><\/div>\n","protected":false},"excerpt":{"rendered":"","protected":false},"author":20,"featured_media":0,"parent":10458,"menu_order":0,"comment_status":"closed","ping_status":"closed","template":"templates\/template-default-with-breadcrumbs.php","meta":{"_acf_changed":false,"sts_page_background_color":"","footnotes":""},"wpw_page_folders":[77],"class_list":["post-10466","page","type-page","status-publish","hentry"],"acf":[],"yoast_head":"<!-- This site is optimized with the Yoast SEO Premium plugin v27.2 (Yoast SEO v27.3) - https:\/\/yoast.com\/product\/yoast-seo-premium-wordpress\/ -->\n<title>Miksi valita STS?<\/title>\n<meta name=\"description\" content=\"Meill\u00e4 on vuosien kokemus kielimatkoista ja vaihto-opiskelusta. Meill\u00e4 on useita vaihtokohteita.\" \/>\n<meta name=\"robots\" content=\"index, follow, max-snippet:-1, max-image-preview:large, max-video-preview:-1\" \/>\n<link rel=\"canonical\" href=\"https:\/\/www.sts-education.com\/fi\/meista\/miksi-juuri-sts\/\" \/>\n<meta property=\"og:locale\" content=\"fi_FI\" \/>\n<meta property=\"og:type\" content=\"article\" \/>\n<meta property=\"og:title\" content=\"Miksi Juuri Sts\" \/>\n<meta property=\"og:description\" content=\"Meill\u00e4 on vuosien kokemus kielimatkoista ja vaihto-opiskelusta. Meill\u00e4 on useita vaihtokohteita.\" \/>\n<meta property=\"og:url\" content=\"https:\/\/www.sts-education.com\/fi\/meista\/miksi-juuri-sts\/\" \/>\n<meta property=\"og:site_name\" content=\"STS Education\" \/>\n<meta property=\"article:modified_time\" content=\"2026-04-14T09:48:48+00:00\" \/>\n<meta property=\"og:image\" content=\"https:\/\/cdn.sts-education.com\/12800_hero_lg_xl.jpg\" \/>\n<meta name=\"twitter:card\" content=\"summary_large_image\" \/>\n<meta name=\"twitter:label1\" content=\"Arvioitu lukuaika\" \/>\n\t<meta name=\"twitter:data1\" content=\"1 minuutti\" \/>\n<script type=\"application\/ld+json\" class=\"yoast-schema-graph\">{\"@context\":\"https:\\\/\\\/schema.org\",\"@graph\":[{\"@type\":\"WebPage\",\"@id\":\"https:\\\/\\\/www.sts-education.com\\\/fi\\\/meista\\\/miksi-juuri-sts\\\/\",\"url\":\"https:\\\/\\\/www.sts-education.com\\\/fi\\\/meista\\\/miksi-juuri-sts\\\/\",\"name\":\"Miksi valita STS?\",\"isPartOf\":{\"@id\":\"https:\\\/\\\/www.sts-education.com\\\/fi\\\/#website\"},\"primaryImageOfPage\":{\"@id\":\"https:\\\/\\\/www.sts-education.com\\\/fi\\\/meista\\\/miksi-juuri-sts\\\/#primaryimage\"},\"image\":{\"@id\":\"https:\\\/\\\/www.sts-education.com\\\/fi\\\/meista\\\/miksi-juuri-sts\\\/#primaryimage\"},\"thumbnailUrl\":\"https:\\\/\\\/cdn.sts-education.com\\\/12800_hero_lg_xl.jpg\",\"datePublished\":\"2025-12-16T10:22:10+00:00\",\"dateModified\":\"2026-04-14T09:48:48+00:00\",\"description\":\"Meill\u00e4 on vuosien kokemus kielimatkoista ja vaihto-opiskelusta. Meill\u00e4 on useita vaihtokohteita.\",\"breadcrumb\":{\"@id\":\"https:\\\/\\\/www.sts-education.com\\\/fi\\\/meista\\\/miksi-juuri-sts\\\/#breadcrumb\"},\"inLanguage\":\"fi\",\"potentialAction\":[{\"@type\":\"ReadAction\",\"target\":[\"https:\\\/\\\/www.sts-education.com\\\/fi\\\/meista\\\/miksi-juuri-sts\\\/\"]}]},{\"@type\":\"ImageObject\",\"inLanguage\":\"fi\",\"@id\":\"https:\\\/\\\/www.sts-education.com\\\/fi\\\/meista\\\/miksi-juuri-sts\\\/#primaryimage\",\"url\":\"https:\\\/\\\/cdn.sts-education.com\\\/12800_hero_lg_xl.jpg\",\"contentUrl\":\"https:\\\/\\\/cdn.sts-education.com\\\/12800_hero_lg_xl.jpg\"},{\"@type\":\"BreadcrumbList\",\"@id\":\"https:\\\/\\\/www.sts-education.com\\\/fi\\\/meista\\\/miksi-juuri-sts\\\/#breadcrumb\",\"itemListElement\":[{\"@type\":\"ListItem\",\"position\":1,\"name\":\"Home\",\"item\":\"https:\\\/\\\/www.sts-education.com\\\/fi\\\/\"},{\"@type\":\"ListItem\",\"position\":2,\"name\":\"Meista\",\"item\":\"https:\\\/\\\/www.sts-education.com\\\/fi\\\/meista\\\/\"},{\"@type\":\"ListItem\",\"position\":3,\"name\":\"Miksi Juuri Sts\"}]},{\"@type\":\"WebSite\",\"@id\":\"https:\\\/\\\/www.sts-education.com\\\/fi\\\/#website\",\"url\":\"https:\\\/\\\/www.sts-education.com\\\/fi\\\/\",\"name\":\"STS Education\",\"description\":\"\",\"potentialAction\":[{\"@type\":\"SearchAction\",\"target\":{\"@type\":\"EntryPoint\",\"urlTemplate\":\"https:\\\/\\\/www.sts-education.com\\\/fi\\\/?s={search_term_string}\"},\"query-input\":{\"@type\":\"PropertyValueSpecification\",\"valueRequired\":true,\"valueName\":\"search_term_string\"}}],\"inLanguage\":\"fi\"}]}<\/script>\n<!-- \/ Yoast SEO Premium plugin. -->","yoast_head_json":{"title":"Miksi valita STS?","description":"Meill\u00e4 on vuosien kokemus kielimatkoista ja vaihto-opiskelusta. Meill\u00e4 on useita vaihtokohteita.","robots":{"index":"index","follow":"follow","max-snippet":"max-snippet:-1","max-image-preview":"max-image-preview:large","max-video-preview":"max-video-preview:-1"},"canonical":"https:\/\/www.sts-education.com\/fi\/meista\/miksi-juuri-sts\/","og_locale":"fi_FI","og_type":"article","og_title":"Miksi Juuri Sts","og_description":"Meill\u00e4 on vuosien kokemus kielimatkoista ja vaihto-opiskelusta. Meill\u00e4 on useita vaihtokohteita.","og_url":"https:\/\/www.sts-education.com\/fi\/meista\/miksi-juuri-sts\/","og_site_name":"STS Education","article_modified_time":"2026-04-14T09:48:48+00:00","og_image":[{"url":"https:\/\/cdn.sts-education.com\/12800_hero_lg_xl.jpg","type":"","width":"","height":""}],"twitter_card":"summary_large_image","twitter_misc":{"Arvioitu lukuaika":"1 minuutti"},"schema":{"@context":"https:\/\/schema.org","@graph":[{"@type":"WebPage","@id":"https:\/\/www.sts-education.com\/fi\/meista\/miksi-juuri-sts\/","url":"https:\/\/www.sts-education.com\/fi\/meista\/miksi-juuri-sts\/","name":"Miksi valita STS?","isPartOf":{"@id":"https:\/\/www.sts-education.com\/fi\/#website"},"primaryImageOfPage":{"@id":"https:\/\/www.sts-education.com\/fi\/meista\/miksi-juuri-sts\/#primaryimage"},"image":{"@id":"https:\/\/www.sts-education.com\/fi\/meista\/miksi-juuri-sts\/#primaryimage"},"thumbnailUrl":"https:\/\/cdn.sts-education.com\/12800_hero_lg_xl.jpg","datePublished":"2025-12-16T10:22:10+00:00","dateModified":"2026-04-14T09:48:48+00:00","description":"Meill\u00e4 on vuosien kokemus kielimatkoista ja vaihto-opiskelusta. Meill\u00e4 on useita vaihtokohteita.","breadcrumb":{"@id":"https:\/\/www.sts-education.com\/fi\/meista\/miksi-juuri-sts\/#breadcrumb"},"inLanguage":"fi","potentialAction":[{"@type":"ReadAction","target":["https:\/\/www.sts-education.com\/fi\/meista\/miksi-juuri-sts\/"]}]},{"@type":"ImageObject","inLanguage":"fi","@id":"https:\/\/www.sts-education.com\/fi\/meista\/miksi-juuri-sts\/#primaryimage","url":"https:\/\/cdn.sts-education.com\/12800_hero_lg_xl.jpg","contentUrl":"https:\/\/cdn.sts-education.com\/12800_hero_lg_xl.jpg"},{"@type":"BreadcrumbList","@id":"https:\/\/www.sts-education.com\/fi\/meista\/miksi-juuri-sts\/#breadcrumb","itemListElement":[{"@type":"ListItem","position":1,"name":"Home","item":"https:\/\/www.sts-education.com\/fi\/"},{"@type":"ListItem","position":2,"name":"Meista","item":"https:\/\/www.sts-education.com\/fi\/meista\/"},{"@type":"ListItem","position":3,"name":"Miksi Juuri Sts"}]},{"@type":"WebSite","@id":"https:\/\/www.sts-education.com\/fi\/#website","url":"https:\/\/www.sts-education.com\/fi\/","name":"STS Education","description":"","potentialAction":[{"@type":"SearchAction","target":{"@type":"EntryPoint","urlTemplate":"https:\/\/www.sts-education.com\/fi\/?s={search_term_string}"},"query-input":{"@type":"PropertyValueSpecification","valueRequired":true,"valueName":"search_term_string"}}],"inLanguage":"fi"}]}},"_links":{"self":[{"href":"https:\/\/www.sts-education.com\/fi\/wp-json\/wp\/v2\/pages\/10466","targetHints":{"allow":["GET"]}}],"collection":[{"href":"https:\/\/www.sts-education.com\/fi\/wp-json\/wp\/v2\/pages"}],"about":[{"href":"https:\/\/www.sts-education.com\/fi\/wp-json\/wp\/v2\/types\/page"}],"author":[{"embeddable":true,"href":"https:\/\/www.sts-education.com\/fi\/wp-json\/wp\/v2\/users\/20"}],"replies":[{"embeddable":true,"href":"https:\/\/www.sts-education.com\/fi\/wp-json\/wp\/v2\/comments?post=10466"}],"version-history":[{"count":5,"href":"https:\/\/www.sts-education.com\/fi\/wp-json\/wp\/v2\/pages\/10466\/revisions"}],"predecessor-version":[{"id":33116,"href":"https:\/\/www.sts-education.com\/fi\/wp-json\/wp\/v2\/pages\/10466\/revisions\/33116"}],"up":[{"embeddable":true,"href":"https:\/\/www.sts-education.com\/fi\/wp-json\/wp\/v2\/pages\/10458"}],"wp:attachment":[{"href":"https:\/\/www.sts-education.com\/fi\/wp-json\/wp\/v2\/media?parent=10466"}],"wp:term":[{"taxonomy":"wpw_page_folders","embeddable":true,"href":"https:\/\/www.sts-education.com\/fi\/wp-json\/wp\/v2\/wpw_page_folders?post=10466"}],"curies":[{"name":"wp","href":"https:\/\/api.w.org\/{rel}","templated":true}]}}