{"id":10467,"date":"2025-12-16T10:25:18","date_gmt":"2025-12-16T10:25:18","guid":{"rendered":"https:\/\/preprod.sts-education.com\/meista\/ota-meihin-yhteytta\/"},"modified":"2026-04-01T01:36:48","modified_gmt":"2026-04-01T01:36:48","slug":"ota-meihin-yhteytta","status":"publish","type":"page","link":"https:\/\/www.sts-education.com\/fi\/meista\/ota-meihin-yhteytta\/","title":{"rendered":"Ota Meihin Yhteytta"},"content":{"rendered":"\n<div class=\"wp-block-sts-text sts-text-editor has-max-width-md\"><div class=\"sts-text-editor__content\"><div class=\"sts-text-editor__content-inner\">\n<h1>Ota meihin yhteytt\u00e4<\/h1>\n<\/div><\/div><\/div>\n\n\n\n<div class=\"wp-block-sts-text sts-text-editor has-max-width-md\"><div class=\"sts-text-editor__content\"><div class=\"sts-text-editor__content-inner\">\n<p>Jos sinulla on kysymyksi\u00e4 ulkomailla opiskeluun liittyen, voit ottaa aina meihin yhteytt\u00e4. Saadaksesi apua voit vasta mietti\u00e4 mahdollista l\u00e4ht\u00f6\u00e4 vaihtoon tai kielimatkalle. Autamme sinua mielell\u00e4mme aina ja vastaamme kaikkiin kysymyksiisi. Voit valita, mink\u00e4 kanavan kautta otat meihin yhteytt\u00e4.<\/p>\n\n<p><strong>Aukiolo- ja palveluajat: maanantai \u2013 perjantai, kello 10\u201317 <\/strong><\/p>\n\n<ul><li><strong>Soita: <a href=\"tel:+3589%206850%208300\">+3589 6850 8300<\/a><\/strong><\/li>\n<li><strong>WhatsApp: +358504066180 (toimistoaikoina)<\/strong><\/li>\n<li><strong>L\u00e4het\u00e4 s\u00e4hk\u00f6postia:<\/strong> <a href=\"mailto:hello.fi@sts-education.com\">hello.fi@sts-education.com<\/a><\/li>\n<li><strong>Varaa aika henkil\u00f6kohtaiseen \u00b4online-opinto-ohjaukseen\u00b4 laittamalla meille viesti\u00e4 tai soittelemalla.<\/strong><br>Pystymme palvelemaan parhaiten ja ker\u00e4\u00e4m\u00e4\u00e4n tietoa ja materiaalia esim. kiinnostuksen kohteena olevasta kohteesta valmiiksi, kun sovit tapaamisesta etuk\u00e4teen.<\/li>\n<li><strong>Seuraa meit\u00e4 sosiaalisessa mediassa<\/strong><strong><br><\/strong>Facebook: <a href=\"https:\/\/www.facebook.com\/stsworldwide\" target=\"_blank\" rel=\"noopener noreferrer\">STS Education<\/a><br>Instagram: <a href=\"https:\/\/www.instagram.com\/stsworldwide\/\" target=\"_blank\" rel=\"noopener noreferrer\">STS Education<\/a><br>TikTok: <a href=\"https:\/\/www.tiktok.com\/@stsworldwide\" target=\"_blank\" rel=\"noopener noreferrer\">STS Education<\/a><br>Youtube: <a href=\"https:\/\/www.youtube.com\/@stsworldwide\" target=\"_blank\" rel=\"noopener noreferrer\">STS Education<\/a><\/li><\/ul>\n<\/div><\/div><\/div>\n\n","protected":false},"excerpt":{"rendered":"","protected":false},"author":20,"featured_media":15459,"parent":10458,"menu_order":0,"comment_status":"closed","ping_status":"closed","template":"templates\/template-default-with-breadcrumbs.php","meta":{"_acf_changed":false,"sts_page_background_color":"","footnotes":""},"wpw_page_folders":[77],"class_list":["post-10467","page","type-page","status-publish","has-post-thumbnail","hentry"],"acf":[],"yoast_head":"<!-- This site is optimized with the Yoast SEO Premium plugin v27.2 (Yoast SEO v27.3) - https:\/\/yoast.com\/product\/yoast-seo-premium-wordpress\/ -->\n<title>Ota meihin yhteytt\u00e4 t\u00e4\u00e4ll\u00e4 | STS<\/title>\n<meta name=\"description\" content=\"Jos sinulla on kysymyksi\u00e4 ulkomailla opiskelusta, olet aina tervetullut ottamaan meihin yhteytt\u00e4. Autamme mielell\u00e4mme ja olemme t\u00e4\u00e4ll\u00e4 sinua varten.\" \/>\n<meta name=\"robots\" content=\"index, follow, max-snippet:-1, max-image-preview:large, max-video-preview:-1\" \/>\n<link rel=\"canonical\" href=\"https:\/\/www.sts-education.com\/fi\/meista\/ota-meihin-yhteytta\/\" \/>\n<meta property=\"og:locale\" content=\"fi_FI\" \/>\n<meta property=\"og:type\" content=\"article\" \/>\n<meta property=\"og:title\" content=\"Ota Meihin Yhteytta\" \/>\n<meta property=\"og:description\" content=\"Jos sinulla on kysymyksi\u00e4 ulkomailla opiskelusta, olet aina tervetullut ottamaan meihin yhteytt\u00e4. Autamme mielell\u00e4mme ja olemme t\u00e4\u00e4ll\u00e4 sinua varten.\" \/>\n<meta property=\"og:url\" content=\"https:\/\/www.sts-education.com\/fi\/meista\/ota-meihin-yhteytta\/\" \/>\n<meta property=\"og:site_name\" content=\"STS Education\" \/>\n<meta property=\"article:modified_time\" content=\"2026-04-01T01:36:48+00:00\" \/>\n<meta property=\"og:image\" content=\"https:\/\/powered-by.qbank.se\/educatius\/sts\/\/d892cfee412f049ca3da7ada13bcf9ff_1-1-thumb.webp\" \/>\n\t<meta property=\"og:image:width\" content=\"150\" \/>\n\t<meta property=\"og:image:height\" content=\"150\" \/>\n\t<meta property=\"og:image:type\" content=\"image\/jpeg\" \/>\n<meta name=\"twitter:card\" content=\"summary_large_image\" \/>\n<meta name=\"twitter:label1\" content=\"Arvioitu lukuaika\" \/>\n\t<meta name=\"twitter:data1\" content=\"1 minuutti\" \/>\n<script type=\"application\/ld+json\" class=\"yoast-schema-graph\">{\"@context\":\"https:\\\/\\\/schema.org\",\"@graph\":[{\"@type\":\"WebPage\",\"@id\":\"https:\\\/\\\/www.sts-education.com\\\/fi\\\/meista\\\/ota-meihin-yhteytta\\\/\",\"url\":\"https:\\\/\\\/www.sts-education.com\\\/fi\\\/meista\\\/ota-meihin-yhteytta\\\/\",\"name\":\"Ota meihin yhteytt\u00e4 t\u00e4\u00e4ll\u00e4 | STS\",\"isPartOf\":{\"@id\":\"https:\\\/\\\/www.sts-education.com\\\/fi\\\/#website\"},\"primaryImageOfPage\":{\"@id\":\"https:\\\/\\\/www.sts-education.com\\\/fi\\\/meista\\\/ota-meihin-yhteytta\\\/#primaryimage\"},\"image\":{\"@id\":\"https:\\\/\\\/www.sts-education.com\\\/fi\\\/meista\\\/ota-meihin-yhteytta\\\/#primaryimage\"},\"thumbnailUrl\":\"https:\\\/\\\/powered-by.qbank.se\\\/educatius\\\/sts\\\/\\\/d892cfee412f049ca3da7ada13bcf9ff_1-1-thumb.webp\",\"datePublished\":\"2025-12-16T10:25:18+00:00\",\"dateModified\":\"2026-04-01T01:36:48+00:00\",\"description\":\"Jos sinulla on kysymyksi\u00e4 ulkomailla opiskelusta, olet aina tervetullut ottamaan meihin yhteytt\u00e4. Autamme mielell\u00e4mme ja olemme t\u00e4\u00e4ll\u00e4 sinua varten.\",\"breadcrumb\":{\"@id\":\"https:\\\/\\\/www.sts-education.com\\\/fi\\\/meista\\\/ota-meihin-yhteytta\\\/#breadcrumb\"},\"inLanguage\":\"fi\",\"potentialAction\":[{\"@type\":\"ReadAction\",\"target\":[\"https:\\\/\\\/www.sts-education.com\\\/fi\\\/meista\\\/ota-meihin-yhteytta\\\/\"]}]},{\"@type\":\"ImageObject\",\"inLanguage\":\"fi\",\"@id\":\"https:\\\/\\\/www.sts-education.com\\\/fi\\\/meista\\\/ota-meihin-yhteytta\\\/#primaryimage\",\"url\":\"https:\\\/\\\/powered-by.qbank.se\\\/educatius\\\/sts\\\/\\\/d892cfee412f049ca3da7ada13bcf9ff_1-1-thumb.webp\",\"contentUrl\":\"https:\\\/\\\/powered-by.qbank.se\\\/educatius\\\/sts\\\/\\\/d892cfee412f049ca3da7ada13bcf9ff_1-1-thumb.webp\",\"width\":150,\"height\":150},{\"@type\":\"BreadcrumbList\",\"@id\":\"https:\\\/\\\/www.sts-education.com\\\/fi\\\/meista\\\/ota-meihin-yhteytta\\\/#breadcrumb\",\"itemListElement\":[{\"@type\":\"ListItem\",\"position\":1,\"name\":\"Home\",\"item\":\"https:\\\/\\\/www.sts-education.com\\\/fi\\\/\"},{\"@type\":\"ListItem\",\"position\":2,\"name\":\"Meista\",\"item\":\"https:\\\/\\\/www.sts-education.com\\\/fi\\\/meista\\\/\"},{\"@type\":\"ListItem\",\"position\":3,\"name\":\"Ota Meihin Yhteytta\"}]},{\"@type\":\"WebSite\",\"@id\":\"https:\\\/\\\/www.sts-education.com\\\/fi\\\/#website\",\"url\":\"https:\\\/\\\/www.sts-education.com\\\/fi\\\/\",\"name\":\"STS Education\",\"description\":\"\",\"potentialAction\":[{\"@type\":\"SearchAction\",\"target\":{\"@type\":\"EntryPoint\",\"urlTemplate\":\"https:\\\/\\\/www.sts-education.com\\\/fi\\\/?s={search_term_string}\"},\"query-input\":{\"@type\":\"PropertyValueSpecification\",\"valueRequired\":true,\"valueName\":\"search_term_string\"}}],\"inLanguage\":\"fi\"}]}<\/script>\n<!-- \/ Yoast SEO Premium plugin. -->","yoast_head_json":{"title":"Ota meihin yhteytt\u00e4 t\u00e4\u00e4ll\u00e4 | STS","description":"Jos sinulla on kysymyksi\u00e4 ulkomailla opiskelusta, olet aina tervetullut ottamaan meihin yhteytt\u00e4. Autamme mielell\u00e4mme ja olemme t\u00e4\u00e4ll\u00e4 sinua varten.","robots":{"index":"index","follow":"follow","max-snippet":"max-snippet:-1","max-image-preview":"max-image-preview:large","max-video-preview":"max-video-preview:-1"},"canonical":"https:\/\/www.sts-education.com\/fi\/meista\/ota-meihin-yhteytta\/","og_locale":"fi_FI","og_type":"article","og_title":"Ota Meihin Yhteytta","og_description":"Jos sinulla on kysymyksi\u00e4 ulkomailla opiskelusta, olet aina tervetullut ottamaan meihin yhteytt\u00e4. Autamme mielell\u00e4mme ja olemme t\u00e4\u00e4ll\u00e4 sinua varten.","og_url":"https:\/\/www.sts-education.com\/fi\/meista\/ota-meihin-yhteytta\/","og_site_name":"STS Education","article_modified_time":"2026-04-01T01:36:48+00:00","og_image":[{"width":150,"height":150,"url":"https:\/\/powered-by.qbank.se\/educatius\/sts\/\/d892cfee412f049ca3da7ada13bcf9ff_1-1-thumb.webp","type":"image\/jpeg"}],"twitter_card":"summary_large_image","twitter_misc":{"Arvioitu lukuaika":"1 minuutti"},"schema":{"@context":"https:\/\/schema.org","@graph":[{"@type":"WebPage","@id":"https:\/\/www.sts-education.com\/fi\/meista\/ota-meihin-yhteytta\/","url":"https:\/\/www.sts-education.com\/fi\/meista\/ota-meihin-yhteytta\/","name":"Ota meihin yhteytt\u00e4 t\u00e4\u00e4ll\u00e4 | STS","isPartOf":{"@id":"https:\/\/www.sts-education.com\/fi\/#website"},"primaryImageOfPage":{"@id":"https:\/\/www.sts-education.com\/fi\/meista\/ota-meihin-yhteytta\/#primaryimage"},"image":{"@id":"https:\/\/www.sts-education.com\/fi\/meista\/ota-meihin-yhteytta\/#primaryimage"},"thumbnailUrl":"https:\/\/powered-by.qbank.se\/educatius\/sts\/\/d892cfee412f049ca3da7ada13bcf9ff_1-1-thumb.webp","datePublished":"2025-12-16T10:25:18+00:00","dateModified":"2026-04-01T01:36:48+00:00","description":"Jos sinulla on kysymyksi\u00e4 ulkomailla opiskelusta, olet aina tervetullut ottamaan meihin yhteytt\u00e4. Autamme mielell\u00e4mme ja olemme t\u00e4\u00e4ll\u00e4 sinua varten.","breadcrumb":{"@id":"https:\/\/www.sts-education.com\/fi\/meista\/ota-meihin-yhteytta\/#breadcrumb"},"inLanguage":"fi","potentialAction":[{"@type":"ReadAction","target":["https:\/\/www.sts-education.com\/fi\/meista\/ota-meihin-yhteytta\/"]}]},{"@type":"ImageObject","inLanguage":"fi","@id":"https:\/\/www.sts-education.com\/fi\/meista\/ota-meihin-yhteytta\/#primaryimage","url":"https:\/\/powered-by.qbank.se\/educatius\/sts\/\/d892cfee412f049ca3da7ada13bcf9ff_1-1-thumb.webp","contentUrl":"https:\/\/powered-by.qbank.se\/educatius\/sts\/\/d892cfee412f049ca3da7ada13bcf9ff_1-1-thumb.webp","width":150,"height":150},{"@type":"BreadcrumbList","@id":"https:\/\/www.sts-education.com\/fi\/meista\/ota-meihin-yhteytta\/#breadcrumb","itemListElement":[{"@type":"ListItem","position":1,"name":"Home","item":"https:\/\/www.sts-education.com\/fi\/"},{"@type":"ListItem","position":2,"name":"Meista","item":"https:\/\/www.sts-education.com\/fi\/meista\/"},{"@type":"ListItem","position":3,"name":"Ota Meihin Yhteytta"}]},{"@type":"WebSite","@id":"https:\/\/www.sts-education.com\/fi\/#website","url":"https:\/\/www.sts-education.com\/fi\/","name":"STS Education","description":"","potentialAction":[{"@type":"SearchAction","target":{"@type":"EntryPoint","urlTemplate":"https:\/\/www.sts-education.com\/fi\/?s={search_term_string}"},"query-input":{"@type":"PropertyValueSpecification","valueRequired":true,"valueName":"search_term_string"}}],"inLanguage":"fi"}]}},"_links":{"self":[{"href":"https:\/\/www.sts-education.com\/fi\/wp-json\/wp\/v2\/pages\/10467","targetHints":{"allow":["GET"]}}],"collection":[{"href":"https:\/\/www.sts-education.com\/fi\/wp-json\/wp\/v2\/pages"}],"about":[{"href":"https:\/\/www.sts-education.com\/fi\/wp-json\/wp\/v2\/types\/page"}],"author":[{"embeddable":true,"href":"https:\/\/www.sts-education.com\/fi\/wp-json\/wp\/v2\/users\/20"}],"replies":[{"embeddable":true,"href":"https:\/\/www.sts-education.com\/fi\/wp-json\/wp\/v2\/comments?post=10467"}],"version-history":[{"count":2,"href":"https:\/\/www.sts-education.com\/fi\/wp-json\/wp\/v2\/pages\/10467\/revisions"}],"predecessor-version":[{"id":20315,"href":"https:\/\/www.sts-education.com\/fi\/wp-json\/wp\/v2\/pages\/10467\/revisions\/20315"}],"up":[{"embeddable":true,"href":"https:\/\/www.sts-education.com\/fi\/wp-json\/wp\/v2\/pages\/10458"}],"wp:featuredmedia":[{"embeddable":true,"href":"https:\/\/www.sts-education.com\/fi\/wp-json\/wp\/v2\/media\/15459"}],"wp:attachment":[{"href":"https:\/\/www.sts-education.com\/fi\/wp-json\/wp\/v2\/media?parent=10467"}],"wp:term":[{"taxonomy":"wpw_page_folders","embeddable":true,"href":"https:\/\/www.sts-education.com\/fi\/wp-json\/wp\/v2\/wpw_page_folders?post=10467"}],"curies":[{"name":"wp","href":"https:\/\/api.w.org\/{rel}","templated":true}]}}