{"id":10468,"date":"2025-12-16T10:23:03","date_gmt":"2025-12-16T10:23:03","guid":{"rendered":"https:\/\/preprod.sts-education.com\/meista\/toihin-stslle\/"},"modified":"2026-04-14T09:48:45","modified_gmt":"2026-04-14T09:48:45","slug":"toihin-stslle","status":"publish","type":"page","link":"https:\/\/www.sts-education.com\/fi\/meista\/toihin-stslle\/","title":{"rendered":"Toihin Stslle"},"content":{"rendered":"\n<section class=\"wp-block-sts-hero sts-block-hero is-variant-full-background has-text-light has-background-media\" style=\"--sts-hero-padding-mobile:0px;--sts-hero-padding-desktop:0px;--sts-hero-text-color:var(--wp--preset--color--base-10, #fff);\" data-variant=\"full-background\"><div class=\"sts-block-hero__background\"><picture class=\"sts-responsive-image has-fit-cover is-skeleton\"><img src=\"https:\/\/cdn.sts-education.com\/3544_hero_lg_xl.jpg\" alt=\"Autamme nuoria kasvamaan\" loading=\"lazy\" decoding=\"async\" fetchpriority=\"low\" sizes=\"100vw\" \/><\/picture><span class=\"sts-block-hero__overlay\" aria-hidden=\"true\"><\/span><\/div><div class=\"sts-block-hero__inner\"><div class=\"sts-block-hero__content has-align-center\"><div class=\"sts-block-hero__content-inner\"><h1 class=\"sts-block-hero__heading\">Autamme nuoria kasvamaan<\/h1><\/div><\/div><\/div><\/section>\n\n\n\n<div class=\"wp-block-sts-text sts-text-editor has-max-width-md\"><div class=\"sts-text-editor__content\"><div class=\"sts-text-editor__content-inner\">\n<p>STS Education Groupilla nojaamme kokemuspohjaisen oppimisen konseptiin kielimatkoillamme ja high school \u2013vaihdoillamme. P\u00e4\u00e4konttorimme sijaitsee Ruotsin G\u00f6teborgissa. Meill\u00e4 on paikallisyksik\u00f6t my\u00f6s mm. Saksassa, Alankomaissa, Puolassa, Italiassa, Sveitsiss\u00e4, It\u00e4vallassa ja Uudessa-Seelannissa.<\/p>\n\n<p>Etsimme jatkuvasti uusia ty\u00f6ntekij\u00f6it\u00e4 nopeasti muuttuvalla alallamme ajamaan kanssamme kehityst\u00e4 eteenp\u00e4in.<\/p>\n\n<p><a href=\"https:\/\/sts.teamtailor.com\/\" target=\"_blank\" rel=\"noopener noreferrer\">L\u00f6yd\u00e4t STS:n avoimet ty\u00f6paikat t\u00e4st\u00e4 linkist\u00e4<\/a>.<\/p>\n\n<h2>Ryhdy STS:n aluevalvojaksi!<\/h2>\n\n<p>Oletko kiinnostunut ty\u00f6skentelem\u00e4\u00e4n STS:n edustajana omalla kotiseudullasi? Aluevalvojana pid\u00e4t s\u00e4\u00e4nn\u00f6llisesti yhteytt\u00e4 yhteen tai useampaan vaihto-oppilaaseen, heid\u00e4n is\u00e4nt\u00e4perheisiins\u00e4 ja kouluihinsa. T\u00e4m\u00e4 teht\u00e4v\u00e4 sopii erityisen hyvin kaikille, jotka ovat kiinnostuneita ty\u00f6skentelem\u00e4\u00e4n nuorten ihmisten kanssa, ja jotka ovat olleet vaihto-oppilaina tai ehk\u00e4 kiinnostuneet l\u00e4htem\u00e4\u00e4n vaihtoon joskus tulevaisuudessa. Ty\u00f6 sopii mainiosti teht\u00e4v\u00e4ksi opintojen tai toisen ty\u00f6n ohella.<\/p>\n\n<p>Lue STS:n aluevalvojana toimineiden <a href=\"https:\/\/www.sts-education.com\/fi\/meista\/toihin-stslle\/haastattelu-lucas\/\"><strong>Lucasin<\/strong><\/a>, <a href=\"https:\/\/www.sts-education.com\/fi\/meista\/toihin-stslle\/intervju-matilda\/\"><strong>Matildan<\/strong><\/a>, <a href=\"https:\/\/www.sts-education.com\/fi\/meista\/toihin-stslle\/interview-luisa\/\"><strong>Luisan<\/strong><\/a> ja <a href=\"https:\/\/www.sts-education.com\/fi\/meista\/toihin-stslle\/interview-finja\/\"><strong>Finjan<\/strong><\/a> haastattelut.<\/p>\n\n<p><a href=\"https:\/\/sts.teamtailor.com\/\" target=\"_blank\" rel=\"noopener noreferrer\">T\u00e4yt\u00e4 aluevalvojahakemus t\u00e4st\u00e4 linkist\u00e4<\/a>.<\/p>\n\n<h2>Ryhdy STS-l\u00e4hettil\u00e4\u00e4ksi!<\/h2>\n\n<p>Parhaiten STS-l\u00e4hettil\u00e4iksi sopivat henkil\u00f6t, jotka ovat itse olleet vaihdossa tai muuten tyk\u00e4nneet viett\u00e4\u00e4 aikaa ulkomailla. Otamme usein yhteytt\u00e4 vaihto-oppilaisiimme sen j\u00e4lkeen, kun he ovat palanneet koti-Suomeen, ja kysymme, kiinnostaisiko heit\u00e4 toimia haastattelijoinamme tai edustajinamme kansainv\u00e4lisiss\u00e4 tapaamisissamme, kouluvierailuillamme tai messuilla.<\/p>\n\n<p>STS-l\u00e4hettil\u00e4\u00e4t j\u00e4rjest\u00e4v\u00e4t tapahtumia, haastattelevat vaihto-oppilaaksi haluavia, toivottavat tulevat vaihto-oppilaat tervetulleiksi ja jakelevat mainoslehtisi\u00e4 yms. Olet sitten nykyinen tai entinen STS:n vaihto-oppilas, STS-l\u00e4hettil\u00e4\u00e4n\u00e4 toimiminen antaa mahdollisuuden kertoa kokemuksistasi muille nuorille. Autat uusia oppilaita, kun he ovat l\u00e4hd\u00f6ss\u00e4 kohti omia seikkailujaan. Voiko olla parempaa ja k\u00e4tev\u00e4mp\u00e4\u00e4 ty\u00f6t\u00e4 kuin saada mahdollisuus jakaa omia kokemuksiaan muille ja tehd\u00e4 ty\u00f6t\u00e4 samaan aikaan?<\/p>\n\n<p>On itsest\u00e4si kiinni, kuinka aktiivinen haluat olla. STS-l\u00e4hettil\u00e4\u00e4n\u00e4 toimiminen kehitt\u00e4\u00e4 esiintymistaitoja, organisointikyky\u00e4 ja sosiaalisia vuorovaikutustaitoja. Bonuksena pid\u00e4t hauskaa samalla kuin hankit arvokasta kokemusta ja opit t\u00e4rkeit\u00e4 taitoja tulevaisuuttasi varten!<\/p>\n\n<p>Jos olet kiinnostunut ty\u00f6skentelem\u00e4\u00e4n STS-l\u00e4hettil\u00e4\u00e4n\u00e4, l\u00e4het\u00e4 s\u00e4hk\u00f6postia t\u00e4h\u00e4n osoitteeseen:\u202f<a href=\"mailto:welcome@sts.fi\">welcome@sts.fi<\/a><\/p>\n<\/div><\/div><\/div>\n","protected":false},"excerpt":{"rendered":"","protected":false},"author":20,"featured_media":0,"parent":10458,"menu_order":0,"comment_status":"closed","ping_status":"closed","template":"templates\/template-default-with-breadcrumbs.php","meta":{"_acf_changed":false,"sts_page_background_color":"","footnotes":""},"wpw_page_folders":[77],"class_list":["post-10468","page","type-page","status-publish","hentry"],"acf":[],"yoast_head":"<!-- This site is optimized with the Yoast SEO Premium plugin v27.2 (Yoast SEO v27.3) - https:\/\/yoast.com\/product\/yoast-seo-premium-wordpress\/ -->\n<title>Avoimet ty\u00f6paikat<\/title>\n<meta name=\"description\" content=\"Me STS Kielimatkoilla ty\u00f6skentelemme aktiivisesti kokemusper\u00e4ist\u00e4 kielenoppimista sis\u00e4lt\u00e4vien matkojen puolesta. Vuosien kokemuksella suunnittelemme, j\u00e4rjest\u00e4mme ja toteutamme nuorten kielimatkoja ja vaihto-oppilasohjelmia. Alan ja tuotteiden kehittyess\u00e4 jatkuvasti, etsimme aika ajoin my\u00f6s uusia t\u00e4hti\u00e4 tiimiimme toteuttamaan nuorten ja aikuisten kansainv\u00e4listymishaaveita kanssamme, ajaen alaa eteenp\u00e4in, sen kaikilla osa-alueilla.\" \/>\n<meta name=\"robots\" content=\"index, follow, max-snippet:-1, max-image-preview:large, max-video-preview:-1\" \/>\n<link rel=\"canonical\" href=\"https:\/\/www.sts-education.com\/fi\/meista\/toihin-stslle\/\" \/>\n<meta property=\"og:locale\" content=\"fi_FI\" \/>\n<meta property=\"og:type\" content=\"article\" \/>\n<meta property=\"og:title\" content=\"Toihin Stslle\" \/>\n<meta property=\"og:description\" content=\"Me STS Kielimatkoilla ty\u00f6skentelemme aktiivisesti kokemusper\u00e4ist\u00e4 kielenoppimista sis\u00e4lt\u00e4vien matkojen puolesta. Vuosien kokemuksella suunnittelemme, j\u00e4rjest\u00e4mme ja toteutamme nuorten kielimatkoja ja vaihto-oppilasohjelmia. Alan ja tuotteiden kehittyess\u00e4 jatkuvasti, etsimme aika ajoin my\u00f6s uusia t\u00e4hti\u00e4 tiimiimme toteuttamaan nuorten ja aikuisten kansainv\u00e4listymishaaveita kanssamme, ajaen alaa eteenp\u00e4in, sen kaikilla osa-alueilla.\" \/>\n<meta property=\"og:url\" content=\"https:\/\/www.sts-education.com\/fi\/meista\/toihin-stslle\/\" \/>\n<meta property=\"og:site_name\" content=\"STS Education\" \/>\n<meta property=\"article:modified_time\" content=\"2026-04-14T09:48:45+00:00\" \/>\n<meta property=\"og:image\" content=\"https:\/\/cdn.sts-education.com\/3544_hero_lg_xl.jpg\" \/>\n<meta name=\"twitter:card\" content=\"summary_large_image\" \/>\n<meta name=\"twitter:label1\" content=\"Arvioitu lukuaika\" \/>\n\t<meta name=\"twitter:data1\" content=\"2 minuuttia\" \/>\n<script type=\"application\/ld+json\" class=\"yoast-schema-graph\">{\"@context\":\"https:\\\/\\\/schema.org\",\"@graph\":[{\"@type\":\"WebPage\",\"@id\":\"https:\\\/\\\/www.sts-education.com\\\/fi\\\/meista\\\/toihin-stslle\\\/\",\"url\":\"https:\\\/\\\/www.sts-education.com\\\/fi\\\/meista\\\/toihin-stslle\\\/\",\"name\":\"Avoimet ty\u00f6paikat\",\"isPartOf\":{\"@id\":\"https:\\\/\\\/www.sts-education.com\\\/fi\\\/#website\"},\"primaryImageOfPage\":{\"@id\":\"https:\\\/\\\/www.sts-education.com\\\/fi\\\/meista\\\/toihin-stslle\\\/#primaryimage\"},\"image\":{\"@id\":\"https:\\\/\\\/www.sts-education.com\\\/fi\\\/meista\\\/toihin-stslle\\\/#primaryimage\"},\"thumbnailUrl\":\"https:\\\/\\\/cdn.sts-education.com\\\/3544_hero_lg_xl.jpg\",\"datePublished\":\"2025-12-16T10:23:03+00:00\",\"dateModified\":\"2026-04-14T09:48:45+00:00\",\"description\":\"Me STS Kielimatkoilla ty\u00f6skentelemme aktiivisesti kokemusper\u00e4ist\u00e4 kielenoppimista sis\u00e4lt\u00e4vien matkojen puolesta. Vuosien kokemuksella suunnittelemme, j\u00e4rjest\u00e4mme ja toteutamme nuorten kielimatkoja ja vaihto-oppilasohjelmia. Alan ja tuotteiden kehittyess\u00e4 jatkuvasti, etsimme aika ajoin my\u00f6s uusia t\u00e4hti\u00e4 tiimiimme toteuttamaan nuorten ja aikuisten kansainv\u00e4listymishaaveita kanssamme, ajaen alaa eteenp\u00e4in, sen kaikilla osa-alueilla.\",\"breadcrumb\":{\"@id\":\"https:\\\/\\\/www.sts-education.com\\\/fi\\\/meista\\\/toihin-stslle\\\/#breadcrumb\"},\"inLanguage\":\"fi\",\"potentialAction\":[{\"@type\":\"ReadAction\",\"target\":[\"https:\\\/\\\/www.sts-education.com\\\/fi\\\/meista\\\/toihin-stslle\\\/\"]}]},{\"@type\":\"ImageObject\",\"inLanguage\":\"fi\",\"@id\":\"https:\\\/\\\/www.sts-education.com\\\/fi\\\/meista\\\/toihin-stslle\\\/#primaryimage\",\"url\":\"https:\\\/\\\/cdn.sts-education.com\\\/3544_hero_lg_xl.jpg\",\"contentUrl\":\"https:\\\/\\\/cdn.sts-education.com\\\/3544_hero_lg_xl.jpg\"},{\"@type\":\"BreadcrumbList\",\"@id\":\"https:\\\/\\\/www.sts-education.com\\\/fi\\\/meista\\\/toihin-stslle\\\/#breadcrumb\",\"itemListElement\":[{\"@type\":\"ListItem\",\"position\":1,\"name\":\"Home\",\"item\":\"https:\\\/\\\/www.sts-education.com\\\/fi\\\/\"},{\"@type\":\"ListItem\",\"position\":2,\"name\":\"Meista\",\"item\":\"https:\\\/\\\/www.sts-education.com\\\/fi\\\/meista\\\/\"},{\"@type\":\"ListItem\",\"position\":3,\"name\":\"Toihin Stslle\"}]},{\"@type\":\"WebSite\",\"@id\":\"https:\\\/\\\/www.sts-education.com\\\/fi\\\/#website\",\"url\":\"https:\\\/\\\/www.sts-education.com\\\/fi\\\/\",\"name\":\"STS Education\",\"description\":\"\",\"potentialAction\":[{\"@type\":\"SearchAction\",\"target\":{\"@type\":\"EntryPoint\",\"urlTemplate\":\"https:\\\/\\\/www.sts-education.com\\\/fi\\\/?s={search_term_string}\"},\"query-input\":{\"@type\":\"PropertyValueSpecification\",\"valueRequired\":true,\"valueName\":\"search_term_string\"}}],\"inLanguage\":\"fi\"}]}<\/script>\n<!-- \/ Yoast SEO Premium plugin. -->","yoast_head_json":{"title":"Avoimet ty\u00f6paikat","description":"Me STS Kielimatkoilla ty\u00f6skentelemme aktiivisesti kokemusper\u00e4ist\u00e4 kielenoppimista sis\u00e4lt\u00e4vien matkojen puolesta. Vuosien kokemuksella suunnittelemme, j\u00e4rjest\u00e4mme ja toteutamme nuorten kielimatkoja ja vaihto-oppilasohjelmia. Alan ja tuotteiden kehittyess\u00e4 jatkuvasti, etsimme aika ajoin my\u00f6s uusia t\u00e4hti\u00e4 tiimiimme toteuttamaan nuorten ja aikuisten kansainv\u00e4listymishaaveita kanssamme, ajaen alaa eteenp\u00e4in, sen kaikilla osa-alueilla.","robots":{"index":"index","follow":"follow","max-snippet":"max-snippet:-1","max-image-preview":"max-image-preview:large","max-video-preview":"max-video-preview:-1"},"canonical":"https:\/\/www.sts-education.com\/fi\/meista\/toihin-stslle\/","og_locale":"fi_FI","og_type":"article","og_title":"Toihin Stslle","og_description":"Me STS Kielimatkoilla ty\u00f6skentelemme aktiivisesti kokemusper\u00e4ist\u00e4 kielenoppimista sis\u00e4lt\u00e4vien matkojen puolesta. Vuosien kokemuksella suunnittelemme, j\u00e4rjest\u00e4mme ja toteutamme nuorten kielimatkoja ja vaihto-oppilasohjelmia. Alan ja tuotteiden kehittyess\u00e4 jatkuvasti, etsimme aika ajoin my\u00f6s uusia t\u00e4hti\u00e4 tiimiimme toteuttamaan nuorten ja aikuisten kansainv\u00e4listymishaaveita kanssamme, ajaen alaa eteenp\u00e4in, sen kaikilla osa-alueilla.","og_url":"https:\/\/www.sts-education.com\/fi\/meista\/toihin-stslle\/","og_site_name":"STS Education","article_modified_time":"2026-04-14T09:48:45+00:00","og_image":[{"url":"https:\/\/cdn.sts-education.com\/3544_hero_lg_xl.jpg","type":"","width":"","height":""}],"twitter_card":"summary_large_image","twitter_misc":{"Arvioitu lukuaika":"2 minuuttia"},"schema":{"@context":"https:\/\/schema.org","@graph":[{"@type":"WebPage","@id":"https:\/\/www.sts-education.com\/fi\/meista\/toihin-stslle\/","url":"https:\/\/www.sts-education.com\/fi\/meista\/toihin-stslle\/","name":"Avoimet ty\u00f6paikat","isPartOf":{"@id":"https:\/\/www.sts-education.com\/fi\/#website"},"primaryImageOfPage":{"@id":"https:\/\/www.sts-education.com\/fi\/meista\/toihin-stslle\/#primaryimage"},"image":{"@id":"https:\/\/www.sts-education.com\/fi\/meista\/toihin-stslle\/#primaryimage"},"thumbnailUrl":"https:\/\/cdn.sts-education.com\/3544_hero_lg_xl.jpg","datePublished":"2025-12-16T10:23:03+00:00","dateModified":"2026-04-14T09:48:45+00:00","description":"Me STS Kielimatkoilla ty\u00f6skentelemme aktiivisesti kokemusper\u00e4ist\u00e4 kielenoppimista sis\u00e4lt\u00e4vien matkojen puolesta. Vuosien kokemuksella suunnittelemme, j\u00e4rjest\u00e4mme ja toteutamme nuorten kielimatkoja ja vaihto-oppilasohjelmia. Alan ja tuotteiden kehittyess\u00e4 jatkuvasti, etsimme aika ajoin my\u00f6s uusia t\u00e4hti\u00e4 tiimiimme toteuttamaan nuorten ja aikuisten kansainv\u00e4listymishaaveita kanssamme, ajaen alaa eteenp\u00e4in, sen kaikilla osa-alueilla.","breadcrumb":{"@id":"https:\/\/www.sts-education.com\/fi\/meista\/toihin-stslle\/#breadcrumb"},"inLanguage":"fi","potentialAction":[{"@type":"ReadAction","target":["https:\/\/www.sts-education.com\/fi\/meista\/toihin-stslle\/"]}]},{"@type":"ImageObject","inLanguage":"fi","@id":"https:\/\/www.sts-education.com\/fi\/meista\/toihin-stslle\/#primaryimage","url":"https:\/\/cdn.sts-education.com\/3544_hero_lg_xl.jpg","contentUrl":"https:\/\/cdn.sts-education.com\/3544_hero_lg_xl.jpg"},{"@type":"BreadcrumbList","@id":"https:\/\/www.sts-education.com\/fi\/meista\/toihin-stslle\/#breadcrumb","itemListElement":[{"@type":"ListItem","position":1,"name":"Home","item":"https:\/\/www.sts-education.com\/fi\/"},{"@type":"ListItem","position":2,"name":"Meista","item":"https:\/\/www.sts-education.com\/fi\/meista\/"},{"@type":"ListItem","position":3,"name":"Toihin Stslle"}]},{"@type":"WebSite","@id":"https:\/\/www.sts-education.com\/fi\/#website","url":"https:\/\/www.sts-education.com\/fi\/","name":"STS Education","description":"","potentialAction":[{"@type":"SearchAction","target":{"@type":"EntryPoint","urlTemplate":"https:\/\/www.sts-education.com\/fi\/?s={search_term_string}"},"query-input":{"@type":"PropertyValueSpecification","valueRequired":true,"valueName":"search_term_string"}}],"inLanguage":"fi"}]}},"_links":{"self":[{"href":"https:\/\/www.sts-education.com\/fi\/wp-json\/wp\/v2\/pages\/10468","targetHints":{"allow":["GET"]}}],"collection":[{"href":"https:\/\/www.sts-education.com\/fi\/wp-json\/wp\/v2\/pages"}],"about":[{"href":"https:\/\/www.sts-education.com\/fi\/wp-json\/wp\/v2\/types\/page"}],"author":[{"embeddable":true,"href":"https:\/\/www.sts-education.com\/fi\/wp-json\/wp\/v2\/users\/20"}],"replies":[{"embeddable":true,"href":"https:\/\/www.sts-education.com\/fi\/wp-json\/wp\/v2\/comments?post=10468"}],"version-history":[{"count":4,"href":"https:\/\/www.sts-education.com\/fi\/wp-json\/wp\/v2\/pages\/10468\/revisions"}],"predecessor-version":[{"id":33114,"href":"https:\/\/www.sts-education.com\/fi\/wp-json\/wp\/v2\/pages\/10468\/revisions\/33114"}],"up":[{"embeddable":true,"href":"https:\/\/www.sts-education.com\/fi\/wp-json\/wp\/v2\/pages\/10458"}],"wp:attachment":[{"href":"https:\/\/www.sts-education.com\/fi\/wp-json\/wp\/v2\/media?parent=10468"}],"wp:term":[{"taxonomy":"wpw_page_folders","embeddable":true,"href":"https:\/\/www.sts-education.com\/fi\/wp-json\/wp\/v2\/wpw_page_folders?post=10468"}],"curies":[{"name":"wp","href":"https:\/\/api.w.org\/{rel}","templated":true}]}}