{"id":10469,"date":"2025-12-16T10:05:12","date_gmt":"2025-12-16T10:05:12","guid":{"rendered":"https:\/\/preprod.sts-education.com\/vaihto-oppilas\/ennen-vaihto-oppilasvuotta\/"},"modified":"2026-04-14T09:49:11","modified_gmt":"2026-04-14T09:49:11","slug":"ennen-vaihto-oppilasvuotta","status":"publish","type":"page","link":"https:\/\/www.sts-education.com\/fi\/vaihto-oppilas\/ennen-vaihto-oppilasvuotta\/","title":{"rendered":"Ennen Vaihto Oppilasvuotta"},"content":{"rendered":"\n<div class=\"wp-block-sts-text sts-text-editor has-max-width-md\"><div class=\"sts-text-editor__content\"><div class=\"sts-text-editor__content-inner\">\n<h1>Ennen vaihto-oppilasvuotta<\/h1>\n<\/div><\/div><\/div>\n\n\n\n<div class=\"wp-block-sts-text sts-text-editor has-max-width-md\"><div class=\"sts-text-editor__content\"><div class=\"sts-text-editor__content-inner\">\n<p>Olemme ty\u00f6skennelleet kansainv\u00e4lisen oppilasvaihdon parissa yli 65 vuotta, ja meill\u00e4 on kaikki osaaminen ja kokemus, jota erityisen el\u00e4myksen tarjoaminen vaatii. STS:n ty\u00f6ntekij\u00f6ist\u00e4 moni on itsekin ollut vaihto-oppilaana, joten tied\u00e4mme tarkalleen, mit\u00e4 vaihtarivuoteen liittyy. Tied\u00e4mme, mik\u00e4 sinua odottaa ja milt\u00e4 sinusta tuntuu. Haluaisimme, ett\u00e4 mahdollisimman moni nuori saisi tilaisuuden kokea vaihto-oppilasvuoden ja kaiken, mit\u00e4 siihen liittyy. Odotammekin innolla, ett\u00e4 p\u00e4\u00e4semme jakamaan kanssasi intohimomme kansainv\u00e4liseen oppilasvaihtoon. Sinulla on edess\u00e4si uskomaton matka, ja teht\u00e4v\u00e4n\u00e4mme on varmistaa, ett\u00e4 siit\u00e4 tulee el\u00e4m\u00e4si parasta aikaa!<\/p>\n\n<h2>Olemme tukenasi!<\/h2>\n\n<p>Valmistelut ovat j\u00e4nnitt\u00e4v\u00e4 ja t\u00e4rke\u00e4 osa vaihto-oppilasvuottasi, eik\u00e4 kukaan voi auttaa sinua niiss\u00e4 paremmin kuin me. Mit\u00e4 enemm\u00e4n olet perill\u00e4 siit\u00e4, mik\u00e4 sinua odottaa, sit\u00e4 parempi. Hanki siis mahdollisimman paljon tietoa ennen l\u00e4ht\u00f6\u00e4 ja pyyd\u00e4 rohkeasti apua. Opastamme sinua kaikissa eri vaiheissa hakemuksen tekemisest\u00e4 matkavalmisteluihin ja l\u00e4ht\u00f6\u00f6n.<\/p>\n\n<h2>Kohdemaan valinta<\/h2>\n\n<p>Haluatko kokea aidon amerikkalaisen high school -hengen? Sit\u00e4 toivovat useimmat oppilaamme, mutta STS:n tarjonnassa on per\u00e4ti 20 eri maata, joista valita. <a href=\"\/fi\/vaihto-oppilas\/tripfinder\/\">T\u00e4\u00e4lt\u00e4 n\u00e4et kohteemme, joihin voit l\u00e4hte\u00e4 viett\u00e4m\u00e4\u00e4n vaihto-oppilasvuotta.<\/a><\/p>\n\n<h2>Hae hyviss\u00e4 ajoin!<\/h2>\n\n<p>Vaihto-oppilaaksi kannattaa hakea vuotta ennen toivomaasi l\u00e4ht\u00f6\u00e4 \u2013 mutta aivan viimeist\u00e4\u00e4n saman vuoden maaliskuussa. My\u00f6h\u00e4stynyt hakemus voi tarkoittaa sek\u00e4 sit\u00e4, ett\u00e4 maita, joihin voit matkustaa, on rajoitettu, ett\u00e4 sit\u00e4, ett\u00e4 my\u00f6h\u00e4stynyt hakemus voi aiheuttaa lis\u00e4kustannuksia.<\/p>\n\n<p>Sopivan is\u00e4nt\u00e4perheen ja koulun l\u00f6yt\u00e4minen on merkitt\u00e4v\u00e4 vaihe, ja mit\u00e4 aiemmin aloitamme etsinn\u00e4n, sen parempi! Muistathan siis j\u00e4tt\u00e4\u00e4 hakemuksesi hyviss\u00e4 ajoin, niin saat etuly\u00f6ntiaseman. <a href=\"https:\/\/www.sts-education.com\/fi\/meista\/ota-meihin-yhteytta\/\">Ota meihin yhteytt\u00e4, jos haluat lis\u00e4tietoja.<\/a><\/p>\n\n<h2>Viisumihakemus<\/h2>\n\n<p>Joissain maissa asumista ja opiskelua varten vaaditaan viisumi. T\u00e4ll\u00f6in saat meilt\u00e4 kaiken tarvittavan tiedon, jotta viisumihakemusprosessi olisi mahdollisimman sujuva. Koska viisumi on henkil\u00f6kohtainen asiakirja, teet hakemuksen itse, mutta me olemme tukenasi prosessissa. Jos kohdemaahasi vaaditaan viisumi, vastaat kuluista itse.<\/p>\n\n<h2>Webinaarit verkossa<\/h2>\n\n<p>Kutsumme sinut webinaariin, jossa k\u00e4ymme l\u00e4pi kaikki ne asiat, jotka tulee hoitaa ennen l\u00e4ht\u00f6\u00e4.<\/p>\n\n<h2>Pre-Departure Orientation<\/h2>\n\n<p>Kutsumme sinut ja kaikki muut vaihto-oppilaat Pre-Departure Orientation -tapaamiseen saamaan tietoa ja inspiraatiota. Tapaamisia pidet\u00e4\u00e4n eri paikkakunnilla, mutta jos et p\u00e4\u00e4se paikan p\u00e4\u00e4lle, voit osallistua my\u00f6s verkossa. Saat tilaisuuden tavata muita nuoria, jotka ovat yht\u00e4 innoissaan vaihto-oppilaaksi l\u00e4htemisest\u00e4 kuin sin\u00e4kin. My\u00f6s vanhemmat ovat tervetulleita mukaan, koska heid\u00e4n on t\u00e4rke\u00e4\u00e4 ymm\u00e4rt\u00e4\u00e4, mit\u00e4 kaikkea upeaa sinulla on edess\u00e4si.<\/p>\n<\/div><\/div><\/div>\n","protected":false},"excerpt":{"rendered":"","protected":false},"author":20,"featured_media":15463,"parent":8537,"menu_order":0,"comment_status":"closed","ping_status":"closed","template":"templates\/template-default-with-breadcrumbs.php","meta":{"_acf_changed":false,"sts_page_background_color":"","footnotes":""},"wpw_page_folders":[80],"class_list":["post-10469","page","type-page","status-publish","has-post-thumbnail","hentry"],"acf":[],"yoast_head":"<!-- This site is optimized with the Yoast SEO Premium plugin v27.2 (Yoast SEO v27.3) - https:\/\/yoast.com\/product\/yoast-seo-premium-wordpress\/ -->\n<title>Huomioitavia asioita ennen vaihto-oppilasvuotta<\/title>\n<meta name=\"description\" content=\"Valmistelut ovat t\u00e4rke\u00e4 osa vaihto-oppilasvuottasi. Hae hyviss\u00e4 ajoin ja osallistu infotapaamisiimme. Meid\u00e4n kauttamme valittavanasi 20 eri maasta.\" \/>\n<meta name=\"robots\" content=\"index, follow, max-snippet:-1, max-image-preview:large, max-video-preview:-1\" \/>\n<link rel=\"canonical\" href=\"https:\/\/www.sts-education.com\/fi\/vaihto-oppilas\/ennen-vaihto-oppilasvuotta\/\" \/>\n<meta property=\"og:locale\" content=\"fi_FI\" \/>\n<meta property=\"og:type\" content=\"article\" \/>\n<meta property=\"og:title\" content=\"Ennen Vaihto Oppilasvuotta\" \/>\n<meta property=\"og:description\" content=\"Valmistelut ovat t\u00e4rke\u00e4 osa vaihto-oppilasvuottasi. Hae hyviss\u00e4 ajoin ja osallistu infotapaamisiimme. Meid\u00e4n kauttamme valittavanasi 20 eri maasta.\" \/>\n<meta property=\"og:url\" content=\"https:\/\/www.sts-education.com\/fi\/vaihto-oppilas\/ennen-vaihto-oppilasvuotta\/\" \/>\n<meta property=\"og:site_name\" content=\"STS Education\" \/>\n<meta property=\"article:modified_time\" content=\"2026-04-14T09:49:11+00:00\" \/>\n<meta property=\"og:image\" content=\"https:\/\/powered-by.qbank.se\/educatius\/sts\/\/df7e1de23b6e8c68863e49e03d05ef0e_1-1-thumb.webp\" \/>\n\t<meta property=\"og:image:width\" content=\"150\" \/>\n\t<meta property=\"og:image:height\" content=\"150\" \/>\n\t<meta property=\"og:image:type\" content=\"image\/jpeg\" \/>\n<meta name=\"twitter:card\" content=\"summary_large_image\" \/>\n<meta name=\"twitter:label1\" content=\"Arvioitu lukuaika\" \/>\n\t<meta name=\"twitter:data1\" content=\"2 minuuttia\" \/>\n<script type=\"application\/ld+json\" class=\"yoast-schema-graph\">{\"@context\":\"https:\\\/\\\/schema.org\",\"@graph\":[{\"@type\":\"WebPage\",\"@id\":\"https:\\\/\\\/www.sts-education.com\\\/fi\\\/vaihto-oppilas\\\/ennen-vaihto-oppilasvuotta\\\/\",\"url\":\"https:\\\/\\\/www.sts-education.com\\\/fi\\\/vaihto-oppilas\\\/ennen-vaihto-oppilasvuotta\\\/\",\"name\":\"Huomioitavia asioita ennen vaihto-oppilasvuotta\",\"isPartOf\":{\"@id\":\"https:\\\/\\\/www.sts-education.com\\\/fi\\\/#website\"},\"primaryImageOfPage\":{\"@id\":\"https:\\\/\\\/www.sts-education.com\\\/fi\\\/vaihto-oppilas\\\/ennen-vaihto-oppilasvuotta\\\/#primaryimage\"},\"image\":{\"@id\":\"https:\\\/\\\/www.sts-education.com\\\/fi\\\/vaihto-oppilas\\\/ennen-vaihto-oppilasvuotta\\\/#primaryimage\"},\"thumbnailUrl\":\"https:\\\/\\\/powered-by.qbank.se\\\/educatius\\\/sts\\\/\\\/df7e1de23b6e8c68863e49e03d05ef0e_1-1-thumb.webp\",\"datePublished\":\"2025-12-16T10:05:12+00:00\",\"dateModified\":\"2026-04-14T09:49:11+00:00\",\"description\":\"Valmistelut ovat t\u00e4rke\u00e4 osa vaihto-oppilasvuottasi. Hae hyviss\u00e4 ajoin ja osallistu infotapaamisiimme. Meid\u00e4n kauttamme valittavanasi 20 eri maasta.\",\"breadcrumb\":{\"@id\":\"https:\\\/\\\/www.sts-education.com\\\/fi\\\/vaihto-oppilas\\\/ennen-vaihto-oppilasvuotta\\\/#breadcrumb\"},\"inLanguage\":\"fi\",\"potentialAction\":[{\"@type\":\"ReadAction\",\"target\":[\"https:\\\/\\\/www.sts-education.com\\\/fi\\\/vaihto-oppilas\\\/ennen-vaihto-oppilasvuotta\\\/\"]}]},{\"@type\":\"ImageObject\",\"inLanguage\":\"fi\",\"@id\":\"https:\\\/\\\/www.sts-education.com\\\/fi\\\/vaihto-oppilas\\\/ennen-vaihto-oppilasvuotta\\\/#primaryimage\",\"url\":\"https:\\\/\\\/powered-by.qbank.se\\\/educatius\\\/sts\\\/\\\/df7e1de23b6e8c68863e49e03d05ef0e_1-1-thumb.webp\",\"contentUrl\":\"https:\\\/\\\/powered-by.qbank.se\\\/educatius\\\/sts\\\/\\\/df7e1de23b6e8c68863e49e03d05ef0e_1-1-thumb.webp\",\"width\":150,\"height\":150},{\"@type\":\"BreadcrumbList\",\"@id\":\"https:\\\/\\\/www.sts-education.com\\\/fi\\\/vaihto-oppilas\\\/ennen-vaihto-oppilasvuotta\\\/#breadcrumb\",\"itemListElement\":[{\"@type\":\"ListItem\",\"position\":1,\"name\":\"Home\",\"item\":\"https:\\\/\\\/www.sts-education.com\\\/fi\\\/\"},{\"@type\":\"ListItem\",\"position\":2,\"name\":\"Vaihto-oppilas\",\"item\":\"https:\\\/\\\/www.sts-education.com\\\/fi\\\/vaihto-oppilas\\\/\"},{\"@type\":\"ListItem\",\"position\":3,\"name\":\"Ennen Vaihto Oppilasvuotta\"}]},{\"@type\":\"WebSite\",\"@id\":\"https:\\\/\\\/www.sts-education.com\\\/fi\\\/#website\",\"url\":\"https:\\\/\\\/www.sts-education.com\\\/fi\\\/\",\"name\":\"STS Education\",\"description\":\"\",\"potentialAction\":[{\"@type\":\"SearchAction\",\"target\":{\"@type\":\"EntryPoint\",\"urlTemplate\":\"https:\\\/\\\/www.sts-education.com\\\/fi\\\/?s={search_term_string}\"},\"query-input\":{\"@type\":\"PropertyValueSpecification\",\"valueRequired\":true,\"valueName\":\"search_term_string\"}}],\"inLanguage\":\"fi\"}]}<\/script>\n<!-- \/ Yoast SEO Premium plugin. -->","yoast_head_json":{"title":"Huomioitavia asioita ennen vaihto-oppilasvuotta","description":"Valmistelut ovat t\u00e4rke\u00e4 osa vaihto-oppilasvuottasi. Hae hyviss\u00e4 ajoin ja osallistu infotapaamisiimme. Meid\u00e4n kauttamme valittavanasi 20 eri maasta.","robots":{"index":"index","follow":"follow","max-snippet":"max-snippet:-1","max-image-preview":"max-image-preview:large","max-video-preview":"max-video-preview:-1"},"canonical":"https:\/\/www.sts-education.com\/fi\/vaihto-oppilas\/ennen-vaihto-oppilasvuotta\/","og_locale":"fi_FI","og_type":"article","og_title":"Ennen Vaihto Oppilasvuotta","og_description":"Valmistelut ovat t\u00e4rke\u00e4 osa vaihto-oppilasvuottasi. Hae hyviss\u00e4 ajoin ja osallistu infotapaamisiimme. Meid\u00e4n kauttamme valittavanasi 20 eri maasta.","og_url":"https:\/\/www.sts-education.com\/fi\/vaihto-oppilas\/ennen-vaihto-oppilasvuotta\/","og_site_name":"STS Education","article_modified_time":"2026-04-14T09:49:11+00:00","og_image":[{"width":150,"height":150,"url":"https:\/\/powered-by.qbank.se\/educatius\/sts\/\/df7e1de23b6e8c68863e49e03d05ef0e_1-1-thumb.webp","type":"image\/jpeg"}],"twitter_card":"summary_large_image","twitter_misc":{"Arvioitu lukuaika":"2 minuuttia"},"schema":{"@context":"https:\/\/schema.org","@graph":[{"@type":"WebPage","@id":"https:\/\/www.sts-education.com\/fi\/vaihto-oppilas\/ennen-vaihto-oppilasvuotta\/","url":"https:\/\/www.sts-education.com\/fi\/vaihto-oppilas\/ennen-vaihto-oppilasvuotta\/","name":"Huomioitavia asioita ennen vaihto-oppilasvuotta","isPartOf":{"@id":"https:\/\/www.sts-education.com\/fi\/#website"},"primaryImageOfPage":{"@id":"https:\/\/www.sts-education.com\/fi\/vaihto-oppilas\/ennen-vaihto-oppilasvuotta\/#primaryimage"},"image":{"@id":"https:\/\/www.sts-education.com\/fi\/vaihto-oppilas\/ennen-vaihto-oppilasvuotta\/#primaryimage"},"thumbnailUrl":"https:\/\/powered-by.qbank.se\/educatius\/sts\/\/df7e1de23b6e8c68863e49e03d05ef0e_1-1-thumb.webp","datePublished":"2025-12-16T10:05:12+00:00","dateModified":"2026-04-14T09:49:11+00:00","description":"Valmistelut ovat t\u00e4rke\u00e4 osa vaihto-oppilasvuottasi. Hae hyviss\u00e4 ajoin ja osallistu infotapaamisiimme. Meid\u00e4n kauttamme valittavanasi 20 eri maasta.","breadcrumb":{"@id":"https:\/\/www.sts-education.com\/fi\/vaihto-oppilas\/ennen-vaihto-oppilasvuotta\/#breadcrumb"},"inLanguage":"fi","potentialAction":[{"@type":"ReadAction","target":["https:\/\/www.sts-education.com\/fi\/vaihto-oppilas\/ennen-vaihto-oppilasvuotta\/"]}]},{"@type":"ImageObject","inLanguage":"fi","@id":"https:\/\/www.sts-education.com\/fi\/vaihto-oppilas\/ennen-vaihto-oppilasvuotta\/#primaryimage","url":"https:\/\/powered-by.qbank.se\/educatius\/sts\/\/df7e1de23b6e8c68863e49e03d05ef0e_1-1-thumb.webp","contentUrl":"https:\/\/powered-by.qbank.se\/educatius\/sts\/\/df7e1de23b6e8c68863e49e03d05ef0e_1-1-thumb.webp","width":150,"height":150},{"@type":"BreadcrumbList","@id":"https:\/\/www.sts-education.com\/fi\/vaihto-oppilas\/ennen-vaihto-oppilasvuotta\/#breadcrumb","itemListElement":[{"@type":"ListItem","position":1,"name":"Home","item":"https:\/\/www.sts-education.com\/fi\/"},{"@type":"ListItem","position":2,"name":"Vaihto-oppilas","item":"https:\/\/www.sts-education.com\/fi\/vaihto-oppilas\/"},{"@type":"ListItem","position":3,"name":"Ennen Vaihto Oppilasvuotta"}]},{"@type":"WebSite","@id":"https:\/\/www.sts-education.com\/fi\/#website","url":"https:\/\/www.sts-education.com\/fi\/","name":"STS Education","description":"","potentialAction":[{"@type":"SearchAction","target":{"@type":"EntryPoint","urlTemplate":"https:\/\/www.sts-education.com\/fi\/?s={search_term_string}"},"query-input":{"@type":"PropertyValueSpecification","valueRequired":true,"valueName":"search_term_string"}}],"inLanguage":"fi"}]}},"_links":{"self":[{"href":"https:\/\/www.sts-education.com\/fi\/wp-json\/wp\/v2\/pages\/10469","targetHints":{"allow":["GET"]}}],"collection":[{"href":"https:\/\/www.sts-education.com\/fi\/wp-json\/wp\/v2\/pages"}],"about":[{"href":"https:\/\/www.sts-education.com\/fi\/wp-json\/wp\/v2\/types\/page"}],"author":[{"embeddable":true,"href":"https:\/\/www.sts-education.com\/fi\/wp-json\/wp\/v2\/users\/20"}],"replies":[{"embeddable":true,"href":"https:\/\/www.sts-education.com\/fi\/wp-json\/wp\/v2\/comments?post=10469"}],"version-history":[{"count":4,"href":"https:\/\/www.sts-education.com\/fi\/wp-json\/wp\/v2\/pages\/10469\/revisions"}],"predecessor-version":[{"id":33132,"href":"https:\/\/www.sts-education.com\/fi\/wp-json\/wp\/v2\/pages\/10469\/revisions\/33132"}],"up":[{"embeddable":true,"href":"https:\/\/www.sts-education.com\/fi\/wp-json\/wp\/v2\/pages\/8537"}],"wp:featuredmedia":[{"embeddable":true,"href":"https:\/\/www.sts-education.com\/fi\/wp-json\/wp\/v2\/media\/15463"}],"wp:attachment":[{"href":"https:\/\/www.sts-education.com\/fi\/wp-json\/wp\/v2\/media?parent=10469"}],"wp:term":[{"taxonomy":"wpw_page_folders","embeddable":true,"href":"https:\/\/www.sts-education.com\/fi\/wp-json\/wp\/v2\/wpw_page_folders?post=10469"}],"curies":[{"name":"wp","href":"https:\/\/api.w.org\/{rel}","templated":true}]}}