{"id":10473,"date":"2025-12-16T10:37:52","date_gmt":"2025-12-16T10:37:52","guid":{"rendered":"https:\/\/preprod.sts-education.com\/vaihto-oppilas\/vaihto-oppilaamme\/"},"modified":"2026-04-14T09:48:42","modified_gmt":"2026-04-14T09:48:42","slug":"vaihto-oppilaamme","status":"publish","type":"page","link":"https:\/\/www.sts-education.com\/fi\/vaihto-oppilas\/vaihto-oppilaamme\/","title":{"rendered":"Vaihto Oppilaamme"},"content":{"rendered":"\n<section class=\"wp-block-sts-hero sts-block-hero is-variant-full-background has-text-light has-background-media\" style=\"--sts-hero-padding-mobile:0px;--sts-hero-padding-desktop:0px;--sts-hero-text-color:var(--wp--preset--color--base-10, #fff);\" data-variant=\"full-background\"><div class=\"sts-block-hero__background\"><picture class=\"sts-responsive-image has-fit-cover is-skeleton\"><img src=\"https:\/\/cdn.sts-education.com\/11075_hero_lg_xl.jpg\" alt=\"Oppilaiden kertomaa\" loading=\"lazy\" decoding=\"async\" fetchpriority=\"low\" sizes=\"100vw\" \/><\/picture><span class=\"sts-block-hero__overlay\" aria-hidden=\"true\"><\/span><\/div><div class=\"sts-block-hero__inner\"><div class=\"sts-block-hero__content has-align-center\"><div class=\"sts-block-hero__content-inner\"><h1 class=\"sts-block-hero__heading\">Oppilaiden kertomaa<\/h1><\/div><\/div><\/div><\/section>\n\n\n\n<div class=\"wp-block-sts-text sts-text-editor has-max-width-md\"><div class=\"sts-text-editor__content\"><div class=\"sts-text-editor__content-inner\">\n<p>Millaista ulkomailla vaihto-oppilaana olo oikeasti on? Kukaan ei tied\u00e4 tai osaa selitt\u00e4\u00e4 asiaa paremmin kuin he, jotka ovat itse sen kokeneet. Siksi olemme antaneet vaihto-oppilaidemme ottaa haltuunsa sosiaalisen median kanavamme, kuten <a href=\"https:\/\/www.instagram.com\/stsworldwide\/\" target=\"_blank\" rel=\"noopener noreferrer\">Instagramin<\/a> ja <a href=\"https:\/\/www.tiktok.com\/@stsworldwide\" target=\"_blank\" rel=\"noopener noreferrer\">TikTokin<\/a> ja kertoa vuodestaan ulkomailla. He kertovat ajatuksistaan ennen l\u00e4ht\u00f6\u00e4, antavat pakkausvinkkej\u00e4, kuvailevat vaihtarikokemustaan ja paljon muuta. Muista seurata aihetunnistetta #stseducation.<\/p>\n\n<h2>Haluatko kertoa matkastasi muille?<\/h2>\n\n<p>Haluaisitko jakaa kokemuksiasi kanavissamme? L\u00e4het\u00e4 s\u00e4hk\u00f6postia osoitteeseen <a href=\"mailto:social.media@sts-education.com\">social.media@sts-education.com<\/a>, jos haluat osallistua Instagramin tai TikTokin kautta. Voit saada tilaisuuden p\u00e4\u00e4st\u00e4 mukaan kanaviimme.<\/p>\n<\/div><\/div><\/div>\n\n\n\n<figure class=\"wp-block-sts-image sts-block-image sts-block-image--count-1 has-max-width-md\" data-count=\"1\"><div class=\"sts-block-image__grid\"><div class=\"sts-block-image__item\"><picture class=\"sts-responsive-image has-fit-cover has-pos-top is-skeleton\"><img src=\"https:\/\/cdn.sts-education.com\/11203_hero_md.jpg\" alt=\"Oppilaiden kertomaa\" loading=\"lazy\" decoding=\"async\" fetchpriority=\"low\" sizes=\"(max-width: 736px) 100vw, 736px\"\/><\/picture><\/div><\/div><\/figure>\n\n\n\n<div class=\"wp-block-sts-text sts-text-editor has-max-width-md\"><div class=\"sts-text-editor__content\"><div class=\"sts-text-editor__content-inner\">\n<p><em><span>&quot;Vaihtoon l\u00e4hteminen oli ehdottomasti el\u00e4m\u00e4ni paras p\u00e4\u00e4t\u00f6s. Vuosi ulkomailla opetti paljon eik\u00e4 se ollut aina helppoa. En kuitenkaan vaihtaisi hetke\u00e4k\u00e4\u00e4n pois mist\u00e4\u00e4n hinnasta. Uuden kielen lis\u00e4ksi sain uusia kavereita ymp\u00e4ri maailmaa ja toisen kodin, jonne voin aina palata!&quot; <\/span><\/em><\/p>\n<p><span>Inka Viita, Ranska<\/span><\/p>\n<p><strong><a href=\"https:\/\/www.sts-education.com\/fi\/vaihto-oppilas\/vaihto-oppilaamme\/oppilaskertomukset\/\">Oppilaskertomukset<\/a><br\/><\/strong><\/p>\n<\/div><\/div><\/div>\n\n\n\n<section class=\"wp-block-sts-video sts-block-video sts-block-video--landscape has-max-width-lg\"><div class=\"sts-video sts-video--landscape\"><div class=\"sts-video__handler\"><button type=\"button\" class=\"sts-video__play-button\" aria-label=\"Play video\" aria-pressed=\"false\" data-playing=\"false\"><span class=\"sts-video__play-icon\"><img decoding=\"async\" class=\"play-icon\" src=\"data:image\/svg+xml,%3csvg%20width='32'%20height='32'%20viewBox='0%200%2032%2032'%20fill='none'%20xmlns='http:\/\/www.w3.org\/2000\/svg'%3e%3cmask%20id='mask0_2459_8201'%20style='mask-type:alpha'%20maskUnits='userSpaceOnUse'%20x='0'%20y='0'%20width='32'%20height='32'%3e%3crect%20width='32'%20height='32'%20fill='%23D9D9D9'\/%3e%3c\/mask%3e%3cg%20mask='url(%23mask0_2459_8201)'%3e%3cpath%20d='M10.667%2022.8999V9.09993C10.667%208.72216%2010.8003%208.40549%2011.067%208.14993C11.3337%207.89438%2011.6448%207.7666%2012.0003%207.7666C12.1114%207.7666%2012.2281%207.78327%2012.3503%207.8166C12.4725%207.84993%2012.5892%207.89993%2012.7003%207.9666L23.567%2014.8666C23.767%2014.9999%2023.917%2015.1666%2024.017%2015.3666C24.117%2015.5666%2024.167%2015.7777%2024.167%2015.9999C24.167%2016.2222%2024.117%2016.4333%2024.017%2016.6333C23.917%2016.8333%2023.767%2016.9999%2023.567%2017.1333L12.7003%2024.0333C12.5892%2024.0999%2012.4725%2024.1499%2012.3503%2024.1833C12.2281%2024.2166%2012.1114%2024.2333%2012.0003%2024.2333C11.6448%2024.2333%2011.3337%2024.1055%2011.067%2023.8499C10.8003%2023.5944%2010.667%2023.2777%2010.667%2022.8999Z'%20fill='black'\/%3e%3c\/g%3e%3c\/svg%3e\" alt=\"\" aria-hidden=\"true\"\/><img decoding=\"async\" class=\"pause-icon\" src=\"data:image\/svg+xml,%3csvg%20width='32'%20height='32'%20viewBox='0%200%2032%2032'%20fill='none'%20xmlns='http:\/\/www.w3.org\/2000\/svg'%3e%3cmask%20id='mask0_pause'%20style='mask-type:alpha'%20maskUnits='userSpaceOnUse'%20x='0'%20y='0'%20width='32'%20height='32'%3e%3crect%20width='32'%20height='32'%20fill='%23D9D9D9'\/%3e%3c\/mask%3e%3cg%20mask='url(%23mask0_pause)'%3e%3c!--%20Left%20bar%20--%3e%3crect%20x='10'%20y='8'%20width='4'%20height='16'%20rx='1'%20fill='black'\/%3e%3c!--%20Right%20bar%20--%3e%3crect%20x='18'%20y='8'%20width='4'%20height='16'%20rx='1'%20fill='black'\/%3e%3c\/g%3e%3c\/svg%3e\" alt=\"\" aria-hidden=\"true\"\/><\/span><\/button><strong class=\"sts-video__duration\" data-duration-prefix=\"Video duration:\" data-unit-second=\"second\" data-unit-seconds=\"seconds\" data-unit-minute=\"minute\" data-unit-minutes=\"minutes\" aria-label=\"Video duration: 2.0 minutes\">2.0 mins<\/strong><\/div><div class=\"sts-video__media\" data-video-source=\"youtube\" data-video-url=\"\"><div class=\"sts-video__external-shell\" data-embed-url=\"https:\/\/www.youtube.com\/embed\/iR2h5K8WF8I?rel=0&amp;controls=1&amp;modestbranding=1&amp;playsinline=1&amp;enablejsapi=1&amp;autoplay=0&amp;origin=https%3A%2F%2Fwww.sts-education.com\"><iframe class=\"sts-video__iframe\" src=\"https:\/\/www.youtube.com\/embed\/iR2h5K8WF8I?rel=0&amp;controls=1&amp;modestbranding=1&amp;playsinline=1&amp;enablejsapi=1&amp;autoplay=0&amp;origin=https%3A%2F%2Fwww.sts-education.com\" title=\"Video poster\nheading\" allow=\"autoplay; fullscreen\" allowfullscreen loading=\"lazy\" data-provider=\"youtube\" data-embed-url=\"https:\/\/www.youtube.com\/embed\/iR2h5K8WF8I?rel=0&amp;controls=1&amp;modestbranding=1&amp;playsinline=1&amp;enablejsapi=1&amp;autoplay=0&amp;origin=https%3A%2F%2Fwww.sts-education.com\"><\/iframe><\/div><\/div><\/div><\/section>\n\n\n\n<div class=\"wp-block-sts-text sts-text-editor has-max-width-md\"><div class=\"sts-text-editor__content\"><div class=\"sts-text-editor__content-inner\">\n<p><a href=\"https:\/\/www.sts-education.com\/fi\/vaihto-oppilas\/vaihto-oppilaamme\/videot\/\"><strong>Videot<\/strong><\/a><\/p>\n<\/div><\/div><\/div>\n","protected":false},"excerpt":{"rendered":"","protected":false},"author":20,"featured_media":0,"parent":8537,"menu_order":0,"comment_status":"closed","ping_status":"closed","template":"templates\/template-default-with-breadcrumbs.php","meta":{"_acf_changed":false,"sts_page_background_color":"","footnotes":""},"wpw_page_folders":[93],"class_list":["post-10473","page","type-page","status-publish","hentry"],"acf":[],"yoast_head":"<!-- This site is optimized with the Yoast SEO Premium plugin v27.2 (Yoast SEO v27.3) - https:\/\/yoast.com\/product\/yoast-seo-premium-wordpress\/ -->\n<title>Vaihto-oppilaamme kertovat | STS<\/title>\n<meta name=\"description\" content=\"Lue ja katsele aiempien vaihto-oppilaidemme tarinoita saadaksesi todellisen k\u00e4sityksen siit\u00e4, millaista vuosi lukiovaihdossa on.\" \/>\n<meta name=\"robots\" content=\"index, follow, max-snippet:-1, max-image-preview:large, max-video-preview:-1\" \/>\n<link rel=\"canonical\" href=\"https:\/\/www.sts-education.com\/fi\/vaihto-oppilas\/vaihto-oppilaamme\/\" \/>\n<meta property=\"og:locale\" content=\"fi_FI\" \/>\n<meta property=\"og:type\" content=\"article\" \/>\n<meta property=\"og:title\" content=\"Vaihto Oppilaamme\" \/>\n<meta property=\"og:description\" content=\"Lue ja katsele aiempien vaihto-oppilaidemme tarinoita saadaksesi todellisen k\u00e4sityksen siit\u00e4, millaista vuosi lukiovaihdossa on.\" \/>\n<meta property=\"og:url\" content=\"https:\/\/www.sts-education.com\/fi\/vaihto-oppilas\/vaihto-oppilaamme\/\" \/>\n<meta property=\"og:site_name\" content=\"STS Education\" \/>\n<meta property=\"article:modified_time\" content=\"2026-04-14T09:48:42+00:00\" \/>\n<meta property=\"og:image\" content=\"https:\/\/cdn.sts-education.com\/11075_hero_lg_xl.jpg\" \/>\n<meta name=\"twitter:card\" content=\"summary_large_image\" \/>\n<meta name=\"twitter:label1\" content=\"Arvioitu lukuaika\" \/>\n\t<meta name=\"twitter:data1\" content=\"1 minuutti\" \/>\n<script type=\"application\/ld+json\" class=\"yoast-schema-graph\">{\"@context\":\"https:\\\/\\\/schema.org\",\"@graph\":[{\"@type\":\"WebPage\",\"@id\":\"https:\\\/\\\/www.sts-education.com\\\/fi\\\/vaihto-oppilas\\\/vaihto-oppilaamme\\\/\",\"url\":\"https:\\\/\\\/www.sts-education.com\\\/fi\\\/vaihto-oppilas\\\/vaihto-oppilaamme\\\/\",\"name\":\"Vaihto-oppilaamme kertovat | STS\",\"isPartOf\":{\"@id\":\"https:\\\/\\\/www.sts-education.com\\\/fi\\\/#website\"},\"primaryImageOfPage\":{\"@id\":\"https:\\\/\\\/www.sts-education.com\\\/fi\\\/vaihto-oppilas\\\/vaihto-oppilaamme\\\/#primaryimage\"},\"image\":{\"@id\":\"https:\\\/\\\/www.sts-education.com\\\/fi\\\/vaihto-oppilas\\\/vaihto-oppilaamme\\\/#primaryimage\"},\"thumbnailUrl\":\"https:\\\/\\\/cdn.sts-education.com\\\/11075_hero_lg_xl.jpg\",\"datePublished\":\"2025-12-16T10:37:52+00:00\",\"dateModified\":\"2026-04-14T09:48:42+00:00\",\"description\":\"Lue ja katsele aiempien vaihto-oppilaidemme tarinoita saadaksesi todellisen k\u00e4sityksen siit\u00e4, millaista vuosi lukiovaihdossa on.\",\"breadcrumb\":{\"@id\":\"https:\\\/\\\/www.sts-education.com\\\/fi\\\/vaihto-oppilas\\\/vaihto-oppilaamme\\\/#breadcrumb\"},\"inLanguage\":\"fi\",\"potentialAction\":[{\"@type\":\"ReadAction\",\"target\":[\"https:\\\/\\\/www.sts-education.com\\\/fi\\\/vaihto-oppilas\\\/vaihto-oppilaamme\\\/\"]}]},{\"@type\":\"ImageObject\",\"inLanguage\":\"fi\",\"@id\":\"https:\\\/\\\/www.sts-education.com\\\/fi\\\/vaihto-oppilas\\\/vaihto-oppilaamme\\\/#primaryimage\",\"url\":\"https:\\\/\\\/cdn.sts-education.com\\\/11075_hero_lg_xl.jpg\",\"contentUrl\":\"https:\\\/\\\/cdn.sts-education.com\\\/11075_hero_lg_xl.jpg\"},{\"@type\":\"BreadcrumbList\",\"@id\":\"https:\\\/\\\/www.sts-education.com\\\/fi\\\/vaihto-oppilas\\\/vaihto-oppilaamme\\\/#breadcrumb\",\"itemListElement\":[{\"@type\":\"ListItem\",\"position\":1,\"name\":\"Home\",\"item\":\"https:\\\/\\\/www.sts-education.com\\\/fi\\\/\"},{\"@type\":\"ListItem\",\"position\":2,\"name\":\"Vaihto-oppilas\",\"item\":\"https:\\\/\\\/www.sts-education.com\\\/fi\\\/vaihto-oppilas\\\/\"},{\"@type\":\"ListItem\",\"position\":3,\"name\":\"Vaihto Oppilaamme\"}]},{\"@type\":\"WebSite\",\"@id\":\"https:\\\/\\\/www.sts-education.com\\\/fi\\\/#website\",\"url\":\"https:\\\/\\\/www.sts-education.com\\\/fi\\\/\",\"name\":\"STS Education\",\"description\":\"\",\"potentialAction\":[{\"@type\":\"SearchAction\",\"target\":{\"@type\":\"EntryPoint\",\"urlTemplate\":\"https:\\\/\\\/www.sts-education.com\\\/fi\\\/?s={search_term_string}\"},\"query-input\":{\"@type\":\"PropertyValueSpecification\",\"valueRequired\":true,\"valueName\":\"search_term_string\"}}],\"inLanguage\":\"fi\"}]}<\/script>\n<!-- \/ Yoast SEO Premium plugin. -->","yoast_head_json":{"title":"Vaihto-oppilaamme kertovat | STS","description":"Lue ja katsele aiempien vaihto-oppilaidemme tarinoita saadaksesi todellisen k\u00e4sityksen siit\u00e4, millaista vuosi lukiovaihdossa on.","robots":{"index":"index","follow":"follow","max-snippet":"max-snippet:-1","max-image-preview":"max-image-preview:large","max-video-preview":"max-video-preview:-1"},"canonical":"https:\/\/www.sts-education.com\/fi\/vaihto-oppilas\/vaihto-oppilaamme\/","og_locale":"fi_FI","og_type":"article","og_title":"Vaihto Oppilaamme","og_description":"Lue ja katsele aiempien vaihto-oppilaidemme tarinoita saadaksesi todellisen k\u00e4sityksen siit\u00e4, millaista vuosi lukiovaihdossa on.","og_url":"https:\/\/www.sts-education.com\/fi\/vaihto-oppilas\/vaihto-oppilaamme\/","og_site_name":"STS Education","article_modified_time":"2026-04-14T09:48:42+00:00","og_image":[{"url":"https:\/\/cdn.sts-education.com\/11075_hero_lg_xl.jpg","type":"","width":"","height":""}],"twitter_card":"summary_large_image","twitter_misc":{"Arvioitu lukuaika":"1 minuutti"},"schema":{"@context":"https:\/\/schema.org","@graph":[{"@type":"WebPage","@id":"https:\/\/www.sts-education.com\/fi\/vaihto-oppilas\/vaihto-oppilaamme\/","url":"https:\/\/www.sts-education.com\/fi\/vaihto-oppilas\/vaihto-oppilaamme\/","name":"Vaihto-oppilaamme kertovat | STS","isPartOf":{"@id":"https:\/\/www.sts-education.com\/fi\/#website"},"primaryImageOfPage":{"@id":"https:\/\/www.sts-education.com\/fi\/vaihto-oppilas\/vaihto-oppilaamme\/#primaryimage"},"image":{"@id":"https:\/\/www.sts-education.com\/fi\/vaihto-oppilas\/vaihto-oppilaamme\/#primaryimage"},"thumbnailUrl":"https:\/\/cdn.sts-education.com\/11075_hero_lg_xl.jpg","datePublished":"2025-12-16T10:37:52+00:00","dateModified":"2026-04-14T09:48:42+00:00","description":"Lue ja katsele aiempien vaihto-oppilaidemme tarinoita saadaksesi todellisen k\u00e4sityksen siit\u00e4, millaista vuosi lukiovaihdossa on.","breadcrumb":{"@id":"https:\/\/www.sts-education.com\/fi\/vaihto-oppilas\/vaihto-oppilaamme\/#breadcrumb"},"inLanguage":"fi","potentialAction":[{"@type":"ReadAction","target":["https:\/\/www.sts-education.com\/fi\/vaihto-oppilas\/vaihto-oppilaamme\/"]}]},{"@type":"ImageObject","inLanguage":"fi","@id":"https:\/\/www.sts-education.com\/fi\/vaihto-oppilas\/vaihto-oppilaamme\/#primaryimage","url":"https:\/\/cdn.sts-education.com\/11075_hero_lg_xl.jpg","contentUrl":"https:\/\/cdn.sts-education.com\/11075_hero_lg_xl.jpg"},{"@type":"BreadcrumbList","@id":"https:\/\/www.sts-education.com\/fi\/vaihto-oppilas\/vaihto-oppilaamme\/#breadcrumb","itemListElement":[{"@type":"ListItem","position":1,"name":"Home","item":"https:\/\/www.sts-education.com\/fi\/"},{"@type":"ListItem","position":2,"name":"Vaihto-oppilas","item":"https:\/\/www.sts-education.com\/fi\/vaihto-oppilas\/"},{"@type":"ListItem","position":3,"name":"Vaihto Oppilaamme"}]},{"@type":"WebSite","@id":"https:\/\/www.sts-education.com\/fi\/#website","url":"https:\/\/www.sts-education.com\/fi\/","name":"STS Education","description":"","potentialAction":[{"@type":"SearchAction","target":{"@type":"EntryPoint","urlTemplate":"https:\/\/www.sts-education.com\/fi\/?s={search_term_string}"},"query-input":{"@type":"PropertyValueSpecification","valueRequired":true,"valueName":"search_term_string"}}],"inLanguage":"fi"}]}},"_links":{"self":[{"href":"https:\/\/www.sts-education.com\/fi\/wp-json\/wp\/v2\/pages\/10473","targetHints":{"allow":["GET"]}}],"collection":[{"href":"https:\/\/www.sts-education.com\/fi\/wp-json\/wp\/v2\/pages"}],"about":[{"href":"https:\/\/www.sts-education.com\/fi\/wp-json\/wp\/v2\/types\/page"}],"author":[{"embeddable":true,"href":"https:\/\/www.sts-education.com\/fi\/wp-json\/wp\/v2\/users\/20"}],"replies":[{"embeddable":true,"href":"https:\/\/www.sts-education.com\/fi\/wp-json\/wp\/v2\/comments?post=10473"}],"version-history":[{"count":5,"href":"https:\/\/www.sts-education.com\/fi\/wp-json\/wp\/v2\/pages\/10473\/revisions"}],"predecessor-version":[{"id":33112,"href":"https:\/\/www.sts-education.com\/fi\/wp-json\/wp\/v2\/pages\/10473\/revisions\/33112"}],"up":[{"embeddable":true,"href":"https:\/\/www.sts-education.com\/fi\/wp-json\/wp\/v2\/pages\/8537"}],"wp:attachment":[{"href":"https:\/\/www.sts-education.com\/fi\/wp-json\/wp\/v2\/media?parent=10473"}],"wp:term":[{"taxonomy":"wpw_page_folders","embeddable":true,"href":"https:\/\/www.sts-education.com\/fi\/wp-json\/wp\/v2\/wpw_page_folders?post=10473"}],"curies":[{"name":"wp","href":"https:\/\/api.w.org\/{rel}","templated":true}]}}