{"id":10477,"date":"2019-03-12T10:29:24","date_gmt":"2019-03-12T10:29:24","guid":{"rendered":"https:\/\/preprod.sts-education.com\/isantaperheeksi\/miksi-ryhtya-isantaperheeksi\/10-askelta-isantaperheeksi\/"},"modified":"2026-04-14T09:50:19","modified_gmt":"2026-04-14T09:50:19","slug":"10-askelta-isantaperheeksi","status":"publish","type":"page","link":"https:\/\/www.sts-education.com\/fi\/isantaperheeksi\/miksi-ryhtya-isantaperheeksi\/10-askelta-isantaperheeksi\/","title":{"rendered":"10 Askelta Isantaperheeksi"},"content":{"rendered":"\n<section class=\"wp-block-sts-hero sts-block-hero is-variant-full-background has-text-light has-background-media\" style=\"--sts-hero-padding-mobile:0px;--sts-hero-padding-desktop:0px;--sts-hero-text-color:var(--wp--preset--color--base-10, #fff);\" data-variant=\"full-background\"><div class=\"sts-block-hero__background\"><picture class=\"sts-responsive-image has-fit-cover is-skeleton\"><img src=\"https:\/\/cdn.sts-education.com\/12665_hero_lg_xl.jpg\" alt=\"Miten tulla is\u00e4nt\u00e4perheeksi\" loading=\"lazy\" decoding=\"async\" fetchpriority=\"low\" sizes=\"100vw\" \/><\/picture><span class=\"sts-block-hero__overlay\" aria-hidden=\"true\"><\/span><\/div><div class=\"sts-block-hero__inner\"><div class=\"sts-block-hero__content has-align-center\"><div class=\"sts-block-hero__content-inner\"><h1 class=\"sts-block-hero__heading\">Miten tulla is\u00e4nt\u00e4perheeksi<\/h1><\/div><\/div><\/div><\/section>\n\n\n\n<div class=\"wp-block-sts-text sts-text-editor has-max-width-md\"><div class=\"sts-text-editor__content\"><div class=\"sts-text-editor__content-inner\">\n<ol><li><strong>Ilmoita meille kiinnostuksestasi<\/strong><br>T\u00e4yt\u00e4 yhteydenottolomake \u2013 se ei sido sinua mihink\u00e4\u00e4n!<\/li>\n<li><strong>Olemme yhteydess\u00e4<\/strong><br>Olemme sinuun yhteydess\u00e4, kerromme tarkemmin is\u00e4nt\u00e4perheen\u00e4 toimimisesta, vastaamme kysymyksiisi ja haastattelemme sinua lyhyesti. Sen j\u00e4lkeen esittelemme muutamia vaihto-oppilaitamme kiinnostuksenkohteidesi ja mieltymystesi pohjalta. Saat heist\u00e4 tietoa ja voit valita, kenet haluaisit ottaa vastaan.<\/li>\n<li><strong>Kotik\u00e4ynti<\/strong><br>Valittuasi vaihto-oppilaan kotiseutusi aluevalvoja tulee k\u00e4ym\u00e4\u00e4n teill\u00e4 ja kertoo tarkemmin is\u00e4nt\u00e4perheen\u00e4 toimimisesta. Samalla on tietenkin my\u00f6s tilaisuus kysell\u00e4 vaihto-oppilaista ja siit\u00e4, millaista on olla is\u00e4nt\u00e4perheen\u00e4. Aluevalvoja on sek\u00e4 perheen ett\u00e4 vaihto-oppilaan tukena koko vaihto-ohjelman ajan.<\/li>\n<li><strong>Tutustu omaan vaihto-oppilaaseesi<\/strong><br>Kun olet valinnut vaihto-oppilaan, jonka haluat ottaa vastaan, t\u00e4yt\u00e4t is\u00e4nt\u00e4perhehakemuksen ja saat yhteyden nuoreen. Hakemuksen tultua hyv\u00e4ksytyksi saatte toistenne yhteystiedot ja voitte aloittaa toisiinne tutustumisen ennen vaihto-ohjelmaa.<\/li>\n<li><strong>Seikkailu alkaa<\/strong><br>Nyt voit aloittaa valmistautumisen ja iloita edess\u00e4 olevista j\u00e4nnitt\u00e4vist\u00e4 ajoista. STS hoitaa kaikki nuoren matkaan ja vaihto-ohjelmaan yleisesti liittyv\u00e4t j\u00e4rjestelyt, kuten lentoliput, koulupaikan ja vakuutuksen.<\/li><\/ol>\n\n<p>Onko teill\u00e4 nuori, joka haluaisi l\u00e4hte\u00e4 vuodeksi vaihto-oppilaaksi? Hy\u00f6dynt\u00e4m\u00e4ll\u00e4 <a href=\"https:\/\/www.sts-education.com\/fi\/miksi-ryhtya-isantaperheeksi\/host-and-go-alennus\/\">Host &amp; Go<\/a> -tarjouksemme saatte jopa SEK 15 000 alennusta lapsenne vaihto-oppilasvuodesta, jos toimitte samaan aikaan toisen vaihto-oppilaan is\u00e4nt\u00e4perheen\u00e4!<\/p>\n<\/div><\/div><\/div>\n","protected":false},"excerpt":{"rendered":"","protected":false},"author":20,"featured_media":0,"parent":27797,"menu_order":0,"comment_status":"closed","ping_status":"closed","template":"","meta":{"_acf_changed":false,"sts_page_background_color":"","footnotes":""},"wpw_page_folders":[89],"class_list":["post-10477","page","type-page","status-publish","hentry"],"acf":[],"yoast_head":"<!-- This site is optimized with the Yoast SEO Premium plugin v27.2 (Yoast SEO v27.3) - https:\/\/yoast.com\/product\/yoast-seo-premium-wordpress\/ -->\n<title>Askel askeleelta - Kuinka tulla is\u00e4nt\u00e4perheeksi<\/title>\n<meta name=\"description\" content=\"Kuinka tulla is\u00e4nt\u00e4perheeksi? T\u00e4yt\u00e4 hakemuslomakkeemme, niin otamme sinuun yhteytt\u00e4 ja kerromme lis\u00e4\u00e4. Ilmoittautuminen ei ole sitova!\" \/>\n<meta name=\"robots\" content=\"index, follow, max-snippet:-1, max-image-preview:large, max-video-preview:-1\" \/>\n<link rel=\"canonical\" href=\"https:\/\/www.sts-education.com\/fi\/isantaperheeksi\/miksi-ryhtya-isantaperheeksi\/10-askelta-isantaperheeksi\/\" \/>\n<meta property=\"og:locale\" content=\"fi_FI\" \/>\n<meta property=\"og:type\" content=\"article\" \/>\n<meta property=\"og:title\" content=\"10 Askelta Isantaperheeksi\" \/>\n<meta property=\"og:description\" content=\"Kuinka tulla is\u00e4nt\u00e4perheeksi? T\u00e4yt\u00e4 hakemuslomakkeemme, niin otamme sinuun yhteytt\u00e4 ja kerromme lis\u00e4\u00e4. Ilmoittautuminen ei ole sitova!\" \/>\n<meta property=\"og:url\" content=\"https:\/\/www.sts-education.com\/fi\/isantaperheeksi\/miksi-ryhtya-isantaperheeksi\/10-askelta-isantaperheeksi\/\" \/>\n<meta property=\"og:site_name\" content=\"STS Education\" \/>\n<meta property=\"article:modified_time\" content=\"2026-04-14T09:50:19+00:00\" \/>\n<meta property=\"og:image\" content=\"https:\/\/cdn.sts-education.com\/12665_hero_lg_xl.jpg\" \/>\n<meta name=\"twitter:card\" content=\"summary_large_image\" \/>\n<meta name=\"twitter:label1\" content=\"Arvioitu lukuaika\" \/>\n\t<meta name=\"twitter:data1\" content=\"1 minuutti\" \/>\n<script type=\"application\/ld+json\" class=\"yoast-schema-graph\">{\"@context\":\"https:\\\/\\\/schema.org\",\"@graph\":[{\"@type\":\"WebPage\",\"@id\":\"https:\\\/\\\/www.sts-education.com\\\/fi\\\/isantaperheeksi\\\/miksi-ryhtya-isantaperheeksi\\\/10-askelta-isantaperheeksi\\\/\",\"url\":\"https:\\\/\\\/www.sts-education.com\\\/fi\\\/isantaperheeksi\\\/miksi-ryhtya-isantaperheeksi\\\/10-askelta-isantaperheeksi\\\/\",\"name\":\"Askel askeleelta - Kuinka tulla is\u00e4nt\u00e4perheeksi\",\"isPartOf\":{\"@id\":\"https:\\\/\\\/www.sts-education.com\\\/fi\\\/#website\"},\"primaryImageOfPage\":{\"@id\":\"https:\\\/\\\/www.sts-education.com\\\/fi\\\/isantaperheeksi\\\/miksi-ryhtya-isantaperheeksi\\\/10-askelta-isantaperheeksi\\\/#primaryimage\"},\"image\":{\"@id\":\"https:\\\/\\\/www.sts-education.com\\\/fi\\\/isantaperheeksi\\\/miksi-ryhtya-isantaperheeksi\\\/10-askelta-isantaperheeksi\\\/#primaryimage\"},\"thumbnailUrl\":\"https:\\\/\\\/cdn.sts-education.com\\\/12665_hero_lg_xl.jpg\",\"datePublished\":\"2019-03-12T10:29:24+00:00\",\"dateModified\":\"2026-04-14T09:50:19+00:00\",\"description\":\"Kuinka tulla is\u00e4nt\u00e4perheeksi? T\u00e4yt\u00e4 hakemuslomakkeemme, niin otamme sinuun yhteytt\u00e4 ja kerromme lis\u00e4\u00e4. Ilmoittautuminen ei ole sitova!\",\"breadcrumb\":{\"@id\":\"https:\\\/\\\/www.sts-education.com\\\/fi\\\/isantaperheeksi\\\/miksi-ryhtya-isantaperheeksi\\\/10-askelta-isantaperheeksi\\\/#breadcrumb\"},\"inLanguage\":\"fi\",\"potentialAction\":[{\"@type\":\"ReadAction\",\"target\":[\"https:\\\/\\\/www.sts-education.com\\\/fi\\\/isantaperheeksi\\\/miksi-ryhtya-isantaperheeksi\\\/10-askelta-isantaperheeksi\\\/\"]}]},{\"@type\":\"ImageObject\",\"inLanguage\":\"fi\",\"@id\":\"https:\\\/\\\/www.sts-education.com\\\/fi\\\/isantaperheeksi\\\/miksi-ryhtya-isantaperheeksi\\\/10-askelta-isantaperheeksi\\\/#primaryimage\",\"url\":\"https:\\\/\\\/cdn.sts-education.com\\\/12665_hero_lg_xl.jpg\",\"contentUrl\":\"https:\\\/\\\/cdn.sts-education.com\\\/12665_hero_lg_xl.jpg\"},{\"@type\":\"BreadcrumbList\",\"@id\":\"https:\\\/\\\/www.sts-education.com\\\/fi\\\/isantaperheeksi\\\/miksi-ryhtya-isantaperheeksi\\\/10-askelta-isantaperheeksi\\\/#breadcrumb\",\"itemListElement\":[{\"@type\":\"ListItem\",\"position\":1,\"name\":\"Home\",\"item\":\"https:\\\/\\\/www.sts-education.com\\\/fi\\\/\"},{\"@type\":\"ListItem\",\"position\":2,\"name\":\"Is\u00e4nt\u00e4perheeksi\",\"item\":\"https:\\\/\\\/www.sts-education.com\\\/fi\\\/isantaperheeksi\\\/\"},{\"@type\":\"ListItem\",\"position\":3,\"name\":\"Miksi ryhty\u00e4 is\u00e4nt\u00e4perheeksi?\",\"item\":\"https:\\\/\\\/www.sts-education.com\\\/fi\\\/isantaperheeksi\\\/miksi-ryhtya-isantaperheeksi\\\/\"},{\"@type\":\"ListItem\",\"position\":4,\"name\":\"10 Askelta Isantaperheeksi\"}]},{\"@type\":\"WebSite\",\"@id\":\"https:\\\/\\\/www.sts-education.com\\\/fi\\\/#website\",\"url\":\"https:\\\/\\\/www.sts-education.com\\\/fi\\\/\",\"name\":\"STS Education\",\"description\":\"\",\"potentialAction\":[{\"@type\":\"SearchAction\",\"target\":{\"@type\":\"EntryPoint\",\"urlTemplate\":\"https:\\\/\\\/www.sts-education.com\\\/fi\\\/?s={search_term_string}\"},\"query-input\":{\"@type\":\"PropertyValueSpecification\",\"valueRequired\":true,\"valueName\":\"search_term_string\"}}],\"inLanguage\":\"fi\"}]}<\/script>\n<!-- \/ Yoast SEO Premium plugin. -->","yoast_head_json":{"title":"Askel askeleelta - Kuinka tulla is\u00e4nt\u00e4perheeksi","description":"Kuinka tulla is\u00e4nt\u00e4perheeksi? T\u00e4yt\u00e4 hakemuslomakkeemme, niin otamme sinuun yhteytt\u00e4 ja kerromme lis\u00e4\u00e4. Ilmoittautuminen ei ole sitova!","robots":{"index":"index","follow":"follow","max-snippet":"max-snippet:-1","max-image-preview":"max-image-preview:large","max-video-preview":"max-video-preview:-1"},"canonical":"https:\/\/www.sts-education.com\/fi\/isantaperheeksi\/miksi-ryhtya-isantaperheeksi\/10-askelta-isantaperheeksi\/","og_locale":"fi_FI","og_type":"article","og_title":"10 Askelta Isantaperheeksi","og_description":"Kuinka tulla is\u00e4nt\u00e4perheeksi? T\u00e4yt\u00e4 hakemuslomakkeemme, niin otamme sinuun yhteytt\u00e4 ja kerromme lis\u00e4\u00e4. Ilmoittautuminen ei ole sitova!","og_url":"https:\/\/www.sts-education.com\/fi\/isantaperheeksi\/miksi-ryhtya-isantaperheeksi\/10-askelta-isantaperheeksi\/","og_site_name":"STS Education","article_modified_time":"2026-04-14T09:50:19+00:00","og_image":[{"url":"https:\/\/cdn.sts-education.com\/12665_hero_lg_xl.jpg","type":"","width":"","height":""}],"twitter_card":"summary_large_image","twitter_misc":{"Arvioitu lukuaika":"1 minuutti"},"schema":{"@context":"https:\/\/schema.org","@graph":[{"@type":"WebPage","@id":"https:\/\/www.sts-education.com\/fi\/isantaperheeksi\/miksi-ryhtya-isantaperheeksi\/10-askelta-isantaperheeksi\/","url":"https:\/\/www.sts-education.com\/fi\/isantaperheeksi\/miksi-ryhtya-isantaperheeksi\/10-askelta-isantaperheeksi\/","name":"Askel askeleelta - Kuinka tulla is\u00e4nt\u00e4perheeksi","isPartOf":{"@id":"https:\/\/www.sts-education.com\/fi\/#website"},"primaryImageOfPage":{"@id":"https:\/\/www.sts-education.com\/fi\/isantaperheeksi\/miksi-ryhtya-isantaperheeksi\/10-askelta-isantaperheeksi\/#primaryimage"},"image":{"@id":"https:\/\/www.sts-education.com\/fi\/isantaperheeksi\/miksi-ryhtya-isantaperheeksi\/10-askelta-isantaperheeksi\/#primaryimage"},"thumbnailUrl":"https:\/\/cdn.sts-education.com\/12665_hero_lg_xl.jpg","datePublished":"2019-03-12T10:29:24+00:00","dateModified":"2026-04-14T09:50:19+00:00","description":"Kuinka tulla is\u00e4nt\u00e4perheeksi? T\u00e4yt\u00e4 hakemuslomakkeemme, niin otamme sinuun yhteytt\u00e4 ja kerromme lis\u00e4\u00e4. Ilmoittautuminen ei ole sitova!","breadcrumb":{"@id":"https:\/\/www.sts-education.com\/fi\/isantaperheeksi\/miksi-ryhtya-isantaperheeksi\/10-askelta-isantaperheeksi\/#breadcrumb"},"inLanguage":"fi","potentialAction":[{"@type":"ReadAction","target":["https:\/\/www.sts-education.com\/fi\/isantaperheeksi\/miksi-ryhtya-isantaperheeksi\/10-askelta-isantaperheeksi\/"]}]},{"@type":"ImageObject","inLanguage":"fi","@id":"https:\/\/www.sts-education.com\/fi\/isantaperheeksi\/miksi-ryhtya-isantaperheeksi\/10-askelta-isantaperheeksi\/#primaryimage","url":"https:\/\/cdn.sts-education.com\/12665_hero_lg_xl.jpg","contentUrl":"https:\/\/cdn.sts-education.com\/12665_hero_lg_xl.jpg"},{"@type":"BreadcrumbList","@id":"https:\/\/www.sts-education.com\/fi\/isantaperheeksi\/miksi-ryhtya-isantaperheeksi\/10-askelta-isantaperheeksi\/#breadcrumb","itemListElement":[{"@type":"ListItem","position":1,"name":"Home","item":"https:\/\/www.sts-education.com\/fi\/"},{"@type":"ListItem","position":2,"name":"Is\u00e4nt\u00e4perheeksi","item":"https:\/\/www.sts-education.com\/fi\/isantaperheeksi\/"},{"@type":"ListItem","position":3,"name":"Miksi ryhty\u00e4 is\u00e4nt\u00e4perheeksi?","item":"https:\/\/www.sts-education.com\/fi\/isantaperheeksi\/miksi-ryhtya-isantaperheeksi\/"},{"@type":"ListItem","position":4,"name":"10 Askelta Isantaperheeksi"}]},{"@type":"WebSite","@id":"https:\/\/www.sts-education.com\/fi\/#website","url":"https:\/\/www.sts-education.com\/fi\/","name":"STS Education","description":"","potentialAction":[{"@type":"SearchAction","target":{"@type":"EntryPoint","urlTemplate":"https:\/\/www.sts-education.com\/fi\/?s={search_term_string}"},"query-input":{"@type":"PropertyValueSpecification","valueRequired":true,"valueName":"search_term_string"}}],"inLanguage":"fi"}]}},"_links":{"self":[{"href":"https:\/\/www.sts-education.com\/fi\/wp-json\/wp\/v2\/pages\/10477","targetHints":{"allow":["GET"]}}],"collection":[{"href":"https:\/\/www.sts-education.com\/fi\/wp-json\/wp\/v2\/pages"}],"about":[{"href":"https:\/\/www.sts-education.com\/fi\/wp-json\/wp\/v2\/types\/page"}],"author":[{"embeddable":true,"href":"https:\/\/www.sts-education.com\/fi\/wp-json\/wp\/v2\/users\/20"}],"replies":[{"embeddable":true,"href":"https:\/\/www.sts-education.com\/fi\/wp-json\/wp\/v2\/comments?post=10477"}],"version-history":[{"count":4,"href":"https:\/\/www.sts-education.com\/fi\/wp-json\/wp\/v2\/pages\/10477\/revisions"}],"predecessor-version":[{"id":33168,"href":"https:\/\/www.sts-education.com\/fi\/wp-json\/wp\/v2\/pages\/10477\/revisions\/33168"}],"up":[{"embeddable":true,"href":"https:\/\/www.sts-education.com\/fi\/wp-json\/wp\/v2\/pages\/27797"}],"wp:attachment":[{"href":"https:\/\/www.sts-education.com\/fi\/wp-json\/wp\/v2\/media?parent=10477"}],"wp:term":[{"taxonomy":"wpw_page_folders","embeddable":true,"href":"https:\/\/www.sts-education.com\/fi\/wp-json\/wp\/v2\/wpw_page_folders?post=10477"}],"curies":[{"name":"wp","href":"https:\/\/api.w.org\/{rel}","templated":true}]}}