{"id":10478,"date":"2019-03-12T10:34:46","date_gmt":"2019-03-12T10:34:46","guid":{"rendered":"https:\/\/preprod.sts-education.com\/isantaperheeksi\/miksi-ryhtya-isantaperheeksi\/host-and-go-alennus\/"},"modified":"2026-04-01T02:42:34","modified_gmt":"2026-04-01T02:42:34","slug":"host-and-go-alennus","status":"publish","type":"page","link":"https:\/\/www.sts-education.com\/fi\/isantaperheeksi\/miksi-ryhtya-isantaperheeksi\/host-and-go-alennus\/","title":{"rendered":"Host And Go Alennus"},"content":{"rendered":"\n<section class=\"wp-block-sts-hero sts-block-hero is-variant-full-background has-text-light has-background-media\" style=\"--sts-hero-padding-mobile:0px;--sts-hero-padding-desktop:0px;--sts-hero-text-color:var(--wp--preset--color--base-10, #fff);\" data-variant=\"full-background\"><div class=\"sts-block-hero__background\"><picture class=\"sts-responsive-image has-fit-cover is-skeleton\"><img src=\"https:\/\/cdn.sts-education.com\/12231_hero_lg_xl.jpg\" alt=\"Host &amp; Go -tarjous is\u00e4nt\u00e4perheille\" loading=\"lazy\" decoding=\"async\" fetchpriority=\"low\" sizes=\"100vw\" \/><\/picture><span class=\"sts-block-hero__overlay\" aria-hidden=\"true\"><\/span><\/div><div class=\"sts-block-hero__inner\"><div class=\"sts-block-hero__content has-align-center\"><div class=\"sts-block-hero__content-inner\"><h1 class=\"sts-block-hero__heading\">Host &amp; Go -tarjous is\u00e4nt\u00e4perheille<\/h1><\/div><\/div><\/div><\/section>\n\n\n\n<div class=\"wp-block-sts-text sts-text-editor has-max-width-md\"><div class=\"sts-text-editor__content\"><div class=\"sts-text-editor__content-inner\">\n<p>Haluaako lapsenne osallistua STS:n vaihto-ohjelmaan ulkomailla, ja voisitte kuvitella avaavanne samaan aikaan kotinne ovet maailmalle? Loistavaa! STS tarjoaa nyt jopa <strong>\u20ac500<\/strong> Host &amp; Go -alennusta perheille, jotka toimivat is\u00e4nt\u00e4perheen\u00e4 10 kuukautta, ja <strong>\u20ac300<\/strong> perheille, jotka ottavat vaihto-oppilaan luokseen 5 kuukaudeksi oman nuorensa l\u00e4htiess\u00e4 kanssamme vaihtariseikkailuun ulkomaille. Lis\u00e4ksi saat kuukausittain korvauksen kiitokseksi vieraanvaraisuudestasi, kun opiskelija asuu luonasi.<\/p>\n\n<p>Is\u00e4nt\u00e4perheen\u00e4 teill\u00e4 on iso rooli siin\u00e4, millaisen kokemuksen vaihto-oppilas Suomesta saa, ja lis\u00e4ksi p\u00e4\u00e4sette seuraamaan h\u00e4nen kasvuaan ja kielen oppimistaan. Ryhtym\u00e4ll\u00e4 is\u00e4nt\u00e4perheeksi lapsenne vaihtovuoden aikana koko perheenne p\u00e4\u00e4see kokemaan kulttuurivaihdon. Se on korvaamattoman arvokas el\u00e4mys, joka tuo mukanaan uusia n\u00e4k\u00f6kulmia ja elinik\u00e4isi\u00e4 yst\u00e4vi\u00e4.<\/p>\n\n<h2>Host &amp; Go -alennuksen voi hy\u00f6dynt\u00e4\u00e4 etu- tai j\u00e4lkik\u00e4teen<\/h2>\n\n<p>Haluaisitteko ryhty\u00e4 is\u00e4nt\u00e4perheeksi ennen oman lapsenne l\u00e4ht\u00f6\u00e4 vuodeksi ulkomaille, jotta saisitte tilaisuuden valmistautua ja ymm\u00e4rt\u00e4\u00e4 paremmin, mit\u00e4 siihen liittyy? Sekin onnistuu! Host &amp; Go -alennuksen voi hy\u00f6dynt\u00e4\u00e4 kolmen vuoden kuluessa siit\u00e4, kun olette toimineet is\u00e4nt\u00e4perheen\u00e4 v\u00e4hint\u00e4\u00e4n viisi kuukautta. Jos haluaisitte ryhty\u00e4 is\u00e4nt\u00e4perheeksi lapsenne vaihto-oppilasvuoden j\u00e4lkeen, voitte hy\u00f6dynt\u00e4\u00e4 Host &amp; Go -alennuksen kolmen vuoden kuluessa lapsenne kotiinpaluusta.<\/p>\n\n<p>Vaihto-oppilas vastaa itse esimerkiksi bussilippujen, hygieniatuotteiden, vaatteiden ja harrastustensa kustannuksista. Is\u00e4nt\u00e4perheen vastuulla on vain ruoan ja asunnon tarjoaminen.<\/p>\n\n<p>Ota yhteytt\u00e4, jos haluat lis\u00e4tietoja Host &amp; Go -alennuksesta. Tavoitat meid\u00e4t numerosta +3589 6850 8300, osoitteesta <a href=\"mailto:host.nordics@sts-education.com\">host.nordics@sts-education.com<\/a> tai t\u00e4ytt\u00e4m\u00e4ll\u00e4 oheisen lomakkeen.<\/p>\n<\/div><\/div><\/div>\n\n","protected":false},"excerpt":{"rendered":"","protected":false},"author":20,"featured_media":0,"parent":27797,"menu_order":0,"comment_status":"closed","ping_status":"closed","template":"","meta":{"_acf_changed":false,"sts_page_background_color":"","footnotes":""},"wpw_page_folders":[89],"class_list":["post-10478","page","type-page","status-publish","hentry"],"acf":[],"yoast_head":"<!-- This site is optimized with the Yoast SEO Premium plugin v27.2 (Yoast SEO v27.3) - https:\/\/yoast.com\/product\/yoast-seo-premium-wordpress\/ -->\n<title>Host and Go \u2013 saat alennuksen vaihtovuodestasi<\/title>\n<meta name=\"description\" content=\"Saat Host &amp; Go -saat jopa 1500 euron alennuksen, jos tulet is\u00e4nt\u00e4perheeksi vaihto-oppilaalle samalla, kun oma lapsesi l\u00e4htee vaihtoon.\" \/>\n<meta name=\"robots\" content=\"index, follow, max-snippet:-1, max-image-preview:large, max-video-preview:-1\" \/>\n<link rel=\"canonical\" href=\"https:\/\/www.sts-education.com\/fi\/isantaperheeksi\/miksi-ryhtya-isantaperheeksi\/host-and-go-alennus\/\" \/>\n<meta property=\"og:locale\" content=\"fi_FI\" \/>\n<meta property=\"og:type\" content=\"article\" \/>\n<meta property=\"og:title\" content=\"Host And Go Alennus\" \/>\n<meta property=\"og:description\" content=\"Saat Host &amp; Go -saat jopa 1500 euron alennuksen, jos tulet is\u00e4nt\u00e4perheeksi vaihto-oppilaalle samalla, kun oma lapsesi l\u00e4htee vaihtoon.\" \/>\n<meta property=\"og:url\" content=\"https:\/\/www.sts-education.com\/fi\/isantaperheeksi\/miksi-ryhtya-isantaperheeksi\/host-and-go-alennus\/\" \/>\n<meta property=\"og:site_name\" content=\"STS Education\" \/>\n<meta property=\"article:modified_time\" content=\"2026-04-01T02:42:34+00:00\" \/>\n<meta property=\"og:image\" content=\"https:\/\/cdn.sts-education.com\/12231_hero_lg_xl.jpg\" \/>\n<meta name=\"twitter:card\" content=\"summary_large_image\" \/>\n<meta name=\"twitter:label1\" content=\"Arvioitu lukuaika\" \/>\n\t<meta name=\"twitter:data1\" content=\"1 minuutti\" \/>\n<script type=\"application\/ld+json\" class=\"yoast-schema-graph\">{\"@context\":\"https:\\\/\\\/schema.org\",\"@graph\":[{\"@type\":\"WebPage\",\"@id\":\"https:\\\/\\\/www.sts-education.com\\\/fi\\\/isantaperheeksi\\\/miksi-ryhtya-isantaperheeksi\\\/host-and-go-alennus\\\/\",\"url\":\"https:\\\/\\\/www.sts-education.com\\\/fi\\\/isantaperheeksi\\\/miksi-ryhtya-isantaperheeksi\\\/host-and-go-alennus\\\/\",\"name\":\"Host and Go \u2013 saat alennuksen vaihtovuodestasi\",\"isPartOf\":{\"@id\":\"https:\\\/\\\/www.sts-education.com\\\/fi\\\/#website\"},\"primaryImageOfPage\":{\"@id\":\"https:\\\/\\\/www.sts-education.com\\\/fi\\\/isantaperheeksi\\\/miksi-ryhtya-isantaperheeksi\\\/host-and-go-alennus\\\/#primaryimage\"},\"image\":{\"@id\":\"https:\\\/\\\/www.sts-education.com\\\/fi\\\/isantaperheeksi\\\/miksi-ryhtya-isantaperheeksi\\\/host-and-go-alennus\\\/#primaryimage\"},\"thumbnailUrl\":\"https:\\\/\\\/cdn.sts-education.com\\\/12231_hero_lg_xl.jpg\",\"datePublished\":\"2019-03-12T10:34:46+00:00\",\"dateModified\":\"2026-04-01T02:42:34+00:00\",\"description\":\"Saat Host & Go -saat jopa 1500 euron alennuksen, jos tulet is\u00e4nt\u00e4perheeksi vaihto-oppilaalle samalla, kun oma lapsesi l\u00e4htee vaihtoon.\",\"breadcrumb\":{\"@id\":\"https:\\\/\\\/www.sts-education.com\\\/fi\\\/isantaperheeksi\\\/miksi-ryhtya-isantaperheeksi\\\/host-and-go-alennus\\\/#breadcrumb\"},\"inLanguage\":\"fi\",\"potentialAction\":[{\"@type\":\"ReadAction\",\"target\":[\"https:\\\/\\\/www.sts-education.com\\\/fi\\\/isantaperheeksi\\\/miksi-ryhtya-isantaperheeksi\\\/host-and-go-alennus\\\/\"]}]},{\"@type\":\"ImageObject\",\"inLanguage\":\"fi\",\"@id\":\"https:\\\/\\\/www.sts-education.com\\\/fi\\\/isantaperheeksi\\\/miksi-ryhtya-isantaperheeksi\\\/host-and-go-alennus\\\/#primaryimage\",\"url\":\"https:\\\/\\\/cdn.sts-education.com\\\/12231_hero_lg_xl.jpg\",\"contentUrl\":\"https:\\\/\\\/cdn.sts-education.com\\\/12231_hero_lg_xl.jpg\"},{\"@type\":\"BreadcrumbList\",\"@id\":\"https:\\\/\\\/www.sts-education.com\\\/fi\\\/isantaperheeksi\\\/miksi-ryhtya-isantaperheeksi\\\/host-and-go-alennus\\\/#breadcrumb\",\"itemListElement\":[{\"@type\":\"ListItem\",\"position\":1,\"name\":\"Home\",\"item\":\"https:\\\/\\\/www.sts-education.com\\\/fi\\\/\"},{\"@type\":\"ListItem\",\"position\":2,\"name\":\"Is\u00e4nt\u00e4perheeksi\",\"item\":\"https:\\\/\\\/www.sts-education.com\\\/fi\\\/isantaperheeksi\\\/\"},{\"@type\":\"ListItem\",\"position\":3,\"name\":\"Miksi ryhty\u00e4 is\u00e4nt\u00e4perheeksi?\",\"item\":\"https:\\\/\\\/www.sts-education.com\\\/fi\\\/isantaperheeksi\\\/miksi-ryhtya-isantaperheeksi\\\/\"},{\"@type\":\"ListItem\",\"position\":4,\"name\":\"Host And Go Alennus\"}]},{\"@type\":\"WebSite\",\"@id\":\"https:\\\/\\\/www.sts-education.com\\\/fi\\\/#website\",\"url\":\"https:\\\/\\\/www.sts-education.com\\\/fi\\\/\",\"name\":\"STS Education\",\"description\":\"\",\"potentialAction\":[{\"@type\":\"SearchAction\",\"target\":{\"@type\":\"EntryPoint\",\"urlTemplate\":\"https:\\\/\\\/www.sts-education.com\\\/fi\\\/?s={search_term_string}\"},\"query-input\":{\"@type\":\"PropertyValueSpecification\",\"valueRequired\":true,\"valueName\":\"search_term_string\"}}],\"inLanguage\":\"fi\"}]}<\/script>\n<!-- \/ Yoast SEO Premium plugin. -->","yoast_head_json":{"title":"Host and Go \u2013 saat alennuksen vaihtovuodestasi","description":"Saat Host & Go -saat jopa 1500 euron alennuksen, jos tulet is\u00e4nt\u00e4perheeksi vaihto-oppilaalle samalla, kun oma lapsesi l\u00e4htee vaihtoon.","robots":{"index":"index","follow":"follow","max-snippet":"max-snippet:-1","max-image-preview":"max-image-preview:large","max-video-preview":"max-video-preview:-1"},"canonical":"https:\/\/www.sts-education.com\/fi\/isantaperheeksi\/miksi-ryhtya-isantaperheeksi\/host-and-go-alennus\/","og_locale":"fi_FI","og_type":"article","og_title":"Host And Go Alennus","og_description":"Saat Host & Go -saat jopa 1500 euron alennuksen, jos tulet is\u00e4nt\u00e4perheeksi vaihto-oppilaalle samalla, kun oma lapsesi l\u00e4htee vaihtoon.","og_url":"https:\/\/www.sts-education.com\/fi\/isantaperheeksi\/miksi-ryhtya-isantaperheeksi\/host-and-go-alennus\/","og_site_name":"STS Education","article_modified_time":"2026-04-01T02:42:34+00:00","og_image":[{"url":"https:\/\/cdn.sts-education.com\/12231_hero_lg_xl.jpg","type":"","width":"","height":""}],"twitter_card":"summary_large_image","twitter_misc":{"Arvioitu lukuaika":"1 minuutti"},"schema":{"@context":"https:\/\/schema.org","@graph":[{"@type":"WebPage","@id":"https:\/\/www.sts-education.com\/fi\/isantaperheeksi\/miksi-ryhtya-isantaperheeksi\/host-and-go-alennus\/","url":"https:\/\/www.sts-education.com\/fi\/isantaperheeksi\/miksi-ryhtya-isantaperheeksi\/host-and-go-alennus\/","name":"Host and Go \u2013 saat alennuksen vaihtovuodestasi","isPartOf":{"@id":"https:\/\/www.sts-education.com\/fi\/#website"},"primaryImageOfPage":{"@id":"https:\/\/www.sts-education.com\/fi\/isantaperheeksi\/miksi-ryhtya-isantaperheeksi\/host-and-go-alennus\/#primaryimage"},"image":{"@id":"https:\/\/www.sts-education.com\/fi\/isantaperheeksi\/miksi-ryhtya-isantaperheeksi\/host-and-go-alennus\/#primaryimage"},"thumbnailUrl":"https:\/\/cdn.sts-education.com\/12231_hero_lg_xl.jpg","datePublished":"2019-03-12T10:34:46+00:00","dateModified":"2026-04-01T02:42:34+00:00","description":"Saat Host & Go -saat jopa 1500 euron alennuksen, jos tulet is\u00e4nt\u00e4perheeksi vaihto-oppilaalle samalla, kun oma lapsesi l\u00e4htee vaihtoon.","breadcrumb":{"@id":"https:\/\/www.sts-education.com\/fi\/isantaperheeksi\/miksi-ryhtya-isantaperheeksi\/host-and-go-alennus\/#breadcrumb"},"inLanguage":"fi","potentialAction":[{"@type":"ReadAction","target":["https:\/\/www.sts-education.com\/fi\/isantaperheeksi\/miksi-ryhtya-isantaperheeksi\/host-and-go-alennus\/"]}]},{"@type":"ImageObject","inLanguage":"fi","@id":"https:\/\/www.sts-education.com\/fi\/isantaperheeksi\/miksi-ryhtya-isantaperheeksi\/host-and-go-alennus\/#primaryimage","url":"https:\/\/cdn.sts-education.com\/12231_hero_lg_xl.jpg","contentUrl":"https:\/\/cdn.sts-education.com\/12231_hero_lg_xl.jpg"},{"@type":"BreadcrumbList","@id":"https:\/\/www.sts-education.com\/fi\/isantaperheeksi\/miksi-ryhtya-isantaperheeksi\/host-and-go-alennus\/#breadcrumb","itemListElement":[{"@type":"ListItem","position":1,"name":"Home","item":"https:\/\/www.sts-education.com\/fi\/"},{"@type":"ListItem","position":2,"name":"Is\u00e4nt\u00e4perheeksi","item":"https:\/\/www.sts-education.com\/fi\/isantaperheeksi\/"},{"@type":"ListItem","position":3,"name":"Miksi ryhty\u00e4 is\u00e4nt\u00e4perheeksi?","item":"https:\/\/www.sts-education.com\/fi\/isantaperheeksi\/miksi-ryhtya-isantaperheeksi\/"},{"@type":"ListItem","position":4,"name":"Host And Go Alennus"}]},{"@type":"WebSite","@id":"https:\/\/www.sts-education.com\/fi\/#website","url":"https:\/\/www.sts-education.com\/fi\/","name":"STS Education","description":"","potentialAction":[{"@type":"SearchAction","target":{"@type":"EntryPoint","urlTemplate":"https:\/\/www.sts-education.com\/fi\/?s={search_term_string}"},"query-input":{"@type":"PropertyValueSpecification","valueRequired":true,"valueName":"search_term_string"}}],"inLanguage":"fi"}]}},"_links":{"self":[{"href":"https:\/\/www.sts-education.com\/fi\/wp-json\/wp\/v2\/pages\/10478","targetHints":{"allow":["GET"]}}],"collection":[{"href":"https:\/\/www.sts-education.com\/fi\/wp-json\/wp\/v2\/pages"}],"about":[{"href":"https:\/\/www.sts-education.com\/fi\/wp-json\/wp\/v2\/types\/page"}],"author":[{"embeddable":true,"href":"https:\/\/www.sts-education.com\/fi\/wp-json\/wp\/v2\/users\/20"}],"replies":[{"embeddable":true,"href":"https:\/\/www.sts-education.com\/fi\/wp-json\/wp\/v2\/comments?post=10478"}],"version-history":[{"count":2,"href":"https:\/\/www.sts-education.com\/fi\/wp-json\/wp\/v2\/pages\/10478\/revisions"}],"predecessor-version":[{"id":20604,"href":"https:\/\/www.sts-education.com\/fi\/wp-json\/wp\/v2\/pages\/10478\/revisions\/20604"}],"up":[{"embeddable":true,"href":"https:\/\/www.sts-education.com\/fi\/wp-json\/wp\/v2\/pages\/27797"}],"wp:attachment":[{"href":"https:\/\/www.sts-education.com\/fi\/wp-json\/wp\/v2\/media?parent=10478"}],"wp:term":[{"taxonomy":"wpw_page_folders","embeddable":true,"href":"https:\/\/www.sts-education.com\/fi\/wp-json\/wp\/v2\/wpw_page_folders?post=10478"}],"curies":[{"name":"wp","href":"https:\/\/api.w.org\/{rel}","templated":true}]}}