{"id":10479,"date":"2022-05-04T09:43:40","date_gmt":"2022-05-04T09:43:40","guid":{"rendered":"https:\/\/preprod.sts-education.com\/isantaperheeksi\/miksi-ryhtya-isantaperheeksi\/tapaa-meidat\/"},"modified":"2026-04-03T12:42:25","modified_gmt":"2026-04-03T12:42:25","slug":"tapaa-meidat","status":"publish","type":"page","link":"https:\/\/www.sts-education.com\/fi\/isantaperheeksi\/miksi-ryhtya-isantaperheeksi\/tapaa-meidat\/","title":{"rendered":"Tapaa Meidat"},"content":{"rendered":"\n<div class=\"wp-block-sts-text sts-text-editor has-max-width-md\"><div class=\"sts-text-editor__content\"><div class=\"sts-text-editor__content-inner\">\n<h1>Osallistuminen webinaariin<\/h1>\n<\/div><\/div><\/div>\n\n\n\n<div class=\"wp-block-sts-text sts-text-editor has-max-width-md\"><div class=\"sts-text-editor__content\"><div class=\"sts-text-editor__content-inner\">\n<p>Harkitsetko is\u00e4nt\u00e4perheeksi ryhtymist\u00e4 ja kotisi avaamista ulkomailta saapuvalle vaihto-oppilaalle? Onko sinulla kysytt\u00e4v\u00e4\u00e4? Osallistu webinaariin, niin saat kaiken tarvitsemasi tiedon is\u00e4nt\u00e4perheen\u00e4 olemisesta.<\/p>\n<p>Webinaarissa kerromme STS:st\u00e4, is\u00e4nt\u00e4perheohjelmastamme ja siit\u00e4, miksi is\u00e4nt\u00e4perheen\u00e4 toimiminen voi olla parasta, mit\u00e4 perheenne on koskaan tehnyt!<\/p>\n<h2>Tapaa meid\u00e4t ja nykyisen is\u00e4nt\u00e4perheen vanhempi<\/h2>\n<p>Webinaariin osallistuu yleens\u00e4 my\u00f6s t\u00e4m\u00e4nhetkisen is\u00e4nt\u00e4perheen vanhempi vaihto-oppilaineen. He kertovat kokemuksistaan ja vastaavat yhdess\u00e4 meid\u00e4n kanssamme kaikkiin kysymyksiin, joita sinulla on mieless\u00e4si. Joskus esittelemme my\u00f6s vaihto-oppilaitamme, jolle olemme parhaillaan etsim\u00e4ss\u00e4 is\u00e4nt\u00e4perhett\u00e4.<\/p>\n<p>Tuo perheesi ja sukulaisesikin mukaan. Webinaari on luonnollisesti maksuton, eik\u00e4 osallistuminen sido sinua mihink\u00e4\u00e4n.<\/p>\n<h2>Etk\u00f6 malta odottaa?<\/h2>\n<p>Voit soittaa meille numeroon +3589 6850 8300 tai l\u00e4hett\u00e4\u00e4 s\u00e4hk\u00f6postia osoitteeseen <a href=\"mailto:host.nordics@sts-education.com\">host.nordics@sts-education.com<\/a>.<\/p>\n<p>Ja muista, ett\u00e4 t\u00e4st\u00e4 voi alkaa upea ajanjakso el\u00e4m\u00e4ss\u00e4si!<\/p>\n<h3>Tulevia webinaareja:<\/h3>\n<\/div><\/div><\/div>\n\n\n<div class=\"sts-block-cards sts-block-cards--listing is-empty has-max-width-md wp-block-sts-cards\"><\/div>","protected":false},"excerpt":{"rendered":"","protected":false},"author":20,"featured_media":0,"parent":27797,"menu_order":0,"comment_status":"closed","ping_status":"closed","template":"","meta":{"_acf_changed":false,"sts_page_background_color":"","footnotes":""},"wpw_page_folders":[89],"class_list":["post-10479","page","type-page","status-publish","hentry"],"acf":[],"yoast_head":"<!-- This site is optimized with the Yoast SEO Premium plugin v27.2 (Yoast SEO v27.3) - https:\/\/yoast.com\/product\/yoast-seo-premium-wordpress\/ -->\n<title>Tapaa Meidat - STS Education<\/title>\n<meta name=\"robots\" content=\"index, follow, max-snippet:-1, max-image-preview:large, max-video-preview:-1\" \/>\n<link rel=\"canonical\" href=\"https:\/\/www.sts-education.com\/fi\/isantaperheeksi\/miksi-ryhtya-isantaperheeksi\/tapaa-meidat\/\" \/>\n<meta property=\"og:locale\" content=\"fi_FI\" \/>\n<meta property=\"og:type\" content=\"article\" \/>\n<meta property=\"og:title\" content=\"Tapaa Meidat\" \/>\n<meta property=\"og:url\" content=\"https:\/\/www.sts-education.com\/fi\/isantaperheeksi\/miksi-ryhtya-isantaperheeksi\/tapaa-meidat\/\" \/>\n<meta property=\"og:site_name\" content=\"STS Education\" \/>\n<meta property=\"article:modified_time\" content=\"2026-04-03T12:42:25+00:00\" \/>\n<meta name=\"twitter:card\" content=\"summary_large_image\" \/>\n<meta name=\"twitter:label1\" content=\"Arvioitu lukuaika\" \/>\n\t<meta name=\"twitter:data1\" content=\"1 minuutti\" \/>\n<script type=\"application\/ld+json\" class=\"yoast-schema-graph\">{\"@context\":\"https:\\\/\\\/schema.org\",\"@graph\":[{\"@type\":\"WebPage\",\"@id\":\"https:\\\/\\\/www.sts-education.com\\\/fi\\\/isantaperheeksi\\\/miksi-ryhtya-isantaperheeksi\\\/tapaa-meidat\\\/\",\"url\":\"https:\\\/\\\/www.sts-education.com\\\/fi\\\/isantaperheeksi\\\/miksi-ryhtya-isantaperheeksi\\\/tapaa-meidat\\\/\",\"name\":\"Tapaa Meidat - STS Education\",\"isPartOf\":{\"@id\":\"https:\\\/\\\/www.sts-education.com\\\/fi\\\/#website\"},\"datePublished\":\"2022-05-04T09:43:40+00:00\",\"dateModified\":\"2026-04-03T12:42:25+00:00\",\"breadcrumb\":{\"@id\":\"https:\\\/\\\/www.sts-education.com\\\/fi\\\/isantaperheeksi\\\/miksi-ryhtya-isantaperheeksi\\\/tapaa-meidat\\\/#breadcrumb\"},\"inLanguage\":\"fi\",\"potentialAction\":[{\"@type\":\"ReadAction\",\"target\":[\"https:\\\/\\\/www.sts-education.com\\\/fi\\\/isantaperheeksi\\\/miksi-ryhtya-isantaperheeksi\\\/tapaa-meidat\\\/\"]}]},{\"@type\":\"BreadcrumbList\",\"@id\":\"https:\\\/\\\/www.sts-education.com\\\/fi\\\/isantaperheeksi\\\/miksi-ryhtya-isantaperheeksi\\\/tapaa-meidat\\\/#breadcrumb\",\"itemListElement\":[{\"@type\":\"ListItem\",\"position\":1,\"name\":\"Home\",\"item\":\"https:\\\/\\\/www.sts-education.com\\\/fi\\\/\"},{\"@type\":\"ListItem\",\"position\":2,\"name\":\"Is\u00e4nt\u00e4perheeksi\",\"item\":\"https:\\\/\\\/www.sts-education.com\\\/fi\\\/isantaperheeksi\\\/\"},{\"@type\":\"ListItem\",\"position\":3,\"name\":\"Miksi ryhty\u00e4 is\u00e4nt\u00e4perheeksi?\",\"item\":\"https:\\\/\\\/www.sts-education.com\\\/fi\\\/isantaperheeksi\\\/miksi-ryhtya-isantaperheeksi\\\/\"},{\"@type\":\"ListItem\",\"position\":4,\"name\":\"Tapaa Meidat\"}]},{\"@type\":\"WebSite\",\"@id\":\"https:\\\/\\\/www.sts-education.com\\\/fi\\\/#website\",\"url\":\"https:\\\/\\\/www.sts-education.com\\\/fi\\\/\",\"name\":\"STS Education\",\"description\":\"\",\"potentialAction\":[{\"@type\":\"SearchAction\",\"target\":{\"@type\":\"EntryPoint\",\"urlTemplate\":\"https:\\\/\\\/www.sts-education.com\\\/fi\\\/?s={search_term_string}\"},\"query-input\":{\"@type\":\"PropertyValueSpecification\",\"valueRequired\":true,\"valueName\":\"search_term_string\"}}],\"inLanguage\":\"fi\"}]}<\/script>\n<!-- \/ Yoast SEO Premium plugin. -->","yoast_head_json":{"title":"Tapaa Meidat - STS Education","robots":{"index":"index","follow":"follow","max-snippet":"max-snippet:-1","max-image-preview":"max-image-preview:large","max-video-preview":"max-video-preview:-1"},"canonical":"https:\/\/www.sts-education.com\/fi\/isantaperheeksi\/miksi-ryhtya-isantaperheeksi\/tapaa-meidat\/","og_locale":"fi_FI","og_type":"article","og_title":"Tapaa Meidat","og_url":"https:\/\/www.sts-education.com\/fi\/isantaperheeksi\/miksi-ryhtya-isantaperheeksi\/tapaa-meidat\/","og_site_name":"STS Education","article_modified_time":"2026-04-03T12:42:25+00:00","twitter_card":"summary_large_image","twitter_misc":{"Arvioitu lukuaika":"1 minuutti"},"schema":{"@context":"https:\/\/schema.org","@graph":[{"@type":"WebPage","@id":"https:\/\/www.sts-education.com\/fi\/isantaperheeksi\/miksi-ryhtya-isantaperheeksi\/tapaa-meidat\/","url":"https:\/\/www.sts-education.com\/fi\/isantaperheeksi\/miksi-ryhtya-isantaperheeksi\/tapaa-meidat\/","name":"Tapaa Meidat - STS Education","isPartOf":{"@id":"https:\/\/www.sts-education.com\/fi\/#website"},"datePublished":"2022-05-04T09:43:40+00:00","dateModified":"2026-04-03T12:42:25+00:00","breadcrumb":{"@id":"https:\/\/www.sts-education.com\/fi\/isantaperheeksi\/miksi-ryhtya-isantaperheeksi\/tapaa-meidat\/#breadcrumb"},"inLanguage":"fi","potentialAction":[{"@type":"ReadAction","target":["https:\/\/www.sts-education.com\/fi\/isantaperheeksi\/miksi-ryhtya-isantaperheeksi\/tapaa-meidat\/"]}]},{"@type":"BreadcrumbList","@id":"https:\/\/www.sts-education.com\/fi\/isantaperheeksi\/miksi-ryhtya-isantaperheeksi\/tapaa-meidat\/#breadcrumb","itemListElement":[{"@type":"ListItem","position":1,"name":"Home","item":"https:\/\/www.sts-education.com\/fi\/"},{"@type":"ListItem","position":2,"name":"Is\u00e4nt\u00e4perheeksi","item":"https:\/\/www.sts-education.com\/fi\/isantaperheeksi\/"},{"@type":"ListItem","position":3,"name":"Miksi ryhty\u00e4 is\u00e4nt\u00e4perheeksi?","item":"https:\/\/www.sts-education.com\/fi\/isantaperheeksi\/miksi-ryhtya-isantaperheeksi\/"},{"@type":"ListItem","position":4,"name":"Tapaa Meidat"}]},{"@type":"WebSite","@id":"https:\/\/www.sts-education.com\/fi\/#website","url":"https:\/\/www.sts-education.com\/fi\/","name":"STS Education","description":"","potentialAction":[{"@type":"SearchAction","target":{"@type":"EntryPoint","urlTemplate":"https:\/\/www.sts-education.com\/fi\/?s={search_term_string}"},"query-input":{"@type":"PropertyValueSpecification","valueRequired":true,"valueName":"search_term_string"}}],"inLanguage":"fi"}]}},"_links":{"self":[{"href":"https:\/\/www.sts-education.com\/fi\/wp-json\/wp\/v2\/pages\/10479","targetHints":{"allow":["GET"]}}],"collection":[{"href":"https:\/\/www.sts-education.com\/fi\/wp-json\/wp\/v2\/pages"}],"about":[{"href":"https:\/\/www.sts-education.com\/fi\/wp-json\/wp\/v2\/types\/page"}],"author":[{"embeddable":true,"href":"https:\/\/www.sts-education.com\/fi\/wp-json\/wp\/v2\/users\/20"}],"replies":[{"embeddable":true,"href":"https:\/\/www.sts-education.com\/fi\/wp-json\/wp\/v2\/comments?post=10479"}],"version-history":[{"count":2,"href":"https:\/\/www.sts-education.com\/fi\/wp-json\/wp\/v2\/pages\/10479\/revisions"}],"predecessor-version":[{"id":27806,"href":"https:\/\/www.sts-education.com\/fi\/wp-json\/wp\/v2\/pages\/10479\/revisions\/27806"}],"up":[{"embeddable":true,"href":"https:\/\/www.sts-education.com\/fi\/wp-json\/wp\/v2\/pages\/27797"}],"wp:attachment":[{"href":"https:\/\/www.sts-education.com\/fi\/wp-json\/wp\/v2\/media?parent=10479"}],"wp:term":[{"taxonomy":"wpw_page_folders","embeddable":true,"href":"https:\/\/www.sts-education.com\/fi\/wp-json\/wp\/v2\/wpw_page_folders?post=10479"}],"curies":[{"name":"wp","href":"https:\/\/api.w.org\/{rel}","templated":true}]}}