{"id":10480,"date":"2023-03-30T11:07:36","date_gmt":"2023-03-30T11:07:36","guid":{"rendered":"https:\/\/preprod.sts-education.com\/isantaperheeksi\/miksi-ryhtya-isantaperheeksi\/tervetuloperhe-tai-aluevalvoja\/"},"modified":"2026-04-14T09:50:13","modified_gmt":"2026-04-14T09:50:13","slug":"tervetuloperhe-tai-aluevalvoja","status":"publish","type":"page","link":"https:\/\/www.sts-education.com\/fi\/isantaperheeksi\/miksi-ryhtya-isantaperheeksi\/tervetuloperhe-tai-aluevalvoja\/","title":{"rendered":"Tervetuloperhe Tai Aluevalvoja"},"content":{"rendered":"\n<section class=\"wp-block-sts-hero sts-block-hero is-variant-full-background has-text-light has-background-media\" style=\"--sts-hero-padding-mobile:0px;--sts-hero-padding-desktop:0px;--sts-hero-text-color:var(--wp--preset--color--base-10, #fff);\" data-variant=\"full-background\"><div class=\"sts-block-hero__background\"><picture class=\"sts-responsive-image has-fit-cover is-skeleton\"><img src=\"https:\/\/cdn.sts-education.com\/12667_hero_lg_xl.jpg\" alt=\"Tervetuloperhe tai aluevalvoja\" loading=\"lazy\" decoding=\"async\" fetchpriority=\"low\" sizes=\"100vw\" \/><\/picture><span class=\"sts-block-hero__overlay\" aria-hidden=\"true\"><\/span><\/div><div class=\"sts-block-hero__inner\"><div class=\"sts-block-hero__content has-align-center\"><div class=\"sts-block-hero__content-inner\"><h1 class=\"sts-block-hero__heading\">Tervetuloperhe tai aluevalvoja<\/h1><\/div><\/div><\/div><\/section>\n\n\n\n<div class=\"wp-block-sts-text sts-text-editor has-max-width-md\"><div class=\"sts-text-editor__content\"><div class=\"sts-text-editor__content-inner\">\n<p>Jos ette ole ennen toimineet is\u00e4nt\u00e4perheen\u00e4 tai teit\u00e4 kiinnostaisi kokeilla, millaista se on, voisitte ryhty\u00e4 tervetuloperheeksi! Tervetuloperhe majoittaa vaihto-oppilaan v\u00e4hint\u00e4\u00e4n 3 kuukaudeksi t\u00e4m\u00e4n saavuttua Suomeen. Sen j\u00e4lkeen h\u00e4n siirtyy toiseen is\u00e4nt\u00e4perheeseen. <a href=\"https:\/\/www.sts-education.com\/fi\/miksi-ryhtya-isantaperheeksi\/yhteydenottopyynto\/\">T\u00e4yt\u00e4 yhteydenottolomake<\/a>, niin olemme yhteydess\u00e4 ja annamme lis\u00e4tietoja. Kiinnostuksenilmaisu ei luonnollisestikaan sido sinua mihink\u00e4\u00e4n.<\/p>\n\n<p>Kiinnostaisiko sinua toimia STS:n edustajana omalla alueellasi? <a href=\"https:\/\/www.sts-education.com\/fi\/meista\/toihin-stslle\/\">T\u00e4\u00e4lt\u00e4 voit lukea lis\u00e4\u00e4 aluevalvojana toimimisesta ja ty\u00f6n hakemisesta.<\/a><\/p>\n<\/div><\/div><\/div>\n","protected":false},"excerpt":{"rendered":"","protected":false},"author":20,"featured_media":0,"parent":27797,"menu_order":0,"comment_status":"closed","ping_status":"closed","template":"","meta":{"_acf_changed":false,"sts_page_background_color":"","footnotes":""},"wpw_page_folders":[89],"class_list":["post-10480","page","type-page","status-publish","hentry"],"acf":[],"yoast_head":"<!-- This site is optimized with the Yoast SEO Premium plugin v27.2 (Yoast SEO v27.3) - https:\/\/yoast.com\/product\/yoast-seo-premium-wordpress\/ -->\n<title>Tervetuloperhe<\/title>\n<meta name=\"robots\" content=\"index, follow, max-snippet:-1, max-image-preview:large, max-video-preview:-1\" \/>\n<link rel=\"canonical\" href=\"https:\/\/www.sts-education.com\/fi\/isantaperheeksi\/miksi-ryhtya-isantaperheeksi\/tervetuloperhe-tai-aluevalvoja\/\" \/>\n<meta property=\"og:locale\" content=\"fi_FI\" \/>\n<meta property=\"og:type\" content=\"article\" \/>\n<meta property=\"og:title\" content=\"Tervetuloperhe Tai Aluevalvoja\" \/>\n<meta property=\"og:url\" content=\"https:\/\/www.sts-education.com\/fi\/isantaperheeksi\/miksi-ryhtya-isantaperheeksi\/tervetuloperhe-tai-aluevalvoja\/\" \/>\n<meta property=\"og:site_name\" content=\"STS Education\" \/>\n<meta property=\"article:modified_time\" content=\"2026-04-14T09:50:13+00:00\" \/>\n<meta property=\"og:image\" content=\"https:\/\/cdn.sts-education.com\/12667_hero_lg_xl.jpg\" \/>\n<meta name=\"twitter:card\" content=\"summary_large_image\" \/>\n<script type=\"application\/ld+json\" class=\"yoast-schema-graph\">{\"@context\":\"https:\\\/\\\/schema.org\",\"@graph\":[{\"@type\":\"WebPage\",\"@id\":\"https:\\\/\\\/www.sts-education.com\\\/fi\\\/isantaperheeksi\\\/miksi-ryhtya-isantaperheeksi\\\/tervetuloperhe-tai-aluevalvoja\\\/\",\"url\":\"https:\\\/\\\/www.sts-education.com\\\/fi\\\/isantaperheeksi\\\/miksi-ryhtya-isantaperheeksi\\\/tervetuloperhe-tai-aluevalvoja\\\/\",\"name\":\"Tervetuloperhe\",\"isPartOf\":{\"@id\":\"https:\\\/\\\/www.sts-education.com\\\/fi\\\/#website\"},\"primaryImageOfPage\":{\"@id\":\"https:\\\/\\\/www.sts-education.com\\\/fi\\\/isantaperheeksi\\\/miksi-ryhtya-isantaperheeksi\\\/tervetuloperhe-tai-aluevalvoja\\\/#primaryimage\"},\"image\":{\"@id\":\"https:\\\/\\\/www.sts-education.com\\\/fi\\\/isantaperheeksi\\\/miksi-ryhtya-isantaperheeksi\\\/tervetuloperhe-tai-aluevalvoja\\\/#primaryimage\"},\"thumbnailUrl\":\"https:\\\/\\\/cdn.sts-education.com\\\/12667_hero_lg_xl.jpg\",\"datePublished\":\"2023-03-30T11:07:36+00:00\",\"dateModified\":\"2026-04-14T09:50:13+00:00\",\"breadcrumb\":{\"@id\":\"https:\\\/\\\/www.sts-education.com\\\/fi\\\/isantaperheeksi\\\/miksi-ryhtya-isantaperheeksi\\\/tervetuloperhe-tai-aluevalvoja\\\/#breadcrumb\"},\"inLanguage\":\"fi\",\"potentialAction\":[{\"@type\":\"ReadAction\",\"target\":[\"https:\\\/\\\/www.sts-education.com\\\/fi\\\/isantaperheeksi\\\/miksi-ryhtya-isantaperheeksi\\\/tervetuloperhe-tai-aluevalvoja\\\/\"]}]},{\"@type\":\"ImageObject\",\"inLanguage\":\"fi\",\"@id\":\"https:\\\/\\\/www.sts-education.com\\\/fi\\\/isantaperheeksi\\\/miksi-ryhtya-isantaperheeksi\\\/tervetuloperhe-tai-aluevalvoja\\\/#primaryimage\",\"url\":\"https:\\\/\\\/cdn.sts-education.com\\\/12667_hero_lg_xl.jpg\",\"contentUrl\":\"https:\\\/\\\/cdn.sts-education.com\\\/12667_hero_lg_xl.jpg\"},{\"@type\":\"BreadcrumbList\",\"@id\":\"https:\\\/\\\/www.sts-education.com\\\/fi\\\/isantaperheeksi\\\/miksi-ryhtya-isantaperheeksi\\\/tervetuloperhe-tai-aluevalvoja\\\/#breadcrumb\",\"itemListElement\":[{\"@type\":\"ListItem\",\"position\":1,\"name\":\"Home\",\"item\":\"https:\\\/\\\/www.sts-education.com\\\/fi\\\/\"},{\"@type\":\"ListItem\",\"position\":2,\"name\":\"Is\u00e4nt\u00e4perheeksi\",\"item\":\"https:\\\/\\\/www.sts-education.com\\\/fi\\\/isantaperheeksi\\\/\"},{\"@type\":\"ListItem\",\"position\":3,\"name\":\"Miksi ryhty\u00e4 is\u00e4nt\u00e4perheeksi?\",\"item\":\"https:\\\/\\\/www.sts-education.com\\\/fi\\\/isantaperheeksi\\\/miksi-ryhtya-isantaperheeksi\\\/\"},{\"@type\":\"ListItem\",\"position\":4,\"name\":\"Tervetuloperhe Tai Aluevalvoja\"}]},{\"@type\":\"WebSite\",\"@id\":\"https:\\\/\\\/www.sts-education.com\\\/fi\\\/#website\",\"url\":\"https:\\\/\\\/www.sts-education.com\\\/fi\\\/\",\"name\":\"STS Education\",\"description\":\"\",\"potentialAction\":[{\"@type\":\"SearchAction\",\"target\":{\"@type\":\"EntryPoint\",\"urlTemplate\":\"https:\\\/\\\/www.sts-education.com\\\/fi\\\/?s={search_term_string}\"},\"query-input\":{\"@type\":\"PropertyValueSpecification\",\"valueRequired\":true,\"valueName\":\"search_term_string\"}}],\"inLanguage\":\"fi\"}]}<\/script>\n<!-- \/ Yoast SEO Premium plugin. -->","yoast_head_json":{"title":"Tervetuloperhe","robots":{"index":"index","follow":"follow","max-snippet":"max-snippet:-1","max-image-preview":"max-image-preview:large","max-video-preview":"max-video-preview:-1"},"canonical":"https:\/\/www.sts-education.com\/fi\/isantaperheeksi\/miksi-ryhtya-isantaperheeksi\/tervetuloperhe-tai-aluevalvoja\/","og_locale":"fi_FI","og_type":"article","og_title":"Tervetuloperhe Tai Aluevalvoja","og_url":"https:\/\/www.sts-education.com\/fi\/isantaperheeksi\/miksi-ryhtya-isantaperheeksi\/tervetuloperhe-tai-aluevalvoja\/","og_site_name":"STS Education","article_modified_time":"2026-04-14T09:50:13+00:00","og_image":[{"url":"https:\/\/cdn.sts-education.com\/12667_hero_lg_xl.jpg","type":"","width":"","height":""}],"twitter_card":"summary_large_image","schema":{"@context":"https:\/\/schema.org","@graph":[{"@type":"WebPage","@id":"https:\/\/www.sts-education.com\/fi\/isantaperheeksi\/miksi-ryhtya-isantaperheeksi\/tervetuloperhe-tai-aluevalvoja\/","url":"https:\/\/www.sts-education.com\/fi\/isantaperheeksi\/miksi-ryhtya-isantaperheeksi\/tervetuloperhe-tai-aluevalvoja\/","name":"Tervetuloperhe","isPartOf":{"@id":"https:\/\/www.sts-education.com\/fi\/#website"},"primaryImageOfPage":{"@id":"https:\/\/www.sts-education.com\/fi\/isantaperheeksi\/miksi-ryhtya-isantaperheeksi\/tervetuloperhe-tai-aluevalvoja\/#primaryimage"},"image":{"@id":"https:\/\/www.sts-education.com\/fi\/isantaperheeksi\/miksi-ryhtya-isantaperheeksi\/tervetuloperhe-tai-aluevalvoja\/#primaryimage"},"thumbnailUrl":"https:\/\/cdn.sts-education.com\/12667_hero_lg_xl.jpg","datePublished":"2023-03-30T11:07:36+00:00","dateModified":"2026-04-14T09:50:13+00:00","breadcrumb":{"@id":"https:\/\/www.sts-education.com\/fi\/isantaperheeksi\/miksi-ryhtya-isantaperheeksi\/tervetuloperhe-tai-aluevalvoja\/#breadcrumb"},"inLanguage":"fi","potentialAction":[{"@type":"ReadAction","target":["https:\/\/www.sts-education.com\/fi\/isantaperheeksi\/miksi-ryhtya-isantaperheeksi\/tervetuloperhe-tai-aluevalvoja\/"]}]},{"@type":"ImageObject","inLanguage":"fi","@id":"https:\/\/www.sts-education.com\/fi\/isantaperheeksi\/miksi-ryhtya-isantaperheeksi\/tervetuloperhe-tai-aluevalvoja\/#primaryimage","url":"https:\/\/cdn.sts-education.com\/12667_hero_lg_xl.jpg","contentUrl":"https:\/\/cdn.sts-education.com\/12667_hero_lg_xl.jpg"},{"@type":"BreadcrumbList","@id":"https:\/\/www.sts-education.com\/fi\/isantaperheeksi\/miksi-ryhtya-isantaperheeksi\/tervetuloperhe-tai-aluevalvoja\/#breadcrumb","itemListElement":[{"@type":"ListItem","position":1,"name":"Home","item":"https:\/\/www.sts-education.com\/fi\/"},{"@type":"ListItem","position":2,"name":"Is\u00e4nt\u00e4perheeksi","item":"https:\/\/www.sts-education.com\/fi\/isantaperheeksi\/"},{"@type":"ListItem","position":3,"name":"Miksi ryhty\u00e4 is\u00e4nt\u00e4perheeksi?","item":"https:\/\/www.sts-education.com\/fi\/isantaperheeksi\/miksi-ryhtya-isantaperheeksi\/"},{"@type":"ListItem","position":4,"name":"Tervetuloperhe Tai Aluevalvoja"}]},{"@type":"WebSite","@id":"https:\/\/www.sts-education.com\/fi\/#website","url":"https:\/\/www.sts-education.com\/fi\/","name":"STS Education","description":"","potentialAction":[{"@type":"SearchAction","target":{"@type":"EntryPoint","urlTemplate":"https:\/\/www.sts-education.com\/fi\/?s={search_term_string}"},"query-input":{"@type":"PropertyValueSpecification","valueRequired":true,"valueName":"search_term_string"}}],"inLanguage":"fi"}]}},"_links":{"self":[{"href":"https:\/\/www.sts-education.com\/fi\/wp-json\/wp\/v2\/pages\/10480","targetHints":{"allow":["GET"]}}],"collection":[{"href":"https:\/\/www.sts-education.com\/fi\/wp-json\/wp\/v2\/pages"}],"about":[{"href":"https:\/\/www.sts-education.com\/fi\/wp-json\/wp\/v2\/types\/page"}],"author":[{"embeddable":true,"href":"https:\/\/www.sts-education.com\/fi\/wp-json\/wp\/v2\/users\/20"}],"replies":[{"embeddable":true,"href":"https:\/\/www.sts-education.com\/fi\/wp-json\/wp\/v2\/comments?post=10480"}],"version-history":[{"count":4,"href":"https:\/\/www.sts-education.com\/fi\/wp-json\/wp\/v2\/pages\/10480\/revisions"}],"predecessor-version":[{"id":33163,"href":"https:\/\/www.sts-education.com\/fi\/wp-json\/wp\/v2\/pages\/10480\/revisions\/33163"}],"up":[{"embeddable":true,"href":"https:\/\/www.sts-education.com\/fi\/wp-json\/wp\/v2\/pages\/27797"}],"wp:attachment":[{"href":"https:\/\/www.sts-education.com\/fi\/wp-json\/wp\/v2\/media?parent=10480"}],"wp:term":[{"taxonomy":"wpw_page_folders","embeddable":true,"href":"https:\/\/www.sts-education.com\/fi\/wp-json\/wp\/v2\/wpw_page_folders?post=10480"}],"curies":[{"name":"wp","href":"https:\/\/api.w.org\/{rel}","templated":true}]}}