{"id":10483,"date":"2019-03-12T11:16:57","date_gmt":"2019-03-12T11:16:57","guid":{"rendered":"https:\/\/preprod.sts-education.com\/isantaperheeksi\/oppilaamme\/tutustu-oppilaisiimme\/"},"modified":"2026-04-15T11:36:39","modified_gmt":"2026-04-15T11:36:39","slug":"tutustu-oppilaisiimme","status":"publish","type":"page","link":"https:\/\/www.sts-education.com\/fi\/isantaperheeksi\/oppilaamme\/tutustu-oppilaisiimme\/","title":{"rendered":"Tutustu Oppilaisiimme"},"content":{"rendered":"\n<section class=\"wp-block-sts-hero sts-block-hero sts-block-hero is-variant-full-background has-text-light has-background-media\" style=\"--sts-hero-padding-mobile:0px;--sts-hero-padding-desktop:0px;--sts-hero-text-color:var(--wp--preset--color--base-10, #fff)\" data-variant=\"full-background\"><div class=\"sts-block-hero__background\"><picture class=\"sts-responsive-image has-pos-center is-skeleton\"><img src=\"https:\/\/cdn.sts-education.com\/11167_hero_lg_xl.jpg\" alt=\"Tutustu oppilaisiimme\" loading=\"lazy\" decoding=\"async\" fetchpriority=\"low\" sizes=\"(max-width: 640px) max(100vw, calc(clamp(320px, 100vh, 720px) * 9 \/ 16)), (max-width: 840px) max(100vw, calc(clamp(320px, 100vh, 720px) * 1 \/ 1)), max(100vw, calc(clamp(320px, 100vh, 720px) * 16 \/ 9))\" style=\"object-position:center\"\/><\/picture><span class=\"sts-block-hero__overlay\" aria-hidden=\"true\"><\/span><\/div><div class=\"sts-block-hero__inner\"><div class=\"sts-block-hero__content has-align-center\"><div class=\"sts-block-hero__content-inner\"><h1 class=\"sts-block-hero__heading\">Tutustu oppilaisiimme<\/h1><\/div><\/div><\/div><\/section>\n\n\n\n<div class=\"wp-block-sts-text sts-text-editor has-max-width-md\"><div class=\"sts-text-editor__content\"><div class=\"sts-text-editor__content-inner\">\n<p>Olisitko valmis toivottamaan vaihto-oppilaan tervetulleeksi kotiisi tai tunnetko jonkun muun asiasta kiinnostuneen? Haluaisitko p\u00e4\u00e4st\u00e4 tutustumaan uuteen kulttuurin ja saada elinik\u00e4isen yst\u00e4v\u00e4n? Etsimme omistautuneita is\u00e4nt\u00e4perheit\u00e4 ottamaan vastaan Suomeen eri maailmankolkista saapuvia vaihto-oppilaita. Ilmoita t\u00e4\u00e4ll\u00e4 meille kiinnostuksestasi ryhty\u00e4 is\u00e4nt\u00e4perheeksi. Ilmoitus ei luonnollisestikaan sido sinua mihink\u00e4\u00e4n.<\/p>\n<p>Joka vuosi Suomeen saapuu oppilaita ymp\u00e4ri maailman. Is\u00e4nt\u00e4perheen\u00e4 saatte tietenkin valita, kenet nuorista toivotatte tervetulleeksi kotiinne, joten lue lis\u00e4\u00e4 ja tutustu vaihto-oppilaisiimme n\u00e4hd\u00e4ksesi, sopisiko joku heist\u00e4 hyvin juuri teid\u00e4n perheeseenne!<\/p>\n<p>Ilmoittaudu my\u00f6s <a href=\"https:\/\/www.sts-education.com\/fi\/isantaperheeksi\/miksi-ryhtya-isantaperheeksi\/tapaa-meidat\/\">webinaariimme<\/a>, jossa kerromme lis\u00e4\u00e4 is\u00e4nt\u00e4perheen\u00e4 toimimisesta. Lis\u00e4ksi voit lukea meilt\u00e4 <a href=\"https:\/\/www.sts-education.com\/fi\/isantaperheeksi\/ukk\/\">usein kysyttyj\u00e4 kysymyksi\u00e4<\/a> ja <a href=\"https:\/\/www.sts-education.com\/fi\/isantaperheeksi\/family-stories\/isantaperhe-tarinat\/\">aiempien is\u00e4nt\u00e4perheiden kokemuksia<\/a> vaihto-oppilaasta kodissaan.<\/p>\n<h2>Giulia from Italy, born 2009<\/h2>\n<p>Arrival: August 2026, 5 months \u2013 interests: <strong>drawing and painting, music, reading, running, swimming, science subjects, philosophy, history, and psychology.<\/strong><\/p>\n<h2>Luca from Italy, born 2009<\/h2>\n<p>Arrival: August 2026, 10 months \u2013 interests: <strong>basketball, video games, spending time with friends, traveling, mathematics, and sports in general.<\/strong><\/p>\n<\/div><\/div><\/div>\n","protected":false},"excerpt":{"rendered":"","protected":false},"author":20,"featured_media":0,"parent":10482,"menu_order":0,"comment_status":"closed","ping_status":"closed","template":"","meta":{"_acf_changed":false,"sts_page_background_color":"","footnotes":""},"wpw_page_folders":[93],"class_list":["post-10483","page","type-page","status-publish","hentry"],"acf":[],"yoast_head":"<!-- This site is optimized with the Yoast SEO Premium plugin v27.2 (Yoast SEO v27.3) - https:\/\/yoast.com\/product\/yoast-seo-premium-wordpress\/ -->\n<title>Opi tuntemaan ymp\u00e4ri maailmaa kotoisin olevat oppilaamme | STS<\/title>\n<meta name=\"description\" content=\"Oletko kiinnostunut toimimaan is\u00e4nt\u00e4perheen\u00e4 vaihto-oppilaalle? Lue lis\u00e4\u00e4 oppilaistamme ja tutustu heihin t\u00e4\u00e4ll\u00e4.\" \/>\n<meta name=\"robots\" content=\"index, follow, max-snippet:-1, max-image-preview:large, max-video-preview:-1\" \/>\n<link rel=\"canonical\" href=\"https:\/\/www.sts-education.com\/fi\/isantaperheeksi\/oppilaamme\/tutustu-oppilaisiimme\/\" \/>\n<meta property=\"og:locale\" content=\"fi_FI\" \/>\n<meta property=\"og:type\" content=\"article\" \/>\n<meta property=\"og:title\" content=\"Tutustu Oppilaisiimme\" \/>\n<meta property=\"og:description\" content=\"Oletko kiinnostunut toimimaan is\u00e4nt\u00e4perheen\u00e4 vaihto-oppilaalle? Lue lis\u00e4\u00e4 oppilaistamme ja tutustu heihin t\u00e4\u00e4ll\u00e4.\" \/>\n<meta property=\"og:url\" content=\"https:\/\/www.sts-education.com\/fi\/isantaperheeksi\/oppilaamme\/tutustu-oppilaisiimme\/\" \/>\n<meta property=\"og:site_name\" content=\"STS Education\" \/>\n<meta property=\"article:modified_time\" content=\"2026-04-15T11:36:39+00:00\" \/>\n<meta property=\"og:image\" content=\"https:\/\/cdn.sts-education.com\/11167_hero_lg_xl.jpg\" \/>\n<meta name=\"twitter:card\" content=\"summary_large_image\" \/>\n<meta name=\"twitter:label1\" content=\"Arvioitu lukuaika\" \/>\n\t<meta name=\"twitter:data1\" content=\"1 minuutti\" \/>\n<script type=\"application\/ld+json\" class=\"yoast-schema-graph\">{\"@context\":\"https:\\\/\\\/schema.org\",\"@graph\":[{\"@type\":\"WebPage\",\"@id\":\"https:\\\/\\\/www.sts-education.com\\\/fi\\\/isantaperheeksi\\\/oppilaamme\\\/tutustu-oppilaisiimme\\\/\",\"url\":\"https:\\\/\\\/www.sts-education.com\\\/fi\\\/isantaperheeksi\\\/oppilaamme\\\/tutustu-oppilaisiimme\\\/\",\"name\":\"Opi tuntemaan ymp\u00e4ri maailmaa kotoisin olevat oppilaamme | STS\",\"isPartOf\":{\"@id\":\"https:\\\/\\\/www.sts-education.com\\\/fi\\\/#website\"},\"primaryImageOfPage\":{\"@id\":\"https:\\\/\\\/www.sts-education.com\\\/fi\\\/isantaperheeksi\\\/oppilaamme\\\/tutustu-oppilaisiimme\\\/#primaryimage\"},\"image\":{\"@id\":\"https:\\\/\\\/www.sts-education.com\\\/fi\\\/isantaperheeksi\\\/oppilaamme\\\/tutustu-oppilaisiimme\\\/#primaryimage\"},\"thumbnailUrl\":\"https:\\\/\\\/cdn.sts-education.com\\\/11167_hero_lg_xl.jpg\",\"datePublished\":\"2019-03-12T11:16:57+00:00\",\"dateModified\":\"2026-04-15T11:36:39+00:00\",\"description\":\"Oletko kiinnostunut toimimaan is\u00e4nt\u00e4perheen\u00e4 vaihto-oppilaalle? Lue lis\u00e4\u00e4 oppilaistamme ja tutustu heihin t\u00e4\u00e4ll\u00e4.\",\"breadcrumb\":{\"@id\":\"https:\\\/\\\/www.sts-education.com\\\/fi\\\/isantaperheeksi\\\/oppilaamme\\\/tutustu-oppilaisiimme\\\/#breadcrumb\"},\"inLanguage\":\"fi\",\"potentialAction\":[{\"@type\":\"ReadAction\",\"target\":[\"https:\\\/\\\/www.sts-education.com\\\/fi\\\/isantaperheeksi\\\/oppilaamme\\\/tutustu-oppilaisiimme\\\/\"]}]},{\"@type\":\"ImageObject\",\"inLanguage\":\"fi\",\"@id\":\"https:\\\/\\\/www.sts-education.com\\\/fi\\\/isantaperheeksi\\\/oppilaamme\\\/tutustu-oppilaisiimme\\\/#primaryimage\",\"url\":\"https:\\\/\\\/cdn.sts-education.com\\\/11167_hero_lg_xl.jpg\",\"contentUrl\":\"https:\\\/\\\/cdn.sts-education.com\\\/11167_hero_lg_xl.jpg\"},{\"@type\":\"BreadcrumbList\",\"@id\":\"https:\\\/\\\/www.sts-education.com\\\/fi\\\/isantaperheeksi\\\/oppilaamme\\\/tutustu-oppilaisiimme\\\/#breadcrumb\",\"itemListElement\":[{\"@type\":\"ListItem\",\"position\":1,\"name\":\"Home\",\"item\":\"https:\\\/\\\/www.sts-education.com\\\/fi\\\/\"},{\"@type\":\"ListItem\",\"position\":2,\"name\":\"Isantaperheeksi\",\"item\":\"https:\\\/\\\/www.sts-education.com\\\/fi\\\/isantaperheeksi\\\/\"},{\"@type\":\"ListItem\",\"position\":3,\"name\":\"Oppilaamme\",\"item\":\"https:\\\/\\\/www.sts-education.com\\\/fi\\\/isantaperheeksi\\\/oppilaamme\\\/\"},{\"@type\":\"ListItem\",\"position\":4,\"name\":\"Tutustu Oppilaisiimme\"}]},{\"@type\":\"WebSite\",\"@id\":\"https:\\\/\\\/www.sts-education.com\\\/fi\\\/#website\",\"url\":\"https:\\\/\\\/www.sts-education.com\\\/fi\\\/\",\"name\":\"STS Education\",\"description\":\"\",\"potentialAction\":[{\"@type\":\"SearchAction\",\"target\":{\"@type\":\"EntryPoint\",\"urlTemplate\":\"https:\\\/\\\/www.sts-education.com\\\/fi\\\/?s={search_term_string}\"},\"query-input\":{\"@type\":\"PropertyValueSpecification\",\"valueRequired\":true,\"valueName\":\"search_term_string\"}}],\"inLanguage\":\"fi\"}]}<\/script>\n<!-- \/ Yoast SEO Premium plugin. -->","yoast_head_json":{"title":"Opi tuntemaan ymp\u00e4ri maailmaa kotoisin olevat oppilaamme | STS","description":"Oletko kiinnostunut toimimaan is\u00e4nt\u00e4perheen\u00e4 vaihto-oppilaalle? Lue lis\u00e4\u00e4 oppilaistamme ja tutustu heihin t\u00e4\u00e4ll\u00e4.","robots":{"index":"index","follow":"follow","max-snippet":"max-snippet:-1","max-image-preview":"max-image-preview:large","max-video-preview":"max-video-preview:-1"},"canonical":"https:\/\/www.sts-education.com\/fi\/isantaperheeksi\/oppilaamme\/tutustu-oppilaisiimme\/","og_locale":"fi_FI","og_type":"article","og_title":"Tutustu Oppilaisiimme","og_description":"Oletko kiinnostunut toimimaan is\u00e4nt\u00e4perheen\u00e4 vaihto-oppilaalle? Lue lis\u00e4\u00e4 oppilaistamme ja tutustu heihin t\u00e4\u00e4ll\u00e4.","og_url":"https:\/\/www.sts-education.com\/fi\/isantaperheeksi\/oppilaamme\/tutustu-oppilaisiimme\/","og_site_name":"STS Education","article_modified_time":"2026-04-15T11:36:39+00:00","og_image":[{"url":"https:\/\/cdn.sts-education.com\/11167_hero_lg_xl.jpg","type":"","width":"","height":""}],"twitter_card":"summary_large_image","twitter_misc":{"Arvioitu lukuaika":"1 minuutti"},"schema":{"@context":"https:\/\/schema.org","@graph":[{"@type":"WebPage","@id":"https:\/\/www.sts-education.com\/fi\/isantaperheeksi\/oppilaamme\/tutustu-oppilaisiimme\/","url":"https:\/\/www.sts-education.com\/fi\/isantaperheeksi\/oppilaamme\/tutustu-oppilaisiimme\/","name":"Opi tuntemaan ymp\u00e4ri maailmaa kotoisin olevat oppilaamme | STS","isPartOf":{"@id":"https:\/\/www.sts-education.com\/fi\/#website"},"primaryImageOfPage":{"@id":"https:\/\/www.sts-education.com\/fi\/isantaperheeksi\/oppilaamme\/tutustu-oppilaisiimme\/#primaryimage"},"image":{"@id":"https:\/\/www.sts-education.com\/fi\/isantaperheeksi\/oppilaamme\/tutustu-oppilaisiimme\/#primaryimage"},"thumbnailUrl":"https:\/\/cdn.sts-education.com\/11167_hero_lg_xl.jpg","datePublished":"2019-03-12T11:16:57+00:00","dateModified":"2026-04-15T11:36:39+00:00","description":"Oletko kiinnostunut toimimaan is\u00e4nt\u00e4perheen\u00e4 vaihto-oppilaalle? Lue lis\u00e4\u00e4 oppilaistamme ja tutustu heihin t\u00e4\u00e4ll\u00e4.","breadcrumb":{"@id":"https:\/\/www.sts-education.com\/fi\/isantaperheeksi\/oppilaamme\/tutustu-oppilaisiimme\/#breadcrumb"},"inLanguage":"fi","potentialAction":[{"@type":"ReadAction","target":["https:\/\/www.sts-education.com\/fi\/isantaperheeksi\/oppilaamme\/tutustu-oppilaisiimme\/"]}]},{"@type":"ImageObject","inLanguage":"fi","@id":"https:\/\/www.sts-education.com\/fi\/isantaperheeksi\/oppilaamme\/tutustu-oppilaisiimme\/#primaryimage","url":"https:\/\/cdn.sts-education.com\/11167_hero_lg_xl.jpg","contentUrl":"https:\/\/cdn.sts-education.com\/11167_hero_lg_xl.jpg"},{"@type":"BreadcrumbList","@id":"https:\/\/www.sts-education.com\/fi\/isantaperheeksi\/oppilaamme\/tutustu-oppilaisiimme\/#breadcrumb","itemListElement":[{"@type":"ListItem","position":1,"name":"Home","item":"https:\/\/www.sts-education.com\/fi\/"},{"@type":"ListItem","position":2,"name":"Isantaperheeksi","item":"https:\/\/www.sts-education.com\/fi\/isantaperheeksi\/"},{"@type":"ListItem","position":3,"name":"Oppilaamme","item":"https:\/\/www.sts-education.com\/fi\/isantaperheeksi\/oppilaamme\/"},{"@type":"ListItem","position":4,"name":"Tutustu Oppilaisiimme"}]},{"@type":"WebSite","@id":"https:\/\/www.sts-education.com\/fi\/#website","url":"https:\/\/www.sts-education.com\/fi\/","name":"STS Education","description":"","potentialAction":[{"@type":"SearchAction","target":{"@type":"EntryPoint","urlTemplate":"https:\/\/www.sts-education.com\/fi\/?s={search_term_string}"},"query-input":{"@type":"PropertyValueSpecification","valueRequired":true,"valueName":"search_term_string"}}],"inLanguage":"fi"}]}},"_links":{"self":[{"href":"https:\/\/www.sts-education.com\/fi\/wp-json\/wp\/v2\/pages\/10483","targetHints":{"allow":["GET"]}}],"collection":[{"href":"https:\/\/www.sts-education.com\/fi\/wp-json\/wp\/v2\/pages"}],"about":[{"href":"https:\/\/www.sts-education.com\/fi\/wp-json\/wp\/v2\/types\/page"}],"author":[{"embeddable":true,"href":"https:\/\/www.sts-education.com\/fi\/wp-json\/wp\/v2\/users\/20"}],"replies":[{"embeddable":true,"href":"https:\/\/www.sts-education.com\/fi\/wp-json\/wp\/v2\/comments?post=10483"}],"version-history":[{"count":6,"href":"https:\/\/www.sts-education.com\/fi\/wp-json\/wp\/v2\/pages\/10483\/revisions"}],"predecessor-version":[{"id":36932,"href":"https:\/\/www.sts-education.com\/fi\/wp-json\/wp\/v2\/pages\/10483\/revisions\/36932"}],"up":[{"embeddable":true,"href":"https:\/\/www.sts-education.com\/fi\/wp-json\/wp\/v2\/pages\/10482"}],"wp:attachment":[{"href":"https:\/\/www.sts-education.com\/fi\/wp-json\/wp\/v2\/media?parent=10483"}],"wp:term":[{"taxonomy":"wpw_page_folders","embeddable":true,"href":"https:\/\/www.sts-education.com\/fi\/wp-json\/wp\/v2\/wpw_page_folders?post=10483"}],"curies":[{"name":"wp","href":"https:\/\/api.w.org\/{rel}","templated":true}]}}