{"id":10486,"date":"2025-12-16T10:24:56","date_gmt":"2025-12-16T10:24:56","guid":{"rendered":"https:\/\/preprod.sts-education.com\/meista\/toihin-stslle\/haastattelu-lucas\/"},"modified":"2026-04-01T02:41:20","modified_gmt":"2026-04-01T02:41:20","slug":"haastattelu-lucas","status":"publish","type":"page","link":"https:\/\/www.sts-education.com\/fi\/meista\/toihin-stslle\/haastattelu-lucas\/","title":{"rendered":"Haastattelu Lucas"},"content":{"rendered":"\n<div class=\"wp-block-sts-text sts-text-editor has-max-width-md\"><div class=\"sts-text-editor__content\"><div class=\"sts-text-editor__content-inner\">\n<h1>Lucas Kehrein, STS:n aluevalvoja<\/h1>\n<\/div><\/div><\/div>\n\n\n\n<div class=\"wp-block-sts-text sts-text-editor has-max-width-md\"><div class=\"sts-text-editor__content\"><div class=\"sts-text-editor__content-inner\">\n<p><em>Lucas oli STS-vaihto-oppilaana Minnesotassa, USA:ssa lukuvuonna 2015\u20132016. H\u00e4nen oma ruotsalainen perheens\u00e4 on ollut is\u00e4nt\u00e4perheen\u00e4 kolme kertaa. Lucas on ollut aluevalvojana vuosina 2022 ja 2023.<\/em><\/p>\n<\/div><\/div><\/div>\n\n\n\n<figure class=\"wp-block-sts-image sts-block-image sts-block-image--count-1 has-max-width-md\" data-count=\"1\"><div class=\"sts-block-image__grid\"><div class=\"sts-block-image__item\"><picture class=\"sts-responsive-image has-fit-cover has-pos-top is-skeleton\"><img src=\"https:\/\/cdn.sts-education.com\/13363_hero_md.jpg\" alt=\"Lucas Kehrein, STS:n aluevalvoja\" loading=\"lazy\" decoding=\"async\" fetchpriority=\"low\" sizes=\"(max-width: 736px) 100vw, 736px\"\/><\/picture><\/div><\/div><\/figure>\n\n\n\n<div class=\"wp-block-sts-text sts-text-editor has-max-width-md\"><div class=\"sts-text-editor__content\"><div class=\"sts-text-editor__content-inner\">\n<p><strong>Kuinka monelle vaihto-oppilaalle olet ollut aluevalvojana?<\/strong> <br\/>Nelj\u00e4lle: yhdelle oppilaalle USA:sta, kahdelle Saksasta ja yhdelle Brasiliasta. He kaikki ovat mahtavia ihmisi\u00e4!<\/p>\n<p><strong>Mit\u00e4 aluevalvojana toimiminen k\u00e4yt\u00e4nn\u00f6ss\u00e4 tarkoittaa?<\/strong> <br\/>Aluevalvoja on t\u00e4rke\u00e4 tuki vaihto-oppilaalle ja is\u00e4nt\u00e4perheelle koko vaihdon ajan. Vastuualueet vaihtelevat, mutta t\u00e4rkeint\u00e4 on pit\u00e4\u00e4 huolta siit\u00e4, ett\u00e4 vaihto-oppilas ja is\u00e4nt\u00e4perhe ovat tyytyv\u00e4isi\u00e4. Vaihtovuosi ei tietenk\u00e4\u00e4n ole aina ihan helppo, mutta aluevalvojana voin vaikuttaa siihen, ett\u00e4 kokemuksesta tulee mahdollisimman onnistunut. T\u00e4m\u00e4 voi tarkoittaa esimerkiksi kahvittelua, keilaamassa, tai mit\u00e4 tahansa yhdess\u00e4 p\u00e4\u00e4t\u00e4tte. Vein my\u00f6s kaikki vaihto-oppilaani paintballiin eli v\u00e4rikuulapeliin, jolloin seuranamme oli my\u00f6s pikkuveljeni, joka oli aikoinaan itsekin vaihto-oppilaana. Ty\u00f6nkuvaan kuuluu my\u00f6s uusien is\u00e4nt\u00e4perheiden l\u00f6yt\u00e4minen. STS:n henkil\u00f6kunta auttaa ja tukee mielell\u00e4\u00e4n, ja aina kun on tullut kysymyksi\u00e4 tai huolenaiheita, olen saanut heilt\u00e4 apua.<\/p>\n<p><strong>Miksi p\u00e4\u00e4tit ryhty\u00e4 aluevalvojaksi?<\/strong> <br\/>Koin, ett\u00e4 henkil\u00f6kohtaisten kokemusteni perusteella pystyisin el\u00e4ytym\u00e4\u00e4n hyvin sek\u00e4 vaihto-oppilaan ett\u00e4 is\u00e4nt\u00e4perheen rooliin. Voisin antaa t\u00e4rke\u00e4n panokseni siihen, ett\u00e4 kummankin osapuolen kokemuksesta tulisi mahdollisimman hyv\u00e4. Olen itsekin ollut vaihto-oppilaana, perheeni on toiminut is\u00e4nt\u00e4perheen\u00e4, lis\u00e4ksi olen ty\u00f6skennellyt ulkomailla. Minusta tuntui my\u00f6s silt\u00e4, ett\u00e4 olisi kivaa viett\u00e4\u00e4 aikaa vaihto-oppilaiden kanssa. Koen, ett\u00e4 taustastani on ollut hy\u00f6ty\u00e4, mutta sinulla ei tarvitse olla samanlaisia kokemuksia kuin minulla jos haluat ryhty\u00e4 aluevalvojaksi. Jokaisen aluevalvojan tausta on erilainen.<\/p>\n<p><strong>Miten ty\u00f6 on vaikuttanut sinuun?<\/strong> <br\/>Olen saanut uusia yst\u00e4vi\u00e4: pid\u00e4n yhteytt\u00e4 vaihto-oppilaisiini, vaikka en en\u00e4\u00e4 toimikaan heid\u00e4n aluevalvojanansa. On my\u00f6s todella hauskaa ja kiinnostavaa jutella vaihto-oppilaiden kanssa heid\u00e4n kulttuuristaan, ja verrata sit\u00e4 heid\u00e4n kokemuksiinsa Ruotsista ja ruotsalaisesta kulttuurista. T\u00e4t\u00e4 kautta olen tutustunut uudella tavalla sek\u00e4 Ruotsiin ett\u00e4 vaihto-oppilaiden kotimaihin.<\/p>\n<p><strong>Mitk\u00e4 ovat olleet isoimmat haasteet aluevalvojana?<\/strong> <br\/>Isoin haaste on is\u00e4nt\u00e4perheiden l\u00f6yt\u00e4minen.<\/p>\n<p><strong>Onko jotain erityisen kivaa muistoa, jonka haluaisit jakaa?<\/strong> <br\/>Hyvist\u00e4 muistoista mainittakoon se, ett\u00e4 olin aktiviteettiohjaajana viimeisess\u00e4 yhteisess\u00e4 viikonlopputapahtumassa ennen kuin vaihto-oppilaat l\u00e4htiv\u00e4t takaisin kotimaihinsa. Oli todella kivaa kuulla kuinka moni heist\u00e4 oppi puhumaan ruotsia ja viel\u00e4p\u00e4 hyvin. Olin \u00e4llistynyt siit\u00e4 kuinka virheett\u00f6m\u00e4sti yksi vaihto-oppilaista puhui ruotsia. Muita asioita, jotka j\u00e4iv\u00e4t mieleen erityisen hienoina, olivat k\u00e4ynnit kahviloissa. Kahvilareissuilla puhuimme vaihto-oppilaiden kanssa kaikenlaisista el\u00e4m\u00e4n asioista.<\/p>\n<p><strong>Voisitko suositella muillekin ryhtymist\u00e4 aluevalvojaksi?<\/strong> <br\/>Ilman muuta! Se on tosi kiva lis\u00e4ty\u00f6 ja ehdottomasti kokemuksena hieno!<\/p>\n<p><strong>Mit\u00e4 vinkkej\u00e4 sinulla on tuleville aluevalvojille?<\/strong> <br\/>T\u00e4rkeint\u00e4 on olla vaihto-oppilaan ja h\u00e4nen is\u00e4nt\u00e4perheens\u00e4 tavoitettavissa. Kannattaa tehd\u00e4 vaihto-oppilaan kanssa erilaisia asioita, kahden kuukauden v\u00e4leinkin riitt\u00e4\u00e4. Se vaikuttaa my\u00f6nteisesti vaihto-oppilaan kokemukseen ja auttaa rakentamaan hyv\u00e4n yst\u00e4vyyssuhteen.<\/p>\n<p><strong>Oletko pit\u00e4nyt edelleen yhteytt\u00e4 vaihto-oppilaisiin, joille olit aluevalvojana?<\/strong> <br\/>Olen pit\u00e4nyt s\u00e4\u00e4nn\u00f6llist\u00e4 yhteytt\u00e4 kaikkiin entisiin vaihto-oppilaisiini.<\/p>\n<\/div><\/div><\/div>\n\n","protected":false},"excerpt":{"rendered":"","protected":false},"author":20,"featured_media":15478,"parent":10468,"menu_order":0,"comment_status":"closed","ping_status":"closed","template":"","meta":{"_acf_changed":false,"sts_page_background_color":"","footnotes":""},"wpw_page_folders":[77],"class_list":["post-10486","page","type-page","status-publish","has-post-thumbnail","hentry"],"acf":[],"yoast_head":"<!-- This site is optimized with the Yoast SEO Premium plugin v27.2 (Yoast SEO v27.3) - https:\/\/yoast.com\/product\/yoast-seo-premium-wordpress\/ -->\n<title>haastattelu Lucas<\/title>\n<meta name=\"robots\" content=\"index, follow, max-snippet:-1, max-image-preview:large, max-video-preview:-1\" \/>\n<link rel=\"canonical\" href=\"https:\/\/www.sts-education.com\/fi\/meista\/toihin-stslle\/haastattelu-lucas\/\" \/>\n<meta property=\"og:locale\" content=\"fi_FI\" \/>\n<meta property=\"og:type\" content=\"article\" \/>\n<meta property=\"og:title\" content=\"Haastattelu Lucas\" \/>\n<meta property=\"og:url\" content=\"https:\/\/www.sts-education.com\/fi\/meista\/toihin-stslle\/haastattelu-lucas\/\" \/>\n<meta property=\"og:site_name\" content=\"STS Education\" \/>\n<meta property=\"article:modified_time\" content=\"2026-04-01T02:41:20+00:00\" \/>\n<meta property=\"og:image\" content=\"https:\/\/powered-by.qbank.se\/educatius\/sts\/\/40772d79fcee172a2a2eec9de43b95c2_1-1-thumb.webp\" \/>\n\t<meta property=\"og:image:width\" content=\"150\" \/>\n\t<meta property=\"og:image:height\" content=\"150\" \/>\n\t<meta property=\"og:image:type\" content=\"image\/jpeg\" \/>\n<meta name=\"twitter:card\" content=\"summary_large_image\" \/>\n<meta name=\"twitter:label1\" content=\"Arvioitu lukuaika\" \/>\n\t<meta name=\"twitter:data1\" content=\"2 minuuttia\" \/>\n<script type=\"application\/ld+json\" class=\"yoast-schema-graph\">{\"@context\":\"https:\\\/\\\/schema.org\",\"@graph\":[{\"@type\":\"WebPage\",\"@id\":\"https:\\\/\\\/www.sts-education.com\\\/fi\\\/meista\\\/toihin-stslle\\\/haastattelu-lucas\\\/\",\"url\":\"https:\\\/\\\/www.sts-education.com\\\/fi\\\/meista\\\/toihin-stslle\\\/haastattelu-lucas\\\/\",\"name\":\"haastattelu Lucas\",\"isPartOf\":{\"@id\":\"https:\\\/\\\/www.sts-education.com\\\/fi\\\/#website\"},\"primaryImageOfPage\":{\"@id\":\"https:\\\/\\\/www.sts-education.com\\\/fi\\\/meista\\\/toihin-stslle\\\/haastattelu-lucas\\\/#primaryimage\"},\"image\":{\"@id\":\"https:\\\/\\\/www.sts-education.com\\\/fi\\\/meista\\\/toihin-stslle\\\/haastattelu-lucas\\\/#primaryimage\"},\"thumbnailUrl\":\"https:\\\/\\\/powered-by.qbank.se\\\/educatius\\\/sts\\\/\\\/40772d79fcee172a2a2eec9de43b95c2_1-1-thumb.webp\",\"datePublished\":\"2025-12-16T10:24:56+00:00\",\"dateModified\":\"2026-04-01T02:41:20+00:00\",\"breadcrumb\":{\"@id\":\"https:\\\/\\\/www.sts-education.com\\\/fi\\\/meista\\\/toihin-stslle\\\/haastattelu-lucas\\\/#breadcrumb\"},\"inLanguage\":\"fi\",\"potentialAction\":[{\"@type\":\"ReadAction\",\"target\":[\"https:\\\/\\\/www.sts-education.com\\\/fi\\\/meista\\\/toihin-stslle\\\/haastattelu-lucas\\\/\"]}]},{\"@type\":\"ImageObject\",\"inLanguage\":\"fi\",\"@id\":\"https:\\\/\\\/www.sts-education.com\\\/fi\\\/meista\\\/toihin-stslle\\\/haastattelu-lucas\\\/#primaryimage\",\"url\":\"https:\\\/\\\/powered-by.qbank.se\\\/educatius\\\/sts\\\/\\\/40772d79fcee172a2a2eec9de43b95c2_1-1-thumb.webp\",\"contentUrl\":\"https:\\\/\\\/powered-by.qbank.se\\\/educatius\\\/sts\\\/\\\/40772d79fcee172a2a2eec9de43b95c2_1-1-thumb.webp\",\"width\":150,\"height\":150},{\"@type\":\"BreadcrumbList\",\"@id\":\"https:\\\/\\\/www.sts-education.com\\\/fi\\\/meista\\\/toihin-stslle\\\/haastattelu-lucas\\\/#breadcrumb\",\"itemListElement\":[{\"@type\":\"ListItem\",\"position\":1,\"name\":\"Home\",\"item\":\"https:\\\/\\\/www.sts-education.com\\\/fi\\\/\"},{\"@type\":\"ListItem\",\"position\":2,\"name\":\"Meista\",\"item\":\"https:\\\/\\\/www.sts-education.com\\\/fi\\\/meista\\\/\"},{\"@type\":\"ListItem\",\"position\":3,\"name\":\"Toihin Stslle\",\"item\":\"https:\\\/\\\/www.sts-education.com\\\/fi\\\/meista\\\/toihin-stslle\\\/\"},{\"@type\":\"ListItem\",\"position\":4,\"name\":\"Haastattelu Lucas\"}]},{\"@type\":\"WebSite\",\"@id\":\"https:\\\/\\\/www.sts-education.com\\\/fi\\\/#website\",\"url\":\"https:\\\/\\\/www.sts-education.com\\\/fi\\\/\",\"name\":\"STS Education\",\"description\":\"\",\"potentialAction\":[{\"@type\":\"SearchAction\",\"target\":{\"@type\":\"EntryPoint\",\"urlTemplate\":\"https:\\\/\\\/www.sts-education.com\\\/fi\\\/?s={search_term_string}\"},\"query-input\":{\"@type\":\"PropertyValueSpecification\",\"valueRequired\":true,\"valueName\":\"search_term_string\"}}],\"inLanguage\":\"fi\"}]}<\/script>\n<!-- \/ Yoast SEO Premium plugin. -->","yoast_head_json":{"title":"haastattelu Lucas","robots":{"index":"index","follow":"follow","max-snippet":"max-snippet:-1","max-image-preview":"max-image-preview:large","max-video-preview":"max-video-preview:-1"},"canonical":"https:\/\/www.sts-education.com\/fi\/meista\/toihin-stslle\/haastattelu-lucas\/","og_locale":"fi_FI","og_type":"article","og_title":"Haastattelu Lucas","og_url":"https:\/\/www.sts-education.com\/fi\/meista\/toihin-stslle\/haastattelu-lucas\/","og_site_name":"STS Education","article_modified_time":"2026-04-01T02:41:20+00:00","og_image":[{"width":150,"height":150,"url":"https:\/\/powered-by.qbank.se\/educatius\/sts\/\/40772d79fcee172a2a2eec9de43b95c2_1-1-thumb.webp","type":"image\/jpeg"}],"twitter_card":"summary_large_image","twitter_misc":{"Arvioitu lukuaika":"2 minuuttia"},"schema":{"@context":"https:\/\/schema.org","@graph":[{"@type":"WebPage","@id":"https:\/\/www.sts-education.com\/fi\/meista\/toihin-stslle\/haastattelu-lucas\/","url":"https:\/\/www.sts-education.com\/fi\/meista\/toihin-stslle\/haastattelu-lucas\/","name":"haastattelu Lucas","isPartOf":{"@id":"https:\/\/www.sts-education.com\/fi\/#website"},"primaryImageOfPage":{"@id":"https:\/\/www.sts-education.com\/fi\/meista\/toihin-stslle\/haastattelu-lucas\/#primaryimage"},"image":{"@id":"https:\/\/www.sts-education.com\/fi\/meista\/toihin-stslle\/haastattelu-lucas\/#primaryimage"},"thumbnailUrl":"https:\/\/powered-by.qbank.se\/educatius\/sts\/\/40772d79fcee172a2a2eec9de43b95c2_1-1-thumb.webp","datePublished":"2025-12-16T10:24:56+00:00","dateModified":"2026-04-01T02:41:20+00:00","breadcrumb":{"@id":"https:\/\/www.sts-education.com\/fi\/meista\/toihin-stslle\/haastattelu-lucas\/#breadcrumb"},"inLanguage":"fi","potentialAction":[{"@type":"ReadAction","target":["https:\/\/www.sts-education.com\/fi\/meista\/toihin-stslle\/haastattelu-lucas\/"]}]},{"@type":"ImageObject","inLanguage":"fi","@id":"https:\/\/www.sts-education.com\/fi\/meista\/toihin-stslle\/haastattelu-lucas\/#primaryimage","url":"https:\/\/powered-by.qbank.se\/educatius\/sts\/\/40772d79fcee172a2a2eec9de43b95c2_1-1-thumb.webp","contentUrl":"https:\/\/powered-by.qbank.se\/educatius\/sts\/\/40772d79fcee172a2a2eec9de43b95c2_1-1-thumb.webp","width":150,"height":150},{"@type":"BreadcrumbList","@id":"https:\/\/www.sts-education.com\/fi\/meista\/toihin-stslle\/haastattelu-lucas\/#breadcrumb","itemListElement":[{"@type":"ListItem","position":1,"name":"Home","item":"https:\/\/www.sts-education.com\/fi\/"},{"@type":"ListItem","position":2,"name":"Meista","item":"https:\/\/www.sts-education.com\/fi\/meista\/"},{"@type":"ListItem","position":3,"name":"Toihin Stslle","item":"https:\/\/www.sts-education.com\/fi\/meista\/toihin-stslle\/"},{"@type":"ListItem","position":4,"name":"Haastattelu Lucas"}]},{"@type":"WebSite","@id":"https:\/\/www.sts-education.com\/fi\/#website","url":"https:\/\/www.sts-education.com\/fi\/","name":"STS Education","description":"","potentialAction":[{"@type":"SearchAction","target":{"@type":"EntryPoint","urlTemplate":"https:\/\/www.sts-education.com\/fi\/?s={search_term_string}"},"query-input":{"@type":"PropertyValueSpecification","valueRequired":true,"valueName":"search_term_string"}}],"inLanguage":"fi"}]}},"_links":{"self":[{"href":"https:\/\/www.sts-education.com\/fi\/wp-json\/wp\/v2\/pages\/10486","targetHints":{"allow":["GET"]}}],"collection":[{"href":"https:\/\/www.sts-education.com\/fi\/wp-json\/wp\/v2\/pages"}],"about":[{"href":"https:\/\/www.sts-education.com\/fi\/wp-json\/wp\/v2\/types\/page"}],"author":[{"embeddable":true,"href":"https:\/\/www.sts-education.com\/fi\/wp-json\/wp\/v2\/users\/20"}],"replies":[{"embeddable":true,"href":"https:\/\/www.sts-education.com\/fi\/wp-json\/wp\/v2\/comments?post=10486"}],"version-history":[{"count":2,"href":"https:\/\/www.sts-education.com\/fi\/wp-json\/wp\/v2\/pages\/10486\/revisions"}],"predecessor-version":[{"id":20571,"href":"https:\/\/www.sts-education.com\/fi\/wp-json\/wp\/v2\/pages\/10486\/revisions\/20571"}],"up":[{"embeddable":true,"href":"https:\/\/www.sts-education.com\/fi\/wp-json\/wp\/v2\/pages\/10468"}],"wp:featuredmedia":[{"embeddable":true,"href":"https:\/\/www.sts-education.com\/fi\/wp-json\/wp\/v2\/media\/15478"}],"wp:attachment":[{"href":"https:\/\/www.sts-education.com\/fi\/wp-json\/wp\/v2\/media?parent=10486"}],"wp:term":[{"taxonomy":"wpw_page_folders","embeddable":true,"href":"https:\/\/www.sts-education.com\/fi\/wp-json\/wp\/v2\/wpw_page_folders?post=10486"}],"curies":[{"name":"wp","href":"https:\/\/api.w.org\/{rel}","templated":true}]}}