{"id":10491,"date":"2025-12-16T10:06:08","date_gmt":"2025-12-16T10:06:08","guid":{"rendered":"https:\/\/preprod.sts-education.com\/vaihto-oppilas\/ennen-vaihto-oppilasvuotta\/kuka-voi-hakea\/"},"modified":"2026-04-14T09:49:07","modified_gmt":"2026-04-14T09:49:07","slug":"kuka-voi-hakea","status":"publish","type":"page","link":"https:\/\/www.sts-education.com\/fi\/vaihto-oppilas\/ennen-vaihto-oppilasvuotta\/kuka-voi-hakea\/","title":{"rendered":"Kuka Voi Hakea"},"content":{"rendered":"\n<section class=\"wp-block-sts-hero sts-block-hero is-variant-full-background has-text-light has-background-media\" style=\"--sts-hero-padding-mobile:0px;--sts-hero-padding-desktop:0px;--sts-hero-text-color:var(--wp--preset--color--base-10, #fff);\" data-variant=\"full-background\"><div class=\"sts-block-hero__background\"><picture class=\"sts-responsive-image has-fit-cover is-skeleton\"><img src=\"https:\/\/cdn.sts-education.com\/12638_hero_lg_xl.jpg\" alt=\"Kuka voi l\u00e4hte\u00e4 vaihtoon?\" loading=\"lazy\" decoding=\"async\" fetchpriority=\"low\" sizes=\"100vw\" \/><\/picture><span class=\"sts-block-hero__overlay\" aria-hidden=\"true\"><\/span><\/div><div class=\"sts-block-hero__inner\"><div class=\"sts-block-hero__content has-align-center\"><div class=\"sts-block-hero__content-inner\"><h1 class=\"sts-block-hero__heading\">Kuka voi l\u00e4hte\u00e4 vaihtoon?<\/h1><\/div><\/div><\/div><\/section>\n\n\n\n<div class=\"wp-block-sts-text sts-text-editor has-max-width-md\"><div class=\"sts-text-editor__content\"><div class=\"sts-text-editor__content-inner\">\n<p>Vaihto-oppilasvuosi tarjoaa hienoja mahdollisuuksia. Kaikkein t\u00e4rkeint\u00e4 on olla utelias ja avarakatseinen. Vaihto-oppilaana saat kokea lukemattomia uusia upeita asioita, jotka eiv\u00e4t olisi mahdollisia kotona.<\/p>\n\n<p>Allergiat tai sairaudet eiv\u00e4t v\u00e4ltt\u00e4m\u00e4tt\u00e4 ole esteen\u00e4, mutta sinun on t\u00e4rke\u00e4\u00e4 kertoa niist\u00e4 meille, jotta l\u00f6yd\u00e4mme tarpeisiisi sopivan perheen ja koulun. Muistathan my\u00f6s, ett\u00e4 osa kohdemaista vaatii saapuvilta vaihto-oppilailta rokotuksia.<\/p>\n\n<h2>Mitk\u00e4 ovat vaihtovuoden ik\u00e4rajat?<\/h2>\n\n<p>Jos haluat l\u00e4hte\u00e4 vaihtoon toisen asteen koulutuksen aikana, sinun on oltava vaihtovuoden alkaessa 14-18-vuotias, mutta t\u00e4m\u00e4 voi vaihdella eri maiden kouluj\u00e4rjestelmien mukaan. Lis\u00e4tietoja saat itse\u00e4si kiinnostavan kohdemaan sivuilta. Muista, ett\u00e4 sinulta saatetaan peri\u00e4 lis\u00e4maksua, jos olet jo t\u00e4ytt\u00e4nyt 18 vuotta.<\/p>\n\n<h2>Millainen kielitaitoni pit\u00e4\u00e4 olla p\u00e4\u00e4st\u00e4kseni vaihtoon?<\/h2>\n\n<p>Kaikissa kohteissamme tarvitaan englannin perusosaamista. Sinun pit\u00e4\u00e4 siis pysty\u00e4 puhumaan, lukemaan ja kirjoittamaan englantia perustasolla. Muiden kuin englanninkielisten maiden vaatimukset vaihtelevat. Saat tarvitsemasi lis\u00e4tiedot itse\u00e4si kiinnostavan kohdemaan sivuilta.<\/p>\n\n<p>Sinun on my\u00f6s l\u00e4p\u00e4ist\u00e4v\u00e4 j\u00e4rjest\u00e4m\u00e4mme haastattelu, ja joihinkin kohteisiin vaaditaan verkossa teht\u00e4v\u00e4 lis\u00e4testi tai Skype-haastattelu.<\/p>\n\n<p>Oletko l\u00e4hd\u00f6ss\u00e4 vaihtoon englannin-, espanjan-, saksan- tai italiankieliseen maahan ja haluat harjoitella maan kielt\u00e4 ennen l\u00e4ht\u00f6\u00e4si? Valmistaudu digitaalisen <a href=\"https:\/\/www.sts-education.com\/fi\/vaihto-oppilas\/ennen-vaihto-oppilasvuotta\/valmistaudu-kielikursseillamme\/\">kielikurssimme avulla<\/a>!<\/p>\n\n<h2>Millaiset arvosanat minulla t\u00e4ytyy olla, ett\u00e4 voin  l\u00e4hte\u00e4 lukiovaihtoon ulkomaille?<\/h2>\n\n<p>Sinut voidaan hyv\u00e4ksy\u00e4 vaihto-oppilaaksi, jos sinulla on v\u00e4hint\u00e4\u00e4n hyv\u00e4ksytty arvosana kaikissa aineissa. Lis\u00e4ksi vaatimuksena on, ett\u00e4 olet k\u00e4ynyt l\u00e4ht\u00f6\u00e4 edelt\u00e4v\u00e4n vuoden t\u00e4ysip\u00e4iv\u00e4isesti koulua. Jos sinulla on arvosana 4 todistuksessasi, ota meihin yhteytt\u00e4 yksil\u00f6llisen arvioinnin tekemiseksi. Teemme aina kaiken voitavamme, jotta mahdollisimman moni saisi tilaisuuden l\u00e4hte\u00e4 vaihto-oppilaaksi.<\/p>\n\n<p><a href=\"https:\/\/www.sts-education.com\/fi\/meista\/ota-meihin-yhteytta\/\">Kysytt\u00e4v\u00e4\u00e4? Ota meihin yhteytt\u00e4!<\/a><\/p>\n<\/div><\/div><\/div>\n","protected":false},"excerpt":{"rendered":"","protected":false},"author":20,"featured_media":15493,"parent":10469,"menu_order":0,"comment_status":"closed","ping_status":"closed","template":"templates\/template-default-with-breadcrumbs.php","meta":{"_acf_changed":false,"sts_page_background_color":"","footnotes":""},"wpw_page_folders":[80],"class_list":["post-10491","page","type-page","status-publish","has-post-thumbnail","hentry"],"acf":[],"yoast_head":"<!-- This site is optimized with the Yoast SEO Premium plugin v27.2 (Yoast SEO v27.3) - https:\/\/yoast.com\/product\/yoast-seo-premium-wordpress\/ -->\n<title>Kuka voi l\u00e4hte\u00e4 vaihto-oppilaaksi ulkomaille?<\/title>\n<meta name=\"description\" content=\"Vaihto-oppilaaksi l\u00e4hteminen on mahdollista useimmille. Allergiat tai sairaudet eiv\u00e4t v\u00e4ltt\u00e4m\u00e4tt\u00e4 ole esteen\u00e4. Kaikkein t\u00e4rkeint\u00e4 on olla utelias ja avarakatseinen.\" \/>\n<meta name=\"robots\" content=\"index, follow, max-snippet:-1, max-image-preview:large, max-video-preview:-1\" \/>\n<link rel=\"canonical\" href=\"https:\/\/www.sts-education.com\/fi\/vaihto-oppilas\/ennen-vaihto-oppilasvuotta\/kuka-voi-hakea\/\" \/>\n<meta property=\"og:locale\" content=\"fi_FI\" \/>\n<meta property=\"og:type\" content=\"article\" \/>\n<meta property=\"og:title\" content=\"Kuka Voi Hakea\" \/>\n<meta property=\"og:description\" content=\"Vaihto-oppilaaksi l\u00e4hteminen on mahdollista useimmille. Allergiat tai sairaudet eiv\u00e4t v\u00e4ltt\u00e4m\u00e4tt\u00e4 ole esteen\u00e4. Kaikkein t\u00e4rkeint\u00e4 on olla utelias ja avarakatseinen.\" \/>\n<meta property=\"og:url\" content=\"https:\/\/www.sts-education.com\/fi\/vaihto-oppilas\/ennen-vaihto-oppilasvuotta\/kuka-voi-hakea\/\" \/>\n<meta property=\"og:site_name\" content=\"STS Education\" \/>\n<meta property=\"article:modified_time\" content=\"2026-04-14T09:49:07+00:00\" \/>\n<meta property=\"og:image\" content=\"https:\/\/powered-by.qbank.se\/educatius\/sts\/\/654adcd0696a9cfff110373a8858629b_1-1-thumb.webp\" \/>\n\t<meta property=\"og:image:width\" content=\"150\" \/>\n\t<meta property=\"og:image:height\" content=\"150\" \/>\n\t<meta property=\"og:image:type\" content=\"image\/jpeg\" \/>\n<meta name=\"twitter:card\" content=\"summary_large_image\" \/>\n<meta name=\"twitter:label1\" content=\"Arvioitu lukuaika\" \/>\n\t<meta name=\"twitter:data1\" content=\"1 minuutti\" \/>\n<script type=\"application\/ld+json\" class=\"yoast-schema-graph\">{\"@context\":\"https:\\\/\\\/schema.org\",\"@graph\":[{\"@type\":\"WebPage\",\"@id\":\"https:\\\/\\\/www.sts-education.com\\\/fi\\\/vaihto-oppilas\\\/ennen-vaihto-oppilasvuotta\\\/kuka-voi-hakea\\\/\",\"url\":\"https:\\\/\\\/www.sts-education.com\\\/fi\\\/vaihto-oppilas\\\/ennen-vaihto-oppilasvuotta\\\/kuka-voi-hakea\\\/\",\"name\":\"Kuka voi l\u00e4hte\u00e4 vaihto-oppilaaksi ulkomaille?\",\"isPartOf\":{\"@id\":\"https:\\\/\\\/www.sts-education.com\\\/fi\\\/#website\"},\"primaryImageOfPage\":{\"@id\":\"https:\\\/\\\/www.sts-education.com\\\/fi\\\/vaihto-oppilas\\\/ennen-vaihto-oppilasvuotta\\\/kuka-voi-hakea\\\/#primaryimage\"},\"image\":{\"@id\":\"https:\\\/\\\/www.sts-education.com\\\/fi\\\/vaihto-oppilas\\\/ennen-vaihto-oppilasvuotta\\\/kuka-voi-hakea\\\/#primaryimage\"},\"thumbnailUrl\":\"https:\\\/\\\/powered-by.qbank.se\\\/educatius\\\/sts\\\/\\\/654adcd0696a9cfff110373a8858629b_1-1-thumb.webp\",\"datePublished\":\"2025-12-16T10:06:08+00:00\",\"dateModified\":\"2026-04-14T09:49:07+00:00\",\"description\":\"Vaihto-oppilaaksi l\u00e4hteminen on mahdollista useimmille. Allergiat tai sairaudet eiv\u00e4t v\u00e4ltt\u00e4m\u00e4tt\u00e4 ole esteen\u00e4. Kaikkein t\u00e4rkeint\u00e4 on olla utelias ja avarakatseinen.\",\"breadcrumb\":{\"@id\":\"https:\\\/\\\/www.sts-education.com\\\/fi\\\/vaihto-oppilas\\\/ennen-vaihto-oppilasvuotta\\\/kuka-voi-hakea\\\/#breadcrumb\"},\"inLanguage\":\"fi\",\"potentialAction\":[{\"@type\":\"ReadAction\",\"target\":[\"https:\\\/\\\/www.sts-education.com\\\/fi\\\/vaihto-oppilas\\\/ennen-vaihto-oppilasvuotta\\\/kuka-voi-hakea\\\/\"]}]},{\"@type\":\"ImageObject\",\"inLanguage\":\"fi\",\"@id\":\"https:\\\/\\\/www.sts-education.com\\\/fi\\\/vaihto-oppilas\\\/ennen-vaihto-oppilasvuotta\\\/kuka-voi-hakea\\\/#primaryimage\",\"url\":\"https:\\\/\\\/powered-by.qbank.se\\\/educatius\\\/sts\\\/\\\/654adcd0696a9cfff110373a8858629b_1-1-thumb.webp\",\"contentUrl\":\"https:\\\/\\\/powered-by.qbank.se\\\/educatius\\\/sts\\\/\\\/654adcd0696a9cfff110373a8858629b_1-1-thumb.webp\",\"width\":150,\"height\":150},{\"@type\":\"BreadcrumbList\",\"@id\":\"https:\\\/\\\/www.sts-education.com\\\/fi\\\/vaihto-oppilas\\\/ennen-vaihto-oppilasvuotta\\\/kuka-voi-hakea\\\/#breadcrumb\",\"itemListElement\":[{\"@type\":\"ListItem\",\"position\":1,\"name\":\"Home\",\"item\":\"https:\\\/\\\/www.sts-education.com\\\/fi\\\/\"},{\"@type\":\"ListItem\",\"position\":2,\"name\":\"Vaihto-oppilas\",\"item\":\"https:\\\/\\\/www.sts-education.com\\\/fi\\\/vaihto-oppilas\\\/\"},{\"@type\":\"ListItem\",\"position\":3,\"name\":\"Ennen Vaihto Oppilasvuotta\",\"item\":\"https:\\\/\\\/www.sts-education.com\\\/fi\\\/vaihto-oppilas\\\/ennen-vaihto-oppilasvuotta\\\/\"},{\"@type\":\"ListItem\",\"position\":4,\"name\":\"Kuka Voi Hakea\"}]},{\"@type\":\"WebSite\",\"@id\":\"https:\\\/\\\/www.sts-education.com\\\/fi\\\/#website\",\"url\":\"https:\\\/\\\/www.sts-education.com\\\/fi\\\/\",\"name\":\"STS Education\",\"description\":\"\",\"potentialAction\":[{\"@type\":\"SearchAction\",\"target\":{\"@type\":\"EntryPoint\",\"urlTemplate\":\"https:\\\/\\\/www.sts-education.com\\\/fi\\\/?s={search_term_string}\"},\"query-input\":{\"@type\":\"PropertyValueSpecification\",\"valueRequired\":true,\"valueName\":\"search_term_string\"}}],\"inLanguage\":\"fi\"}]}<\/script>\n<!-- \/ Yoast SEO Premium plugin. -->","yoast_head_json":{"title":"Kuka voi l\u00e4hte\u00e4 vaihto-oppilaaksi ulkomaille?","description":"Vaihto-oppilaaksi l\u00e4hteminen on mahdollista useimmille. Allergiat tai sairaudet eiv\u00e4t v\u00e4ltt\u00e4m\u00e4tt\u00e4 ole esteen\u00e4. Kaikkein t\u00e4rkeint\u00e4 on olla utelias ja avarakatseinen.","robots":{"index":"index","follow":"follow","max-snippet":"max-snippet:-1","max-image-preview":"max-image-preview:large","max-video-preview":"max-video-preview:-1"},"canonical":"https:\/\/www.sts-education.com\/fi\/vaihto-oppilas\/ennen-vaihto-oppilasvuotta\/kuka-voi-hakea\/","og_locale":"fi_FI","og_type":"article","og_title":"Kuka Voi Hakea","og_description":"Vaihto-oppilaaksi l\u00e4hteminen on mahdollista useimmille. Allergiat tai sairaudet eiv\u00e4t v\u00e4ltt\u00e4m\u00e4tt\u00e4 ole esteen\u00e4. Kaikkein t\u00e4rkeint\u00e4 on olla utelias ja avarakatseinen.","og_url":"https:\/\/www.sts-education.com\/fi\/vaihto-oppilas\/ennen-vaihto-oppilasvuotta\/kuka-voi-hakea\/","og_site_name":"STS Education","article_modified_time":"2026-04-14T09:49:07+00:00","og_image":[{"width":150,"height":150,"url":"https:\/\/powered-by.qbank.se\/educatius\/sts\/\/654adcd0696a9cfff110373a8858629b_1-1-thumb.webp","type":"image\/jpeg"}],"twitter_card":"summary_large_image","twitter_misc":{"Arvioitu lukuaika":"1 minuutti"},"schema":{"@context":"https:\/\/schema.org","@graph":[{"@type":"WebPage","@id":"https:\/\/www.sts-education.com\/fi\/vaihto-oppilas\/ennen-vaihto-oppilasvuotta\/kuka-voi-hakea\/","url":"https:\/\/www.sts-education.com\/fi\/vaihto-oppilas\/ennen-vaihto-oppilasvuotta\/kuka-voi-hakea\/","name":"Kuka voi l\u00e4hte\u00e4 vaihto-oppilaaksi ulkomaille?","isPartOf":{"@id":"https:\/\/www.sts-education.com\/fi\/#website"},"primaryImageOfPage":{"@id":"https:\/\/www.sts-education.com\/fi\/vaihto-oppilas\/ennen-vaihto-oppilasvuotta\/kuka-voi-hakea\/#primaryimage"},"image":{"@id":"https:\/\/www.sts-education.com\/fi\/vaihto-oppilas\/ennen-vaihto-oppilasvuotta\/kuka-voi-hakea\/#primaryimage"},"thumbnailUrl":"https:\/\/powered-by.qbank.se\/educatius\/sts\/\/654adcd0696a9cfff110373a8858629b_1-1-thumb.webp","datePublished":"2025-12-16T10:06:08+00:00","dateModified":"2026-04-14T09:49:07+00:00","description":"Vaihto-oppilaaksi l\u00e4hteminen on mahdollista useimmille. Allergiat tai sairaudet eiv\u00e4t v\u00e4ltt\u00e4m\u00e4tt\u00e4 ole esteen\u00e4. Kaikkein t\u00e4rkeint\u00e4 on olla utelias ja avarakatseinen.","breadcrumb":{"@id":"https:\/\/www.sts-education.com\/fi\/vaihto-oppilas\/ennen-vaihto-oppilasvuotta\/kuka-voi-hakea\/#breadcrumb"},"inLanguage":"fi","potentialAction":[{"@type":"ReadAction","target":["https:\/\/www.sts-education.com\/fi\/vaihto-oppilas\/ennen-vaihto-oppilasvuotta\/kuka-voi-hakea\/"]}]},{"@type":"ImageObject","inLanguage":"fi","@id":"https:\/\/www.sts-education.com\/fi\/vaihto-oppilas\/ennen-vaihto-oppilasvuotta\/kuka-voi-hakea\/#primaryimage","url":"https:\/\/powered-by.qbank.se\/educatius\/sts\/\/654adcd0696a9cfff110373a8858629b_1-1-thumb.webp","contentUrl":"https:\/\/powered-by.qbank.se\/educatius\/sts\/\/654adcd0696a9cfff110373a8858629b_1-1-thumb.webp","width":150,"height":150},{"@type":"BreadcrumbList","@id":"https:\/\/www.sts-education.com\/fi\/vaihto-oppilas\/ennen-vaihto-oppilasvuotta\/kuka-voi-hakea\/#breadcrumb","itemListElement":[{"@type":"ListItem","position":1,"name":"Home","item":"https:\/\/www.sts-education.com\/fi\/"},{"@type":"ListItem","position":2,"name":"Vaihto-oppilas","item":"https:\/\/www.sts-education.com\/fi\/vaihto-oppilas\/"},{"@type":"ListItem","position":3,"name":"Ennen Vaihto Oppilasvuotta","item":"https:\/\/www.sts-education.com\/fi\/vaihto-oppilas\/ennen-vaihto-oppilasvuotta\/"},{"@type":"ListItem","position":4,"name":"Kuka Voi Hakea"}]},{"@type":"WebSite","@id":"https:\/\/www.sts-education.com\/fi\/#website","url":"https:\/\/www.sts-education.com\/fi\/","name":"STS Education","description":"","potentialAction":[{"@type":"SearchAction","target":{"@type":"EntryPoint","urlTemplate":"https:\/\/www.sts-education.com\/fi\/?s={search_term_string}"},"query-input":{"@type":"PropertyValueSpecification","valueRequired":true,"valueName":"search_term_string"}}],"inLanguage":"fi"}]}},"_links":{"self":[{"href":"https:\/\/www.sts-education.com\/fi\/wp-json\/wp\/v2\/pages\/10491","targetHints":{"allow":["GET"]}}],"collection":[{"href":"https:\/\/www.sts-education.com\/fi\/wp-json\/wp\/v2\/pages"}],"about":[{"href":"https:\/\/www.sts-education.com\/fi\/wp-json\/wp\/v2\/types\/page"}],"author":[{"embeddable":true,"href":"https:\/\/www.sts-education.com\/fi\/wp-json\/wp\/v2\/users\/20"}],"replies":[{"embeddable":true,"href":"https:\/\/www.sts-education.com\/fi\/wp-json\/wp\/v2\/comments?post=10491"}],"version-history":[{"count":4,"href":"https:\/\/www.sts-education.com\/fi\/wp-json\/wp\/v2\/pages\/10491\/revisions"}],"predecessor-version":[{"id":33130,"href":"https:\/\/www.sts-education.com\/fi\/wp-json\/wp\/v2\/pages\/10491\/revisions\/33130"}],"up":[{"embeddable":true,"href":"https:\/\/www.sts-education.com\/fi\/wp-json\/wp\/v2\/pages\/10469"}],"wp:featuredmedia":[{"embeddable":true,"href":"https:\/\/www.sts-education.com\/fi\/wp-json\/wp\/v2\/media\/15493"}],"wp:attachment":[{"href":"https:\/\/www.sts-education.com\/fi\/wp-json\/wp\/v2\/media?parent=10491"}],"wp:term":[{"taxonomy":"wpw_page_folders","embeddable":true,"href":"https:\/\/www.sts-education.com\/fi\/wp-json\/wp\/v2\/wpw_page_folders?post=10491"}],"curies":[{"name":"wp","href":"https:\/\/api.w.org\/{rel}","templated":true}]}}