{"id":10493,"date":"2025-12-16T10:09:09","date_gmt":"2025-12-16T10:09:09","guid":{"rendered":"https:\/\/preprod.sts-education.com\/vaihto-oppilas\/ennen-vaihto-oppilasvuotta\/vaihto-oppilasvuoden-hyodyt\/"},"modified":"2026-04-14T09:49:03","modified_gmt":"2026-04-14T09:49:03","slug":"vaihto-oppilasvuoden-hyodyt","status":"publish","type":"page","link":"https:\/\/www.sts-education.com\/fi\/vaihto-oppilas\/ennen-vaihto-oppilasvuotta\/vaihto-oppilasvuoden-hyodyt\/","title":{"rendered":"Vaihto Oppilasvuoden Hyodyt"},"content":{"rendered":"\n<section class=\"wp-block-sts-hero sts-block-hero is-variant-full-background has-text-light has-background-media\" style=\"--sts-hero-padding-mobile:0px;--sts-hero-padding-desktop:0px;--sts-hero-text-color:var(--wp--preset--color--base-10, #fff);\" data-variant=\"full-background\"><div class=\"sts-block-hero__background\"><picture class=\"sts-responsive-image has-fit-cover is-skeleton\"><img src=\"https:\/\/cdn.sts-education.com\/13427_hero_lg_xl.jpg\" alt=\"Mit\u00e4 vaihto-oppilasvuosi antaa?\" loading=\"lazy\" decoding=\"async\" fetchpriority=\"low\" sizes=\"100vw\" \/><\/picture><span class=\"sts-block-hero__overlay\" aria-hidden=\"true\"><\/span><\/div><div class=\"sts-block-hero__inner\"><div class=\"sts-block-hero__content has-align-center\"><div class=\"sts-block-hero__content-inner\"><h1 class=\"sts-block-hero__heading\">Mit\u00e4 vaihto-oppilasvuosi antaa?<\/h1><\/div><\/div><\/div><\/section>\n\n\n\n<div class=\"wp-block-sts-text sts-text-editor has-max-width-md\"><div class=\"sts-text-editor__content\"><div class=\"sts-text-editor__content-inner\">\n<p>Vaihdosta palattuasi huomaat, miten paljon ulkomailla asuminen ja opiskelu onkaan sinulle antanut: uusia kavereita, kielitaitoa, kokemusta eri kulttuureista, itsevarmuutta, kasoittain kivoja kokemuksia ja ihania muistoja. Lis\u00e4ksi voit lis\u00e4t\u00e4 ansioluetteloosi arvokkaan kansainv\u00e4lisen kokemuksen, josta on todella hy\u00f6ty\u00e4 tulevaisuudessa.<\/p>\n\n<h2>Miksi vaihtovuosi on investointi tulevaisuuteesi:<\/h2>\n\n<ul><li><strong>Etuly\u00f6ntiasema.<\/strong> Ulkomailla asumisesta ja opiskelusta ja sujuvasta vieraan kielen taidosta on monenlaista hy\u00f6ty\u00e4. Kokemustesi ansiosta erotut joukosta hakiessasi my\u00f6hemmin opiskelu- ja ty\u00f6paikkoja!<\/li>\n<li><strong>Kasvu ihmisen\u00e4.<\/strong> Uteliaisuus ja itsens\u00e4 haastaminen rikastuttavat el\u00e4m\u00e4\u00e4. Kehit\u00e4t ty\u00f6el\u00e4m\u00e4ss\u00e4 kysyttyj\u00e4 ominaisuuksia, kuten itsen\u00e4isyys, sosiaaliset taidot ja oma-aloitteisuus.<\/li>\n<li><strong>Kansainv\u00e4linen yst\u00e4v\u00e4piiri.<\/strong> Saat toisen perheen ja uusia l\u00e4heisi\u00e4 yst\u00e4vi\u00e4 toisesta maasta. Pysyth\u00e4n heihin yhteydess\u00e4, sill\u00e4 kaverit eri puolilla maailmaa ovat arvokas asia. Kansainv\u00e4linen verkosto on korvaamattoman t\u00e4rke\u00e4 niin yksityisel\u00e4m\u00e4ss\u00e4 kuin tulevaa uraasi ajatellen.<\/li>\n<li><strong>Uusi n\u00e4k\u00f6kulma omaan kulttuuriisi.<\/strong> Opiskelu toisessa maassa auttaa sinua laajentamaan maailmankuvaasi. N\u00e4et oman kulttuurisi uusin silmin ja opit paljon itsest\u00e4si. Mik\u00e4 sinua miellytt\u00e4\u00e4 uudessa maassasi? Mik\u00e4 on erilaista? Ulkomailla ollessasi on my\u00f6s hauskaa kertoa kotimaasi perinteist\u00e4 ja arvoista.<\/li><\/ul>\n<\/div><\/div><\/div>\n\n\n\n<section class=\"wp-block-sts-video sts-block-video sts-block-video--landscape has-max-width-lg\"><div class=\"sts-video sts-video--landscape\"><div class=\"sts-video__handler\"><button type=\"button\" class=\"sts-video__play-button\" aria-label=\"Play video\" aria-pressed=\"false\" data-playing=\"false\"><span class=\"sts-video__play-icon\"><img decoding=\"async\" class=\"play-icon\" src=\"data:image\/svg+xml,%3csvg%20width='32'%20height='32'%20viewBox='0%200%2032%2032'%20fill='none'%20xmlns='http:\/\/www.w3.org\/2000\/svg'%3e%3cmask%20id='mask0_2459_8201'%20style='mask-type:alpha'%20maskUnits='userSpaceOnUse'%20x='0'%20y='0'%20width='32'%20height='32'%3e%3crect%20width='32'%20height='32'%20fill='%23D9D9D9'\/%3e%3c\/mask%3e%3cg%20mask='url(%23mask0_2459_8201)'%3e%3cpath%20d='M10.667%2022.8999V9.09993C10.667%208.72216%2010.8003%208.40549%2011.067%208.14993C11.3337%207.89438%2011.6448%207.7666%2012.0003%207.7666C12.1114%207.7666%2012.2281%207.78327%2012.3503%207.8166C12.4725%207.84993%2012.5892%207.89993%2012.7003%207.9666L23.567%2014.8666C23.767%2014.9999%2023.917%2015.1666%2024.017%2015.3666C24.117%2015.5666%2024.167%2015.7777%2024.167%2015.9999C24.167%2016.2222%2024.117%2016.4333%2024.017%2016.6333C23.917%2016.8333%2023.767%2016.9999%2023.567%2017.1333L12.7003%2024.0333C12.5892%2024.0999%2012.4725%2024.1499%2012.3503%2024.1833C12.2281%2024.2166%2012.1114%2024.2333%2012.0003%2024.2333C11.6448%2024.2333%2011.3337%2024.1055%2011.067%2023.8499C10.8003%2023.5944%2010.667%2023.2777%2010.667%2022.8999Z'%20fill='black'\/%3e%3c\/g%3e%3c\/svg%3e\" alt=\"\" aria-hidden=\"true\"\/><img decoding=\"async\" class=\"pause-icon\" src=\"data:image\/svg+xml,%3csvg%20width='32'%20height='32'%20viewBox='0%200%2032%2032'%20fill='none'%20xmlns='http:\/\/www.w3.org\/2000\/svg'%3e%3cmask%20id='mask0_pause'%20style='mask-type:alpha'%20maskUnits='userSpaceOnUse'%20x='0'%20y='0'%20width='32'%20height='32'%3e%3crect%20width='32'%20height='32'%20fill='%23D9D9D9'\/%3e%3c\/mask%3e%3cg%20mask='url(%23mask0_pause)'%3e%3c!--%20Left%20bar%20--%3e%3crect%20x='10'%20y='8'%20width='4'%20height='16'%20rx='1'%20fill='black'\/%3e%3c!--%20Right%20bar%20--%3e%3crect%20x='18'%20y='8'%20width='4'%20height='16'%20rx='1'%20fill='black'\/%3e%3c\/g%3e%3c\/svg%3e\" alt=\"\" aria-hidden=\"true\"\/><\/span><\/button><strong class=\"sts-video__duration\" data-duration-prefix=\"Video duration:\" data-unit-second=\"second\" data-unit-seconds=\"seconds\" data-unit-minute=\"minute\" data-unit-minutes=\"minutes\" aria-label=\"Video duration: 20.0 seconds\">20.0 secs<\/strong><\/div><div class=\"sts-video__media\" data-video-source=\"youtube\" data-video-url=\"\"><div class=\"sts-video__external-shell\" data-embed-url=\"https:\/\/www.youtube.com\/embed\/iVUIwJA_TUQ?rel=0&amp;controls=1&amp;modestbranding=1&amp;playsinline=1&amp;enablejsapi=1&amp;autoplay=0&amp;origin=https%3A%2F%2Fwww.sts-education.com\"><iframe class=\"sts-video__iframe\" src=\"https:\/\/www.youtube.com\/embed\/iVUIwJA_TUQ?rel=0&amp;controls=1&amp;modestbranding=1&amp;playsinline=1&amp;enablejsapi=1&amp;autoplay=0&amp;origin=https%3A%2F%2Fwww.sts-education.com\" title=\"Video poster\nheading\" allow=\"autoplay; fullscreen\" allowfullscreen loading=\"lazy\" data-provider=\"youtube\" data-embed-url=\"https:\/\/www.youtube.com\/embed\/iVUIwJA_TUQ?rel=0&amp;controls=1&amp;modestbranding=1&amp;playsinline=1&amp;enablejsapi=1&amp;autoplay=0&amp;origin=https%3A%2F%2Fwww.sts-education.com\"><\/iframe><\/div><\/div><\/div><\/section>\n","protected":false},"excerpt":{"rendered":"","protected":false},"author":20,"featured_media":15489,"parent":10469,"menu_order":0,"comment_status":"closed","ping_status":"closed","template":"templates\/template-default-with-breadcrumbs.php","meta":{"_acf_changed":false,"sts_page_background_color":"","footnotes":""},"wpw_page_folders":[80],"class_list":["post-10493","page","type-page","status-publish","has-post-thumbnail","hentry"],"acf":[],"yoast_head":"<!-- This site is optimized with the Yoast SEO Premium plugin v27.2 (Yoast SEO v27.3) - https:\/\/yoast.com\/product\/yoast-seo-premium-wordpress\/ -->\n<title>Tutustu vaihto-oppilasvuoden hy\u00f6tyihin<\/title>\n<meta name=\"description\" content=\"Ota kaikki irti vaihto-oppilasvuodestasi. Opit kielen ja kulttuurin ja saat uusia kavereita. Lis\u00e4ksi kasvat ihmisen\u00e4 ja luot kansainv\u00e4lisen verkoston.\" \/>\n<meta name=\"robots\" content=\"index, follow, max-snippet:-1, max-image-preview:large, max-video-preview:-1\" \/>\n<link rel=\"canonical\" href=\"https:\/\/www.sts-education.com\/fi\/vaihto-oppilas\/ennen-vaihto-oppilasvuotta\/vaihto-oppilasvuoden-hyodyt\/\" \/>\n<meta property=\"og:locale\" content=\"fi_FI\" \/>\n<meta property=\"og:type\" content=\"article\" \/>\n<meta property=\"og:title\" content=\"Vaihto Oppilasvuoden Hyodyt\" \/>\n<meta property=\"og:description\" content=\"Ota kaikki irti vaihto-oppilasvuodestasi. Opit kielen ja kulttuurin ja saat uusia kavereita. Lis\u00e4ksi kasvat ihmisen\u00e4 ja luot kansainv\u00e4lisen verkoston.\" \/>\n<meta property=\"og:url\" content=\"https:\/\/www.sts-education.com\/fi\/vaihto-oppilas\/ennen-vaihto-oppilasvuotta\/vaihto-oppilasvuoden-hyodyt\/\" \/>\n<meta property=\"og:site_name\" content=\"STS Education\" \/>\n<meta property=\"article:modified_time\" content=\"2026-04-14T09:49:03+00:00\" \/>\n<meta property=\"og:image\" content=\"https:\/\/powered-by.qbank.se\/educatius\/sts\/\/afc0e6e9172f867413f78160008e6f92_1-1-xsmall.webp\" \/>\n\t<meta property=\"og:image:width\" content=\"500\" \/>\n\t<meta property=\"og:image:height\" content=\"500\" \/>\n\t<meta property=\"og:image:type\" content=\"image\/jpeg\" \/>\n<meta name=\"twitter:card\" content=\"summary_large_image\" \/>\n<meta name=\"twitter:label1\" content=\"Arvioitu lukuaika\" \/>\n\t<meta name=\"twitter:data1\" content=\"1 minuutti\" \/>\n<script type=\"application\/ld+json\" class=\"yoast-schema-graph\">{\"@context\":\"https:\\\/\\\/schema.org\",\"@graph\":[{\"@type\":\"WebPage\",\"@id\":\"https:\\\/\\\/www.sts-education.com\\\/fi\\\/vaihto-oppilas\\\/ennen-vaihto-oppilasvuotta\\\/vaihto-oppilasvuoden-hyodyt\\\/\",\"url\":\"https:\\\/\\\/www.sts-education.com\\\/fi\\\/vaihto-oppilas\\\/ennen-vaihto-oppilasvuotta\\\/vaihto-oppilasvuoden-hyodyt\\\/\",\"name\":\"Tutustu vaihto-oppilasvuoden hy\u00f6tyihin\",\"isPartOf\":{\"@id\":\"https:\\\/\\\/www.sts-education.com\\\/fi\\\/#website\"},\"primaryImageOfPage\":{\"@id\":\"https:\\\/\\\/www.sts-education.com\\\/fi\\\/vaihto-oppilas\\\/ennen-vaihto-oppilasvuotta\\\/vaihto-oppilasvuoden-hyodyt\\\/#primaryimage\"},\"image\":{\"@id\":\"https:\\\/\\\/www.sts-education.com\\\/fi\\\/vaihto-oppilas\\\/ennen-vaihto-oppilasvuotta\\\/vaihto-oppilasvuoden-hyodyt\\\/#primaryimage\"},\"thumbnailUrl\":\"https:\\\/\\\/powered-by.qbank.se\\\/educatius\\\/sts\\\/\\\/afc0e6e9172f867413f78160008e6f92_1-1-xsmall.webp\",\"datePublished\":\"2025-12-16T10:09:09+00:00\",\"dateModified\":\"2026-04-14T09:49:03+00:00\",\"description\":\"Ota kaikki irti vaihto-oppilasvuodestasi. Opit kielen ja kulttuurin ja saat uusia kavereita. Lis\u00e4ksi kasvat ihmisen\u00e4 ja luot kansainv\u00e4lisen verkoston.\",\"breadcrumb\":{\"@id\":\"https:\\\/\\\/www.sts-education.com\\\/fi\\\/vaihto-oppilas\\\/ennen-vaihto-oppilasvuotta\\\/vaihto-oppilasvuoden-hyodyt\\\/#breadcrumb\"},\"inLanguage\":\"fi\",\"potentialAction\":[{\"@type\":\"ReadAction\",\"target\":[\"https:\\\/\\\/www.sts-education.com\\\/fi\\\/vaihto-oppilas\\\/ennen-vaihto-oppilasvuotta\\\/vaihto-oppilasvuoden-hyodyt\\\/\"]}]},{\"@type\":\"ImageObject\",\"inLanguage\":\"fi\",\"@id\":\"https:\\\/\\\/www.sts-education.com\\\/fi\\\/vaihto-oppilas\\\/ennen-vaihto-oppilasvuotta\\\/vaihto-oppilasvuoden-hyodyt\\\/#primaryimage\",\"url\":\"https:\\\/\\\/powered-by.qbank.se\\\/educatius\\\/sts\\\/\\\/afc0e6e9172f867413f78160008e6f92_1-1-xsmall.webp\",\"contentUrl\":\"https:\\\/\\\/powered-by.qbank.se\\\/educatius\\\/sts\\\/\\\/afc0e6e9172f867413f78160008e6f92_1-1-xsmall.webp\",\"width\":500,\"height\":500},{\"@type\":\"BreadcrumbList\",\"@id\":\"https:\\\/\\\/www.sts-education.com\\\/fi\\\/vaihto-oppilas\\\/ennen-vaihto-oppilasvuotta\\\/vaihto-oppilasvuoden-hyodyt\\\/#breadcrumb\",\"itemListElement\":[{\"@type\":\"ListItem\",\"position\":1,\"name\":\"Home\",\"item\":\"https:\\\/\\\/www.sts-education.com\\\/fi\\\/\"},{\"@type\":\"ListItem\",\"position\":2,\"name\":\"Vaihto-oppilas\",\"item\":\"https:\\\/\\\/www.sts-education.com\\\/fi\\\/vaihto-oppilas\\\/\"},{\"@type\":\"ListItem\",\"position\":3,\"name\":\"Ennen Vaihto Oppilasvuotta\",\"item\":\"https:\\\/\\\/www.sts-education.com\\\/fi\\\/vaihto-oppilas\\\/ennen-vaihto-oppilasvuotta\\\/\"},{\"@type\":\"ListItem\",\"position\":4,\"name\":\"Vaihto Oppilasvuoden Hyodyt\"}]},{\"@type\":\"WebSite\",\"@id\":\"https:\\\/\\\/www.sts-education.com\\\/fi\\\/#website\",\"url\":\"https:\\\/\\\/www.sts-education.com\\\/fi\\\/\",\"name\":\"STS Education\",\"description\":\"\",\"potentialAction\":[{\"@type\":\"SearchAction\",\"target\":{\"@type\":\"EntryPoint\",\"urlTemplate\":\"https:\\\/\\\/www.sts-education.com\\\/fi\\\/?s={search_term_string}\"},\"query-input\":{\"@type\":\"PropertyValueSpecification\",\"valueRequired\":true,\"valueName\":\"search_term_string\"}}],\"inLanguage\":\"fi\"}]}<\/script>\n<!-- \/ Yoast SEO Premium plugin. -->","yoast_head_json":{"title":"Tutustu vaihto-oppilasvuoden hy\u00f6tyihin","description":"Ota kaikki irti vaihto-oppilasvuodestasi. Opit kielen ja kulttuurin ja saat uusia kavereita. Lis\u00e4ksi kasvat ihmisen\u00e4 ja luot kansainv\u00e4lisen verkoston.","robots":{"index":"index","follow":"follow","max-snippet":"max-snippet:-1","max-image-preview":"max-image-preview:large","max-video-preview":"max-video-preview:-1"},"canonical":"https:\/\/www.sts-education.com\/fi\/vaihto-oppilas\/ennen-vaihto-oppilasvuotta\/vaihto-oppilasvuoden-hyodyt\/","og_locale":"fi_FI","og_type":"article","og_title":"Vaihto Oppilasvuoden Hyodyt","og_description":"Ota kaikki irti vaihto-oppilasvuodestasi. Opit kielen ja kulttuurin ja saat uusia kavereita. Lis\u00e4ksi kasvat ihmisen\u00e4 ja luot kansainv\u00e4lisen verkoston.","og_url":"https:\/\/www.sts-education.com\/fi\/vaihto-oppilas\/ennen-vaihto-oppilasvuotta\/vaihto-oppilasvuoden-hyodyt\/","og_site_name":"STS Education","article_modified_time":"2026-04-14T09:49:03+00:00","og_image":[{"width":500,"height":500,"url":"https:\/\/powered-by.qbank.se\/educatius\/sts\/\/afc0e6e9172f867413f78160008e6f92_1-1-xsmall.webp","type":"image\/jpeg"}],"twitter_card":"summary_large_image","twitter_misc":{"Arvioitu lukuaika":"1 minuutti"},"schema":{"@context":"https:\/\/schema.org","@graph":[{"@type":"WebPage","@id":"https:\/\/www.sts-education.com\/fi\/vaihto-oppilas\/ennen-vaihto-oppilasvuotta\/vaihto-oppilasvuoden-hyodyt\/","url":"https:\/\/www.sts-education.com\/fi\/vaihto-oppilas\/ennen-vaihto-oppilasvuotta\/vaihto-oppilasvuoden-hyodyt\/","name":"Tutustu vaihto-oppilasvuoden hy\u00f6tyihin","isPartOf":{"@id":"https:\/\/www.sts-education.com\/fi\/#website"},"primaryImageOfPage":{"@id":"https:\/\/www.sts-education.com\/fi\/vaihto-oppilas\/ennen-vaihto-oppilasvuotta\/vaihto-oppilasvuoden-hyodyt\/#primaryimage"},"image":{"@id":"https:\/\/www.sts-education.com\/fi\/vaihto-oppilas\/ennen-vaihto-oppilasvuotta\/vaihto-oppilasvuoden-hyodyt\/#primaryimage"},"thumbnailUrl":"https:\/\/powered-by.qbank.se\/educatius\/sts\/\/afc0e6e9172f867413f78160008e6f92_1-1-xsmall.webp","datePublished":"2025-12-16T10:09:09+00:00","dateModified":"2026-04-14T09:49:03+00:00","description":"Ota kaikki irti vaihto-oppilasvuodestasi. Opit kielen ja kulttuurin ja saat uusia kavereita. Lis\u00e4ksi kasvat ihmisen\u00e4 ja luot kansainv\u00e4lisen verkoston.","breadcrumb":{"@id":"https:\/\/www.sts-education.com\/fi\/vaihto-oppilas\/ennen-vaihto-oppilasvuotta\/vaihto-oppilasvuoden-hyodyt\/#breadcrumb"},"inLanguage":"fi","potentialAction":[{"@type":"ReadAction","target":["https:\/\/www.sts-education.com\/fi\/vaihto-oppilas\/ennen-vaihto-oppilasvuotta\/vaihto-oppilasvuoden-hyodyt\/"]}]},{"@type":"ImageObject","inLanguage":"fi","@id":"https:\/\/www.sts-education.com\/fi\/vaihto-oppilas\/ennen-vaihto-oppilasvuotta\/vaihto-oppilasvuoden-hyodyt\/#primaryimage","url":"https:\/\/powered-by.qbank.se\/educatius\/sts\/\/afc0e6e9172f867413f78160008e6f92_1-1-xsmall.webp","contentUrl":"https:\/\/powered-by.qbank.se\/educatius\/sts\/\/afc0e6e9172f867413f78160008e6f92_1-1-xsmall.webp","width":500,"height":500},{"@type":"BreadcrumbList","@id":"https:\/\/www.sts-education.com\/fi\/vaihto-oppilas\/ennen-vaihto-oppilasvuotta\/vaihto-oppilasvuoden-hyodyt\/#breadcrumb","itemListElement":[{"@type":"ListItem","position":1,"name":"Home","item":"https:\/\/www.sts-education.com\/fi\/"},{"@type":"ListItem","position":2,"name":"Vaihto-oppilas","item":"https:\/\/www.sts-education.com\/fi\/vaihto-oppilas\/"},{"@type":"ListItem","position":3,"name":"Ennen Vaihto Oppilasvuotta","item":"https:\/\/www.sts-education.com\/fi\/vaihto-oppilas\/ennen-vaihto-oppilasvuotta\/"},{"@type":"ListItem","position":4,"name":"Vaihto Oppilasvuoden Hyodyt"}]},{"@type":"WebSite","@id":"https:\/\/www.sts-education.com\/fi\/#website","url":"https:\/\/www.sts-education.com\/fi\/","name":"STS Education","description":"","potentialAction":[{"@type":"SearchAction","target":{"@type":"EntryPoint","urlTemplate":"https:\/\/www.sts-education.com\/fi\/?s={search_term_string}"},"query-input":{"@type":"PropertyValueSpecification","valueRequired":true,"valueName":"search_term_string"}}],"inLanguage":"fi"}]}},"_links":{"self":[{"href":"https:\/\/www.sts-education.com\/fi\/wp-json\/wp\/v2\/pages\/10493","targetHints":{"allow":["GET"]}}],"collection":[{"href":"https:\/\/www.sts-education.com\/fi\/wp-json\/wp\/v2\/pages"}],"about":[{"href":"https:\/\/www.sts-education.com\/fi\/wp-json\/wp\/v2\/types\/page"}],"author":[{"embeddable":true,"href":"https:\/\/www.sts-education.com\/fi\/wp-json\/wp\/v2\/users\/20"}],"replies":[{"embeddable":true,"href":"https:\/\/www.sts-education.com\/fi\/wp-json\/wp\/v2\/comments?post=10493"}],"version-history":[{"count":4,"href":"https:\/\/www.sts-education.com\/fi\/wp-json\/wp\/v2\/pages\/10493\/revisions"}],"predecessor-version":[{"id":33127,"href":"https:\/\/www.sts-education.com\/fi\/wp-json\/wp\/v2\/pages\/10493\/revisions\/33127"}],"up":[{"embeddable":true,"href":"https:\/\/www.sts-education.com\/fi\/wp-json\/wp\/v2\/pages\/10469"}],"wp:featuredmedia":[{"embeddable":true,"href":"https:\/\/www.sts-education.com\/fi\/wp-json\/wp\/v2\/media\/15489"}],"wp:attachment":[{"href":"https:\/\/www.sts-education.com\/fi\/wp-json\/wp\/v2\/media?parent=10493"}],"wp:term":[{"taxonomy":"wpw_page_folders","embeddable":true,"href":"https:\/\/www.sts-education.com\/fi\/wp-json\/wp\/v2\/wpw_page_folders?post=10493"}],"curies":[{"name":"wp","href":"https:\/\/api.w.org\/{rel}","templated":true}]}}