{"id":10494,"date":"2025-12-16T10:07:58","date_gmt":"2025-12-16T10:07:58","guid":{"rendered":"https:\/\/preprod.sts-education.com\/vaihto-oppilas\/ennen-vaihto-oppilasvuotta\/valitse-tapasi-opiskella\/"},"modified":"2026-04-14T09:49:06","modified_gmt":"2026-04-14T09:49:06","slug":"valitse-tapasi-opiskella","status":"publish","type":"page","link":"https:\/\/www.sts-education.com\/fi\/vaihto-oppilas\/ennen-vaihto-oppilasvuotta\/valitse-tapasi-opiskella\/","title":{"rendered":"Valitse Tapasi Opiskella"},"content":{"rendered":"\n<section class=\"wp-block-sts-hero sts-block-hero sts-block-hero is-variant-full-background has-text-light has-background-media\" style=\"--sts-hero-padding-mobile:0px;--sts-hero-padding-desktop:0px;--sts-hero-text-color:var(--wp--preset--color--base-10, #fff)\" data-variant=\"full-background\"><div class=\"sts-block-hero__background\"><picture class=\"sts-responsive-image has-pos-center is-skeleton\"><img src=\"https:\/\/cdn.sts-education.com\/12561_hero_lg_xl.jpg\" alt=\"Valitse Classic ja Select\" loading=\"lazy\" decoding=\"async\" fetchpriority=\"low\" sizes=\"(max-width: 640px) max(100vw, calc(clamp(320px, 100vh, 720px) * 9 \/ 16)), (max-width: 840px) max(100vw, calc(clamp(320px, 100vh, 720px) * 1 \/ 1)), max(100vw, calc(clamp(320px, 100vh, 720px) * 16 \/ 9))\" style=\"object-position:center\" \/><\/picture><span class=\"sts-block-hero__overlay\" aria-hidden=\"true\"><\/span><\/div><div class=\"sts-block-hero__inner\"><div class=\"sts-block-hero__content has-align-center\"><div class=\"sts-block-hero__content-inner\"><h1 class=\"sts-block-hero__heading\">Valitse Classic tai Select<\/h1><\/div><\/div><\/div><\/section>\n\n\n\n<div class=\"wp-block-sts-text sts-text-editor has-max-width-md\"><div class=\"sts-text-editor__content\"><div class=\"sts-text-editor__content-inner\">\n<p>Vaihto-oppilasvuosi on ponnahduslauta, joka auttaa sinua saavuttamaan t\u00e4yden potentiaalisi ja ottamaan tulevaisuutesi omiin k\u00e4siisi. Teini-i\u00e4ss\u00e4 ulkomailla vietetty kouluvuosi on todella rikastuttava kokemus, ja usein ihmiset muistelevat sit\u00e4 el\u00e4m\u00e4ns\u00e4 parhaana vuotena.<\/p>\n<p><strong>STS High School Classic<\/strong> on perinteinen lukiotason vaihto-ohjelma, jonka useimmat opiskelijamme valitsevat. Se on t\u00e4ydellinen ohjelma, jos haluat kokea aidon high schoolin ulkomailla. Sinut sijoitetaan valitsemassasi maassa asuvaan is\u00e4nt\u00e4perheeseen, ja pian sinusta tulee osa toista perhett\u00e4si. K\u00e4yt paikallista koulua ja saat uusia, samalla alueella asuvia kavereita. Koulut toivottavat vaihto-oppilaamme tervetulleiksi, ja pian tunnet olevasi koulussa kuin kotonasi. Joissakin kohteissa voit esitt\u00e4\u00e4 lis\u00e4maksusta toiveen tietyst\u00e4 alueesta tai osavaltiosta. Lue t\u00e4st\u00e4 lis\u00e4\u00e4 kunkin kohteen kuvauksesta.<\/p>\n<p>Joskus vaihto-oppilaalle voi olla t\u00e4rke\u00e4\u00e4 saada opiskella tietty\u00e4 ainetta tai harrastaa tietty\u00e4 urheilulajia. T\u00e4t\u00e4 varten tarjoamme <strong>STS High School Select<\/strong> -ohjelman. Ohjelmassa k\u00e4yt yksityiskoulua ja maksat ylim\u00e4\u00e4r\u00e4isen ohjelmamaksun. Saat p\u00e4\u00e4tt\u00e4\u00e4 asuinkaupunkisi ja useimmissa tapauksissa my\u00f6s koulun, jota haluat k\u00e4yd\u00e4. Se on t\u00e4rke\u00e4\u00e4, jos haluat opiskella tietty\u00e4 ainetta tai harrastaa tietty\u00e4 lajia vaihto-oppilasvuotesi aikana. Select-ohjelma on valittavana <a href=\"https:\/\/www.sts-education.com\/fi\/vaihto-oppilas\/kohdemaat\/pohjois-amerikka\/usa\/\">USA:ssa<\/a>, <a href=\"https:\/\/www.sts-education.com\/fi\/vaihto-oppilas\/kohdemaat\/pohjois-amerikka\/kanada\/\">Kanadassa<\/a>, <a href=\"https:\/\/www.sts-education.com\/fi\/vaihto-oppilas\/kohdemaat\/oseania\/australia\/\">Australiassa<\/a>, <a href=\"https:\/\/www.sts-education.com\/fi\/vaihto-oppilas\/kohdemaat\/oseania\/uusi-seelanti\/\">Uudessa-Seelannissa<\/a> ja <a href=\"https:\/\/www.sts-education.com\/fi\/vaihto-oppilas\/kohdemaat\/eurooppa\/iso-britannia\/\">Isossa-Britanniassa<\/a>. Lue lis\u00e4\u00e4 Select-ohjelmastamme kunkin kohteen kuvauksesta ja pyyd\u00e4 meilt\u00e4 lis\u00e4tietoja.<\/p>\n<p>Olemme aina apunasi. Tutustumalla sinuun l\u00f6yd\u00e4mme yhdess\u00e4 toiveitasi parhaiten vastaavan kaupungin ja koulun. Muista kuitenkin, ett\u00e4 valinnastasi riippumatta saat kokea el\u00e4m\u00e4si parhaan vuoden!<\/p>\n<\/div><\/div><\/div>\n","protected":false},"excerpt":{"rendered":"","protected":false},"author":20,"featured_media":15491,"parent":10469,"menu_order":0,"comment_status":"closed","ping_status":"closed","template":"templates\/template-default-with-breadcrumbs.php","meta":{"_acf_changed":false,"sts_page_background_color":"","footnotes":""},"wpw_page_folders":[80],"class_list":["post-10494","page","type-page","status-publish","has-post-thumbnail","hentry"],"acf":[],"yoast_head":"<!-- This site is optimized with the Yoast SEO Premium plugin v27.2 (Yoast SEO v27.3) - https:\/\/yoast.com\/product\/yoast-seo-premium-wordpress\/ -->\n<title>Mukauta vaihto-oppilasvuosi omiin toiveisiisi<\/title>\n<meta name=\"description\" content=\"Useimmat valitsevat perinteisen vaihto-ohjelmamme. Jos kuitenkin haluat opiskella jotain tietty\u00e4 ainetta tai harrastaa tietty\u00e4 urheilulajia, tarjolla on my\u00f6s Select-ohjelma.\" \/>\n<meta name=\"robots\" content=\"index, follow, max-snippet:-1, max-image-preview:large, max-video-preview:-1\" \/>\n<link rel=\"canonical\" href=\"https:\/\/www.sts-education.com\/fi\/vaihto-oppilas\/ennen-vaihto-oppilasvuotta\/valitse-tapasi-opiskella\/\" \/>\n<meta property=\"og:locale\" content=\"fi_FI\" \/>\n<meta property=\"og:type\" content=\"article\" \/>\n<meta property=\"og:title\" content=\"Valitse Tapasi Opiskella\" \/>\n<meta property=\"og:description\" content=\"Useimmat valitsevat perinteisen vaihto-ohjelmamme. Jos kuitenkin haluat opiskella jotain tietty\u00e4 ainetta tai harrastaa tietty\u00e4 urheilulajia, tarjolla on my\u00f6s Select-ohjelma.\" \/>\n<meta property=\"og:url\" content=\"https:\/\/www.sts-education.com\/fi\/vaihto-oppilas\/ennen-vaihto-oppilasvuotta\/valitse-tapasi-opiskella\/\" \/>\n<meta property=\"og:site_name\" content=\"STS Education\" \/>\n<meta property=\"article:modified_time\" content=\"2026-04-14T09:49:06+00:00\" \/>\n<meta property=\"og:image\" content=\"https:\/\/powered-by.qbank.se\/educatius\/sts\/\/1f2700e23e28608434f21942f3298107_1-1-thumb.webp\" \/>\n\t<meta property=\"og:image:width\" content=\"150\" \/>\n\t<meta property=\"og:image:height\" content=\"150\" \/>\n\t<meta property=\"og:image:type\" content=\"image\/jpeg\" \/>\n<meta name=\"twitter:card\" content=\"summary_large_image\" \/>\n<meta name=\"twitter:label1\" content=\"Arvioitu lukuaika\" \/>\n\t<meta name=\"twitter:data1\" content=\"2 minuuttia\" \/>\n<script type=\"application\/ld+json\" class=\"yoast-schema-graph\">{\"@context\":\"https:\\\/\\\/schema.org\",\"@graph\":[{\"@type\":\"WebPage\",\"@id\":\"https:\\\/\\\/www.sts-education.com\\\/fi\\\/vaihto-oppilas\\\/ennen-vaihto-oppilasvuotta\\\/valitse-tapasi-opiskella\\\/\",\"url\":\"https:\\\/\\\/www.sts-education.com\\\/fi\\\/vaihto-oppilas\\\/ennen-vaihto-oppilasvuotta\\\/valitse-tapasi-opiskella\\\/\",\"name\":\"Mukauta vaihto-oppilasvuosi omiin toiveisiisi\",\"isPartOf\":{\"@id\":\"https:\\\/\\\/www.sts-education.com\\\/fi\\\/#website\"},\"primaryImageOfPage\":{\"@id\":\"https:\\\/\\\/www.sts-education.com\\\/fi\\\/vaihto-oppilas\\\/ennen-vaihto-oppilasvuotta\\\/valitse-tapasi-opiskella\\\/#primaryimage\"},\"image\":{\"@id\":\"https:\\\/\\\/www.sts-education.com\\\/fi\\\/vaihto-oppilas\\\/ennen-vaihto-oppilasvuotta\\\/valitse-tapasi-opiskella\\\/#primaryimage\"},\"thumbnailUrl\":\"https:\\\/\\\/powered-by.qbank.se\\\/educatius\\\/sts\\\/\\\/1f2700e23e28608434f21942f3298107_1-1-thumb.webp\",\"datePublished\":\"2025-12-16T10:07:58+00:00\",\"dateModified\":\"2026-04-14T09:49:06+00:00\",\"description\":\"Useimmat valitsevat perinteisen vaihto-ohjelmamme. Jos kuitenkin haluat opiskella jotain tietty\u00e4 ainetta tai harrastaa tietty\u00e4 urheilulajia, tarjolla on my\u00f6s Select-ohjelma.\",\"breadcrumb\":{\"@id\":\"https:\\\/\\\/www.sts-education.com\\\/fi\\\/vaihto-oppilas\\\/ennen-vaihto-oppilasvuotta\\\/valitse-tapasi-opiskella\\\/#breadcrumb\"},\"inLanguage\":\"fi\",\"potentialAction\":[{\"@type\":\"ReadAction\",\"target\":[\"https:\\\/\\\/www.sts-education.com\\\/fi\\\/vaihto-oppilas\\\/ennen-vaihto-oppilasvuotta\\\/valitse-tapasi-opiskella\\\/\"]}]},{\"@type\":\"ImageObject\",\"inLanguage\":\"fi\",\"@id\":\"https:\\\/\\\/www.sts-education.com\\\/fi\\\/vaihto-oppilas\\\/ennen-vaihto-oppilasvuotta\\\/valitse-tapasi-opiskella\\\/#primaryimage\",\"url\":\"https:\\\/\\\/powered-by.qbank.se\\\/educatius\\\/sts\\\/\\\/1f2700e23e28608434f21942f3298107_1-1-thumb.webp\",\"contentUrl\":\"https:\\\/\\\/powered-by.qbank.se\\\/educatius\\\/sts\\\/\\\/1f2700e23e28608434f21942f3298107_1-1-thumb.webp\",\"width\":150,\"height\":150},{\"@type\":\"BreadcrumbList\",\"@id\":\"https:\\\/\\\/www.sts-education.com\\\/fi\\\/vaihto-oppilas\\\/ennen-vaihto-oppilasvuotta\\\/valitse-tapasi-opiskella\\\/#breadcrumb\",\"itemListElement\":[{\"@type\":\"ListItem\",\"position\":1,\"name\":\"Home\",\"item\":\"https:\\\/\\\/www.sts-education.com\\\/fi\\\/\"},{\"@type\":\"ListItem\",\"position\":2,\"name\":\"Vaihto-oppilas\",\"item\":\"https:\\\/\\\/www.sts-education.com\\\/fi\\\/vaihto-oppilas\\\/\"},{\"@type\":\"ListItem\",\"position\":3,\"name\":\"Ennen Vaihto Oppilasvuotta\",\"item\":\"https:\\\/\\\/www.sts-education.com\\\/fi\\\/vaihto-oppilas\\\/ennen-vaihto-oppilasvuotta\\\/\"},{\"@type\":\"ListItem\",\"position\":4,\"name\":\"Valitse Tapasi Opiskella\"}]},{\"@type\":\"WebSite\",\"@id\":\"https:\\\/\\\/www.sts-education.com\\\/fi\\\/#website\",\"url\":\"https:\\\/\\\/www.sts-education.com\\\/fi\\\/\",\"name\":\"STS Education\",\"description\":\"\",\"potentialAction\":[{\"@type\":\"SearchAction\",\"target\":{\"@type\":\"EntryPoint\",\"urlTemplate\":\"https:\\\/\\\/www.sts-education.com\\\/fi\\\/?s={search_term_string}\"},\"query-input\":{\"@type\":\"PropertyValueSpecification\",\"valueRequired\":true,\"valueName\":\"search_term_string\"}}],\"inLanguage\":\"fi\"}]}<\/script>\n<!-- \/ Yoast SEO Premium plugin. -->","yoast_head_json":{"title":"Mukauta vaihto-oppilasvuosi omiin toiveisiisi","description":"Useimmat valitsevat perinteisen vaihto-ohjelmamme. Jos kuitenkin haluat opiskella jotain tietty\u00e4 ainetta tai harrastaa tietty\u00e4 urheilulajia, tarjolla on my\u00f6s Select-ohjelma.","robots":{"index":"index","follow":"follow","max-snippet":"max-snippet:-1","max-image-preview":"max-image-preview:large","max-video-preview":"max-video-preview:-1"},"canonical":"https:\/\/www.sts-education.com\/fi\/vaihto-oppilas\/ennen-vaihto-oppilasvuotta\/valitse-tapasi-opiskella\/","og_locale":"fi_FI","og_type":"article","og_title":"Valitse Tapasi Opiskella","og_description":"Useimmat valitsevat perinteisen vaihto-ohjelmamme. Jos kuitenkin haluat opiskella jotain tietty\u00e4 ainetta tai harrastaa tietty\u00e4 urheilulajia, tarjolla on my\u00f6s Select-ohjelma.","og_url":"https:\/\/www.sts-education.com\/fi\/vaihto-oppilas\/ennen-vaihto-oppilasvuotta\/valitse-tapasi-opiskella\/","og_site_name":"STS Education","article_modified_time":"2026-04-14T09:49:06+00:00","og_image":[{"width":150,"height":150,"url":"https:\/\/powered-by.qbank.se\/educatius\/sts\/\/1f2700e23e28608434f21942f3298107_1-1-thumb.webp","type":"image\/jpeg"}],"twitter_card":"summary_large_image","twitter_misc":{"Arvioitu lukuaika":"2 minuuttia"},"schema":{"@context":"https:\/\/schema.org","@graph":[{"@type":"WebPage","@id":"https:\/\/www.sts-education.com\/fi\/vaihto-oppilas\/ennen-vaihto-oppilasvuotta\/valitse-tapasi-opiskella\/","url":"https:\/\/www.sts-education.com\/fi\/vaihto-oppilas\/ennen-vaihto-oppilasvuotta\/valitse-tapasi-opiskella\/","name":"Mukauta vaihto-oppilasvuosi omiin toiveisiisi","isPartOf":{"@id":"https:\/\/www.sts-education.com\/fi\/#website"},"primaryImageOfPage":{"@id":"https:\/\/www.sts-education.com\/fi\/vaihto-oppilas\/ennen-vaihto-oppilasvuotta\/valitse-tapasi-opiskella\/#primaryimage"},"image":{"@id":"https:\/\/www.sts-education.com\/fi\/vaihto-oppilas\/ennen-vaihto-oppilasvuotta\/valitse-tapasi-opiskella\/#primaryimage"},"thumbnailUrl":"https:\/\/powered-by.qbank.se\/educatius\/sts\/\/1f2700e23e28608434f21942f3298107_1-1-thumb.webp","datePublished":"2025-12-16T10:07:58+00:00","dateModified":"2026-04-14T09:49:06+00:00","description":"Useimmat valitsevat perinteisen vaihto-ohjelmamme. Jos kuitenkin haluat opiskella jotain tietty\u00e4 ainetta tai harrastaa tietty\u00e4 urheilulajia, tarjolla on my\u00f6s Select-ohjelma.","breadcrumb":{"@id":"https:\/\/www.sts-education.com\/fi\/vaihto-oppilas\/ennen-vaihto-oppilasvuotta\/valitse-tapasi-opiskella\/#breadcrumb"},"inLanguage":"fi","potentialAction":[{"@type":"ReadAction","target":["https:\/\/www.sts-education.com\/fi\/vaihto-oppilas\/ennen-vaihto-oppilasvuotta\/valitse-tapasi-opiskella\/"]}]},{"@type":"ImageObject","inLanguage":"fi","@id":"https:\/\/www.sts-education.com\/fi\/vaihto-oppilas\/ennen-vaihto-oppilasvuotta\/valitse-tapasi-opiskella\/#primaryimage","url":"https:\/\/powered-by.qbank.se\/educatius\/sts\/\/1f2700e23e28608434f21942f3298107_1-1-thumb.webp","contentUrl":"https:\/\/powered-by.qbank.se\/educatius\/sts\/\/1f2700e23e28608434f21942f3298107_1-1-thumb.webp","width":150,"height":150},{"@type":"BreadcrumbList","@id":"https:\/\/www.sts-education.com\/fi\/vaihto-oppilas\/ennen-vaihto-oppilasvuotta\/valitse-tapasi-opiskella\/#breadcrumb","itemListElement":[{"@type":"ListItem","position":1,"name":"Home","item":"https:\/\/www.sts-education.com\/fi\/"},{"@type":"ListItem","position":2,"name":"Vaihto-oppilas","item":"https:\/\/www.sts-education.com\/fi\/vaihto-oppilas\/"},{"@type":"ListItem","position":3,"name":"Ennen Vaihto Oppilasvuotta","item":"https:\/\/www.sts-education.com\/fi\/vaihto-oppilas\/ennen-vaihto-oppilasvuotta\/"},{"@type":"ListItem","position":4,"name":"Valitse Tapasi Opiskella"}]},{"@type":"WebSite","@id":"https:\/\/www.sts-education.com\/fi\/#website","url":"https:\/\/www.sts-education.com\/fi\/","name":"STS Education","description":"","potentialAction":[{"@type":"SearchAction","target":{"@type":"EntryPoint","urlTemplate":"https:\/\/www.sts-education.com\/fi\/?s={search_term_string}"},"query-input":{"@type":"PropertyValueSpecification","valueRequired":true,"valueName":"search_term_string"}}],"inLanguage":"fi"}]}},"_links":{"self":[{"href":"https:\/\/www.sts-education.com\/fi\/wp-json\/wp\/v2\/pages\/10494","targetHints":{"allow":["GET"]}}],"collection":[{"href":"https:\/\/www.sts-education.com\/fi\/wp-json\/wp\/v2\/pages"}],"about":[{"href":"https:\/\/www.sts-education.com\/fi\/wp-json\/wp\/v2\/types\/page"}],"author":[{"embeddable":true,"href":"https:\/\/www.sts-education.com\/fi\/wp-json\/wp\/v2\/users\/20"}],"replies":[{"embeddable":true,"href":"https:\/\/www.sts-education.com\/fi\/wp-json\/wp\/v2\/comments?post=10494"}],"version-history":[{"count":5,"href":"https:\/\/www.sts-education.com\/fi\/wp-json\/wp\/v2\/pages\/10494\/revisions"}],"predecessor-version":[{"id":33129,"href":"https:\/\/www.sts-education.com\/fi\/wp-json\/wp\/v2\/pages\/10494\/revisions\/33129"}],"up":[{"embeddable":true,"href":"https:\/\/www.sts-education.com\/fi\/wp-json\/wp\/v2\/pages\/10469"}],"wp:featuredmedia":[{"embeddable":true,"href":"https:\/\/www.sts-education.com\/fi\/wp-json\/wp\/v2\/media\/15491"}],"wp:attachment":[{"href":"https:\/\/www.sts-education.com\/fi\/wp-json\/wp\/v2\/media?parent=10494"}],"wp:term":[{"taxonomy":"wpw_page_folders","embeddable":true,"href":"https:\/\/www.sts-education.com\/fi\/wp-json\/wp\/v2\/wpw_page_folders?post=10494"}],"curies":[{"name":"wp","href":"https:\/\/api.w.org\/{rel}","templated":true}]}}