{"id":10495,"date":"2025-12-16T10:08:36","date_gmt":"2025-12-16T10:08:36","guid":{"rendered":"https:\/\/preprod.sts-education.com\/vaihto-oppilas\/ennen-vaihto-oppilasvuotta\/valmistaudu-kielikursseillamme\/"},"modified":"2026-04-14T09:49:05","modified_gmt":"2026-04-14T09:49:05","slug":"valmistaudu-kielikursseillamme","status":"publish","type":"page","link":"https:\/\/www.sts-education.com\/fi\/vaihto-oppilas\/ennen-vaihto-oppilasvuotta\/valmistaudu-kielikursseillamme\/","title":{"rendered":"Valmistaudu Kielikursseillamme"},"content":{"rendered":"\n<section class=\"wp-block-sts-hero sts-block-hero is-variant-full-background has-text-light has-background-media\" style=\"--sts-hero-padding-mobile:0px;--sts-hero-padding-desktop:0px;--sts-hero-text-color:var(--wp--preset--color--base-10, #fff);\" data-variant=\"full-background\"><div class=\"sts-block-hero__background\"><picture class=\"sts-responsive-image has-fit-cover is-skeleton\"><img src=\"https:\/\/cdn.sts-education.com\/13655_hero_lg_xl.jpg\" alt=\"Valmistaudu kielikurssilla!\" loading=\"lazy\" decoding=\"async\" fetchpriority=\"low\" sizes=\"100vw\" \/><\/picture><span class=\"sts-block-hero__overlay\" aria-hidden=\"true\"><\/span><\/div><div class=\"sts-block-hero__inner\"><div class=\"sts-block-hero__content has-align-center\"><div class=\"sts-block-hero__content-inner\"><h1 class=\"sts-block-hero__heading\">Valmistaudu kielikurssilla!<\/h1><\/div><\/div><\/div><\/section>\n\n\n\n<div class=\"wp-block-sts-text sts-text-editor has-max-width-md\"><div class=\"sts-text-editor__content\"><div class=\"sts-text-editor__content-inner\">\n<p>Oletko l\u00e4hd\u00f6ss\u00e4 vaihtoon englannin-, espanjan-, saksan- tai italiankieliseen maahan? Valmistaudu digitaalisen kielikurssimme avulla! Se auttaa sinua hallitsemaan kielen heti maahan saavuttuasi, ja helpottaa sinua ymm\u00e4rt\u00e4m\u00e4\u00e4n heti alusta alkaen, mit\u00e4 uudet yst\u00e4v\u00e4si, is\u00e4nt\u00e4perheesi ja opettajasi puhuvat.<\/p>\n\n<h2>N\u00e4ill\u00e4 kursseilla opit<\/h2>\n\n<ul><li>Pienryhmiss\u00e4 samojen opettajien ja kurssikavereiden kanssa koko kurssin ajan.<\/li>\n<li>Kielt\u00e4 jokap\u00e4iv\u00e4isiin tilanteisiin, joita kohtaat ulkomailla vietett\u00e4v\u00e4n vuoden aikana.<\/li>\n<li>Kohdemaan perinteit\u00e4 ja arkea interaktiivisten kulttuurituntien avulla.<\/li><\/ul>\n\n<p>Oppitunnit syvent\u00e4v\u00e4t ymm\u00e4rryst\u00e4si paikallisesta el\u00e4m\u00e4st\u00e4 ja tekev\u00e4t ulkomailla vietetyst\u00e4 vuodesta sek\u00e4 kielellisesti rikastuttavan ett\u00e4 kulttuurisesti merkityksellisen.<\/p>\n\n<p>Saat my\u00f6s todistuksen osallistumisesta kurssin lopussa!<\/p>\n\n<h2>Aloitusp\u00e4iv\u00e4 ja -ajat<\/h2>\n\n<p><strong>Englanti<\/strong> (katso <a href=\"https:\/\/www.sts-education.com\/fi\/vaihto-oppilas\/kohdemaat\/pohjois-amerikka\/usa\/#lis%C3%A4palvelut\">hinta<\/a>)<\/p>\n\n<p>Kurssi on tarjolla useilla eri tasoilla, se sis\u00e4lt\u00e4\u00e4 35 tuntia opetusta, ja se j\u00e4rjestet\u00e4\u00e4n useita kertoja ymp\u00e4ri vuoden.<\/p>\n\n<p><strong>Espanja, saksa, italia, ranska<\/strong><\/p>\n\n<p>Kurssit ovat saatavilla eri tasoilla, sis\u00e4lt\u00e4v\u00e4t 15 tuntia opiskelua ja alkavat yleens\u00e4 huhtikuussa.<\/p>\n\n<p><a href=\"https:\/\/www.sts-education.com\/fi\/vaihto-oppilas\/kohdemaat\/eurooppa\/espanja\/#lis%C3%A4palvelut\">Espanjan kurssin hinta<\/a><\/p>\n\n<p><a href=\"https:\/\/www.sts-education.com\/fi\/vaihto-oppilas\/kohdemaat\/eurooppa\/saksa\/#lis%C3%A4palvelut\">Saksan kurssin hinta<\/a><\/p>\n\n<p><a href=\"https:\/\/www.sts-education.com\/fi\/vaihto-oppilas\/kohdemaat\/eurooppa\/italia\/#lis%C3%A4palvelut\">Italian kurssin hinta<\/a><\/p>\n\n<p><a href=\"https:\/\/www.sts-education.com\/fi\/vaihto-oppilas\/kohdemaat\/eurooppa\/ranska\/#lis%C3%A4palvelut\">Ranskan kurssin hinta<\/a><\/p>\n\n<p>Ota yhteytt\u00e4 <a href=\"https:\/\/www.sts-education.com\/fi\/meista\/ota-meihin-yhteytta\/\">paikalliseen STS-toimistoon<\/a> saadaksesi lis\u00e4tietoja.<\/p>\n<\/div><\/div><\/div>\n","protected":false},"excerpt":{"rendered":"","protected":false},"author":20,"featured_media":0,"parent":10469,"menu_order":0,"comment_status":"closed","ping_status":"closed","template":"templates\/template-default-with-breadcrumbs.php","meta":{"_acf_changed":false,"sts_page_background_color":"","footnotes":""},"wpw_page_folders":[80],"class_list":["post-10495","page","type-page","status-publish","hentry"],"acf":[],"yoast_head":"<!-- This site is optimized with the Yoast SEO Premium plugin v27.2 (Yoast SEO v27.3) - https:\/\/yoast.com\/product\/yoast-seo-premium-wordpress\/ -->\n<title>Valmistaudu kielikurssilla!<\/title>\n<meta name=\"description\" content=\"Oletko l\u00e4hd\u00f6ss\u00e4 vaihtoon englannin-, espanjan-, saksan- tai italiankieliseen maahan? Valmistaudu digitaalisen kielikurssimme avulla!\" \/>\n<meta name=\"robots\" content=\"index, follow, max-snippet:-1, max-image-preview:large, max-video-preview:-1\" \/>\n<link rel=\"canonical\" href=\"https:\/\/www.sts-education.com\/fi\/vaihto-oppilas\/ennen-vaihto-oppilasvuotta\/valmistaudu-kielikursseillamme\/\" \/>\n<meta property=\"og:locale\" content=\"fi_FI\" \/>\n<meta property=\"og:type\" content=\"article\" \/>\n<meta property=\"og:title\" content=\"Valmistaudu Kielikursseillamme\" \/>\n<meta property=\"og:description\" content=\"Oletko l\u00e4hd\u00f6ss\u00e4 vaihtoon englannin-, espanjan-, saksan- tai italiankieliseen maahan? Valmistaudu digitaalisen kielikurssimme avulla!\" \/>\n<meta property=\"og:url\" content=\"https:\/\/www.sts-education.com\/fi\/vaihto-oppilas\/ennen-vaihto-oppilasvuotta\/valmistaudu-kielikursseillamme\/\" \/>\n<meta property=\"og:site_name\" content=\"STS Education\" \/>\n<meta property=\"article:modified_time\" content=\"2026-04-14T09:49:05+00:00\" \/>\n<meta property=\"og:image\" content=\"https:\/\/cdn.sts-education.com\/13655_hero_lg_xl.jpg\" \/>\n<meta name=\"twitter:card\" content=\"summary_large_image\" \/>\n<meta name=\"twitter:label1\" content=\"Arvioitu lukuaika\" \/>\n\t<meta name=\"twitter:data1\" content=\"1 minuutti\" \/>\n<script type=\"application\/ld+json\" class=\"yoast-schema-graph\">{\"@context\":\"https:\\\/\\\/schema.org\",\"@graph\":[{\"@type\":\"WebPage\",\"@id\":\"https:\\\/\\\/www.sts-education.com\\\/fi\\\/vaihto-oppilas\\\/ennen-vaihto-oppilasvuotta\\\/valmistaudu-kielikursseillamme\\\/\",\"url\":\"https:\\\/\\\/www.sts-education.com\\\/fi\\\/vaihto-oppilas\\\/ennen-vaihto-oppilasvuotta\\\/valmistaudu-kielikursseillamme\\\/\",\"name\":\"Valmistaudu kielikurssilla!\",\"isPartOf\":{\"@id\":\"https:\\\/\\\/www.sts-education.com\\\/fi\\\/#website\"},\"primaryImageOfPage\":{\"@id\":\"https:\\\/\\\/www.sts-education.com\\\/fi\\\/vaihto-oppilas\\\/ennen-vaihto-oppilasvuotta\\\/valmistaudu-kielikursseillamme\\\/#primaryimage\"},\"image\":{\"@id\":\"https:\\\/\\\/www.sts-education.com\\\/fi\\\/vaihto-oppilas\\\/ennen-vaihto-oppilasvuotta\\\/valmistaudu-kielikursseillamme\\\/#primaryimage\"},\"thumbnailUrl\":\"https:\\\/\\\/cdn.sts-education.com\\\/13655_hero_lg_xl.jpg\",\"datePublished\":\"2025-12-16T10:08:36+00:00\",\"dateModified\":\"2026-04-14T09:49:05+00:00\",\"description\":\"Oletko l\u00e4hd\u00f6ss\u00e4 vaihtoon englannin-, espanjan-, saksan- tai italiankieliseen maahan? Valmistaudu digitaalisen kielikurssimme avulla!\",\"breadcrumb\":{\"@id\":\"https:\\\/\\\/www.sts-education.com\\\/fi\\\/vaihto-oppilas\\\/ennen-vaihto-oppilasvuotta\\\/valmistaudu-kielikursseillamme\\\/#breadcrumb\"},\"inLanguage\":\"fi\",\"potentialAction\":[{\"@type\":\"ReadAction\",\"target\":[\"https:\\\/\\\/www.sts-education.com\\\/fi\\\/vaihto-oppilas\\\/ennen-vaihto-oppilasvuotta\\\/valmistaudu-kielikursseillamme\\\/\"]}]},{\"@type\":\"ImageObject\",\"inLanguage\":\"fi\",\"@id\":\"https:\\\/\\\/www.sts-education.com\\\/fi\\\/vaihto-oppilas\\\/ennen-vaihto-oppilasvuotta\\\/valmistaudu-kielikursseillamme\\\/#primaryimage\",\"url\":\"https:\\\/\\\/cdn.sts-education.com\\\/13655_hero_lg_xl.jpg\",\"contentUrl\":\"https:\\\/\\\/cdn.sts-education.com\\\/13655_hero_lg_xl.jpg\"},{\"@type\":\"BreadcrumbList\",\"@id\":\"https:\\\/\\\/www.sts-education.com\\\/fi\\\/vaihto-oppilas\\\/ennen-vaihto-oppilasvuotta\\\/valmistaudu-kielikursseillamme\\\/#breadcrumb\",\"itemListElement\":[{\"@type\":\"ListItem\",\"position\":1,\"name\":\"Home\",\"item\":\"https:\\\/\\\/www.sts-education.com\\\/fi\\\/\"},{\"@type\":\"ListItem\",\"position\":2,\"name\":\"Vaihto-oppilas\",\"item\":\"https:\\\/\\\/www.sts-education.com\\\/fi\\\/vaihto-oppilas\\\/\"},{\"@type\":\"ListItem\",\"position\":3,\"name\":\"Ennen Vaihto Oppilasvuotta\",\"item\":\"https:\\\/\\\/www.sts-education.com\\\/fi\\\/vaihto-oppilas\\\/ennen-vaihto-oppilasvuotta\\\/\"},{\"@type\":\"ListItem\",\"position\":4,\"name\":\"Valmistaudu Kielikursseillamme\"}]},{\"@type\":\"WebSite\",\"@id\":\"https:\\\/\\\/www.sts-education.com\\\/fi\\\/#website\",\"url\":\"https:\\\/\\\/www.sts-education.com\\\/fi\\\/\",\"name\":\"STS Education\",\"description\":\"\",\"potentialAction\":[{\"@type\":\"SearchAction\",\"target\":{\"@type\":\"EntryPoint\",\"urlTemplate\":\"https:\\\/\\\/www.sts-education.com\\\/fi\\\/?s={search_term_string}\"},\"query-input\":{\"@type\":\"PropertyValueSpecification\",\"valueRequired\":true,\"valueName\":\"search_term_string\"}}],\"inLanguage\":\"fi\"}]}<\/script>\n<!-- \/ Yoast SEO Premium plugin. -->","yoast_head_json":{"title":"Valmistaudu kielikurssilla!","description":"Oletko l\u00e4hd\u00f6ss\u00e4 vaihtoon englannin-, espanjan-, saksan- tai italiankieliseen maahan? Valmistaudu digitaalisen kielikurssimme avulla!","robots":{"index":"index","follow":"follow","max-snippet":"max-snippet:-1","max-image-preview":"max-image-preview:large","max-video-preview":"max-video-preview:-1"},"canonical":"https:\/\/www.sts-education.com\/fi\/vaihto-oppilas\/ennen-vaihto-oppilasvuotta\/valmistaudu-kielikursseillamme\/","og_locale":"fi_FI","og_type":"article","og_title":"Valmistaudu Kielikursseillamme","og_description":"Oletko l\u00e4hd\u00f6ss\u00e4 vaihtoon englannin-, espanjan-, saksan- tai italiankieliseen maahan? Valmistaudu digitaalisen kielikurssimme avulla!","og_url":"https:\/\/www.sts-education.com\/fi\/vaihto-oppilas\/ennen-vaihto-oppilasvuotta\/valmistaudu-kielikursseillamme\/","og_site_name":"STS Education","article_modified_time":"2026-04-14T09:49:05+00:00","og_image":[{"url":"https:\/\/cdn.sts-education.com\/13655_hero_lg_xl.jpg","type":"","width":"","height":""}],"twitter_card":"summary_large_image","twitter_misc":{"Arvioitu lukuaika":"1 minuutti"},"schema":{"@context":"https:\/\/schema.org","@graph":[{"@type":"WebPage","@id":"https:\/\/www.sts-education.com\/fi\/vaihto-oppilas\/ennen-vaihto-oppilasvuotta\/valmistaudu-kielikursseillamme\/","url":"https:\/\/www.sts-education.com\/fi\/vaihto-oppilas\/ennen-vaihto-oppilasvuotta\/valmistaudu-kielikursseillamme\/","name":"Valmistaudu kielikurssilla!","isPartOf":{"@id":"https:\/\/www.sts-education.com\/fi\/#website"},"primaryImageOfPage":{"@id":"https:\/\/www.sts-education.com\/fi\/vaihto-oppilas\/ennen-vaihto-oppilasvuotta\/valmistaudu-kielikursseillamme\/#primaryimage"},"image":{"@id":"https:\/\/www.sts-education.com\/fi\/vaihto-oppilas\/ennen-vaihto-oppilasvuotta\/valmistaudu-kielikursseillamme\/#primaryimage"},"thumbnailUrl":"https:\/\/cdn.sts-education.com\/13655_hero_lg_xl.jpg","datePublished":"2025-12-16T10:08:36+00:00","dateModified":"2026-04-14T09:49:05+00:00","description":"Oletko l\u00e4hd\u00f6ss\u00e4 vaihtoon englannin-, espanjan-, saksan- tai italiankieliseen maahan? Valmistaudu digitaalisen kielikurssimme avulla!","breadcrumb":{"@id":"https:\/\/www.sts-education.com\/fi\/vaihto-oppilas\/ennen-vaihto-oppilasvuotta\/valmistaudu-kielikursseillamme\/#breadcrumb"},"inLanguage":"fi","potentialAction":[{"@type":"ReadAction","target":["https:\/\/www.sts-education.com\/fi\/vaihto-oppilas\/ennen-vaihto-oppilasvuotta\/valmistaudu-kielikursseillamme\/"]}]},{"@type":"ImageObject","inLanguage":"fi","@id":"https:\/\/www.sts-education.com\/fi\/vaihto-oppilas\/ennen-vaihto-oppilasvuotta\/valmistaudu-kielikursseillamme\/#primaryimage","url":"https:\/\/cdn.sts-education.com\/13655_hero_lg_xl.jpg","contentUrl":"https:\/\/cdn.sts-education.com\/13655_hero_lg_xl.jpg"},{"@type":"BreadcrumbList","@id":"https:\/\/www.sts-education.com\/fi\/vaihto-oppilas\/ennen-vaihto-oppilasvuotta\/valmistaudu-kielikursseillamme\/#breadcrumb","itemListElement":[{"@type":"ListItem","position":1,"name":"Home","item":"https:\/\/www.sts-education.com\/fi\/"},{"@type":"ListItem","position":2,"name":"Vaihto-oppilas","item":"https:\/\/www.sts-education.com\/fi\/vaihto-oppilas\/"},{"@type":"ListItem","position":3,"name":"Ennen Vaihto Oppilasvuotta","item":"https:\/\/www.sts-education.com\/fi\/vaihto-oppilas\/ennen-vaihto-oppilasvuotta\/"},{"@type":"ListItem","position":4,"name":"Valmistaudu Kielikursseillamme"}]},{"@type":"WebSite","@id":"https:\/\/www.sts-education.com\/fi\/#website","url":"https:\/\/www.sts-education.com\/fi\/","name":"STS Education","description":"","potentialAction":[{"@type":"SearchAction","target":{"@type":"EntryPoint","urlTemplate":"https:\/\/www.sts-education.com\/fi\/?s={search_term_string}"},"query-input":{"@type":"PropertyValueSpecification","valueRequired":true,"valueName":"search_term_string"}}],"inLanguage":"fi"}]}},"_links":{"self":[{"href":"https:\/\/www.sts-education.com\/fi\/wp-json\/wp\/v2\/pages\/10495","targetHints":{"allow":["GET"]}}],"collection":[{"href":"https:\/\/www.sts-education.com\/fi\/wp-json\/wp\/v2\/pages"}],"about":[{"href":"https:\/\/www.sts-education.com\/fi\/wp-json\/wp\/v2\/types\/page"}],"author":[{"embeddable":true,"href":"https:\/\/www.sts-education.com\/fi\/wp-json\/wp\/v2\/users\/20"}],"replies":[{"embeddable":true,"href":"https:\/\/www.sts-education.com\/fi\/wp-json\/wp\/v2\/comments?post=10495"}],"version-history":[{"count":4,"href":"https:\/\/www.sts-education.com\/fi\/wp-json\/wp\/v2\/pages\/10495\/revisions"}],"predecessor-version":[{"id":33128,"href":"https:\/\/www.sts-education.com\/fi\/wp-json\/wp\/v2\/pages\/10495\/revisions\/33128"}],"up":[{"embeddable":true,"href":"https:\/\/www.sts-education.com\/fi\/wp-json\/wp\/v2\/pages\/10469"}],"wp:attachment":[{"href":"https:\/\/www.sts-education.com\/fi\/wp-json\/wp\/v2\/media?parent=10495"}],"wp:term":[{"taxonomy":"wpw_page_folders","embeddable":true,"href":"https:\/\/www.sts-education.com\/fi\/wp-json\/wp\/v2\/wpw_page_folders?post=10495"}],"curies":[{"name":"wp","href":"https:\/\/api.w.org\/{rel}","templated":true}]}}