{"id":10496,"date":"2025-12-16T10:18:24","date_gmt":"2025-12-16T10:18:24","guid":{"rendered":"https:\/\/preprod.sts-education.com\/vaihto-oppilas\/faktaa-ja-hintatietoja\/kaikki-tama-sisaltyy-hintaan\/"},"modified":"2026-04-14T09:48:55","modified_gmt":"2026-04-14T09:48:55","slug":"kaikki-tama-sisaltyy-hintaan","status":"publish","type":"page","link":"https:\/\/www.sts-education.com\/fi\/vaihto-oppilas\/faktaa-ja-hintatietoja\/kaikki-tama-sisaltyy-hintaan\/","title":{"rendered":"Kaikki Tama Sisaltyy Hintaan"},"content":{"rendered":"\n<section class=\"wp-block-sts-hero sts-block-hero is-variant-full-background has-text-light has-background-media\" style=\"--sts-hero-padding-mobile:0px;--sts-hero-padding-desktop:0px;--sts-hero-text-color:var(--wp--preset--color--base-10, #fff);\" data-variant=\"full-background\"><div class=\"sts-block-hero__background\"><picture class=\"sts-responsive-image has-fit-cover is-skeleton\"><img src=\"https:\/\/cdn.sts-education.com\/12639_hero_lg_xl.jpg\" alt=\"Kaikki t\u00e4m\u00e4 sis\u00e4ltyy hintaan\" loading=\"lazy\" decoding=\"async\" fetchpriority=\"low\" sizes=\"100vw\" \/><\/picture><span class=\"sts-block-hero__overlay\" aria-hidden=\"true\"><\/span><\/div><div class=\"sts-block-hero__inner\"><div class=\"sts-block-hero__content has-align-center\"><div class=\"sts-block-hero__content-inner\"><h1 class=\"sts-block-hero__heading\">Kaikki t\u00e4m\u00e4 sis\u00e4ltyy hintaan<\/h1><\/div><\/div><\/div><\/section>\n\n\n\n<div class=\"wp-block-sts-text sts-text-editor has-max-width-md\"><div class=\"sts-text-editor__content\"><div class=\"sts-text-editor__content-inner\">\n<p>Kuten tulet huomaamaan, vuotesi vaihto-oppilaana on t\u00e4ynn\u00e4 unohtumattomia kokemuksia. Koet ihania hetki\u00e4, joista j\u00e4\u00e4 elinik\u00e4iset muistot.<\/p>\n\n<p>Kun l\u00e4hdet STS:n vaihto-oppilaaksi, k\u00e4ytett\u00e4viss\u00e4si on kaikki p\u00e4tevien asiantuntijoidemme osaaminen ja tuki, joten vuodestasi tulee paras mahdollinen.<\/p>\n\n<h2>Kaikki t\u00e4m\u00e4 sis\u00e4ltyy STS:n vaihto-ohjelmaan<\/h2>\n\n<ul><li>Haastattelu, tapaamisia ja materiaalia, jonka avulla sin\u00e4 ja vanhempasi valmistautuvat vaihtovuoteen<\/li>\n<li>STS Welcome Camp sis\u00e4ltyy hintaan l\u00e4hes kaikissa kohteissa, kun vaihto-oppilaaksi l\u00e4ht\u00f6 on syksyll\u00e4.<\/li>\n<li>Meno-paluumatka kohdemaahan junalla tai lent\u00e4en<\/li>\n<li>L\u00e4ht\u00f6takuu &#8211; Jos sinut hyv\u00e4ksyt\u00e4\u00e4n, mutta et jostain syyst\u00e4 p\u00e4\u00e4se alkuper\u00e4isen valintasi mukaiseen ohjelmaan, voimme aina tarjota sinulle vaihtoehtoisen paikan. <\/li>\n<li>STS-reppu<\/li>\n<li>Paikallinen ty\u00f6ntekij\u00e4 tai is\u00e4nt\u00e4perhe tapaa sinut asemalla tai lentokent\u00e4ll\u00e4<\/li>\n<li>Sijoitus is\u00e4nt\u00e4perheeseen ja t\u00e4ysihoito<\/li>\n<li>STS:n aluevalvojat, paikallistoimisto ja p\u00e4\u00e4konttori k\u00e4ytett\u00e4viss\u00e4 koko ohjelman ajan<\/li>\n<li>H\u00e4t\u00e4puhelin 24 h \u2013 tavoitat meid\u00e4t aina<\/li>\n<li>Infotilaisuudet kouluvuoden aikana paikallisten aluevalvojien ja muiden vaihto-oppilaiden kanssa<\/li>\n<li>Todistus suoritetusta vaihto-oppilasvuodesta<\/li><\/ul>\n\n<h2>Lis\u00e4maksut<\/h2>\n\n<p>Haluat ehk\u00e4 valita vaihto-ohjelmaasi joitakin <a href=\"https:\/\/www.sts-education.com\/fi\/vaihto-oppilas\/faktaa-ja-hintatietoja\/lisapalvelut\/\">lis\u00e4palveluja<\/a>, joista voidaan veloittaa lis\u00e4maksuja. Lis\u00e4maksuja aiheutuu seuraavista:<\/p>\n\n<ul><li>Terveystarkastukset<\/li>\n<li>Mahdolliset rokotukset<\/li>\n<li>Mahdollinen viisumi ja siihen liittyv\u00e4t maksut<\/li>\n<li>Peruutusturva<\/li>\n<li>Taskurahat<\/li>\n<li>Hygieniatuotteet<\/li>\n<li>Lentoverot ja muut lentoyhti\u00f6n veloittamat lis\u00e4kulut<\/li>\n<li>Mahdolliset matkat ja muut aktiviteetit vaihtokohteessa<\/li>\n<li>Koulussa mahdollisesti vaadittava koulupuku<\/li>\n<li>Kouluruoka<\/li>\n<li>Julkinen liikenne \/ koulukyyti<\/li>\n<li>Vakuutus<\/li>\n<li>Mahdolliset valuuttalis\u00e4t<\/li>\n<li>Mahdollisesta erityisruokavaliosta voidaan veloittaa lis\u00e4maksu.<\/li><\/ul>\n<\/div><\/div><\/div>\n","protected":false},"excerpt":{"rendered":"","protected":false},"author":20,"featured_media":0,"parent":10470,"menu_order":0,"comment_status":"closed","ping_status":"closed","template":"templates\/template-default-with-breadcrumbs.php","meta":{"_acf_changed":false,"sts_page_background_color":"","footnotes":""},"wpw_page_folders":[86],"class_list":["post-10496","page","type-page","status-publish","hentry"],"acf":[],"yoast_head":"<!-- This site is optimized with the Yoast SEO Premium plugin v27.2 (Yoast SEO v27.3) - https:\/\/yoast.com\/product\/yoast-seo-premium-wordpress\/ -->\n<title>Mit\u00e4 vaihto-oppilasvuoden hintaan sis\u00e4ltyy<\/title>\n<meta name=\"description\" content=\"Kaikki t\u00e4m\u00e4 sis\u00e4ltyy STS:n vaihto-ohjelmaan. Haastattelu, Welcome Camp, matkat, koulu, asuminen, todistus ja paljon muuta.\" \/>\n<meta name=\"robots\" content=\"index, follow, max-snippet:-1, max-image-preview:large, max-video-preview:-1\" \/>\n<link rel=\"canonical\" href=\"https:\/\/www.sts-education.com\/fi\/vaihto-oppilas\/faktaa-ja-hintatietoja\/kaikki-tama-sisaltyy-hintaan\/\" \/>\n<meta property=\"og:locale\" content=\"fi_FI\" \/>\n<meta property=\"og:type\" content=\"article\" \/>\n<meta property=\"og:title\" content=\"Kaikki Tama Sisaltyy Hintaan\" \/>\n<meta property=\"og:description\" content=\"Kaikki t\u00e4m\u00e4 sis\u00e4ltyy STS:n vaihto-ohjelmaan. Haastattelu, Welcome Camp, matkat, koulu, asuminen, todistus ja paljon muuta.\" \/>\n<meta property=\"og:url\" content=\"https:\/\/www.sts-education.com\/fi\/vaihto-oppilas\/faktaa-ja-hintatietoja\/kaikki-tama-sisaltyy-hintaan\/\" \/>\n<meta property=\"og:site_name\" content=\"STS Education\" \/>\n<meta property=\"article:modified_time\" content=\"2026-04-14T09:48:55+00:00\" \/>\n<meta property=\"og:image\" content=\"https:\/\/cdn.sts-education.com\/12639_hero_lg_xl.jpg\" \/>\n<meta name=\"twitter:card\" content=\"summary_large_image\" \/>\n<meta name=\"twitter:label1\" content=\"Arvioitu lukuaika\" \/>\n\t<meta name=\"twitter:data1\" content=\"1 minuutti\" \/>\n<script type=\"application\/ld+json\" class=\"yoast-schema-graph\">{\"@context\":\"https:\\\/\\\/schema.org\",\"@graph\":[{\"@type\":\"WebPage\",\"@id\":\"https:\\\/\\\/www.sts-education.com\\\/fi\\\/vaihto-oppilas\\\/faktaa-ja-hintatietoja\\\/kaikki-tama-sisaltyy-hintaan\\\/\",\"url\":\"https:\\\/\\\/www.sts-education.com\\\/fi\\\/vaihto-oppilas\\\/faktaa-ja-hintatietoja\\\/kaikki-tama-sisaltyy-hintaan\\\/\",\"name\":\"Mit\u00e4 vaihto-oppilasvuoden hintaan sis\u00e4ltyy\",\"isPartOf\":{\"@id\":\"https:\\\/\\\/www.sts-education.com\\\/fi\\\/#website\"},\"primaryImageOfPage\":{\"@id\":\"https:\\\/\\\/www.sts-education.com\\\/fi\\\/vaihto-oppilas\\\/faktaa-ja-hintatietoja\\\/kaikki-tama-sisaltyy-hintaan\\\/#primaryimage\"},\"image\":{\"@id\":\"https:\\\/\\\/www.sts-education.com\\\/fi\\\/vaihto-oppilas\\\/faktaa-ja-hintatietoja\\\/kaikki-tama-sisaltyy-hintaan\\\/#primaryimage\"},\"thumbnailUrl\":\"https:\\\/\\\/cdn.sts-education.com\\\/12639_hero_lg_xl.jpg\",\"datePublished\":\"2025-12-16T10:18:24+00:00\",\"dateModified\":\"2026-04-14T09:48:55+00:00\",\"description\":\"Kaikki t\u00e4m\u00e4 sis\u00e4ltyy STS:n vaihto-ohjelmaan. Haastattelu, Welcome Camp, matkat, koulu, asuminen, todistus ja paljon muuta.\",\"breadcrumb\":{\"@id\":\"https:\\\/\\\/www.sts-education.com\\\/fi\\\/vaihto-oppilas\\\/faktaa-ja-hintatietoja\\\/kaikki-tama-sisaltyy-hintaan\\\/#breadcrumb\"},\"inLanguage\":\"fi\",\"potentialAction\":[{\"@type\":\"ReadAction\",\"target\":[\"https:\\\/\\\/www.sts-education.com\\\/fi\\\/vaihto-oppilas\\\/faktaa-ja-hintatietoja\\\/kaikki-tama-sisaltyy-hintaan\\\/\"]}]},{\"@type\":\"ImageObject\",\"inLanguage\":\"fi\",\"@id\":\"https:\\\/\\\/www.sts-education.com\\\/fi\\\/vaihto-oppilas\\\/faktaa-ja-hintatietoja\\\/kaikki-tama-sisaltyy-hintaan\\\/#primaryimage\",\"url\":\"https:\\\/\\\/cdn.sts-education.com\\\/12639_hero_lg_xl.jpg\",\"contentUrl\":\"https:\\\/\\\/cdn.sts-education.com\\\/12639_hero_lg_xl.jpg\"},{\"@type\":\"BreadcrumbList\",\"@id\":\"https:\\\/\\\/www.sts-education.com\\\/fi\\\/vaihto-oppilas\\\/faktaa-ja-hintatietoja\\\/kaikki-tama-sisaltyy-hintaan\\\/#breadcrumb\",\"itemListElement\":[{\"@type\":\"ListItem\",\"position\":1,\"name\":\"Home\",\"item\":\"https:\\\/\\\/www.sts-education.com\\\/fi\\\/\"},{\"@type\":\"ListItem\",\"position\":2,\"name\":\"Vaihto-oppilas\",\"item\":\"https:\\\/\\\/www.sts-education.com\\\/fi\\\/vaihto-oppilas\\\/\"},{\"@type\":\"ListItem\",\"position\":3,\"name\":\"Faktaa Ja Hintatietoja\",\"item\":\"https:\\\/\\\/www.sts-education.com\\\/fi\\\/vaihto-oppilas\\\/faktaa-ja-hintatietoja\\\/\"},{\"@type\":\"ListItem\",\"position\":4,\"name\":\"Kaikki Tama Sisaltyy Hintaan\"}]},{\"@type\":\"WebSite\",\"@id\":\"https:\\\/\\\/www.sts-education.com\\\/fi\\\/#website\",\"url\":\"https:\\\/\\\/www.sts-education.com\\\/fi\\\/\",\"name\":\"STS Education\",\"description\":\"\",\"potentialAction\":[{\"@type\":\"SearchAction\",\"target\":{\"@type\":\"EntryPoint\",\"urlTemplate\":\"https:\\\/\\\/www.sts-education.com\\\/fi\\\/?s={search_term_string}\"},\"query-input\":{\"@type\":\"PropertyValueSpecification\",\"valueRequired\":true,\"valueName\":\"search_term_string\"}}],\"inLanguage\":\"fi\"}]}<\/script>\n<!-- \/ Yoast SEO Premium plugin. -->","yoast_head_json":{"title":"Mit\u00e4 vaihto-oppilasvuoden hintaan sis\u00e4ltyy","description":"Kaikki t\u00e4m\u00e4 sis\u00e4ltyy STS:n vaihto-ohjelmaan. Haastattelu, Welcome Camp, matkat, koulu, asuminen, todistus ja paljon muuta.","robots":{"index":"index","follow":"follow","max-snippet":"max-snippet:-1","max-image-preview":"max-image-preview:large","max-video-preview":"max-video-preview:-1"},"canonical":"https:\/\/www.sts-education.com\/fi\/vaihto-oppilas\/faktaa-ja-hintatietoja\/kaikki-tama-sisaltyy-hintaan\/","og_locale":"fi_FI","og_type":"article","og_title":"Kaikki Tama Sisaltyy Hintaan","og_description":"Kaikki t\u00e4m\u00e4 sis\u00e4ltyy STS:n vaihto-ohjelmaan. Haastattelu, Welcome Camp, matkat, koulu, asuminen, todistus ja paljon muuta.","og_url":"https:\/\/www.sts-education.com\/fi\/vaihto-oppilas\/faktaa-ja-hintatietoja\/kaikki-tama-sisaltyy-hintaan\/","og_site_name":"STS Education","article_modified_time":"2026-04-14T09:48:55+00:00","og_image":[{"url":"https:\/\/cdn.sts-education.com\/12639_hero_lg_xl.jpg","type":"","width":"","height":""}],"twitter_card":"summary_large_image","twitter_misc":{"Arvioitu lukuaika":"1 minuutti"},"schema":{"@context":"https:\/\/schema.org","@graph":[{"@type":"WebPage","@id":"https:\/\/www.sts-education.com\/fi\/vaihto-oppilas\/faktaa-ja-hintatietoja\/kaikki-tama-sisaltyy-hintaan\/","url":"https:\/\/www.sts-education.com\/fi\/vaihto-oppilas\/faktaa-ja-hintatietoja\/kaikki-tama-sisaltyy-hintaan\/","name":"Mit\u00e4 vaihto-oppilasvuoden hintaan sis\u00e4ltyy","isPartOf":{"@id":"https:\/\/www.sts-education.com\/fi\/#website"},"primaryImageOfPage":{"@id":"https:\/\/www.sts-education.com\/fi\/vaihto-oppilas\/faktaa-ja-hintatietoja\/kaikki-tama-sisaltyy-hintaan\/#primaryimage"},"image":{"@id":"https:\/\/www.sts-education.com\/fi\/vaihto-oppilas\/faktaa-ja-hintatietoja\/kaikki-tama-sisaltyy-hintaan\/#primaryimage"},"thumbnailUrl":"https:\/\/cdn.sts-education.com\/12639_hero_lg_xl.jpg","datePublished":"2025-12-16T10:18:24+00:00","dateModified":"2026-04-14T09:48:55+00:00","description":"Kaikki t\u00e4m\u00e4 sis\u00e4ltyy STS:n vaihto-ohjelmaan. Haastattelu, Welcome Camp, matkat, koulu, asuminen, todistus ja paljon muuta.","breadcrumb":{"@id":"https:\/\/www.sts-education.com\/fi\/vaihto-oppilas\/faktaa-ja-hintatietoja\/kaikki-tama-sisaltyy-hintaan\/#breadcrumb"},"inLanguage":"fi","potentialAction":[{"@type":"ReadAction","target":["https:\/\/www.sts-education.com\/fi\/vaihto-oppilas\/faktaa-ja-hintatietoja\/kaikki-tama-sisaltyy-hintaan\/"]}]},{"@type":"ImageObject","inLanguage":"fi","@id":"https:\/\/www.sts-education.com\/fi\/vaihto-oppilas\/faktaa-ja-hintatietoja\/kaikki-tama-sisaltyy-hintaan\/#primaryimage","url":"https:\/\/cdn.sts-education.com\/12639_hero_lg_xl.jpg","contentUrl":"https:\/\/cdn.sts-education.com\/12639_hero_lg_xl.jpg"},{"@type":"BreadcrumbList","@id":"https:\/\/www.sts-education.com\/fi\/vaihto-oppilas\/faktaa-ja-hintatietoja\/kaikki-tama-sisaltyy-hintaan\/#breadcrumb","itemListElement":[{"@type":"ListItem","position":1,"name":"Home","item":"https:\/\/www.sts-education.com\/fi\/"},{"@type":"ListItem","position":2,"name":"Vaihto-oppilas","item":"https:\/\/www.sts-education.com\/fi\/vaihto-oppilas\/"},{"@type":"ListItem","position":3,"name":"Faktaa Ja Hintatietoja","item":"https:\/\/www.sts-education.com\/fi\/vaihto-oppilas\/faktaa-ja-hintatietoja\/"},{"@type":"ListItem","position":4,"name":"Kaikki Tama Sisaltyy Hintaan"}]},{"@type":"WebSite","@id":"https:\/\/www.sts-education.com\/fi\/#website","url":"https:\/\/www.sts-education.com\/fi\/","name":"STS Education","description":"","potentialAction":[{"@type":"SearchAction","target":{"@type":"EntryPoint","urlTemplate":"https:\/\/www.sts-education.com\/fi\/?s={search_term_string}"},"query-input":{"@type":"PropertyValueSpecification","valueRequired":true,"valueName":"search_term_string"}}],"inLanguage":"fi"}]}},"_links":{"self":[{"href":"https:\/\/www.sts-education.com\/fi\/wp-json\/wp\/v2\/pages\/10496","targetHints":{"allow":["GET"]}}],"collection":[{"href":"https:\/\/www.sts-education.com\/fi\/wp-json\/wp\/v2\/pages"}],"about":[{"href":"https:\/\/www.sts-education.com\/fi\/wp-json\/wp\/v2\/types\/page"}],"author":[{"embeddable":true,"href":"https:\/\/www.sts-education.com\/fi\/wp-json\/wp\/v2\/users\/20"}],"replies":[{"embeddable":true,"href":"https:\/\/www.sts-education.com\/fi\/wp-json\/wp\/v2\/comments?post=10496"}],"version-history":[{"count":4,"href":"https:\/\/www.sts-education.com\/fi\/wp-json\/wp\/v2\/pages\/10496\/revisions"}],"predecessor-version":[{"id":33121,"href":"https:\/\/www.sts-education.com\/fi\/wp-json\/wp\/v2\/pages\/10496\/revisions\/33121"}],"up":[{"embeddable":true,"href":"https:\/\/www.sts-education.com\/fi\/wp-json\/wp\/v2\/pages\/10470"}],"wp:attachment":[{"href":"https:\/\/www.sts-education.com\/fi\/wp-json\/wp\/v2\/media?parent=10496"}],"wp:term":[{"taxonomy":"wpw_page_folders","embeddable":true,"href":"https:\/\/www.sts-education.com\/fi\/wp-json\/wp\/v2\/wpw_page_folders?post=10496"}],"curies":[{"name":"wp","href":"https:\/\/api.w.org\/{rel}","templated":true}]}}