{"id":10497,"date":"2025-12-16T10:18:50","date_gmt":"2025-12-16T10:18:50","guid":{"rendered":"https:\/\/preprod.sts-education.com\/vaihto-oppilas\/faktaa-ja-hintatietoja\/lisapalvelut\/"},"modified":"2026-04-14T09:48:54","modified_gmt":"2026-04-14T09:48:54","slug":"lisapalvelut","status":"publish","type":"page","link":"https:\/\/www.sts-education.com\/fi\/vaihto-oppilas\/faktaa-ja-hintatietoja\/lisapalvelut\/","title":{"rendered":"Lisapalvelut"},"content":{"rendered":"\n<section class=\"wp-block-sts-hero sts-block-hero is-variant-full-background has-text-light has-background-media\" style=\"--sts-hero-padding-mobile:0px;--sts-hero-padding-desktop:0px;--sts-hero-text-color:var(--wp--preset--color--base-10, #fff);\" data-variant=\"full-background\"><div class=\"sts-block-hero__background\"><picture class=\"sts-responsive-image has-fit-cover is-skeleton\"><img src=\"https:\/\/cdn.sts-education.com\/12838_hero_lg_xl.jpg\" alt=\"Lis\u00e4palvelut\" loading=\"lazy\" decoding=\"async\" fetchpriority=\"low\" sizes=\"100vw\" \/><\/picture><span class=\"sts-block-hero__overlay\" aria-hidden=\"true\"><\/span><\/div><div class=\"sts-block-hero__inner\"><div class=\"sts-block-hero__content has-align-center\"><div class=\"sts-block-hero__content-inner\"><h1 class=\"sts-block-hero__heading\">Lis\u00e4palvelut<\/h1><\/div><\/div><\/div><\/section>\n\n\n\n<div class=\"wp-block-sts-text sts-text-editor has-max-width-md\"><div class=\"sts-text-editor__content\"><div class=\"sts-text-editor__content-inner\">\n<p>Vaihto-oppilasvuoden voi j\u00e4rjest\u00e4\u00e4 monella eri tavalla. Jos sinulla on erityistoiveita tai haluat valita lis\u00e4palveluja, voit aina ottaa meihin yhteytt\u00e4. 65 vuoden kokemuksemme koulutusalasta tarkoittaa, ett\u00e4 meill\u00e4 vastaukset ja ratkaisut melkein mihin vain.<\/p>\n\n<h2>Valitse alue<\/h2>\n\n<p>Onko sinulla mieless\u00e4si selke\u00e4 kuva siit\u00e4, minne p\u00e4in maata haluaisit l\u00e4hte\u00e4 vaihto-oppilaaksi? Osassa kohdemaitamme voit esitt\u00e4\u00e4 toiveen osavaltiosta, alueesta tai kaupungista. Paikkatoiveen esitt\u00e4mismahdollisuus riippuu kohdemaasta ja paikkojen m\u00e4\u00e4r\u00e4st\u00e4, sill\u00e4 prosessi koulupaikan ja sopivan is\u00e4nt\u00e4perheen l\u00f6yt\u00e4miseksi on silloin t\u00e4ysin erilainen.<\/p>\n\n<p>Jos sinulla on osavaltiota, aluetta tai kaupunkia koskeva toive, esit\u00e4 se hakemuksessasi. Teemme parhaamme, jotta toiveesi toteutuisi. Jos pystymme toteuttamaan toiveesi, perimme palvelusta lis\u00e4maksun. <a href=\"\/fi\/vaihto-oppilas\/tripfinder\/?q=\">Lue lis\u00e4\u00e4 kunkin kohdemaan kohdalta<\/a>.<\/p>\n\n<h2>Mahdollisuus koulun valintaan<\/h2>\n\n<p>Joskus vaihto-oppilaalle voi olla t\u00e4rke\u00e4\u00e4 saada opiskella tietty\u00e4 ainetta tai harrastaa tietty\u00e4 urheilulajia tietyss\u00e4 kaupungissa. T\u00e4t\u00e4 varten tarjoamme STS High School Select -ohjelman. Kyseess\u00e4 on erityyppinen tuote, jonka ohjelmamaksu on huomattavasti korkeampi, koska ohjelma r\u00e4\u00e4t\u00e4l\u00f6id\u00e4\u00e4n sinua varten ja saat k\u00e4yd\u00e4 yksityiskoulua, jonka maksut ovat eri luokkaa. Jos t\u00e4m\u00e4 vaihtoehto kiinnostaa, lue lis\u00e4\u00e4 <a href=\"https:\/\/www.sts-education.com\/fi\/vaihto-oppilas\/ennen-vaihto-oppilasvuotta\/valitse-tapasi-opiskella\/\">High School Select -ohjelmista t\u00e4\u00e4lt\u00e4<\/a>.<\/p>\n\n<h2>Erilliset matkat vaihtovuoden aikan<\/h2>\n\n<p>Kaikissa kohteissamme j\u00e4rjestet\u00e4\u00e4n vaihto-oppilaille erillisi\u00e4 matkoja. Tarjonta m\u00e4\u00e4ritell\u00e4\u00e4n saavuttuasi vaihtokohteeseen, ja matkat ovat erinomainen tilaisuus tutustua uuden kotimaasi paikkoihin ja kaupunkeihin. Samalla tapaat muita vaihto-oppilaita, jotka ovat vastaavassa tilanteessa kuin sin\u00e4kin. Erillisille matkoille ilmoittautuminen ja matkojen maksaminen tapahtuu kohdemaassa.<\/p>\n<\/div><\/div><\/div>\n","protected":false},"excerpt":{"rendered":"","protected":false},"author":20,"featured_media":0,"parent":10470,"menu_order":0,"comment_status":"closed","ping_status":"closed","template":"templates\/template-default-with-breadcrumbs.php","meta":{"_acf_changed":false,"sts_page_background_color":"","footnotes":""},"wpw_page_folders":[86],"class_list":["post-10497","page","type-page","status-publish","hentry"],"acf":[],"yoast_head":"<!-- This site is optimized with the Yoast SEO Premium plugin v27.2 (Yoast SEO v27.3) - https:\/\/yoast.com\/product\/yoast-seo-premium-wordpress\/ -->\n<title>Vaihtoasi koskevat erityistoiveet ja vaihtoehdot | STS<\/title>\n<meta name=\"description\" content=\"Vaihtovuoden sis\u00e4lt\u00f6\u00e4 voi muokata. Jos sinulla on erityistoiveita, otathan meihin yhteytt\u00e4.\" \/>\n<meta name=\"robots\" content=\"index, follow, max-snippet:-1, max-image-preview:large, max-video-preview:-1\" \/>\n<link rel=\"canonical\" href=\"https:\/\/www.sts-education.com\/fi\/vaihto-oppilas\/faktaa-ja-hintatietoja\/lisapalvelut\/\" \/>\n<meta property=\"og:locale\" content=\"fi_FI\" \/>\n<meta property=\"og:type\" content=\"article\" \/>\n<meta property=\"og:title\" content=\"Lisapalvelut\" \/>\n<meta property=\"og:description\" content=\"Vaihtovuoden sis\u00e4lt\u00f6\u00e4 voi muokata. Jos sinulla on erityistoiveita, otathan meihin yhteytt\u00e4.\" \/>\n<meta property=\"og:url\" content=\"https:\/\/www.sts-education.com\/fi\/vaihto-oppilas\/faktaa-ja-hintatietoja\/lisapalvelut\/\" \/>\n<meta property=\"og:site_name\" content=\"STS Education\" \/>\n<meta property=\"article:modified_time\" content=\"2026-04-14T09:48:54+00:00\" \/>\n<meta property=\"og:image\" content=\"https:\/\/cdn.sts-education.com\/12838_hero_lg_xl.jpg\" \/>\n<meta name=\"twitter:card\" content=\"summary_large_image\" \/>\n<meta name=\"twitter:label1\" content=\"Arvioitu lukuaika\" \/>\n\t<meta name=\"twitter:data1\" content=\"1 minuutti\" \/>\n<script type=\"application\/ld+json\" class=\"yoast-schema-graph\">{\"@context\":\"https:\\\/\\\/schema.org\",\"@graph\":[{\"@type\":\"WebPage\",\"@id\":\"https:\\\/\\\/www.sts-education.com\\\/fi\\\/vaihto-oppilas\\\/faktaa-ja-hintatietoja\\\/lisapalvelut\\\/\",\"url\":\"https:\\\/\\\/www.sts-education.com\\\/fi\\\/vaihto-oppilas\\\/faktaa-ja-hintatietoja\\\/lisapalvelut\\\/\",\"name\":\"Vaihtoasi koskevat erityistoiveet ja vaihtoehdot | STS\",\"isPartOf\":{\"@id\":\"https:\\\/\\\/www.sts-education.com\\\/fi\\\/#website\"},\"primaryImageOfPage\":{\"@id\":\"https:\\\/\\\/www.sts-education.com\\\/fi\\\/vaihto-oppilas\\\/faktaa-ja-hintatietoja\\\/lisapalvelut\\\/#primaryimage\"},\"image\":{\"@id\":\"https:\\\/\\\/www.sts-education.com\\\/fi\\\/vaihto-oppilas\\\/faktaa-ja-hintatietoja\\\/lisapalvelut\\\/#primaryimage\"},\"thumbnailUrl\":\"https:\\\/\\\/cdn.sts-education.com\\\/12838_hero_lg_xl.jpg\",\"datePublished\":\"2025-12-16T10:18:50+00:00\",\"dateModified\":\"2026-04-14T09:48:54+00:00\",\"description\":\"Vaihtovuoden sis\u00e4lt\u00f6\u00e4 voi muokata. Jos sinulla on erityistoiveita, otathan meihin yhteytt\u00e4.\",\"breadcrumb\":{\"@id\":\"https:\\\/\\\/www.sts-education.com\\\/fi\\\/vaihto-oppilas\\\/faktaa-ja-hintatietoja\\\/lisapalvelut\\\/#breadcrumb\"},\"inLanguage\":\"fi\",\"potentialAction\":[{\"@type\":\"ReadAction\",\"target\":[\"https:\\\/\\\/www.sts-education.com\\\/fi\\\/vaihto-oppilas\\\/faktaa-ja-hintatietoja\\\/lisapalvelut\\\/\"]}]},{\"@type\":\"ImageObject\",\"inLanguage\":\"fi\",\"@id\":\"https:\\\/\\\/www.sts-education.com\\\/fi\\\/vaihto-oppilas\\\/faktaa-ja-hintatietoja\\\/lisapalvelut\\\/#primaryimage\",\"url\":\"https:\\\/\\\/cdn.sts-education.com\\\/12838_hero_lg_xl.jpg\",\"contentUrl\":\"https:\\\/\\\/cdn.sts-education.com\\\/12838_hero_lg_xl.jpg\"},{\"@type\":\"BreadcrumbList\",\"@id\":\"https:\\\/\\\/www.sts-education.com\\\/fi\\\/vaihto-oppilas\\\/faktaa-ja-hintatietoja\\\/lisapalvelut\\\/#breadcrumb\",\"itemListElement\":[{\"@type\":\"ListItem\",\"position\":1,\"name\":\"Home\",\"item\":\"https:\\\/\\\/www.sts-education.com\\\/fi\\\/\"},{\"@type\":\"ListItem\",\"position\":2,\"name\":\"Vaihto-oppilas\",\"item\":\"https:\\\/\\\/www.sts-education.com\\\/fi\\\/vaihto-oppilas\\\/\"},{\"@type\":\"ListItem\",\"position\":3,\"name\":\"Faktaa Ja Hintatietoja\",\"item\":\"https:\\\/\\\/www.sts-education.com\\\/fi\\\/vaihto-oppilas\\\/faktaa-ja-hintatietoja\\\/\"},{\"@type\":\"ListItem\",\"position\":4,\"name\":\"Lisapalvelut\"}]},{\"@type\":\"WebSite\",\"@id\":\"https:\\\/\\\/www.sts-education.com\\\/fi\\\/#website\",\"url\":\"https:\\\/\\\/www.sts-education.com\\\/fi\\\/\",\"name\":\"STS Education\",\"description\":\"\",\"potentialAction\":[{\"@type\":\"SearchAction\",\"target\":{\"@type\":\"EntryPoint\",\"urlTemplate\":\"https:\\\/\\\/www.sts-education.com\\\/fi\\\/?s={search_term_string}\"},\"query-input\":{\"@type\":\"PropertyValueSpecification\",\"valueRequired\":true,\"valueName\":\"search_term_string\"}}],\"inLanguage\":\"fi\"}]}<\/script>\n<!-- \/ Yoast SEO Premium plugin. -->","yoast_head_json":{"title":"Vaihtoasi koskevat erityistoiveet ja vaihtoehdot | STS","description":"Vaihtovuoden sis\u00e4lt\u00f6\u00e4 voi muokata. Jos sinulla on erityistoiveita, otathan meihin yhteytt\u00e4.","robots":{"index":"index","follow":"follow","max-snippet":"max-snippet:-1","max-image-preview":"max-image-preview:large","max-video-preview":"max-video-preview:-1"},"canonical":"https:\/\/www.sts-education.com\/fi\/vaihto-oppilas\/faktaa-ja-hintatietoja\/lisapalvelut\/","og_locale":"fi_FI","og_type":"article","og_title":"Lisapalvelut","og_description":"Vaihtovuoden sis\u00e4lt\u00f6\u00e4 voi muokata. Jos sinulla on erityistoiveita, otathan meihin yhteytt\u00e4.","og_url":"https:\/\/www.sts-education.com\/fi\/vaihto-oppilas\/faktaa-ja-hintatietoja\/lisapalvelut\/","og_site_name":"STS Education","article_modified_time":"2026-04-14T09:48:54+00:00","og_image":[{"url":"https:\/\/cdn.sts-education.com\/12838_hero_lg_xl.jpg","type":"","width":"","height":""}],"twitter_card":"summary_large_image","twitter_misc":{"Arvioitu lukuaika":"1 minuutti"},"schema":{"@context":"https:\/\/schema.org","@graph":[{"@type":"WebPage","@id":"https:\/\/www.sts-education.com\/fi\/vaihto-oppilas\/faktaa-ja-hintatietoja\/lisapalvelut\/","url":"https:\/\/www.sts-education.com\/fi\/vaihto-oppilas\/faktaa-ja-hintatietoja\/lisapalvelut\/","name":"Vaihtoasi koskevat erityistoiveet ja vaihtoehdot | STS","isPartOf":{"@id":"https:\/\/www.sts-education.com\/fi\/#website"},"primaryImageOfPage":{"@id":"https:\/\/www.sts-education.com\/fi\/vaihto-oppilas\/faktaa-ja-hintatietoja\/lisapalvelut\/#primaryimage"},"image":{"@id":"https:\/\/www.sts-education.com\/fi\/vaihto-oppilas\/faktaa-ja-hintatietoja\/lisapalvelut\/#primaryimage"},"thumbnailUrl":"https:\/\/cdn.sts-education.com\/12838_hero_lg_xl.jpg","datePublished":"2025-12-16T10:18:50+00:00","dateModified":"2026-04-14T09:48:54+00:00","description":"Vaihtovuoden sis\u00e4lt\u00f6\u00e4 voi muokata. Jos sinulla on erityistoiveita, otathan meihin yhteytt\u00e4.","breadcrumb":{"@id":"https:\/\/www.sts-education.com\/fi\/vaihto-oppilas\/faktaa-ja-hintatietoja\/lisapalvelut\/#breadcrumb"},"inLanguage":"fi","potentialAction":[{"@type":"ReadAction","target":["https:\/\/www.sts-education.com\/fi\/vaihto-oppilas\/faktaa-ja-hintatietoja\/lisapalvelut\/"]}]},{"@type":"ImageObject","inLanguage":"fi","@id":"https:\/\/www.sts-education.com\/fi\/vaihto-oppilas\/faktaa-ja-hintatietoja\/lisapalvelut\/#primaryimage","url":"https:\/\/cdn.sts-education.com\/12838_hero_lg_xl.jpg","contentUrl":"https:\/\/cdn.sts-education.com\/12838_hero_lg_xl.jpg"},{"@type":"BreadcrumbList","@id":"https:\/\/www.sts-education.com\/fi\/vaihto-oppilas\/faktaa-ja-hintatietoja\/lisapalvelut\/#breadcrumb","itemListElement":[{"@type":"ListItem","position":1,"name":"Home","item":"https:\/\/www.sts-education.com\/fi\/"},{"@type":"ListItem","position":2,"name":"Vaihto-oppilas","item":"https:\/\/www.sts-education.com\/fi\/vaihto-oppilas\/"},{"@type":"ListItem","position":3,"name":"Faktaa Ja Hintatietoja","item":"https:\/\/www.sts-education.com\/fi\/vaihto-oppilas\/faktaa-ja-hintatietoja\/"},{"@type":"ListItem","position":4,"name":"Lisapalvelut"}]},{"@type":"WebSite","@id":"https:\/\/www.sts-education.com\/fi\/#website","url":"https:\/\/www.sts-education.com\/fi\/","name":"STS Education","description":"","potentialAction":[{"@type":"SearchAction","target":{"@type":"EntryPoint","urlTemplate":"https:\/\/www.sts-education.com\/fi\/?s={search_term_string}"},"query-input":{"@type":"PropertyValueSpecification","valueRequired":true,"valueName":"search_term_string"}}],"inLanguage":"fi"}]}},"_links":{"self":[{"href":"https:\/\/www.sts-education.com\/fi\/wp-json\/wp\/v2\/pages\/10497","targetHints":{"allow":["GET"]}}],"collection":[{"href":"https:\/\/www.sts-education.com\/fi\/wp-json\/wp\/v2\/pages"}],"about":[{"href":"https:\/\/www.sts-education.com\/fi\/wp-json\/wp\/v2\/types\/page"}],"author":[{"embeddable":true,"href":"https:\/\/www.sts-education.com\/fi\/wp-json\/wp\/v2\/users\/20"}],"replies":[{"embeddable":true,"href":"https:\/\/www.sts-education.com\/fi\/wp-json\/wp\/v2\/comments?post=10497"}],"version-history":[{"count":4,"href":"https:\/\/www.sts-education.com\/fi\/wp-json\/wp\/v2\/pages\/10497\/revisions"}],"predecessor-version":[{"id":33120,"href":"https:\/\/www.sts-education.com\/fi\/wp-json\/wp\/v2\/pages\/10497\/revisions\/33120"}],"up":[{"embeddable":true,"href":"https:\/\/www.sts-education.com\/fi\/wp-json\/wp\/v2\/pages\/10470"}],"wp:attachment":[{"href":"https:\/\/www.sts-education.com\/fi\/wp-json\/wp\/v2\/media?parent=10497"}],"wp:term":[{"taxonomy":"wpw_page_folders","embeddable":true,"href":"https:\/\/www.sts-education.com\/fi\/wp-json\/wp\/v2\/wpw_page_folders?post=10497"}],"curies":[{"name":"wp","href":"https:\/\/api.w.org\/{rel}","templated":true}]}}